{"id":8364,"date":"2024-12-17T11:34:02","date_gmt":"2024-12-17T11:34:02","guid":{"rendered":"https:\/\/elfsight.com\/it\/?page_id=8364"},"modified":"2025-04-11T10:36:30","modified_gmt":"2025-04-11T10:36:30","slug":"webnode","status":"publish","type":"page","link":"https:\/\/elfsight.com\/it\/linkedin-feed-widget\/webnode\/","title":{"rendered":"LinkedIn Feed &#8211; Webnode"},"content":{"rendered":"\n<div class=\"application-platform-content-item-description application-platform-content-item\" id=\"description\" data-nav-section=\"description\">\n\n<h2>Come incorporare il Feed LinkedIn su Webnode gratuitamente!<\/h2> <p>Il widget LinkedIn Feed offre un&#8217;ottima opportunit\u00e0 per le aziende di presentare e pubblicizzare i loro contenuti LinkedIn sui siti Webnode: visualizzare post, immagini, video, ecc. L&#8217;installazione del widget richiede solo pochi secondi\u2014non \u00e8 necessaria alcuna conoscenza di codifica o programmazione.<\/p> <p>Crea un aspetto che rifletta l&#8217;estetica del tuo sito web e sperimenta combinando gli attributi del feed personalizzati, modelli, layout e stili di post. Usa una modalit\u00e0 popup come azione dopo il clic per catturare l&#8217;attenzione degli utenti. Infine, goditi una maggiore fiducia e un miglior tasso di coinvolgimento.<\/p> <ul> <li><strong>Amplia la tua rete con la pagina aziendale LinkedIn.<\/strong><br> Inizia nuove relazioni nel mondo degli affari e aumenta il numero di lead utilizzando i contenuti del tuo profilo LinkedIn.<\/li> <li><strong>Espandi la tua base di follower su LinkedIn.<\/strong><br> Attira l&#8217;attenzione sul tuo LinkedIn all&#8217;interno della comunit\u00e0 Webnode e genera un forte interesse per le tue offerte.<\/li> <li><strong>Aumenta l&#8217;affidabilit\u00e0 della tua attivit\u00e0.<\/strong> <br> Dai un ulteriore livello di credibilit\u00e0 e affidabilit\u00e0 al tuo brand condividendo le ultime attivit\u00e0 su LinkedIn direttamente sulla pagina del sito web.<\/li> <\/ul> <p><b>Aggiungi il LinkedIn Feed al sito Webnode per rafforzare la credibilit\u00e0, trasmettere genuinit\u00e0 ed espandere la rete, sfruttando una solida prova sociale.<\/b><\/p> <div class=\"faq\" data-component=\"FAQ\"> <div class=\"faq-item\">\r\n\t\t\t\t\t<div class=\"faq-item-question\">\r\n\t\t\t\t\t\t<h3 class=\"faq-item-question-text\">Esistono altri strumenti per Webnode che posso usare sul mio sito web?<\/h3>\r\n\r\n\t\t\t\t\t\t<div class=\"faq-item-question-icon\"><\/div>\r\n\t\t\t\t\t<\/div>\r\n\r\n\t\t\t\t\t<div class=\"faq-item-answer\">\r\n\t\t\t\t\t\t<div class=\"faq-item-answer-text\"> <p>S\u00ec, assolutamente! Come utente di Webnode, Elfsight ti offre una vasta selezione di strumenti senza codice, e il plugin LinkedIn Feed \u00e8 solo una delle opzioni. Non importa che tipo di attivit\u00e0 hai e quale nicchia occupi nel settore\u2014puoi sempre cercare opportunit\u00e0 per mostrare i tuoi punti di forza. Dai un&#8217;occhiata alle opzioni:<\/p> <ul> <li>Per creare altre app social media per il tuo sito Webnode, prendi in considerazione l&#8217;uso del <a href=\"https:\/\/elfsight.com\/it\/pinterest-feed-widget\/\">Pinterest Feed<\/a> o <a href=\"https:\/\/elfsight.com\/it\/instagram-feed-instashow\/\">Instagram Feed<\/a> insieme al LinkedIn Feed.<\/li> <li>Ottieni il plugin <a href=\"https:\/\/elfsight.com\/it\/all-in-one-reviews-widget\/\">All-in-One Reviews<\/a> o <a href=\"https:\/\/elfsight.com\/it\/google-reviews-widget\/\">Google Reviews<\/a> per mostrare il feedback prezioso dei tuoi clienti.<\/li> <li>Incorpora il <a href=\"https:\/\/elfsight.com\/it\/online-form-builder\/\">Form Builder<\/a> per semplificare la raccolta delle risposte e facilitare la comunicazione con gli utenti di Webnode.<\/li> <li>Aggiungi il <a href=\"https:\/\/elfsight.com\/it\/countdown-timer-widget\/\">Countdown Timer<\/a> per generare attesa e creare un senso di urgenza tra il pubblico.<\/li> <\/ul> <p>Questi esempi sono solo un assaggio di una lunga lista di aggiunte che possono coprire le necessit\u00e0 della tua attivit\u00e0. Inizia con LinkedIn Feed e approfondisci il nostro catalogo per trovare altre soluzioni di widget!<\/p>\n<\/div>\r\n\t\t\t\t\t<\/div>\r\n\t\t\t\t<\/div>\n\n<div class=\"faq-item\">\r\n\t\t\t\t\t<div class=\"faq-item-question\">\r\n\t\t\t\t\t\t<h3 class=\"faq-item-question-text\">Come posso incorporare gratuitamente il LinkedIn Feed su Webnode?<\/h3>\r\n\r\n\t\t\t\t\t\t<div class=\"faq-item-question-icon\"><\/div>\r\n\t\t\t\t\t<\/div>\r\n\r\n\t\t\t\t\t<div class=\"faq-item-answer\">\r\n\t\t\t\t\t\t<div class=\"faq-item-answer-text\">\n\n<p>Per integrare il LinkedIn Feed nel tuo sito Webnode gratuitamente, segui questi passaggi:<\/p> <ol> <li>Personalizza l&#8217;aspetto del widget LinkedIn Feed per adattarlo alla scelta di design del tuo sito web.<\/li> <li>Accedi al tuo pannello di amministrazione Elfsight o registrati per un profilo gratuito.<\/li> <li>Ottieni il codice di incorporamento generato automaticamente.<\/li> <li>Vai al tuo sito Webnode.<\/li> <li>Inserisci il codice nell&#8217;editor del sito Webnode per aggiungere il widget Feed. Il gioco \u00e8 fatto!<\/li> <\/ol> <p>Come puoi vedere, non \u00e8 necessario avere esperienza nella scrittura di codice per incorporare il plugin. Crea facilmente un widget LinkedIn Feed per un sito Webnode e goditi tutti i vantaggi che accompagnano il processo di ampliamento della tua portata.<\/p> <\/div>\r\n\t\t\t\t\t<\/div>\r\n\t\t\t\t<\/div>\n<div class=\"faq-item\">\r\n\t\t\t\t\t<div class=\"faq-item-question\">\r\n\t\t\t\t\t\t<h3 class=\"faq-item-question-text\">Devo sapere come programmare o avere competenze di codifica per incorporare il LinkedIn Feed su Webnode?<\/h3>\r\n\r\n\t\t\t\t\t\t<div class=\"faq-item-question-icon\"><\/div>\r\n\t\t\t\t\t<\/div>\r\n\r\n\t\t\t\t\t<div class=\"faq-item-answer\">\r\n\t\t\t\t\t\t<div class=\"faq-item-answer-text\">\n\n<p>Assolutamente no. Non \u00e8 necessario alcun tipo di competenza pregressa in codifica. Puoi facilmente creare e aggiungere il LinkedIn Feed al tuo sito Webnode, indipendentemente dal tuo background o dalle tue conoscenze pregresse.<\/p> <\/div>\r\n\t\t\t\t\t<\/div>\r\n\t\t\t\t<\/div> <\/div>\n<\/div>\n\n<div class=\"application-platform-content-item-features application-platform-content-item\" id=\"features\" data-nav-section=\"features\">\n\n<h2>Offriamo funzionalit\u00e0 utili e facili da usare, ecco alcune di esse:<\/h2> <ul> <li>Mostra ogni tipo di contenuto: post del blog, foto, video, ecc.<\/li> <li>Filtra i post del feed per parole chiave, hashtag o URL.<\/li> <li>Pulsanti call-to-action per migliorare il tasso di coinvolgimento sul feed LinkedIn della tua azienda.<\/li> <li>Modalit\u00e0 popup accattivante per attirare l&#8217;attenzione sul tuo contenuto LinkedIn.<\/li> <li>Personalizzazione senza codice con impostazioni avanzate di design: modelli pronti all&#8217;uso, generatore di schemi di colori, layout multipli, stili di post, CSS personalizzati e altro.<\/li> <\/ul> <p><a href=\"#demo\">Puoi provare il valore del widget usando la demo<\/a><\/p> <\/div>\n<div class=\"application-platform-content-item-installation application-platform-content-item\" id=\"installation\" data-nav-section=\"installation\">\n\n<h2>Come posso incorporare il LinkedIn Feed nel mio sito Webnode?<\/h2> <p>Per aggiungere il LinkedIn Feed al tuo sito Webnode, segui questi passaggi:<\/p> <ol> <li><b>Usa il nostro configuratore gratuito e inizia a creare il tuo widget LinkedIn Feed personalizzato.<\/b><br> Scegli l&#8217;interfaccia e le funzionalit\u00e0 personalizzate del plugin e salva le modifiche.<\/li> <li><b>Copia il codice unico mostrato nella casella su Elfsight Apps.<\/b><br> Quando la creazione del tuo widget personale \u00e8 terminata, copia il codice personale dalla finestra che appare e salvalo per un uso futuro.<\/li> <li><b>Inizia a usare il widget sul tuo sito Webnode.<\/b><br> Inserisci il codice copiato nel sito e salva le modifiche.<\/li> <li><b>La configurazione \u00e8 completata con successo.<\/b><br> Vai sul tuo sito per vedere come funziona lo strumento.<\/li> <\/ol> <p>Nel caso in cui avessi domande o incontrassi delle difficolt\u00e0, non esitare a scrivere al nostro team di assistenza clienti. I nostri consulenti sono pronti a risolvere tutte le domande che potresti avere sul prodotto.<\/p> <\/div>\n","protected":false},"excerpt":{"rendered":"","protected":false},"author":9,"featured_media":0,"parent":3122,"menu_order":0,"comment_status":"closed","ping_status":"closed","template":"templates\/template-application-platform.php","meta":{"publish_to_discourse":"","publish_post_category":"","wpdc_auto_publish_overridden":"","wpdc_topic_tags":"","wpdc_pin_topic":"","wpdc_pin_until":"","discourse_post_id":"","discourse_permalink":"","wpdc_publishing_response":"","wpdc_publishing_error":"","footnotes":""},"class_list":["post-8364","page","type-page","status-publish","hentry"],"yoast_head":"<!-- This site is optimized with the Yoast SEO plugin v25.3.1 - https:\/\/yoast.com\/wordpress\/plugins\/seo\/ -->\n<title>Feed di LinkedIn - Aggiungi il widget Feed a Webnode [gratuitamente!]<\/title>\n<meta name=\"description\" content=\"Incorpora il widget Feed LinkedIn senza codifica sul tuo sito web Webnode. Costruisci il tuo plugin utilizzando una demo live e modelli predefiniti per avere una forte prova sociale.\" \/>\n<meta name=\"robots\" content=\"index, follow, max-snippet:-1, max-image-preview:large, max-video-preview:-1\" \/>\n<link rel=\"canonical\" href=\"https:\/\/elfsight.com\/it\/linkedin-feed-widget\/webnode\/\" \/>\n<meta property=\"og:locale\" content=\"it_IT\" \/>\n<meta property=\"og:type\" content=\"article\" \/>\n<meta property=\"og:title\" content=\"Feed di LinkedIn - Aggiungi il widget Feed a Webnode [gratuitamente!]\" \/>\n<meta property=\"og:description\" content=\"Incorpora il widget Feed LinkedIn senza codifica sul tuo sito web Webnode. Costruisci il tuo plugin utilizzando una demo live e modelli predefiniti per avere una forte prova sociale.\" \/>\n<meta property=\"og:url\" content=\"https:\/\/elfsight.com\/it\/linkedin-feed-widget\/webnode\/\" \/>\n<meta property=\"og:site_name\" content=\"Elfsight IT\" \/>\n<meta property=\"article:modified_time\" content=\"2025-04-11T10:36:30+00:00\" \/>\n<meta name=\"twitter:card\" content=\"summary_large_image\" \/>\n<meta name=\"twitter:label1\" content=\"Tempo di lettura stimato\" \/>\n\t<meta name=\"twitter:data1\" content=\"5 minuti\" \/>\n<!-- \/ Yoast SEO plugin. -->","yoast_head_json":{"title":"Feed di LinkedIn - Aggiungi il widget Feed a Webnode [gratuitamente!]","description":"Incorpora il widget Feed LinkedIn senza codifica sul tuo sito web Webnode. Costruisci il tuo plugin utilizzando una demo live e modelli predefiniti per avere una forte prova sociale.","robots":{"index":"index","follow":"follow","max-snippet":"max-snippet:-1","max-image-preview":"max-image-preview:large","max-video-preview":"max-video-preview:-1"},"canonical":"https:\/\/elfsight.com\/it\/linkedin-feed-widget\/webnode\/","og_locale":"it_IT","og_type":"article","og_title":"Feed di LinkedIn - Aggiungi il widget Feed a Webnode [gratuitamente!]","og_description":"Incorpora il widget Feed LinkedIn senza codifica sul tuo sito web Webnode. Costruisci il tuo plugin utilizzando una demo live e modelli predefiniti per avere una forte prova sociale.","og_url":"https:\/\/elfsight.com\/it\/linkedin-feed-widget\/webnode\/","og_site_name":"Elfsight IT","article_modified_time":"2025-04-11T10:36:30+00:00","twitter_card":"summary_large_image","twitter_misc":{"Tempo di lettura stimato":"5 minuti"},"schema":{"@context":"https:\/\/schema.org","@graph":[{"@type":"WebPage","@id":"https:\/\/elfsight.com\/it\/linkedin-feed-widget\/webnode\/","url":"https:\/\/elfsight.com\/it\/linkedin-feed-widget\/webnode\/","name":"Feed di LinkedIn - Aggiungi il widget Feed a Webnode [gratuitamente!]","isPartOf":{"@id":"https:\/\/elfsight.com\/it\/#website"},"datePublished":"2024-12-17T11:34:02+00:00","dateModified":"2025-04-11T10:36:30+00:00","description":"Incorpora il widget Feed LinkedIn senza codifica sul tuo sito web Webnode. Costruisci il tuo plugin utilizzando una demo live e modelli predefiniti per avere una forte prova sociale.","breadcrumb":{"@id":"https:\/\/elfsight.com\/it\/linkedin-feed-widget\/webnode\/#breadcrumb"},"inLanguage":"it-IT","potentialAction":[{"@type":"ReadAction","target":["https:\/\/elfsight.com\/it\/linkedin-feed-widget\/webnode\/"]}]},{"@type":"BreadcrumbList","@id":"https:\/\/elfsight.com\/it\/linkedin-feed-widget\/webnode\/#breadcrumb","itemListElement":[{"@type":"ListItem","position":1,"name":"Home","item":"https:\/\/elfsight.com\/it\/"},{"@type":"ListItem","position":2,"name":"LinkedIn Feed","item":"https:\/\/elfsight.com\/it\/linkedin-feed-widget\/"},{"@type":"ListItem","position":3,"name":"LinkedIn Feed &#8211; Webnode"}]},{"@type":"WebSite","@id":"https:\/\/elfsight.com\/it\/#website","url":"https:\/\/elfsight.com\/it\/","name":"Elfsight IT","description":"Just another Elfsight Sites site","potentialAction":[{"@type":"SearchAction","target":{"@type":"EntryPoint","urlTemplate":"https:\/\/elfsight.com\/it\/?s={search_term_string}"},"query-input":{"@type":"PropertyValueSpecification","valueRequired":true,"valueName":"search_term_string"}}],"inLanguage":"it-IT"}]}},"meta_box":{"industry":"","seo_heading":"","heading":"","description":"","cta_heading":"","cta_description":"","application":"3109","h1":"Come incorporare gratuitamente il feed LinkedIn su Webnode!","h1_caption":"Visualizza i post dal tuo profilo LinkedIn o dalla pagina aziendale sul tuo sito web, migliorando facilmente la tua presenza online professionale nel tuo sito web Webnode.","application_category":[],"applications_title":"","applications_request_title":"","applications_request_button_text":"","hero_text":"","hero_video":"","hero_video_schema_markup":"","selling_points_title":"","selling_points_caption":"","selling_points":[],"selling_points_cta_text":"","features_title":"","features":"","ed_cta_examples_text":"","ed_cta_examples_hidden":"","ed_cta_demo_text":"","ed_cta_demo_hidden":"","why_caption":"","why_editor_title":"","why_editor_text":"","why_team_title":"","why_team_text":"","why_service_title":"","why_service_text":"","template_catalog_visible":"0","template_catalog_title":"","template_catalog_text":"","template_catalog_categories_visible":"","demo_title":"Crea il tuo widget Feed LinkedIn","demo_caption":"Configura il tuo feed LinkedIn e aggiungilo gratuitamente al tuo sito Webnode!","default_faq_hidden":"","app_template_category":[],"platform":"47","template_public_id":"","codecanyon_url":"","codecanyon_item_id":"","codecanyon_price":"","pricing_caption":"","pricing_elfsight_apps_hide_column":"","pricing_elfsight_apps_url":"","pricing_codecanyon_price_caption":"","integration_category":[],"integration_request_title":"","integration_request_cta":"","integration_platform":"","integrations":[],"platform_category":[],"video_schema_markup":"","price":"da $ 0 al mese","trial":"","benefits":[{"text":"Assistenza gratuita per l'installazione"},{"text":"Assistenza clienti con esperienza"},{"text":"Garanzia di rimborso di 14 giorni"},{"text":"Aggiornamento costante"}],"button_url":"#demo","button_target_blank":"0","button_nofollow":"0","attributes":[{"name":"Installazioni"},{"name":"Reattivo","content":"S\u00cc"},{"name":"Browser compatibili","content":"Firefox, Safari, Opera, Chrome, Edge"}],"tags":[],"tags_disable_links":"0","hide_more_platforms":"0","video_object":"","demo_hide_cta":"0","demo_hide_cloud_options":"0","pricing_title":"","pricing":[{"pricing_icon":"platform","pricing_title":"Elfsight Apps","pricing_title_caption":"Software indipendente dalla piattaforma che funziona su qualsiasi sito web","pricing_price":"da $ 0 \/ mese","pricing_price_caption":"inizia con un piano gratuito","pricing_benefits":[{"text":"Siti web illimitati"},{"text":"Supporto rapido, puntuale e ben documentato"},{"text":"Servizio di installazione gratuito"},{"text":"Progettazione flessibile"}],"pricing_button_text":"Aggiungi al sito web","pricing_button_url":"#demo"}],"related_apps_title":"","related_apps_hidden":"0","author":"","image":[],"title":"","job":"","social_networks":[]},"_links":{"self":[{"href":"https:\/\/elfsight.com\/it\/wp-json\/wp\/v2\/pages\/8364","targetHints":{"allow":["GET"]}}],"collection":[{"href":"https:\/\/elfsight.com\/it\/wp-json\/wp\/v2\/pages"}],"about":[{"href":"https:\/\/elfsight.com\/it\/wp-json\/wp\/v2\/types\/page"}],"author":[{"embeddable":true,"href":"https:\/\/elfsight.com\/it\/wp-json\/wp\/v2\/users\/9"}],"replies":[{"embeddable":true,"href":"https:\/\/elfsight.com\/it\/wp-json\/wp\/v2\/comments?post=8364"}],"version-history":[{"count":3,"href":"https:\/\/elfsight.com\/it\/wp-json\/wp\/v2\/pages\/8364\/revisions"}],"predecessor-version":[{"id":8974,"href":"https:\/\/elfsight.com\/it\/wp-json\/wp\/v2\/pages\/8364\/revisions\/8974"}],"up":[{"embeddable":true,"href":"https:\/\/elfsight.com\/it\/wp-json\/wp\/v2\/pages\/3122"}],"wp:attachment":[{"href":"https:\/\/elfsight.com\/it\/wp-json\/wp\/v2\/media?parent=8364"}],"curies":[{"name":"wp","href":"https:\/\/api.w.org\/{rel}","templated":true}]}}