{"id":8251,"date":"2024-04-15T11:12:02","date_gmt":"2024-04-15T11:12:02","guid":{"rendered":"https:\/\/elfsight.com\/it\/?page_id=8251"},"modified":"2024-12-16T11:56:52","modified_gmt":"2024-12-16T11:56:52","slug":"iframe","status":"publish","type":"page","link":"https:\/\/elfsight.com\/it\/calculator-form-widget\/iframe\/","title":{"rendered":"Calculator &#8211; iFrame"},"content":{"rendered":"<div class=\"application-platform-content-item-description application-platform-content-item\" id=\"description\" data-nav-section=\"description\"> <h2>Incorpora la Calcolatrice in iFrame con un plugin Elfsight<\/h2> <p>Il widget Calcolatrice offre ai tuoi clienti l&#8217;opportunit\u00e0 di pianificare il budget, il viaggio percorsi, proporzioni di cottura e molto altro a seconda del settore di attivit\u00e0. \u00c8 possibile aggiungere vari campi e opzioni aggiuntive a questo widget sulla pagina, in modo che i visitatori possano analizzare i propri vantaggi senza spostarsi dalla pagina. La logica condizionale ti consente di creare modelli universali per ogni scenario e ogni utente.<\/p><p>Elementi gestibili come caselle di controllo, cursori e menu a discesa ti consentono di includere qualsiasi modello di prezzo per determinate offerte. Ad esempio, \u00e8 possibile calcolare i prestiti con un interesse dichiarato per il periodo di tempo desiderato. Puoi promuovere un noleggio auto con molte opzioni aggiuntive tra cui scegliere. Inoltre, il calcolatore pu\u00f2 progettare un viaggio da sogno in cui vengono calcolati il \u200b\u200btrasporto, la residenza e gli eventi migliori. <\/p><p><b>Consenti ai tuoi clienti di vivere un&#8217;esperienza di calcolo conveniente, aggiungendo il widget di conteggio orientato all&#8217;utente! <\/b><\/p><\/div> <div class=\"application-platform-content-item-features application-platform-content-item\" id=\"features\" data-nav-section=\"features\"> <h2>Queste sono solo alcune delle numerose funzionalit\u00e0 del widget:<\/h2> <ul><li>Strumento con interfaccia user-friendly che consente qualsiasi tipo di conteggio<\/li><li>Numerosi campi di calcolo disponibili per diversi obiettivi<\/li><li>Logica condizionale per gestire anche calcoli complicati<\/li><li>Avvio rapido modelli per un inizio semplice<\/li><li>Strumento sulla pagina che aumenta il processo decisionale<\/li><\/ul><p><a href=\"#demo\">Prova semplicemente questa demo per vedere cosa funziona il widget vale<\/a><\/p><\/div> <div class=\"application-platform-content-item-installation application-platform-content-item\" id=\"installation\" data-nav-section=\"installation\"> <h2>Come faccio a incorporare la Calcolatrice nella mia pagina web iFrame?<\/h2> <p>Basta eseguire il linee guida di seguito per incorporare lo strumento.<\/p> <ol><li><b>Utilizza la nostra demo gratuita e inizia a creare il tuo widget unico. <\/b><br> Determina il design e la funzionalit\u00e0 adatti del plugin e salva le modifiche. <\/li> <li><b>Ricevi il tuo codice individuale visualizzato nell&#8217;apposito modulo sulle app Elfsight. <\/b><br> Una volta terminata la configurazione del tuo plugin personale, copia il codice personale nel popup che appare e salvalo per ulteriori necessit\u00e0. <\/li> <li><b>Inizia a utilizzare il plug-in sulla home page di iFrame. <\/b><br> Incorpora il codice salvato di recente nel tuo sito web e salva le modifiche. <\/li> <li><b>Il gioco \u00e8 fatto! La configurazione \u00e8 stata completata con successo. <\/b><br> Visita il tuo sito per osservare il funzionamento dello strumento. <\/li><\/ol> <p>Se riscontri qualche complicazione, non esitare a contattare il nostro personale di supporto. Il nostro personale non vede l&#8217;ora di aiutarti con tutti i problemi che potresti avere con il prodotto. <\/p><\/div>","protected":false},"excerpt":{"rendered":"","protected":false},"author":23,"featured_media":0,"parent":7629,"menu_order":0,"comment_status":"closed","ping_status":"closed","template":"templates\/template-application-platform.php","meta":{"publish_to_discourse":"","publish_post_category":"","wpdc_auto_publish_overridden":"","wpdc_topic_tags":"","wpdc_pin_topic":"","wpdc_pin_until":"","discourse_post_id":"","discourse_permalink":"","wpdc_publishing_response":"","wpdc_publishing_error":"","footnotes":""},"class_list":["post-8251","page","type-page","status-publish","hentry"],"yoast_head":"<!-- This site is optimized with the Yoast SEO plugin v25.3.1 - https:\/\/yoast.com\/wordpress\/plugins\/seo\/ -->\n<title>Aggiungi calcolatrice a iFrame: fornisci la soluzione di calcolo sul posto<\/title>\n<meta name=\"description\" content=\"Semplifica anche i conteggi dettagliati con la calcolatrice interattiva. Prova una semplice demo di Elfsight per creare il potente widget.\" \/>\n<meta name=\"robots\" content=\"index, follow, max-snippet:-1, max-image-preview:large, max-video-preview:-1\" \/>\n<link rel=\"canonical\" href=\"https:\/\/elfsight.com\/it\/calculator-form-widget\/iframe\/\" \/>\n<meta property=\"og:locale\" content=\"it_IT\" \/>\n<meta property=\"og:type\" content=\"article\" \/>\n<meta property=\"og:title\" content=\"Aggiungi calcolatrice a iFrame: fornisci la soluzione di calcolo sul posto\" \/>\n<meta property=\"og:description\" content=\"Semplifica anche i conteggi dettagliati con la calcolatrice interattiva. Prova una semplice demo di Elfsight per creare il potente widget.\" \/>\n<meta property=\"og:url\" content=\"https:\/\/elfsight.com\/it\/calculator-form-widget\/iframe\/\" \/>\n<meta property=\"og:site_name\" content=\"Elfsight IT\" \/>\n<meta property=\"article:modified_time\" content=\"2024-12-16T11:56:52+00:00\" \/>\n<meta name=\"twitter:card\" content=\"summary_large_image\" \/>\n<meta name=\"twitter:label1\" content=\"Tempo di lettura stimato\" \/>\n\t<meta name=\"twitter:data1\" content=\"2 minuti\" \/>\n<!-- \/ Yoast SEO plugin. -->","yoast_head_json":{"title":"Aggiungi calcolatrice a iFrame: fornisci la soluzione di calcolo sul posto","description":"Semplifica anche i conteggi dettagliati con la calcolatrice interattiva. Prova una semplice demo di Elfsight per creare il potente widget.","robots":{"index":"index","follow":"follow","max-snippet":"max-snippet:-1","max-image-preview":"max-image-preview:large","max-video-preview":"max-video-preview:-1"},"canonical":"https:\/\/elfsight.com\/it\/calculator-form-widget\/iframe\/","og_locale":"it_IT","og_type":"article","og_title":"Aggiungi calcolatrice a iFrame: fornisci la soluzione di calcolo sul posto","og_description":"Semplifica anche i conteggi dettagliati con la calcolatrice interattiva. Prova una semplice demo di Elfsight per creare il potente widget.","og_url":"https:\/\/elfsight.com\/it\/calculator-form-widget\/iframe\/","og_site_name":"Elfsight IT","article_modified_time":"2024-12-16T11:56:52+00:00","twitter_card":"summary_large_image","twitter_misc":{"Tempo di lettura stimato":"2 minuti"},"schema":{"@context":"https:\/\/schema.org","@graph":[{"@type":"WebPage","@id":"https:\/\/elfsight.com\/it\/calculator-form-widget\/iframe\/","url":"https:\/\/elfsight.com\/it\/calculator-form-widget\/iframe\/","name":"Aggiungi calcolatrice a iFrame: fornisci la soluzione di calcolo sul posto","isPartOf":{"@id":"https:\/\/elfsight.com\/it\/#website"},"datePublished":"2024-04-15T11:12:02+00:00","dateModified":"2024-12-16T11:56:52+00:00","description":"Semplifica anche i conteggi dettagliati con la calcolatrice interattiva. Prova una semplice demo di Elfsight per creare il potente widget.","breadcrumb":{"@id":"https:\/\/elfsight.com\/it\/calculator-form-widget\/iframe\/#breadcrumb"},"inLanguage":"it-IT","potentialAction":[{"@type":"ReadAction","target":["https:\/\/elfsight.com\/it\/calculator-form-widget\/iframe\/"]}]},{"@type":"BreadcrumbList","@id":"https:\/\/elfsight.com\/it\/calculator-form-widget\/iframe\/#breadcrumb","itemListElement":[{"@type":"ListItem","position":1,"name":"Home","item":"https:\/\/elfsight.com\/it\/"},{"@type":"ListItem","position":2,"name":"Calculator","item":"https:\/\/elfsight.com\/it\/calculator-form-widget\/"},{"@type":"ListItem","position":3,"name":"Calculator &#8211; iFrame"}]},{"@type":"WebSite","@id":"https:\/\/elfsight.com\/it\/#website","url":"https:\/\/elfsight.com\/it\/","name":"Elfsight IT","description":"Just another Elfsight Sites site","potentialAction":[{"@type":"SearchAction","target":{"@type":"EntryPoint","urlTemplate":"https:\/\/elfsight.com\/it\/?s={search_term_string}"},"query-input":{"@type":"PropertyValueSpecification","valueRequired":true,"valueName":"search_term_string"}}],"inLanguage":"it-IT"}]}},"meta_box":{"industry":"","seo_heading":"","heading":"","description":"","cta_heading":"","cta_description":"","application":"7621","h1":"Widget Calcolatrice iFrame","h1_caption":"Fornisci un calcolatore personalizzato per i tuoi visitatori, offrendo soluzioni rapide per cose come prezzi, sconti o calcoli del ROI nei tuoi siti Google senza sforzo.","application_category":[],"applications_title":"","applications_request_title":"","applications_request_button_text":"","hero_text":"","hero_video":"","hero_video_schema_markup":"","selling_points_title":"","selling_points_caption":"","selling_points":[],"selling_points_cta_text":"","features_title":"","features":"","ed_cta_examples_text":"","ed_cta_examples_hidden":"","ed_cta_demo_text":"","ed_cta_demo_hidden":"","why_caption":"","why_editor_title":"","why_editor_text":"","why_team_title":"","why_team_text":"","why_service_title":"","why_service_text":"","template_catalog_visible":"","template_catalog_title":"","template_catalog_text":"","template_catalog_categories_visible":"","demo_title":"Crea il tuo widget Calcolatrice","demo_caption":"Configura la tua calcolatrice e aggiungila gratuitamente al tuo sito iFrame!","default_faq_hidden":"","app_template_category":[],"platform":"54","template_public_id":"","codecanyon_url":"","codecanyon_item_id":"","codecanyon_price":"","pricing_caption":"","pricing_elfsight_apps_hide_column":"","pricing_elfsight_apps_url":"","pricing_codecanyon_price_caption":"","integration_category":[],"integration_request_title":"","integration_request_cta":"","integration_platform":"","integrations":[],"platform_category":[],"video_schema_markup":"","price":"da $ 0 al mese","trial":"","benefits":[{"text":"Servizio di installazione gratuito"},{"text":"Supporto premium"},{"text":"Premio del supporto"},{"text":"Sviluppo continuo"}],"button_url":"#demo","button_target_blank":"","button_nofollow":"","attributes":[{"name":"Installare"},{"name":"Reattivo"},{"name":"Browser compatibili"}],"tags":[],"tags_disable_links":"","hide_more_platforms":"","video_object":"","demo_hide_cta":"","demo_hide_cloud_options":"","pricing_title":"","pricing":[{"pricing_icon":"platform","pricing_title":"Elfsight Apps","pricing_title_caption":"App Elfsight","pricing_price":"da $ 0 al mese","pricing_price_caption":"inizia con un piano gratuito","pricing_benefits":[{"text":"Domini illimitati"},{"text":"Supporto aziendale dedicato e ben documentato"},{"text":"Aiuto gratuito per l'installazione"},{"text":"100% customizable"}],"pricing_button_text":"Aggiungi al sito web","pricing_button_url":"#demo"}],"related_apps_title":"","related_apps_hidden":"","author":"","image":[],"title":"","job":"","social_networks":[]},"_links":{"self":[{"href":"https:\/\/elfsight.com\/it\/wp-json\/wp\/v2\/pages\/8251","targetHints":{"allow":["GET"]}}],"collection":[{"href":"https:\/\/elfsight.com\/it\/wp-json\/wp\/v2\/pages"}],"about":[{"href":"https:\/\/elfsight.com\/it\/wp-json\/wp\/v2\/types\/page"}],"author":[{"embeddable":true,"href":"https:\/\/elfsight.com\/it\/wp-json\/wp\/v2\/users\/23"}],"replies":[{"embeddable":true,"href":"https:\/\/elfsight.com\/it\/wp-json\/wp\/v2\/comments?post=8251"}],"version-history":[{"count":1,"href":"https:\/\/elfsight.com\/it\/wp-json\/wp\/v2\/pages\/8251\/revisions"}],"predecessor-version":[{"id":8255,"href":"https:\/\/elfsight.com\/it\/wp-json\/wp\/v2\/pages\/8251\/revisions\/8255"}],"up":[{"embeddable":true,"href":"https:\/\/elfsight.com\/it\/wp-json\/wp\/v2\/pages\/7629"}],"wp:attachment":[{"href":"https:\/\/elfsight.com\/it\/wp-json\/wp\/v2\/media?parent=8251"}],"curies":[{"name":"wp","href":"https:\/\/api.w.org\/{rel}","templated":true}]}}