{"id":8227,"date":"2024-04-15T12:25:51","date_gmt":"2024-04-15T12:25:51","guid":{"rendered":"https:\/\/elfsight.com\/it\/?page_id=8227"},"modified":"2024-12-16T11:56:26","modified_gmt":"2024-12-16T11:56:26","slug":"jquery","status":"publish","type":"page","link":"https:\/\/elfsight.com\/it\/calculator-form-widget\/jquery\/","title":{"rendered":"Calculator &#8211; jQuery"},"content":{"rendered":"<div class=\"application-platform-content-item-description application-platform-content-item\" id=\"description\" data-nav-section=\"description\"> <h2>Incorpora la Calcolatrice in jQuery con un plugin Elfsight<\/h2> <p>Il widget Calcolatrice offre agli utenti del tuo sito web l&#8217;opportunit\u00e0 di pianificare le proprie spese , itinerari di viaggio, proporzioni di cottura e molto altro a seconda del settore di attivit\u00e0. \u00c8 possibile aggiungere vari campi e opzioni extra a questo widget incorporato, in modo che gli utenti possano verificarne i vantaggi senza spostarsi dalla pagina. La funzionalit\u00e0 della logica condizionale ti aiuta a creare modelli universali per ogni scenario e ogni utente.<\/p><p>Elementi variabili come caselle di controllo, cursori ed elenchi a discesa ti consentono di includere qualsiasi modello di prezzo per determinate offerte. Ad esempio, puoi calcolare i prestiti a una percentuale stabilita per un periodo di tempo richiesto. Puoi fornire un&#8217;auto a noleggio con molti prodotti aggiuntivi tra cui scegliere. Inoltre, il calcolatore \u00e8 in grado di pianificare il viaggio dei propri sogni quando vengono calcolati il \u200b\u200btrasporto, l&#8217;alloggio e gli eventi principali. <\/p><p><b>Stupidisci i visitatori del tuo sito web con una solida esperienza di calcolo, incorporando il potente widget di conteggio! <\/b><\/p><\/div> <div class=\"application-platform-content-item-features application-platform-content-item\" id=\"features\" data-nav-section=\"features\"> <h2>Di seguito trovi le caratteristiche essenziali del widget:<\/h2> <ul><li>Strumento con interfaccia chiara che esegue qualsiasi operazione<\/li><li>Molte soluzioni sul campo operativo per i tuoi obiettivi<\/li><li>Logica condizionale che copre anche calcoli a pi\u00f9 passaggi<\/li><li>Modelli gestibili per un funzionamento fluido inizio<\/li><li>Soluzione on-page che migliora il processo decisionale<\/li><\/ul><p><a href=\"#demo\">Puoi vedere cosa offre il widget provando la demo<\/a><\/p><\/div> <div class=\"application-platform-content-item-installation application-platform-content-item\" id=\"installation\" data-nav-section=\"installation\"> <h2>Come incorporare la Calcolatrice nella mia pagina web jQuery?<\/h2> <p>Segui semplicemente un paio di passaggi indicati di seguito per iniziare a utilizzare il widget.<\/p> <ol><li><b>Apri il nostro editor gratuito e inizia a creare il tuo plugin unico. <\/b><br> Determina l&#8217;aspetto e le caratteristiche preferibili dello strumento e applica le modifiche. <\/li> <li><b>Ricevi il codice univoco che viene mostrato nella finestra su Elfsight Apps. <\/b><br> Una volta terminata la configurazione del tuo plugin personale, copia il codice individuale dalla finestra visualizzata e conservalo per un uso futuro. <\/li> <li><b>Inizia ad applicare il plugin sulla tua home page jQuery. <\/b><br> Implementa il codice che hai copiato di recente nella tua pagina web e applica le correzioni. <\/li> <li><b>Il gioco \u00e8 fatto! La configurazione \u00e8 stata completata con successo. <\/b><br> Visita la tua pagina per vedere il funzionamento del widget. <\/li><\/ol> <p>Se hai domande o affronti qualche difficolt\u00e0, non esitare a contattare il nostro team di assistenza clienti. Il nostro personale sar\u00e0 felice di risolvere tutte le difficolt\u00e0 che potresti avere con lo strumento. <\/p><\/div> ","protected":false},"excerpt":{"rendered":"","protected":false},"author":23,"featured_media":0,"parent":7629,"menu_order":0,"comment_status":"closed","ping_status":"closed","template":"templates\/template-application-platform.php","meta":{"publish_to_discourse":"","publish_post_category":"","wpdc_auto_publish_overridden":"","wpdc_topic_tags":"","wpdc_pin_topic":"","wpdc_pin_until":"","discourse_post_id":"","discourse_permalink":"","wpdc_publishing_response":"","wpdc_publishing_error":"","footnotes":""},"class_list":["post-8227","page","type-page","status-publish","hentry"],"yoast_head":"<!-- This site is optimized with the Yoast SEO plugin v25.3.1 - https:\/\/yoast.com\/wordpress\/plugins\/seo\/ -->\n<title>Aggiungi calcolatrice a jQuery: incorpora il plug-in di conteggio chiaro nel sito Web<\/title>\n<meta name=\"description\" content=\"Semplifica anche i calcoli a pi\u00f9 passaggi con la nostra calcolatrice intuitiva. Approfitta di una comoda demo di Elfsight per creare widget accattivanti.\" \/>\n<meta name=\"robots\" content=\"index, follow, max-snippet:-1, max-image-preview:large, max-video-preview:-1\" \/>\n<link rel=\"canonical\" href=\"https:\/\/elfsight.com\/it\/calculator-form-widget\/jquery\/\" \/>\n<meta property=\"og:locale\" content=\"it_IT\" \/>\n<meta property=\"og:type\" content=\"article\" \/>\n<meta property=\"og:title\" content=\"Aggiungi calcolatrice a jQuery: incorpora il plug-in di conteggio chiaro nel sito Web\" \/>\n<meta property=\"og:description\" content=\"Semplifica anche i calcoli a pi\u00f9 passaggi con la nostra calcolatrice intuitiva. Approfitta di una comoda demo di Elfsight per creare widget accattivanti.\" \/>\n<meta property=\"og:url\" content=\"https:\/\/elfsight.com\/it\/calculator-form-widget\/jquery\/\" \/>\n<meta property=\"og:site_name\" content=\"Elfsight IT\" \/>\n<meta property=\"article:modified_time\" content=\"2024-12-16T11:56:26+00:00\" \/>\n<meta name=\"twitter:card\" content=\"summary_large_image\" \/>\n<meta name=\"twitter:label1\" content=\"Tempo di lettura stimato\" \/>\n\t<meta name=\"twitter:data1\" content=\"2 minuti\" \/>\n<!-- \/ Yoast SEO plugin. -->","yoast_head_json":{"title":"Aggiungi calcolatrice a jQuery: incorpora il plug-in di conteggio chiaro nel sito Web","description":"Semplifica anche i calcoli a pi\u00f9 passaggi con la nostra calcolatrice intuitiva. Approfitta di una comoda demo di Elfsight per creare widget accattivanti.","robots":{"index":"index","follow":"follow","max-snippet":"max-snippet:-1","max-image-preview":"max-image-preview:large","max-video-preview":"max-video-preview:-1"},"canonical":"https:\/\/elfsight.com\/it\/calculator-form-widget\/jquery\/","og_locale":"it_IT","og_type":"article","og_title":"Aggiungi calcolatrice a jQuery: incorpora il plug-in di conteggio chiaro nel sito Web","og_description":"Semplifica anche i calcoli a pi\u00f9 passaggi con la nostra calcolatrice intuitiva. Approfitta di una comoda demo di Elfsight per creare widget accattivanti.","og_url":"https:\/\/elfsight.com\/it\/calculator-form-widget\/jquery\/","og_site_name":"Elfsight IT","article_modified_time":"2024-12-16T11:56:26+00:00","twitter_card":"summary_large_image","twitter_misc":{"Tempo di lettura stimato":"2 minuti"},"schema":{"@context":"https:\/\/schema.org","@graph":[{"@type":"WebPage","@id":"https:\/\/elfsight.com\/it\/calculator-form-widget\/jquery\/","url":"https:\/\/elfsight.com\/it\/calculator-form-widget\/jquery\/","name":"Aggiungi calcolatrice a jQuery: incorpora il plug-in di conteggio chiaro nel sito Web","isPartOf":{"@id":"https:\/\/elfsight.com\/it\/#website"},"datePublished":"2024-04-15T12:25:51+00:00","dateModified":"2024-12-16T11:56:26+00:00","description":"Semplifica anche i calcoli a pi\u00f9 passaggi con la nostra calcolatrice intuitiva. Approfitta di una comoda demo di Elfsight per creare widget accattivanti.","breadcrumb":{"@id":"https:\/\/elfsight.com\/it\/calculator-form-widget\/jquery\/#breadcrumb"},"inLanguage":"it-IT","potentialAction":[{"@type":"ReadAction","target":["https:\/\/elfsight.com\/it\/calculator-form-widget\/jquery\/"]}]},{"@type":"BreadcrumbList","@id":"https:\/\/elfsight.com\/it\/calculator-form-widget\/jquery\/#breadcrumb","itemListElement":[{"@type":"ListItem","position":1,"name":"Home","item":"https:\/\/elfsight.com\/it\/"},{"@type":"ListItem","position":2,"name":"Calculator","item":"https:\/\/elfsight.com\/it\/calculator-form-widget\/"},{"@type":"ListItem","position":3,"name":"Calculator &#8211; jQuery"}]},{"@type":"WebSite","@id":"https:\/\/elfsight.com\/it\/#website","url":"https:\/\/elfsight.com\/it\/","name":"Elfsight IT","description":"Just another Elfsight Sites site","potentialAction":[{"@type":"SearchAction","target":{"@type":"EntryPoint","urlTemplate":"https:\/\/elfsight.com\/it\/?s={search_term_string}"},"query-input":{"@type":"PropertyValueSpecification","valueRequired":true,"valueName":"search_term_string"}}],"inLanguage":"it-IT"}]}},"meta_box":{"industry":"","seo_heading":"","heading":"","description":"","cta_heading":"","cta_description":"","application":"7621","h1":"Plug-in per la calcolatrice jQuery","h1_caption":"Fornisci un calcolatore personalizzato per i tuoi visitatori, offrendo soluzioni rapide per cose come prezzi, sconti o calcoli del ROI nel tuo sito web Opencart senza sforzo.","application_category":[],"applications_title":"","applications_request_title":"","applications_request_button_text":"","hero_text":"","hero_video":"","hero_video_schema_markup":"","selling_points_title":"","selling_points_caption":"","selling_points":[],"selling_points_cta_text":"","features_title":"","features":"","ed_cta_examples_text":"","ed_cta_examples_hidden":"","ed_cta_demo_text":"","ed_cta_demo_hidden":"","why_caption":"","why_editor_title":"","why_editor_text":"","why_team_title":"","why_team_text":"","why_service_title":"","why_service_text":"","template_catalog_visible":"","template_catalog_title":"","template_catalog_text":"","template_catalog_categories_visible":"","demo_title":"Crea il tuo plugin Calcolatrice","demo_caption":"Configura la tua Calcolatrice e aggiungila gratuitamente al tuo sito jQuery!","default_faq_hidden":"","app_template_category":[],"platform":"37","template_public_id":"","codecanyon_url":"","codecanyon_item_id":"","codecanyon_price":"","pricing_caption":"","pricing_elfsight_apps_hide_column":"","pricing_elfsight_apps_url":"","pricing_codecanyon_price_caption":"","integration_category":[],"integration_request_title":"","integration_request_cta":"","integration_platform":"","integrations":[],"platform_category":[],"video_schema_markup":"","price":"da $ 0 al mese","trial":"","benefits":[{"text":"Servizio di installazione gratuito"},{"text":"Supporto premium"},{"text":"Premio del supporto"},{"text":"Miglioramenti gratuiti regolari"}],"button_url":"#demo","button_target_blank":"","button_nofollow":"","attributes":[{"name":"Installare"},{"name":"Reattivo"},{"name":"Browser compatibili"}],"tags":[],"tags_disable_links":"","hide_more_platforms":"","video_object":"","demo_hide_cta":"","demo_hide_cloud_options":"","pricing_title":"","pricing":[{"pricing_icon":"platform","pricing_title":"Elfsight Apps","pricing_title_caption":"App Elfsight","pricing_price":"da $ 0 al mese","pricing_price_caption":"inizia con un piano gratuito","pricing_benefits":[{"text":"Siti web illimitati"},{"text":"Assistenza clienti dedicata e ben documentata"},{"text":"Aiuto per l'installazione gratuito"},{"text":"Flexible design"}],"pricing_button_text":"Aggiungi al sito web","pricing_button_url":"#demo"}],"related_apps_title":"","related_apps_hidden":"","author":"","image":[],"title":"","job":"","social_networks":[]},"_links":{"self":[{"href":"https:\/\/elfsight.com\/it\/wp-json\/wp\/v2\/pages\/8227","targetHints":{"allow":["GET"]}}],"collection":[{"href":"https:\/\/elfsight.com\/it\/wp-json\/wp\/v2\/pages"}],"about":[{"href":"https:\/\/elfsight.com\/it\/wp-json\/wp\/v2\/types\/page"}],"author":[{"embeddable":true,"href":"https:\/\/elfsight.com\/it\/wp-json\/wp\/v2\/users\/23"}],"replies":[{"embeddable":true,"href":"https:\/\/elfsight.com\/it\/wp-json\/wp\/v2\/comments?post=8227"}],"version-history":[{"count":1,"href":"https:\/\/elfsight.com\/it\/wp-json\/wp\/v2\/pages\/8227\/revisions"}],"predecessor-version":[{"id":8231,"href":"https:\/\/elfsight.com\/it\/wp-json\/wp\/v2\/pages\/8227\/revisions\/8231"}],"up":[{"embeddable":true,"href":"https:\/\/elfsight.com\/it\/wp-json\/wp\/v2\/pages\/7629"}],"wp:attachment":[{"href":"https:\/\/elfsight.com\/it\/wp-json\/wp\/v2\/media?parent=8227"}],"curies":[{"name":"wp","href":"https:\/\/api.w.org\/{rel}","templated":true}]}}