{"id":8206,"date":"2024-06-11T07:49:44","date_gmt":"2024-06-11T07:49:44","guid":{"rendered":"https:\/\/elfsight.com\/it\/?page_id=8206"},"modified":"2025-10-22T09:14:03","modified_gmt":"2025-10-22T09:14:03","slug":"squarespace","status":"publish","type":"page","link":"https:\/\/elfsight.com\/it\/appointment-booking-widget\/squarespace\/","title":{"rendered":"Appointment Booking &#8211; Squarespace"},"content":{"rendered":"<div class=\"application-platform-content-item-description application-platform-content-item\" id=\"description\" data-nav-section=\"description\"><h2>Incorpora Prenotazione appuntamento su Squarespace con il plug-in Elfsight!<\/h2> <p>Il plug-in Prenotazione appuntamento \u00e8 qui per aiutare i potenziali clienti a prenotare il tempo si inserisce direttamente nel tuo sito web Squarespace, riducendo al minimo le tue attivit\u00e0 pratiche, come la gestione costante di messaggi, chiamate ed e-mail. \u00c8 come avere un receptionist virtuale che lavora 24 ore su 24, 7 giorni su 7, che fornisce notifiche automatizzate e pu\u00f2 essere sincronizzato con integrazioni esterne, come Google Calendar.<\/p> <p>Ora \u00e8 il momento di offrire maggiori approfondimenti sul tuo servizio o evento, definire le periodo di tempo, fornire dettagli di contatto e chiarire i prezzi per aiutare i clienti a prendere decisioni informate. Inoltre, personalizza l&#8217;estetica visiva del plug-in modificando elementi e funzionalit\u00e0 personalizzati senza la necessit\u00e0 di migliorare il know-how di programmazione o ingaggiare uno sviluppatore!<\/p> <p><b>Aumenta la visibilit\u00e0 della tua attivit\u00e0 e sii accessibile a ogni potenziale cliente attraverso la prenotazione online degli appuntamenti sul tuo sito web!<\/b><\/p> <\/div> <div class=\"application-platform-content-item-features application-platform-content-item\" id=\"features\" data-nav-section=\"features\"> <h2>Le funzionalit\u00e0 fondamentali del widget offrono:<\/h2> <ul><li>Consegna un panoramica completa del tuo servizio (nome, dettagli, immagine e durata) e stabilisci i prezzi in varie valute.<\/li><li>Invia avvisi automatici per verificare gli orari programmati ai clienti e a te stesso.<\/li><li> Sincronizza il widget con servizi esterni, come Google Calendar, per mantenere aggiornamenti in tempo reale.<\/li><li>Condividi le informazioni di contatto della tua azienda come prova sociale e consenti agli utenti di contattare in caso di circostanze impreviste.<\/li><li>Facili opzioni di personalizzazione senza la necessit\u00e0 di scrivere codice: modelli predefiniti, colori, design del layout, caratteri, editor CSS personalizzato, editor JS personalizzato, ecc.<\/li><\/ul><p><a href=\" #demo\">Puoi scoprire subito tutte le funzionalit\u00e0 del widget nella demo<\/a><\/p> <\/div> <div class=\"application-platform-content-item-installation application-platform-content-item\" id=\"installation\" data-nav-section=\"installation\"> <h2>Come aggiungere la prenotazione dell&#8217;appuntamento al mio Squarespace sito web?<\/h2> <div class=\"video-container\">\n<iframe width=\"720\" height=\"405\" src=\"https:\/\/www.youtube.com\/embed\/FJ3_ye2-Afw?si=lIPfTPJLTCqK9sS0\" frameborder=\"0\" allowfullscreen=\"\"><\/iframe>\n<\/div><p>Per incorporare la prenotazione di appuntamenti sul tuo sito web Squarespace, segui questi passaggi:<\/p> <ol><li><b>Utilizza il nostro configuratore gratuito e inizia a dare forma al tuo LinkedIn personalizzato Plugin feed.<\/b><br> Specifica il layout e le opzioni adatti del plugin e applica le correzioni.<\/li> <li><b>Acquisisci il codice individuale che appare nella finestra sulle app Elfsight.<\/b> <br> Non appena la creazione del plug-in \u00e8 terminata, copia il codice individuale nel popup emerso e salvalo per un utilizzo futuro.<\/li> <li><b>Inizia a utilizzare il plug-in sul tuo sito web Squarespace.<\/b><br> Aggiungi il codice copiato di recente nel tuo sito web e salva i miglioramenti.<\/li> <li><b>L&#8217;installazione \u00e8 stata eseguita con successo.<\/b><br> Vai al tuo sito web per vedere in azione come funziona lo strumento.<\/li><\/ol> <p>Se hai domande o riscontri eventuali problemi, non esitare a rivolgerti al nostro team di assistenza clienti. Il nostro personale \u00e8 pronto ad aiutarti con tutte le domande che potresti avere sul plugin.<\/p> <\/div> ","protected":false},"excerpt":{"rendered":"","protected":false},"author":22,"featured_media":0,"parent":7913,"menu_order":0,"comment_status":"closed","ping_status":"closed","template":"templates\/template-application-platform.php","meta":{"publish_to_discourse":"","publish_post_category":"","wpdc_auto_publish_overridden":"","wpdc_topic_tags":"","wpdc_pin_topic":"","wpdc_pin_until":"","discourse_post_id":"","discourse_permalink":"","wpdc_publishing_response":"","wpdc_publishing_error":"","footnotes":""},"class_list":["post-8206","page","type-page","status-publish","hentry"],"yoast_head":"<!-- This site is optimized with the Yoast SEO plugin v25.3.1 - https:\/\/yoast.com\/wordpress\/plugins\/seo\/ -->\n<title>Widget di prenotazione Squarespace: aggiungi la prenotazione di appuntamenti su Squarespace<\/title>\n<meta name=\"description\" content=\"Incorpora una ruota che gira interattiva nel sito Squarespace. Scopri tutte le funzionalit\u00e0 del plugin Squarespace Spinning Wheel che puoi aggiungere al sito web.\" \/>\n<meta name=\"robots\" content=\"index, follow, max-snippet:-1, max-image-preview:large, max-video-preview:-1\" \/>\n<link rel=\"canonical\" href=\"https:\/\/elfsight.com\/it\/appointment-booking-widget\/squarespace\/\" \/>\n<meta property=\"og:locale\" content=\"it_IT\" \/>\n<meta property=\"og:type\" content=\"article\" \/>\n<meta property=\"og:title\" content=\"Widget di prenotazione Squarespace: aggiungi la prenotazione di appuntamenti su Squarespace\" \/>\n<meta property=\"og:description\" content=\"Incorpora una ruota che gira interattiva nel sito Squarespace. Scopri tutte le funzionalit\u00e0 del plugin Squarespace Spinning Wheel che puoi aggiungere al sito web.\" \/>\n<meta property=\"og:url\" content=\"https:\/\/elfsight.com\/it\/appointment-booking-widget\/squarespace\/\" \/>\n<meta property=\"og:site_name\" content=\"Elfsight IT\" \/>\n<meta property=\"article:modified_time\" content=\"2025-10-22T09:14:03+00:00\" \/>\n<meta name=\"twitter:card\" content=\"summary_large_image\" \/>\n<meta name=\"twitter:label1\" content=\"Tempo di lettura stimato\" \/>\n\t<meta name=\"twitter:data1\" content=\"3 minuti\" \/>\n<!-- \/ Yoast SEO plugin. -->","yoast_head_json":{"title":"Widget di prenotazione Squarespace: aggiungi la prenotazione di appuntamenti su Squarespace","description":"Incorpora una ruota che gira interattiva nel sito Squarespace. Scopri tutte le funzionalit\u00e0 del plugin Squarespace Spinning Wheel che puoi aggiungere al sito web.","robots":{"index":"index","follow":"follow","max-snippet":"max-snippet:-1","max-image-preview":"max-image-preview:large","max-video-preview":"max-video-preview:-1"},"canonical":"https:\/\/elfsight.com\/it\/appointment-booking-widget\/squarespace\/","og_locale":"it_IT","og_type":"article","og_title":"Widget di prenotazione Squarespace: aggiungi la prenotazione di appuntamenti su Squarespace","og_description":"Incorpora una ruota che gira interattiva nel sito Squarespace. Scopri tutte le funzionalit\u00e0 del plugin Squarespace Spinning Wheel che puoi aggiungere al sito web.","og_url":"https:\/\/elfsight.com\/it\/appointment-booking-widget\/squarespace\/","og_site_name":"Elfsight IT","article_modified_time":"2025-10-22T09:14:03+00:00","twitter_card":"summary_large_image","twitter_misc":{"Tempo di lettura stimato":"3 minuti"},"schema":{"@context":"https:\/\/schema.org","@graph":[{"@type":"WebPage","@id":"https:\/\/elfsight.com\/it\/appointment-booking-widget\/squarespace\/","url":"https:\/\/elfsight.com\/it\/appointment-booking-widget\/squarespace\/","name":"Widget di prenotazione Squarespace: aggiungi la prenotazione di appuntamenti su Squarespace","isPartOf":{"@id":"https:\/\/elfsight.com\/it\/#website"},"datePublished":"2024-06-11T07:49:44+00:00","dateModified":"2025-10-22T09:14:03+00:00","description":"Incorpora una ruota che gira interattiva nel sito Squarespace. Scopri tutte le funzionalit\u00e0 del plugin Squarespace Spinning Wheel che puoi aggiungere al sito web.","breadcrumb":{"@id":"https:\/\/elfsight.com\/it\/appointment-booking-widget\/squarespace\/#breadcrumb"},"inLanguage":"it-IT","potentialAction":[{"@type":"ReadAction","target":["https:\/\/elfsight.com\/it\/appointment-booking-widget\/squarespace\/"]}]},{"@type":"BreadcrumbList","@id":"https:\/\/elfsight.com\/it\/appointment-booking-widget\/squarespace\/#breadcrumb","itemListElement":[{"@type":"ListItem","position":1,"name":"Home","item":"https:\/\/elfsight.com\/it\/"},{"@type":"ListItem","position":2,"name":"Appointment Booking","item":"https:\/\/elfsight.com\/it\/appointment-booking-widget\/"},{"@type":"ListItem","position":3,"name":"Appointment Booking &#8211; Squarespace"}]},{"@type":"WebSite","@id":"https:\/\/elfsight.com\/it\/#website","url":"https:\/\/elfsight.com\/it\/","name":"Elfsight IT","description":"Just another Elfsight Sites site","potentialAction":[{"@type":"SearchAction","target":{"@type":"EntryPoint","urlTemplate":"https:\/\/elfsight.com\/it\/?s={search_term_string}"},"query-input":{"@type":"PropertyValueSpecification","valueRequired":true,"valueName":"search_term_string"}}],"inLanguage":"it-IT"}]}},"meta_box":{"industry":"","seo_heading":"","heading":"","description":"","cta_heading":"","cta_description":"","application":"7912","h1":"Plug-in per la prenotazione di appuntamenti di Squarespace","h1_caption":"Aumenta il coinvolgimento e aumenta le conversioni con una divertente ruota girevole per Squarespace che offre ai visitatori la possibilit\u00e0 di vincere sconti, premi o altri incentivi.","application_category":[],"applications_title":"","applications_request_title":"","applications_request_button_text":"","hero_text":"","hero_video":"","hero_video_schema_markup":"","selling_points_title":"","selling_points_caption":"","selling_points":[],"selling_points_cta_text":"","features_title":"","features":"","ed_cta_examples_text":"","ed_cta_examples_hidden":"","ed_cta_demo_text":"","ed_cta_demo_hidden":"","why_caption":"","why_editor_title":"","why_editor_text":"","why_team_title":"","why_team_text":"","why_service_title":"","why_service_text":"","template_catalog_visible":"0","template_catalog_title":"","template_catalog_text":"","template_catalog_categories_visible":"","demo_title":"Crea il tuo plugin per la prenotazione degli appuntamenti","demo_caption":"Configura la tua Prenotazione Appuntamento e aggiungila gratuitamente al tuo sito web Squarespace!","default_faq_hidden":"","app_template_category":[],"platform":"43","template_public_id":"","codecanyon_url":"","codecanyon_item_id":"","codecanyon_price":"","pricing_caption":"","pricing_elfsight_apps_hide_column":"","pricing_elfsight_apps_url":"","pricing_codecanyon_price_caption":"","integration_category":[],"integration_request_title":"","integration_request_cta":"","integration_platform":"","integrations":[],"platform_category":[],"video_schema_markup":"","price":"da $ 0 al mese","trial":"","benefits":[{"text":"Aiuto per l'installazione gratuito"},{"text":"Supporto premium"},{"text":"Premio del supporto"},{"text":"Miglioramenti gratuiti continui"}],"button_url":"#demo","button_target_blank":"0","button_nofollow":"0","attributes":[{"name":"Installa"},{"name":"Reattivo"},{"name":"Browser compatibili"}],"tags":[],"tags_disable_links":"0","hide_more_platforms":"0","video_object":"","demo_hide_cta":"0","demo_hide_cloud_options":"0","pricing_title":"","pricing":[{"pricing_icon":"platform","pricing_title":"Elfsight Apps","pricing_title_caption":"App Elfsight","pricing_price":"A partire da $ 0 al mese","pricing_price_caption":"Inizia con un piano gratuito","pricing_benefits":[{"text":"Siti web illimitati"},{"text":"Assistenza clienti premium"},{"text":"Aiuto per l'installazione gratuito"},{"text":"100% customizable"}],"pricing_button_text":"Aggiungi al sito web","pricing_button_url":"#demo"}],"related_apps_title":"","related_apps_hidden":"0","author":"","image":[],"title":"","job":"","social_networks":[]},"_links":{"self":[{"href":"https:\/\/elfsight.com\/it\/wp-json\/wp\/v2\/pages\/8206","targetHints":{"allow":["GET"]}}],"collection":[{"href":"https:\/\/elfsight.com\/it\/wp-json\/wp\/v2\/pages"}],"about":[{"href":"https:\/\/elfsight.com\/it\/wp-json\/wp\/v2\/types\/page"}],"author":[{"embeddable":true,"href":"https:\/\/elfsight.com\/it\/wp-json\/wp\/v2\/users\/22"}],"replies":[{"embeddable":true,"href":"https:\/\/elfsight.com\/it\/wp-json\/wp\/v2\/comments?post=8206"}],"version-history":[{"count":2,"href":"https:\/\/elfsight.com\/it\/wp-json\/wp\/v2\/pages\/8206\/revisions"}],"predecessor-version":[{"id":10524,"href":"https:\/\/elfsight.com\/it\/wp-json\/wp\/v2\/pages\/8206\/revisions\/10524"}],"up":[{"embeddable":true,"href":"https:\/\/elfsight.com\/it\/wp-json\/wp\/v2\/pages\/7913"}],"wp:attachment":[{"href":"https:\/\/elfsight.com\/it\/wp-json\/wp\/v2\/media?parent=8206"}],"curies":[{"name":"wp","href":"https:\/\/api.w.org\/{rel}","templated":true}]}}