{"id":8196,"date":"2024-06-11T08:19:44","date_gmt":"2024-06-11T08:19:44","guid":{"rendered":"https:\/\/elfsight.com\/it\/?page_id=8196"},"modified":"2025-03-21T04:21:20","modified_gmt":"2025-03-21T04:21:20","slug":"html","status":"publish","type":"page","link":"https:\/\/elfsight.com\/it\/appointment-booking-widget\/html\/","title":{"rendered":"Appointment Booking &#8211; HTML"},"content":{"rendered":"\n<div class=\"application-platform-content-item-description application-platform-content-item\" id=\"description\" data-nav-section=\"description\"><h2>Incorpora Prenotazione Appuntamento in HTML con il widget Elfsight!<\/h2> <p>Il widget Prenotazione Appuntamento \u00e8 disponibile per aiutare i potenziali utenti a prenotare slot direttamente sul tuo sito Web HTML, riducendo al minimo il lavoro manuale, come rimanere costantemente disponibile in ogni momento per evitare di perdere messaggi, chiamate ed e-mail. \u00c8 come avere un assistente virtuale che lavora 24 ore su 24, 7 giorni su 7, che invia notifiche automatizzate e pu\u00f2 essere collegato con integrazioni esterne, come Google Calendar.<\/p> <p>Ora \u00e8 il momento di approfondire ulteriormente il tuo servizio o evento, specifica l&#8217;orario inquadrare, divulgare le informazioni di contatto e impostare i prezzi per facilitare il processo decisionale dei clienti. Inoltre, puoi scegliere l&#8217;estetica visiva del widget modificando elementi e funzionalit\u00e0 personalizzati senza la necessit\u00e0 di perfezionare le capacit\u00e0 di codifica o assumere uno sviluppatore!<\/p> <p><b>Permetti alla tua attivit\u00e0 di crescere e diventare accessibile a un pubblico pi\u00f9 ampio pubblico con prenotazione online per appuntamenti sul tuo sito!<\/b><\/p> <\/div> <div class=\"application-platform-content-item-features application-platform-content-item\" id=\"features\" data-nav-section=\"features\"> <h2>Il widget include funzionalit\u00e0 pratiche e veloci, vedi alcune di essi:<\/h2> <ul><li>Offri una panoramica completa del tuo servizio (nome, dettagli, immagine e durata) e imposta i prezzi in diverse valute.<\/li><li>Invia notifiche automatiche per confermare gli orari programmati per i clienti e per te stesso.<\/li><li>Sincronizza il widget con integrazioni di outsourcing, come Google Calendar, per garantire aggiornamenti in tempo reale.<\/li><li>Mostra le informazioni di contatto della tua azienda come prova sociale e consentire agli utenti di contattare in caso di imprevisti circostanze.<\/li><li>Personalizzazione senza codice con impostazioni di progettazione avanzate: modelli predefiniti, colori, layout di progetti di layout multipli, caratteri, editor CSS personalizzato, editor JS personalizzato e altro ancora.<\/li><\/ul><p><a href=\"#demo\">Prova semplicemente questa demo per vedere quanto vale il widget<\/a><\/p> <\/div> <div class=\"application-platform-content-item-installation application-platform-content-item\" id=\"installation\" data-nav-section=\"installation\"> <h2>Come incorporare la prenotazione di appuntamenti sul mio sito Web HTML?<\/h2> <p>Per incorporare la prenotazione di appuntamenti sul tuo sito Web HTML, procedi come segue:<\/p> <ol><li><b>Lancia il nostro configuratore gratuito e inizia costruendo il tuo plug-in feed LinkedIn personalizzato.<\/b><br> Determina il layout selezionato e le caratteristiche dello strumento e applica le correzioni.<\/li> <li><b>Acquisisci il tuo codice personale che appare nella finestra delle app Elfsight .<\/b><br> Non appena la creazione del tuo widget personale \u00e8 completa, copia il codice esclusivo dal popup visualizzato e salvalo per un utilizzo futuro.<\/li> <li><b>Inizia a utilizzare il plug-in sul tuo sito Web HTML.<\/b> <br> Inserisci il codice copiato in precedenza sul tuo sito web e salva i miglioramenti.<\/li> <li><b>Il gioco \u00e8 fatto! L&#8217;integrazione \u00e8 completamente terminata.<\/b><br> Visita il tuo sito web per verificare il funzionamento del widget.<\/li><\/ol> <p>In caso di difficolt\u00e0, non esitare a contattare il nostro personale del servizio clienti. Il nostro personale \u00e8 ansioso di risolvere tutte le domande che potresti avere con lo strumento.<\/p> <\/div>\n","protected":false},"excerpt":{"rendered":"","protected":false},"author":22,"featured_media":0,"parent":7913,"menu_order":0,"comment_status":"closed","ping_status":"closed","template":"templates\/template-application-platform.php","meta":{"publish_to_discourse":"","publish_post_category":"","wpdc_auto_publish_overridden":"","wpdc_topic_tags":"","wpdc_pin_topic":"","wpdc_pin_until":"","discourse_post_id":"","discourse_permalink":"","wpdc_publishing_response":"","wpdc_publishing_error":"","footnotes":""},"class_list":["post-8196","page","type-page","status-publish","hentry"],"yoast_head":"<!-- This site is optimized with the Yoast SEO plugin v25.3.1 - https:\/\/yoast.com\/wordpress\/plugins\/seo\/ -->\n<title>Widget di prenotazione per sito Web HTML: incorpora il calendario degli appuntamenti HTML<\/title>\n<meta name=\"description\" content=\"Prova la nostra prossima generazione di plugin e widget HTML. Scopri tutte le funzionalit\u00e0 del plugin HTML Spinning Wheel che puoi aggiungere al sito web.\" \/>\n<meta name=\"robots\" content=\"index, follow, max-snippet:-1, max-image-preview:large, max-video-preview:-1\" \/>\n<link rel=\"canonical\" href=\"https:\/\/elfsight.com\/it\/appointment-booking-widget\/html\/\" \/>\n<meta property=\"og:locale\" content=\"it_IT\" \/>\n<meta property=\"og:type\" content=\"article\" \/>\n<meta property=\"og:title\" content=\"Widget di prenotazione per sito Web HTML: incorpora il calendario degli appuntamenti HTML\" \/>\n<meta property=\"og:description\" content=\"Prova la nostra prossima generazione di plugin e widget HTML. Scopri tutte le funzionalit\u00e0 del plugin HTML Spinning Wheel che puoi aggiungere al sito web.\" \/>\n<meta property=\"og:url\" content=\"https:\/\/elfsight.com\/it\/appointment-booking-widget\/html\/\" \/>\n<meta property=\"og:site_name\" content=\"Elfsight IT\" \/>\n<meta property=\"article:modified_time\" content=\"2025-03-21T04:21:20+00:00\" \/>\n<meta name=\"twitter:card\" content=\"summary_large_image\" \/>\n<meta name=\"twitter:label1\" content=\"Tempo di lettura stimato\" \/>\n\t<meta name=\"twitter:data1\" content=\"3 minuti\" \/>\n<!-- \/ Yoast SEO plugin. -->","yoast_head_json":{"title":"Widget di prenotazione per sito Web HTML: incorpora il calendario degli appuntamenti HTML","description":"Prova la nostra prossima generazione di plugin e widget HTML. Scopri tutte le funzionalit\u00e0 del plugin HTML Spinning Wheel che puoi aggiungere al sito web.","robots":{"index":"index","follow":"follow","max-snippet":"max-snippet:-1","max-image-preview":"max-image-preview:large","max-video-preview":"max-video-preview:-1"},"canonical":"https:\/\/elfsight.com\/it\/appointment-booking-widget\/html\/","og_locale":"it_IT","og_type":"article","og_title":"Widget di prenotazione per sito Web HTML: incorpora il calendario degli appuntamenti HTML","og_description":"Prova la nostra prossima generazione di plugin e widget HTML. Scopri tutte le funzionalit\u00e0 del plugin HTML Spinning Wheel che puoi aggiungere al sito web.","og_url":"https:\/\/elfsight.com\/it\/appointment-booking-widget\/html\/","og_site_name":"Elfsight IT","article_modified_time":"2025-03-21T04:21:20+00:00","twitter_card":"summary_large_image","twitter_misc":{"Tempo di lettura stimato":"3 minuti"},"schema":{"@context":"https:\/\/schema.org","@graph":[{"@type":"WebPage","@id":"https:\/\/elfsight.com\/it\/appointment-booking-widget\/html\/","url":"https:\/\/elfsight.com\/it\/appointment-booking-widget\/html\/","name":"Widget di prenotazione per sito Web HTML: incorpora il calendario degli appuntamenti HTML","isPartOf":{"@id":"https:\/\/elfsight.com\/it\/#website"},"datePublished":"2024-06-11T08:19:44+00:00","dateModified":"2025-03-21T04:21:20+00:00","description":"Prova la nostra prossima generazione di plugin e widget HTML. Scopri tutte le funzionalit\u00e0 del plugin HTML Spinning Wheel che puoi aggiungere al sito web.","breadcrumb":{"@id":"https:\/\/elfsight.com\/it\/appointment-booking-widget\/html\/#breadcrumb"},"inLanguage":"it-IT","potentialAction":[{"@type":"ReadAction","target":["https:\/\/elfsight.com\/it\/appointment-booking-widget\/html\/"]}]},{"@type":"BreadcrumbList","@id":"https:\/\/elfsight.com\/it\/appointment-booking-widget\/html\/#breadcrumb","itemListElement":[{"@type":"ListItem","position":1,"name":"Home","item":"https:\/\/elfsight.com\/it\/"},{"@type":"ListItem","position":2,"name":"Appointment Booking","item":"https:\/\/elfsight.com\/it\/appointment-booking-widget\/"},{"@type":"ListItem","position":3,"name":"Appointment Booking &#8211; HTML"}]},{"@type":"WebSite","@id":"https:\/\/elfsight.com\/it\/#website","url":"https:\/\/elfsight.com\/it\/","name":"Elfsight IT","description":"Just another Elfsight Sites site","potentialAction":[{"@type":"SearchAction","target":{"@type":"EntryPoint","urlTemplate":"https:\/\/elfsight.com\/it\/?s={search_term_string}"},"query-input":{"@type":"PropertyValueSpecification","valueRequired":true,"valueName":"search_term_string"}}],"inLanguage":"it-IT"}]}},"meta_box":{"industry":"","seo_heading":"","heading":"","description":"","cta_heading":"","cta_description":"","application":"7912","h1":"Calendario degli appuntamenti HTML","h1_caption":"Aumenta il coinvolgimento e aumenta le conversioni con una divertente ruota girevole per HTML che offre ai visitatori la possibilit\u00e0 di vincere sconti, premi o altri incentivi.","application_category":[],"applications_title":"","applications_request_title":"","applications_request_button_text":"","hero_text":"","hero_video":"","hero_video_schema_markup":"","selling_points_title":"","selling_points_caption":"","selling_points":[],"selling_points_cta_text":"","features_title":"","features":"","ed_cta_examples_text":"","ed_cta_examples_hidden":"","ed_cta_demo_text":"","ed_cta_demo_hidden":"","why_caption":"","why_editor_title":"","why_editor_text":"","why_team_title":"","why_team_text":"","why_service_title":"","why_service_text":"","template_catalog_visible":"0","template_catalog_title":"","template_catalog_text":"","template_catalog_categories_visible":"","demo_title":"Crea il tuo widget Prenotazione appuntamento","demo_caption":"Configura la tua Prenotazione Appuntamento e aggiungila gratuitamente al tuo sito web HTML!","default_faq_hidden":"","app_template_category":[],"platform":"35","template_public_id":"","codecanyon_url":"","codecanyon_item_id":"","codecanyon_price":"","pricing_caption":"","pricing_elfsight_apps_hide_column":"","pricing_elfsight_apps_url":"","pricing_codecanyon_price_caption":"","integration_category":[],"integration_request_title":"","integration_request_cta":"","integration_platform":"","integrations":[],"platform_category":[],"video_schema_markup":"","price":"da $ 0 al mese","trial":"","benefits":[{"text":"Servizio di installazione gratuito"},{"text":"Assistenza clienti con esperienza"},{"text":"Assistenza clienti con esperienza"},{"text":"Miglioramenti gratuiti continui"}],"button_url":"#demo","button_target_blank":"0","button_nofollow":"0","attributes":[{"name":"Installa"},{"name":"Reattivo"},{"name":"Browser compatibili"}],"tags":[],"tags_disable_links":"0","hide_more_platforms":"0","video_object":"","demo_hide_cta":"0","demo_hide_cloud_options":"0","pricing_title":"","pricing":[{"pricing_icon":"platform","pricing_title":"Elfsight Apps","pricing_title_caption":"App Elfsight","pricing_price":"A partire da $ 0 al mese","pricing_price_caption":"Inizia con un piano gratuito","pricing_benefits":[{"text":"Siti web illimitati"},{"text":"Supporto aziendale premium"},{"text":"Aiuto per l'installazione gratuito"},{"text":"100% customizable"}],"pricing_button_text":"Aggiungi al sito web","pricing_button_url":"#demo"}],"related_apps_title":"","related_apps_hidden":"0","author":"","image":[],"title":"","job":"","social_networks":[]},"_links":{"self":[{"href":"https:\/\/elfsight.com\/it\/wp-json\/wp\/v2\/pages\/8196","targetHints":{"allow":["GET"]}}],"collection":[{"href":"https:\/\/elfsight.com\/it\/wp-json\/wp\/v2\/pages"}],"about":[{"href":"https:\/\/elfsight.com\/it\/wp-json\/wp\/v2\/types\/page"}],"author":[{"embeddable":true,"href":"https:\/\/elfsight.com\/it\/wp-json\/wp\/v2\/users\/22"}],"replies":[{"embeddable":true,"href":"https:\/\/elfsight.com\/it\/wp-json\/wp\/v2\/comments?post=8196"}],"version-history":[{"count":2,"href":"https:\/\/elfsight.com\/it\/wp-json\/wp\/v2\/pages\/8196\/revisions"}],"predecessor-version":[{"id":9463,"href":"https:\/\/elfsight.com\/it\/wp-json\/wp\/v2\/pages\/8196\/revisions\/9463"}],"up":[{"embeddable":true,"href":"https:\/\/elfsight.com\/it\/wp-json\/wp\/v2\/pages\/7913"}],"wp:attachment":[{"href":"https:\/\/elfsight.com\/it\/wp-json\/wp\/v2\/media?parent=8196"}],"curies":[{"name":"wp","href":"https:\/\/api.w.org\/{rel}","templated":true}]}}