{"id":8182,"date":"2024-06-13T06:49:44","date_gmt":"2024-06-13T06:49:44","guid":{"rendered":"https:\/\/elfsight.com\/it\/?page_id=8182"},"modified":"2024-12-16T11:55:32","modified_gmt":"2024-12-16T11:55:32","slug":"webflow","status":"publish","type":"page","link":"https:\/\/elfsight.com\/it\/appointment-booking-widget\/webflow\/","title":{"rendered":"Appointment Booking &#8211; Webflow"},"content":{"rendered":"<div class=\"application-platform-content-item-description application-platform-content-item\" id=\"description\" data-nav-section=\"description\"><h2>Incorpora prenotazione appuntamento su Webflow con il widget Elfsight!<\/h2> <p>Il widget prenotazione appuntamento \u00e8 al tuo servizio per aiutare i potenziali clienti prenotando comodamente gli slot sul tuo sito Web Webflow, riducendo al minimo lo sforzo manuale da parte tua, come la gestione costante di messaggi, chiamate ed e-mail. Funziona come un receptionist dedicato che lavora 24 ore su 24, 7 giorni su 7, in grado anche di inviare notifiche automatizzate e di connettersi con app in outsourcing, come Google Calendar.<\/p> <p>Ora \u00e8 il momento ideale per dire di pi\u00f9 sul tuo servizio o evento, specificare il durata, condividere i dettagli di contatto e stabilire i prezzi per facilitare il processo decisionale dei clienti. Inoltre, personalizza l&#8217;estetica visiva del widget regolando elementi e funzionalit\u00e0 personalizzati senza la necessit\u00e0 di affinare il know-how di programmazione o assumere un programmatore esperto!<\/p> <p><b>Consenti alla tua attivit\u00e0 di prosperare e diventare accessibile a un pubblico pi\u00f9 ampio. clientela pi\u00f9 ampia offrendo la prenotazione online di appuntamenti sul tuo sito web!<\/b><\/p> <\/div> <div class=\"application-platform-content-item-features application-platform-content-item\" id=\"features\" data-nav-section=\"features\"> <h2>Offriamo prodotti preziosi e funzionalit\u00e0 veloci, visualizzane alcune:<\/h2> <ul><li>Fornisci una panoramica completa del tuo servizio (nome, dettagli, immagine e durata) e organizza i prezzi in varie valute.<\/li><li> Invia notifiche automatiche per verificare gli appuntamenti riservati ai clienti e a te stesso.<\/li><li>Sincronizza il widget con app di terze parti, come Google Calendar, per garantire aggiornamenti in tempo reale.<\/li><li>Condividi i tuoi informazioni di contatto aziendali per credibilit\u00e0 e consentire agli utenti di contattarti in caso di situazioni impreviste.<\/li><li>Personalizzazione avanzata senza necessit\u00e0 di codifica: modelli, colori, layout, caratteri pronti all&#8217;uso, editor CSS personalizzato, editor JS personalizzato, ecc.<\/li><\/ul><p><a href=\"#demo\">Prova semplicemente questa demo per avere un&#8217;idea completa<\/a><\/p> <\/div> <div class=\"application-platform-content-item-installation application-platform-content-item\" id=\"installation\" data-nav-section=\"installation\"> <h2>Come incorporare la prenotazione dell&#8217;appuntamento sul mio sito Web Webflow?<\/h2> <p>Se desideri incorporare la prenotazione dell&#8217;appuntamento sul tuo sito Web Webflow, segui questi passaggi:<\/p> <ol><li><b>Gestisci il nostro configuratore gratuito e inizia a dare forma al tuo widget Feed LinkedIn personalizzato.<\/b><br> Scegli l&#8217;interfaccia e la funzionalit\u00e0 preferite del plugin e salva le modifiche.<\/li> <li><b>Copia il tuo codice personale mostrato nella casella su Elfsight App.<\/b><br> Una volta completata la configurazione del tuo widget personale, copia il codice individuale dalla casella visualizzata e salvalo per un ulteriore utilizzo.<\/li> <li><b>Inizia a utilizzare lo strumento su il tuo sito Web Webflow.<\/b><br> Implementa il codice che hai salvato in precedenza sul tuo sito Web e applica le correzioni.<\/li> <li><b>La configurazione \u00e8 completamente eseguita.<\/b><br> Vai al tuo sito web per vedere il funzionamento del plugin.<\/li><\/ol> <p>Nelle condizioni di affrontare domande o scontrarsi con qualsiasi difficolt\u00e0, non aver paura di scrivere al nostro servizio clienti. Il nostro personale non vede l&#8217;ora di risolvere tutte le difficolt\u00e0 che potresti incontrare con lo strumento.<\/p> <\/div> ","protected":false},"excerpt":{"rendered":"","protected":false},"author":22,"featured_media":0,"parent":7913,"menu_order":0,"comment_status":"closed","ping_status":"closed","template":"templates\/template-application-platform.php","meta":{"publish_to_discourse":"","publish_post_category":"","wpdc_auto_publish_overridden":"","wpdc_topic_tags":"","wpdc_pin_topic":"","wpdc_pin_until":"","discourse_post_id":"","discourse_permalink":"","wpdc_publishing_response":"","wpdc_publishing_error":"","footnotes":""},"class_list":["post-8182","page","type-page","status-publish","hentry"],"yoast_head":"<!-- This site is optimized with the Yoast SEO plugin v25.3.1 - https:\/\/yoast.com\/wordpress\/plugins\/seo\/ -->\n<title>Widget Prenotazione appuntamenti: incorpora il sistema di prenotazione su Webflow<\/title>\n<meta name=\"description\" content=\"Incorpora una ruota che gira interattiva sul sito Webflow. Scopri tutte le funzionalit\u00e0 dell&#039;integrazione di Webflow Spinning Wheel che puoi aggiungere al sito web.\" \/>\n<meta name=\"robots\" content=\"index, follow, max-snippet:-1, max-image-preview:large, max-video-preview:-1\" \/>\n<link rel=\"canonical\" href=\"https:\/\/elfsight.com\/it\/appointment-booking-widget\/webflow\/\" \/>\n<meta property=\"og:locale\" content=\"it_IT\" \/>\n<meta property=\"og:type\" content=\"article\" \/>\n<meta property=\"og:title\" content=\"Widget Prenotazione appuntamenti: incorpora il sistema di prenotazione su Webflow\" \/>\n<meta property=\"og:description\" content=\"Incorpora una ruota che gira interattiva sul sito Webflow. Scopri tutte le funzionalit\u00e0 dell&#039;integrazione di Webflow Spinning Wheel che puoi aggiungere al sito web.\" \/>\n<meta property=\"og:url\" content=\"https:\/\/elfsight.com\/it\/appointment-booking-widget\/webflow\/\" \/>\n<meta property=\"og:site_name\" content=\"Elfsight IT\" \/>\n<meta property=\"article:modified_time\" content=\"2024-12-16T11:55:32+00:00\" \/>\n<meta name=\"twitter:card\" content=\"summary_large_image\" \/>\n<meta name=\"twitter:label1\" content=\"Tempo di lettura stimato\" \/>\n\t<meta name=\"twitter:data1\" content=\"2 minuti\" \/>\n<!-- \/ Yoast SEO plugin. -->","yoast_head_json":{"title":"Widget Prenotazione appuntamenti: incorpora il sistema di prenotazione su Webflow","description":"Incorpora una ruota che gira interattiva sul sito Webflow. Scopri tutte le funzionalit\u00e0 dell'integrazione di Webflow Spinning Wheel che puoi aggiungere al sito web.","robots":{"index":"index","follow":"follow","max-snippet":"max-snippet:-1","max-image-preview":"max-image-preview:large","max-video-preview":"max-video-preview:-1"},"canonical":"https:\/\/elfsight.com\/it\/appointment-booking-widget\/webflow\/","og_locale":"it_IT","og_type":"article","og_title":"Widget Prenotazione appuntamenti: incorpora il sistema di prenotazione su Webflow","og_description":"Incorpora una ruota che gira interattiva sul sito Webflow. Scopri tutte le funzionalit\u00e0 dell'integrazione di Webflow Spinning Wheel che puoi aggiungere al sito web.","og_url":"https:\/\/elfsight.com\/it\/appointment-booking-widget\/webflow\/","og_site_name":"Elfsight IT","article_modified_time":"2024-12-16T11:55:32+00:00","twitter_card":"summary_large_image","twitter_misc":{"Tempo di lettura stimato":"2 minuti"},"schema":{"@context":"https:\/\/schema.org","@graph":[{"@type":"WebPage","@id":"https:\/\/elfsight.com\/it\/appointment-booking-widget\/webflow\/","url":"https:\/\/elfsight.com\/it\/appointment-booking-widget\/webflow\/","name":"Widget Prenotazione appuntamenti: incorpora il sistema di prenotazione su Webflow","isPartOf":{"@id":"https:\/\/elfsight.com\/it\/#website"},"datePublished":"2024-06-13T06:49:44+00:00","dateModified":"2024-12-16T11:55:32+00:00","description":"Incorpora una ruota che gira interattiva sul sito Webflow. Scopri tutte le funzionalit\u00e0 dell'integrazione di Webflow Spinning Wheel che puoi aggiungere al sito web.","breadcrumb":{"@id":"https:\/\/elfsight.com\/it\/appointment-booking-widget\/webflow\/#breadcrumb"},"inLanguage":"it-IT","potentialAction":[{"@type":"ReadAction","target":["https:\/\/elfsight.com\/it\/appointment-booking-widget\/webflow\/"]}]},{"@type":"BreadcrumbList","@id":"https:\/\/elfsight.com\/it\/appointment-booking-widget\/webflow\/#breadcrumb","itemListElement":[{"@type":"ListItem","position":1,"name":"Home","item":"https:\/\/elfsight.com\/it\/"},{"@type":"ListItem","position":2,"name":"Appointment Booking","item":"https:\/\/elfsight.com\/it\/appointment-booking-widget\/"},{"@type":"ListItem","position":3,"name":"Appointment Booking &#8211; Webflow"}]},{"@type":"WebSite","@id":"https:\/\/elfsight.com\/it\/#website","url":"https:\/\/elfsight.com\/it\/","name":"Elfsight IT","description":"Just another Elfsight Sites site","potentialAction":[{"@type":"SearchAction","target":{"@type":"EntryPoint","urlTemplate":"https:\/\/elfsight.com\/it\/?s={search_term_string}"},"query-input":{"@type":"PropertyValueSpecification","valueRequired":true,"valueName":"search_term_string"}}],"inLanguage":"it-IT"}]}},"meta_box":{"industry":"","seo_heading":"","heading":"","description":"","cta_heading":"","cta_description":"","application":"7912","h1":"Widget di prenotazione appuntamento Webflow","h1_caption":"Aumenta il coinvolgimento e aumenta le conversioni con una divertente ruota girevole per Webflow che offre ai visitatori la possibilit\u00e0 di vincere sconti, premi o altri incentivi.","application_category":[],"applications_title":"","applications_request_title":"","applications_request_button_text":"","hero_text":"","hero_video":"","hero_video_schema_markup":"","selling_points_title":"","selling_points_caption":"","selling_points":[],"selling_points_cta_text":"","features_title":"","features":"","ed_cta_examples_text":"","ed_cta_examples_hidden":"","ed_cta_demo_text":"","ed_cta_demo_hidden":"","why_caption":"","why_editor_title":"","why_editor_text":"","why_team_title":"","why_team_text":"","why_service_title":"","why_service_text":"","template_catalog_visible":"","template_catalog_title":"","template_catalog_text":"","template_catalog_categories_visible":"","demo_title":"Crea il tuo widget Prenotazione appuntamento","demo_caption":"Configura la tua prenotazione di appuntamenti e aggiungila gratuitamente al tuo sito Webflow!","default_faq_hidden":"","app_template_category":[],"platform":"44","template_public_id":"","codecanyon_url":"","codecanyon_item_id":"","codecanyon_price":"","pricing_caption":"","pricing_elfsight_apps_hide_column":"","pricing_elfsight_apps_url":"","pricing_codecanyon_price_caption":"","integration_category":[],"integration_request_title":"","integration_request_cta":"","integration_platform":"","integrations":[],"platform_category":[],"video_schema_markup":"","price":"da $ 0 al mese","trial":"","benefits":[{"text":"Aiuto per l'installazione gratuito"},{"text":"Servizio clienti competente"},{"text":"Servizio clienti competente"},{"text":"Miglioramenti gratuiti continui"}],"button_url":"#demo","button_target_blank":"","button_nofollow":"","attributes":[{"name":"Installa"},{"name":"Reattivo"},{"name":"Browser compatibili"}],"tags":[],"tags_disable_links":"","hide_more_platforms":"","video_object":"","demo_hide_cta":"","demo_hide_cloud_options":"","pricing_title":"","pricing":[{"pricing_icon":"platform","pricing_title":"Elfsight Apps","pricing_title_caption":"App Elfsight","pricing_price":"A partire da $ 0 al mese","pricing_price_caption":"Inizia con un piano gratuito","pricing_benefits":[{"text":"Siti web illimitati"},{"text":"Supporto aziendale professionale"},{"text":"Aiuto per l'installazione gratuito"},{"text":"100% customizable"}],"pricing_button_text":"Aggiungi al sito web","pricing_button_url":"#demo"}],"related_apps_title":"","related_apps_hidden":"","author":"","image":[],"title":"","job":"","social_networks":[]},"_links":{"self":[{"href":"https:\/\/elfsight.com\/it\/wp-json\/wp\/v2\/pages\/8182","targetHints":{"allow":["GET"]}}],"collection":[{"href":"https:\/\/elfsight.com\/it\/wp-json\/wp\/v2\/pages"}],"about":[{"href":"https:\/\/elfsight.com\/it\/wp-json\/wp\/v2\/types\/page"}],"author":[{"embeddable":true,"href":"https:\/\/elfsight.com\/it\/wp-json\/wp\/v2\/users\/22"}],"replies":[{"embeddable":true,"href":"https:\/\/elfsight.com\/it\/wp-json\/wp\/v2\/comments?post=8182"}],"version-history":[{"count":1,"href":"https:\/\/elfsight.com\/it\/wp-json\/wp\/v2\/pages\/8182\/revisions"}],"predecessor-version":[{"id":8186,"href":"https:\/\/elfsight.com\/it\/wp-json\/wp\/v2\/pages\/8182\/revisions\/8186"}],"up":[{"embeddable":true,"href":"https:\/\/elfsight.com\/it\/wp-json\/wp\/v2\/pages\/7913"}],"wp:attachment":[{"href":"https:\/\/elfsight.com\/it\/wp-json\/wp\/v2\/media?parent=8182"}],"curies":[{"name":"wp","href":"https:\/\/api.w.org\/{rel}","templated":true}]}}