{"id":8179,"date":"2024-06-13T07:49:44","date_gmt":"2024-06-13T07:49:44","guid":{"rendered":"https:\/\/elfsight.com\/it\/?page_id=8179"},"modified":"2024-12-16T11:55:32","modified_gmt":"2024-12-16T11:55:32","slug":"elementor","status":"publish","type":"page","link":"https:\/\/elfsight.com\/it\/appointment-booking-widget\/elementor\/","title":{"rendered":"Appointment Booking &#8211; Elementor"},"content":{"rendered":"<div class=\"application-platform-content-item-description application-platform-content-item\" id=\"description\" data-nav-section=\"description\"><h2>Incorpora la prenotazione degli appuntamenti su Elementor con il widget Elfsight!<\/h2> <p>Il widget Prenotazione degli appuntamenti \u00e8 disponibile per aiutare i potenziali utenti a proteggere gli slot direttamente sul tuo sito Web Elementor, riducendo al minimo lo sforzo manuale, come il monitoraggio costante di messaggi, chiamate ed e-mail, da parte tua. Immaginalo come avere un addetto alla reception dedicato in standby 24 ore su 24 che invia avvisi automatici e pu\u00f2 essere collegato ad app in outsourcing, come Google Calendar.<\/p> <p>\u00c8 l&#8217;opportunit\u00e0 ideale per elaborare ulteriormente il tuo servizio o occasione, definire la durata, fornire informazioni di contatto e stabilire i prezzi per semplificare il processo decisionale dei clienti. Inoltre, puoi scegliere l&#8217;aspetto del widget modificando elementi e funzionalit\u00e0 personalizzati senza la necessit\u00e0 di padroneggiare le competenze di programmazione o reclutare uno sviluppatore!<\/p> <p><b>Aumenta la visibilit\u00e0 della tua attivit\u00e0 e diventa disponibile per una base di clienti pi\u00f9 ampia attraverso la prenotazione online degli appuntamenti sul tuo sito web!<\/b><\/p> <\/div> <div class=\"application-platform-content-item-features application-platform-content-item\" id=\"features\" data-nav-section=\"features\"> <h2>Esplora l&#8217;elenco delle funzionalit\u00e0 pi\u00f9 potenti:<\/h2> <ul><li>Offri una spiegazione accurata del tuo servizio (nome, dettagli, immagine e durata) e organizza i prezzi in diverse valute.<\/li><li>Invia notifiche automatiche per confermare gli slot riservati ai clienti e a te stesso.<\/li> <li>Sincronizza il widget con servizi in outsourcing, come Google Calendar, per mantenere aggiornamenti continui.<\/li><li>Mostra i dettagli di contatto della tua azienda come convalida social e consenti agli utenti di contattare in caso di situazioni impreviste.<\/li> <li>Personalizzazione senza codice con impostazioni di progettazione avanzate: modelli predefiniti, colori, layout eleganti, caratteri, editor CSS personalizzato, editor JS personalizzato, ecc.<\/li><\/ul><p><a href=\" #demo\">Puoi esplorare come funziona il widget provando la demo<\/a><\/p> <\/div> <div class=\"application-platform-content-item-installation application-platform-content-item\" id=\"installation\" data-nav-section=\"installation\"> <h2>Come aggiungo la prenotazione dell&#8217;appuntamento al mio sito web Elementor ?<\/h2> <p>Per incorporare la prenotazione degli appuntamenti sul tuo sito Web Elementor, procedi nel seguente modo:<\/p> <ol><li><b>Lancia la nostra demo gratuita e inizia a creare il tuo plug-in feed LinkedIn unico.<\/b><br> Determina il layout personalizzato e la funzionalit\u00e0 del widget e salva le modifiche.<\/li> <li><b>Ottieni il codice univoco visualizzato nel modulo speciale su Elfsight Apps.<\/b><br> Una volta terminata la personalizzazione del tuo strumento personale, copia il codice esclusivo nella finestra emersa e conservalo per un uso successivo.<\/li> <li><b>Accedi utilizzando il widget sul tuo sito Web Elementor.<\/b><br> Incorpora il codice copiato di recente nel tuo sito web e salva le modifiche.<\/li> <li><b>Hai finito! L&#8217;incorporamento \u00e8 completamente completato.<\/b><br> Vai al tuo sito web per esaminare le prestazioni del widget.<\/li><\/ol> <p>Se riscontri qualche problema, non esitare a richiedere il nostro personale di supporto. I nostri consulenti non vedono l&#8217;ora di aiutarti con tutte le domande che potresti avere sul widget.<\/p> <\/div> ","protected":false},"excerpt":{"rendered":"","protected":false},"author":22,"featured_media":0,"parent":7913,"menu_order":0,"comment_status":"closed","ping_status":"closed","template":"templates\/template-application-platform.php","meta":{"publish_to_discourse":"","publish_post_category":"","wpdc_auto_publish_overridden":"","wpdc_topic_tags":"","wpdc_pin_topic":"","wpdc_pin_until":"","discourse_post_id":"","discourse_permalink":"","wpdc_publishing_response":"","wpdc_publishing_error":"","footnotes":""},"class_list":["post-8179","page","type-page","status-publish","hentry"],"yoast_head":"<!-- This site is optimized with the Yoast SEO plugin v25.3.1 - https:\/\/yoast.com\/wordpress\/plugins\/seo\/ -->\n<title>Plugin di prenotazione Elementor: aggiungi la prenotazione di appuntamenti su Elementor<\/title>\n<meta name=\"description\" content=\"Incorpora una ruota che gira interattiva sul sito Elementor. Scopri tutte le funzionalit\u00e0 del plug-in Elementor Spinning Wheel che puoi aggiungere al sito Web.\" \/>\n<meta name=\"robots\" content=\"index, follow, max-snippet:-1, max-image-preview:large, max-video-preview:-1\" \/>\n<link rel=\"canonical\" href=\"https:\/\/elfsight.com\/it\/appointment-booking-widget\/elementor\/\" \/>\n<meta property=\"og:locale\" content=\"it_IT\" \/>\n<meta property=\"og:type\" content=\"article\" \/>\n<meta property=\"og:title\" content=\"Plugin di prenotazione Elementor: aggiungi la prenotazione di appuntamenti su Elementor\" \/>\n<meta property=\"og:description\" content=\"Incorpora una ruota che gira interattiva sul sito Elementor. Scopri tutte le funzionalit\u00e0 del plug-in Elementor Spinning Wheel che puoi aggiungere al sito Web.\" \/>\n<meta property=\"og:url\" content=\"https:\/\/elfsight.com\/it\/appointment-booking-widget\/elementor\/\" \/>\n<meta property=\"og:site_name\" content=\"Elfsight IT\" \/>\n<meta property=\"article:modified_time\" content=\"2024-12-16T11:55:32+00:00\" \/>\n<meta name=\"twitter:card\" content=\"summary_large_image\" \/>\n<meta name=\"twitter:label1\" content=\"Tempo di lettura stimato\" \/>\n\t<meta name=\"twitter:data1\" content=\"2 minuti\" \/>\n<!-- \/ Yoast SEO plugin. -->","yoast_head_json":{"title":"Plugin di prenotazione Elementor: aggiungi la prenotazione di appuntamenti su Elementor","description":"Incorpora una ruota che gira interattiva sul sito Elementor. Scopri tutte le funzionalit\u00e0 del plug-in Elementor Spinning Wheel che puoi aggiungere al sito Web.","robots":{"index":"index","follow":"follow","max-snippet":"max-snippet:-1","max-image-preview":"max-image-preview:large","max-video-preview":"max-video-preview:-1"},"canonical":"https:\/\/elfsight.com\/it\/appointment-booking-widget\/elementor\/","og_locale":"it_IT","og_type":"article","og_title":"Plugin di prenotazione Elementor: aggiungi la prenotazione di appuntamenti su Elementor","og_description":"Incorpora una ruota che gira interattiva sul sito Elementor. Scopri tutte le funzionalit\u00e0 del plug-in Elementor Spinning Wheel che puoi aggiungere al sito Web.","og_url":"https:\/\/elfsight.com\/it\/appointment-booking-widget\/elementor\/","og_site_name":"Elfsight IT","article_modified_time":"2024-12-16T11:55:32+00:00","twitter_card":"summary_large_image","twitter_misc":{"Tempo di lettura stimato":"2 minuti"},"schema":{"@context":"https:\/\/schema.org","@graph":[{"@type":"WebPage","@id":"https:\/\/elfsight.com\/it\/appointment-booking-widget\/elementor\/","url":"https:\/\/elfsight.com\/it\/appointment-booking-widget\/elementor\/","name":"Plugin di prenotazione Elementor: aggiungi la prenotazione di appuntamenti su Elementor","isPartOf":{"@id":"https:\/\/elfsight.com\/it\/#website"},"datePublished":"2024-06-13T07:49:44+00:00","dateModified":"2024-12-16T11:55:32+00:00","description":"Incorpora una ruota che gira interattiva sul sito Elementor. Scopri tutte le funzionalit\u00e0 del plug-in Elementor Spinning Wheel che puoi aggiungere al sito Web.","breadcrumb":{"@id":"https:\/\/elfsight.com\/it\/appointment-booking-widget\/elementor\/#breadcrumb"},"inLanguage":"it-IT","potentialAction":[{"@type":"ReadAction","target":["https:\/\/elfsight.com\/it\/appointment-booking-widget\/elementor\/"]}]},{"@type":"BreadcrumbList","@id":"https:\/\/elfsight.com\/it\/appointment-booking-widget\/elementor\/#breadcrumb","itemListElement":[{"@type":"ListItem","position":1,"name":"Home","item":"https:\/\/elfsight.com\/it\/"},{"@type":"ListItem","position":2,"name":"Appointment Booking","item":"https:\/\/elfsight.com\/it\/appointment-booking-widget\/"},{"@type":"ListItem","position":3,"name":"Appointment Booking &#8211; Elementor"}]},{"@type":"WebSite","@id":"https:\/\/elfsight.com\/it\/#website","url":"https:\/\/elfsight.com\/it\/","name":"Elfsight IT","description":"Just another Elfsight Sites site","potentialAction":[{"@type":"SearchAction","target":{"@type":"EntryPoint","urlTemplate":"https:\/\/elfsight.com\/it\/?s={search_term_string}"},"query-input":{"@type":"PropertyValueSpecification","valueRequired":true,"valueName":"search_term_string"}}],"inLanguage":"it-IT"}]}},"meta_box":{"industry":"","seo_heading":"","heading":"","description":"","cta_heading":"","cta_description":"","application":"7912","h1":"Plug-in per la prenotazione di appuntamenti Elementor","h1_caption":"Aumenta il coinvolgimento e aumenta le conversioni con una divertente ruota girevole per Elementor che offre ai visitatori la possibilit\u00e0 di vincere sconti, premi o altri incentivi.","application_category":[],"applications_title":"","applications_request_title":"","applications_request_button_text":"","hero_text":"","hero_video":"","hero_video_schema_markup":"","selling_points_title":"","selling_points_caption":"","selling_points":[],"selling_points_cta_text":"","features_title":"","features":"","ed_cta_examples_text":"","ed_cta_examples_hidden":"","ed_cta_demo_text":"","ed_cta_demo_hidden":"","why_caption":"","why_editor_title":"","why_editor_text":"","why_team_title":"","why_team_text":"","why_service_title":"","why_service_text":"","template_catalog_visible":"","template_catalog_title":"","template_catalog_text":"","template_catalog_categories_visible":"","demo_title":"Crea il tuo widget Prenotazione appuntamento","demo_caption":"Configura la tua prenotazione dell'appuntamento e aggiungila gratuitamente al tuo sito Web Elementor!","default_faq_hidden":"","app_template_category":[],"platform":"68","template_public_id":"","codecanyon_url":"","codecanyon_item_id":"","codecanyon_price":"","pricing_caption":"","pricing_elfsight_apps_hide_column":"","pricing_elfsight_apps_url":"","pricing_codecanyon_price_caption":"","integration_category":[],"integration_request_title":"","integration_request_cta":"","integration_platform":"","integrations":[],"platform_category":[],"video_schema_markup":"","price":"da $ 0 al mese","trial":"","benefits":[{"text":"Servizio di installazione gratuito"},{"text":"Supporto eccezionale"},{"text":"Supporto eccezionale"},{"text":"Miglioramenti gratuiti continui"}],"button_url":"#demo","button_target_blank":"","button_nofollow":"","attributes":[{"name":"Installa"},{"name":"Reattivo"},{"name":"Browser compatibili"}],"tags":[],"tags_disable_links":"","hide_more_platforms":"","video_object":"","demo_hide_cta":"","demo_hide_cloud_options":"","pricing_title":"","pricing":[{"pricing_icon":"platform","pricing_title":"Elfsight Apps","pricing_title_caption":"App Elfsight","pricing_price":"A partire da $ 0 al mese","pricing_price_caption":"Inizia con un piano gratuito","pricing_benefits":[{"text":"Siti web illimitati"},{"text":"Supporto premium e ben documentato"},{"text":"Supporto gratuito per l'installazione"},{"text":"Flexible design"}],"pricing_button_text":"Aggiungi al sito web","pricing_button_url":"#demo"}],"related_apps_title":"","related_apps_hidden":"","author":"","image":[],"title":"","job":"","social_networks":[]},"_links":{"self":[{"href":"https:\/\/elfsight.com\/it\/wp-json\/wp\/v2\/pages\/8179","targetHints":{"allow":["GET"]}}],"collection":[{"href":"https:\/\/elfsight.com\/it\/wp-json\/wp\/v2\/pages"}],"about":[{"href":"https:\/\/elfsight.com\/it\/wp-json\/wp\/v2\/types\/page"}],"author":[{"embeddable":true,"href":"https:\/\/elfsight.com\/it\/wp-json\/wp\/v2\/users\/22"}],"replies":[{"embeddable":true,"href":"https:\/\/elfsight.com\/it\/wp-json\/wp\/v2\/comments?post=8179"}],"version-history":[{"count":1,"href":"https:\/\/elfsight.com\/it\/wp-json\/wp\/v2\/pages\/8179\/revisions"}],"predecessor-version":[{"id":8183,"href":"https:\/\/elfsight.com\/it\/wp-json\/wp\/v2\/pages\/8179\/revisions\/8183"}],"up":[{"embeddable":true,"href":"https:\/\/elfsight.com\/it\/wp-json\/wp\/v2\/pages\/7913"}],"wp:attachment":[{"href":"https:\/\/elfsight.com\/it\/wp-json\/wp\/v2\/media?parent=8179"}],"curies":[{"name":"wp","href":"https:\/\/api.w.org\/{rel}","templated":true}]}}