{"id":8158,"date":"2024-06-13T08:49:44","date_gmt":"2024-06-13T08:49:44","guid":{"rendered":"https:\/\/elfsight.com\/it\/?page_id=8158"},"modified":"2025-03-21T04:19:21","modified_gmt":"2025-03-21T04:19:21","slug":"joomla","status":"publish","type":"page","link":"https:\/\/elfsight.com\/it\/appointment-booking-widget\/joomla\/","title":{"rendered":"Appointment Booking &#8211; Joomla"},"content":{"rendered":"\n<div class=\"application-platform-content-item-description application-platform-content-item\" id=\"description\" data-nav-section=\"description\"><h2>Incorpora Appointment Booking su Joomla con l&#8217;estensione Elfsight!<\/h2> <p>L&#8217;estensione Appointment Booking \u00e8 al tuo servizio per aiutare i potenziali clienti prenota comodamente le fasce orarie sul tuo sito web Joomla, riducendo il lavoro manuale da parte tua, come il monitoraggio costante di messaggi, chiamate ed e-mail. Funziona come un receptionist virtuale che lavora 24 ore su 24, 7 giorni su 7, che invia avvisi automatici e pu\u00f2 essere collegato ad app di terze parti, come Google Calendar.<\/p> <p>Ora \u00e8 il momento di approfondire il tuo servizio o evento, specifica la durata, divulgare le informazioni di contatto e impostare i prezzi per facilitare i clienti nel prendere decisioni informate. Inoltre, personalizza l&#8217;estetica visiva dell&#8217;estensione modificando elementi e funzionalit\u00e0 personalizzati senza la necessit\u00e0 di perfezionare le capacit\u00e0 di programmazione o reclutare uno sviluppatore!<\/p> <p><b>Consenti alla tua attivit\u00e0 di prosperare e diventare accessibile a tutti potenziale utente con prenotazione online per appuntamenti sul tuo sito web!<\/b><\/p> <\/div> <div class=\"application-platform-content-item-features application-platform-content-item\" id=\"features\" data-nav-section=\"features\"> <h2>Offriamo funzionalit\u00e0 pratiche e facili, eccone alcune:<\/h2> <ul><li>Offri una descrizione accurata del tuo servizio (nome, dettagli, immagine e durata) e configura i prezzi in diverse valute.<\/li><li>Invia avvisi automatici per convalidare gli orari programmati ai clienti e te stesso.<\/li><li>Sincronizza il widget con servizi di terze parti, come Google Calendar, per garantire la pertinenza in tempo reale.<\/li><li>Condividi i dettagli di contatto della tua azienda come convalida social e consenti agli utenti di accedere touch in caso di scenari imprevisti.<\/li><li>Facili opzioni di personalizzazione senza la necessit\u00e0 di scrivere codice: modelli pronti all&#8217;uso, colori, design del layout, caratteri, editor CSS personalizzato, editor JS personalizzato, ecc.<\/li><\/ul><p><a href=\"#demo\">Prova semplicemente questa demo per avere un&#8217;idea completa<\/a><\/p> <\/div> <div class=\"application-platform-content-item-installation application-platform-content-item\" id=\"installation\" data-nav-section=\"installation\"> <h2>Come posso aggiungere la prenotazione dell&#8217;appuntamento al mio sito web Joomla?<\/h2> <p>Se desideri incorporare la prenotazione dell&#8217;appuntamento sul tuo sito web Joomla, segui i passaggi seguenti:<\/p> <ol><li><b>Apri la nostra demo gratuita e inizia a dare forma al tuo widget Feed LinkedIn personalizzato.<\/b><br> Specifica la forma e la funzionalit\u00e0 preferibili del widget e applica le modifiche.<\/li> <li><b>Ricevi il tuo codice personale esposto nell&#8217;apposito form su Elfsight Apps.<\/b><br> Non appena terminata la configurazione del tuo strumento, copia il codice personale dal box emerso e conservalo per un ulteriore utilizzo.<\/li> <li><b>Inizia a utilizzare lo strumento sul tuo sito web Joomla.<\/b><br> Inserisci il codice che hai copiato di recente sul tuo sito web e applica le modifiche.<\/li> <li><b>La configurazione \u00e8 completamente eseguita.<\/b><br> Vai al tuo sito web per vedere in azione come funziona il widget.<\/li><\/ol> <p>Se riscontri qualche problema, rivolgiti al nostro personale di supporto. I nostri consulenti saranno felici di aiutarti con tutte le domande che potresti avere sullo strumento.<\/p> <\/div>\n","protected":false},"excerpt":{"rendered":"","protected":false},"author":22,"featured_media":0,"parent":7913,"menu_order":0,"comment_status":"closed","ping_status":"closed","template":"templates\/template-application-platform.php","meta":{"publish_to_discourse":"","publish_post_category":"","wpdc_auto_publish_overridden":"","wpdc_topic_tags":"","wpdc_pin_topic":"","wpdc_pin_until":"","discourse_post_id":"","discourse_permalink":"","wpdc_publishing_response":"","wpdc_publishing_error":"","footnotes":""},"class_list":["post-8158","page","type-page","status-publish","hentry"],"yoast_head":"<!-- This site is optimized with the Yoast SEO plugin v25.3.1 - https:\/\/yoast.com\/wordpress\/plugins\/seo\/ -->\n<title>Widget per la prenotazione degli appuntamenti: incorpora la prenotazione nel sito Web Joomla<\/title>\n<meta name=\"description\" content=\"Incorpora una ruota che gira interattiva nel sito Joomla. Scopri tutte le funzionalit\u00e0 dell&#039;estensione Spinning Wheel di Joomla che puoi aggiungere al sito web.\" \/>\n<meta name=\"robots\" content=\"index, follow, max-snippet:-1, max-image-preview:large, max-video-preview:-1\" \/>\n<link rel=\"canonical\" href=\"https:\/\/elfsight.com\/it\/appointment-booking-widget\/joomla\/\" \/>\n<meta property=\"og:locale\" content=\"it_IT\" \/>\n<meta property=\"og:type\" content=\"article\" \/>\n<meta property=\"og:title\" content=\"Widget per la prenotazione degli appuntamenti: incorpora la prenotazione nel sito Web Joomla\" \/>\n<meta property=\"og:description\" content=\"Incorpora una ruota che gira interattiva nel sito Joomla. Scopri tutte le funzionalit\u00e0 dell&#039;estensione Spinning Wheel di Joomla che puoi aggiungere al sito web.\" \/>\n<meta property=\"og:url\" content=\"https:\/\/elfsight.com\/it\/appointment-booking-widget\/joomla\/\" \/>\n<meta property=\"og:site_name\" content=\"Elfsight IT\" \/>\n<meta property=\"article:modified_time\" content=\"2025-03-21T04:19:21+00:00\" \/>\n<meta name=\"twitter:card\" content=\"summary_large_image\" \/>\n<meta name=\"twitter:label1\" content=\"Tempo di lettura stimato\" \/>\n\t<meta name=\"twitter:data1\" content=\"3 minuti\" \/>\n<!-- \/ Yoast SEO plugin. -->","yoast_head_json":{"title":"Widget per la prenotazione degli appuntamenti: incorpora la prenotazione nel sito Web Joomla","description":"Incorpora una ruota che gira interattiva nel sito Joomla. Scopri tutte le funzionalit\u00e0 dell'estensione Spinning Wheel di Joomla che puoi aggiungere al sito web.","robots":{"index":"index","follow":"follow","max-snippet":"max-snippet:-1","max-image-preview":"max-image-preview:large","max-video-preview":"max-video-preview:-1"},"canonical":"https:\/\/elfsight.com\/it\/appointment-booking-widget\/joomla\/","og_locale":"it_IT","og_type":"article","og_title":"Widget per la prenotazione degli appuntamenti: incorpora la prenotazione nel sito Web Joomla","og_description":"Incorpora una ruota che gira interattiva nel sito Joomla. Scopri tutte le funzionalit\u00e0 dell'estensione Spinning Wheel di Joomla che puoi aggiungere al sito web.","og_url":"https:\/\/elfsight.com\/it\/appointment-booking-widget\/joomla\/","og_site_name":"Elfsight IT","article_modified_time":"2025-03-21T04:19:21+00:00","twitter_card":"summary_large_image","twitter_misc":{"Tempo di lettura stimato":"3 minuti"},"schema":{"@context":"https:\/\/schema.org","@graph":[{"@type":"WebPage","@id":"https:\/\/elfsight.com\/it\/appointment-booking-widget\/joomla\/","url":"https:\/\/elfsight.com\/it\/appointment-booking-widget\/joomla\/","name":"Widget per la prenotazione degli appuntamenti: incorpora la prenotazione nel sito Web Joomla","isPartOf":{"@id":"https:\/\/elfsight.com\/it\/#website"},"datePublished":"2024-06-13T08:49:44+00:00","dateModified":"2025-03-21T04:19:21+00:00","description":"Incorpora una ruota che gira interattiva nel sito Joomla. Scopri tutte le funzionalit\u00e0 dell'estensione Spinning Wheel di Joomla che puoi aggiungere al sito web.","breadcrumb":{"@id":"https:\/\/elfsight.com\/it\/appointment-booking-widget\/joomla\/#breadcrumb"},"inLanguage":"it-IT","potentialAction":[{"@type":"ReadAction","target":["https:\/\/elfsight.com\/it\/appointment-booking-widget\/joomla\/"]}]},{"@type":"BreadcrumbList","@id":"https:\/\/elfsight.com\/it\/appointment-booking-widget\/joomla\/#breadcrumb","itemListElement":[{"@type":"ListItem","position":1,"name":"Home","item":"https:\/\/elfsight.com\/it\/"},{"@type":"ListItem","position":2,"name":"Appointment Booking","item":"https:\/\/elfsight.com\/it\/appointment-booking-widget\/"},{"@type":"ListItem","position":3,"name":"Appointment Booking &#8211; Joomla"}]},{"@type":"WebSite","@id":"https:\/\/elfsight.com\/it\/#website","url":"https:\/\/elfsight.com\/it\/","name":"Elfsight IT","description":"Just another Elfsight Sites site","potentialAction":[{"@type":"SearchAction","target":{"@type":"EntryPoint","urlTemplate":"https:\/\/elfsight.com\/it\/?s={search_term_string}"},"query-input":{"@type":"PropertyValueSpecification","valueRequired":true,"valueName":"search_term_string"}}],"inLanguage":"it-IT"}]}},"meta_box":{"industry":"","seo_heading":"","heading":"","description":"","cta_heading":"","cta_description":"","application":"7912","h1":"Estensione per la prenotazione di appuntamenti Joomla","h1_caption":"Aumenta il coinvolgimento e aumenta le conversioni con una divertente ruota girevole per Joomla che offre ai visitatori la possibilit\u00e0 di vincere sconti, premi o altri incentivi.","application_category":[],"applications_title":"","applications_request_title":"","applications_request_button_text":"","hero_text":"","hero_video":"","hero_video_schema_markup":"","selling_points_title":"","selling_points_caption":"","selling_points":[],"selling_points_cta_text":"","features_title":"","features":"","ed_cta_examples_text":"","ed_cta_examples_hidden":"","ed_cta_demo_text":"","ed_cta_demo_hidden":"","why_caption":"","why_editor_title":"","why_editor_text":"","why_team_title":"","why_team_text":"","why_service_title":"","why_service_text":"","template_catalog_visible":"0","template_catalog_title":"","template_catalog_text":"","template_catalog_categories_visible":"","demo_title":"Crea il tuo plugin per la prenotazione degli appuntamenti","demo_caption":"Configura la tua Prenotazione Appuntamento e aggiungila gratuitamente al tuo sito Joomla!","default_faq_hidden":"","app_template_category":[],"platform":"36","template_public_id":"","codecanyon_url":"","codecanyon_item_id":"","codecanyon_price":"","pricing_caption":"","pricing_elfsight_apps_hide_column":"","pricing_elfsight_apps_url":"","pricing_codecanyon_price_caption":"","integration_category":[],"integration_request_title":"","integration_request_cta":"","integration_platform":"","integrations":[],"platform_category":[],"video_schema_markup":"","price":"da $ 0 al mese","trial":"","benefits":[{"text":"Servizio di installazione gratuito"},{"text":"Supporto premium"},{"text":"Premio del supporto"},{"text":"Miglioramenti gratuiti continui"}],"button_url":"#demo","button_target_blank":"0","button_nofollow":"0","attributes":[{"name":"Installa"},{"name":"Reattivo"},{"name":"Browser compatibili"}],"tags":[],"tags_disable_links":"0","hide_more_platforms":"0","video_object":"","demo_hide_cta":"0","demo_hide_cloud_options":"0","pricing_title":"","pricing":[{"pricing_icon":"platform","pricing_title":"Elfsight Apps","pricing_title_caption":"App Elfsight","pricing_price":"A partire da $ 0 al mese","pricing_price_caption":"Inizia con un piano gratuito","pricing_benefits":[{"text":"Siti web illimitati"},{"text":"Assistenza puntuale 24 ore su 24, 7 giorni su 7"},{"text":"Aiuto per l'installazione gratuito"},{"text":"Flexible design"}],"pricing_button_text":"Aggiungi al sito web","pricing_button_url":"#demo"}],"related_apps_title":"","related_apps_hidden":"0","author":"","image":[],"title":"","job":"","social_networks":[]},"_links":{"self":[{"href":"https:\/\/elfsight.com\/it\/wp-json\/wp\/v2\/pages\/8158","targetHints":{"allow":["GET"]}}],"collection":[{"href":"https:\/\/elfsight.com\/it\/wp-json\/wp\/v2\/pages"}],"about":[{"href":"https:\/\/elfsight.com\/it\/wp-json\/wp\/v2\/types\/page"}],"author":[{"embeddable":true,"href":"https:\/\/elfsight.com\/it\/wp-json\/wp\/v2\/users\/22"}],"replies":[{"embeddable":true,"href":"https:\/\/elfsight.com\/it\/wp-json\/wp\/v2\/comments?post=8158"}],"version-history":[{"count":2,"href":"https:\/\/elfsight.com\/it\/wp-json\/wp\/v2\/pages\/8158\/revisions"}],"predecessor-version":[{"id":9462,"href":"https:\/\/elfsight.com\/it\/wp-json\/wp\/v2\/pages\/8158\/revisions\/9462"}],"up":[{"embeddable":true,"href":"https:\/\/elfsight.com\/it\/wp-json\/wp\/v2\/pages\/7913"}],"wp:attachment":[{"href":"https:\/\/elfsight.com\/it\/wp-json\/wp\/v2\/media?parent=8158"}],"curies":[{"name":"wp","href":"https:\/\/api.w.org\/{rel}","templated":true}]}}