{"id":8124,"date":"2024-07-12T05:46:11","date_gmt":"2024-07-12T05:46:11","guid":{"rendered":"https:\/\/elfsight.com\/it\/?page_id=8124"},"modified":"2025-03-21T04:17:54","modified_gmt":"2025-03-21T04:17:54","slug":"facebook","status":"publish","type":"page","link":"https:\/\/elfsight.com\/it\/appointment-booking-widget\/facebook\/","title":{"rendered":"Appointment Booking &#8211; Facebook Page"},"content":{"rendered":"\n<div class=\"application-platform-content-item-description application-platform-content-item\" id=\"description\" data-nav-section=\"description\"><h2>Incorpora la prenotazione di appuntamenti sulla pagina Facebook con il widget Elfsight!<\/h2> <p>Il widget di prenotazione di appuntamenti \u00e8 qui per aiutare i potenziali clienti a proteggere fasce orarie comodamente sul sito web della tua Pagina Facebook, riducendo al minimo il lavoro manuale, come rimanere costantemente disponibile in ogni momento per non perdere mai messaggi, chiamate ed e-mail. Funziona come un receptionist dedicato in standby 24 ore su 24 che invia conferme automatizzate e pu\u00f2 essere collegato con integrazioni specializzate, come Google Calendar.<\/p> <p>Questo \u00e8 il momento giusto per elaborare ulteriormente il tuo servizio o evento, specificare il periodo di tempo, fornire informazioni di contatto e impostare i prezzi per rendere cos\u00ec facile per i clienti prendere una decisione. Oltre a ci\u00f2, personalizza l&#8217;aspetto del widget modificando elementi e funzionalit\u00e0 personalizzati senza la necessit\u00e0 di perfezionare le capacit\u00e0 di codifica o ingaggiare un programmatore esperto!<\/p> <p><b>Lascia che la tua attivit\u00e0 abbia successo e diventi disponibile a un pubblico pi\u00f9 ampio clientela attraverso la prenotazione online degli appuntamenti sul tuo sito web!<\/b><\/p> <\/div> <div class=\"application-platform-content-item-features application-platform-content-item\" id=\"features\" data-nav-section=\"features\"> <h2>Questi sono solo alcuni dei le ampie funzionalit\u00e0 del widget:<\/h2> <ul><li>Fornisci una descrizione concisa del tuo servizio (nome, dettagli, immagine e durata) e stabilisci i prezzi in varie valute.<\/li><li>Invia avvisi automatici per confermare a te e ai clienti gli orari prenotati.<\/li><li>Sincronizza il widget con app di outsourcing, come Google Calendar, per garantire aggiornamenti costanti.<\/li><li>Condividi le informazioni di contatto della tua attivit\u00e0 come prova sociale e autorizzazione gli utenti a contattarti in caso di imprevisti circostanze.<\/li><li>Personalizzazione avanzata senza necessit\u00e0 di codifica: modelli, colori, layout, caratteri predefiniti, editor CSS personalizzato, editor JS personalizzato, ecc.<\/li><\/ul><p><a href=\"#demo\">Basta controllare questa demo per vedere quanto vale il widget<\/a><\/p> <\/div> <div class=\"application-platform-content-item-installation application-platform-content-item\" id=\"installation\" data-nav-section=\"installation\"> <h2>Come incorporare il Prenotazione di un appuntamento sul sito web della mia Pagina Facebook?<\/h2> <div class=\"tip-yellow tip\"><b>A causa dei recenti cambiamenti di Facebook e del passaggio all&#8217;esperienza Nuova Pagina, l&#8217;utilizzo \u00e8 attualmente possibile solo aggiungendo un collegamento diretto al widget. Stiamo cercando attivamente una soluzione e aggiorneremo la configurazione della pagina Facebook non appena troveremo un modo.<\/b><\/div><p>Per incorporare la prenotazione dell&#8217;appuntamento sul sito web della tua pagina Facebook, procedi nel seguente modo:<\/p> <ol><li><b>Gestisci il nostro configuratore gratuito e inizia a dare forma al tuo widget feed LinkedIn personalizzato.<\/b><br> Determina il layout e le funzionalit\u00e0 preferibili del plug-in e applica le modifiche.<\/li> <li><b>Acquisisci il tuo codice personale mostrato in nella casella delle app Elfsight.<\/b><br> Dopo aver completato la configurazione del plug-in, copia il codice individuale nel popup visualizzato e salvalo per un uso successivo.<\/li> <li><b>Inizia a utilizzare il strumento sul sito web della tua Pagina Facebook.<\/b><br> Integra il codice salvato di recente sul tuo sito web e applica i miglioramenti.<\/li> <li><b>Il gioco \u00e8 fatto! L&#8217;integrazione \u00e8 stata completata.<\/b><br> Visita il tuo sito web per verificare come funziona il widget.<\/li><\/ol> <p>In caso di ostacoli, non aver paura di contattare il nostro personale di supporto. Il nostro personale sar\u00e0 entusiasta di aiutarti con tutti i problemi che potresti riscontrare con il plugin.<\/p> <\/div>\n","protected":false},"excerpt":{"rendered":"","protected":false},"author":22,"featured_media":0,"parent":7913,"menu_order":0,"comment_status":"closed","ping_status":"closed","template":"templates\/template-application-platform.php","meta":{"publish_to_discourse":"","publish_post_category":"","wpdc_auto_publish_overridden":"","wpdc_topic_tags":"","wpdc_pin_topic":"","wpdc_pin_until":"","discourse_post_id":"","discourse_permalink":"","wpdc_publishing_response":"","wpdc_publishing_error":"","footnotes":""},"class_list":["post-8124","page","type-page","status-publish","hentry"],"yoast_head":"<!-- This site is optimized with the Yoast SEO plugin v25.3.1 - https:\/\/yoast.com\/wordpress\/plugins\/seo\/ -->\n<title>Widget prenotazione appuntamento: incorpora la prenotazione nel sito Web della pagina Facebook<\/title>\n<meta name=\"description\" content=\"Aggiungi un&#039;app per la prenotazione di appuntamenti senza codifica al sito web di Weebly e consenti ai clienti di prenotare gli slot con pochi clic!\" \/>\n<meta name=\"robots\" content=\"index, follow, max-snippet:-1, max-image-preview:large, max-video-preview:-1\" \/>\n<link rel=\"canonical\" href=\"https:\/\/elfsight.com\/it\/appointment-booking-widget\/facebook\/\" \/>\n<meta property=\"og:locale\" content=\"it_IT\" \/>\n<meta property=\"og:type\" content=\"article\" \/>\n<meta property=\"og:title\" content=\"Widget prenotazione appuntamento: incorpora la prenotazione nel sito Web della pagina Facebook\" \/>\n<meta property=\"og:description\" content=\"Aggiungi un&#039;app per la prenotazione di appuntamenti senza codifica al sito web di Weebly e consenti ai clienti di prenotare gli slot con pochi clic!\" \/>\n<meta property=\"og:url\" content=\"https:\/\/elfsight.com\/it\/appointment-booking-widget\/facebook\/\" \/>\n<meta property=\"og:site_name\" content=\"Elfsight IT\" \/>\n<meta property=\"article:modified_time\" content=\"2025-03-21T04:17:54+00:00\" \/>\n<meta name=\"twitter:card\" content=\"summary_large_image\" \/>\n<meta name=\"twitter:label1\" content=\"Tempo di lettura stimato\" \/>\n\t<meta name=\"twitter:data1\" content=\"3 minuti\" \/>\n<!-- \/ Yoast SEO plugin. -->","yoast_head_json":{"title":"Widget prenotazione appuntamento: incorpora la prenotazione nel sito Web della pagina Facebook","description":"Aggiungi un'app per la prenotazione di appuntamenti senza codifica al sito web di Weebly e consenti ai clienti di prenotare gli slot con pochi clic!","robots":{"index":"index","follow":"follow","max-snippet":"max-snippet:-1","max-image-preview":"max-image-preview:large","max-video-preview":"max-video-preview:-1"},"canonical":"https:\/\/elfsight.com\/it\/appointment-booking-widget\/facebook\/","og_locale":"it_IT","og_type":"article","og_title":"Widget prenotazione appuntamento: incorpora la prenotazione nel sito Web della pagina Facebook","og_description":"Aggiungi un'app per la prenotazione di appuntamenti senza codifica al sito web di Weebly e consenti ai clienti di prenotare gli slot con pochi clic!","og_url":"https:\/\/elfsight.com\/it\/appointment-booking-widget\/facebook\/","og_site_name":"Elfsight IT","article_modified_time":"2025-03-21T04:17:54+00:00","twitter_card":"summary_large_image","twitter_misc":{"Tempo di lettura stimato":"3 minuti"},"schema":{"@context":"https:\/\/schema.org","@graph":[{"@type":"WebPage","@id":"https:\/\/elfsight.com\/it\/appointment-booking-widget\/facebook\/","url":"https:\/\/elfsight.com\/it\/appointment-booking-widget\/facebook\/","name":"Widget prenotazione appuntamento: incorpora la prenotazione nel sito Web della pagina Facebook","isPartOf":{"@id":"https:\/\/elfsight.com\/it\/#website"},"datePublished":"2024-07-12T05:46:11+00:00","dateModified":"2025-03-21T04:17:54+00:00","description":"Aggiungi un'app per la prenotazione di appuntamenti senza codifica al sito web di Weebly e consenti ai clienti di prenotare gli slot con pochi clic!","breadcrumb":{"@id":"https:\/\/elfsight.com\/it\/appointment-booking-widget\/facebook\/#breadcrumb"},"inLanguage":"it-IT","potentialAction":[{"@type":"ReadAction","target":["https:\/\/elfsight.com\/it\/appointment-booking-widget\/facebook\/"]}]},{"@type":"BreadcrumbList","@id":"https:\/\/elfsight.com\/it\/appointment-booking-widget\/facebook\/#breadcrumb","itemListElement":[{"@type":"ListItem","position":1,"name":"Home","item":"https:\/\/elfsight.com\/it\/"},{"@type":"ListItem","position":2,"name":"Appointment Booking","item":"https:\/\/elfsight.com\/it\/appointment-booking-widget\/"},{"@type":"ListItem","position":3,"name":"Appointment Booking &#8211; Facebook Page"}]},{"@type":"WebSite","@id":"https:\/\/elfsight.com\/it\/#website","url":"https:\/\/elfsight.com\/it\/","name":"Elfsight IT","description":"Just another Elfsight Sites site","potentialAction":[{"@type":"SearchAction","target":{"@type":"EntryPoint","urlTemplate":"https:\/\/elfsight.com\/it\/?s={search_term_string}"},"query-input":{"@type":"PropertyValueSpecification","valueRequired":true,"valueName":"search_term_string"}}],"inLanguage":"it-IT"}]}},"meta_box":{"industry":"","seo_heading":"","heading":"","description":"","cta_heading":"","cta_description":"","application":"7912","h1":"Widget di prenotazione appuntamenti sulla pagina Facebook","h1_caption":"Consenti agli utenti di pianificare facilmente gli appuntamenti direttamente dal tuo sito Web Weebly, migliorando la comodit\u00e0 e semplificando il processo di prenotazione.","application_category":[],"applications_title":"","applications_request_title":"","applications_request_button_text":"","hero_text":"","hero_video":"","hero_video_schema_markup":"","selling_points_title":"","selling_points_caption":"","selling_points":[],"selling_points_cta_text":"","features_title":"","features":"","ed_cta_examples_text":"","ed_cta_examples_hidden":"","ed_cta_demo_text":"","ed_cta_demo_hidden":"","why_caption":"","why_editor_title":"","why_editor_text":"","why_team_title":"","why_team_text":"","why_service_title":"","why_service_text":"","template_catalog_visible":"0","template_catalog_title":"","template_catalog_text":"","template_catalog_categories_visible":"","demo_title":"Crea il tuo widget Prenotazione appuntamento","demo_caption":"Configura la tua Prenotazione Appuntamento e aggiungila gratuitamente al sito della tua Pagina Facebook!","default_faq_hidden":"","app_template_category":[],"platform":"77","template_public_id":"","codecanyon_url":"","codecanyon_item_id":"","codecanyon_price":"","pricing_caption":"","pricing_elfsight_apps_hide_column":"","pricing_elfsight_apps_url":"","pricing_codecanyon_price_caption":"","integration_category":[],"integration_request_title":"","integration_request_cta":"","integration_platform":"","integrations":[],"platform_category":[],"video_schema_markup":"","price":"da $ 0 al mese","trial":"","benefits":[{"text":"Servizio di installazione gratuito"},{"text":"Assistenza clienti con esperienza"},{"text":"Assistenza clienti con esperienza"},{"text":"Miglioramenti gratuiti continui"}],"button_url":"#demo","button_target_blank":"0","button_nofollow":"0","attributes":[{"name":"Installa"},{"name":"Reattivo"},{"name":"Browser compatibili"}],"tags":[],"tags_disable_links":"0","hide_more_platforms":"0","video_object":"","demo_hide_cta":"0","demo_hide_cloud_options":"0","pricing_title":"","pricing":[{"pricing_icon":"platform","pricing_title":"Elfsight Apps","pricing_title_caption":"App Elfsight","pricing_price":"A partire da $ 0 al mese","pricing_price_caption":"Inizia con un piano gratuito","pricing_benefits":[{"text":"Siti web illimitati"},{"text":"Assistenza clienti veloce"},{"text":"Supporto gratuito per l'installazione"},{"text":"Flexible design"}],"pricing_button_text":"Aggiungi al sito web","pricing_button_url":"#demo"}],"related_apps_title":"","related_apps_hidden":"0","author":"","image":[],"title":"","job":"","social_networks":[]},"_links":{"self":[{"href":"https:\/\/elfsight.com\/it\/wp-json\/wp\/v2\/pages\/8124","targetHints":{"allow":["GET"]}}],"collection":[{"href":"https:\/\/elfsight.com\/it\/wp-json\/wp\/v2\/pages"}],"about":[{"href":"https:\/\/elfsight.com\/it\/wp-json\/wp\/v2\/types\/page"}],"author":[{"embeddable":true,"href":"https:\/\/elfsight.com\/it\/wp-json\/wp\/v2\/users\/22"}],"replies":[{"embeddable":true,"href":"https:\/\/elfsight.com\/it\/wp-json\/wp\/v2\/comments?post=8124"}],"version-history":[{"count":2,"href":"https:\/\/elfsight.com\/it\/wp-json\/wp\/v2\/pages\/8124\/revisions"}],"predecessor-version":[{"id":9461,"href":"https:\/\/elfsight.com\/it\/wp-json\/wp\/v2\/pages\/8124\/revisions\/9461"}],"up":[{"embeddable":true,"href":"https:\/\/elfsight.com\/it\/wp-json\/wp\/v2\/pages\/7913"}],"wp:attachment":[{"href":"https:\/\/elfsight.com\/it\/wp-json\/wp\/v2\/media?parent=8124"}],"curies":[{"name":"wp","href":"https:\/\/api.w.org\/{rel}","templated":true}]}}