{"id":8123,"date":"2024-07-12T05:50:10","date_gmt":"2024-07-12T05:50:10","guid":{"rendered":"https:\/\/elfsight.com\/it\/?page_id=8123"},"modified":"2025-03-21T04:16:22","modified_gmt":"2025-03-21T04:16:22","slug":"bigcommerce","status":"publish","type":"page","link":"https:\/\/elfsight.com\/it\/appointment-booking-widget\/bigcommerce\/","title":{"rendered":"Appointment Booking &#8211; BigCommerce"},"content":{"rendered":"\n<div class=\"application-platform-content-item-description application-platform-content-item\" id=\"description\" data-nav-section=\"description\"><h2>Incorpora la prenotazione di appuntamenti su BigCommerce con l&#8217;app Elfsight!<\/h2> <p>L&#8217;app di prenotazione degli appuntamenti \u00e8 al tuo servizio per aiutare i potenziali clienti nel prenotare comodamente le fasce orarie sul tuo sito web BigCommerce, alleggerendo il peso del lavoro manuale, come il monitoraggio costante di messaggi, chiamate ed e-mail, da parte tua. Immagina di avere un receptionist di turno che lavora 24 ore su 24, 7 giorni su 7, che fornisce conferme automatizzate e pu\u00f2 essere collegato a integrazioni esterne, come Google Calendar.<\/p> <p>Questo \u00e8 il momento perfetto per approfondire ulteriormente il tuo servizio o occasione, specificare la durata, divulgare le informazioni di contatto e impostare i prezzi per semplificare il processo decisionale dei clienti. Inoltre, personalizza l&#8217;estetica visiva dell&#8217;app modificando elementi e funzionalit\u00e0 personalizzati senza la necessit\u00e0 di migliorare le capacit\u00e0 di programmazione o reclutare uno sviluppatore esperto!<\/p> <p><b>Lascia che la tua attivit\u00e0 abbia successo e diventi disponibile per una clientela pi\u00f9 ampia attraverso prenotazione online per appuntamenti sul tuo sito web!<\/b><\/p> <\/div> <div class=\"application-platform-content-item-features application-platform-content-item\" id=\"features\" data-nav-section=\"features\"> <h2>Offriamo funzionalit\u00e0 utili e veloci, visualizzane alcune:<\/h2> <ul> <li>Fornisci una descrizione concisa del tuo servizio (nome, dettagli, immagine e durata) e imposta i prezzi in diverse valute.<\/li><li>Invia notifiche automatizzate per convalidare gli appuntamenti programmati per i clienti e per te stesso.<\/li> <li>Sincronizza il widget con integrazioni di terze parti, come Google Calendar, per rimanere sempre aggiornato.<\/li><li>Mostra le informazioni di contatto della tua azienda per credibilit\u00e0 e consenti agli utenti di contattare in caso di circostanze impreviste. <\/li><li>Personalizzazione senza codice con impostazioni di progettazione avanzate: modelli predefiniti, colori, layout eleganti, caratteri, editor CSS personalizzato, editor JS personalizzato e altro ancora.<\/li><\/ul><p> <a href=\"#demo\">Puoi verificare tutte le funzionalit\u00e0 del widget nella demo in questa pagina<\/a><\/p> <\/div> <div class=\"application-platform-content-item-installation application-platform-content-item\" id=\"installation\" data-nav-section=\"installation\"> <h2>Come puoi Incorporo la prenotazione dell&#8217;appuntamento sul mio sito web BigCommerce?<\/h2> <p>Per aggiungere la prenotazione dell&#8217;appuntamento al tuo sito web BigCommerce, esegui le seguenti azioni:<\/p> <ol><li><b>Utilizza il nostro servizio gratuito demo e inizia a creare il tuo widget Feed LinkedIn personalizzato.<\/b><br> Specifica il design personalizzato e le caratteristiche del plugin e applica le modifiche.<\/li> <li><b>Copia il codice personale mostrato nella finestra su App Elfsight.<\/b><br> Una volta terminata la creazione del tuo strumento personale, copia il codice individuale dal popup e salvalo per occasioni future.<\/li> <li><b>Inizia a utilizzare lo strumento su il tuo sito web BigCommerce.<\/b><br> Inserisci il codice che hai salvato di recente sul tuo sito web e applica le modifiche.<\/li> <li><b>La configurazione \u00e8 completamente eseguita.<\/b><br> Vai al tuo sito web per verificare come funziona lo strumento.<\/li><\/ol> <p>Se dovessi affrontare domande o incontrare alcuni ostacoli, rivolgiti al nostro personale di supporto. Il nostro personale non vede l&#8217;ora di risolvere tutte le difficolt\u00e0 che potresti avere con il plugin.<\/p> <\/div>\n","protected":false},"excerpt":{"rendered":"","protected":false},"author":22,"featured_media":0,"parent":7913,"menu_order":0,"comment_status":"closed","ping_status":"closed","template":"templates\/template-application-platform.php","meta":{"publish_to_discourse":"","publish_post_category":"","wpdc_auto_publish_overridden":"","wpdc_topic_tags":"","wpdc_pin_topic":"","wpdc_pin_until":"","discourse_post_id":"","discourse_permalink":"","wpdc_publishing_response":"","wpdc_publishing_error":"","footnotes":""},"class_list":["post-8123","page","type-page","status-publish","hentry"],"yoast_head":"<!-- This site is optimized with the Yoast SEO plugin v25.3.1 - https:\/\/yoast.com\/wordpress\/plugins\/seo\/ -->\n<title>Widget di prenotazione di appuntamenti: incorpora la prenotazione sul sito Web di BigCommerce<\/title>\n<meta name=\"description\" content=\"Aggiungi un&#039;app per la prenotazione di appuntamenti senza codifica al sito Web della pagina Facebook e consenti ai clienti di prenotare gli slot con pochi clic!\" \/>\n<meta name=\"robots\" content=\"index, follow, max-snippet:-1, max-image-preview:large, max-video-preview:-1\" \/>\n<link rel=\"canonical\" href=\"https:\/\/elfsight.com\/it\/appointment-booking-widget\/bigcommerce\/\" \/>\n<meta property=\"og:locale\" content=\"it_IT\" \/>\n<meta property=\"og:type\" content=\"article\" \/>\n<meta property=\"og:title\" content=\"Widget di prenotazione di appuntamenti: incorpora la prenotazione sul sito Web di BigCommerce\" \/>\n<meta property=\"og:description\" content=\"Aggiungi un&#039;app per la prenotazione di appuntamenti senza codifica al sito Web della pagina Facebook e consenti ai clienti di prenotare gli slot con pochi clic!\" \/>\n<meta property=\"og:url\" content=\"https:\/\/elfsight.com\/it\/appointment-booking-widget\/bigcommerce\/\" \/>\n<meta property=\"og:site_name\" content=\"Elfsight IT\" \/>\n<meta property=\"article:modified_time\" content=\"2025-03-21T04:16:22+00:00\" \/>\n<meta name=\"twitter:card\" content=\"summary_large_image\" \/>\n<meta name=\"twitter:label1\" content=\"Tempo di lettura stimato\" \/>\n\t<meta name=\"twitter:data1\" content=\"3 minuti\" \/>\n<!-- \/ Yoast SEO plugin. -->","yoast_head_json":{"title":"Widget di prenotazione di appuntamenti: incorpora la prenotazione sul sito Web di BigCommerce","description":"Aggiungi un'app per la prenotazione di appuntamenti senza codifica al sito Web della pagina Facebook e consenti ai clienti di prenotare gli slot con pochi clic!","robots":{"index":"index","follow":"follow","max-snippet":"max-snippet:-1","max-image-preview":"max-image-preview:large","max-video-preview":"max-video-preview:-1"},"canonical":"https:\/\/elfsight.com\/it\/appointment-booking-widget\/bigcommerce\/","og_locale":"it_IT","og_type":"article","og_title":"Widget di prenotazione di appuntamenti: incorpora la prenotazione sul sito Web di BigCommerce","og_description":"Aggiungi un'app per la prenotazione di appuntamenti senza codifica al sito Web della pagina Facebook e consenti ai clienti di prenotare gli slot con pochi clic!","og_url":"https:\/\/elfsight.com\/it\/appointment-booking-widget\/bigcommerce\/","og_site_name":"Elfsight IT","article_modified_time":"2025-03-21T04:16:22+00:00","twitter_card":"summary_large_image","twitter_misc":{"Tempo di lettura stimato":"3 minuti"},"schema":{"@context":"https:\/\/schema.org","@graph":[{"@type":"WebPage","@id":"https:\/\/elfsight.com\/it\/appointment-booking-widget\/bigcommerce\/","url":"https:\/\/elfsight.com\/it\/appointment-booking-widget\/bigcommerce\/","name":"Widget di prenotazione di appuntamenti: incorpora la prenotazione sul sito Web di BigCommerce","isPartOf":{"@id":"https:\/\/elfsight.com\/it\/#website"},"datePublished":"2024-07-12T05:50:10+00:00","dateModified":"2025-03-21T04:16:22+00:00","description":"Aggiungi un'app per la prenotazione di appuntamenti senza codifica al sito Web della pagina Facebook e consenti ai clienti di prenotare gli slot con pochi clic!","breadcrumb":{"@id":"https:\/\/elfsight.com\/it\/appointment-booking-widget\/bigcommerce\/#breadcrumb"},"inLanguage":"it-IT","potentialAction":[{"@type":"ReadAction","target":["https:\/\/elfsight.com\/it\/appointment-booking-widget\/bigcommerce\/"]}]},{"@type":"BreadcrumbList","@id":"https:\/\/elfsight.com\/it\/appointment-booking-widget\/bigcommerce\/#breadcrumb","itemListElement":[{"@type":"ListItem","position":1,"name":"Home","item":"https:\/\/elfsight.com\/it\/"},{"@type":"ListItem","position":2,"name":"Appointment Booking","item":"https:\/\/elfsight.com\/it\/appointment-booking-widget\/"},{"@type":"ListItem","position":3,"name":"Appointment Booking &#8211; BigCommerce"}]},{"@type":"WebSite","@id":"https:\/\/elfsight.com\/it\/#website","url":"https:\/\/elfsight.com\/it\/","name":"Elfsight IT","description":"Just another Elfsight Sites site","potentialAction":[{"@type":"SearchAction","target":{"@type":"EntryPoint","urlTemplate":"https:\/\/elfsight.com\/it\/?s={search_term_string}"},"query-input":{"@type":"PropertyValueSpecification","valueRequired":true,"valueName":"search_term_string"}}],"inLanguage":"it-IT"}]}},"meta_box":{"industry":"","seo_heading":"","heading":"","description":"","cta_heading":"","cta_description":"","application":"7912","h1":"App per la prenotazione di appuntamenti BigCommerce","h1_caption":"Consenti agli utenti di pianificare facilmente gli appuntamenti direttamente dalla tua pagina Facebook, migliorando la comodit\u00e0 e semplificando il processo di prenotazione.","application_category":[],"applications_title":"","applications_request_title":"","applications_request_button_text":"","hero_text":"","hero_video":"","hero_video_schema_markup":"","selling_points_title":"","selling_points_caption":"","selling_points":[],"selling_points_cta_text":"","features_title":"","features":"","ed_cta_examples_text":"","ed_cta_examples_hidden":"","ed_cta_demo_text":"","ed_cta_demo_hidden":"","why_caption":"","why_editor_title":"","why_editor_text":"","why_team_title":"","why_team_text":"","why_service_title":"","why_service_text":"","template_catalog_visible":"0","template_catalog_title":"","template_catalog_text":"","template_catalog_categories_visible":"","demo_title":"Crea la tua app per la prenotazione degli appuntamenti","demo_caption":"Configura la tua prenotazione di appuntamenti e aggiungila gratuitamente al tuo sito BigCommerce!","default_faq_hidden":"","app_template_category":[],"platform":"32","template_public_id":"","codecanyon_url":"","codecanyon_item_id":"","codecanyon_price":"","pricing_caption":"","pricing_elfsight_apps_hide_column":"","pricing_elfsight_apps_url":"","pricing_codecanyon_price_caption":"","integration_category":[],"integration_request_title":"","integration_request_cta":"","integration_platform":"","integrations":[],"platform_category":[],"video_schema_markup":"","price":"da $ 0 al mese","trial":"","benefits":[{"text":"Servizio di installazione gratuito"},{"text":"Servizio clienti professionale"},{"text":"Servizio clienti professionale"},{"text":"Aggiornamento costante"}],"button_url":"#demo","button_target_blank":"0","button_nofollow":"0","attributes":[{"name":"Installa"},{"name":"Reattivo"},{"name":"Browser compatibili"}],"tags":[],"tags_disable_links":"0","hide_more_platforms":"0","video_object":"","demo_hide_cta":"0","demo_hide_cloud_options":"0","pricing_title":"","pricing":[{"pricing_icon":"platform","pricing_title":"Elfsight Apps","pricing_title_caption":"App Elfsight","pricing_price":"A partire da $ 0 al mese","pricing_price_caption":"Inizia con un piano gratuito","pricing_benefits":[{"text":"Siti web illimitati"},{"text":"Supporto aziendale rapido e ben documentato"},{"text":"Servizio di installazione gratuito"},{"text":"100% customizable"}],"pricing_button_text":"Aggiungi al sito web","pricing_button_url":"#demo"}],"related_apps_title":"","related_apps_hidden":"0","author":"","image":[],"title":"","job":"","social_networks":[]},"_links":{"self":[{"href":"https:\/\/elfsight.com\/it\/wp-json\/wp\/v2\/pages\/8123","targetHints":{"allow":["GET"]}}],"collection":[{"href":"https:\/\/elfsight.com\/it\/wp-json\/wp\/v2\/pages"}],"about":[{"href":"https:\/\/elfsight.com\/it\/wp-json\/wp\/v2\/types\/page"}],"author":[{"embeddable":true,"href":"https:\/\/elfsight.com\/it\/wp-json\/wp\/v2\/users\/22"}],"replies":[{"embeddable":true,"href":"https:\/\/elfsight.com\/it\/wp-json\/wp\/v2\/comments?post=8123"}],"version-history":[{"count":2,"href":"https:\/\/elfsight.com\/it\/wp-json\/wp\/v2\/pages\/8123\/revisions"}],"predecessor-version":[{"id":9460,"href":"https:\/\/elfsight.com\/it\/wp-json\/wp\/v2\/pages\/8123\/revisions\/9460"}],"up":[{"embeddable":true,"href":"https:\/\/elfsight.com\/it\/wp-json\/wp\/v2\/pages\/7913"}],"wp:attachment":[{"href":"https:\/\/elfsight.com\/it\/wp-json\/wp\/v2\/media?parent=8123"}],"curies":[{"name":"wp","href":"https:\/\/api.w.org\/{rel}","templated":true}]}}