{"id":8118,"date":"2024-07-12T05:53:44","date_gmt":"2024-07-12T05:53:44","guid":{"rendered":"https:\/\/elfsight.com\/it\/?page_id=8118"},"modified":"2024-12-16T11:54:19","modified_gmt":"2024-12-16T11:54:19","slug":"blogger","status":"publish","type":"page","link":"https:\/\/elfsight.com\/it\/appointment-booking-widget\/blogger\/","title":{"rendered":"Appointment Booking &#8211; Blogger"},"content":{"rendered":"<div class=\"application-platform-content-item-description application-platform-content-item\" id=\"description\" data-nav-section=\"description\"><h2>Incorpora Prenotazione Appuntamento su Blogger con il widget Elfsight!<\/h2> <p>Il widget Prenotazione Appuntamento \u00e8 qui per aiutare i potenziali utenti a prendersi del tempo si inserir\u00e0 comodamente nel tuo sito web Blogger e ti toglierai il peso di attivit\u00e0 pratiche, come il monitoraggio costante di messaggi, chiamate ed e-mail. Funziona come un receptionist virtuale attivo 24 ore su 24, 7 giorni su 7, in grado anche di inviare conferme automatizzate e di connettersi con integrazioni esterne, come Google Calendar.<\/p> <p>\u00c8 arrivato il momento di approfondire il tuo servizio o evento, specifica il periodo di tempo, divulgare le informazioni di contatto e decidere il prezzo per rendere cos\u00ec facile per i clienti prendere una decisione. Inoltre, personalizza l&#8217;aspetto del widget modificando elementi e funzionalit\u00e0 personalizzati senza la necessit\u00e0 di perfezionare il know-how di programmazione o assumere un programmatore esperto!<\/p> <p><b>Lascia che la tua attivit\u00e0 abbia successo e sia alla portata di un pubblico pi\u00f9 ampio offrendo la prenotazione online degli appuntamenti sul tuo sito web!<\/b><\/p> <\/div> <div class=\"application-platform-content-item-features application-platform-content-item\" id=\"features\" data-nav-section=\"features\"> <h2>Trova di seguito le principali caratteristiche del widget:<\/h2> <ul><li>Offri una panoramica completa del tuo servizio (nome, dettagli, immagine e durata) e configura i prezzi in diverse valute.<\/li><li>Invia notifiche automatiche per convalidare il appuntamenti riservati ai clienti e a te stesso.<\/li><li>Collega il widget a servizi di outsourcing, come Google Calendar, per mantenere aggiornamenti costanti.<\/li><li>Condividi le informazioni di contatto della tua azienda come convalida sociale e consenti agli utenti di contattarvi in \u200b\u200bcaso di imprevisti scenari.<\/li><li>Personalizzazione senza codice con impostazioni di progettazione avanzate: modelli, colori, layout, caratteri pronti all&#8217;uso, editor CSS personalizzato, editor JS personalizzato e altro ancora.<\/li><\/ul> <p><a href=\"#demo\">Prova tutte le impostazioni nella demo completa<\/a><\/p> <\/div> <div class=\"application-platform-content-item-installation application-platform-content-item\" id=\"installation\" data-nav-section=\"installation\"> <h2>Come fare aggiungere la prenotazione dell&#8217;appuntamento al mio sito web Blogger?<\/h2> <p>Se desideri aggiungere la prenotazione dell&#8217;appuntamento al tuo sito web Blogger, segui questi passaggi:<\/p> <ol><li><b>Lancia la nostra demo gratuita e inizia a dare forma al tuo plug-in feed LinkedIn personalizzato.<\/b><br> Determina l&#8217;interfaccia e le specifiche desiderabili dello strumento e applica le modifiche.<\/li> <li><b>Ottieni il tuo codice univoco che viene mostrato nella finestra sulle app Elfsight.<\/b><br> A breve una volta completata la personalizzazione del tuo strumento personale, copia il codice individuale nella casella visualizzata e conservalo per necessit\u00e0 successive.<\/li> <li><b>Inizia a utilizzare il widget sul tuo sito Blogger.<\/b> <br> Implementa il codice copiato in precedenza nel tuo sito web e applica le correzioni.<\/li> <li><b>L&#8217;installazione \u00e8 completamente terminata.<\/b><br> Visita il tuo sito web per dare un&#8217;occhiata a come funziona il plugin funziona.<\/li><\/ol> <p>A condizione di sperimentare domande o confrontarsi con alcune complicazioni, non aver paura di rivolgerti al nostro servizio clienti. I nostri consulenti sono desiderosi di aiutarti con tutti i problemi che potresti riscontrare con lo strumento.<\/p> <\/div> ","protected":false},"excerpt":{"rendered":"","protected":false},"author":22,"featured_media":0,"parent":7913,"menu_order":0,"comment_status":"closed","ping_status":"closed","template":"templates\/template-application-platform.php","meta":{"publish_to_discourse":"","publish_post_category":"","wpdc_auto_publish_overridden":"","wpdc_topic_tags":"","wpdc_pin_topic":"","wpdc_pin_until":"","discourse_post_id":"","discourse_permalink":"","wpdc_publishing_response":"","wpdc_publishing_error":"","footnotes":""},"class_list":["post-8118","page","type-page","status-publish","hentry"],"yoast_head":"<!-- This site is optimized with the Yoast SEO plugin v25.3.1 - https:\/\/yoast.com\/wordpress\/plugins\/seo\/ -->\n<title>Widget Prenotazione appuntamenti: incorpora la prenotazione nel sito Web di Blogger<\/title>\n<meta name=\"description\" content=\"Aggiungi un&#039;app per la prenotazione di appuntamenti senza codifica al sito web di BigCommerce e consenti ai clienti di prenotare gli slot con pochi clic!\" \/>\n<meta name=\"robots\" content=\"index, follow, max-snippet:-1, max-image-preview:large, max-video-preview:-1\" \/>\n<link rel=\"canonical\" href=\"https:\/\/elfsight.com\/it\/appointment-booking-widget\/blogger\/\" \/>\n<meta property=\"og:locale\" content=\"it_IT\" \/>\n<meta property=\"og:type\" content=\"article\" \/>\n<meta property=\"og:title\" content=\"Widget Prenotazione appuntamenti: incorpora la prenotazione nel sito Web di Blogger\" \/>\n<meta property=\"og:description\" content=\"Aggiungi un&#039;app per la prenotazione di appuntamenti senza codifica al sito web di BigCommerce e consenti ai clienti di prenotare gli slot con pochi clic!\" \/>\n<meta property=\"og:url\" content=\"https:\/\/elfsight.com\/it\/appointment-booking-widget\/blogger\/\" \/>\n<meta property=\"og:site_name\" content=\"Elfsight IT\" \/>\n<meta property=\"article:modified_time\" content=\"2024-12-16T11:54:19+00:00\" \/>\n<meta name=\"twitter:card\" content=\"summary_large_image\" \/>\n<meta name=\"twitter:label1\" content=\"Tempo di lettura stimato\" \/>\n\t<meta name=\"twitter:data1\" content=\"2 minuti\" \/>\n<!-- \/ Yoast SEO plugin. -->","yoast_head_json":{"title":"Widget Prenotazione appuntamenti: incorpora la prenotazione nel sito Web di Blogger","description":"Aggiungi un'app per la prenotazione di appuntamenti senza codifica al sito web di BigCommerce e consenti ai clienti di prenotare gli slot con pochi clic!","robots":{"index":"index","follow":"follow","max-snippet":"max-snippet:-1","max-image-preview":"max-image-preview:large","max-video-preview":"max-video-preview:-1"},"canonical":"https:\/\/elfsight.com\/it\/appointment-booking-widget\/blogger\/","og_locale":"it_IT","og_type":"article","og_title":"Widget Prenotazione appuntamenti: incorpora la prenotazione nel sito Web di Blogger","og_description":"Aggiungi un'app per la prenotazione di appuntamenti senza codifica al sito web di BigCommerce e consenti ai clienti di prenotare gli slot con pochi clic!","og_url":"https:\/\/elfsight.com\/it\/appointment-booking-widget\/blogger\/","og_site_name":"Elfsight IT","article_modified_time":"2024-12-16T11:54:19+00:00","twitter_card":"summary_large_image","twitter_misc":{"Tempo di lettura stimato":"2 minuti"},"schema":{"@context":"https:\/\/schema.org","@graph":[{"@type":"WebPage","@id":"https:\/\/elfsight.com\/it\/appointment-booking-widget\/blogger\/","url":"https:\/\/elfsight.com\/it\/appointment-booking-widget\/blogger\/","name":"Widget Prenotazione appuntamenti: incorpora la prenotazione nel sito Web di Blogger","isPartOf":{"@id":"https:\/\/elfsight.com\/it\/#website"},"datePublished":"2024-07-12T05:53:44+00:00","dateModified":"2024-12-16T11:54:19+00:00","description":"Aggiungi un'app per la prenotazione di appuntamenti senza codifica al sito web di BigCommerce e consenti ai clienti di prenotare gli slot con pochi clic!","breadcrumb":{"@id":"https:\/\/elfsight.com\/it\/appointment-booking-widget\/blogger\/#breadcrumb"},"inLanguage":"it-IT","potentialAction":[{"@type":"ReadAction","target":["https:\/\/elfsight.com\/it\/appointment-booking-widget\/blogger\/"]}]},{"@type":"BreadcrumbList","@id":"https:\/\/elfsight.com\/it\/appointment-booking-widget\/blogger\/#breadcrumb","itemListElement":[{"@type":"ListItem","position":1,"name":"Home","item":"https:\/\/elfsight.com\/it\/"},{"@type":"ListItem","position":2,"name":"Appointment Booking","item":"https:\/\/elfsight.com\/it\/appointment-booking-widget\/"},{"@type":"ListItem","position":3,"name":"Appointment Booking &#8211; Blogger"}]},{"@type":"WebSite","@id":"https:\/\/elfsight.com\/it\/#website","url":"https:\/\/elfsight.com\/it\/","name":"Elfsight IT","description":"Just another Elfsight Sites site","potentialAction":[{"@type":"SearchAction","target":{"@type":"EntryPoint","urlTemplate":"https:\/\/elfsight.com\/it\/?s={search_term_string}"},"query-input":{"@type":"PropertyValueSpecification","valueRequired":true,"valueName":"search_term_string"}}],"inLanguage":"it-IT"}]}},"meta_box":{"industry":"","seo_heading":"","heading":"","description":"","cta_heading":"","cta_description":"","application":"7912","h1":"Widget per la prenotazione degli appuntamenti di Blogger","h1_caption":"Consenti agli utenti di pianificare facilmente gli appuntamenti direttamente dal tuo sito web BigCommere, migliorando la comodit\u00e0 e semplificando il processo di prenotazione.","application_category":[],"applications_title":"","applications_request_title":"","applications_request_button_text":"","hero_text":"","hero_video":"","hero_video_schema_markup":"","selling_points_title":"","selling_points_caption":"","selling_points":[],"selling_points_cta_text":"","features_title":"","features":"","ed_cta_examples_text":"","ed_cta_examples_hidden":"","ed_cta_demo_text":"","ed_cta_demo_hidden":"","why_caption":"","why_editor_title":"","why_editor_text":"","why_team_title":"","why_team_text":"","why_service_title":"","why_service_text":"","template_catalog_visible":"","template_catalog_title":"","template_catalog_text":"","template_catalog_categories_visible":"","demo_title":"Crea il tuo widget Prenotazione appuntamento","demo_caption":"Configura la tua Prenotazione Appuntamento e aggiungila gratuitamente al tuo sito Blogger!","default_faq_hidden":"","app_template_category":[],"platform":"33","template_public_id":"","codecanyon_url":"","codecanyon_item_id":"","codecanyon_price":"","pricing_caption":"","pricing_elfsight_apps_hide_column":"","pricing_elfsight_apps_url":"","pricing_codecanyon_price_caption":"","integration_category":[],"integration_request_title":"","integration_request_cta":"","integration_platform":"","integrations":[],"platform_category":[],"video_schema_markup":"","price":"da $ 0 al mese","trial":"","benefits":[{"text":"Assistenza per l'installazione gratuita"},{"text":"Supporto eccezionale"},{"text":"Supporto eccezionale"},{"text":"Miglioramenti regolari"}],"button_url":"#demo","button_target_blank":"","button_nofollow":"","attributes":[{"name":"Installa"},{"name":"Reattivo"},{"name":"Browser compatibili"}],"tags":[],"tags_disable_links":"","hide_more_platforms":"","video_object":"","demo_hide_cta":"","demo_hide_cloud_options":"","pricing_title":"","pricing":[{"pricing_icon":"platform","pricing_title":"Elfsight Apps","pricing_title_caption":"App Elfsight","pricing_price":"A partire da $ 0 al mese","pricing_price_caption":"Inizia con un piano gratuito","pricing_benefits":[{"text":"Siti web illimitati"},{"text":"Assistenza clienti gratuita"},{"text":"Supporto gratuito per l'installazione"},{"text":"Fully customizable"}],"pricing_button_text":"Aggiungi al sito web","pricing_button_url":"#demo"}],"related_apps_title":"","related_apps_hidden":"","author":"","image":[],"title":"","job":"","social_networks":[]},"_links":{"self":[{"href":"https:\/\/elfsight.com\/it\/wp-json\/wp\/v2\/pages\/8118","targetHints":{"allow":["GET"]}}],"collection":[{"href":"https:\/\/elfsight.com\/it\/wp-json\/wp\/v2\/pages"}],"about":[{"href":"https:\/\/elfsight.com\/it\/wp-json\/wp\/v2\/types\/page"}],"author":[{"embeddable":true,"href":"https:\/\/elfsight.com\/it\/wp-json\/wp\/v2\/users\/22"}],"replies":[{"embeddable":true,"href":"https:\/\/elfsight.com\/it\/wp-json\/wp\/v2\/comments?post=8118"}],"version-history":[{"count":1,"href":"https:\/\/elfsight.com\/it\/wp-json\/wp\/v2\/pages\/8118\/revisions"}],"predecessor-version":[{"id":8122,"href":"https:\/\/elfsight.com\/it\/wp-json\/wp\/v2\/pages\/8118\/revisions\/8122"}],"up":[{"embeddable":true,"href":"https:\/\/elfsight.com\/it\/wp-json\/wp\/v2\/pages\/7913"}],"wp:attachment":[{"href":"https:\/\/elfsight.com\/it\/wp-json\/wp\/v2\/media?parent=8118"}],"curies":[{"name":"wp","href":"https:\/\/api.w.org\/{rel}","templated":true}]}}