{"id":8117,"date":"2024-07-12T05:57:10","date_gmt":"2024-07-12T05:57:10","guid":{"rendered":"https:\/\/elfsight.com\/it\/?page_id=8117"},"modified":"2025-03-21T05:05:11","modified_gmt":"2025-03-21T05:05:11","slug":"woocommerce","status":"publish","type":"page","link":"https:\/\/elfsight.com\/it\/appointment-booking-widget\/woocommerce\/","title":{"rendered":"Appointment Booking &#8211; WooCommerce"},"content":{"rendered":"\n<div class=\"application-platform-content-item-description application-platform-content-item\" id=\"description\" data-nav-section=\"description\"><h2>Incorpora Prenotazione Appuntamento su WooCommerce con il plugin Elfsight!<\/h2> <p>Il plugin Prenotazione Appuntamento \u00e8 disponibile per aiutare i potenziali clienti a prenotare il tempo si inserisce comodamente nel tuo sito web WooCommerce, riducendo il carico di lavoro manuale, come il monitoraggio costante di messaggi, chiamate ed e-mail, da parte tua. Funziona come un assistente dedicato che lavora 24 ore su 24, 7 giorni su 7, in grado anche di inviare notifiche automatiche e sincronizzarsi con app specializzate, come Google Calendar.<\/p> <p>\u00c8 arrivato il momento di elaborare ulteriormente il tuo servizio o occasione, definire l&#8217;orario inquadrare, condividere i dettagli di contatto e chiarire i prezzi per facilitare il processo decisionale dei clienti. Inoltre, personalizza l&#8217;aspetto del plug-in modificando elementi e funzionalit\u00e0 personalizzati senza la necessit\u00e0 di migliorare le capacit\u00e0 di programmazione o coinvolgere uno sviluppatore!<\/p> <p><b>Lascia che la tua attivit\u00e0 abbia successo e sii accessibile a ogni potenziale cliente online prenotazione di appuntamenti sul tuo sito web!<\/b><\/p> <\/div> <div class=\"application-platform-content-item-features application-platform-content-item\" id=\"features\" data-nav-section=\"features\"> <h2>Il widget include funzionalit\u00e0 preziose e semplici, eccone alcuni:<\/h2> <ul><li>Fornisci una descrizione concisa del tuo servizio (nome, dettagli, immagine e durata) e imposta i prezzi in varie valute.<\/li><li>Invia notifiche automatizzate per convalidare gli appuntamenti garantiti per i clienti e per te stesso.<\/li><li>Collega il widget a servizi di terze parti, come Google Calendar, per rimanere sempre aggiornato.<\/li><li>Presenta i dettagli di contatto della tua azienda come prova sociale e consentire agli utenti di contattare in caso di scenari imprevisti.<\/li><li>Personalizzazione avanzata senza necessit\u00e0 di codifica: modelli pronti all&#8217;uso, colori, design del layout, caratteri, editor CSS personalizzato, editor JS personalizzato e altro ancora.<\/li><\/ul><p><a href=\"#demo\">Prova questa demo per avere un&#8217;idea completa<\/a><\/p> <\/div> <div class=\"application-platform-content-item-installation application-platform-content-item\" id=\"installation\" data-nav-section=\"installation\"> <h2>Come aggiungere la prenotazione dell&#8217;appuntamento al mio sito web WooCommerce?<\/h2> <p>Per aggiungere la prenotazione dell&#8217;appuntamento al tuo sito web WooCommerce, procedi come segue:<\/p> <ol><li><b>Esegui il nostro editor gratuito e inizia creando il tuo widget Feed LinkedIn personalizzato.<\/b><br> Specifica la forma e le specifiche adatte del widget e salva le modifiche.<\/li> <li><b>Acquisisci il codice personale visualizzato nell&#8217;apposito modulo sulle App Elfsight.<\/b><br> Quando l&#8217;impostazione la configurazione del tuo plugin personale \u00e8 terminata, copia il codice personale dalla finestra visualizzata e conservalo per occasioni successive.<\/li> <li><b>Avvia l&#8217;utilizzo del plugin sul tuo sito web WooCommerce.<\/b><br> Integra il codice che hai salvato in precedenza nel tuo sito web e salva le modifiche.<\/li> <li><b>Il gioco \u00e8 fatto! L&#8217;integrazione \u00e8 completamente terminata.<\/b><br> Visita il tuo sito web per esaminare il funzionamento del widget.<\/li><\/ol> <p>A condizione di affrontare domande o superare eventuali complicazioni, non aver paura per chiedere assistenza al nostro team di assistenza clienti. I nostri consulenti sono desiderosi di aiutarti con tutti i problemi che potresti riscontrare con il widget.<\/p> <\/div>\n","protected":false},"excerpt":{"rendered":"","protected":false},"author":22,"featured_media":0,"parent":7913,"menu_order":0,"comment_status":"closed","ping_status":"closed","template":"templates\/template-application-platform.php","meta":{"publish_to_discourse":"","publish_post_category":"","wpdc_auto_publish_overridden":"","wpdc_topic_tags":"","wpdc_pin_topic":"","wpdc_pin_until":"","discourse_post_id":"","discourse_permalink":"","wpdc_publishing_response":"","wpdc_publishing_error":"","footnotes":""},"class_list":["post-8117","page","type-page","status-publish","hentry"],"yoast_head":"<!-- This site is optimized with the Yoast SEO plugin v25.3.1 - https:\/\/yoast.com\/wordpress\/plugins\/seo\/ -->\n<title>Widget Prenotazione appuntamenti: incorpora la prenotazione sul sito web WooCommerce<\/title>\n<meta name=\"description\" content=\"Aggiungi un&#039;app per la prenotazione di appuntamenti senza codifica al sito web di Blogger e consenti ai clienti di prenotare gli slot con pochi clic!\" \/>\n<meta name=\"robots\" content=\"index, follow, max-snippet:-1, max-image-preview:large, max-video-preview:-1\" \/>\n<link rel=\"canonical\" href=\"https:\/\/elfsight.com\/it\/appointment-booking-widget\/woocommerce\/\" \/>\n<meta property=\"og:locale\" content=\"it_IT\" \/>\n<meta property=\"og:type\" content=\"article\" \/>\n<meta property=\"og:title\" content=\"Widget Prenotazione appuntamenti: incorpora la prenotazione sul sito web WooCommerce\" \/>\n<meta property=\"og:description\" content=\"Aggiungi un&#039;app per la prenotazione di appuntamenti senza codifica al sito web di Blogger e consenti ai clienti di prenotare gli slot con pochi clic!\" \/>\n<meta property=\"og:url\" content=\"https:\/\/elfsight.com\/it\/appointment-booking-widget\/woocommerce\/\" \/>\n<meta property=\"og:site_name\" content=\"Elfsight IT\" \/>\n<meta property=\"article:modified_time\" content=\"2025-03-21T05:05:11+00:00\" \/>\n<meta name=\"twitter:card\" content=\"summary_large_image\" \/>\n<meta name=\"twitter:label1\" content=\"Tempo di lettura stimato\" \/>\n\t<meta name=\"twitter:data1\" content=\"3 minuti\" \/>\n<!-- \/ Yoast SEO plugin. -->","yoast_head_json":{"title":"Widget Prenotazione appuntamenti: incorpora la prenotazione sul sito web WooCommerce","description":"Aggiungi un'app per la prenotazione di appuntamenti senza codifica al sito web di Blogger e consenti ai clienti di prenotare gli slot con pochi clic!","robots":{"index":"index","follow":"follow","max-snippet":"max-snippet:-1","max-image-preview":"max-image-preview:large","max-video-preview":"max-video-preview:-1"},"canonical":"https:\/\/elfsight.com\/it\/appointment-booking-widget\/woocommerce\/","og_locale":"it_IT","og_type":"article","og_title":"Widget Prenotazione appuntamenti: incorpora la prenotazione sul sito web WooCommerce","og_description":"Aggiungi un'app per la prenotazione di appuntamenti senza codifica al sito web di Blogger e consenti ai clienti di prenotare gli slot con pochi clic!","og_url":"https:\/\/elfsight.com\/it\/appointment-booking-widget\/woocommerce\/","og_site_name":"Elfsight IT","article_modified_time":"2025-03-21T05:05:11+00:00","twitter_card":"summary_large_image","twitter_misc":{"Tempo di lettura stimato":"3 minuti"},"schema":{"@context":"https:\/\/schema.org","@graph":[{"@type":"WebPage","@id":"https:\/\/elfsight.com\/it\/appointment-booking-widget\/woocommerce\/","url":"https:\/\/elfsight.com\/it\/appointment-booking-widget\/woocommerce\/","name":"Widget Prenotazione appuntamenti: incorpora la prenotazione sul sito web WooCommerce","isPartOf":{"@id":"https:\/\/elfsight.com\/it\/#website"},"datePublished":"2024-07-12T05:57:10+00:00","dateModified":"2025-03-21T05:05:11+00:00","description":"Aggiungi un'app per la prenotazione di appuntamenti senza codifica al sito web di Blogger e consenti ai clienti di prenotare gli slot con pochi clic!","breadcrumb":{"@id":"https:\/\/elfsight.com\/it\/appointment-booking-widget\/woocommerce\/#breadcrumb"},"inLanguage":"it-IT","potentialAction":[{"@type":"ReadAction","target":["https:\/\/elfsight.com\/it\/appointment-booking-widget\/woocommerce\/"]}]},{"@type":"BreadcrumbList","@id":"https:\/\/elfsight.com\/it\/appointment-booking-widget\/woocommerce\/#breadcrumb","itemListElement":[{"@type":"ListItem","position":1,"name":"Home","item":"https:\/\/elfsight.com\/it\/"},{"@type":"ListItem","position":2,"name":"Appointment Booking","item":"https:\/\/elfsight.com\/it\/appointment-booking-widget\/"},{"@type":"ListItem","position":3,"name":"Appointment Booking &#8211; WooCommerce"}]},{"@type":"WebSite","@id":"https:\/\/elfsight.com\/it\/#website","url":"https:\/\/elfsight.com\/it\/","name":"Elfsight IT","description":"Just another Elfsight Sites site","potentialAction":[{"@type":"SearchAction","target":{"@type":"EntryPoint","urlTemplate":"https:\/\/elfsight.com\/it\/?s={search_term_string}"},"query-input":{"@type":"PropertyValueSpecification","valueRequired":true,"valueName":"search_term_string"}}],"inLanguage":"it-IT"}]}},"meta_box":{"industry":"","seo_heading":"","heading":"","description":"","cta_heading":"","cta_description":"","application":"7912","h1":"Plug-in per la prenotazione di appuntamenti WooCommerce","h1_caption":"Consenti agli utenti di pianificare facilmente gli appuntamenti direttamente dal tuo sito web Blogger, migliorando la comodit\u00e0 e semplificando il processo di prenotazione.","application_category":[],"applications_title":"","applications_request_title":"","applications_request_button_text":"","hero_text":"","hero_video":"","hero_video_schema_markup":"","selling_points_title":"","selling_points_caption":"","selling_points":[],"selling_points_cta_text":"","features_title":"","features":"","ed_cta_examples_text":"","ed_cta_examples_hidden":"","ed_cta_demo_text":"","ed_cta_demo_hidden":"","why_caption":"","why_editor_title":"","why_editor_text":"","why_team_title":"","why_team_text":"","why_service_title":"","why_service_text":"","template_catalog_visible":"0","template_catalog_title":"","template_catalog_text":"","template_catalog_categories_visible":"","demo_title":"Crea la tua app per la prenotazione degli appuntamenti","demo_caption":"Configura la tua prenotazione di appuntamenti e aggiungila gratuitamente al tuo sito WooCommerce!","default_faq_hidden":"","app_template_category":[],"platform":"80","template_public_id":"","codecanyon_url":"","codecanyon_item_id":"","codecanyon_price":"","pricing_caption":"","pricing_elfsight_apps_hide_column":"","pricing_elfsight_apps_url":"","pricing_codecanyon_price_caption":"","integration_category":[],"integration_request_title":"","integration_request_cta":"","integration_platform":"","integrations":[],"platform_category":[],"video_schema_markup":"","price":"da $ 0 al mese","trial":"","benefits":[{"text":"Assistenza gratuita per l'installazione"},{"text":"Servizio clienti professionale"},{"text":"Servizio clienti professionale"},{"text":"Aggiornamenti gratuiti continui"}],"button_url":"#demo","button_target_blank":"0","button_nofollow":"0","attributes":[{"name":"Installa"},{"name":"Reattivo"},{"name":"Browser compatibili"}],"tags":[],"tags_disable_links":"0","hide_more_platforms":"0","video_object":"","demo_hide_cta":"0","demo_hide_cloud_options":"0","pricing_title":"","pricing":[{"pricing_icon":"platform","pricing_title":"Elfsight Apps","pricing_title_caption":"App Elfsight","pricing_price":"A partire da $ 0 al mese","pricing_price_caption":"Inizia con un piano gratuito","pricing_benefits":[{"text":"Siti web illimitati"},{"text":"Supporto gratuito, puntuale e ben documentato"},{"text":"Aiuto per l'installazione gratuito"},{"text":"Fully customizable"}],"pricing_button_text":"Aggiungi al sito web","pricing_button_url":"#demo"}],"related_apps_title":"","related_apps_hidden":"0","author":"","image":[],"title":"","job":"","social_networks":[]},"_links":{"self":[{"href":"https:\/\/elfsight.com\/it\/wp-json\/wp\/v2\/pages\/8117","targetHints":{"allow":["GET"]}}],"collection":[{"href":"https:\/\/elfsight.com\/it\/wp-json\/wp\/v2\/pages"}],"about":[{"href":"https:\/\/elfsight.com\/it\/wp-json\/wp\/v2\/types\/page"}],"author":[{"embeddable":true,"href":"https:\/\/elfsight.com\/it\/wp-json\/wp\/v2\/users\/22"}],"replies":[{"embeddable":true,"href":"https:\/\/elfsight.com\/it\/wp-json\/wp\/v2\/comments?post=8117"}],"version-history":[{"count":2,"href":"https:\/\/elfsight.com\/it\/wp-json\/wp\/v2\/pages\/8117\/revisions"}],"predecessor-version":[{"id":9468,"href":"https:\/\/elfsight.com\/it\/wp-json\/wp\/v2\/pages\/8117\/revisions\/9468"}],"up":[{"embeddable":true,"href":"https:\/\/elfsight.com\/it\/wp-json\/wp\/v2\/pages\/7913"}],"wp:attachment":[{"href":"https:\/\/elfsight.com\/it\/wp-json\/wp\/v2\/media?parent=8117"}],"curies":[{"name":"wp","href":"https:\/\/api.w.org\/{rel}","templated":true}]}}