{"id":8110,"date":"2024-07-12T06:16:02","date_gmt":"2024-07-12T06:16:02","guid":{"rendered":"https:\/\/elfsight.com\/it\/?page_id=8110"},"modified":"2024-12-16T11:54:09","modified_gmt":"2024-12-16T11:54:09","slug":"drupal","status":"publish","type":"page","link":"https:\/\/elfsight.com\/it\/appointment-booking-widget\/drupal\/","title":{"rendered":"Appointment Booking &#8211; Drupal"},"content":{"rendered":"<div class=\"application-platform-content-item-description application-platform-content-item\" id=\"description\" data-nav-section=\"description\"><h2>Incorpora Prenotazione Appuntamento su Drupal con il modulo Elfsight!<\/h2> <p>Il modulo Prenotazione Appuntamento \u00e8 qui per aiutare i potenziali clienti ad assicurarsi gli slot direttamente sul tuo sito web Drupal, alleggerendoti il \u200b\u200bcarico di lavoro manuale, come la gestione costante di messaggi, chiamate ed e-mail. Funziona come un receptionist dedicato che lavora 24 ore su 24, 7 giorni su 7, che invia notifiche automatizzate e pu\u00f2 essere sincronizzato con app in outsourcing, come Google Calendar.<\/p> <p>\u00c8 il momento ideale per elaborare ulteriormente il tuo servizio o occasione, definire la durata , divulgare le informazioni di contatto e decidere i prezzi per aiutare i clienti a prendere decisioni informate. Inoltre, personalizza l&#8217;aspetto del modulo regolando elementi e funzionalit\u00e0 personalizzati senza la necessit\u00e0 di perfezionare le capacit\u00e0 di programmazione o assumere un programmatore!<\/p> <p><b>Potenzia la tua attivit\u00e0 e diventa disponibile per una clientela pi\u00f9 ampia attraverso la prenotazione online di appuntamenti sul tuo sito web!<\/b><\/p> <\/div> <div class=\"application-platform-content-item-features application-platform-content-item\" id=\"features\" data-nav-section=\"features\"> <h2>Questi sono solo alcuni dei molteplici widget funzionalit\u00e0:<\/h2> <ul><li>Offri una panoramica concisa del tuo servizio (nome, dettagli, immagine e durata) e configura i prezzi in diverse valute.<\/li><li>Invia avvisi automatici per confermare il appuntamenti fissati per i clienti e per te stesso.<\/li><li>Sincronizza il widget con servizi esterni, come Google Calendar, per garantire aggiornamenti costanti.<\/li><li>Mostra i dettagli di contatto della tua azienda come convalida social e consenti agli utenti di contattare te in caso di imprevisti occorrenze.<\/li><li>Personalizzazione senza codice con impostazioni di progettazione avanzate: modelli pronti all&#8217;uso, colori, layout eleganti, caratteri, editor CSS personalizzato, editor JS personalizzato, ecc.<\/li><\/ul> <p><a href=\"#demo\">Prova semplicemente questa demo per vedere come funziona<\/a><\/p> <\/div> <div class=\"application-platform-content-item-installation application-platform-content-item\" id=\"installation\" data-nav-section=\"installation\"> <h2>Come fare Aggiungo la prenotazione di appuntamenti al mio sito Web Drupal?<\/h2> <p>Per aggiungere la prenotazione di appuntamenti al tuo sito Web Drupal, segui questi passaggi:<\/p> <ol><li><b>Apri la nostra demo gratuita e inizia dando forma al tuo widget Feed LinkedIn personalizzato.<\/b><br> Determina l&#8217;interfaccia selezionata e le opzioni del widget e applica le modifiche.<\/li> <li><b>Acquisisci il tuo codice personale rivelato nella casella su Elfsight App.<\/b><br> Quando la personalizzazione del tuo plugin \u00e8 terminata, copia il codice individuale dalla casella visualizzata e conservalo per un ulteriore utilizzo.<\/li> <li><b>Inizia a utilizzare lo strumento sul tuo sito web Drupal.<\/b><br> Implementa il codice che hai copiato di recente sul tuo sito web e salva le modifiche.<\/li> <li><b>Hai finito! L&#8217;incorporamento \u00e8 stato eseguito con successo.<\/b><br> Visita il tuo sito web per verificare come funziona il plug-in.<\/li><\/ol> <p>Se dovessi riscontrare complicazioni, non aver paura di metterti in contatto con il nostro personale del servizio clienti. I nostri specialisti saranno lieti di risolvere tutte le difficolt\u00e0 che potresti incontrare con il widget.<\/p> <\/div> ","protected":false},"excerpt":{"rendered":"","protected":false},"author":22,"featured_media":0,"parent":7913,"menu_order":0,"comment_status":"closed","ping_status":"closed","template":"templates\/template-application-platform.php","meta":{"publish_to_discourse":"","publish_post_category":"","wpdc_auto_publish_overridden":"","wpdc_topic_tags":"","wpdc_pin_topic":"","wpdc_pin_until":"","discourse_post_id":"","discourse_permalink":"","wpdc_publishing_response":"","wpdc_publishing_error":"","footnotes":""},"class_list":["post-8110","page","type-page","status-publish","hentry"],"yoast_head":"<!-- This site is optimized with the Yoast SEO plugin v25.3.1 - https:\/\/yoast.com\/wordpress\/plugins\/seo\/ -->\n<title>Widget Prenotazione appuntamenti: incorpora la prenotazione sul sito Web Drupal<\/title>\n<meta name=\"description\" content=\"Aggiungi un&#039;app per la prenotazione di appuntamenti senza codifica al sito Web di Adobe Muse e consenti ai clienti di prenotare gli slot con pochi clic!\" \/>\n<meta name=\"robots\" content=\"index, follow, max-snippet:-1, max-image-preview:large, max-video-preview:-1\" \/>\n<link rel=\"canonical\" href=\"https:\/\/elfsight.com\/it\/appointment-booking-widget\/drupal\/\" \/>\n<meta property=\"og:locale\" content=\"it_IT\" \/>\n<meta property=\"og:type\" content=\"article\" \/>\n<meta property=\"og:title\" content=\"Widget Prenotazione appuntamenti: incorpora la prenotazione sul sito Web Drupal\" \/>\n<meta property=\"og:description\" content=\"Aggiungi un&#039;app per la prenotazione di appuntamenti senza codifica al sito Web di Adobe Muse e consenti ai clienti di prenotare gli slot con pochi clic!\" \/>\n<meta property=\"og:url\" content=\"https:\/\/elfsight.com\/it\/appointment-booking-widget\/drupal\/\" \/>\n<meta property=\"og:site_name\" content=\"Elfsight IT\" \/>\n<meta property=\"article:modified_time\" content=\"2024-12-16T11:54:09+00:00\" \/>\n<meta name=\"twitter:card\" content=\"summary_large_image\" \/>\n<meta name=\"twitter:label1\" content=\"Tempo di lettura stimato\" \/>\n\t<meta name=\"twitter:data1\" content=\"2 minuti\" \/>\n<!-- \/ Yoast SEO plugin. -->","yoast_head_json":{"title":"Widget Prenotazione appuntamenti: incorpora la prenotazione sul sito Web Drupal","description":"Aggiungi un'app per la prenotazione di appuntamenti senza codifica al sito Web di Adobe Muse e consenti ai clienti di prenotare gli slot con pochi clic!","robots":{"index":"index","follow":"follow","max-snippet":"max-snippet:-1","max-image-preview":"max-image-preview:large","max-video-preview":"max-video-preview:-1"},"canonical":"https:\/\/elfsight.com\/it\/appointment-booking-widget\/drupal\/","og_locale":"it_IT","og_type":"article","og_title":"Widget Prenotazione appuntamenti: incorpora la prenotazione sul sito Web Drupal","og_description":"Aggiungi un'app per la prenotazione di appuntamenti senza codifica al sito Web di Adobe Muse e consenti ai clienti di prenotare gli slot con pochi clic!","og_url":"https:\/\/elfsight.com\/it\/appointment-booking-widget\/drupal\/","og_site_name":"Elfsight IT","article_modified_time":"2024-12-16T11:54:09+00:00","twitter_card":"summary_large_image","twitter_misc":{"Tempo di lettura stimato":"2 minuti"},"schema":{"@context":"https:\/\/schema.org","@graph":[{"@type":"WebPage","@id":"https:\/\/elfsight.com\/it\/appointment-booking-widget\/drupal\/","url":"https:\/\/elfsight.com\/it\/appointment-booking-widget\/drupal\/","name":"Widget Prenotazione appuntamenti: incorpora la prenotazione sul sito Web Drupal","isPartOf":{"@id":"https:\/\/elfsight.com\/it\/#website"},"datePublished":"2024-07-12T06:16:02+00:00","dateModified":"2024-12-16T11:54:09+00:00","description":"Aggiungi un'app per la prenotazione di appuntamenti senza codifica al sito Web di Adobe Muse e consenti ai clienti di prenotare gli slot con pochi clic!","breadcrumb":{"@id":"https:\/\/elfsight.com\/it\/appointment-booking-widget\/drupal\/#breadcrumb"},"inLanguage":"it-IT","potentialAction":[{"@type":"ReadAction","target":["https:\/\/elfsight.com\/it\/appointment-booking-widget\/drupal\/"]}]},{"@type":"BreadcrumbList","@id":"https:\/\/elfsight.com\/it\/appointment-booking-widget\/drupal\/#breadcrumb","itemListElement":[{"@type":"ListItem","position":1,"name":"Home","item":"https:\/\/elfsight.com\/it\/"},{"@type":"ListItem","position":2,"name":"Appointment Booking","item":"https:\/\/elfsight.com\/it\/appointment-booking-widget\/"},{"@type":"ListItem","position":3,"name":"Appointment Booking &#8211; Drupal"}]},{"@type":"WebSite","@id":"https:\/\/elfsight.com\/it\/#website","url":"https:\/\/elfsight.com\/it\/","name":"Elfsight IT","description":"Just another Elfsight Sites site","potentialAction":[{"@type":"SearchAction","target":{"@type":"EntryPoint","urlTemplate":"https:\/\/elfsight.com\/it\/?s={search_term_string}"},"query-input":{"@type":"PropertyValueSpecification","valueRequired":true,"valueName":"search_term_string"}}],"inLanguage":"it-IT"}]}},"meta_box":{"industry":"","seo_heading":"","heading":"","description":"","cta_heading":"","cta_description":"","application":"7912","h1":"Modulo Drupal per la prenotazione degli appuntamenti","h1_caption":"Consenti agli utenti di pianificare facilmente gli appuntamenti direttamente dal tuo sito Web Adobe Muse, migliorando la comodit\u00e0 e semplificando il processo di prenotazione.","application_category":[],"applications_title":"","applications_request_title":"","applications_request_button_text":"","hero_text":"","hero_video":"","hero_video_schema_markup":"","selling_points_title":"","selling_points_caption":"","selling_points":[],"selling_points_cta_text":"","features_title":"","features":"","ed_cta_examples_text":"","ed_cta_examples_hidden":"","ed_cta_demo_text":"","ed_cta_demo_hidden":"","why_caption":"","why_editor_title":"","why_editor_text":"","why_team_title":"","why_team_text":"","why_service_title":"","why_service_text":"","template_catalog_visible":"","template_catalog_title":"","template_catalog_text":"","template_catalog_categories_visible":"","demo_title":"Crea il tuo modulo Prenotazione Appuntamento","demo_caption":"Configura la tua Prenotazione Appuntamento e aggiungila gratuitamente al tuo sito Drupal!","default_faq_hidden":"","app_template_category":[],"platform":"34","template_public_id":"","codecanyon_url":"","codecanyon_item_id":"","codecanyon_price":"","pricing_caption":"","pricing_elfsight_apps_hide_column":"","pricing_elfsight_apps_url":"","pricing_codecanyon_price_caption":"","integration_category":[],"integration_request_title":"","integration_request_cta":"","integration_platform":"","integrations":[],"platform_category":[],"video_schema_markup":"","price":"da $ 0 al mese","trial":"","benefits":[{"text":"Servizio di installazione gratuito"},{"text":"Servizio clienti efficace"},{"text":"Servizio clienti efficace"},{"text":"Sviluppo continuo"}],"button_url":"#demo","button_target_blank":"","button_nofollow":"","attributes":[{"name":"Installa"},{"name":"Reattivo"},{"name":"Browser compatibili"}],"tags":[],"tags_disable_links":"","hide_more_platforms":"","video_object":"","demo_hide_cta":"","demo_hide_cloud_options":"","pricing_title":"","pricing":[{"pricing_icon":"platform","pricing_title":"Elfsight Apps","pricing_title_caption":"App Elfsight","pricing_price":"A partire da $ 0 al mese","pricing_price_caption":"Inizia con un piano gratuito","pricing_benefits":[{"text":"Siti web illimitati"},{"text":"Assistenza clienti premium e ben documentata"},{"text":"Aiuto per l'installazione gratuito"},{"text":"Fully customizable"}],"pricing_button_text":"Aggiungi al sito web","pricing_button_url":"#demo"}],"related_apps_title":"","related_apps_hidden":"","author":"","image":[],"title":"","job":"","social_networks":[]},"_links":{"self":[{"href":"https:\/\/elfsight.com\/it\/wp-json\/wp\/v2\/pages\/8110","targetHints":{"allow":["GET"]}}],"collection":[{"href":"https:\/\/elfsight.com\/it\/wp-json\/wp\/v2\/pages"}],"about":[{"href":"https:\/\/elfsight.com\/it\/wp-json\/wp\/v2\/types\/page"}],"author":[{"embeddable":true,"href":"https:\/\/elfsight.com\/it\/wp-json\/wp\/v2\/users\/22"}],"replies":[{"embeddable":true,"href":"https:\/\/elfsight.com\/it\/wp-json\/wp\/v2\/comments?post=8110"}],"version-history":[{"count":1,"href":"https:\/\/elfsight.com\/it\/wp-json\/wp\/v2\/pages\/8110\/revisions"}],"predecessor-version":[{"id":8114,"href":"https:\/\/elfsight.com\/it\/wp-json\/wp\/v2\/pages\/8110\/revisions\/8114"}],"up":[{"embeddable":true,"href":"https:\/\/elfsight.com\/it\/wp-json\/wp\/v2\/pages\/7913"}],"wp:attachment":[{"href":"https:\/\/elfsight.com\/it\/wp-json\/wp\/v2\/media?parent=8110"}],"curies":[{"name":"wp","href":"https:\/\/api.w.org\/{rel}","templated":true}]}}