{"id":8107,"date":"2024-07-12T06:27:23","date_gmt":"2024-07-12T06:27:23","guid":{"rendered":"https:\/\/elfsight.com\/it\/?page_id=8107"},"modified":"2024-12-16T11:54:09","modified_gmt":"2024-12-16T11:54:09","slug":"jquery","status":"publish","type":"page","link":"https:\/\/elfsight.com\/it\/appointment-booking-widget\/jquery\/","title":{"rendered":"Appointment Booking &#8211; jQuery"},"content":{"rendered":"<div class=\"application-platform-content-item-description application-platform-content-item\" id=\"description\" data-nav-section=\"description\"><h2>Incorpora Prenotazione Appuntamento su jQuery con il plugin Elfsight!<\/h2> <p>Il plugin Prenotazione Appuntamento \u00e8 disponibile per aiutare i potenziali utenti a prenotare gli slot direttamente sul tuo sito web jQuery e prenditi tu il peso degli sforzi manuali, come la gestione costante di messaggi, chiamate ed e-mail. Funziona come un receptionist di guardia attivo 24 ore su 24, 7 giorni su 7, in grado anche di inviare notifiche automatizzate e di connettersi con integrazioni specializzate, come Google Calendar.<\/p> <p>Ora \u00e8 il momento giusto per offrire maggiori approfondimenti sul tuo servizio o occasione, definisci la durata, fornisci i dettagli di contatto e decidi il prezzo per rendere pi\u00f9 facile per i clienti prendere una decisione. Inoltre, personalizza l&#8217;aspetto del plug-in modificando elementi e funzionalit\u00e0 personalizzati senza la necessit\u00e0 di migliorare le capacit\u00e0 di codifica o di coinvolgere uno sviluppatore esperto!<\/p> <p><b>Consenti alla tua attivit\u00e0 di prosperare e diventare raggiungibile da ogni potenziale cliente con prenotazione online per appuntamenti sul tuo sito web!<\/b><\/p> <\/div> <div class=\"application-platform-content-item-features application-platform-content-item\" id=\"features\" data-nav-section=\"features\"> <h2>Di seguito sono riportate le caratteristiche centrali del widget:<\/h2> <ul><li>Presenta una panoramica chiara del tuo servizio (nome, dettagli, immagine e durata) e stabilisci i prezzi in varie valute.<\/li><li>Invia notifiche automatiche per confermare il appuntamenti riservati ai clienti e a te stesso.<\/li><li>Sincronizza il widget con servizi esterni, come Google Calendar, per mantenere una pertinenza continua.<\/li><li>Mostra le informazioni di contatto della tua azienda per credibilit\u00e0 e consenti agli utenti di mettersi in contatto in caso di imprevisti situazioni.<\/li><li>Personalizzazione avanzata senza necessit\u00e0 di codifica: modelli predefiniti, colori, layout accessibili, caratteri, editor CSS personalizzato, editor JS personalizzato e altro ancora.<\/li><\/ul><p><a href=\"#demo\">Esplora tutte le funzionalit\u00e0 di personalizzazione nella demo completa<\/a><\/p> <\/div> <div class=\"application-platform-content-item-installation application-platform-content-item\" id=\"installation\" data-nav-section=\"installation\"> <h2>Come incorporo la prenotazione dell&#8217;appuntamento sul mio sito Web jQuery?<\/h2> <p>Se desideri incorporare la prenotazione dell&#8217;appuntamento sul tuo sito Web jQuery, segui queste istruzioni:<\/p> <ol><li><b>Esegui il nostro configuratore gratuito e inizia a creare il tuo widget Feed LinkedIn personalizzato.<\/b><br> Specifica l&#8217;interfaccia personalizzata e i parametri del widget e applica le modifiche.<\/li> <li><b>Ottieni il codice personale esposto in la finestra su Elfsight App.<\/b><br> Una volta completata la personalizzazione del tuo strumento, copia il codice individuale dal popup visualizzato e conservalo per un ulteriore utilizzo.<\/li> <li><b>Inizia ad applicare il plug-in sul tuo Sito web jQuery.<\/b><br> Inserisci il codice che hai salvato di recente nel tuo sito web e applica le modifiche.<\/li> <li><b>L&#8217;installazione \u00e8 stata completata con successo.<\/b><br> Visita il tuo sito web per esaminare le prestazioni del widget.<\/li><\/ol> <p>If riscontri alcune complicazioni, non esitare a scrivere al nostro team di supporto. I nostri specialisti non vedono l&#8217;ora di aiutarti con tutte le difficolt\u00e0 che potresti incontrare con il plugin.<\/p> <\/div> ","protected":false},"excerpt":{"rendered":"","protected":false},"author":22,"featured_media":0,"parent":7913,"menu_order":0,"comment_status":"closed","ping_status":"closed","template":"templates\/template-application-platform.php","meta":{"publish_to_discourse":"","publish_post_category":"","wpdc_auto_publish_overridden":"","wpdc_topic_tags":"","wpdc_pin_topic":"","wpdc_pin_until":"","discourse_post_id":"","discourse_permalink":"","wpdc_publishing_response":"","wpdc_publishing_error":"","footnotes":""},"class_list":["post-8107","page","type-page","status-publish","hentry"],"yoast_head":"<!-- This site is optimized with the Yoast SEO plugin v25.3.1 - https:\/\/yoast.com\/wordpress\/plugins\/seo\/ -->\n<title>Widget Prenotazione appuntamenti: incorpora la prenotazione nel sito Web jQuery<\/title>\n<meta name=\"description\" content=\"Aggiungi un&#039;app per la prenotazione di appuntamenti senza codifica al sito Web OpenCart e consenti ai clienti di prenotare gli slot con pochi clic!\" \/>\n<meta name=\"robots\" content=\"index, follow, max-snippet:-1, max-image-preview:large, max-video-preview:-1\" \/>\n<link rel=\"canonical\" href=\"https:\/\/elfsight.com\/it\/appointment-booking-widget\/jquery\/\" \/>\n<meta property=\"og:locale\" content=\"it_IT\" \/>\n<meta property=\"og:type\" content=\"article\" \/>\n<meta property=\"og:title\" content=\"Widget Prenotazione appuntamenti: incorpora la prenotazione nel sito Web jQuery\" \/>\n<meta property=\"og:description\" content=\"Aggiungi un&#039;app per la prenotazione di appuntamenti senza codifica al sito Web OpenCart e consenti ai clienti di prenotare gli slot con pochi clic!\" \/>\n<meta property=\"og:url\" content=\"https:\/\/elfsight.com\/it\/appointment-booking-widget\/jquery\/\" \/>\n<meta property=\"og:site_name\" content=\"Elfsight IT\" \/>\n<meta property=\"article:modified_time\" content=\"2024-12-16T11:54:09+00:00\" \/>\n<meta name=\"twitter:card\" content=\"summary_large_image\" \/>\n<meta name=\"twitter:label1\" content=\"Tempo di lettura stimato\" \/>\n\t<meta name=\"twitter:data1\" content=\"2 minuti\" \/>\n<!-- \/ Yoast SEO plugin. -->","yoast_head_json":{"title":"Widget Prenotazione appuntamenti: incorpora la prenotazione nel sito Web jQuery","description":"Aggiungi un'app per la prenotazione di appuntamenti senza codifica al sito Web OpenCart e consenti ai clienti di prenotare gli slot con pochi clic!","robots":{"index":"index","follow":"follow","max-snippet":"max-snippet:-1","max-image-preview":"max-image-preview:large","max-video-preview":"max-video-preview:-1"},"canonical":"https:\/\/elfsight.com\/it\/appointment-booking-widget\/jquery\/","og_locale":"it_IT","og_type":"article","og_title":"Widget Prenotazione appuntamenti: incorpora la prenotazione nel sito Web jQuery","og_description":"Aggiungi un'app per la prenotazione di appuntamenti senza codifica al sito Web OpenCart e consenti ai clienti di prenotare gli slot con pochi clic!","og_url":"https:\/\/elfsight.com\/it\/appointment-booking-widget\/jquery\/","og_site_name":"Elfsight IT","article_modified_time":"2024-12-16T11:54:09+00:00","twitter_card":"summary_large_image","twitter_misc":{"Tempo di lettura stimato":"2 minuti"},"schema":{"@context":"https:\/\/schema.org","@graph":[{"@type":"WebPage","@id":"https:\/\/elfsight.com\/it\/appointment-booking-widget\/jquery\/","url":"https:\/\/elfsight.com\/it\/appointment-booking-widget\/jquery\/","name":"Widget Prenotazione appuntamenti: incorpora la prenotazione nel sito Web jQuery","isPartOf":{"@id":"https:\/\/elfsight.com\/it\/#website"},"datePublished":"2024-07-12T06:27:23+00:00","dateModified":"2024-12-16T11:54:09+00:00","description":"Aggiungi un'app per la prenotazione di appuntamenti senza codifica al sito Web OpenCart e consenti ai clienti di prenotare gli slot con pochi clic!","breadcrumb":{"@id":"https:\/\/elfsight.com\/it\/appointment-booking-widget\/jquery\/#breadcrumb"},"inLanguage":"it-IT","potentialAction":[{"@type":"ReadAction","target":["https:\/\/elfsight.com\/it\/appointment-booking-widget\/jquery\/"]}]},{"@type":"BreadcrumbList","@id":"https:\/\/elfsight.com\/it\/appointment-booking-widget\/jquery\/#breadcrumb","itemListElement":[{"@type":"ListItem","position":1,"name":"Home","item":"https:\/\/elfsight.com\/it\/"},{"@type":"ListItem","position":2,"name":"Appointment Booking","item":"https:\/\/elfsight.com\/it\/appointment-booking-widget\/"},{"@type":"ListItem","position":3,"name":"Appointment Booking &#8211; jQuery"}]},{"@type":"WebSite","@id":"https:\/\/elfsight.com\/it\/#website","url":"https:\/\/elfsight.com\/it\/","name":"Elfsight IT","description":"Just another Elfsight Sites site","potentialAction":[{"@type":"SearchAction","target":{"@type":"EntryPoint","urlTemplate":"https:\/\/elfsight.com\/it\/?s={search_term_string}"},"query-input":{"@type":"PropertyValueSpecification","valueRequired":true,"valueName":"search_term_string"}}],"inLanguage":"it-IT"}]}},"meta_box":{"industry":"","seo_heading":"","heading":"","description":"","cta_heading":"","cta_description":"","application":"7912","h1":"Plug-in per la prenotazione di appuntamenti jQuery","h1_caption":"Consenti agli utenti di pianificare facilmente gli appuntamenti direttamente dal tuo sito Web Opencart, migliorando la comodit\u00e0 e semplificando il processo di prenotazione.","application_category":[],"applications_title":"","applications_request_title":"","applications_request_button_text":"","hero_text":"","hero_video":"","hero_video_schema_markup":"","selling_points_title":"","selling_points_caption":"","selling_points":[],"selling_points_cta_text":"","features_title":"","features":"","ed_cta_examples_text":"","ed_cta_examples_hidden":"","ed_cta_demo_text":"","ed_cta_demo_hidden":"","why_caption":"","why_editor_title":"","why_editor_text":"","why_team_title":"","why_team_text":"","why_service_title":"","why_service_text":"","template_catalog_visible":"","template_catalog_title":"","template_catalog_text":"","template_catalog_categories_visible":"","demo_title":"Crea il tuo plugin per la prenotazione degli appuntamenti","demo_caption":"Configura la tua Prenotazione Appuntamento e aggiungila gratuitamente al tuo sito jQuery!","default_faq_hidden":"","app_template_category":[],"platform":"37","template_public_id":"","codecanyon_url":"","codecanyon_item_id":"","codecanyon_price":"","pricing_caption":"","pricing_elfsight_apps_hide_column":"","pricing_elfsight_apps_url":"","pricing_codecanyon_price_caption":"","integration_category":[],"integration_request_title":"","integration_request_cta":"","integration_platform":"","integrations":[],"platform_category":[],"video_schema_markup":"","price":"da $ 0 al mese","trial":"","benefits":[{"text":"Servizio di installazione gratuito"},{"text":"Assistenza clienti con esperienza"},{"text":"Assistenza clienti con esperienza"},{"text":"Aggiornamento costante"}],"button_url":"#demo","button_target_blank":"","button_nofollow":"","attributes":[{"name":"Installa"},{"name":"Reattivo"},{"name":"Browser compatibili"}],"tags":[],"tags_disable_links":"","hide_more_platforms":"","video_object":"","demo_hide_cta":"","demo_hide_cloud_options":"","pricing_title":"","pricing":[{"pricing_icon":"platform","pricing_title":"Elfsight Apps","pricing_title_caption":"App Elfsight","pricing_price":"A partire da $ 0 al mese","pricing_price_caption":"Inizia con un piano gratuito","pricing_benefits":[{"text":"Siti web illimitati"},{"text":"Supporto puntuale 24 ore su 24, 7 giorni su 7 e ben documentato"},{"text":"Supporto gratuito per l'installazione"},{"text":"Fully customizable"}],"pricing_button_text":"Aggiungi al sito web","pricing_button_url":"#demo"}],"related_apps_title":"","related_apps_hidden":"","author":"","image":[],"title":"","job":"","social_networks":[]},"_links":{"self":[{"href":"https:\/\/elfsight.com\/it\/wp-json\/wp\/v2\/pages\/8107","targetHints":{"allow":["GET"]}}],"collection":[{"href":"https:\/\/elfsight.com\/it\/wp-json\/wp\/v2\/pages"}],"about":[{"href":"https:\/\/elfsight.com\/it\/wp-json\/wp\/v2\/types\/page"}],"author":[{"embeddable":true,"href":"https:\/\/elfsight.com\/it\/wp-json\/wp\/v2\/users\/22"}],"replies":[{"embeddable":true,"href":"https:\/\/elfsight.com\/it\/wp-json\/wp\/v2\/comments?post=8107"}],"version-history":[{"count":1,"href":"https:\/\/elfsight.com\/it\/wp-json\/wp\/v2\/pages\/8107\/revisions"}],"predecessor-version":[{"id":8111,"href":"https:\/\/elfsight.com\/it\/wp-json\/wp\/v2\/pages\/8107\/revisions\/8111"}],"up":[{"embeddable":true,"href":"https:\/\/elfsight.com\/it\/wp-json\/wp\/v2\/pages\/7913"}],"wp:attachment":[{"href":"https:\/\/elfsight.com\/it\/wp-json\/wp\/v2\/media?parent=8107"}],"curies":[{"name":"wp","href":"https:\/\/api.w.org\/{rel}","templated":true}]}}