{"id":8091,"date":"2024-08-01T13:24:15","date_gmt":"2024-08-01T13:24:15","guid":{"rendered":"https:\/\/elfsight.com\/it\/?page_id=8091"},"modified":"2025-05-30T12:32:55","modified_gmt":"2025-05-30T12:32:55","slug":"wordpress","status":"publish","type":"page","link":"https:\/\/elfsight.com\/it\/flipbook-widget\/wordpress\/","title":{"rendered":"Flipbook &#8211; WordPress"},"content":{"rendered":"<div class=\"application-platform-content-item-description application-platform-content-item\" id=\"description\" data-nav-section=\"description\"><h2>Plugin Flipbook per WordPress per un maggiore coinvolgimento degli utenti<\/h2> <p>Il Flipbook di Elfsight \u00e8 un modo intelligente per presentare i tuoi contenuti in un formato accattivante, moderno e visivamente accattivante. Che tu voglia visualizzare cataloghi, brochure, report o riviste, un layout flipbook riproduce l&#8217;esperienza di sfogliare le pagine del mondo reale, offrendo un&#8217;esperienza pi\u00f9 immersiva rispetto al download statico di un PDF. Il plugin \u00e8 perfetto per aziende, insegnanti, editori e professionisti del marketing che desiderano migliorare il modo in cui condividono i documenti digitali sui propri siti web. Grazie all&#8217;integrazione perfetta e ai controlli intuitivi, i tuoi visitatori potranno sfogliare le pagine senza uscire dal tuo sito web.<\/p> <p><b>Trasforma la presentazione dei tuoi contenuti, inizia a utilizzare gratuitamente il plugin flipbook di Elfsight oggi stesso!<\/b><\/p><\/div><div class=\"application-platform-content-item-features application-platform-content-item\" id=\"features\" data-nav-section=\"features\"><h2>Funzionalit\u00e0 principali del PDF Flipbook per WordPress<\/h2> <p>Elfsight \u00e8 dotato di una potente suite di funzionalit\u00e0 progettate per migliorare la visualizzazione dei documenti e aumentare il coinvolgimento degli utenti sul tuo sito web. I punti salienti includono:<\/p> <ul> <li><strong>Visualizzatore PDF interattivo:<\/strong> trasforma qualsiasi documento standard in un flipbook digitale con effetti realistici di volta pagina.<\/li> <li><strong>Design reattivo per dispositivi mobili:<\/strong> Elfsight funziona perfettamente su tutti i dispositivi, inclusi smartphone e tablet.<\/li> <li><strong>Interfaccia personalizzabile:<\/strong> regola colori, stili dei pulsanti, opzioni di zoom e altro ancora per adattarli al tuo marchio.<\/li> <li><strong>Caricamento PDF veloce:<\/strong> ottimizza il rendering dei file per un&#8217;esperienza di visualizzazione fluida e senza ritardi.<\/li> <\/ul> <p><a href=\"#demo\">Prova subito tutte le funzionalit\u00e0 del miglior plugin per flipbook nell&#8217;editor gratuito, senza bisogno di registrarti!<\/a><\/p><\/div><div class=\"application-platform-content-item-installation application-platform-content-item\" id=\"installation\" data-nav-section=\"installation\"><h2>Come aggiungere Flipbook a WordPress<\/h2> <p>Segui questi semplici passaggi per integrare il plugin Flipbook nel tuo sito web WordPress utilizzando Elfsight. Non sono richieste competenze di programmazione:<\/p> <ol><li><strong>Seleziona il tuo modello:<\/strong> Apri l&#8217;editor Elfsight e scegli il modello pi\u00f9 adatto al tuo tipo di contenuto, che si tratti di un catalogo prodotti o di una rivista digitale.<\/li> <li><strong>Personalizza il tuo widget:<\/strong> Personalizza l&#8217;interfaccia, carica il tuo PDF, regola l&#8217;animazione di cambio pagina e modifica le impostazioni a tuo piacimento.<\/li> <li><strong>Copia il codice generato:<\/strong> Una volta soddisfatto, copia il codice HTML generato automaticamente dal plugin.<\/li> <li><strong>Incorpora il codice:<\/strong> Vai alla dashboard di WordPress, apri la pagina\/post in cui desideri il flipbook, inserisci un blocco HTML personalizzato e incolla il codice.<\/li><\/ol> <p>Leggi le istruzioni complete su <a href=\"https:\/\/elfsight.com\/blog\/how-to-embed-flipbook-on-website\/\" target=\"_blank\" rel=\"noopener\">come incorporare un flipbook nel tuo sito web<\/a>. In caso di problemi o se preferisci una configurazione automatica, il nostro team pu\u00f2 aiutarti: contatta il nostro team di supporto.<\/p><\/div><div class=\"faq\" data-component=\"FAQ\"><div class=\"faq-item\">\r\n\t\t\t\t\t<div class=\"faq-item-question\">\r\n\t\t\t\t\t\t<h3 class=\"faq-item-question-text\">Posso usare Elfsight Flipbook gratuitamente?<\/h3>\r\n\r\n\t\t\t\t\t\t<div class=\"faq-item-question-icon\"><\/div>\r\n\t\t\t\t\t<\/div>\r\n\r\n\t\t\t\t\t<div class=\"faq-item-answer\">\r\n\t\t\t\t\t\t<div class=\"faq-item-answer-text\">S\u00ec, Elfsight offre un piano gratuito, cos\u00ec puoi iniziare a utilizzare il Flipbook con tutte le funzionalit\u00e0 di base. Puoi passare alle funzionalit\u00e0 premium in qualsiasi momento. <\/div>\r\n\t\t\t\t\t<\/div>\r\n\t\t\t\t<\/div><div class=\"faq-item\">\r\n\t\t\t\t\t<div class=\"faq-item-question\">\r\n\t\t\t\t\t\t<h3 class=\"faq-item-question-text\">Il plugin \u00e8 responsive per dispositivi mobili?<\/h3>\r\n\r\n\t\t\t\t\t\t<div class=\"faq-item-question-icon\"><\/div>\r\n\t\t\t\t\t<\/div>\r\n\r\n\t\t\t\t\t<div class=\"faq-item-answer\">\r\n\t\t\t\t\t\t<div class=\"faq-item-answer-text\">Assolutamente s\u00ec. Il plugin \u00e8 completamente responsive e garantisce che il tuo flipbook abbia un aspetto impeccabile e funzioni senza problemi su desktop, tablet e smartphone. <\/div>\r\n\t\t\t\t\t<\/div>\r\n\t\t\t\t<\/div><div class=\"faq-item\">\r\n\t\t\t\t\t<div class=\"faq-item-question\">\r\n\t\t\t\t\t\t<h3 class=\"faq-item-question-text\">Come posso personalizzare l'aspetto del mio flipbook?<\/h3>\r\n\r\n\t\t\t\t\t\t<div class=\"faq-item-question-icon\"><\/div>\r\n\t\t\t\t\t<\/div>\r\n\r\n\t\t\t\t\t<div class=\"faq-item-answer\">\r\n\t\t\t\t\t\t<div class=\"faq-item-answer-text\">Utilizzando l&#8217;editor visuale di Elfsight, puoi regolare colori, stili dei pulsanti, dimensioni, effetti di volta pagina e altro ancora. Questo aiuta il plugin a integrarsi perfettamente con il branding del tuo sito web. <\/div>\r\n\t\t\t\t\t<\/div>\r\n\t\t\t\t<\/div><div class=\"faq-item\">\r\n\t\t\t\t\t<div class=\"faq-item-question\">\r\n\t\t\t\t\t\t<h3 class=\"faq-item-question-text\">Posso aggiornare il contenuto del widget senza modificare il sito web ogni volta?<\/h3>\r\n\r\n\t\t\t\t\t\t<div class=\"faq-item-question-icon\"><\/div>\r\n\t\t\t\t\t<\/div>\r\n\r\n\t\t\t\t\t<div class=\"faq-item-answer\">\r\n\t\t\t\t\t\t<div class=\"faq-item-answer-text\">S\u00ec, puoi aggiornare il contenuto direttamente nella dashboard di Elfsight e le modifiche appariranno sul tuo sito web in tempo reale, senza bisogno di reincorporare nulla.<\/div>\r\n\t\t\t\t\t<\/div>\r\n\t\t\t\t<\/div><div class=\"faq-item\">\r\n\t\t\t\t\t<div class=\"faq-item-question\">\r\n\t\t\t\t\t\t<h3 class=\"faq-item-question-text\">Il widget rallenta il mio sito web?<\/h3>\r\n\r\n\t\t\t\t\t\t<div class=\"faq-item-question-icon\"><\/div>\r\n\t\t\t\t\t<\/div>\r\n\r\n\t\t\t\t\t<div class=\"faq-item-answer\">\r\n\t\t\t\t\t\t<div class=\"faq-item-answer-text\">I widget di Elfsight sono leggeri e ospitati nel cloud, il che significa che si caricano in modo asincrono e non influiscono sulle prestazioni del tuo sito.<\/div>\r\n\t\t\t\t\t<\/div>\r\n\t\t\t\t<\/div><\/div>","protected":false},"excerpt":{"rendered":"","protected":false},"author":9,"featured_media":0,"parent":7564,"menu_order":0,"comment_status":"closed","ping_status":"closed","template":"templates\/template-application-platform.php","meta":{"publish_to_discourse":"","publish_post_category":"","wpdc_auto_publish_overridden":"","wpdc_topic_tags":"","wpdc_pin_topic":"","wpdc_pin_until":"","discourse_post_id":"","discourse_permalink":"","wpdc_publishing_response":"","wpdc_publishing_error":"","footnotes":""},"class_list":["post-8091","page","type-page","status-publish","hentry"],"yoast_head":"<!-- This site is optimized with the Yoast SEO plugin v25.3.1 - https:\/\/yoast.com\/wordpress\/plugins\/seo\/ -->\n<title>Plugin Flipbook per WordPress: aggiungi un flipbook PDF a WordPress [Gratuito]<\/title>\n<meta name=\"description\" content=\"Aggiungi il miglior plugin PDF Flipbook per WordPress per aumentare il coinvolgimento e presentare i contenuti in un formato dinamico.\" \/>\n<meta name=\"robots\" content=\"index, follow, max-snippet:-1, max-image-preview:large, max-video-preview:-1\" \/>\n<link rel=\"canonical\" href=\"https:\/\/elfsight.com\/it\/flipbook-widget\/wordpress\/\" \/>\n<meta property=\"og:locale\" content=\"it_IT\" \/>\n<meta property=\"og:type\" content=\"article\" \/>\n<meta property=\"og:title\" content=\"Plugin Flipbook per WordPress: aggiungi un flipbook PDF a WordPress [Gratuito]\" \/>\n<meta property=\"og:description\" content=\"Aggiungi il miglior plugin PDF Flipbook per WordPress per aumentare il coinvolgimento e presentare i contenuti in un formato dinamico.\" \/>\n<meta property=\"og:url\" content=\"https:\/\/elfsight.com\/it\/flipbook-widget\/wordpress\/\" \/>\n<meta property=\"og:site_name\" content=\"Elfsight IT\" \/>\n<meta property=\"article:modified_time\" content=\"2025-05-30T12:32:55+00:00\" \/>\n<meta name=\"twitter:card\" content=\"summary_large_image\" \/>\n<meta name=\"twitter:label1\" content=\"Tempo di lettura stimato\" \/>\n\t<meta name=\"twitter:data1\" content=\"3 minuti\" \/>\n<!-- \/ Yoast SEO plugin. -->","yoast_head_json":{"title":"Plugin Flipbook per WordPress: aggiungi un flipbook PDF a WordPress [Gratuito]","description":"Aggiungi il miglior plugin PDF Flipbook per WordPress per aumentare il coinvolgimento e presentare i contenuti in un formato dinamico.","robots":{"index":"index","follow":"follow","max-snippet":"max-snippet:-1","max-image-preview":"max-image-preview:large","max-video-preview":"max-video-preview:-1"},"canonical":"https:\/\/elfsight.com\/it\/flipbook-widget\/wordpress\/","og_locale":"it_IT","og_type":"article","og_title":"Plugin Flipbook per WordPress: aggiungi un flipbook PDF a WordPress [Gratuito]","og_description":"Aggiungi il miglior plugin PDF Flipbook per WordPress per aumentare il coinvolgimento e presentare i contenuti in un formato dinamico.","og_url":"https:\/\/elfsight.com\/it\/flipbook-widget\/wordpress\/","og_site_name":"Elfsight IT","article_modified_time":"2025-05-30T12:32:55+00:00","twitter_card":"summary_large_image","twitter_misc":{"Tempo di lettura stimato":"3 minuti"},"schema":{"@context":"https:\/\/schema.org","@graph":[{"@type":"WebPage","@id":"https:\/\/elfsight.com\/it\/flipbook-widget\/wordpress\/","url":"https:\/\/elfsight.com\/it\/flipbook-widget\/wordpress\/","name":"Plugin Flipbook per WordPress: aggiungi un flipbook PDF a WordPress [Gratuito]","isPartOf":{"@id":"https:\/\/elfsight.com\/it\/#website"},"datePublished":"2024-08-01T13:24:15+00:00","dateModified":"2025-05-30T12:32:55+00:00","description":"Aggiungi il miglior plugin PDF Flipbook per WordPress per aumentare il coinvolgimento e presentare i contenuti in un formato dinamico.","breadcrumb":{"@id":"https:\/\/elfsight.com\/it\/flipbook-widget\/wordpress\/#breadcrumb"},"inLanguage":"it-IT","potentialAction":[{"@type":"ReadAction","target":["https:\/\/elfsight.com\/it\/flipbook-widget\/wordpress\/"]}]},{"@type":"BreadcrumbList","@id":"https:\/\/elfsight.com\/it\/flipbook-widget\/wordpress\/#breadcrumb","itemListElement":[{"@type":"ListItem","position":1,"name":"Home","item":"https:\/\/elfsight.com\/it\/"},{"@type":"ListItem","position":2,"name":"Flipbook","item":"https:\/\/elfsight.com\/it\/flipbook-widget\/"},{"@type":"ListItem","position":3,"name":"Flipbook &#8211; WordPress"}]},{"@type":"WebSite","@id":"https:\/\/elfsight.com\/it\/#website","url":"https:\/\/elfsight.com\/it\/","name":"Elfsight IT","description":"Just another Elfsight Sites site","potentialAction":[{"@type":"SearchAction","target":{"@type":"EntryPoint","urlTemplate":"https:\/\/elfsight.com\/it\/?s={search_term_string}"},"query-input":{"@type":"PropertyValueSpecification","valueRequired":true,"valueName":"search_term_string"}}],"inLanguage":"it-IT"}]}},"meta_box":{"industry":"","seo_heading":"","heading":"","description":"","cta_heading":"","cta_description":"","application":"7559","h1":"Plugin PDF Flipbook per WordPress","h1_caption":"Aggiungi un Flipbook reattivo al tuo sito web WordPress per trasformare i tuoi PDF in pubblicazioni eleganti e interattive in pochi minuti.","application_category":[],"applications_title":"","applications_request_title":"","applications_request_button_text":"","hero_text":"","hero_video":"","hero_video_schema_markup":"","selling_points_title":"","selling_points_caption":"","selling_points":[],"selling_points_cta_text":"","features_title":"","features":"","ed_cta_examples_text":"","ed_cta_examples_hidden":"","ed_cta_demo_text":"","ed_cta_demo_hidden":"","why_caption":"","why_editor_title":"","why_editor_text":"","why_team_title":"","why_team_text":"","why_service_title":"","why_service_text":"","template_catalog_visible":"","template_catalog_title":"","template_catalog_text":"","template_catalog_categories_visible":"","demo_title":"Crea il tuo plugin Flipbook","demo_caption":"Configura il tuo PDF Flipbook e aggiungilo gratuitamente al tuo sito web WordPress!","default_faq_hidden":"","app_template_category":[],"platform":"28","template_public_id":"","codecanyon_url":"","codecanyon_item_id":"","codecanyon_price":"","pricing_caption":"","pricing_elfsight_apps_hide_column":"","pricing_elfsight_apps_url":"","pricing_codecanyon_price_caption":"","integration_category":[],"integration_request_title":"","integration_request_cta":"","integration_platform":"","integrations":[],"platform_category":[],"video_schema_markup":"","price":"da $0 \/ mese","trial":"","benefits":[{"text":"Servizio di installazione gratuito"},{"text":"Servizio clienti efficace"},{"text":"Garanzia di rimborso di 14 giorni"},{"text":"Aggiornamenti continui"}],"button_url":"#demo","button_target_blank":"0","button_nofollow":"","attributes":[{"name":"Installazioni","content":"50,000 - 100,000","_state":""},{"name":"Reattivo","content":"S\u00cc","_state":""},{"name":"Browser compatibili","content":"Firefox, Safari, Opera, Chrome, Edge","_state":""}],"tags":[],"tags_disable_links":"","hide_more_platforms":"","video_object":"","demo_hide_cta":"","demo_hide_cloud_options":"","pricing_title":"","pricing":[{"pricing_icon":"platform","pricing_title":"Elfsight Apps","pricing_title_caption":"Soluzione digitale multipiattaforma","pricing_price":"da $0 \/ mese","pricing_price_caption":"inizia con un piano gratuito","pricing_benefits":[{"text":"Domini illimitati"},{"text":"Assistenza clienti gratuita e ben documentata"},{"text":"Servizio di installazione gratuito"},{"text":"Flexible design"}],"pricing_button_text":"Aggiungi al sito web","pricing_button_url":"#demo"}],"related_apps_title":"","related_apps_hidden":"","author":"","image":[],"title":"","job":"","social_networks":[]},"_links":{"self":[{"href":"https:\/\/elfsight.com\/it\/wp-json\/wp\/v2\/pages\/8091","targetHints":{"allow":["GET"]}}],"collection":[{"href":"https:\/\/elfsight.com\/it\/wp-json\/wp\/v2\/pages"}],"about":[{"href":"https:\/\/elfsight.com\/it\/wp-json\/wp\/v2\/types\/page"}],"author":[{"embeddable":true,"href":"https:\/\/elfsight.com\/it\/wp-json\/wp\/v2\/users\/9"}],"replies":[{"embeddable":true,"href":"https:\/\/elfsight.com\/it\/wp-json\/wp\/v2\/comments?post=8091"}],"version-history":[{"count":2,"href":"https:\/\/elfsight.com\/it\/wp-json\/wp\/v2\/pages\/8091\/revisions"}],"predecessor-version":[{"id":10210,"href":"https:\/\/elfsight.com\/it\/wp-json\/wp\/v2\/pages\/8091\/revisions\/10210"}],"up":[{"embeddable":true,"href":"https:\/\/elfsight.com\/it\/wp-json\/wp\/v2\/pages\/7564"}],"wp:attachment":[{"href":"https:\/\/elfsight.com\/it\/wp-json\/wp\/v2\/media?parent=8091"}],"curies":[{"name":"wp","href":"https:\/\/api.w.org\/{rel}","templated":true}]}}