{"id":8085,"date":"2024-08-01T13:31:59","date_gmt":"2024-08-01T13:31:59","guid":{"rendered":"https:\/\/elfsight.com\/it\/?page_id=8085"},"modified":"2025-05-30T12:32:55","modified_gmt":"2025-05-30T12:32:55","slug":"elementor","status":"publish","type":"page","link":"https:\/\/elfsight.com\/it\/flipbook-widget\/elementor\/","title":{"rendered":"Flipbook &#8211; Elementor"},"content":{"rendered":"<div class=\"application-platform-content-item-description application-platform-content-item\" id=\"description\" data-nav-section=\"description\"> <h2>Come il Flipbook per Elementor pu\u00f2 migliorare il tuo sito web<\/h2><p>Il widget Flipbook di Elfsight ti consente di creare un flipbook coinvolgente e interattivo che pu\u00f2 essere integrato perfettamente nel tuo sito web basato su Elementor. Questo widget dinamico offre un modo moderno per visualizzare i tuoi contenuti, che si tratti di cataloghi, brochure, portfolio o persino riviste digitali. Il widget migliora il tuo sito web rendendo i tuoi contenuti pi\u00f9 interattivi e accattivanti per i visitatori, incoraggiandoli a interagire con il tuo materiale pi\u00f9 a lungo.<\/p><p>Con Elfsight, puoi presentare i tuoi contenuti in modo innovativo e intuitivo. Questo widget crea un&#8217;esperienza di lettura altamente interattiva, trasformando PDF statici o file basati su immagini in un formato digitale visivamente accattivante. Perfetto per le aziende di qualsiasi settore, che si tratti di vendita al dettaglio, immobiliare o istruzione, il Flipbook ti aiuta a visualizzare contenuti di qualit\u00e0 che incontrano il tuo pubblico.<\/p><p><b>Inizia a utilizzare gratuitamente Elfsight Flipbook sul tuo sito web Elementor oggi stesso e scopri tutti i suoi vantaggi!<\/b><\/p><\/div><div class=\"application-platform-content-item-features application-platform-content-item\" id=\"features\" data-nav-section=\"features\"><h2>Caratteristiche principali di Elementor Flipbook<\/h2><p>Elfsight Flipbook offre una serie di funzionalit\u00e0 che lo distinguono dagli altri widget di visualizzazione dei contenuti:<\/p><ul> <li><b>Design completamente personalizzabile:<\/b> adatta l&#8217;aspetto grafico al design del tuo marchio regolando colori, caratteri e layout.<\/li> <li><b>Effetto di sfogliatura delle pagine interattivo:<\/b> aggiungi un&#8217;animazione di sfogliatura fluida e realistica per coinvolgere gli utenti e rendere i contenuti interattivi.<\/li> <li><b>Layout multipli:<\/b> scegli tra diverse modalit\u00e0 di visualizzazione, tra cui Layout a pagina singola o doppia, per adattarsi al meglio ai tuoi contenuti.<\/li> <li><b>Funzionalit\u00e0 di zoom avanti\/indietro:<\/b> consenti ai tuoi utenti di ingrandire la visualizzazione per vedere pi\u00f9 da vicino immagini o testi dettagliati all&#8217;interno del flipbook.<\/li> <li><b>Adatto ai dispositivi mobili:<\/b> il widget Flipbook di Elementor \u00e8 completamente reattivo, garantendo una visualizzazione perfetta su tutti i dispositivi, dal desktop al cellulare.<\/li> <li><b>Navigazione semplice:<\/b> aggiungi frecce di navigazione o una mini barra di navigazione per consentire agli utenti di spostarsi facilmente tra le pagine.<\/li><\/ul><p><a href=\"#demo\">Prova il widget nell&#8217;editor intuitivo e scopri tu stesso l&#8217;esperienza interattiva: non \u00e8 necessaria la registrazione!<\/a><\/p><\/div><div class=\"application-platform-content-item-installation application-platform-content-item\" id=\"installation\" data-nav-section=\"installation\"><h2>Come aggiungere il flipbook a Elementor<\/h2><p>Segui queste semplici istruzioni per aggiungere il widget Flipbook al tuo sito web utilizzando Elfsight. Il processo \u00e8 veloce e non richiede competenze di programmazione:<\/p><ol> <li><strong>Seleziona il tuo modello:<\/strong> Vai all&#8217;editor di Elementor e scegli il modello pi\u00f9 adatto alle tue esigenze.<\/li> <li><strong>Personalizza il tuo widget:<\/strong> Carica i PDF o aggiungili tramite link, modifica le impostazioni e gli elementi di design.<\/li> <li><strong>Copia il codice generato:<\/strong> Una volta che sei soddisfatto del design e delle impostazioni, copia il codice di incorporamento generato.<\/li> <li><strong>Incorpora il codice:<\/strong> Incolla il codice nella sezione appropriata della tua pagina Elementor (solitamente un blocco di codice o una sezione widget) per visualizzare il flipbook.<\/li><\/ol><p>Interessato ad altre opzioni di personalizzazione? Scopri come <a href=\"https:\/\/elfsight.com\/blog\/how-to-embed-flipbook-on-website\/\" target=\"_blank\">integrare un Flipbook sul tuo sito web<\/a> con la nostra guida esperta.<\/p><p>Se hai bisogno di assistenza, il team di supporto di Elfsight \u00e8 sempre qui per aiutarti!<\/p><\/div><div class=\"faq\" data-component=\"FAQ\"><div class=\"faq-item\">\r\n\t\t\t\t\t<div class=\"faq-item-question\">\r\n\t\t\t\t\t\t<h3 class=\"faq-item-question-text\">Posso usare il widget Flipbook sul mio sito web ottimizzato per dispositivi mobili?<\/h3>\r\n\r\n\t\t\t\t\t\t<div class=\"faq-item-question-icon\"><\/div>\r\n\t\t\t\t\t<\/div>\r\n\r\n\t\t\t\t\t<div class=\"faq-item-answer\">\r\n\t\t\t\t\t\t<div class=\"faq-item-answer-text\">S\u00ec, Elfsight Flipbook \u00e8 completamente ottimizzato per dispositivi mobili, il che significa che si adatter\u00e0 perfettamente a schermi di tutte le dimensioni per un&#8217;esperienza utente ottimale su qualsiasi dispositivo.<\/div>\r\n\t\t\t\t\t<\/div>\r\n\t\t\t\t<\/div><div class=\"faq-item\">\r\n\t\t\t\t\t<div class=\"faq-item-question\">\r\n\t\t\t\t\t\t<h3 class=\"faq-item-question-text\">Come posso aggiungere contenuti al widget Flipbook?<\/h3>\r\n\r\n\t\t\t\t\t\t<div class=\"faq-item-question-icon\"><\/div>\r\n\t\t\t\t\t<\/div>\r\n\r\n\t\t\t\t\t<div class=\"faq-item-answer\">\r\n\t\t\t\t\t\t<div class=\"faq-item-answer-text\">Puoi caricare i tuoi contenuti in formato PDF direttamente tramite l&#8217;editor intuitivo oppure puoi aggiungerli tramite un link. Una volta caricato, puoi modificarne l&#8217;aspetto e le funzionalit\u00e0, come le impostazioni di zoom e le transizioni di pagina.<\/div>\r\n\t\t\t\t\t<\/div>\r\n\t\t\t\t<\/div><div class=\"faq-item\">\r\n\t\t\t\t\t<div class=\"faq-item-question\">\r\n\t\t\t\t\t\t<h3 class=\"faq-item-question-text\">Il design del flipbook di Elfsight \u00e8 personalizzabile?<\/h3>\r\n\r\n\t\t\t\t\t\t<div class=\"faq-item-question-icon\"><\/div>\r\n\t\t\t\t\t<\/div>\r\n\r\n\t\t\t\t\t<div class=\"faq-item-answer\">\r\n\t\t\t\t\t\t<div class=\"faq-item-answer-text\">Certamente! Puoi modificare i colori, i font e il layout del flipbook, assicurandoti che si adatti all&#8217;estetica e all&#8217;identit\u00e0 del tuo sito web.<\/div>\r\n\t\t\t\t\t<\/div>\r\n\t\t\t\t<\/div><div class=\"faq-item\">\r\n\t\t\t\t\t<div class=\"faq-item-question\">\r\n\t\t\t\t\t\t<h3 class=\"faq-item-question-text\">Sono necessarie conoscenze di programmazione per utilizzare il widget?<\/h3>\r\n\r\n\t\t\t\t\t\t<div class=\"faq-item-question-icon\"><\/div>\r\n\t\t\t\t\t<\/div>\r\n\r\n\t\t\t\t\t<div class=\"faq-item-answer\">\r\n\t\t\t\t\t\t<div class=\"faq-item-answer-text\">Assolutamente no! Il flipbook di Elfsight \u00e8 progettato per essere facile da usare con un&#8217;interfaccia drag-and-drop. Non \u00e8 richiesta alcuna conoscenza di programmazione per l&#8217;installazione o la personalizzazione.<\/div>\r\n\t\t\t\t\t<\/div>\r\n\t\t\t\t<\/div><div class=\"faq-item\">\r\n\t\t\t\t\t<div class=\"faq-item-question\">\r\n\t\t\t\t\t\t<h3 class=\"faq-item-question-text\">Posso provare il flipbook prima di acquistarlo?<\/h3>\r\n\r\n\t\t\t\t\t\t<div class=\"faq-item-question-icon\"><\/div>\r\n\t\t\t\t\t<\/div>\r\n\r\n\t\t\t\t\t<div class=\"faq-item-answer\">\r\n\t\t\t\t\t\t<div class=\"faq-item-answer-text\">S\u00ec, Elfsight offre un piano gratuito, quindi puoi provare il flipbook di Elfsight e scoprirne tutte le funzionalit\u00e0 prima di sottoscrivere un piano a pagamento.<\/div>\r\n\t\t\t\t\t<\/div>\r\n\t\t\t\t<\/div><\/div>","protected":false},"excerpt":{"rendered":"","protected":false},"author":9,"featured_media":0,"parent":7564,"menu_order":0,"comment_status":"closed","ping_status":"closed","template":"templates\/template-application-platform.php","meta":{"publish_to_discourse":"","publish_post_category":"","wpdc_auto_publish_overridden":"","wpdc_topic_tags":"","wpdc_pin_topic":"","wpdc_pin_until":"","discourse_post_id":"","discourse_permalink":"","wpdc_publishing_response":"","wpdc_publishing_error":"","footnotes":""},"class_list":["post-8085","page","type-page","status-publish","hentry"],"yoast_head":"<!-- This site is optimized with the Yoast SEO plugin v25.3.1 - https:\/\/yoast.com\/wordpress\/plugins\/seo\/ -->\n<title>Elementor Flipbook - Aggiungi un flipbook a Elementor [gratuitamente]<\/title>\n<meta name=\"description\" content=\"Aggiungi il miglior Flipbook al tuo sito web Elementor per migliorare l&#039;esperienza utente, mostrare contenuti e aumentare il coinvolgimento.\" \/>\n<meta name=\"robots\" content=\"index, follow, max-snippet:-1, max-image-preview:large, max-video-preview:-1\" \/>\n<link rel=\"canonical\" href=\"https:\/\/elfsight.com\/it\/flipbook-widget\/elementor\/\" \/>\n<meta property=\"og:locale\" content=\"it_IT\" \/>\n<meta property=\"og:type\" content=\"article\" \/>\n<meta property=\"og:title\" content=\"Elementor Flipbook - Aggiungi un flipbook a Elementor [gratuitamente]\" \/>\n<meta property=\"og:description\" content=\"Aggiungi il miglior Flipbook al tuo sito web Elementor per migliorare l&#039;esperienza utente, mostrare contenuti e aumentare il coinvolgimento.\" \/>\n<meta property=\"og:url\" content=\"https:\/\/elfsight.com\/it\/flipbook-widget\/elementor\/\" \/>\n<meta property=\"og:site_name\" content=\"Elfsight IT\" \/>\n<meta property=\"article:modified_time\" content=\"2025-05-30T12:32:55+00:00\" \/>\n<meta name=\"twitter:card\" content=\"summary_large_image\" \/>\n<meta name=\"twitter:label1\" content=\"Tempo di lettura stimato\" \/>\n\t<meta name=\"twitter:data1\" content=\"3 minuti\" \/>\n<!-- \/ Yoast SEO plugin. -->","yoast_head_json":{"title":"Elementor Flipbook - Aggiungi un flipbook a Elementor [gratuitamente]","description":"Aggiungi il miglior Flipbook al tuo sito web Elementor per migliorare l'esperienza utente, mostrare contenuti e aumentare il coinvolgimento.","robots":{"index":"index","follow":"follow","max-snippet":"max-snippet:-1","max-image-preview":"max-image-preview:large","max-video-preview":"max-video-preview:-1"},"canonical":"https:\/\/elfsight.com\/it\/flipbook-widget\/elementor\/","og_locale":"it_IT","og_type":"article","og_title":"Elementor Flipbook - Aggiungi un flipbook a Elementor [gratuitamente]","og_description":"Aggiungi il miglior Flipbook al tuo sito web Elementor per migliorare l'esperienza utente, mostrare contenuti e aumentare il coinvolgimento.","og_url":"https:\/\/elfsight.com\/it\/flipbook-widget\/elementor\/","og_site_name":"Elfsight IT","article_modified_time":"2025-05-30T12:32:55+00:00","twitter_card":"summary_large_image","twitter_misc":{"Tempo di lettura stimato":"3 minuti"},"schema":{"@context":"https:\/\/schema.org","@graph":[{"@type":"WebPage","@id":"https:\/\/elfsight.com\/it\/flipbook-widget\/elementor\/","url":"https:\/\/elfsight.com\/it\/flipbook-widget\/elementor\/","name":"Elementor Flipbook - Aggiungi un flipbook a Elementor [gratuitamente]","isPartOf":{"@id":"https:\/\/elfsight.com\/it\/#website"},"datePublished":"2024-08-01T13:31:59+00:00","dateModified":"2025-05-30T12:32:55+00:00","description":"Aggiungi il miglior Flipbook al tuo sito web Elementor per migliorare l'esperienza utente, mostrare contenuti e aumentare il coinvolgimento.","breadcrumb":{"@id":"https:\/\/elfsight.com\/it\/flipbook-widget\/elementor\/#breadcrumb"},"inLanguage":"it-IT","potentialAction":[{"@type":"ReadAction","target":["https:\/\/elfsight.com\/it\/flipbook-widget\/elementor\/"]}]},{"@type":"BreadcrumbList","@id":"https:\/\/elfsight.com\/it\/flipbook-widget\/elementor\/#breadcrumb","itemListElement":[{"@type":"ListItem","position":1,"name":"Home","item":"https:\/\/elfsight.com\/it\/"},{"@type":"ListItem","position":2,"name":"Flipbook","item":"https:\/\/elfsight.com\/it\/flipbook-widget\/"},{"@type":"ListItem","position":3,"name":"Flipbook &#8211; Elementor"}]},{"@type":"WebSite","@id":"https:\/\/elfsight.com\/it\/#website","url":"https:\/\/elfsight.com\/it\/","name":"Elfsight IT","description":"Just another Elfsight Sites site","potentialAction":[{"@type":"SearchAction","target":{"@type":"EntryPoint","urlTemplate":"https:\/\/elfsight.com\/it\/?s={search_term_string}"},"query-input":{"@type":"PropertyValueSpecification","valueRequired":true,"valueName":"search_term_string"}}],"inLanguage":"it-IT"}]}},"meta_box":{"industry":"","seo_heading":"","heading":"","description":"","cta_heading":"","cta_description":"","application":"7559","h1":"Widget Flipbook di Elementor","h1_caption":"Aggiungi un flipbook digitale al tuo sito web Elementor e coinvolgi gli utenti con una visualizzazione di contenuti interattiva e visivamente accattivante.","application_category":[],"applications_title":"","applications_request_title":"","applications_request_button_text":"","hero_text":"","hero_video":"","hero_video_schema_markup":"","selling_points_title":"","selling_points_caption":"","selling_points":[],"selling_points_cta_text":"","features_title":"","features":"","ed_cta_examples_text":"","ed_cta_examples_hidden":"","ed_cta_demo_text":"","ed_cta_demo_hidden":"","why_caption":"","why_editor_title":"","why_editor_text":"","why_team_title":"","why_team_text":"","why_service_title":"","why_service_text":"","template_catalog_visible":"","template_catalog_title":"","template_catalog_text":"","template_catalog_categories_visible":"","demo_title":"Crea il tuo widget Flipbook","demo_caption":"Configura il tuo widget e aggiungilo gratuitamente al tuo sito web Elementor!","default_faq_hidden":"","app_template_category":[],"platform":"68","template_public_id":"","codecanyon_url":"","codecanyon_item_id":"","codecanyon_price":"","pricing_caption":"","pricing_elfsight_apps_hide_column":"","pricing_elfsight_apps_url":"","pricing_codecanyon_price_caption":"","integration_category":[],"integration_request_title":"","integration_request_cta":"","integration_platform":"","integrations":[],"platform_category":[],"video_schema_markup":"","price":"da $0 \/ mese","trial":"","benefits":[{"text":"Servizio di installazione gratuito"},{"text":"Assistenza clienti esperta"},{"text":"Garanzia di rimborso di 14 giorni"},{"text":"Aggiornamenti continui"}],"button_url":"#demo","button_target_blank":"0","button_nofollow":"","attributes":[{"name":"Installazioni","content":"50,000 - 100,000","_state":""},{"name":"Reattivo","content":"S\u00cc","_state":""},{"name":"Browser compatibili","content":"Firefox, Safari, Opera, Chrome, Edge","_state":""}],"tags":[],"tags_disable_links":"","hide_more_platforms":"","video_object":"","demo_hide_cta":"","demo_hide_cloud_options":"","pricing_title":"","pricing":[{"pricing_icon":"platform","pricing_title":"Elfsight Apps","pricing_title_caption":"Soluzione digitale multipiattaforma","pricing_price":"da $0 \/ mese","pricing_price_caption":"inizia con un piano gratuito","pricing_benefits":[{"text":"Domini illimitati"},{"text":"Supporto gratuito e ben documentato"},{"text":"Servizio di installazione gratuito"},{"text":"Flexible design"}],"pricing_button_text":"Aggiungi al sito web","pricing_button_url":"#demo"}],"related_apps_title":"","related_apps_hidden":"","author":"","image":[],"title":"","job":"","social_networks":[]},"_links":{"self":[{"href":"https:\/\/elfsight.com\/it\/wp-json\/wp\/v2\/pages\/8085","targetHints":{"allow":["GET"]}}],"collection":[{"href":"https:\/\/elfsight.com\/it\/wp-json\/wp\/v2\/pages"}],"about":[{"href":"https:\/\/elfsight.com\/it\/wp-json\/wp\/v2\/types\/page"}],"author":[{"embeddable":true,"href":"https:\/\/elfsight.com\/it\/wp-json\/wp\/v2\/users\/9"}],"replies":[{"embeddable":true,"href":"https:\/\/elfsight.com\/it\/wp-json\/wp\/v2\/comments?post=8085"}],"version-history":[{"count":2,"href":"https:\/\/elfsight.com\/it\/wp-json\/wp\/v2\/pages\/8085\/revisions"}],"predecessor-version":[{"id":10208,"href":"https:\/\/elfsight.com\/it\/wp-json\/wp\/v2\/pages\/8085\/revisions\/10208"}],"up":[{"embeddable":true,"href":"https:\/\/elfsight.com\/it\/wp-json\/wp\/v2\/pages\/7564"}],"wp:attachment":[{"href":"https:\/\/elfsight.com\/it\/wp-json\/wp\/v2\/media?parent=8085"}],"curies":[{"name":"wp","href":"https:\/\/api.w.org\/{rel}","templated":true}]}}