{"id":8076,"date":"2024-08-01T14:21:35","date_gmt":"2024-08-01T14:21:35","guid":{"rendered":"https:\/\/elfsight.com\/it\/?page_id=8076"},"modified":"2025-05-30T12:32:46","modified_gmt":"2025-05-30T12:32:46","slug":"weebly","status":"publish","type":"page","link":"https:\/\/elfsight.com\/it\/flipbook-widget\/weebly\/","title":{"rendered":"Flipbook &#8211; Weebly"},"content":{"rendered":"<div class=\"application-platform-content-item-description application-platform-content-item\" id=\"description\" data-nav-section=\"description\"> <h2>Integra Flipbook in Weebly con un&#8217;app Elfsight<\/h2> <p>L&#8217;app Flipbook per Weebly \u00e8 un metodo intelligente per mostrare contenuti visivi sul sito web. L&#8217;app trasforma i tuoi file PDF in vivaci cataloghi con pagine animate e una navigazione intuitiva. \u00c8 progettata per mostrare riviste, cataloghi, manuali e materiali promozionali in modo piacevole per l&#8217;utente, aumentando cos\u00ec la notoriet\u00e0 del marchio e l&#8217;accessibilit\u00e0 dei contenuti. <\/p><p>Puoi inviare rapidamente un link alla tua rivista in PDF, condividerla sui social media e offrire agli utenti un modo semplice per stamparla o scaricarla. Inoltre, l&#8217;app \u00e8 completamente personalizzabile per adattarsi ai colori del tuo sito web o del tuo marchio. Il Flipbook si carica immediatamente sulle tue pagine e ha un aspetto fantastico da qualsiasi dispositivo. <\/p><p><b>Crea il tuo album PDF personalizzato per una presentazione pi\u00f9 accattivante dei tuoi prodotti e dei tuoi risultati. <\/b><\/p><\/div> <div class=\"application-platform-content-item-features application-platform-content-item\" id=\"features\" data-nav-section=\"features\"> <h2>Di seguito sono riportate le funzionalit\u00e0 di base dell&#8217;app: <\/h2><ul><li><b>Sfoglia pagina realistico per il PDF aggiunto. <\/b> Basta aggiungere un file PDF per animarlo con effetti di sfogliatura realistici e suono della carta per un&#8217;esperienza utente soddisfacente. <\/li><li><b>Cerca, ingrandisci e rimpicciolisci, vai all&#8217;inizio o alla fine. <\/b>Il Flipbook offre numerosi pulsanti ed elementi interattivi per lavorare con la brochure e visualizzarla comodamente. <\/li><li><b>Condividi, scarica o stampa la brochure con facilit\u00e0. <\/b>\u00c8 semplice inviare un collegamento al catalogo, condividerlo sui social media o offrire al lettore l&#8217;opportunit\u00e0 di scaricarlo e stamparlo. <\/li><li><b>Modalit\u00e0 di visualizzazione aggiuntive per una presentazione accattivante. <\/b>Le modalit\u00e0 di visualizzazione Miniature, Pagina singola e Schermo intero sono disponibili nel Flipbook per migliorare ulteriormente la navigazione. <\/li><li><b>Personalizzazione, ottimizzazione e localizzazione avanzate. <\/b>Il Flipbook offre diverse opzioni di personalizzazione, si visualizza perfettamente su qualsiasi dispositivo ed \u00e8 localizzato per 76 paesi. <\/li><\/ul><p><a href=\"#demo\">Prova questa demo per vedere come funziona<\/a><\/p><\/div> <div class=\"application-platform-content-item-installation application-platform-content-item\" id=\"installation\" data-nav-section=\"installation\"> <h2>Come posso integrare Flipbook nelle mie pagine Weebly? <\/h2><p>Guarda questo semplice modo per integrare l&#8217;app sul tuo sito web Weebly. Ci vorranno solo pochi minuti e non richiede alcuna programmazione.<\/p> <ol><li><strong>Crea la tua app Flipbook personale<\/strong><br> Inizia con un modello qualsiasi nell&#8217;editor, collega il tuo profilo o gli hashtag desiderati e personalizza l&#8217;app con il design e le impostazioni che preferisci. <\/li><li><strong>Ottieni il codice personale per incorporare l&#8217;app<\/strong><br> Non appena avrai completato la creazione dell&#8217;app, riceverai un codice HTML personalizzato nella tua dashboard. Copia questo codice, che contiene tutte le informazioni relative alle modifiche della tua app. <\/li> <li><strong>Mostra l&#8217;app sul tuo sito web Weebly<\/strong><br> Definisci le aree del tuo sito web in cui prevedi di visualizzare l&#8217;app e incolla il codice l\u00ec. Salva le modifiche. <\/li> <\/ol><p>Fatto! Ora controlla come funziona l&#8217;app sul tuo sito web. <\/p><p>In caso di problemi durante l&#8217;incorporazione dell&#8217;app nel tuo sito web, contatta il nostro servizio clienti. Saremo lieti di mostrarti come aggiungere e modificare il tuo Flipbook.<\/p><\/div>","protected":false},"excerpt":{"rendered":"","protected":false},"author":9,"featured_media":0,"parent":7564,"menu_order":0,"comment_status":"closed","ping_status":"closed","template":"templates\/template-application-platform.php","meta":{"publish_to_discourse":"","publish_post_category":"","wpdc_auto_publish_overridden":"","wpdc_topic_tags":"","wpdc_pin_topic":"","wpdc_pin_until":"","discourse_post_id":"","discourse_permalink":"","wpdc_publishing_response":"","wpdc_publishing_error":"","footnotes":""},"class_list":["post-8076","page","type-page","status-publish","hentry"],"yoast_head":"<!-- This site is optimized with the Yoast SEO plugin v25.3.1 - https:\/\/yoast.com\/wordpress\/plugins\/seo\/ -->\n<title>Applicazione Flipbook per Weebly: incorpora opuscoli luminosi nel sito web<\/title>\n<meta name=\"description\" content=\"Aggiungi un&#039;app Flipbook senza codice al tuo sito web Weebly. Prova la semplice demo di Elfsight per generare senza sforzo la tua soluzione unica.\" \/>\n<meta name=\"robots\" content=\"index, follow, max-snippet:-1, max-image-preview:large, max-video-preview:-1\" \/>\n<link rel=\"canonical\" href=\"https:\/\/elfsight.com\/it\/flipbook-widget\/weebly\/\" \/>\n<meta property=\"og:locale\" content=\"it_IT\" \/>\n<meta property=\"og:type\" content=\"article\" \/>\n<meta property=\"og:title\" content=\"Applicazione Flipbook per Weebly: incorpora opuscoli luminosi nel sito web\" \/>\n<meta property=\"og:description\" content=\"Aggiungi un&#039;app Flipbook senza codice al tuo sito web Weebly. Prova la semplice demo di Elfsight per generare senza sforzo la tua soluzione unica.\" \/>\n<meta property=\"og:url\" content=\"https:\/\/elfsight.com\/it\/flipbook-widget\/weebly\/\" \/>\n<meta property=\"og:site_name\" content=\"Elfsight IT\" \/>\n<meta property=\"article:modified_time\" content=\"2025-05-30T12:32:46+00:00\" \/>\n<meta name=\"twitter:card\" content=\"summary_large_image\" \/>\n<meta name=\"twitter:label1\" content=\"Tempo di lettura stimato\" \/>\n\t<meta name=\"twitter:data1\" content=\"3 minuti\" \/>\n<!-- \/ Yoast SEO plugin. -->","yoast_head_json":{"title":"Applicazione Flipbook per Weebly: incorpora opuscoli luminosi nel sito web","description":"Aggiungi un'app Flipbook senza codice al tuo sito web Weebly. Prova la semplice demo di Elfsight per generare senza sforzo la tua soluzione unica.","robots":{"index":"index","follow":"follow","max-snippet":"max-snippet:-1","max-image-preview":"max-image-preview:large","max-video-preview":"max-video-preview:-1"},"canonical":"https:\/\/elfsight.com\/it\/flipbook-widget\/weebly\/","og_locale":"it_IT","og_type":"article","og_title":"Applicazione Flipbook per Weebly: incorpora opuscoli luminosi nel sito web","og_description":"Aggiungi un'app Flipbook senza codice al tuo sito web Weebly. Prova la semplice demo di Elfsight per generare senza sforzo la tua soluzione unica.","og_url":"https:\/\/elfsight.com\/it\/flipbook-widget\/weebly\/","og_site_name":"Elfsight IT","article_modified_time":"2025-05-30T12:32:46+00:00","twitter_card":"summary_large_image","twitter_misc":{"Tempo di lettura stimato":"3 minuti"},"schema":{"@context":"https:\/\/schema.org","@graph":[{"@type":"WebPage","@id":"https:\/\/elfsight.com\/it\/flipbook-widget\/weebly\/","url":"https:\/\/elfsight.com\/it\/flipbook-widget\/weebly\/","name":"Applicazione Flipbook per Weebly: incorpora opuscoli luminosi nel sito web","isPartOf":{"@id":"https:\/\/elfsight.com\/it\/#website"},"datePublished":"2024-08-01T14:21:35+00:00","dateModified":"2025-05-30T12:32:46+00:00","description":"Aggiungi un'app Flipbook senza codice al tuo sito web Weebly. Prova la semplice demo di Elfsight per generare senza sforzo la tua soluzione unica.","breadcrumb":{"@id":"https:\/\/elfsight.com\/it\/flipbook-widget\/weebly\/#breadcrumb"},"inLanguage":"it-IT","potentialAction":[{"@type":"ReadAction","target":["https:\/\/elfsight.com\/it\/flipbook-widget\/weebly\/"]}]},{"@type":"BreadcrumbList","@id":"https:\/\/elfsight.com\/it\/flipbook-widget\/weebly\/#breadcrumb","itemListElement":[{"@type":"ListItem","position":1,"name":"Home","item":"https:\/\/elfsight.com\/it\/"},{"@type":"ListItem","position":2,"name":"Flipbook","item":"https:\/\/elfsight.com\/it\/flipbook-widget\/"},{"@type":"ListItem","position":3,"name":"Flipbook &#8211; Weebly"}]},{"@type":"WebSite","@id":"https:\/\/elfsight.com\/it\/#website","url":"https:\/\/elfsight.com\/it\/","name":"Elfsight IT","description":"Just another Elfsight Sites site","potentialAction":[{"@type":"SearchAction","target":{"@type":"EntryPoint","urlTemplate":"https:\/\/elfsight.com\/it\/?s={search_term_string}"},"query-input":{"@type":"PropertyValueSpecification","valueRequired":true,"valueName":"search_term_string"}}],"inLanguage":"it-IT"}]}},"meta_box":{"industry":"","seo_heading":"","heading":"","description":"","cta_heading":"","cta_description":"","application":"7559","h1":"Applicazione Flipbook di Weebly","h1_caption":"Converti file PDF o immagini in flipbook interattivi, offrendo un modo pi\u00f9 coinvolgente per presentare documenti o cataloghi sul tuo sito web Weebly senza sforzo.","application_category":[],"applications_title":"","applications_request_title":"","applications_request_button_text":"","hero_text":"","hero_video":"","hero_video_schema_markup":"","selling_points_title":"","selling_points_caption":"","selling_points":[],"selling_points_cta_text":"","features_title":"","features":"","ed_cta_examples_text":"","ed_cta_examples_hidden":"","ed_cta_demo_text":"","ed_cta_demo_hidden":"","why_caption":"","why_editor_title":"","why_editor_text":"","why_team_title":"","why_team_text":"","why_service_title":"","why_service_text":"","template_catalog_visible":"","template_catalog_title":"","template_catalog_text":"","template_catalog_categories_visible":"","demo_title":"Crea la tua app Flipbook","demo_caption":"Configura il tuo Flipbook e aggiungilo gratuitamente al tuo sito web Weebly!","default_faq_hidden":"","app_template_category":[],"platform":"45","template_public_id":"","codecanyon_url":"","codecanyon_item_id":"","codecanyon_price":"","pricing_caption":"","pricing_elfsight_apps_hide_column":"","pricing_elfsight_apps_url":"","pricing_codecanyon_price_caption":"","integration_category":[],"integration_request_title":"","integration_request_cta":"","integration_platform":"","integrations":[],"platform_category":[],"video_schema_markup":"","price":"da $0 \/ mese","trial":"","benefits":[{"text":"Servizio di installazione gratuito"},{"text":"Servizio clienti professionale"},{"text":"Garanzia di rimborso di 14 giorni"},{"text":"Aggiornamento costante"}],"button_url":"#demo","button_target_blank":"0","button_nofollow":"","attributes":[{"name":"Installazioni","content":"50,000 - 100,000","_state":""},{"name":"Reattivo","content":"S\u00cc","_state":""},{"name":"Browser compatibili","content":"Firefox, Safari, Opera, Chrome, Edge","_state":""}],"tags":[],"tags_disable_links":"","hide_more_platforms":"","video_object":"","demo_hide_cta":"","demo_hide_cloud_options":"","pricing_title":"","pricing":[{"pricing_icon":"platform","pricing_title":"Elfsight Apps","pricing_title_caption":"Soluzione indipendente dalla piattaforma adatta a qualsiasi sito web","pricing_price":"da $0 \/ mese","pricing_price_caption":"inizia con un piano gratuito","pricing_benefits":[{"text":"Siti web illimitati"},{"text":"Supporto 24 ore su 24, 7 giorni su 7"},{"text":"Servizio di installazione gratuito"},{"text":"Fully customizable"}],"pricing_button_text":"Aggiungi al sito web","pricing_button_url":"#demo"}],"related_apps_title":"","related_apps_hidden":"","author":"","image":[],"title":"","job":"","social_networks":[]},"_links":{"self":[{"href":"https:\/\/elfsight.com\/it\/wp-json\/wp\/v2\/pages\/8076","targetHints":{"allow":["GET"]}}],"collection":[{"href":"https:\/\/elfsight.com\/it\/wp-json\/wp\/v2\/pages"}],"about":[{"href":"https:\/\/elfsight.com\/it\/wp-json\/wp\/v2\/types\/page"}],"author":[{"embeddable":true,"href":"https:\/\/elfsight.com\/it\/wp-json\/wp\/v2\/users\/9"}],"replies":[{"embeddable":true,"href":"https:\/\/elfsight.com\/it\/wp-json\/wp\/v2\/comments?post=8076"}],"version-history":[{"count":2,"href":"https:\/\/elfsight.com\/it\/wp-json\/wp\/v2\/pages\/8076\/revisions"}],"predecessor-version":[{"id":10203,"href":"https:\/\/elfsight.com\/it\/wp-json\/wp\/v2\/pages\/8076\/revisions\/10203"}],"up":[{"embeddable":true,"href":"https:\/\/elfsight.com\/it\/wp-json\/wp\/v2\/pages\/7564"}],"wp:attachment":[{"href":"https:\/\/elfsight.com\/it\/wp-json\/wp\/v2\/media?parent=8076"}],"curies":[{"name":"wp","href":"https:\/\/api.w.org\/{rel}","templated":true}]}}