{"id":8070,"date":"2024-08-02T06:43:54","date_gmt":"2024-08-02T06:43:54","guid":{"rendered":"https:\/\/elfsight.com\/it\/?page_id=8070"},"modified":"2025-05-30T12:32:38","modified_gmt":"2025-05-30T12:32:38","slug":"bigcommerce","status":"publish","type":"page","link":"https:\/\/elfsight.com\/it\/flipbook-widget\/bigcommerce\/","title":{"rendered":"Flipbook &#8211; BigCommerce"},"content":{"rendered":"<div class=\"application-platform-content-item-description application-platform-content-item\" id=\"description\" data-nav-section=\"description\"> <h2>Integra Flipbook in BigCommerce con un&#8217;app Elfsight<\/h2> <p>L&#8217;app Flipbook per BigCommerce \u00e8 un ottimo metodo per mostrare contenuti visivi sul sito web. L&#8217;app trasforma i tuoi file PDF in cataloghi vivaci con pagine animate e navigazione avanzata. Permette di presentare riviste, cataloghi, manuali e materiali promozionali in modo piacevole per l&#8217;utente, aumentando cos\u00ec la notoriet\u00e0 del marchio e l&#8217;accessibilit\u00e0 dei contenuti. <\/p><p>Puoi facilmente inviare un link alla tua rivista in PDF, condividerla sui social media e offrire agli utenti un modo chiaro per stamparla o scaricarla. Inoltre, l&#8217;app \u00e8 completamente personalizzabile per adattarsi allo stile del tuo sito web o del tuo marchio. Il Flipbook si carica velocemente sulle tue pagine e ha un aspetto accattivante su qualsiasi dispositivo. <\/p><p><b>Migliora la qualit\u00e0 della presentazione dei tuoi prodotti e risultati con l&#8217;opuscolo interattivo personalizzato. <\/b><\/p><\/div> <div class=\"application-platform-content-item-features application-platform-content-item\" id=\"features\" data-nav-section=\"features\"> <h2>L&#8217;app offre funzionalit\u00e0 pratiche e veloci, scoprine alcune: <\/h2><ul><li><b>Sfoglia pagina realistico per il tuo PDF aggiunto. <\/b> Puoi aggiungere qualsiasi file PDF per animarlo con effetti di sfogliatura realistici e suono della carta per un&#8217;esperienza utente soddisfacente. <\/li><li><b>Cerca, ingrandisci e rimpicciolisci, vai all&#8217;inizio o alla fine. <\/b>Il Flipbook offre numerosi pulsanti e opzioni interattive per lavorare con il catalogo e consultarlo comodamente. <\/li><li><b>Condividi, scarica o stampa l&#8217;opuscolo senza sforzo. <\/b>\u00c8 possibile inviare un collegamento al tuo catalogo, condividerlo sui social media o offrire la possibilit\u00e0 di scaricarlo e stamparlo per l&#8217;utente. <\/li><li><b>Modalit\u00e0 di visualizzazione aggiuntive per una presentazione migliore. <\/b>Le modalit\u00e0 di visualizzazione Miniature, Pagina singola e Schermo intero sono disponibili nel Flipbook per migliorare ulteriormente la navigazione. <\/li><li><b>Personalizzazione, ottimizzazione e localizzazione migliorate. <\/b>Il Flipbook offre numerose impostazioni di personalizzazione, si visualizza perfettamente su qualsiasi dispositivo ed \u00e8 localizzato per 76 paesi. <\/li><\/ul><p><a href=\"#demo\">Puoi testare le funzionalit\u00e0 dell&#8217;app con l&#8217;aiuto della demo<\/a><\/p><\/div> <div class=\"application-platform-content-item-installation application-platform-content-item\" id=\"installation\" data-nav-section=\"installation\"> <h2>Come posso integrare Flipbook nelle mie pagine BigCommerce? <\/h2><p>Ecco come configurare l&#8217;app sul tuo sito web BigCommerce in modo semplice. Ci vorranno solo un paio di minuti e non richiede alcuna programmazione.<\/p> <ol><li><strong>Crea la tua app Flipbook personale<\/strong><br> Inizia con un modello qualsiasi nell&#8217;editor, collega il tuo profilo o gli hashtag desiderati e modifica l&#8217;app con lo stile e le opzioni che preferisci. <\/li><li><strong>Ricevi il codice personale per incorporare l&#8217;app<\/strong><br> Una volta creata l&#8217;app, riceverai un codice HTML personalizzato nella tua dashboard. Copia il codice che contiene tutte le informazioni relative alle impostazioni della tua app. <\/li> <li><strong>Mostra l&#8217;app sul tuo sito web BigCommerce<\/strong><br> Scegli le sezioni del tuo sito web in cui desideri presentare l&#8217;app e incolla il codice l\u00ec. Salva le modifiche. <\/li> <\/ol><p>Questo \u00e8 tutto! Ora controlla le prestazioni dell&#8217;app sul tuo sito web. <\/p><p>In caso di problemi durante l&#8217;incorporazione dell&#8217;app nel tuo sito web, contatta i nostri responsabili dell&#8217;assistenza. Saremo lieti di offrirti consulenza su come aggiungere e modificare il tuo Flipbook.<\/p><\/div>","protected":false},"excerpt":{"rendered":"","protected":false},"author":9,"featured_media":0,"parent":7564,"menu_order":0,"comment_status":"closed","ping_status":"closed","template":"templates\/template-application-platform.php","meta":{"publish_to_discourse":"","publish_post_category":"","wpdc_auto_publish_overridden":"","wpdc_topic_tags":"","wpdc_pin_topic":"","wpdc_pin_until":"","discourse_post_id":"","discourse_permalink":"","wpdc_publishing_response":"","wpdc_publishing_error":"","footnotes":""},"class_list":["post-8070","page","type-page","status-publish","hentry"],"yoast_head":"<!-- This site is optimized with the Yoast SEO plugin v25.3.1 - https:\/\/yoast.com\/wordpress\/plugins\/seo\/ -->\n<title>Applicazione Flipbook per BigCommerce: integra fantastiche riviste nel tuo sito web<\/title>\n<meta name=\"description\" content=\"Aggiungi un&#039;app Flipbook senza codice al tuo sito web BigCommerce. Guarda la demo rapida di Elfsight per creare facilmente la tua soluzione personalizzata.\" \/>\n<meta name=\"robots\" content=\"index, follow, max-snippet:-1, max-image-preview:large, max-video-preview:-1\" \/>\n<link rel=\"canonical\" href=\"https:\/\/elfsight.com\/it\/flipbook-widget\/bigcommerce\/\" \/>\n<meta property=\"og:locale\" content=\"it_IT\" \/>\n<meta property=\"og:type\" content=\"article\" \/>\n<meta property=\"og:title\" content=\"Applicazione Flipbook per BigCommerce: integra fantastiche riviste nel tuo sito web\" \/>\n<meta property=\"og:description\" content=\"Aggiungi un&#039;app Flipbook senza codice al tuo sito web BigCommerce. Guarda la demo rapida di Elfsight per creare facilmente la tua soluzione personalizzata.\" \/>\n<meta property=\"og:url\" content=\"https:\/\/elfsight.com\/it\/flipbook-widget\/bigcommerce\/\" \/>\n<meta property=\"og:site_name\" content=\"Elfsight IT\" \/>\n<meta property=\"article:modified_time\" content=\"2025-05-30T12:32:38+00:00\" \/>\n<meta name=\"twitter:card\" content=\"summary_large_image\" \/>\n<meta name=\"twitter:label1\" content=\"Tempo di lettura stimato\" \/>\n\t<meta name=\"twitter:data1\" content=\"3 minuti\" \/>\n<!-- \/ Yoast SEO plugin. -->","yoast_head_json":{"title":"Applicazione Flipbook per BigCommerce: integra fantastiche riviste nel tuo sito web","description":"Aggiungi un'app Flipbook senza codice al tuo sito web BigCommerce. Guarda la demo rapida di Elfsight per creare facilmente la tua soluzione personalizzata.","robots":{"index":"index","follow":"follow","max-snippet":"max-snippet:-1","max-image-preview":"max-image-preview:large","max-video-preview":"max-video-preview:-1"},"canonical":"https:\/\/elfsight.com\/it\/flipbook-widget\/bigcommerce\/","og_locale":"it_IT","og_type":"article","og_title":"Applicazione Flipbook per BigCommerce: integra fantastiche riviste nel tuo sito web","og_description":"Aggiungi un'app Flipbook senza codice al tuo sito web BigCommerce. Guarda la demo rapida di Elfsight per creare facilmente la tua soluzione personalizzata.","og_url":"https:\/\/elfsight.com\/it\/flipbook-widget\/bigcommerce\/","og_site_name":"Elfsight IT","article_modified_time":"2025-05-30T12:32:38+00:00","twitter_card":"summary_large_image","twitter_misc":{"Tempo di lettura stimato":"3 minuti"},"schema":{"@context":"https:\/\/schema.org","@graph":[{"@type":"WebPage","@id":"https:\/\/elfsight.com\/it\/flipbook-widget\/bigcommerce\/","url":"https:\/\/elfsight.com\/it\/flipbook-widget\/bigcommerce\/","name":"Applicazione Flipbook per BigCommerce: integra fantastiche riviste nel tuo sito web","isPartOf":{"@id":"https:\/\/elfsight.com\/it\/#website"},"datePublished":"2024-08-02T06:43:54+00:00","dateModified":"2025-05-30T12:32:38+00:00","description":"Aggiungi un'app Flipbook senza codice al tuo sito web BigCommerce. Guarda la demo rapida di Elfsight per creare facilmente la tua soluzione personalizzata.","breadcrumb":{"@id":"https:\/\/elfsight.com\/it\/flipbook-widget\/bigcommerce\/#breadcrumb"},"inLanguage":"it-IT","potentialAction":[{"@type":"ReadAction","target":["https:\/\/elfsight.com\/it\/flipbook-widget\/bigcommerce\/"]}]},{"@type":"BreadcrumbList","@id":"https:\/\/elfsight.com\/it\/flipbook-widget\/bigcommerce\/#breadcrumb","itemListElement":[{"@type":"ListItem","position":1,"name":"Home","item":"https:\/\/elfsight.com\/it\/"},{"@type":"ListItem","position":2,"name":"Flipbook","item":"https:\/\/elfsight.com\/it\/flipbook-widget\/"},{"@type":"ListItem","position":3,"name":"Flipbook &#8211; BigCommerce"}]},{"@type":"WebSite","@id":"https:\/\/elfsight.com\/it\/#website","url":"https:\/\/elfsight.com\/it\/","name":"Elfsight IT","description":"Just another Elfsight Sites site","potentialAction":[{"@type":"SearchAction","target":{"@type":"EntryPoint","urlTemplate":"https:\/\/elfsight.com\/it\/?s={search_term_string}"},"query-input":{"@type":"PropertyValueSpecification","valueRequired":true,"valueName":"search_term_string"}}],"inLanguage":"it-IT"}]}},"meta_box":{"industry":"","seo_heading":"","heading":"","description":"","cta_heading":"","cta_description":"","application":"7559","h1":"Applicazione Flipbook di BigCommerce","h1_caption":"Converti file PDF o immagini in flipbook interattivi, offrendo un modo pi\u00f9 coinvolgente per presentare documenti o cataloghi sul tuo sito web BigCommerce senza sforzo.","application_category":[],"applications_title":"","applications_request_title":"","applications_request_button_text":"","hero_text":"","hero_video":"","hero_video_schema_markup":"","selling_points_title":"","selling_points_caption":"","selling_points":[],"selling_points_cta_text":"","features_title":"","features":"","ed_cta_examples_text":"","ed_cta_examples_hidden":"","ed_cta_demo_text":"","ed_cta_demo_hidden":"","why_caption":"","why_editor_title":"","why_editor_text":"","why_team_title":"","why_team_text":"","why_service_title":"","why_service_text":"","template_catalog_visible":"","template_catalog_title":"","template_catalog_text":"","template_catalog_categories_visible":"","demo_title":"Crea la tua app Flipbook","demo_caption":"Configura il tuo Flipbook e aggiungilo gratuitamente al tuo sito web BigCommerce!","default_faq_hidden":"","app_template_category":[],"platform":"32","template_public_id":"","codecanyon_url":"","codecanyon_item_id":"","codecanyon_price":"","pricing_caption":"","pricing_elfsight_apps_hide_column":"","pricing_elfsight_apps_url":"","pricing_codecanyon_price_caption":"","integration_category":[],"integration_request_title":"","integration_request_cta":"","integration_platform":"","integrations":[],"platform_category":[],"video_schema_markup":"","price":"da $0 \/ mese","trial":"","benefits":[{"text":"Assistenza all'installazione gratuita"},{"text":"Servizio clienti efficace"},{"text":"Garanzia di rimborso di 14 giorni"},{"text":"Sviluppo continuo"}],"button_url":"#demo","button_target_blank":"0","button_nofollow":"","attributes":[{"name":"Installazioni","content":"50,000 - 100,000","_state":""},{"name":"Reattivo","content":"S\u00cc","_state":""},{"name":"Browser compatibili","content":"Firefox, Safari, Opera, Chrome, Edge","_state":""}],"tags":[],"tags_disable_links":"","hide_more_platforms":"","video_object":"","demo_hide_cta":"","demo_hide_cloud_options":"","pricing_title":"","pricing":[{"pricing_icon":"platform","pricing_title":"Elfsight Apps","pricing_title_caption":"Soluzione multipiattaforma che funziona su qualsiasi sito web","pricing_price":"da $0 \/ mese","pricing_price_caption":"inizia con un piano gratuito","pricing_benefits":[{"text":"Domini illimitati"},{"text":"Supporto rapido e puntuale"},{"text":"Servizio di installazione gratuito"},{"text":"100% customizable"}],"pricing_button_text":"Aggiungi al sito web","pricing_button_url":"#demo"}],"related_apps_title":"","related_apps_hidden":"","author":"","image":[],"title":"","job":"","social_networks":[]},"_links":{"self":[{"href":"https:\/\/elfsight.com\/it\/wp-json\/wp\/v2\/pages\/8070","targetHints":{"allow":["GET"]}}],"collection":[{"href":"https:\/\/elfsight.com\/it\/wp-json\/wp\/v2\/pages"}],"about":[{"href":"https:\/\/elfsight.com\/it\/wp-json\/wp\/v2\/types\/page"}],"author":[{"embeddable":true,"href":"https:\/\/elfsight.com\/it\/wp-json\/wp\/v2\/users\/9"}],"replies":[{"embeddable":true,"href":"https:\/\/elfsight.com\/it\/wp-json\/wp\/v2\/comments?post=8070"}],"version-history":[{"count":2,"href":"https:\/\/elfsight.com\/it\/wp-json\/wp\/v2\/pages\/8070\/revisions"}],"predecessor-version":[{"id":10201,"href":"https:\/\/elfsight.com\/it\/wp-json\/wp\/v2\/pages\/8070\/revisions\/10201"}],"up":[{"embeddable":true,"href":"https:\/\/elfsight.com\/it\/wp-json\/wp\/v2\/pages\/7564"}],"wp:attachment":[{"href":"https:\/\/elfsight.com\/it\/wp-json\/wp\/v2\/media?parent=8070"}],"curies":[{"name":"wp","href":"https:\/\/api.w.org\/{rel}","templated":true}]}}