{"id":8053,"date":"2024-08-02T07:28:24","date_gmt":"2024-08-02T07:28:24","guid":{"rendered":"https:\/\/elfsight.com\/it\/?page_id=8053"},"modified":"2025-05-30T12:32:21","modified_gmt":"2025-05-30T12:32:21","slug":"webnode","status":"publish","type":"page","link":"https:\/\/elfsight.com\/it\/flipbook-widget\/webnode\/","title":{"rendered":"Flipbook &#8211; Webnode"},"content":{"rendered":"<div class=\"application-platform-content-item-description application-platform-content-item\" id=\"description\" data-nav-section=\"description\"> <h2>Integra Flipbook in Webnode con un widget Elfsight<\/h2> <p>Il widget Flipbook per Webnode \u00e8 un metodo intelligente per mostrare contenuti visivi sul sito web. Il widget trasforma i tuoi file PDF in cataloghi vivaci con immagini animate e una navigazione intuitiva. Permette di presentare riviste, cataloghi, manuali e materiali promozionali in modo piacevole per l&#8217;utente, aumentando cos\u00ec la notoriet\u00e0 del marchio e l&#8217;accessibilit\u00e0 dei contenuti. <\/p><p>Puoi facilmente inviare un link al tuo album PDF, condividerlo sui social media e offrire agli utenti un modo semplice per stamparlo o scaricarlo. Inoltre, il widget \u00e8 completamente personalizzabile per adattarsi allo stile del tuo sito web o del tuo marchio. Il Flipbook si carica velocemente sulle tue pagine e ha un aspetto impeccabile da qualsiasi dispositivo. <\/p><p><b>Crea il tuo album PDF personalizzato per una presentazione migliore dei tuoi prodotti e dei tuoi risultati. <\/b><\/p><\/div> <div class=\"application-platform-content-item-features application-platform-content-item\" id=\"features\" data-nav-section=\"features\"> <h2>Queste sono solo alcune delle numerose funzionalit\u00e0 del widget: <\/h2><ul><li><b>Sfoglia pagina realistico per qualsiasi PDF incorporato. <\/b> Basta aggiungere qualsiasi file PDF per animarlo con autentici effetti di sfogliatura e suono della carta per un&#8217;esperienza utente soddisfacente. <\/li><li><b>Cerca, ingrandisci e rimpicciolisci, vai all&#8217;inizio o alla fine. <\/b>Il Flipbook ha numerosi pulsanti ed elementi interattivi per lavorare con il catalogo ed esplorarlo senza interruzioni. <\/li><li><b>Condividi, scarica o stampa l&#8217;album facilmente. <\/b>\u00c8 semplice inviare un collegamento al catalogo, condividerlo sui social media o offrire l&#8217;opportunit\u00e0 di scaricarlo e stamparlo per l&#8217;utente. <\/li><li><b>Pi\u00f9 modalit\u00e0 di visualizzazione per una presentazione migliore. <\/b>Nel Flipbook sono disponibili le modalit\u00e0 di visualizzazione Miniature, Pagina singola e Schermo intero per migliorare ulteriormente la navigazione. <\/li><li><b>Personalizzazione, ottimizzazione e localizzazione avanzate. <\/b>Il Flipbook offre diverse impostazioni di personalizzazione, si visualizza in modo ottimale su qualsiasi dispositivo ed \u00e8 localizzato per 76 paesi. <\/li><\/ul><p><a href=\"#demo\">Prova questa demo per farti un&#8217;idea completa<\/a><\/p><\/div> <div class=\"application-platform-content-item-installation application-platform-content-item\" id=\"installation\" data-nav-section=\"installation\"> <h2>Come integrare il Flipbook nelle mie pagine Webnode? <\/h2><p>Guarda questo semplice modo per incorporare il widget nel tuo sito web Webnode. Ci vorranno solo un paio di minuti e non \u00e8 richiesta alcuna programmazione.<\/p> <ol><li><strong>Crea il tuo widget Flipbook personalizzato<\/strong><br> Inizia con un modello qualsiasi nell&#8217;editor, collega il tuo profilo o gli hashtag desiderati e personalizza il widget con lo stile e le impostazioni che preferisci. <\/li><li><strong>Ottieni il codice personale per incorporare il widget<\/strong><br> Una volta creato il widget, riceverai un codice HTML personalizzato nella tua dashboard. Copia il codice che contiene tutti i dettagli sulle impostazioni del tuo widget. <\/li> <li><strong>Mostra il widget sul tuo sito web Webnode<\/strong><br> Seleziona le aree del tuo sito web in cui desideri visualizzare il widget e incolla il codice l\u00ec. Salva le modifiche. <\/li> <\/ol><p>Ecco fatto! Ora controlla le prestazioni del widget sul tuo sito web. <\/p><p>Se riscontri problemi durante l&#8217;incorporazione del widget in un sito web, non esitare a contattare il nostro centro assistenza. Saremo lieti di mostrarti come aggiungere e gestire il tuo Flipbook.<\/p><\/div>","protected":false},"excerpt":{"rendered":"","protected":false},"author":9,"featured_media":0,"parent":7564,"menu_order":0,"comment_status":"closed","ping_status":"closed","template":"templates\/template-application-platform.php","meta":{"publish_to_discourse":"","publish_post_category":"","wpdc_auto_publish_overridden":"","wpdc_topic_tags":"","wpdc_pin_topic":"","wpdc_pin_until":"","discourse_post_id":"","discourse_permalink":"","wpdc_publishing_response":"","wpdc_publishing_error":"","footnotes":""},"class_list":["post-8053","page","type-page","status-publish","hentry"],"yoast_head":"<!-- This site is optimized with the Yoast SEO plugin v25.3.1 - https:\/\/yoast.com\/wordpress\/plugins\/seo\/ -->\n<title>Widget Flipbook per Webnode: integra riviste interattive nel sito web<\/title>\n<meta name=\"description\" content=\"Aggiungi un widget Flipbook senza codice al tuo sito web Webnode. Dai un&#039;occhiata alla demo online di Elfsight per creare facilmente la tua soluzione personalizzata.\" \/>\n<meta name=\"robots\" content=\"index, follow, max-snippet:-1, max-image-preview:large, max-video-preview:-1\" \/>\n<link rel=\"canonical\" href=\"https:\/\/elfsight.com\/it\/flipbook-widget\/webnode\/\" \/>\n<meta property=\"og:locale\" content=\"it_IT\" \/>\n<meta property=\"og:type\" content=\"article\" \/>\n<meta property=\"og:title\" content=\"Widget Flipbook per Webnode: integra riviste interattive nel sito web\" \/>\n<meta property=\"og:description\" content=\"Aggiungi un widget Flipbook senza codice al tuo sito web Webnode. Dai un&#039;occhiata alla demo online di Elfsight per creare facilmente la tua soluzione personalizzata.\" \/>\n<meta property=\"og:url\" content=\"https:\/\/elfsight.com\/it\/flipbook-widget\/webnode\/\" \/>\n<meta property=\"og:site_name\" content=\"Elfsight IT\" \/>\n<meta property=\"article:modified_time\" content=\"2025-05-30T12:32:21+00:00\" \/>\n<meta name=\"twitter:card\" content=\"summary_large_image\" \/>\n<meta name=\"twitter:label1\" content=\"Tempo di lettura stimato\" \/>\n\t<meta name=\"twitter:data1\" content=\"3 minuti\" \/>\n<!-- \/ Yoast SEO plugin. -->","yoast_head_json":{"title":"Widget Flipbook per Webnode: integra riviste interattive nel sito web","description":"Aggiungi un widget Flipbook senza codice al tuo sito web Webnode. Dai un'occhiata alla demo online di Elfsight per creare facilmente la tua soluzione personalizzata.","robots":{"index":"index","follow":"follow","max-snippet":"max-snippet:-1","max-image-preview":"max-image-preview:large","max-video-preview":"max-video-preview:-1"},"canonical":"https:\/\/elfsight.com\/it\/flipbook-widget\/webnode\/","og_locale":"it_IT","og_type":"article","og_title":"Widget Flipbook per Webnode: integra riviste interattive nel sito web","og_description":"Aggiungi un widget Flipbook senza codice al tuo sito web Webnode. Dai un'occhiata alla demo online di Elfsight per creare facilmente la tua soluzione personalizzata.","og_url":"https:\/\/elfsight.com\/it\/flipbook-widget\/webnode\/","og_site_name":"Elfsight IT","article_modified_time":"2025-05-30T12:32:21+00:00","twitter_card":"summary_large_image","twitter_misc":{"Tempo di lettura stimato":"3 minuti"},"schema":{"@context":"https:\/\/schema.org","@graph":[{"@type":"WebPage","@id":"https:\/\/elfsight.com\/it\/flipbook-widget\/webnode\/","url":"https:\/\/elfsight.com\/it\/flipbook-widget\/webnode\/","name":"Widget Flipbook per Webnode: integra riviste interattive nel sito web","isPartOf":{"@id":"https:\/\/elfsight.com\/it\/#website"},"datePublished":"2024-08-02T07:28:24+00:00","dateModified":"2025-05-30T12:32:21+00:00","description":"Aggiungi un widget Flipbook senza codice al tuo sito web Webnode. Dai un'occhiata alla demo online di Elfsight per creare facilmente la tua soluzione personalizzata.","breadcrumb":{"@id":"https:\/\/elfsight.com\/it\/flipbook-widget\/webnode\/#breadcrumb"},"inLanguage":"it-IT","potentialAction":[{"@type":"ReadAction","target":["https:\/\/elfsight.com\/it\/flipbook-widget\/webnode\/"]}]},{"@type":"BreadcrumbList","@id":"https:\/\/elfsight.com\/it\/flipbook-widget\/webnode\/#breadcrumb","itemListElement":[{"@type":"ListItem","position":1,"name":"Home","item":"https:\/\/elfsight.com\/it\/"},{"@type":"ListItem","position":2,"name":"Flipbook","item":"https:\/\/elfsight.com\/it\/flipbook-widget\/"},{"@type":"ListItem","position":3,"name":"Flipbook &#8211; Webnode"}]},{"@type":"WebSite","@id":"https:\/\/elfsight.com\/it\/#website","url":"https:\/\/elfsight.com\/it\/","name":"Elfsight IT","description":"Just another Elfsight Sites site","potentialAction":[{"@type":"SearchAction","target":{"@type":"EntryPoint","urlTemplate":"https:\/\/elfsight.com\/it\/?s={search_term_string}"},"query-input":{"@type":"PropertyValueSpecification","valueRequired":true,"valueName":"search_term_string"}}],"inLanguage":"it-IT"}]}},"meta_box":{"industry":"","seo_heading":"","heading":"","description":"","cta_heading":"","cta_description":"","application":"7559","h1":"Widget Flipbook di Webnode","h1_caption":"Converti file PDF o immagini in flipbook interattivi, offrendo un modo pi\u00f9 coinvolgente per presentare documenti o cataloghi sul tuo sito Webnode senza sforzo.","application_category":[],"applications_title":"","applications_request_title":"","applications_request_button_text":"","hero_text":"","hero_video":"","hero_video_schema_markup":"","selling_points_title":"","selling_points_caption":"","selling_points":[],"selling_points_cta_text":"","features_title":"","features":"","ed_cta_examples_text":"","ed_cta_examples_hidden":"","ed_cta_demo_text":"","ed_cta_demo_hidden":"","why_caption":"","why_editor_title":"","why_editor_text":"","why_team_title":"","why_team_text":"","why_service_title":"","why_service_text":"","template_catalog_visible":"","template_catalog_title":"","template_catalog_text":"","template_catalog_categories_visible":"","demo_title":"Crea il tuo widget Flipbook","demo_caption":"Configura il tuo Flipbook e aggiungilo gratuitamente al tuo sito Webnode!","default_faq_hidden":"","app_template_category":[],"platform":"47","template_public_id":"","codecanyon_url":"","codecanyon_item_id":"","codecanyon_price":"","pricing_caption":"","pricing_elfsight_apps_hide_column":"","pricing_elfsight_apps_url":"","pricing_codecanyon_price_caption":"","integration_category":[],"integration_request_title":"","integration_request_cta":"","integration_platform":"","integrations":[],"platform_category":[],"video_schema_markup":"","price":"da $0 \/ mese","trial":"","benefits":[{"text":"Servizio di installazione gratuito"},{"text":"Assistenza clienti esperta"},{"text":"Garanzia di rimborso di 14 giorni"},{"text":"Aggiornamento costante"}],"button_url":"#demo","button_target_blank":"0","button_nofollow":"","attributes":[{"name":"Installazioni","content":"50,000 - 100,000","_state":""},{"name":"Reattivo","content":"S\u00cc","_state":""},{"name":"Browser compatibili","content":"Firefox, Safari, Opera, Chrome, Edge","_state":""}],"tags":[],"tags_disable_links":"","hide_more_platforms":"","video_object":"","demo_hide_cta":"","demo_hide_cloud_options":"","pricing_title":"","pricing":[{"pricing_icon":"platform","pricing_title":"Elfsight Apps","pricing_title_caption":"Software indipendente dalla piattaforma che funziona su qualsiasi sito","pricing_price":"da $0 \/ mese","pricing_price_caption":"inizia con un piano gratuito","pricing_benefits":[{"text":"Siti web illimitati"},{"text":"Supporto premium e puntuale"},{"text":"Assistenza per l'installazione gratuita"},{"text":"100% customizable"}],"pricing_button_text":"Aggiungi al sito web","pricing_button_url":"#demo"}],"related_apps_title":"","related_apps_hidden":"","author":"","image":[],"title":"","job":"","social_networks":[]},"_links":{"self":[{"href":"https:\/\/elfsight.com\/it\/wp-json\/wp\/v2\/pages\/8053","targetHints":{"allow":["GET"]}}],"collection":[{"href":"https:\/\/elfsight.com\/it\/wp-json\/wp\/v2\/pages"}],"about":[{"href":"https:\/\/elfsight.com\/it\/wp-json\/wp\/v2\/types\/page"}],"author":[{"embeddable":true,"href":"https:\/\/elfsight.com\/it\/wp-json\/wp\/v2\/users\/9"}],"replies":[{"embeddable":true,"href":"https:\/\/elfsight.com\/it\/wp-json\/wp\/v2\/comments?post=8053"}],"version-history":[{"count":2,"href":"https:\/\/elfsight.com\/it\/wp-json\/wp\/v2\/pages\/8053\/revisions"}],"predecessor-version":[{"id":10192,"href":"https:\/\/elfsight.com\/it\/wp-json\/wp\/v2\/pages\/8053\/revisions\/10192"}],"up":[{"embeddable":true,"href":"https:\/\/elfsight.com\/it\/wp-json\/wp\/v2\/pages\/7564"}],"wp:attachment":[{"href":"https:\/\/elfsight.com\/it\/wp-json\/wp\/v2\/media?parent=8053"}],"curies":[{"name":"wp","href":"https:\/\/api.w.org\/{rel}","templated":true}]}}