{"id":8051,"date":"2024-08-02T07:34:12","date_gmt":"2024-08-02T07:34:12","guid":{"rendered":"https:\/\/elfsight.com\/it\/?page_id=8051"},"modified":"2025-05-30T12:32:13","modified_gmt":"2025-05-30T12:32:13","slug":"prestashop","status":"publish","type":"page","link":"https:\/\/elfsight.com\/it\/flipbook-widget\/prestashop\/","title":{"rendered":"Flipbook &#8211; PrestaShop"},"content":{"rendered":"<div class=\"application-platform-content-item-description application-platform-content-item\" id=\"description\" data-nav-section=\"description\"> <h2>Integra Flipbook in PrestaShop con un componente aggiuntivo Elfsight<\/h2> <p>Il componente aggiuntivo Flipbook per PrestaShop \u00e8 un ottimo metodo per presentare contenuti visivi sul sito web. Il componente aggiuntivo trasforma i file PDF in opuscoli interattivi con immagini animate e una navigazione intuitiva. \u00c8 progettato per presentare riviste, cataloghi, manuali e materiali promozionali in modo piacevole per il lettore, aumentando cos\u00ec la notoriet\u00e0 del marchio e l&#8217;accessibilit\u00e0 dei contenuti. <\/p><p>Puoi inviare rapidamente un link al tuo catalogo PDF, condividerlo sui social media e offrire ai visitatori del sito web un modo chiaro per scaricarlo o stamparlo. Inoltre, il componente aggiuntivo \u00e8 completamente personalizzabile per adattarsi ai colori del tuo sito web o del tuo marchio. Il Flipbook si carica rapidamente sulle tue pagine e ha un aspetto impeccabile su qualsiasi dispositivo. <\/p><p><b>Migliora la qualit\u00e0 della presentazione dei tuoi prodotti e dei tuoi risultati con il catalogo personale. <\/b><\/p><\/div> <div class=\"application-platform-content-item-features application-platform-content-item\" id=\"features\" data-nav-section=\"features\"> <h2>Scopri l&#8217;elenco delle funzionalit\u00e0 pi\u00f9 utili: <\/h2><ul><li><b>Sfoglia pagina realistico per qualsiasi PDF aggiunto. <\/b> Puoi aggiungere qualsiasi file PDF per animarlo con effetti di sfogliatura realistici e suono della carta per un&#8217;esperienza utente soddisfacente. <\/li><li><b>Cerca, ingrandisci e rimpicciolisci, vai all&#8217;inizio o alla fine. <\/b>Il Flipbook offre numerosi pulsanti e opzioni interattive per lavorare con il catalogo e consultarlo comodamente. <\/li><li><b>Condividi, scarica o stampa la brochure senza sforzo. <\/b>\u00c8 semplice inviare un collegamento al catalogo, condividerlo tramite i social media o offrire all&#8217;utente l&#8217;opportunit\u00e0 di scaricarlo e stamparlo. <\/li><li><b>Modalit\u00e0 di visualizzazione aggiuntive per una presentazione migliore. <\/b>Sono disponibili le modalit\u00e0 di visualizzazione Miniature, Pagina singola e Schermo intero per Flipbook, per migliorare ulteriormente la navigazione. <\/li><li><b>Personalizzazione, ottimizzazione e localizzazione migliorate. <\/b>Flipbook offre diverse impostazioni di personalizzazione, si visualizza in modo impeccabile su qualsiasi dispositivo ed \u00e8 localizzato per 76 paesi. <\/li><\/ul><p><a href=\"#demo\">Puoi scoprire tutte le funzionalit\u00e0 del componente aggiuntivo nella demo proprio qui<\/a><\/p><\/div> <div class=\"application-platform-content-item-installation application-platform-content-item\" id=\"installation\" data-nav-section=\"installation\"> <h2>Come posso integrare Flipbook nel mio sito web PrestaShop? <\/h2><p>Trova questa semplice guida per integrare il componente aggiuntivo nel tuo sito web PrestaShop. Ci vorranno solo pochi minuti e non richiede alcuna programmazione.<\/p> <ol><li><strong>Crea il tuo componente aggiuntivo Flipbook personalizzato<\/strong><br> Inizia con un modello qualsiasi nell&#8217;editor, collega il tuo profilo o gli hashtag desiderati e adatta il componente aggiuntivo allo stile e alle opzioni che preferisci. <\/li><li><strong>Ottieni il codice personale per incorporare il componente aggiuntivo<\/strong><br> Non appena avrai completato la creazione del tuo componente aggiuntivo, riceverai un codice HTML personalizzato nella tua dashboard. Copia il codice che contiene tutti i dettagli relativi alle impostazioni del componente aggiuntivo. <\/li> <li><strong>Mostra il componente aggiuntivo sul tuo sito web PrestaShop<\/strong><br> Seleziona le aree del tuo sito web in cui desideri presentare il componente aggiuntivo e incolla il codice l\u00ec. Salva le modifiche. <\/li> <\/ol><p>Ecco fatto! Ora controlla come funziona il componente aggiuntivo sul tuo sito web. <\/p><p>In caso di problemi durante l&#8217;incorporazione del componente aggiuntivo in un sito web, non esitare a contattare il nostro servizio clienti. Saremo lieti di mostrarti come aggiungere e modificare il tuo Flipbook.<\/p><\/div>","protected":false},"excerpt":{"rendered":"","protected":false},"author":9,"featured_media":0,"parent":7564,"menu_order":0,"comment_status":"closed","ping_status":"closed","template":"templates\/template-application-platform.php","meta":{"publish_to_discourse":"","publish_post_category":"","wpdc_auto_publish_overridden":"","wpdc_topic_tags":"","wpdc_pin_topic":"","wpdc_pin_until":"","discourse_post_id":"","discourse_permalink":"","wpdc_publishing_response":"","wpdc_publishing_error":"","footnotes":""},"class_list":["post-8051","page","type-page","status-publish","hentry"],"yoast_head":"<!-- This site is optimized with the Yoast SEO plugin v25.3.1 - https:\/\/yoast.com\/wordpress\/plugins\/seo\/ -->\n<title>Componente aggiuntivo Flipbook per PrestaShop: incorpora libri animati nel sito web<\/title>\n<meta name=\"description\" content=\"Aggiungi un componente aggiuntivo Flipbook senza codice al tuo sito web PrestaShop. Scopri la demo online di Elfsight per creare facilmente la tua soluzione unica.\" \/>\n<meta name=\"robots\" content=\"index, follow, max-snippet:-1, max-image-preview:large, max-video-preview:-1\" \/>\n<link rel=\"canonical\" href=\"https:\/\/elfsight.com\/it\/flipbook-widget\/prestashop\/\" \/>\n<meta property=\"og:locale\" content=\"it_IT\" \/>\n<meta property=\"og:type\" content=\"article\" \/>\n<meta property=\"og:title\" content=\"Componente aggiuntivo Flipbook per PrestaShop: incorpora libri animati nel sito web\" \/>\n<meta property=\"og:description\" content=\"Aggiungi un componente aggiuntivo Flipbook senza codice al tuo sito web PrestaShop. Scopri la demo online di Elfsight per creare facilmente la tua soluzione unica.\" \/>\n<meta property=\"og:url\" content=\"https:\/\/elfsight.com\/it\/flipbook-widget\/prestashop\/\" \/>\n<meta property=\"og:site_name\" content=\"Elfsight IT\" \/>\n<meta property=\"article:modified_time\" content=\"2025-05-30T12:32:13+00:00\" \/>\n<meta name=\"twitter:card\" content=\"summary_large_image\" \/>\n<meta name=\"twitter:label1\" content=\"Tempo di lettura stimato\" \/>\n\t<meta name=\"twitter:data1\" content=\"3 minuti\" \/>\n<!-- \/ Yoast SEO plugin. -->","yoast_head_json":{"title":"Componente aggiuntivo Flipbook per PrestaShop: incorpora libri animati nel sito web","description":"Aggiungi un componente aggiuntivo Flipbook senza codice al tuo sito web PrestaShop. Scopri la demo online di Elfsight per creare facilmente la tua soluzione unica.","robots":{"index":"index","follow":"follow","max-snippet":"max-snippet:-1","max-image-preview":"max-image-preview:large","max-video-preview":"max-video-preview:-1"},"canonical":"https:\/\/elfsight.com\/it\/flipbook-widget\/prestashop\/","og_locale":"it_IT","og_type":"article","og_title":"Componente aggiuntivo Flipbook per PrestaShop: incorpora libri animati nel sito web","og_description":"Aggiungi un componente aggiuntivo Flipbook senza codice al tuo sito web PrestaShop. Scopri la demo online di Elfsight per creare facilmente la tua soluzione unica.","og_url":"https:\/\/elfsight.com\/it\/flipbook-widget\/prestashop\/","og_site_name":"Elfsight IT","article_modified_time":"2025-05-30T12:32:13+00:00","twitter_card":"summary_large_image","twitter_misc":{"Tempo di lettura stimato":"3 minuti"},"schema":{"@context":"https:\/\/schema.org","@graph":[{"@type":"WebPage","@id":"https:\/\/elfsight.com\/it\/flipbook-widget\/prestashop\/","url":"https:\/\/elfsight.com\/it\/flipbook-widget\/prestashop\/","name":"Componente aggiuntivo Flipbook per PrestaShop: incorpora libri animati nel sito web","isPartOf":{"@id":"https:\/\/elfsight.com\/it\/#website"},"datePublished":"2024-08-02T07:34:12+00:00","dateModified":"2025-05-30T12:32:13+00:00","description":"Aggiungi un componente aggiuntivo Flipbook senza codice al tuo sito web PrestaShop. Scopri la demo online di Elfsight per creare facilmente la tua soluzione unica.","breadcrumb":{"@id":"https:\/\/elfsight.com\/it\/flipbook-widget\/prestashop\/#breadcrumb"},"inLanguage":"it-IT","potentialAction":[{"@type":"ReadAction","target":["https:\/\/elfsight.com\/it\/flipbook-widget\/prestashop\/"]}]},{"@type":"BreadcrumbList","@id":"https:\/\/elfsight.com\/it\/flipbook-widget\/prestashop\/#breadcrumb","itemListElement":[{"@type":"ListItem","position":1,"name":"Home","item":"https:\/\/elfsight.com\/it\/"},{"@type":"ListItem","position":2,"name":"Flipbook","item":"https:\/\/elfsight.com\/it\/flipbook-widget\/"},{"@type":"ListItem","position":3,"name":"Flipbook &#8211; PrestaShop"}]},{"@type":"WebSite","@id":"https:\/\/elfsight.com\/it\/#website","url":"https:\/\/elfsight.com\/it\/","name":"Elfsight IT","description":"Just another Elfsight Sites site","potentialAction":[{"@type":"SearchAction","target":{"@type":"EntryPoint","urlTemplate":"https:\/\/elfsight.com\/it\/?s={search_term_string}"},"query-input":{"@type":"PropertyValueSpecification","valueRequired":true,"valueName":"search_term_string"}}],"inLanguage":"it-IT"}]}},"meta_box":{"industry":"","seo_heading":"","heading":"","description":"","cta_heading":"","cta_description":"","application":"7559","h1":"Componente aggiuntivo Flipbook di PrestaShop","h1_caption":"Converti file PDF o immagini in flipbook interattivi, offrendo un modo pi\u00f9 coinvolgente per presentare documenti o cataloghi sul tuo sito web Prestashop senza sforzo.","application_category":[],"applications_title":"","applications_request_title":"","applications_request_button_text":"","hero_text":"","hero_video":"","hero_video_schema_markup":"","selling_points_title":"","selling_points_caption":"","selling_points":[],"selling_points_cta_text":"","features_title":"","features":"","ed_cta_examples_text":"","ed_cta_examples_hidden":"","ed_cta_demo_text":"","ed_cta_demo_hidden":"","why_caption":"","why_editor_title":"","why_editor_text":"","why_team_title":"","why_team_text":"","why_service_title":"","why_service_text":"","template_catalog_visible":"","template_catalog_title":"","template_catalog_text":"","template_catalog_categories_visible":"","demo_title":"Crea il tuo componente aggiuntivo Flipbook","demo_caption":"Configura il tuo Flipbook e aggiungilo gratuitamente al tuo sito web PrestaShop!","default_faq_hidden":"","app_template_category":[],"platform":"1023","template_public_id":"","codecanyon_url":"","codecanyon_item_id":"","codecanyon_price":"","pricing_caption":"","pricing_elfsight_apps_hide_column":"","pricing_elfsight_apps_url":"","pricing_codecanyon_price_caption":"","integration_category":[],"integration_request_title":"","integration_request_cta":"","integration_platform":"","integrations":[],"platform_category":[],"video_schema_markup":"","price":"da $0 \/ mese","trial":"","benefits":[{"text":"Assistenza all'installazione gratuita"},{"text":"Assistenza clienti esperta"},{"text":"Garanzia di rimborso di 14 giorni"},{"text":"Miglioramenti gratuiti regolari"}],"button_url":"#demo","button_target_blank":"0","button_nofollow":"","attributes":[{"name":"Installazioni","content":"50,000 - 100,000","_state":""},{"name":"Reattivo","content":"S\u00cc","_state":""},{"name":"Browser compatibili","content":"Firefox, Safari, Opera, Chrome, Edge","_state":""}],"tags":[],"tags_disable_links":"","hide_more_platforms":"","video_object":"","demo_hide_cta":"","demo_hide_cloud_options":"","pricing_title":"","pricing":[{"pricing_icon":"platform","pricing_title":"Elfsight Apps","pricing_title_caption":"Versione multipiattaforma","pricing_price":"da $0 \/ mese","pricing_price_caption":"inizia con un piano gratuito","pricing_benefits":[{"text":"Domini illimitati"},{"text":"Supporto professionale e ben documentato"},{"text":"Assistenza gratuita per l'installazione"},{"text":"Fully customizable"}],"pricing_button_text":"Aggiungi al sito web","pricing_button_url":"#demo"}],"related_apps_title":"","related_apps_hidden":"","author":"","image":[],"title":"","job":"","social_networks":[]},"_links":{"self":[{"href":"https:\/\/elfsight.com\/it\/wp-json\/wp\/v2\/pages\/8051","targetHints":{"allow":["GET"]}}],"collection":[{"href":"https:\/\/elfsight.com\/it\/wp-json\/wp\/v2\/pages"}],"about":[{"href":"https:\/\/elfsight.com\/it\/wp-json\/wp\/v2\/types\/page"}],"author":[{"embeddable":true,"href":"https:\/\/elfsight.com\/it\/wp-json\/wp\/v2\/users\/9"}],"replies":[{"embeddable":true,"href":"https:\/\/elfsight.com\/it\/wp-json\/wp\/v2\/comments?post=8051"}],"version-history":[{"count":2,"href":"https:\/\/elfsight.com\/it\/wp-json\/wp\/v2\/pages\/8051\/revisions"}],"predecessor-version":[{"id":10190,"href":"https:\/\/elfsight.com\/it\/wp-json\/wp\/v2\/pages\/8051\/revisions\/10190"}],"up":[{"embeddable":true,"href":"https:\/\/elfsight.com\/it\/wp-json\/wp\/v2\/pages\/7564"}],"wp:attachment":[{"href":"https:\/\/elfsight.com\/it\/wp-json\/wp\/v2\/media?parent=8051"}],"curies":[{"name":"wp","href":"https:\/\/api.w.org\/{rel}","templated":true}]}}