{"id":8020,"date":"2024-08-29T08:55:48","date_gmt":"2024-08-29T08:55:48","guid":{"rendered":"https:\/\/elfsight.com\/it\/?page_id=8020"},"modified":"2024-12-16T11:52:34","modified_gmt":"2024-12-16T11:52:34","slug":"blogger","status":"publish","type":"page","link":"https:\/\/elfsight.com\/it\/blog-widget\/blogger\/","title":{"rendered":"Blog &#8211; Blogger"},"content":{"rendered":"<div class=\"application-platform-content-item-description application-platform-content-item\" id=\"description\" data-nav-section=\"description\"> <h2>Incorpora il blog in Blogger con un widget Elfsight<\/h2> <p>Il widget Blog migliora la strategia dei contenuti del tuo sito web e il coinvolgimento del pubblico. Crea e gestisci articoli accattivanti con elementi multimediali, mostra i post pi\u00f9 popolari in dispositivi di scorrimento dinamici e assicurati che i tuoi contenuti siano perfetti su qualsiasi dispositivo. Scrivere e gestire i contenuti del blog non \u00e8 mai stato cos\u00ec semplice o efficiente. <\/p><p>Aggiungere nuovi post \u00e8 incredibilmente semplice con il widget Blog: bastano pochi clic e la tua pubblicazione sar\u00e0 pubblicata. Puoi diffondere facilmente i post tramite collegamenti diretti e, con le funzionalit\u00e0 di intelligenza artificiale, non solo puoi costruire articoli senza sforzo, ma puoi anche generare immagini per migliorare i tuoi post. Questo widget ti consente di condividere la storia del tuo marchio e consolidare la tua attivit\u00e0 come uno dei principali influencer del settore. <\/p><p><b>Crea il tuo blocco personale con storie per coinvolgere il pubblico e promuovere la competenza del tuo marchio! <\/b><\/p><\/div> <div class=\"application-platform-content-item-features application-platform-content-item\" id=\"features\" data-nav-section=\"features\"> <h2>Il widget include funzionalit\u00e0 potenti e facili, controlla alcune di esse: <\/h2><ul><li><b>Senza problemi aggiungere il blog a qualsiasi sito web. <\/b> Inizia a creare il tuo widget Blog personale che garantisce prestazioni incredibili su qualsiasi tipo di piattaforma web. <\/li><li><b>Utilizza l&#8217;intelligenza artificiale per generare contenuti regolarmente. <\/b> Le funzionalit\u00e0 AI del widget ti forniscono un approccio semplice per aggiornare regolarmente i contenuti e pubblicare tempestivamente gli articoli. <\/li><li><b>Crea post con un editor intuitivo. <\/b> Il nostro editor che funziona in modo simile a Notion ti consente di creare facilmente l&#8217;articolo senza manuali aggiuntivi. <\/li><li><b>Aggiungi tanti elementi per decorare gli articoli. <\/b> Il creatore del blog dispone di un&#8217;ampia gamma di elementi testuali e visivi per creare un post ricco e coinvolgente. <\/li><li><b>Condividi i post tramite un collegamento diretto.<\/b> Ogni post ricever\u00e0 un indirizzo URL univoco che potrai condividere per ottenere ulteriori visualizzazioni e coinvolgimento. <\/li><\/ul><p><a href=\"#demo\">Puoi testare tutti i punti di forza del widget nella demo direttamente su questa pagina<\/a><\/p><\/div> <div class=\"application-platform-content-item-installazione application-platform-content-item\" id=\"installazione\" data-nav-section=\"installazione\"> <h2>Come incorporare un blog nel mio sito web Blogger? <\/h2><p>Offriamo un modo semplice per avere il widget sul tuo sito web Blogger. Ci vorranno solo pochi minuti e non richiede codifica. <\/p> <ol><li><strong>Crea il tuo widget Blog personalizzato<\/strong><br> Inizia con qualsiasi modello nella demo, lavora con gli elementi intuitivi dell&#8217;editor e personalizza il widget secondo le tue esigenze. design e impostazioni desiderate. <\/li><li><strong>Ottieni il codice personale per incorporare il widget<\/strong><br> Una volta creato il widget, riceverai un codice HTML individuale nella tua dashboard. Copia questo codice che contiene tutte le informazioni relative alle tue impostazioni. <\/li> <li><strong>Mostra il widget sul tuo sito Blogger<\/strong><br> Seleziona le sezioni del tuo sito web in cui desideri presentare il Blog e incolla l\u00ec il codice. Salva le modifiche. <\/li> <\/ol><p>Fatto! Ora guarda come funziona il widget sul tuo sito web. <\/p><p>Se riscontri difficolt\u00e0 durante l&#8217;incorporamento del widget in un sito web, non esitare a contattare la nostra assistenza clienti. Saremo lieti di consigliarti sull&#8217;aggiunta e sulla modifica del tuo blog. <\/p><\/div>","protected":false},"excerpt":{"rendered":"","protected":false},"author":23,"featured_media":0,"parent":7566,"menu_order":0,"comment_status":"closed","ping_status":"closed","template":"templates\/template-application-platform.php","meta":{"publish_to_discourse":"","publish_post_category":"","wpdc_auto_publish_overridden":"","wpdc_topic_tags":"","wpdc_pin_topic":"","wpdc_pin_until":"","discourse_post_id":"","discourse_permalink":"","wpdc_publishing_response":"","wpdc_publishing_error":"","footnotes":""},"class_list":["post-8020","page","type-page","status-publish","hentry"],"yoast_head":"<!-- This site is optimized with the Yoast SEO plugin v25.3.1 - https:\/\/yoast.com\/wordpress\/plugins\/seo\/ -->\n<title>Widget blog di Blogger: aggiungi blog al tuo sito web Blogger [gratuito]<\/title>\n<meta name=\"description\" content=\"Aggiungi un&#039;app Blog senza codice al tuo sito web BigCommerce. Dai un&#039;occhiata alla demo online di Elfsight per creare facilmente la tua soluzione personalizzata.\" \/>\n<meta name=\"robots\" content=\"index, follow, max-snippet:-1, max-image-preview:large, max-video-preview:-1\" \/>\n<link rel=\"canonical\" href=\"https:\/\/elfsight.com\/it\/blog-widget\/blogger\/\" \/>\n<meta property=\"og:locale\" content=\"it_IT\" \/>\n<meta property=\"og:type\" content=\"article\" \/>\n<meta property=\"og:title\" content=\"Widget blog di Blogger: aggiungi blog al tuo sito web Blogger [gratuito]\" \/>\n<meta property=\"og:description\" content=\"Aggiungi un&#039;app Blog senza codice al tuo sito web BigCommerce. Dai un&#039;occhiata alla demo online di Elfsight per creare facilmente la tua soluzione personalizzata.\" \/>\n<meta property=\"og:url\" content=\"https:\/\/elfsight.com\/it\/blog-widget\/blogger\/\" \/>\n<meta property=\"og:site_name\" content=\"Elfsight IT\" \/>\n<meta property=\"article:modified_time\" content=\"2024-12-16T11:52:34+00:00\" \/>\n<meta name=\"twitter:card\" content=\"summary_large_image\" \/>\n<meta name=\"twitter:label1\" content=\"Tempo di lettura stimato\" \/>\n\t<meta name=\"twitter:data1\" content=\"3 minuti\" \/>\n<!-- \/ Yoast SEO plugin. -->","yoast_head_json":{"title":"Widget blog di Blogger: aggiungi blog al tuo sito web Blogger [gratuito]","description":"Aggiungi un'app Blog senza codice al tuo sito web BigCommerce. Dai un'occhiata alla demo online di Elfsight per creare facilmente la tua soluzione personalizzata.","robots":{"index":"index","follow":"follow","max-snippet":"max-snippet:-1","max-image-preview":"max-image-preview:large","max-video-preview":"max-video-preview:-1"},"canonical":"https:\/\/elfsight.com\/it\/blog-widget\/blogger\/","og_locale":"it_IT","og_type":"article","og_title":"Widget blog di Blogger: aggiungi blog al tuo sito web Blogger [gratuito]","og_description":"Aggiungi un'app Blog senza codice al tuo sito web BigCommerce. Dai un'occhiata alla demo online di Elfsight per creare facilmente la tua soluzione personalizzata.","og_url":"https:\/\/elfsight.com\/it\/blog-widget\/blogger\/","og_site_name":"Elfsight IT","article_modified_time":"2024-12-16T11:52:34+00:00","twitter_card":"summary_large_image","twitter_misc":{"Tempo di lettura stimato":"3 minuti"},"schema":{"@context":"https:\/\/schema.org","@graph":[{"@type":"WebPage","@id":"https:\/\/elfsight.com\/it\/blog-widget\/blogger\/","url":"https:\/\/elfsight.com\/it\/blog-widget\/blogger\/","name":"Widget blog di Blogger: aggiungi blog al tuo sito web Blogger [gratuito]","isPartOf":{"@id":"https:\/\/elfsight.com\/it\/#website"},"datePublished":"2024-08-29T08:55:48+00:00","dateModified":"2024-12-16T11:52:34+00:00","description":"Aggiungi un'app Blog senza codice al tuo sito web BigCommerce. Dai un'occhiata alla demo online di Elfsight per creare facilmente la tua soluzione personalizzata.","breadcrumb":{"@id":"https:\/\/elfsight.com\/it\/blog-widget\/blogger\/#breadcrumb"},"inLanguage":"it-IT","potentialAction":[{"@type":"ReadAction","target":["https:\/\/elfsight.com\/it\/blog-widget\/blogger\/"]}]},{"@type":"BreadcrumbList","@id":"https:\/\/elfsight.com\/it\/blog-widget\/blogger\/#breadcrumb","itemListElement":[{"@type":"ListItem","position":1,"name":"Home","item":"https:\/\/elfsight.com\/it\/"},{"@type":"ListItem","position":2,"name":"Blog","item":"https:\/\/elfsight.com\/it\/blog-widget\/"},{"@type":"ListItem","position":3,"name":"Blog &#8211; Blogger"}]},{"@type":"WebSite","@id":"https:\/\/elfsight.com\/it\/#website","url":"https:\/\/elfsight.com\/it\/","name":"Elfsight IT","description":"Just another Elfsight Sites site","potentialAction":[{"@type":"SearchAction","target":{"@type":"EntryPoint","urlTemplate":"https:\/\/elfsight.com\/it\/?s={search_term_string}"},"query-input":{"@type":"PropertyValueSpecification","valueRequired":true,"valueName":"search_term_string"}}],"inLanguage":"it-IT"}]}},"meta_box":{"industry":"","seo_heading":"","heading":"","description":"","cta_heading":"","cta_description":"","application":"7561","h1":"Aggiungi blog al sito web di Blogger","h1_caption":"Visualizza facilmente i post del blog sul tuo sito web con un layout personalizzabile, fornendo un modo dinamico e coinvolgente per condividere contenuti e mantenere informati i visitatori sul tuo sito web BigCommerce senza sforzo.","application_category":[],"applications_title":"","applications_request_title":"","applications_request_button_text":"","hero_text":"","hero_video":"","hero_video_schema_markup":"","selling_points_title":"","selling_points_caption":"","selling_points":[],"selling_points_cta_text":"","features_title":"","features":"","ed_cta_examples_text":"","ed_cta_examples_hidden":"","ed_cta_demo_text":"","ed_cta_demo_hidden":"","why_caption":"","why_editor_title":"","why_editor_text":"","why_team_title":"","why_team_text":"","why_service_title":"","why_service_text":"","template_catalog_visible":"","template_catalog_title":"","template_catalog_text":"","template_catalog_categories_visible":"","demo_title":"Crea il tuo widget Blog","demo_caption":"Configura il tuo blog e aggiungilo gratuitamente al tuo sito Blogger!","default_faq_hidden":"","app_template_category":[],"platform":"33","template_public_id":"","codecanyon_url":"","codecanyon_item_id":"","codecanyon_price":"","pricing_caption":"","pricing_elfsight_apps_hide_column":"","pricing_elfsight_apps_url":"","pricing_codecanyon_price_caption":"","integration_category":[],"integration_request_title":"","integration_request_cta":"","integration_platform":"","integrations":[],"platform_category":[],"video_schema_markup":"","price":"da $ 0 al mese","trial":"","benefits":[{"text":"Servizio di installazione gratuito"},{"text":"Supporto premium"},{"text":"Premio del supporto"},{"text":"Aggiornamento costante"}],"button_url":"#demo","button_target_blank":"","button_nofollow":"","attributes":[{"name":"Installare"},{"name":"Reattivo"},{"name":"Browser compatibili"}],"tags":[],"tags_disable_links":"","hide_more_platforms":"","video_object":"","demo_hide_cta":"","demo_hide_cloud_options":"","pricing_title":"","pricing":[{"pricing_icon":"platform","pricing_title":"Elfsight Apps","pricing_title_caption":"App Elfsight","pricing_price":"da $ 0 al mese","pricing_price_caption":"inizia con un piano gratuito","pricing_benefits":[{"text":"Siti web illimitati"},{"text":"Assistenza clienti veloce"},{"text":"Assistenza gratuita per l'installazione"},{"text":"100% customizable"}],"pricing_button_text":"Aggiungi al sito web","pricing_button_url":"#demo"}],"related_apps_title":"","related_apps_hidden":"","author":"","image":[],"title":"","job":"","social_networks":[]},"_links":{"self":[{"href":"https:\/\/elfsight.com\/it\/wp-json\/wp\/v2\/pages\/8020","targetHints":{"allow":["GET"]}}],"collection":[{"href":"https:\/\/elfsight.com\/it\/wp-json\/wp\/v2\/pages"}],"about":[{"href":"https:\/\/elfsight.com\/it\/wp-json\/wp\/v2\/types\/page"}],"author":[{"embeddable":true,"href":"https:\/\/elfsight.com\/it\/wp-json\/wp\/v2\/users\/23"}],"replies":[{"embeddable":true,"href":"https:\/\/elfsight.com\/it\/wp-json\/wp\/v2\/comments?post=8020"}],"version-history":[{"count":1,"href":"https:\/\/elfsight.com\/it\/wp-json\/wp\/v2\/pages\/8020\/revisions"}],"predecessor-version":[{"id":8024,"href":"https:\/\/elfsight.com\/it\/wp-json\/wp\/v2\/pages\/8020\/revisions\/8024"}],"up":[{"embeddable":true,"href":"https:\/\/elfsight.com\/it\/wp-json\/wp\/v2\/pages\/7566"}],"wp:attachment":[{"href":"https:\/\/elfsight.com\/it\/wp-json\/wp\/v2\/media?parent=8020"}],"curies":[{"name":"wp","href":"https:\/\/api.w.org\/{rel}","templated":true}]}}