{"id":7924,"date":"2024-09-30T18:22:45","date_gmt":"2024-09-30T18:22:45","guid":{"rendered":"https:\/\/elfsight.com\/it\/?page_id=7924"},"modified":"2025-04-11T10:36:00","modified_gmt":"2025-04-11T10:36:00","slug":"jimdo","status":"publish","type":"page","link":"https:\/\/elfsight.com\/it\/spinning-wheel-widget\/jimdo\/","title":{"rendered":"Spinning Wheel &#8211; Jimdo"},"content":{"rendered":"\n<div class=\"application-platform-content-item-description application-platform-content-item\" id=\"description\" data-nav-section=\"description\"><h2>Incorpora la ruota che gira con il widget Elfsight<\/h2> <p>Aggiungi una ruota che gira vivace e interattiva al tuo sito web! Personalizza fino a 10 premi con contenuti unici, immagini, codici promozionali esclusivi e inviti all&#8217;azione. Raccogli e-mail prima che i visitatori girino, invia notifiche automatiche ai vincitori, ricevi aggiornamenti in tempo reale e controlla le probabilit\u00e0 di vincita per ciascun premio. Ottimizza la visibilit\u00e0 con trigger intelligenti e targeting specifico per dispositivo. Il widget supporta oltre 70 lingue ed \u00e8 completamente reattivo. Puoi anche personalizzarne l&#8217;aspetto e la funzionalit\u00e0 utilizzando CSS e JavaScript personalizzati.<\/p> <p><b>Aumenta il coinvolgimento degli utenti e aumenta le conversioni offrendo premi allettanti al tuo pubblico!<\/b><\/p> <\/div> <div class=\"application-platform-content-item-features application-platform-content-item\" id=\"features\" data-nav-section=\"features\"> <h2>Caratteristiche principali del Widget Spinning Wheel per Jimdo<\/h2> <p>Ecco una panoramica dettagliata dello Spinning Wheel Widget Funzionalit\u00e0 del widget ruota progettate appositamente per Jimdo. Questi strumenti sono disponibili nell&#8217;editor per aiutarti a configurare il widget per soddisfare le tue esigenze precise.<\/p> <ul> <li>Aggiungi fino a 10 premi unici al tuo filatoio interattivo.<\/li> <li>Contenuti personalizzati per ogni premio.<\/li> <li>Ogni premio pu\u00f2 contenere un proprio codice promozionale esclusivo.<\/li> <li>Pulsante di azione dedicato per ogni premio.<\/li> <li>Opzione per raccogliere le email degli utenti prima di girare la ruota.<\/li> <\/ul> <p>Questo widget \u00e8 perfetto per gli utenti Jimdo che desiderano aggiungere funzionalit\u00e0 accattivanti e interattive al proprio sito.<\/p><p><a href=\"#demo\">Esplora tutte le funzionalit\u00e0 aggiuntive nella demo<\/a><\/p> <\/div> <div class=\"application-platform-content-item-installation application-platform-content-item\" id=\"installation\" data-nav-section=\"installation\"> <h2>Come incorporo la ruota che gira sul mio sito Jimdo?<\/h2> <p>Per installare il widget sul tuo sito Jimdo, segui semplicemente questi passaggi:<\/p> <ul> <li><b>Crea il tuo widget Spinning Wheel personalizzato<\/b><br> Utilizza la nostra demo gratuita per progettare il widget con l&#8217;aspetto e le funzionalit\u00e0 che preferisci.<\/li> <li> <b>Copia il codice univoco per incorporare il widget<\/b><br> Una volta impostato il widget, riceverai un codice personale dal popup nelle app Elfsight. Conserva questo codice per un utilizzo successivo.<\/li> <li><b>Aggiungi il widget Spinning Wheel al tuo sito Jimdo<\/b><br> Vai alla sezione in cui desideri visualizzare il widget, incolla il codice copiato, e applica le modifiche.<\/li> <li><b>Widget aggiunto con successo!<\/b><br> Visita il tuo sito web Jimdo per vedere il tuo widget in azione.<\/li> <\/ul> <p>Se tu hai bisogno di assistenza o hai domande, non esitare a contattare il nostro team di assistenza clienti. Siamo sempre qui per aiutarti, soprattutto se utilizzi Jimdo.<\/p> <div class=\"faq\" data-component=\"FAQ\"><div class=\"faq-item\">\r\n\t\t\t\t\t<div class=\"faq-item-question\">\r\n\t\t\t\t\t\t<h3 class=\"faq-item-question-text\">Come posso aggiungere la ruota che gira al mio sito web Jimdo senza esperienza di programmazione?<\/h3>\r\n\r\n\t\t\t\t\t\t<div class=\"faq-item-question-icon\"><\/div>\r\n\t\t\t\t\t<\/div>\r\n\r\n\t\t\t\t\t<div class=\"faq-item-answer\">\r\n\t\t\t\t\t\t<div class=\"faq-item-answer-text\"> <p>Elfsight fornisce una piattaforma SaaS che ti consente di creare un widget Spinning Wheel senza alcuna competenza di codifica. Usa semplicemente l&#8217;editor online per configurare il tuo widget. Scegli un modello, regola le impostazioni, aggiungi i tuoi contenuti e personalizza il layout e i colori. Una volta completato, salva il widget e copia il codice di installazione per incorporarlo nel tuo sito Jimdo. Per utilizzare il servizio non \u00e8 necessario alcun abbonamento o carta di credito. In caso di problemi, il nostro team di supporto tecnico \u00e8 sempre pronto ad aiutarti.<\/p> <\/div>\r\n\t\t\t\t\t<\/div>\r\n\t\t\t\t<\/div> <\/div> <\/div>\n","protected":false},"excerpt":{"rendered":"","protected":false},"author":9,"featured_media":0,"parent":7565,"menu_order":0,"comment_status":"closed","ping_status":"closed","template":"templates\/template-application-platform.php","meta":{"publish_to_discourse":"","publish_post_category":"","wpdc_auto_publish_overridden":"","wpdc_topic_tags":"","wpdc_pin_topic":"","wpdc_pin_until":"","discourse_post_id":"","discourse_permalink":"","wpdc_publishing_response":"","wpdc_publishing_error":"","footnotes":""},"class_list":["post-7924","page","type-page","status-publish","hentry"],"yoast_head":"<!-- This site is optimized with the Yoast SEO plugin v25.3.1 - https:\/\/yoast.com\/wordpress\/plugins\/seo\/ -->\n<title>Widget Spinning Wheel - Incorpora Luck Spin nel sito web [GRATUITO]<\/title>\n<meta name=\"description\" content=\"Incorpora una ruota che gira interattiva sul sito GoDaddy. Scopri tutte le funzionalit\u00e0 del plug-in Spinning Wheel di GoDaddy che puoi aggiungere al sito web.\" \/>\n<meta name=\"robots\" content=\"index, follow, max-snippet:-1, max-image-preview:large, max-video-preview:-1\" \/>\n<link rel=\"canonical\" href=\"https:\/\/elfsight.com\/it\/spinning-wheel-widget\/jimdo\/\" \/>\n<meta property=\"og:locale\" content=\"it_IT\" \/>\n<meta property=\"og:type\" content=\"article\" \/>\n<meta property=\"og:title\" content=\"Widget Spinning Wheel - Incorpora Luck Spin nel sito web [GRATUITO]\" \/>\n<meta property=\"og:description\" content=\"Incorpora una ruota che gira interattiva sul sito GoDaddy. Scopri tutte le funzionalit\u00e0 del plug-in Spinning Wheel di GoDaddy che puoi aggiungere al sito web.\" \/>\n<meta property=\"og:url\" content=\"https:\/\/elfsight.com\/it\/spinning-wheel-widget\/jimdo\/\" \/>\n<meta property=\"og:site_name\" content=\"Elfsight IT\" \/>\n<meta property=\"article:modified_time\" content=\"2025-04-11T10:36:00+00:00\" \/>\n<meta name=\"twitter:card\" content=\"summary_large_image\" \/>\n<meta name=\"twitter:label1\" content=\"Tempo di lettura stimato\" \/>\n\t<meta name=\"twitter:data1\" content=\"3 minuti\" \/>\n<!-- \/ Yoast SEO plugin. -->","yoast_head_json":{"title":"Widget Spinning Wheel - Incorpora Luck Spin nel sito web [GRATUITO]","description":"Incorpora una ruota che gira interattiva sul sito GoDaddy. Scopri tutte le funzionalit\u00e0 del plug-in Spinning Wheel di GoDaddy che puoi aggiungere al sito web.","robots":{"index":"index","follow":"follow","max-snippet":"max-snippet:-1","max-image-preview":"max-image-preview:large","max-video-preview":"max-video-preview:-1"},"canonical":"https:\/\/elfsight.com\/it\/spinning-wheel-widget\/jimdo\/","og_locale":"it_IT","og_type":"article","og_title":"Widget Spinning Wheel - Incorpora Luck Spin nel sito web [GRATUITO]","og_description":"Incorpora una ruota che gira interattiva sul sito GoDaddy. Scopri tutte le funzionalit\u00e0 del plug-in Spinning Wheel di GoDaddy che puoi aggiungere al sito web.","og_url":"https:\/\/elfsight.com\/it\/spinning-wheel-widget\/jimdo\/","og_site_name":"Elfsight IT","article_modified_time":"2025-04-11T10:36:00+00:00","twitter_card":"summary_large_image","twitter_misc":{"Tempo di lettura stimato":"3 minuti"},"schema":{"@context":"https:\/\/schema.org","@graph":[{"@type":"WebPage","@id":"https:\/\/elfsight.com\/it\/spinning-wheel-widget\/jimdo\/","url":"https:\/\/elfsight.com\/it\/spinning-wheel-widget\/jimdo\/","name":"Widget Spinning Wheel - Incorpora Luck Spin nel sito web [GRATUITO]","isPartOf":{"@id":"https:\/\/elfsight.com\/it\/#website"},"datePublished":"2024-09-30T18:22:45+00:00","dateModified":"2025-04-11T10:36:00+00:00","description":"Incorpora una ruota che gira interattiva sul sito GoDaddy. Scopri tutte le funzionalit\u00e0 del plug-in Spinning Wheel di GoDaddy che puoi aggiungere al sito web.","breadcrumb":{"@id":"https:\/\/elfsight.com\/it\/spinning-wheel-widget\/jimdo\/#breadcrumb"},"inLanguage":"it-IT","potentialAction":[{"@type":"ReadAction","target":["https:\/\/elfsight.com\/it\/spinning-wheel-widget\/jimdo\/"]}]},{"@type":"BreadcrumbList","@id":"https:\/\/elfsight.com\/it\/spinning-wheel-widget\/jimdo\/#breadcrumb","itemListElement":[{"@type":"ListItem","position":1,"name":"Home","item":"https:\/\/elfsight.com\/it\/"},{"@type":"ListItem","position":2,"name":"Spinning Wheel","item":"https:\/\/elfsight.com\/it\/spinning-wheel-widget\/"},{"@type":"ListItem","position":3,"name":"Spinning Wheel &#8211; Jimdo"}]},{"@type":"WebSite","@id":"https:\/\/elfsight.com\/it\/#website","url":"https:\/\/elfsight.com\/it\/","name":"Elfsight IT","description":"Just another Elfsight Sites site","potentialAction":[{"@type":"SearchAction","target":{"@type":"EntryPoint","urlTemplate":"https:\/\/elfsight.com\/it\/?s={search_term_string}"},"query-input":{"@type":"PropertyValueSpecification","valueRequired":true,"valueName":"search_term_string"}}],"inLanguage":"it-IT"}]}},"meta_box":{"industry":"","seo_heading":"","heading":"","description":"","cta_heading":"","cta_description":"","application":"7560","h1":"Widget Ruota che gira per Jimdo","h1_caption":"Aumenta il coinvolgimento e aumenta le conversioni con una divertente ruota che gira per GoDaddy che offre ai visitatori la possibilit\u00e0 di vincere sconti, premi o altri incentivi.","application_category":[],"applications_title":"","applications_request_title":"","applications_request_button_text":"","hero_text":"","hero_video":"","hero_video_schema_markup":"","selling_points_title":"","selling_points_caption":"","selling_points":[],"selling_points_cta_text":"","features_title":"","features":"","ed_cta_examples_text":"","ed_cta_examples_hidden":"","ed_cta_demo_text":"","ed_cta_demo_hidden":"","why_caption":"","why_editor_title":"","why_editor_text":"","why_team_title":"","why_team_text":"","why_service_title":"","why_service_text":"","template_catalog_visible":"0","template_catalog_title":"","template_catalog_text":"","template_catalog_categories_visible":"","demo_title":"Crea il tuo widget Ruota che gira","demo_caption":"Configura il tuo Spinning Wheel e aggiungilo gratuitamente al tuo sito Jimdo!","default_faq_hidden":"","app_template_category":[],"platform":"55","template_public_id":"","codecanyon_url":"","codecanyon_item_id":"","codecanyon_price":"","pricing_caption":"","pricing_elfsight_apps_hide_column":"","pricing_elfsight_apps_url":"","pricing_codecanyon_price_caption":"","integration_category":[],"integration_request_title":"","integration_request_cta":"","integration_platform":"","integrations":[],"platform_category":[],"video_schema_markup":"","price":"da $ 0 al mese","trial":"","benefits":[{"text":"Assistenza gratuita per l'installazione"},{"text":"Supporto premium"},{"text":"Premio del supporto"},{"text":"Miglioramenti gratuiti continui"}],"button_url":"#demo","button_target_blank":"0","button_nofollow":"0","attributes":[{"name":"Installa"},{"name":"Reattivo"},{"name":"Browser compatibili"}],"tags":[],"tags_disable_links":"0","hide_more_platforms":"0","video_object":"","demo_hide_cta":"0","demo_hide_cloud_options":"0","pricing_title":"","pricing":[{"pricing_icon":"platform","pricing_title":"Elfsight Apps","pricing_title_caption":"App Elfsight","pricing_price":"da $ 0 al mese","pricing_price_caption":"inizia con il piano gratuito","pricing_benefits":[{"text":"Domini illimitati"},{"text":"Supporto premium"},{"text":"Aiuto per l'installazione gratuito"},{"text":"Special price for multiple apps"}],"pricing_button_text":"Aggiungi al sito web","pricing_button_url":"#demo"}],"related_apps_title":"","related_apps_hidden":"0","author":"","image":[],"title":"","job":"","social_networks":[]},"_links":{"self":[{"href":"https:\/\/elfsight.com\/it\/wp-json\/wp\/v2\/pages\/7924","targetHints":{"allow":["GET"]}}],"collection":[{"href":"https:\/\/elfsight.com\/it\/wp-json\/wp\/v2\/pages"}],"about":[{"href":"https:\/\/elfsight.com\/it\/wp-json\/wp\/v2\/types\/page"}],"author":[{"embeddable":true,"href":"https:\/\/elfsight.com\/it\/wp-json\/wp\/v2\/users\/9"}],"replies":[{"embeddable":true,"href":"https:\/\/elfsight.com\/it\/wp-json\/wp\/v2\/comments?post=7924"}],"version-history":[{"count":2,"href":"https:\/\/elfsight.com\/it\/wp-json\/wp\/v2\/pages\/7924\/revisions"}],"predecessor-version":[{"id":9565,"href":"https:\/\/elfsight.com\/it\/wp-json\/wp\/v2\/pages\/7924\/revisions\/9565"}],"up":[{"embeddable":true,"href":"https:\/\/elfsight.com\/it\/wp-json\/wp\/v2\/pages\/7565"}],"wp:attachment":[{"href":"https:\/\/elfsight.com\/it\/wp-json\/wp\/v2\/media?parent=7924"}],"curies":[{"name":"wp","href":"https:\/\/api.w.org\/{rel}","templated":true}]}}