{"id":790,"date":"2020-11-27T12:24:33","date_gmt":"2020-11-27T12:24:33","guid":{"rendered":"https:\/\/elfsight.com\/it\/?page_id=790"},"modified":"2021-04-01T11:42:50","modified_gmt":"2021-04-01T11:42:50","slug":"squarespace-plugins","status":"publish","type":"page","link":"https:\/\/elfsight.com\/it\/squarespace-plugins\/","title":{"rendered":"Squarespace plugins"},"content":{"rendered":"\n<h2>Lo strumento migliore per il tuo sito web Squarespace<\/h2>\n<figure class=\"browser-frame\"><img decoding=\"async\" src=\"https:\/\/elfsight.com\/wp-content\/uploads\/2020\/08\/platform-image-squarespace.jpg\" alt=\"i migliori plugin gratuiti per il tuo sito web squarespace\" \/><\/figure>\n<p>Da anni il nostro team produce i plugin premium e-commerce per Squarespace. I nostri widget ti consentono di aumentare il numero di lead, integrare il tuo sito web con i social media o eseguire varie altre attivit\u00e0 necessarie a tutti i siti aziendali.<\/p>\n<p>Siamo lieti di offrire diverse tariffe: da gratis a premium. Il nostro obiettivo \u00e8 fornire alla tua attivit\u00e0 la possibilit\u00e0 di avanzare insieme a noi e raggiungere risultati sorprendenti.<\/p>\n<h2>Cosa rende i nostri widget e-commerce tra i migliori per Squarespace?<\/h2>\n<p>Per scoprire che i plugin del nostro team sono ci\u00f2 che senza dubbio dovresti provare, abbiamo raccolto un elenco di qualit\u00e0, che li pongono nelle prime posizioni tra i concorrenti:<\/p>\n<ul><li>Aiuto gratuito per l&#8217;impostazione;<\/li>\n<li>Completamente responsive su tutti i dispositivi;<\/li>\n<li>Nessuna capacit\u00e0 di sviluppo necessaria;<\/li>\n<li>Diverse opzioni per personalizzare il design;<\/li>\n<li>Interfaccia utente intuitiva;<\/li>\n<li>Soluzione cloud per velocit\u00e0 di caricamento perfetta;<\/li>\n<li>Aggiornamenti automatici sistematici;<\/li>\n<li>Aiuto professionale con qualsiasi tipo di difficolt\u00e0.<\/li>\n<\/ul>\n<p>Prova tutti i vantaggi dei plugin di Elfsight utilizzando l&#8217;opzione gratuita o acquista il widget desiderato con uno sconto del 20%.<\/p>\n<h2>Come aggiungere i plugin sui siti web di Squarespace<\/h2>\n\n\n\n\n\n\n\n<p>\u00c8 possibile visualizzare ulteriori informazioni sull&#8217;integrazione di ogni widget nella pagina del plugin.<\/p>\n<ol>\n<li>Seleziona il tuo widget e configuralo nel pannello<\/li>\n<li> Aggiungi il codice del widget al sito web (nel codice della pagina o del layout: sidebar, footer, ecc.)<\/li>\n<li>L&#8217;installazione \u00e8 stata completata con successo!<\/li>\n<\/ol>\n<p>Hai bisogno di una consulenza gratuita per configurare il tuo plugin per ecommerce Squarespace? Non \u00e8 stato possibile visualizzare il widget? Non esitare a inviare la tua richiesta all&#8217;assistenza di Elfsight, saremo felici di aiutarti.<\/p>\n<h2>FAQ<\/h2>\n<div class=\"faq\" data-component=\"FAQ\">\n<div class=\"faq-item\">\r\n\t\t\t\t\t<div class=\"faq-item-question\">\r\n\t\t\t\t\t\t<h3 class=\"faq-item-question-text\">Come posso integrare i plugin nel mio template Squarespace? <\/h3>\r\n\r\n\t\t\t\t\t\t<div class=\"faq-item-question-icon\"><\/div>\r\n\t\t\t\t\t<\/div>\r\n\r\n\t\t\t\t\t<div class=\"faq-item-answer\">\r\n\t\t\t\t\t\t<div class=\"faq-item-answer-text\">\n<p>Puoi implementare il plugin sul tuo sito web in modo semplice. Vai al pannello di amministrazione ed esegui le seguenti azioni:<\/p>\n<ol>\n<li>Clicca su impostazioni del tema;<\/li>\n<li> Scegli la parte in cui devi aggiungere il plugin;<\/li>\n<li>Incolla il codice dal servizio Elfsight Apps e applica le modifiche.<\/li>\n<p> Tutto \u00e8 completato.<\/p>\n<\/div>\r\n\t\t\t\t\t<\/div>\r\n\t\t\t\t<\/div>\n<div class=\"faq-item\">\r\n\t\t\t\t\t<div class=\"faq-item-question\">\r\n\t\t\t\t\t\t<h3 class=\"faq-item-question-text\">Quali versioni e template di Squarespace possono essere integrati con il plugin?<\/h3>\r\n\r\n\t\t\t\t\t\t<div class=\"faq-item-question-icon\"><\/div>\r\n\t\t\t\t\t<\/div>\r\n\r\n\t\t\t\t\t<div class=\"faq-item-answer\">\r\n\t\t\t\t\t\t<div class=\"faq-item-answer-text\">\nI plugin di Elfsight possono essere implementati in qualsiasi tema del sito Squarespace. Ti assicuriamo sempre un visualizzazione corretta degli strumenti.\n<\/div>\r\n\t\t\t\t\t<\/div>\r\n\t\t\t\t<\/div>\n<div class=\"faq-item\">\r\n\t\t\t\t\t<div class=\"faq-item-question\">\r\n\t\t\t\t\t\t<h3 class=\"faq-item-question-text\">Dove potr\u00f2 personalizzare i plugin di Elfsight? <\/h3>\r\n\r\n\t\t\t\t\t\t<div class=\"faq-item-question-icon\"><\/div>\r\n\t\t\t\t\t<\/div>\r\n\r\n\t\t\t\t\t<div class=\"faq-item-answer\">\r\n\t\t\t\t\t\t<div class=\"faq-item-answer-text\">\nTutti i clienti di Elfsight eseguiranno le modifiche delle opzioni del widget nel configuratore Elfsight di facile gestione.\n<\/div>\r\n\t\t\t\t\t<\/div>\r\n\t\t\t\t<\/div>\n<div class=\"faq-item\">\r\n\t\t\t\t\t<div class=\"faq-item-question\">\r\n\t\t\t\t\t\t<h3 class=\"faq-item-question-text\">Posso mettermi in contatto con il centro di supporto Elfsight se ho qualche domanda? <\/h3>\r\n\r\n\t\t\t\t\t\t<div class=\"faq-item-question-icon\"><\/div>\r\n\t\t\t\t\t<\/div>\r\n\r\n\t\t\t\t\t<div class=\"faq-item-answer\">\r\n\t\t\t\t\t\t<div class=\"faq-item-answer-text\">\nTutti i nostri clienti sono liberi di contattare i nostri esperti del supporto per porre le loro domande su impostazioni e integrazione delle nostre soluzioni.\n<\/div>\r\n\t\t\t\t\t<\/div>\r\n\t\t\t\t<\/div>\n<\/div>\n","protected":false},"excerpt":{"rendered":"Lo strumento migliore per il tuo sito web Squarespace Da anni il nostro team produce i plugin premium e-commerce per Squarespace. I nostri widget ti consentono di aumentare il numero di lead, integrare il tuo sito web con i social media o eseguire varie altre attivit\u00e0 necessarie a tutti i&#8230;","protected":false},"author":11,"featured_media":0,"parent":0,"menu_order":0,"comment_status":"closed","ping_status":"closed","template":"templates\/template-platform.php","meta":{"publish_to_discourse":"","publish_post_category":"","wpdc_auto_publish_overridden":"","wpdc_topic_tags":"","wpdc_pin_topic":"","wpdc_pin_until":"","discourse_post_id":"","discourse_permalink":"","wpdc_publishing_response":"","wpdc_publishing_error":"","footnotes":""},"class_list":["post-790","page","type-page","status-publish","hentry"],"yoast_head":"<!-- This site is optimized with the Yoast SEO plugin v25.3.1 - https:\/\/yoast.com\/wordpress\/plugins\/seo\/ -->\n<title>70+ migliori plugin gratuiti per il tuo sito web Squarespace [2025]<\/title>\n<meta name=\"description\" content=\"Una lista dei migliori plugin di e-commerce gratuiti per Squarespace. Aiuto all&#039;integrazione, compatibilit\u00e0 con ogni template SquareSpace.\" \/>\n<meta name=\"robots\" content=\"index, follow, max-snippet:-1, max-image-preview:large, max-video-preview:-1\" \/>\n<link rel=\"canonical\" href=\"https:\/\/elfsight.com\/it\/squarespace-plugins\/\" \/>\n<meta property=\"og:locale\" content=\"it_IT\" \/>\n<meta property=\"og:type\" content=\"article\" \/>\n<meta property=\"og:title\" content=\"70+ migliori plugin gratuiti per il tuo sito web Squarespace [2025]\" \/>\n<meta property=\"og:description\" content=\"Una lista dei migliori plugin di e-commerce gratuiti per Squarespace. Aiuto all&#039;integrazione, compatibilit\u00e0 con ogni template SquareSpace.\" \/>\n<meta property=\"og:url\" content=\"https:\/\/elfsight.com\/it\/squarespace-plugins\/\" \/>\n<meta property=\"og:site_name\" content=\"Elfsight IT\" \/>\n<meta property=\"article:modified_time\" content=\"2021-04-01T11:42:50+00:00\" \/>\n<meta property=\"og:image\" content=\"https:\/\/elfsight.com\/wp-content\/uploads\/2020\/08\/platform-image-squarespace.jpg\" \/>\n<meta name=\"twitter:card\" content=\"summary_large_image\" \/>\n<meta name=\"twitter:label1\" content=\"Tempo di lettura stimato\" \/>\n\t<meta name=\"twitter:data1\" content=\"2 minuti\" \/>\n<!-- \/ Yoast SEO plugin. -->","yoast_head_json":{"title":"70+ migliori plugin gratuiti per il tuo sito web Squarespace [2025]","description":"Una lista dei migliori plugin di e-commerce gratuiti per Squarespace. Aiuto all'integrazione, compatibilit\u00e0 con ogni template SquareSpace.","robots":{"index":"index","follow":"follow","max-snippet":"max-snippet:-1","max-image-preview":"max-image-preview:large","max-video-preview":"max-video-preview:-1"},"canonical":"https:\/\/elfsight.com\/it\/squarespace-plugins\/","og_locale":"it_IT","og_type":"article","og_title":"70+ migliori plugin gratuiti per il tuo sito web Squarespace [2025]","og_description":"Una lista dei migliori plugin di e-commerce gratuiti per Squarespace. Aiuto all'integrazione, compatibilit\u00e0 con ogni template SquareSpace.","og_url":"https:\/\/elfsight.com\/it\/squarespace-plugins\/","og_site_name":"Elfsight IT","article_modified_time":"2021-04-01T11:42:50+00:00","og_image":[{"url":"https:\/\/elfsight.com\/wp-content\/uploads\/2020\/08\/platform-image-squarespace.jpg","type":"","width":"","height":""}],"twitter_card":"summary_large_image","twitter_misc":{"Tempo di lettura stimato":"2 minuti"},"schema":{"@context":"https:\/\/schema.org","@graph":[{"@type":"WebPage","@id":"https:\/\/elfsight.com\/it\/squarespace-plugins\/","url":"https:\/\/elfsight.com\/it\/squarespace-plugins\/","name":"70+ migliori plugin gratuiti per il tuo sito web Squarespace [2025]","isPartOf":{"@id":"https:\/\/elfsight.com\/it\/#website"},"primaryImageOfPage":{"@id":"https:\/\/elfsight.com\/it\/squarespace-plugins\/#primaryimage"},"image":{"@id":"https:\/\/elfsight.com\/it\/squarespace-plugins\/#primaryimage"},"thumbnailUrl":"https:\/\/elfsight.com\/wp-content\/uploads\/2020\/08\/platform-image-squarespace.jpg","datePublished":"2020-11-27T12:24:33+00:00","dateModified":"2021-04-01T11:42:50+00:00","description":"Una lista dei migliori plugin di e-commerce gratuiti per Squarespace. Aiuto all'integrazione, compatibilit\u00e0 con ogni template SquareSpace.","breadcrumb":{"@id":"https:\/\/elfsight.com\/it\/squarespace-plugins\/#breadcrumb"},"inLanguage":"it-IT","potentialAction":[{"@type":"ReadAction","target":["https:\/\/elfsight.com\/it\/squarespace-plugins\/"]}]},{"@type":"ImageObject","inLanguage":"it-IT","@id":"https:\/\/elfsight.com\/it\/squarespace-plugins\/#primaryimage","url":"https:\/\/elfsight.com\/wp-content\/uploads\/2020\/08\/platform-image-squarespace.jpg","contentUrl":"https:\/\/elfsight.com\/wp-content\/uploads\/2020\/08\/platform-image-squarespace.jpg"},{"@type":"BreadcrumbList","@id":"https:\/\/elfsight.com\/it\/squarespace-plugins\/#breadcrumb","itemListElement":[{"@type":"ListItem","position":1,"name":"Home","item":"https:\/\/elfsight.com\/it\/"},{"@type":"ListItem","position":2,"name":"Squarespace plugins"}]},{"@type":"WebSite","@id":"https:\/\/elfsight.com\/it\/#website","url":"https:\/\/elfsight.com\/it\/","name":"Elfsight IT","description":"Just another Elfsight Sites site","potentialAction":[{"@type":"SearchAction","target":{"@type":"EntryPoint","urlTemplate":"https:\/\/elfsight.com\/it\/?s={search_term_string}"},"query-input":{"@type":"PropertyValueSpecification","valueRequired":true,"valueName":"search_term_string"}}],"inLanguage":"it-IT"}]}},"meta_box":{"industry":"","seo_heading":"","heading":"","description":"","cta_heading":"","cta_description":"","application":"","h1":"I migliori plugin per Squarespace","h1_caption":"Lista gratuita di popolari widget di e-commerce per soddisfare tutte le esigenze commerciali e social sul tuo sito. Installazione immediata, ottimizzazione completa e supporto pratico.","application_category":[],"applications_title":"Scopri l'elenco di tutti i plugin per Squarespace","applications_request_title":"Non riesci a trovare il plugin giusto?","applications_request_button_text":"Richiedi un plugin","hero_text":"","hero_video":"","hero_video_schema_markup":"","selling_points_title":"","selling_points_caption":"","selling_points":[],"selling_points_cta_text":"","features_title":"","features":"","ed_cta_examples_text":"","ed_cta_examples_hidden":"","ed_cta_demo_text":"","ed_cta_demo_hidden":"","why_caption":"","why_editor_title":"","why_editor_text":"","why_team_title":"","why_team_text":"","why_service_title":"","why_service_text":"","template_catalog_visible":"","template_catalog_title":"","template_catalog_text":"","template_catalog_categories_visible":"","demo_title":"","demo_caption":"","default_faq_hidden":"","app_template_category":[],"platform":"43","template_public_id":"","codecanyon_url":"","codecanyon_item_id":"","codecanyon_price":"","pricing_caption":"","pricing_elfsight_apps_hide_column":"","pricing_elfsight_apps_url":"","pricing_codecanyon_price_caption":"","integration_category":[],"integration_request_title":"","integration_request_cta":"","integration_platform":"","integrations":[],"platform_category":[],"video_schema_markup":"","price":"","trial":"","benefits":[],"button_url":"","button_target_blank":"","button_nofollow":"","attributes":[],"tags":[],"tags_disable_links":"","hide_more_platforms":"","video_object":"","demo_hide_cta":"","demo_hide_cloud_options":"","pricing_title":"","pricing":[],"related_apps_title":"","related_apps_hidden":"","author":"","image":[],"title":"","job":"","social_networks":[]},"_links":{"self":[{"href":"https:\/\/elfsight.com\/it\/wp-json\/wp\/v2\/pages\/790","targetHints":{"allow":["GET"]}}],"collection":[{"href":"https:\/\/elfsight.com\/it\/wp-json\/wp\/v2\/pages"}],"about":[{"href":"https:\/\/elfsight.com\/it\/wp-json\/wp\/v2\/types\/page"}],"author":[{"embeddable":true,"href":"https:\/\/elfsight.com\/it\/wp-json\/wp\/v2\/users\/11"}],"replies":[{"embeddable":true,"href":"https:\/\/elfsight.com\/it\/wp-json\/wp\/v2\/comments?post=790"}],"version-history":[{"count":3,"href":"https:\/\/elfsight.com\/it\/wp-json\/wp\/v2\/pages\/790\/revisions"}],"predecessor-version":[{"id":1719,"href":"https:\/\/elfsight.com\/it\/wp-json\/wp\/v2\/pages\/790\/revisions\/1719"}],"wp:attachment":[{"href":"https:\/\/elfsight.com\/it\/wp-json\/wp\/v2\/media?parent=790"}],"curies":[{"name":"wp","href":"https:\/\/api.w.org\/{rel}","templated":true}]}}