{"id":7593,"date":"2024-09-19T16:06:13","date_gmt":"2024-09-19T16:06:13","guid":{"rendered":"https:\/\/elfsight.com\/it\/?page_id=7593"},"modified":"2024-10-03T12:00:32","modified_gmt":"2024-10-03T12:00:32","slug":"pricing","status":"publish","type":"page","link":"https:\/\/elfsight.com\/it\/spinning-wheel-widget\/pricing\/","title":{"rendered":"Spinning Wheel &#8211; Pricing"},"content":{"rendered":"<div class=\"faq\" data-component=\"FAQ\"><div class=\"faq-item\">\r\n\t\t\t\t\t<div class=\"faq-item-question\">\r\n\t\t\t\t\t\t<h3 class=\"faq-item-question-text\">Posso utilizzare i widget che avete gratuitamente? <\/h3>\r\n\r\n\t\t\t\t\t\t<div class=\"faq-item-question-icon\"><\/div>\r\n\t\t\t\t\t<\/div>\r\n\r\n\t\t\t\t\t<div class=\"faq-item-answer\">\r\n\t\t\t\t\t\t<div class=\"faq-item-answer-text\">Certo! L&#8217;unica cosa che devi fare per approfittare di tutti i vantaggi dei nostri plugin \u00e8 selezionare il piano Gratuito.<\/div>\r\n\t\t\t\t\t<\/div>\r\n\t\t\t\t<\/div><div class=\"faq-item\">\r\n\t\t\t\t\t<div class=\"faq-item-question\">\r\n\t\t\t\t\t\t<h3 class=\"faq-item-question-text\">Offrite un periodo di prova? <\/h3>\r\n\r\n\t\t\t\t\t\t<div class=\"faq-item-question-icon\"><\/div>\r\n\t\t\t\t\t<\/div>\r\n\r\n\t\t\t\t\t<div class=\"faq-item-answer\">\r\n\t\t\t\t\t\t<div class=\"faq-item-answer-text\">No, non abbiamo alcun periodo di prova. In cambio, puoi selezionare il Piano Gratuito e osservare tutte le possibilit\u00e0 che i nostri plugin possono offrirti. Il piano lite gratuito non ha limiti di funzionalit\u00e0, quindi potrai comprendere tutte le funzionalit\u00e0 con pochi clic.<\/div>\r\n\t\t\t\t\t<\/div>\r\n\t\t\t\t<\/div><div class=\"faq-item\">\r\n\t\t\t\t\t<div class=\"faq-item-question\">\r\n\t\t\t\t\t\t<h3 class=\"faq-item-question-text\">Avete qualche sconto? <\/h3>\r\n\r\n\t\t\t\t\t\t<div class=\"faq-item-question-icon\"><\/div>\r\n\t\t\t\t\t<\/div>\r\n\r\n\t\t\t\t\t<div class=\"faq-item-answer\">\r\n\t\t\t\t\t\t<div class=\"faq-item-answer-text\">Certo, puoi ottenere uno sconto di benvenuto del 20% per il primo abbonamento commerciale. Inoltre, offriamo un coupon sconto del 30% per il tuo secondo abbonamento a singola app.<\/div>\r\n\t\t\t\t\t<\/div>\r\n\t\t\t\t<\/div><div class=\"faq-item\">\r\n\t\t\t\t\t<div class=\"faq-item-question\">\r\n\t\t\t\t\t\t<h3 class=\"faq-item-question-text\">C'\u00e8 la possibilit\u00e0 di modificare il mio piano in seguito? <\/h3>\r\n\r\n\t\t\t\t\t\t<div class=\"faq-item-question-icon\"><\/div>\r\n\t\t\t\t\t<\/div>\r\n\r\n\t\t\t\t\t<div class=\"faq-item-answer\">\r\n\t\t\t\t\t\t<div class=\"faq-item-answer-text\">S\u00ec! Puoi aggiornare o ridurre il tuo piano in qualsiasi giorno. Il denaro che hai pagato per l&#8217;abbonamento precedente sar\u00e0 ricalcolato nel nuovo piano.<\/div>\r\n\t\t\t\t\t<\/div>\r\n\t\t\t\t<\/div><div class=\"faq-item\">\r\n\t\t\t\t\t<div class=\"faq-item-question\">\r\n\t\t\t\t\t\t<h3 class=\"faq-item-question-text\">Cosa significa restrizione delle visualizzazioni? <\/h3>\r\n\r\n\t\t\t\t\t\t<div class=\"faq-item-question-icon\"><\/div>\r\n\t\t\t\t\t<\/div>\r\n\r\n\t\t\t\t\t<div class=\"faq-item-answer\">\r\n\t\t\t\t\t\t<div class=\"faq-item-answer-text\">Il numero di visualizzazioni si riferisce al numero di caricamenti dello strumento sulla pagina del tuo sito web. Le visualizzazioni indicano quanto spesso il plugin viene caricato sulla pagina, cio\u00e8 non \u00e8 il numero di visitatori unici. Ogni piano offre la propria restrizione delle visualizzazioni.<\/div>\r\n\t\t\t\t\t<\/div>\r\n\t\t\t\t<\/div><div class=\"faq-item\">\r\n\t\t\t\t\t<div class=\"faq-item-question\">\r\n\t\t\t\t\t\t<h3 class=\"faq-item-question-text\">Su quanti siti posso inserire il mio widget? <\/h3>\r\n\r\n\t\t\t\t\t\t<div class=\"faq-item-question-icon\"><\/div>\r\n\t\t\t\t\t<\/div>\r\n\r\n\t\t\t\t\t<div class=\"faq-item-answer\">\r\n\t\t\t\t\t\t<div class=\"faq-item-answer-text\">Il piano Lite Gratuito ti consente di inserire il widget su un sito e creare solo uno strumento. Nessuno dei piani a pagamento prevede tale limitazione, cio\u00e8 il widget pu\u00f2 essere configurato su qualsiasi numero di siti.<\/div>\r\n\t\t\t\t\t<\/div>\r\n\t\t\t\t<\/div><div class=\"faq-item\">\r\n\t\t\t\t\t<div class=\"faq-item-question\">\r\n\t\t\t\t\t\t<h3 class=\"faq-item-question-text\">Offrite assistenza gratuita con l'integrazione? <\/h3>\r\n\r\n\t\t\t\t\t\t<div class=\"faq-item-question-icon\"><\/div>\r\n\t\t\t\t\t<\/div>\r\n\r\n\t\t\t\t\t<div class=\"faq-item-answer\">\r\n\t\t\t\t\t\t<div class=\"faq-item-answer-text\">Certo, forniamo una guida all&#8217;installazione gratuita per tutti i nostri utenti. Ti preghiamo di contattare il nostro team di supporto nel caso ne avessi bisogno.<\/div>\r\n\t\t\t\t\t<\/div>\r\n\t\t\t\t<\/div><\/div>","protected":false},"excerpt":{"rendered":"","protected":false},"author":9,"featured_media":0,"parent":7565,"menu_order":0,"comment_status":"closed","ping_status":"closed","template":"templates\/template-application-pricing.php","meta":{"publish_to_discourse":"","publish_post_category":"","wpdc_auto_publish_overridden":"","wpdc_topic_tags":"","wpdc_pin_topic":"","wpdc_pin_until":"","discourse_post_id":"","discourse_permalink":"","wpdc_publishing_response":"","wpdc_publishing_error":"","footnotes":""},"class_list":["post-7593","page","type-page","status-publish","hentry"],"yoast_head":"<!-- This site is optimized with the Yoast SEO plugin v25.3.1 - https:\/\/yoast.com\/wordpress\/plugins\/seo\/ -->\n<title>Elfsight Ruota Girevole per il sito web \u2014 Prezzi (Piani Gratuito e Premium)<\/title>\n<meta name=\"description\" content=\"Crea un widget della Ruota Girevole per il sito web al prezzo pi\u00f9 basso! I piani per il widget variano da gratuito a premium.\" \/>\n<meta name=\"robots\" content=\"index, follow, max-snippet:-1, max-image-preview:large, max-video-preview:-1\" \/>\n<link rel=\"canonical\" href=\"https:\/\/elfsight.com\/it\/spinning-wheel-widget\/pricing\/\" \/>\n<meta property=\"og:locale\" content=\"it_IT\" \/>\n<meta property=\"og:type\" content=\"article\" \/>\n<meta property=\"og:title\" content=\"Elfsight Ruota Girevole per il sito web \u2014 Prezzi (Piani Gratuito e Premium)\" \/>\n<meta property=\"og:description\" content=\"Crea un widget della Ruota Girevole per il sito web al prezzo pi\u00f9 basso! I piani per il widget variano da gratuito a premium.\" \/>\n<meta property=\"og:url\" content=\"https:\/\/elfsight.com\/it\/spinning-wheel-widget\/pricing\/\" \/>\n<meta property=\"og:site_name\" content=\"Elfsight IT\" \/>\n<meta property=\"article:modified_time\" content=\"2024-10-03T12:00:32+00:00\" \/>\n<meta name=\"twitter:card\" content=\"summary_large_image\" \/>\n<meta name=\"twitter:label1\" content=\"Tempo di lettura stimato\" \/>\n\t<meta name=\"twitter:data1\" content=\"1 minuto\" \/>\n<!-- \/ Yoast SEO plugin. -->","yoast_head_json":{"title":"Elfsight Ruota Girevole per il sito web \u2014 Prezzi (Piani Gratuito e Premium)","description":"Crea un widget della Ruota Girevole per il sito web al prezzo pi\u00f9 basso! I piani per il widget variano da gratuito a premium.","robots":{"index":"index","follow":"follow","max-snippet":"max-snippet:-1","max-image-preview":"max-image-preview:large","max-video-preview":"max-video-preview:-1"},"canonical":"https:\/\/elfsight.com\/it\/spinning-wheel-widget\/pricing\/","og_locale":"it_IT","og_type":"article","og_title":"Elfsight Ruota Girevole per il sito web \u2014 Prezzi (Piani Gratuito e Premium)","og_description":"Crea un widget della Ruota Girevole per il sito web al prezzo pi\u00f9 basso! I piani per il widget variano da gratuito a premium.","og_url":"https:\/\/elfsight.com\/it\/spinning-wheel-widget\/pricing\/","og_site_name":"Elfsight IT","article_modified_time":"2024-10-03T12:00:32+00:00","twitter_card":"summary_large_image","twitter_misc":{"Tempo di lettura stimato":"1 minuto"},"schema":{"@context":"https:\/\/schema.org","@graph":[{"@type":"WebPage","@id":"https:\/\/elfsight.com\/it\/spinning-wheel-widget\/pricing\/","url":"https:\/\/elfsight.com\/it\/spinning-wheel-widget\/pricing\/","name":"Elfsight Ruota Girevole per il sito web \u2014 Prezzi (Piani Gratuito e Premium)","isPartOf":{"@id":"https:\/\/elfsight.com\/it\/#website"},"datePublished":"2024-09-19T16:06:13+00:00","dateModified":"2024-10-03T12:00:32+00:00","description":"Crea un widget della Ruota Girevole per il sito web al prezzo pi\u00f9 basso! I piani per il widget variano da gratuito a premium.","breadcrumb":{"@id":"https:\/\/elfsight.com\/it\/spinning-wheel-widget\/pricing\/#breadcrumb"},"inLanguage":"it-IT","potentialAction":[{"@type":"ReadAction","target":["https:\/\/elfsight.com\/it\/spinning-wheel-widget\/pricing\/"]}]},{"@type":"BreadcrumbList","@id":"https:\/\/elfsight.com\/it\/spinning-wheel-widget\/pricing\/#breadcrumb","itemListElement":[{"@type":"ListItem","position":1,"name":"Home","item":"https:\/\/elfsight.com\/it\/"},{"@type":"ListItem","position":2,"name":"Spinning Wheel","item":"https:\/\/elfsight.com\/it\/spinning-wheel-widget\/"},{"@type":"ListItem","position":3,"name":"Spinning Wheel &#8211; Pricing"}]},{"@type":"WebSite","@id":"https:\/\/elfsight.com\/it\/#website","url":"https:\/\/elfsight.com\/it\/","name":"Elfsight IT","description":"Just another Elfsight Sites site","potentialAction":[{"@type":"SearchAction","target":{"@type":"EntryPoint","urlTemplate":"https:\/\/elfsight.com\/it\/?s={search_term_string}"},"query-input":{"@type":"PropertyValueSpecification","valueRequired":true,"valueName":"search_term_string"}}],"inLanguage":"it-IT"}]}},"meta_box":{"industry":"","seo_heading":"","heading":"","description":"","cta_heading":"","cta_description":"","application":"7560","h1":"","h1_caption":"","application_category":[],"applications_title":"","applications_request_title":"","applications_request_button_text":"","hero_text":"","hero_video":"","hero_video_schema_markup":"","selling_points_title":"","selling_points_caption":"","selling_points":[],"selling_points_cta_text":"","features_title":"","features":"","ed_cta_examples_text":"","ed_cta_examples_hidden":"","ed_cta_demo_text":"","ed_cta_demo_hidden":"","why_caption":"","why_editor_title":"","why_editor_text":"","why_team_title":"","why_team_text":"","why_service_title":"","why_service_text":"","template_catalog_visible":"","template_catalog_title":"","template_catalog_text":"","template_catalog_categories_visible":"","demo_title":"","demo_caption":"","default_faq_hidden":"","app_template_category":[],"platform":"","template_public_id":"","codecanyon_url":"","codecanyon_item_id":"","codecanyon_price":"","pricing_caption":"","pricing_elfsight_apps_hide_column":"","pricing_elfsight_apps_url":"","pricing_codecanyon_price_caption":"","integration_category":[],"integration_request_title":"","integration_request_cta":"","integration_platform":"","integrations":[],"platform_category":[],"video_schema_markup":"","price":"","trial":"","benefits":[],"button_url":"","button_target_blank":"","button_nofollow":"","attributes":[],"tags":[],"tags_disable_links":"","hide_more_platforms":"","video_object":"","demo_hide_cta":"","demo_hide_cloud_options":"","pricing_title":"","pricing":[],"related_apps_title":"","related_apps_hidden":"","author":"","image":[],"title":"","job":"","social_networks":[]},"_links":{"self":[{"href":"https:\/\/elfsight.com\/it\/wp-json\/wp\/v2\/pages\/7593","targetHints":{"allow":["GET"]}}],"collection":[{"href":"https:\/\/elfsight.com\/it\/wp-json\/wp\/v2\/pages"}],"about":[{"href":"https:\/\/elfsight.com\/it\/wp-json\/wp\/v2\/types\/page"}],"author":[{"embeddable":true,"href":"https:\/\/elfsight.com\/it\/wp-json\/wp\/v2\/users\/9"}],"replies":[{"embeddable":true,"href":"https:\/\/elfsight.com\/it\/wp-json\/wp\/v2\/comments?post=7593"}],"version-history":[{"count":1,"href":"https:\/\/elfsight.com\/it\/wp-json\/wp\/v2\/pages\/7593\/revisions"}],"predecessor-version":[{"id":7597,"href":"https:\/\/elfsight.com\/it\/wp-json\/wp\/v2\/pages\/7593\/revisions\/7597"}],"up":[{"embeddable":true,"href":"https:\/\/elfsight.com\/it\/wp-json\/wp\/v2\/pages\/7565"}],"wp:attachment":[{"href":"https:\/\/elfsight.com\/it\/wp-json\/wp\/v2\/media?parent=7593"}],"curies":[{"name":"wp","href":"https:\/\/api.w.org\/{rel}","templated":true}]}}