{"id":7575,"date":"2024-08-27T12:16:35","date_gmt":"2024-08-27T12:16:35","guid":{"rendered":"https:\/\/elfsight.com\/it\/?page_id=7575"},"modified":"2024-10-03T11:57:43","modified_gmt":"2024-10-03T11:57:43","slug":"features","status":"publish","type":"page","link":"https:\/\/elfsight.com\/it\/blog-widget\/features\/","title":{"rendered":"Blog &#8211; Features"},"content":{"rendered":"<section class=\"application-features-group section\" id=\"BUILDER\">\n                    <div class=\"inner\">\n                        <div class=\"col-row\">\n                            <div class=\"col-6 col-offset-3 col-m-12 col-m-offset-0\"><h3>Creazione di blog semplice<\/h3><p>Crea rapidamente un blog completamente funzionale con il nostro costruttore user-friendly. Non sono necessarie competenze tecniche: bastano pochi semplici passaggi per iniziare.<\/p><h3>Integrazione senza soluzione di continuit\u00e0 nel sito web<\/h3><p>Integra senza sforzo il tuo blog in qualsiasi sito web. Il nostro costruttore \u00e8 progettato per una configurazione fluida e senza problemi, assicurando che il tuo blog si integri perfettamente con il sito esistente.<\/p><h3>Avvio rapido dei contenuti<\/h3><p>Inizia a condividere le tue storie in pochi minuti. Usa il tuo nuovo blog per catturare l&#8217;attenzione del tuo pubblico con articoli di livello esperto che migliorano la presenza online della tua azienda.<\/p><\/div>\n                        <\/div>\n                    <\/div>\n\n                    <div class=\"application-features-group-title\">CREATORE<\/div>\n                <\/section><section class=\"application-features-group section\" style=\"background-color:#fafafa;\" id=\"AI GENERATOR\">\n                    <div class=\"inner\">\n                        <div class=\"col-row\">\n                            <div class=\"col-6 col-offset-3 col-m-12 col-m-offset-0\"><h3>Testo e immagini generati dall&#8217;IA<\/h3><p>Crea senza sforzo testi strutturati e di alta qualit\u00e0 e immagini straordinarie su qualsiasi argomento con la nostra funzione di IA.<\/p><h3>Accelera la creazione di contenuti<\/h3><p>L&#8217;IA accelera l&#8217;intero processo di creazione dei contenuti, aiutandoti a produrre testi chiari e coinvolgenti e visuali accattivanti rapidamente.<\/p><h3>Concentrati sul tuo pubblico<\/h3><p>Con l&#8217;IA che si occupa del lavoro pesante, puoi concentrarti sul connetterti con il tuo pubblico mentre fornisci contenuti di livello professionale in modo efficiente.<\/p><\/div>\n                        <\/div>\n                    <\/div>\n\n                    <div class=\"application-features-group-title\">GENERATORE DI IA<\/div>\n                <\/section><section class=\"application-features-group section\" id=\"EDITOR\">\n                    <div class=\"inner\">\n                        <div class=\"col-row\">\n                            <div class=\"col-6 col-offset-3 col-m-12 col-m-offset-0\"><h3>Controllo completo dei contenuti<\/h3><p>Modifica facilmente qualsiasi parte dei tuoi contenuti con il nostro editor intuitivo, che si tratti di titoli, formattazione o pulsanti di call-to-action.<\/p><h3>Strumenti tutto-in-uno<\/h3><p>Il nostro editor fornisce tutto ci\u00f2 di cui hai bisogno per creare articoli professionali, offrendo tutte le funzionalit\u00e0 essenziali in un unico posto.<\/p><h3>Interfaccia user-friendly<\/h3><p>Con un design pulito ispirato a Notion, il nostro editor semplifica la gestione e la perfezione dei tuoi contenuti, permettendoti di affrontare senza sforzo qualsiasi compito di scrittura.<\/p><\/div>\n                        <\/div>\n                    <\/div>\n\n                    <div class=\"application-features-group-title\">EDITOR<\/div>\n                <\/section><section class=\"application-features-group section\" style=\"background-color:#fafafa;\" id=\"TEMPLATES\">\n                    <div class=\"inner\">\n                        <div class=\"col-row\">\n                            <div class=\"col-6 col-offset-3 col-m-12 col-m-offset-0\"><h3>Modelli di blog su misura<\/h3><p>Scegli tra un&#8217;ampia gamma di layout di blog progettati professionalmente che si adattano a diversi stili di contenuto e esigenze aziendali.<\/p><h3>Ottimizzati per il coinvolgimento<\/h3><p>Ogni layout \u00e8 progettato per migliorare la leggibilit\u00e0 e mantenere il tuo pubblico coinvolto, rendendo il tuo blog sia attraente che efficace.<\/p><\/div>\n                        <\/div>\n                    <\/div>\n\n                    <div class=\"application-features-group-title\">MALLO<\/div>\n                <\/section><section class=\"application-features-group section\" id=\"STYLE\">\n                    <div class=\"inner\">\n                        <div class=\"col-row\">\n                            <div class=\"col-6 col-offset-3 col-m-12 col-m-offset-0\"><h3>Modelli di colore pronti all&#8217;uso<\/h3><p>Seleziona rapidamente una modalit\u00e0 Chiara o Scura con un colore principale e lascia che il nostro Generatore di Temi Colore crei automaticamente una palette per il tuo plugin.<\/p><h3>Opzioni di design personalizzabili<\/h3><p>Se hai bisogno di un aspetto unico, modifica facilmente elementi singoli come intestazione, popup e sfondo. Visualizza tutte le modifiche in tempo reale senza necessit\u00e0 di codifica o aggiustamenti estesi.<\/p><\/div>\n                        <\/div>\n                    <\/div>\n\n                    <div class=\"application-features-group-title\">STILE<\/div>\n                <\/section>","protected":false},"excerpt":{"rendered":"","protected":false},"author":9,"featured_media":0,"parent":7566,"menu_order":0,"comment_status":"closed","ping_status":"closed","template":"templates\/template-application-features.php","meta":{"publish_to_discourse":"","publish_post_category":"","wpdc_auto_publish_overridden":"","wpdc_topic_tags":"","wpdc_pin_topic":"","wpdc_pin_until":"","discourse_post_id":"","discourse_permalink":"","wpdc_publishing_response":"","wpdc_publishing_error":"","footnotes":""},"class_list":["post-7575","page","type-page","status-publish","hentry"],"yoast_head":"<!-- This site is optimized with the Yoast SEO plugin v25.3.1 - https:\/\/yoast.com\/wordpress\/plugins\/seo\/ -->\n<title>Funzionalit\u00e0 del Widget Blog - Esplora tutte!<\/title>\n<meta name=\"description\" content=\"Scopri tutte le straordinarie funzionalit\u00e0 del widget Blog di Elfsight e scopri come la tua azienda pu\u00f2 trarne vantaggio!\" \/>\n<meta name=\"robots\" content=\"index, follow, max-snippet:-1, max-image-preview:large, max-video-preview:-1\" \/>\n<link rel=\"canonical\" href=\"https:\/\/elfsight.com\/it\/blog-widget\/features\/\" \/>\n<meta property=\"og:locale\" content=\"it_IT\" \/>\n<meta property=\"og:type\" content=\"article\" \/>\n<meta property=\"og:title\" content=\"Funzionalit\u00e0 del Widget Blog - Esplora tutte!\" \/>\n<meta property=\"og:description\" content=\"Scopri tutte le straordinarie funzionalit\u00e0 del widget Blog di Elfsight e scopri come la tua azienda pu\u00f2 trarne vantaggio!\" \/>\n<meta property=\"og:url\" content=\"https:\/\/elfsight.com\/it\/blog-widget\/features\/\" \/>\n<meta property=\"og:site_name\" content=\"Elfsight IT\" \/>\n<meta property=\"article:modified_time\" content=\"2024-10-03T11:57:43+00:00\" \/>\n<meta name=\"twitter:card\" content=\"summary_large_image\" \/>\n<meta name=\"twitter:label1\" content=\"Tempo di lettura stimato\" \/>\n\t<meta name=\"twitter:data1\" content=\"2 minuti\" \/>\n<!-- \/ Yoast SEO plugin. -->","yoast_head_json":{"title":"Funzionalit\u00e0 del Widget Blog - Esplora tutte!","description":"Scopri tutte le straordinarie funzionalit\u00e0 del widget Blog di Elfsight e scopri come la tua azienda pu\u00f2 trarne vantaggio!","robots":{"index":"index","follow":"follow","max-snippet":"max-snippet:-1","max-image-preview":"max-image-preview:large","max-video-preview":"max-video-preview:-1"},"canonical":"https:\/\/elfsight.com\/it\/blog-widget\/features\/","og_locale":"it_IT","og_type":"article","og_title":"Funzionalit\u00e0 del Widget Blog - Esplora tutte!","og_description":"Scopri tutte le straordinarie funzionalit\u00e0 del widget Blog di Elfsight e scopri come la tua azienda pu\u00f2 trarne vantaggio!","og_url":"https:\/\/elfsight.com\/it\/blog-widget\/features\/","og_site_name":"Elfsight IT","article_modified_time":"2024-10-03T11:57:43+00:00","twitter_card":"summary_large_image","twitter_misc":{"Tempo di lettura stimato":"2 minuti"},"schema":{"@context":"https:\/\/schema.org","@graph":[{"@type":"WebPage","@id":"https:\/\/elfsight.com\/it\/blog-widget\/features\/","url":"https:\/\/elfsight.com\/it\/blog-widget\/features\/","name":"Funzionalit\u00e0 del Widget Blog - Esplora tutte!","isPartOf":{"@id":"https:\/\/elfsight.com\/it\/#website"},"datePublished":"2024-08-27T12:16:35+00:00","dateModified":"2024-10-03T11:57:43+00:00","description":"Scopri tutte le straordinarie funzionalit\u00e0 del widget Blog di Elfsight e scopri come la tua azienda pu\u00f2 trarne vantaggio!","breadcrumb":{"@id":"https:\/\/elfsight.com\/it\/blog-widget\/features\/#breadcrumb"},"inLanguage":"it-IT","potentialAction":[{"@type":"ReadAction","target":["https:\/\/elfsight.com\/it\/blog-widget\/features\/"]}]},{"@type":"BreadcrumbList","@id":"https:\/\/elfsight.com\/it\/blog-widget\/features\/#breadcrumb","itemListElement":[{"@type":"ListItem","position":1,"name":"Home","item":"https:\/\/elfsight.com\/it\/"},{"@type":"ListItem","position":2,"name":"Blog","item":"https:\/\/elfsight.com\/it\/blog-widget\/"},{"@type":"ListItem","position":3,"name":"Blog &#8211; Features"}]},{"@type":"WebSite","@id":"https:\/\/elfsight.com\/it\/#website","url":"https:\/\/elfsight.com\/it\/","name":"Elfsight IT","description":"Just another Elfsight Sites site","potentialAction":[{"@type":"SearchAction","target":{"@type":"EntryPoint","urlTemplate":"https:\/\/elfsight.com\/it\/?s={search_term_string}"},"query-input":{"@type":"PropertyValueSpecification","valueRequired":true,"valueName":"search_term_string"}}],"inLanguage":"it-IT"}]}},"meta_box":{"industry":"","seo_heading":"","heading":"","description":"","cta_heading":"","cta_description":"","application":"7561","h1":"","h1_caption":"","application_category":[],"applications_title":"","applications_request_title":"","applications_request_button_text":"","hero_text":"","hero_video":"","hero_video_schema_markup":"","selling_points_title":"","selling_points_caption":"","selling_points":[],"selling_points_cta_text":"","features_title":"","features":"","ed_cta_examples_text":"","ed_cta_examples_hidden":"","ed_cta_demo_text":"","ed_cta_demo_hidden":"","why_caption":"","why_editor_title":"","why_editor_text":"","why_team_title":"","why_team_text":"","why_service_title":"","why_service_text":"","template_catalog_visible":"","template_catalog_title":"","template_catalog_text":"","template_catalog_categories_visible":"","demo_title":"","demo_caption":"","default_faq_hidden":"","app_template_category":[],"platform":"","template_public_id":"","codecanyon_url":"","codecanyon_item_id":"","codecanyon_price":"","pricing_caption":"","pricing_elfsight_apps_hide_column":"","pricing_elfsight_apps_url":"","pricing_codecanyon_price_caption":"","integration_category":[],"integration_request_title":"","integration_request_cta":"","integration_platform":"","integrations":[],"platform_category":[],"video_schema_markup":"","price":"","trial":"","benefits":[],"button_url":"","button_target_blank":"","button_nofollow":"","attributes":[],"tags":[],"tags_disable_links":"","hide_more_platforms":"","video_object":"","demo_hide_cta":"","demo_hide_cloud_options":"","pricing_title":"","pricing":[],"related_apps_title":"","related_apps_hidden":"","author":"","image":[],"title":"","job":"","social_networks":[]},"_links":{"self":[{"href":"https:\/\/elfsight.com\/it\/wp-json\/wp\/v2\/pages\/7575","targetHints":{"allow":["GET"]}}],"collection":[{"href":"https:\/\/elfsight.com\/it\/wp-json\/wp\/v2\/pages"}],"about":[{"href":"https:\/\/elfsight.com\/it\/wp-json\/wp\/v2\/types\/page"}],"author":[{"embeddable":true,"href":"https:\/\/elfsight.com\/it\/wp-json\/wp\/v2\/users\/9"}],"replies":[{"embeddable":true,"href":"https:\/\/elfsight.com\/it\/wp-json\/wp\/v2\/comments?post=7575"}],"version-history":[{"count":1,"href":"https:\/\/elfsight.com\/it\/wp-json\/wp\/v2\/pages\/7575\/revisions"}],"predecessor-version":[{"id":7579,"href":"https:\/\/elfsight.com\/it\/wp-json\/wp\/v2\/pages\/7575\/revisions\/7579"}],"up":[{"embeddable":true,"href":"https:\/\/elfsight.com\/it\/wp-json\/wp\/v2\/pages\/7566"}],"wp:attachment":[{"href":"https:\/\/elfsight.com\/it\/wp-json\/wp\/v2\/media?parent=7575"}],"curies":[{"name":"wp","href":"https:\/\/api.w.org\/{rel}","templated":true}]}}