{"id":7409,"date":"2024-05-24T13:00:12","date_gmt":"2024-05-24T13:00:12","guid":{"rendered":"https:\/\/elfsight.com\/it\/?page_id=7409"},"modified":"2024-07-09T13:46:14","modified_gmt":"2024-07-09T13:46:14","slug":"kopage-modules","status":"publish","type":"page","link":"https:\/\/elfsight.com\/it\/kopage-modules\/","title":{"rendered":"Kopage modules"},"content":{"rendered":"<h2>La soluzione definitiva per il tuo sito web Kopage<\/h2><p>Da oltre 10 anni, Elfsight crea i moduli premium pi\u00f9 efficaci. Le nostre app ti permettono di ottimizzare la generazione di lead, integrare il tuo sito con i social network e affrontare varie sfide che la maggior parte dei siti aziendali incontra.<\/p><p>Siamo lieti di offrire diversi piani: dal gratuito al premium. La nostra missione \u00e8 fornire alla tua attivit\u00e0 la possibilit\u00e0 di crescere con il nostro team e raggiungere qualsiasi livello di successo.<\/p><h2>Cosa rende eccezionali i moduli di Elfsight?<\/h2><p>Per illustrare perch\u00e9 le nostre app per Kopage sono la scelta ideale per te, abbiamo compilato un elenco di funzionalit\u00e0 che le mantengono all&#8217;avanguardia:<\/p><ul><li>Supporto all&#8217;installazione gratuito;<\/li><li>Completamente reattivo su tutti i dispositivi;<\/li><li>Nessuna competenza di codifica richiesta;<\/li><li>Impostazioni dell&#8217;interfaccia utente personalizzabili;<\/li><li>Interfaccia utente intuitiva;<\/li><li>Soluzione SaaS per una velocit\u00e0 di caricamento ottimale;<\/li><li>Aggiornamenti automatici regolari;<\/li><li>Supporto esperto per qualsiasi domanda.<\/li><\/ul><p>Goditi tutti i vantaggi dei nostri moduli utilizzando l&#8217;opzione gratuita o acquista l&#8217;app desiderata.<\/p><h2>Come installare i moduli Elfsight su un sito web Kopage<\/h2><p>Puoi trovare informazioni dettagliate sull&#8217;aggiunta di un plugin specifico nel nostro centro assistenza.<\/p><ol><li>Seleziona il modulo richiesto e personalizzalo nel pannello;<\/li><li>Copia il codice del modulo nel tuo sito Kopage (all&#8217;interno del codice HTML della pagina o del modello: barra laterale, pi\u00e8 di pagina, ecc.);<\/li><li>L&#8217;integrazione \u00e8 completata con successo!<\/li><\/ol><p>Hai bisogno di aiuto gratuito per creare il tuo modulo Kopage? Hai problemi con l&#8217;installazione? Contatta il nostro supporto clienti e saremo felici di assisterti.<\/p><div class=\"faq\" data-component=\"FAQ\"><div class=\"faq-item\">\r\n\t\t\t\t\t<div class=\"faq-item-question\">\r\n\t\t\t\t\t\t<h3 class=\"faq-item-question-text\">Come posso incorporare i moduli nel mio tema Kopage?<\/h3>\r\n\r\n\t\t\t\t\t\t<div class=\"faq-item-question-icon\"><\/div>\r\n\t\t\t\t\t<\/div>\r\n\r\n\t\t\t\t\t<div class=\"faq-item-answer\">\r\n\t\t\t\t\t\t<div class=\"faq-item-answer-text\"><p>Puoi inserire i moduli nel tuo sito web. Basta aprire il pannello di amministrazione e seguire questi passaggi:<\/p><ol><li>Vai alle impostazioni del tema;<\/li><li>Scegli la sezione in cui vuoi aggiungere il modulo;<\/li><li>Aggiungi il codice delle App Kopage e applica le tue modifiche.<\/li><p>Hai finito.<\/p><\/div>\r\n\t\t\t\t\t<\/div>\r\n\t\t\t\t<\/div><div class=\"faq-item\">\r\n\t\t\t\t\t<div class=\"faq-item-question\">\r\n\t\t\t\t\t\t<h3 class=\"faq-item-question-text\">Quali versioni e modelli di Kopage sono compatibili con il modulo Kopage?<\/h3>\r\n\r\n\t\t\t\t\t\t<div class=\"faq-item-question-icon\"><\/div>\r\n\t\t\t\t\t<\/div>\r\n\r\n\t\t\t\t\t<div class=\"faq-item-answer\">\r\n\t\t\t\t\t\t<div class=\"faq-item-answer-text\">I nostri moduli sono compatibili con tutte le opzioni di modello del sito web Kopage. Puoi essere sicuro di una performance affidabile con tutte le soluzioni.<\/div>\r\n\t\t\t\t\t<\/div>\r\n\t\t\t\t<\/div><div class=\"faq-item\">\r\n\t\t\t\t\t<div class=\"faq-item-question\">\r\n\t\t\t\t\t\t<h3 class=\"faq-item-question-text\">Dove posso gestire i miei moduli?<\/h3>\r\n\r\n\t\t\t\t\t\t<div class=\"faq-item-question-icon\"><\/div>\r\n\t\t\t\t\t<\/div>\r\n\r\n\t\t\t\t\t<div class=\"faq-item-answer\">\r\n\t\t\t\t\t\t<div class=\"faq-item-answer-text\">Tutti i nostri utenti possono apportare le modifiche necessarie alle funzionalit\u00e0 del modulo nel nostro configuratore intuitivo.<\/div>\r\n\t\t\t\t\t<\/div>\r\n\t\t\t\t<\/div><div class=\"faq-item\">\r\n\t\t\t\t\t<div class=\"faq-item-question\">\r\n\t\t\t\t\t\t<h3 class=\"faq-item-question-text\">C'\u00e8 un'opzione per contattare il Centro Assistenza per assistenza nella personalizzazione del modulo?<\/h3>\r\n\r\n\t\t\t\t\t\t<div class=\"faq-item-question-icon\"><\/div>\r\n\t\t\t\t\t<\/div>\r\n\r\n\t\t\t\t\t<div class=\"faq-item-answer\">\r\n\t\t\t\t\t\t<div class=\"faq-item-answer-text\">Tutti i nostri clienti sono invitati a contattare il nostro Centro Assistenza altamente qualificato per consigli sulle impostazioni e l&#8217;integrazione delle nostre soluzioni.<\/div>\r\n\t\t\t\t\t<\/div>\r\n\t\t\t\t<\/div><\/div>","protected":false},"excerpt":{"rendered":"La soluzione definitiva per il tuo sito web KopageDa oltre 10 anni, Elfsight crea i moduli premium pi\u00f9 efficaci. Le nostre app ti permettono di ottimizzare la generazione di lead, integrare il tuo sito con i social network e affrontare varie sfide che la maggior parte dei siti aziendali incontra.Siamo&#8230;","protected":false},"author":9,"featured_media":0,"parent":0,"menu_order":0,"comment_status":"closed","ping_status":"closed","template":"templates\/template-platform.php","meta":{"publish_to_discourse":"","publish_post_category":"","wpdc_auto_publish_overridden":"","wpdc_topic_tags":"","wpdc_pin_topic":"","wpdc_pin_until":"","discourse_post_id":"","discourse_permalink":"","wpdc_publishing_response":"","wpdc_publishing_error":"","footnotes":""},"class_list":["post-7409","page","type-page","status-publish","hentry"],"yoast_head":"<!-- This site is optimized with the Yoast SEO plugin v25.3.1 - https:\/\/yoast.com\/wordpress\/plugins\/seo\/ -->\n<title>80+ Migliori moduli Kopage | L&#039;elenco delle app gratuite di Kopage [2026]<\/title>\n<meta name=\"description\" content=\"Un elenco dei migliori moduli e app gratuiti per siti Kopage. Supporto con impostazioni, compatibile con tutte le versioni di Kopage, widget personalizzati.\" \/>\n<meta name=\"robots\" content=\"index, follow, max-snippet:-1, max-image-preview:large, max-video-preview:-1\" \/>\n<link rel=\"canonical\" href=\"https:\/\/elfsight.com\/it\/kopage-modules\/\" \/>\n<meta property=\"og:locale\" content=\"it_IT\" \/>\n<meta property=\"og:type\" content=\"article\" \/>\n<meta property=\"og:title\" content=\"80+ Migliori moduli Kopage | L&#039;elenco delle app gratuite di Kopage [2026]\" \/>\n<meta property=\"og:description\" content=\"Un elenco dei migliori moduli e app gratuiti per siti Kopage. Supporto con impostazioni, compatibile con tutte le versioni di Kopage, widget personalizzati.\" \/>\n<meta property=\"og:url\" content=\"https:\/\/elfsight.com\/it\/kopage-modules\/\" \/>\n<meta property=\"og:site_name\" content=\"Elfsight IT\" \/>\n<meta property=\"article:modified_time\" content=\"2024-07-09T13:46:14+00:00\" \/>\n<meta name=\"twitter:card\" content=\"summary_large_image\" \/>\n<meta name=\"twitter:label1\" content=\"Tempo di lettura stimato\" \/>\n\t<meta name=\"twitter:data1\" content=\"2 minuti\" \/>\n<!-- \/ Yoast SEO plugin. -->","yoast_head_json":{"title":"80+ Migliori moduli Kopage | L'elenco delle app gratuite di Kopage [2026]","description":"Un elenco dei migliori moduli e app gratuiti per siti Kopage. Supporto con impostazioni, compatibile con tutte le versioni di Kopage, widget personalizzati.","robots":{"index":"index","follow":"follow","max-snippet":"max-snippet:-1","max-image-preview":"max-image-preview:large","max-video-preview":"max-video-preview:-1"},"canonical":"https:\/\/elfsight.com\/it\/kopage-modules\/","og_locale":"it_IT","og_type":"article","og_title":"80+ Migliori moduli Kopage | L'elenco delle app gratuite di Kopage [2026]","og_description":"Un elenco dei migliori moduli e app gratuiti per siti Kopage. Supporto con impostazioni, compatibile con tutte le versioni di Kopage, widget personalizzati.","og_url":"https:\/\/elfsight.com\/it\/kopage-modules\/","og_site_name":"Elfsight IT","article_modified_time":"2024-07-09T13:46:14+00:00","twitter_card":"summary_large_image","twitter_misc":{"Tempo di lettura stimato":"2 minuti"},"schema":{"@context":"https:\/\/schema.org","@graph":[{"@type":"WebPage","@id":"https:\/\/elfsight.com\/it\/kopage-modules\/","url":"https:\/\/elfsight.com\/it\/kopage-modules\/","name":"80+ Migliori moduli Kopage | L'elenco delle app gratuite di Kopage [2026]","isPartOf":{"@id":"https:\/\/elfsight.com\/it\/#website"},"datePublished":"2024-05-24T13:00:12+00:00","dateModified":"2024-07-09T13:46:14+00:00","description":"Un elenco dei migliori moduli e app gratuiti per siti Kopage. Supporto con impostazioni, compatibile con tutte le versioni di Kopage, widget personalizzati.","breadcrumb":{"@id":"https:\/\/elfsight.com\/it\/kopage-modules\/#breadcrumb"},"inLanguage":"it-IT","potentialAction":[{"@type":"ReadAction","target":["https:\/\/elfsight.com\/it\/kopage-modules\/"]}]},{"@type":"BreadcrumbList","@id":"https:\/\/elfsight.com\/it\/kopage-modules\/#breadcrumb","itemListElement":[{"@type":"ListItem","position":1,"name":"Home","item":"https:\/\/elfsight.com\/it\/"},{"@type":"ListItem","position":2,"name":"Kopage modules"}]},{"@type":"WebSite","@id":"https:\/\/elfsight.com\/it\/#website","url":"https:\/\/elfsight.com\/it\/","name":"Elfsight IT","description":"Just another Elfsight Sites site","potentialAction":[{"@type":"SearchAction","target":{"@type":"EntryPoint","urlTemplate":"https:\/\/elfsight.com\/it\/?s={search_term_string}"},"query-input":{"@type":"PropertyValueSpecification","valueRequired":true,"valueName":"search_term_string"}}],"inLanguage":"it-IT"}]}},"meta_box":{"industry":"","seo_heading":"","heading":"","description":"","cta_heading":"","cta_description":"","application":"","h1":"I migliori moduli per Kopage","h1_caption":"Una vasta libreria di app gratuite con solide opzioni per aumentare il tasso di vendite e l'interazione sul tuo sito. Integrazione semplice, ottimizzazione estesa e supporto pratico.","application_category":[],"applications_title":"Esamina l'elenco di tutti i moduli gratuiti di Kopage","applications_request_title":"Non riesci a trovare il modulo giusto?","applications_request_button_text":"Richiedi un modulo","hero_text":"","hero_video":"","hero_video_schema_markup":"","selling_points_title":"","selling_points_caption":"","selling_points":[],"selling_points_cta_text":"","features_title":"","features":"","ed_cta_examples_text":"","ed_cta_examples_hidden":"","ed_cta_demo_text":"","ed_cta_demo_hidden":"","why_caption":"","why_editor_title":"","why_editor_text":"","why_team_title":"","why_team_text":"","why_service_title":"","why_service_text":"","template_catalog_visible":"","template_catalog_title":"","template_catalog_text":"","template_catalog_categories_visible":"","demo_title":"","demo_caption":"","default_faq_hidden":"","app_template_category":[],"platform":"7390","template_public_id":"","codecanyon_url":"","codecanyon_item_id":"","codecanyon_price":"","pricing_caption":"","pricing_elfsight_apps_hide_column":"","pricing_elfsight_apps_url":"","pricing_codecanyon_price_caption":"","integration_category":[],"integration_request_title":"","integration_request_cta":"","integration_platform":"","integrations":[],"platform_category":[],"video_schema_markup":"","price":"","trial":"","benefits":[],"button_url":"","button_target_blank":"","button_nofollow":"","attributes":[],"tags":[],"tags_disable_links":"","hide_more_platforms":"","video_object":"","demo_hide_cta":"","demo_hide_cloud_options":"","pricing_title":"","pricing":[],"related_apps_title":"","related_apps_hidden":"","author":"","image":[],"title":"","job":"","social_networks":[]},"_links":{"self":[{"href":"https:\/\/elfsight.com\/it\/wp-json\/wp\/v2\/pages\/7409","targetHints":{"allow":["GET"]}}],"collection":[{"href":"https:\/\/elfsight.com\/it\/wp-json\/wp\/v2\/pages"}],"about":[{"href":"https:\/\/elfsight.com\/it\/wp-json\/wp\/v2\/types\/page"}],"author":[{"embeddable":true,"href":"https:\/\/elfsight.com\/it\/wp-json\/wp\/v2\/users\/9"}],"replies":[{"embeddable":true,"href":"https:\/\/elfsight.com\/it\/wp-json\/wp\/v2\/comments?post=7409"}],"version-history":[{"count":1,"href":"https:\/\/elfsight.com\/it\/wp-json\/wp\/v2\/pages\/7409\/revisions"}],"predecessor-version":[{"id":7413,"href":"https:\/\/elfsight.com\/it\/wp-json\/wp\/v2\/pages\/7409\/revisions\/7413"}],"wp:attachment":[{"href":"https:\/\/elfsight.com\/it\/wp-json\/wp\/v2\/media?parent=7409"}],"curies":[{"name":"wp","href":"https:\/\/api.w.org\/{rel}","templated":true}]}}