{"id":697,"date":"2020-11-09T11:46:07","date_gmt":"2020-11-09T11:46:07","guid":{"rendered":"https:\/\/elfsight.com\/it\/?page_id=697"},"modified":"2020-11-13T10:06:57","modified_gmt":"2020-11-13T10:06:57","slug":"dle-modules","status":"publish","type":"page","link":"https:\/\/elfsight.com\/it\/dle-modules\/","title":{"rendered":"DLE modules"},"content":{"rendered":"\n<h2>La migliore soluzione per qualsiasi sito web DLE<\/h2>\n<figure class=\"browser-frame\"><img decoding=\"async\" alt=\"i migliori moduli gratuiti per il tuo sito web dle\" src=\"https:\/\/elfsight.com\/wp-content\/uploads\/2020\/08\/platform-image-dle.jpg\"><\/figure>\n<p>Gi\u00e0 da 7 anni il nostro team sviluppa i moduli premium di maggior successo per DLE. I plugin di Elfsight ti consentono di aumentare il livello di acquisto, integrare il tuo sito web con i social media o risolvere altri problemi che si verificano con la maggior parte dei siti aziendali.<\/p>\n<p>Siamo lieti di offrire vari piani: da gratuito a premium. Vogliamo dare alla tua attivit\u00e0 la possibilit\u00e0 di svilupparsi grazie al nostro team e raggiungere qualsiasi obiettivo tu voglia.<\/p>\n<h2>Cosa permette ai nostri moduli per DLE di essere tra i migliori?<\/h2>\n<p>Per convincerti che i plugin di Elfsight sono ci\u00f2 che devi davvero provare, abbiamo elencato alcune delle qualit\u00e0 per cui possono essere definiti tra i migliori :<\/p>\n<ul>\n<li>Supporto per l&#8217;impostazione gratuita;<\/li>\n<li>Responsive su ogni device;<\/li>\n<li>Nessuna capacit\u00e0 di sviluppo richiesta;<\/li>\n<li>Diversi parametri per personalizzare l&#8217;interfaccia;<\/li>\n<li>Interfaccia utente semplice;<\/li>\n<li>Soluzione cloud per un&#8217;alta velocit\u00e0 di caricamento;<\/li>\n<li>Aggiornamenti automatici regolari;<\/li>\n<li>Aiuto professionale per qualsiasi problema.<\/li>\n<\/ul>\n<p>Scopri tutti i pregi dei moduli di Elfsight utilizzando la versione gratuita o acquista il plug-in necessario con uno sconto del 20%.<\/p>\n<div class=\"faq\" data-component=\"FAQ\">\n<div class=\"faq-item\">\r\n\t\t\t\t\t<div class=\"faq-item-question\">\r\n\t\t\t\t\t\t<h3 class=\"faq-item-question-text\">In che modo inserisco i moduli nel mio template DLE?<\/h3>\r\n\r\n\t\t\t\t\t\t<div class=\"faq-item-question-icon\"><\/div>\r\n\t\t\t\t\t<\/div>\r\n\r\n\t\t\t\t\t<div class=\"faq-item-answer\">\r\n\t\t\t\t\t\t<div class=\"faq-item-answer-text\"><p>\nPuoi implementare il modulo sul tuo sito in modo semplice. Apri il pannello dell&#8217;amministratore e segui questi passaggi:<\/p>\n<ol>\n<li>Seleziona le impostazioni del tema;<\/li>\n<li>Seleziona la parte su cui vuoi aggiungere il modulo;<\/li>\n<li>Aggiungi il codice dell&#8217;app di Elfsight dopo aver impostato le tue modifiche.<\/li>\n<p>Finito.<\/p>\n<\/ol>\n<\/div>\r\n\t\t\t\t\t<\/div>\r\n\t\t\t\t<\/div>\n\n\n\n\n\n\n\n\n<div class=\"faq-item\">\r\n\t\t\t\t\t<div class=\"faq-item-question\">\r\n\t\t\t\t\t\t<h3 class=\"faq-item-question-text\">Quali versioni e temi DLE possono essere compatibili con il modulo di Elfsight?<\/h3>\r\n\r\n\t\t\t\t\t\t<div class=\"faq-item-question-icon\"><\/div>\r\n\t\t\t\t\t<\/div>\r\n\r\n\t\t\t\t\t<div class=\"faq-item-answer\">\r\n\t\t\t\t\t\t<div class=\"faq-item-answer-text\">\nIl modulo si adatta a qualsiasi versione di template del sito DLE. Vi assicuriamo l&#8217;efficienza di tutti gli strumenti.\n<\/div>\r\n\t\t\t\t\t<\/div>\r\n\t\t\t\t<\/div>\n<div class=\"faq-item\">\r\n\t\t\t\t\t<div class=\"faq-item-question\">\r\n\t\t\t\t\t\t<h3 class=\"faq-item-question-text\">Dove posso definire le impostazioni del mio modulo?<\/h3>\r\n\r\n\t\t\t\t\t\t<div class=\"faq-item-question-icon\"><\/div>\r\n\t\t\t\t\t<\/div>\r\n\r\n\t\t\t\t\t<div class=\"faq-item-answer\">\r\n\t\t\t\t\t\t<div class=\"faq-item-answer-text\">\nTutti i nostri clienti saranno in grado di effettuare gli adattamenti essenziali attraverso l&#8217;intuitivo editor di Elfsight.\n<\/div>\r\n\t\t\t\t\t<\/div>\r\n\t\t\t\t<\/div>\n<div class=\"faq-item\">\r\n\t\t\t\t\t<div class=\"faq-item-question\">\r\n\t\t\t\t\t\t<h3 class=\"faq-item-question-text\">\u00c8 possibile contattare il team di assistenza di Elfsight nel caso in cui avessi un piano gratuito?<\/h3>\r\n\r\n\t\t\t\t\t\t<div class=\"faq-item-question-icon\"><\/div>\r\n\t\t\t\t\t<\/div>\r\n\r\n\t\t\t\t\t<div class=\"faq-item-answer\">\r\n\t\t\t\t\t\t<div class=\"faq-item-answer-text\">\nTutti i nostri clienti possono contattare gli specialisti di Elfsight e chiedere aiuto per ottenere il miglior risultato dalle nostre soluzioni.\n<\/div>\r\n\t\t\t\t\t<\/div>\r\n\t\t\t\t<\/div>\n<\/div>\n<h2>Come installare il modulo sul sito web DLE<\/h2>\n<p>Nella sezione widget puoi trovare tutte le informazioni sulla generazione di un particolare modulo.<\/p>\n<ol>\n<li>Definisci il tuo widget e impostalo nell&#8217;editor.<\/li>\n<li>Aggiungi il codice del widget nel sito (nel codice HTML della pagina o nel template: sidebar, footer, etc.)<\/li>\n<li>L&#8217;integrazione \u00e8 terminata con successo!<\/li>\n<\/ol>\n<p>Cerchi una consulenza gratuita per impostare il tuo modulo per DLE? Non sei riuscito a gestire la visualizzazione del plugin? Scrivi al nostro supporto e saremo lieti di risolvere i tuoi problemi.<\/p>\n<h2>I tuoi moduli quali versioni di DLE supportano?<\/h2>\n<p>I plugin di Elfsight funzionano al meglio su tutte le versioni di DLE, dalle pi\u00f9 obsolete alle pi\u00f9 recenti.<\/p>\n","protected":false},"excerpt":{"rendered":"La migliore soluzione per qualsiasi sito web DLE Gi\u00e0 da 7 anni il nostro team sviluppa i moduli premium di maggior successo per DLE. I plugin di Elfsight ti consentono di aumentare il livello di acquisto, integrare il tuo sito web con i social media o risolvere altri problemi che&#8230;","protected":false},"author":11,"featured_media":0,"parent":0,"menu_order":0,"comment_status":"closed","ping_status":"closed","template":"templates\/template-platform.php","meta":{"publish_to_discourse":"","publish_post_category":"","wpdc_auto_publish_overridden":"","wpdc_topic_tags":"","wpdc_pin_topic":"","wpdc_pin_until":"","discourse_post_id":"","discourse_permalink":"","wpdc_publishing_response":"","wpdc_publishing_error":"","footnotes":""},"class_list":["post-697","page","type-page","status-publish","hentry"],"yoast_head":"<!-- This site is optimized with the Yoast SEO plugin v25.3.1 - https:\/\/yoast.com\/wordpress\/plugins\/seo\/ -->\n<title>70+ migliori moduli per il sito web DLE | Plugin gratuiti di Elfsight [2025]<\/title>\n<meta name=\"description\" content=\"Un riepilogo dei migliori moduli e plugin gratuiti per DLE. Aiuto alla personalizzazione, compatibilit\u00e0 con tutte le versioni di Dle.\" \/>\n<meta name=\"robots\" content=\"index, follow, max-snippet:-1, max-image-preview:large, max-video-preview:-1\" \/>\n<link rel=\"canonical\" href=\"https:\/\/elfsight.com\/it\/dle-modules\/\" \/>\n<meta property=\"og:locale\" content=\"it_IT\" \/>\n<meta property=\"og:type\" content=\"article\" \/>\n<meta property=\"og:title\" content=\"70+ migliori moduli per il sito web DLE | Plugin gratuiti di Elfsight [2025]\" \/>\n<meta property=\"og:description\" content=\"Un riepilogo dei migliori moduli e plugin gratuiti per DLE. Aiuto alla personalizzazione, compatibilit\u00e0 con tutte le versioni di Dle.\" \/>\n<meta property=\"og:url\" content=\"https:\/\/elfsight.com\/it\/dle-modules\/\" \/>\n<meta property=\"og:site_name\" content=\"Elfsight IT\" \/>\n<meta property=\"article:modified_time\" content=\"2020-11-13T10:06:57+00:00\" \/>\n<meta property=\"og:image\" content=\"https:\/\/elfsight.com\/wp-content\/uploads\/2020\/08\/platform-image-dle.jpg\" \/>\n<meta name=\"twitter:card\" content=\"summary_large_image\" \/>\n<meta name=\"twitter:label1\" content=\"Tempo di lettura stimato\" \/>\n\t<meta name=\"twitter:data1\" content=\"2 minuti\" \/>\n<!-- \/ Yoast SEO plugin. -->","yoast_head_json":{"title":"70+ migliori moduli per il sito web DLE | Plugin gratuiti di Elfsight [2025]","description":"Un riepilogo dei migliori moduli e plugin gratuiti per DLE. Aiuto alla personalizzazione, compatibilit\u00e0 con tutte le versioni di Dle.","robots":{"index":"index","follow":"follow","max-snippet":"max-snippet:-1","max-image-preview":"max-image-preview:large","max-video-preview":"max-video-preview:-1"},"canonical":"https:\/\/elfsight.com\/it\/dle-modules\/","og_locale":"it_IT","og_type":"article","og_title":"70+ migliori moduli per il sito web DLE | Plugin gratuiti di Elfsight [2025]","og_description":"Un riepilogo dei migliori moduli e plugin gratuiti per DLE. Aiuto alla personalizzazione, compatibilit\u00e0 con tutte le versioni di Dle.","og_url":"https:\/\/elfsight.com\/it\/dle-modules\/","og_site_name":"Elfsight IT","article_modified_time":"2020-11-13T10:06:57+00:00","og_image":[{"url":"https:\/\/elfsight.com\/wp-content\/uploads\/2020\/08\/platform-image-dle.jpg","type":"","width":"","height":""}],"twitter_card":"summary_large_image","twitter_misc":{"Tempo di lettura stimato":"2 minuti"},"schema":{"@context":"https:\/\/schema.org","@graph":[{"@type":"WebPage","@id":"https:\/\/elfsight.com\/it\/dle-modules\/","url":"https:\/\/elfsight.com\/it\/dle-modules\/","name":"70+ migliori moduli per il sito web DLE | Plugin gratuiti di Elfsight [2025]","isPartOf":{"@id":"https:\/\/elfsight.com\/it\/#website"},"primaryImageOfPage":{"@id":"https:\/\/elfsight.com\/it\/dle-modules\/#primaryimage"},"image":{"@id":"https:\/\/elfsight.com\/it\/dle-modules\/#primaryimage"},"thumbnailUrl":"https:\/\/elfsight.com\/wp-content\/uploads\/2020\/08\/platform-image-dle.jpg","datePublished":"2020-11-09T11:46:07+00:00","dateModified":"2020-11-13T10:06:57+00:00","description":"Un riepilogo dei migliori moduli e plugin gratuiti per DLE. Aiuto alla personalizzazione, compatibilit\u00e0 con tutte le versioni di Dle.","breadcrumb":{"@id":"https:\/\/elfsight.com\/it\/dle-modules\/#breadcrumb"},"inLanguage":"it-IT","potentialAction":[{"@type":"ReadAction","target":["https:\/\/elfsight.com\/it\/dle-modules\/"]}]},{"@type":"ImageObject","inLanguage":"it-IT","@id":"https:\/\/elfsight.com\/it\/dle-modules\/#primaryimage","url":"https:\/\/elfsight.com\/wp-content\/uploads\/2020\/08\/platform-image-dle.jpg","contentUrl":"https:\/\/elfsight.com\/wp-content\/uploads\/2020\/08\/platform-image-dle.jpg"},{"@type":"BreadcrumbList","@id":"https:\/\/elfsight.com\/it\/dle-modules\/#breadcrumb","itemListElement":[{"@type":"ListItem","position":1,"name":"Home","item":"https:\/\/elfsight.com\/it\/"},{"@type":"ListItem","position":2,"name":"DLE modules"}]},{"@type":"WebSite","@id":"https:\/\/elfsight.com\/it\/#website","url":"https:\/\/elfsight.com\/it\/","name":"Elfsight IT","description":"Just another Elfsight Sites site","potentialAction":[{"@type":"SearchAction","target":{"@type":"EntryPoint","urlTemplate":"https:\/\/elfsight.com\/it\/?s={search_term_string}"},"query-input":{"@type":"PropertyValueSpecification","valueRequired":true,"valueName":"search_term_string"}}],"inLanguage":"it-IT"}]}},"meta_box":{"industry":"","seo_heading":"","heading":"","description":"","cta_heading":"","cta_description":"","application":"","h1":"I migliori moduli per DLE","h1_caption":"Registrazione gratuita dei plugin pi\u00f9 utili per svolgere tutte le principali attivit\u00e0 di e-commerce e pubblicit\u00e0 sul tuo sito web DLE. Integrazione rapida, impostazioni complete e supporto a tempo pieno.","application_category":[],"applications_title":"Prova l'elenco di tutti i moduli per DLE gratuiti","applications_request_title":"Non riesci a trovare il plugin giusto?","applications_request_button_text":"Richiedi un plugin","hero_text":"","hero_video":"","hero_video_schema_markup":"","selling_points_title":"","selling_points_caption":"","selling_points":[],"selling_points_cta_text":"","features_title":"","features":"","ed_cta_examples_text":"","ed_cta_examples_hidden":"","ed_cta_demo_text":"","ed_cta_demo_hidden":"","why_caption":"","why_editor_title":"","why_editor_text":"","why_team_title":"","why_team_text":"","why_service_title":"","why_service_text":"","template_catalog_visible":"","template_catalog_title":"","template_catalog_text":"","template_catalog_categories_visible":"","demo_title":"","demo_caption":"","default_faq_hidden":"","app_template_category":[],"platform":"63","template_public_id":"","codecanyon_url":"","codecanyon_item_id":"","codecanyon_price":"","pricing_caption":"","pricing_elfsight_apps_hide_column":"","pricing_elfsight_apps_url":"","pricing_codecanyon_price_caption":"","integration_category":[],"integration_request_title":"","integration_request_cta":"","integration_platform":"","integrations":[],"platform_category":[],"video_schema_markup":"","price":"","trial":"","benefits":[],"button_url":"","button_target_blank":"","button_nofollow":"","attributes":[],"tags":[],"tags_disable_links":"","hide_more_platforms":"","video_object":"","demo_hide_cta":"","demo_hide_cloud_options":"","pricing_title":"","pricing":[],"related_apps_title":"","related_apps_hidden":"","author":"","image":[],"title":"","job":"","social_networks":[]},"_links":{"self":[{"href":"https:\/\/elfsight.com\/it\/wp-json\/wp\/v2\/pages\/697","targetHints":{"allow":["GET"]}}],"collection":[{"href":"https:\/\/elfsight.com\/it\/wp-json\/wp\/v2\/pages"}],"about":[{"href":"https:\/\/elfsight.com\/it\/wp-json\/wp\/v2\/types\/page"}],"author":[{"embeddable":true,"href":"https:\/\/elfsight.com\/it\/wp-json\/wp\/v2\/users\/11"}],"replies":[{"embeddable":true,"href":"https:\/\/elfsight.com\/it\/wp-json\/wp\/v2\/comments?post=697"}],"version-history":[{"count":2,"href":"https:\/\/elfsight.com\/it\/wp-json\/wp\/v2\/pages\/697\/revisions"}],"predecessor-version":[{"id":699,"href":"https:\/\/elfsight.com\/it\/wp-json\/wp\/v2\/pages\/697\/revisions\/699"}],"wp:attachment":[{"href":"https:\/\/elfsight.com\/it\/wp-json\/wp\/v2\/media?parent=697"}],"curies":[{"name":"wp","href":"https:\/\/api.w.org\/{rel}","templated":true}]}}