{"id":6797,"date":"1970-01-01T00:00:00","date_gmt":"1970-01-01T00:00:00","guid":{"rendered":"https:\/\/elfsight.com\/it\/?page_id=6797"},"modified":"2024-11-12T13:25:13","modified_gmt":"2024-11-12T13:25:13","slug":"jquery","status":"publish","type":"page","link":"https:\/\/elfsight.com\/it\/youtube-channel-plugin-yottie\/jquery\/","title":{"rendered":"YouTube Gallery &#8211; jQuery"},"content":{"rendered":"<div class=\"application-platform-content-item-description application-platform-content-item\" id=\"description\" data-nav-section=\"description\"><h2>Descrizione<\/h2><p>Un plugin multifunzionale per YouTube, che consente di riprodurre una variet\u00e0 di video sul sito web. Scegli i canali e i videoclip adatti per comporre la tua playlist individuale e integrala direttamente nella pagina web utilizzando il layout pi\u00f9 adatto (galleria video, portfolio, canale, singolo video). Il plugin Elfsight \u00e8 compatibile con tutti i dispositivi e le piattaforme; ha pi\u00f9 di 100 parametri, layout adattivo e un sacco di altre funzionalit\u00e0, che ti danno la possibilit\u00e0 di visualizzarlo su qualsiasi sito web.<\/p><p><b>Imposta un&#8217;efficiente galleria video individuale per una maggiore attenzione dei tuoi lettori. <\/b><\/p><ul><li><b>Rafforza l&#8217;interazione con il pubblico del tuo sito web tramite i video di YouTube<\/b>.<br>Attira i visitatori del tuo sito web con video coinvolgenti da YouTube e mantieni vivo il loro interesse che mai.<\/li><li><b>Conquista il massimo dei clienti con contenuti video<\/b>.<br>Mostra recensioni video, panoramiche, tutorial e molto altro per fornire agli utenti informazioni dettagliate sui tuoi prodotti e indirizzarli all&#8217;acquisto .<\/li><li><b>Nuovi follower per il tuo canale YouTube<\/b>.<br>Converti i visitatori del sito in tuoi follower su YouTube. Integra un metodo semplice e veloce per consentire loro di familiarizzare con i video e di iscriversi al canale direttamente dalla pagina.<\/li><\/ul><\/div><div class=\"application-platform-content-item-features application-platform-content-item\" id=\"features\" data-nav-section=\"features\"><h2>Funzionalit\u00e0<\/h2> <p>I vantaggi del nostro plugin, che lo rendono il metodo migliore per inserire video di YouTube su un sito JQuery.<\/p><ul><li>Aggiungi fonti tramite URL;<\/li><li>8 elementi commutabili di l&#8217;intestazione;<\/li><li>Imposta lo spazio tra i video;<\/li><li>Conteggio visualizzazioni e Mi piace sui video;<\/li><li>Opzione di riproduzione automatica con velocit\u00e0 regolabile;<\/li><li>15 elementi dipingibili del video;<\/li><li>AdSense supportato per la monetizzazione dei contenuti;<\/li><\/ul><p><a href=\"#demo\">Scopri tutte le caratteristiche nel pannello<\/a> <\/p><\/div><div class=\"application-platform-content-item-installation application-platform-content-item\" id=\"installation\" data-nav-section=\"installation\"><h2>Come incorporare lo slider YouTube nel sito web jQuery<\/h2><p>Un piccolo piano del nostro team sull&#8217;installazione e la personalizzazione della Galleria video senza alcuna conoscenza di sviluppo. La durata completa della configurazione non supera i 90 secondi.<\/p><ol><li><b>Genera il tuo plug-in YouTube personalizzato<\/b>.<br> Con l&#8217;aiuto della nostra demo gratuita, genera un plug-in con le dimensioni desiderate design e capacit\u00e0.<\/li><li><b>Acquisisci un codice per l&#8217;integrazione del plugin<\/b>.<br> Dopo la messa a punto del plugin, ottieni un codice per la Galleria video dalla notifica apparsa sulle app Elfsight.<\/li> <li><b>Posiziona il plug-in sul sito Web jQuery<\/b>.<br> Incorpora il plug-in nella posizione richiesta sul sito Web e applica le modifiche.<\/li><li><b>Fatto!<\/b><br> Visita il tuo sito web per vedere il tuo plug-in.<\/li><\/ol><p>Si sono verificati problemi durante la configurazione o la modifica dei parametri della Galleria YouTube? Visualizza un <a href=\"https:\/\/elfsight.com\/tutorials\/how-to-add-youtube-video-gallery-to-jquery\/\" target=\"_blank\" rel=\"noopener noreferrer\">articolo completo<\/a> oppure invia una richiesta al nostro Centro assistenza con una descrizione completa del problema.<\/p><\/div><div class=\"faq\" data-component=\"FAQ\"><div class=\"faq-item\">\r\n\t\t\t\t\t<div class=\"faq-item-question\">\r\n\t\t\t\t\t\t<h3 class=\"faq-item-question-text\">Come posso aggiungere un video YouTube Gallery in jQuery? <\/h3>\r\n\r\n\t\t\t\t\t\t<div class=\"faq-item-question-icon\"><\/div>\r\n\t\t\t\t\t<\/div>\r\n\r\n\t\t\t\t\t<div class=\"faq-item-answer\">\r\n\t\t\t\t\t\t<div class=\"faq-item-answer-text\"><p>La creazione dello strumento avviene all&#8217;interno del sito Elfsight e non \u00e8 necessario scrivere codice. Applica la demo live per personalizzare il tuo plugin, ottieni il codice e incollalo nel tuo sito web. <\/p><\/div>\r\n\t\t\t\t\t<\/div>\r\n\t\t\t\t<\/div><div class=\"faq-item\">\r\n\t\t\t\t\t<div class=\"faq-item-question\">\r\n\t\t\t\t\t\t<h3 class=\"faq-item-question-text\">I modi migliori per utilizzare l'integrazione della Galleria video di YouTube<\/h3>\r\n\r\n\t\t\t\t\t\t<div class=\"faq-item-question-icon\"><\/div>\r\n\t\t\t\t\t<\/div>\r\n\r\n\t\t\t\t\t<div class=\"faq-item-answer\">\r\n\t\t\t\t\t\t<div class=\"faq-item-answer-text\"><p>Disponiamo di numerose opzioni di regolazione: widget su vasta scala da aggiungere nella zona dei contenuti , plugin mobili con funzionalit\u00e0 di scorrimento, layout per il pi\u00e8 di pagina, la sezione principale e tutte le varianti delle opzioni verticali per barre laterali e menu. <\/p><\/div>\r\n\t\t\t\t\t<\/div>\r\n\t\t\t\t<\/div><div class=\"faq-item\">\r\n\t\t\t\t\t<div class=\"faq-item-question\">\r\n\t\t\t\t\t\t<h3 class=\"faq-item-question-text\">Posso creare una griglia video o una playlist di galleria YouTube con l'aiuto dell'editor? <\/h3>\r\n\r\n\t\t\t\t\t\t<div class=\"faq-item-question-icon\"><\/div>\r\n\t\t\t\t\t<\/div>\r\n\r\n\t\t\t\t\t<div class=\"faq-item-answer\">\r\n\t\t\t\t\t\t<div class=\"faq-item-answer-text\"><p>Sei libero di modificare qualsiasi widget. Ci sono molti layout applicabili nell&#8217;editor e tutti possono essere facilmente personalizzati proprio come preferisci. <\/p><\/div>\r\n\t\t\t\t\t<\/div>\r\n\t\t\t\t<\/div><\/div>","protected":false},"excerpt":{"rendered":"","protected":false},"author":9,"featured_media":0,"parent":905,"menu_order":0,"comment_status":"closed","ping_status":"closed","template":"templates\/template-application-platform.php","meta":{"publish_to_discourse":"","publish_post_category":"","wpdc_auto_publish_overridden":"","wpdc_topic_tags":"","wpdc_pin_topic":"","wpdc_pin_until":"","discourse_post_id":"","discourse_permalink":"","wpdc_publishing_response":"","wpdc_publishing_error":"","footnotes":""},"class_list":["post-6797","page","type-page","status-publish","hentry"],"yoast_head":"<!-- This site is optimized with the Yoast SEO plugin v25.3.1 - https:\/\/yoast.com\/wordpress\/plugins\/seo\/ -->\n<title>Dispositivo di scorrimento della galleria video di YouTube per il sito Web jQuery (facile e gratuito)<\/title>\n<meta name=\"description\" content=\"Il nuovissimo cursore jQuery YouTube Video Gallery pu\u00f2 essere implementato su un sito Web con qualsiasi CMS. Utilizza il plug-in YouTube per creare straordinarie playlist video.\" \/>\n<meta name=\"robots\" content=\"index, follow, max-snippet:-1, max-image-preview:large, max-video-preview:-1\" \/>\n<link rel=\"canonical\" href=\"https:\/\/elfsight.com\/it\/youtube-channel-plugin-yottie\/jquery\/\" \/>\n<meta property=\"og:locale\" content=\"it_IT\" \/>\n<meta property=\"og:type\" content=\"article\" \/>\n<meta property=\"og:title\" content=\"Dispositivo di scorrimento della galleria video di YouTube per il sito Web jQuery (facile e gratuito)\" \/>\n<meta property=\"og:description\" content=\"Il nuovissimo cursore jQuery YouTube Video Gallery pu\u00f2 essere implementato su un sito Web con qualsiasi CMS. Utilizza il plug-in YouTube per creare straordinarie playlist video.\" \/>\n<meta property=\"og:url\" content=\"https:\/\/elfsight.com\/it\/youtube-channel-plugin-yottie\/jquery\/\" \/>\n<meta property=\"og:site_name\" content=\"Elfsight IT\" \/>\n<meta property=\"article:modified_time\" content=\"2024-11-12T13:25:13+00:00\" \/>\n<meta name=\"twitter:card\" content=\"summary_large_image\" \/>\n<meta name=\"twitter:label1\" content=\"Tempo di lettura stimato\" \/>\n\t<meta name=\"twitter:data1\" content=\"3 minuti\" \/>\n<!-- \/ Yoast SEO plugin. -->","yoast_head_json":{"title":"Dispositivo di scorrimento della galleria video di YouTube per il sito Web jQuery (facile e gratuito)","description":"Il nuovissimo cursore jQuery YouTube Video Gallery pu\u00f2 essere implementato su un sito Web con qualsiasi CMS. Utilizza il plug-in YouTube per creare straordinarie playlist video.","robots":{"index":"index","follow":"follow","max-snippet":"max-snippet:-1","max-image-preview":"max-image-preview:large","max-video-preview":"max-video-preview:-1"},"canonical":"https:\/\/elfsight.com\/it\/youtube-channel-plugin-yottie\/jquery\/","og_locale":"it_IT","og_type":"article","og_title":"Dispositivo di scorrimento della galleria video di YouTube per il sito Web jQuery (facile e gratuito)","og_description":"Il nuovissimo cursore jQuery YouTube Video Gallery pu\u00f2 essere implementato su un sito Web con qualsiasi CMS. Utilizza il plug-in YouTube per creare straordinarie playlist video.","og_url":"https:\/\/elfsight.com\/it\/youtube-channel-plugin-yottie\/jquery\/","og_site_name":"Elfsight IT","article_modified_time":"2024-11-12T13:25:13+00:00","twitter_card":"summary_large_image","twitter_misc":{"Tempo di lettura stimato":"3 minuti"},"schema":{"@context":"https:\/\/schema.org","@graph":[{"@type":"WebPage","@id":"https:\/\/elfsight.com\/it\/youtube-channel-plugin-yottie\/jquery\/","url":"https:\/\/elfsight.com\/it\/youtube-channel-plugin-yottie\/jquery\/","name":"Dispositivo di scorrimento della galleria video di YouTube per il sito Web jQuery (facile e gratuito)","isPartOf":{"@id":"https:\/\/elfsight.com\/it\/#website"},"datePublished":"1970-01-01T00:00:00+00:00","dateModified":"2024-11-12T13:25:13+00:00","description":"Il nuovissimo cursore jQuery YouTube Video Gallery pu\u00f2 essere implementato su un sito Web con qualsiasi CMS. Utilizza il plug-in YouTube per creare straordinarie playlist video.","breadcrumb":{"@id":"https:\/\/elfsight.com\/it\/youtube-channel-plugin-yottie\/jquery\/#breadcrumb"},"inLanguage":"it-IT","potentialAction":[{"@type":"ReadAction","target":["https:\/\/elfsight.com\/it\/youtube-channel-plugin-yottie\/jquery\/"]}]},{"@type":"BreadcrumbList","@id":"https:\/\/elfsight.com\/it\/youtube-channel-plugin-yottie\/jquery\/#breadcrumb","itemListElement":[{"@type":"ListItem","position":1,"name":"Home","item":"https:\/\/elfsight.com\/it\/"},{"@type":"ListItem","position":2,"name":"YouTube Gallery","item":"https:\/\/elfsight.com\/it\/youtube-channel-plugin-yottie\/"},{"@type":"ListItem","position":3,"name":"YouTube Gallery &#8211; jQuery"}]},{"@type":"WebSite","@id":"https:\/\/elfsight.com\/it\/#website","url":"https:\/\/elfsight.com\/it\/","name":"Elfsight IT","description":"Just another Elfsight Sites site","potentialAction":[{"@type":"SearchAction","target":{"@type":"EntryPoint","urlTemplate":"https:\/\/elfsight.com\/it\/?s={search_term_string}"},"query-input":{"@type":"PropertyValueSpecification","valueRequired":true,"valueName":"search_term_string"}}],"inLanguage":"it-IT"}]}},"meta_box":{"industry":"","seo_heading":"","heading":"","description":"","cta_heading":"","cta_description":"","application":"898","h1":"jQuery Dispositivo di scorrimento della Galleria video di YouTube","h1_caption":"Incorpora una galleria di video di YouTube per presentare contenuti come tutorial, testimonianze o vetrine di prodotti sul tuo sito Web nel tuo sito Web jQuery senza sforzo.","application_category":[],"applications_title":"","applications_request_title":"","applications_request_button_text":"","hero_text":"","hero_video":"","hero_video_schema_markup":"","selling_points_title":"","selling_points_caption":"","selling_points":[],"selling_points_cta_text":"","features_title":"","features":"","ed_cta_examples_text":"","ed_cta_examples_hidden":"","ed_cta_demo_text":"","ed_cta_demo_hidden":"","why_caption":"","why_editor_title":"","why_editor_text":"","why_team_title":"","why_team_text":"","why_service_title":"","why_service_text":"","template_catalog_visible":"","template_catalog_title":"","template_catalog_text":"","template_catalog_categories_visible":"","demo_title":"Crea il tuo plug-in della Galleria YouTube","demo_caption":"Configura la tua Galleria YouTube e aggiungila gratuitamente al tuo sito web jQuery!","default_faq_hidden":"","app_template_category":[],"platform":"37","template_public_id":"","codecanyon_url":"","codecanyon_item_id":"","codecanyon_price":"","pricing_caption":"","pricing_elfsight_apps_hide_column":"","pricing_elfsight_apps_url":"","pricing_codecanyon_price_caption":"","integration_category":[],"integration_request_title":"","integration_request_cta":"","integration_platform":"","integrations":[],"platform_category":[],"video_schema_markup":"","price":"A partire da $ 0 al mese","trial":"","benefits":[{"text":"Aiuto per l'installazione gratuito"},{"text":"Servizio clienti competente"},{"text":"Garanzia di rimborso di 14 giorni"},{"text":"Miglioramenti gratuiti a vita"}],"button_url":"#demo","button_target_blank":"","button_nofollow":"","attributes":[{"name":"Installazioni"},{"name":"Reattivo"},{"name":"Browser compatibili"}],"tags":[],"tags_disable_links":"","hide_more_platforms":"","video_object":"","demo_hide_cta":"","demo_hide_cloud_options":"","pricing_title":"","pricing":[{"pricing_icon":"platform","pricing_title":"Elfsight Apps","pricing_title_caption":"Pronto per i dispositivi mobili","pricing_price":"da $ 0 \/ mese","pricing_price_caption":"inizia con un piano gratuito","pricing_benefits":[{"text":"Domini illimitati"},{"text":"Supporto gratuito"},{"text":"Aiuto gratuito per l'installazione"},{"text":"Completamente personalizzabile"}],"pricing_button_text":"Aggiungi al sito web","pricing_button_url":"#demo"}],"related_apps_title":"","related_apps_hidden":"","author":"","image":[],"title":"","job":"","social_networks":[]},"_links":{"self":[{"href":"https:\/\/elfsight.com\/it\/wp-json\/wp\/v2\/pages\/6797","targetHints":{"allow":["GET"]}}],"collection":[{"href":"https:\/\/elfsight.com\/it\/wp-json\/wp\/v2\/pages"}],"about":[{"href":"https:\/\/elfsight.com\/it\/wp-json\/wp\/v2\/types\/page"}],"author":[{"embeddable":true,"href":"https:\/\/elfsight.com\/it\/wp-json\/wp\/v2\/users\/9"}],"replies":[{"embeddable":true,"href":"https:\/\/elfsight.com\/it\/wp-json\/wp\/v2\/comments?post=6797"}],"version-history":[{"count":1,"href":"https:\/\/elfsight.com\/it\/wp-json\/wp\/v2\/pages\/6797\/revisions"}],"predecessor-version":[{"id":6801,"href":"https:\/\/elfsight.com\/it\/wp-json\/wp\/v2\/pages\/6797\/revisions\/6801"}],"up":[{"embeddable":true,"href":"https:\/\/elfsight.com\/it\/wp-json\/wp\/v2\/pages\/905"}],"wp:attachment":[{"href":"https:\/\/elfsight.com\/it\/wp-json\/wp\/v2\/media?parent=6797"}],"curies":[{"name":"wp","href":"https:\/\/api.w.org\/{rel}","templated":true}]}}