{"id":6795,"date":"1970-01-01T00:00:00","date_gmt":"1970-01-01T00:00:00","guid":{"rendered":"https:\/\/elfsight.com\/it\/?page_id=6795"},"modified":"2024-11-12T13:24:48","modified_gmt":"2024-11-12T13:24:48","slug":"weebly","status":"publish","type":"page","link":"https:\/\/elfsight.com\/it\/youtube-channel-plugin-yottie\/weebly\/","title":{"rendered":"YouTube Gallery &#8211; Weebly"},"content":{"rendered":"\n<div class=\"application-platform-content-item-description application-platform-content-item\" id=\"description\" data-nav-section=\"description\"> <h2>Descrizione<\/h2><p>Un fantastico widget per i video di YouTube, che offre l&#8217;opportunit\u00e0 di eseguire diversi video sul tuo sito web. Scegli i singoli video e canali necessari, raccogli la tua playlist e visualizzala sulla pagina web con l&#8217;aiuto del layout pi\u00f9 adatto (portfolio, singolo video, galleria video, canale). Il nostro widget \u00e8 assolutamente adattivo a tutte le pagine web e ai formati di schermi, presenta complessivamente pi\u00f9 di 100 impostazioni, layout adattivo e diverse opzioni di stile ti danno l&#8217;opportunit\u00e0 di visualizzarlo su qualsiasi sito web.<\/p><ul><li><b>Incoraggia la collaborazione con i visitatori del tuo sito web tramite video di YouTube<\/b><br>Stupidisci i lettori del tuo sito web con splendidi contenuti video di YouTube e vedili pi\u00f9 attivi che mai.<\/li> <li><b>Ricevi pi\u00f9 domande con l&#8217;aiuto di video spettacolari<\/b><br>Mostra annunci, Mi piace, Non mi piace, istruzioni e altro per fornire informazioni complete su servizi straordinari ai clienti e spingerli a effettuare un acquisto.<\/li> <li><b> Nuovi follower del tuo profilo YouTube<\/b><br>Trasforma il pubblico del tuo sito web in fan su YouTube. Utilizza un modo semplice e veloce per conoscere pi\u00f9 facilmente i tuoi video e iscriverti direttamente al tuo canale.<\/li><\/ul><\/div><div class=\"application-platform-content-item-features application-platform-content-item\" id=\"features\" data-nav-section=\"features\"><h2>Funzionalit\u00e0<\/h2><p>I punti di forza di questo widget, che lo trasformano nello strumento migliore per inserire video di YouTube su un sito Shopify.<\/p> <ul><li>Gruppi di origine<\/li><li>Facili da modificare nome del canale<\/li><li>Larghezza widget modificabile<\/li><li>Otto elementi del video: durata, descrizione, conteggi, titolo e altro<\/li><li>15 elementi del video colorabili<\/li> <li>Opzione per mostrare una barra di ricerca<\/li><li>Tempo di cache regolabile<\/li><\/ul><p><a href=\"#demo\">Prova tutti i vantaggi nell&#8217;editor<\/a> <\/p><\/div><div class=\"application-platform-content-item-installation application-platform-content-item\" id=\"installation\" data-nav-section=\"installation\"><h2>Come posso incorporare una galleria video di YouTube nel mio sito web Weebly?<\/h2><div class=\"video-container\"><\/iframe><iframe width=\"720\" height=\"405\" src=\"https:\/\/www.youtube.com\/embed\/Pfjxnj97Kps\" frameborder=\"0\" allowfullscreen><\/iframe><\/div><p>Basta soddisfare i requisiti linee guida qui sotto per inserire il plugin. <\/p> <ol><li><b>Utilizza il nostro configuratore gratuito e inizia a dare forma al tuo plugin unico. <\/b><br> Trova la forma e gli aspetti preferibili del plugin e applica le modifiche. <\/li> <li><b>Ricevi il codice individuale mostrato nel riquadro sulle App Elfsight. <\/b><br> Non appena la configurazione del tuo plugin \u00e8 terminata, copia il singolo codice nella finestra visualizzata e salvalo per un&#8217;altra occasione. <\/li> <li><b>Inizia a utilizzare il plug-in sul tuo sito Weebly. <\/b><br> Inserisci il codice che hai copiato di recente nella tua home page e applica i miglioramenti. <\/li> <li><b>Il gioco \u00e8 fatto! L&#8217;incorporamento \u00e8 completamente terminato. <\/b><br> Vai al tuo sito per dare un&#8217;occhiata alle prestazioni del plugin. <\/li><\/ol> <p>Se dovessi affrontare qualsiasi problema, contatta il nostro team di supporto. I nostri specialisti saranno lieti di aiutarti con tutti i problemi che potresti riscontrare con il prodotto.<\/p><\/div>\n","protected":false},"excerpt":{"rendered":"","protected":false},"author":9,"featured_media":0,"parent":905,"menu_order":0,"comment_status":"closed","ping_status":"closed","template":"templates\/template-application-platform.php","meta":{"publish_to_discourse":"","publish_post_category":"","wpdc_auto_publish_overridden":"","wpdc_topic_tags":"","wpdc_pin_topic":"","wpdc_pin_until":"","discourse_post_id":"","discourse_permalink":"","wpdc_publishing_response":"","wpdc_publishing_error":"","footnotes":""},"class_list":["post-6795","page","type-page","status-publish","hentry"],"yoast_head":"<!-- This site is optimized with the Yoast SEO plugin v25.3.1 - https:\/\/yoast.com\/wordpress\/plugins\/seo\/ -->\n<title>Applicazione YouTube di Weebly<\/title>\n<meta name=\"description\" content=\"Il plugin Weebly YouTube incorpora qualsiasi video da YouTube nel tuo sito web. Coinvolgi i visitatori e aumenta la conversione. L&#039;installazione semplice e chiara \u00e8 a bordo!\" \/>\n<meta name=\"robots\" content=\"index, follow, max-snippet:-1, max-image-preview:large, max-video-preview:-1\" \/>\n<link rel=\"canonical\" href=\"https:\/\/elfsight.com\/it\/youtube-channel-plugin-yottie\/weebly\/\" \/>\n<meta property=\"og:locale\" content=\"it_IT\" \/>\n<meta property=\"og:type\" content=\"article\" \/>\n<meta property=\"og:title\" content=\"Applicazione YouTube di Weebly\" \/>\n<meta property=\"og:description\" content=\"Il plugin Weebly YouTube incorpora qualsiasi video da YouTube nel tuo sito web. Coinvolgi i visitatori e aumenta la conversione. L&#039;installazione semplice e chiara \u00e8 a bordo!\" \/>\n<meta property=\"og:url\" content=\"https:\/\/elfsight.com\/it\/youtube-channel-plugin-yottie\/weebly\/\" \/>\n<meta property=\"og:site_name\" content=\"Elfsight IT\" \/>\n<meta property=\"article:modified_time\" content=\"2024-11-12T13:24:48+00:00\" \/>\n<meta name=\"twitter:card\" content=\"summary_large_image\" \/>\n<meta name=\"twitter:label1\" content=\"Tempo di lettura stimato\" \/>\n\t<meta name=\"twitter:data1\" content=\"3 minuti\" \/>\n<!-- \/ Yoast SEO plugin. -->","yoast_head_json":{"title":"Applicazione YouTube di Weebly","description":"Il plugin Weebly YouTube incorpora qualsiasi video da YouTube nel tuo sito web. Coinvolgi i visitatori e aumenta la conversione. L'installazione semplice e chiara \u00e8 a bordo!","robots":{"index":"index","follow":"follow","max-snippet":"max-snippet:-1","max-image-preview":"max-image-preview:large","max-video-preview":"max-video-preview:-1"},"canonical":"https:\/\/elfsight.com\/it\/youtube-channel-plugin-yottie\/weebly\/","og_locale":"it_IT","og_type":"article","og_title":"Applicazione YouTube di Weebly","og_description":"Il plugin Weebly YouTube incorpora qualsiasi video da YouTube nel tuo sito web. Coinvolgi i visitatori e aumenta la conversione. L'installazione semplice e chiara \u00e8 a bordo!","og_url":"https:\/\/elfsight.com\/it\/youtube-channel-plugin-yottie\/weebly\/","og_site_name":"Elfsight IT","article_modified_time":"2024-11-12T13:24:48+00:00","twitter_card":"summary_large_image","twitter_misc":{"Tempo di lettura stimato":"3 minuti"},"schema":{"@context":"https:\/\/schema.org","@graph":[{"@type":"WebPage","@id":"https:\/\/elfsight.com\/it\/youtube-channel-plugin-yottie\/weebly\/","url":"https:\/\/elfsight.com\/it\/youtube-channel-plugin-yottie\/weebly\/","name":"Applicazione YouTube di Weebly","isPartOf":{"@id":"https:\/\/elfsight.com\/it\/#website"},"datePublished":"1970-01-01T00:00:00+00:00","dateModified":"2024-11-12T13:24:48+00:00","description":"Il plugin Weebly YouTube incorpora qualsiasi video da YouTube nel tuo sito web. Coinvolgi i visitatori e aumenta la conversione. L'installazione semplice e chiara \u00e8 a bordo!","breadcrumb":{"@id":"https:\/\/elfsight.com\/it\/youtube-channel-plugin-yottie\/weebly\/#breadcrumb"},"inLanguage":"it-IT","potentialAction":[{"@type":"ReadAction","target":["https:\/\/elfsight.com\/it\/youtube-channel-plugin-yottie\/weebly\/"]}]},{"@type":"BreadcrumbList","@id":"https:\/\/elfsight.com\/it\/youtube-channel-plugin-yottie\/weebly\/#breadcrumb","itemListElement":[{"@type":"ListItem","position":1,"name":"Home","item":"https:\/\/elfsight.com\/it\/"},{"@type":"ListItem","position":2,"name":"YouTube Gallery","item":"https:\/\/elfsight.com\/it\/youtube-channel-plugin-yottie\/"},{"@type":"ListItem","position":3,"name":"YouTube Gallery &#8211; Weebly"}]},{"@type":"WebSite","@id":"https:\/\/elfsight.com\/it\/#website","url":"https:\/\/elfsight.com\/it\/","name":"Elfsight IT","description":"Just another Elfsight Sites site","potentialAction":[{"@type":"SearchAction","target":{"@type":"EntryPoint","urlTemplate":"https:\/\/elfsight.com\/it\/?s={search_term_string}"},"query-input":{"@type":"PropertyValueSpecification","valueRequired":true,"valueName":"search_term_string"}}],"inLanguage":"it-IT"}]}},"meta_box":{"industry":"","seo_heading":"","heading":"","description":"","cta_heading":"","cta_description":"","application":"898","h1":"App Galleria YouTube per Weebly","h1_caption":"Incorpora una galleria di video di YouTube per presentare contenuti come tutorial, testimonianze o vetrine di prodotti sul tuo sito web nel tuo sito web Weebly senza sforzo.","application_category":[],"applications_title":"","applications_request_title":"","applications_request_button_text":"","hero_text":"","hero_video":"","hero_video_schema_markup":"","selling_points_title":"","selling_points_caption":"","selling_points":[],"selling_points_cta_text":"","features_title":"","features":"","ed_cta_examples_text":"","ed_cta_examples_hidden":"","ed_cta_demo_text":"","ed_cta_demo_hidden":"","why_caption":"","why_editor_title":"","why_editor_text":"","why_team_title":"","why_team_text":"","why_service_title":"","why_service_text":"","template_catalog_visible":"0","template_catalog_title":"","template_catalog_text":"","template_catalog_categories_visible":"","demo_title":"Crea la tua app Galleria YouTube","demo_caption":"Configura la tua Galleria YouTube e aggiungila gratuitamente al tuo sito web Weebly!","default_faq_hidden":"","app_template_category":[],"platform":"45","template_public_id":"","codecanyon_url":"","codecanyon_item_id":"","codecanyon_price":"","pricing_caption":"","pricing_elfsight_apps_hide_column":"","pricing_elfsight_apps_url":"","pricing_codecanyon_price_caption":"","integration_category":[],"integration_request_title":"","integration_request_cta":"","integration_platform":"","integrations":[],"platform_category":[],"video_schema_markup":"","price":"da $ 0 \/ mese","trial":"","benefits":[{"text":"Aiuto per l'installazione gratuito"},{"text":"Servizio clienti efficace"},{"text":"Garanzia di rimborso di 14 giorni"},{"text":"Miglioramenti gratuiti regolari"}],"button_url":"#demo","button_target_blank":"0","button_nofollow":"0","attributes":[{"name":"Installazioni"},{"name":"Reattivo"},{"name":"Browser compatibili"}],"tags":[],"tags_disable_links":"0","hide_more_platforms":"","video_object":"","demo_hide_cta":"0","demo_hide_cloud_options":"0","pricing_title":"","pricing":[{"pricing_icon":"cloud","pricing_title":"Elfsight Apps","pricing_title_caption":"Versione indipendente dalla piattaforma adatta a qualsiasi sito","pricing_price":"da $ 0 \/ mese","pricing_price_caption":"inizia con il piano gratuito di 7 giorni","pricing_benefits":[{"text":"Siti web illimitati"},{"text":"Supporto professionale"},{"text":"Servizio di installazione gratuito"},{"text":"Prezzo speciale per pi\u00f9 app"}],"pricing_button_text":"Aggiungi al sito web","pricing_button_url":"#demo"}],"related_apps_title":"","related_apps_hidden":"0","author":"","image":[],"title":"","job":"","social_networks":[]},"_links":{"self":[{"href":"https:\/\/elfsight.com\/it\/wp-json\/wp\/v2\/pages\/6795","targetHints":{"allow":["GET"]}}],"collection":[{"href":"https:\/\/elfsight.com\/it\/wp-json\/wp\/v2\/pages"}],"about":[{"href":"https:\/\/elfsight.com\/it\/wp-json\/wp\/v2\/types\/page"}],"author":[{"embeddable":true,"href":"https:\/\/elfsight.com\/it\/wp-json\/wp\/v2\/users\/9"}],"replies":[{"embeddable":true,"href":"https:\/\/elfsight.com\/it\/wp-json\/wp\/v2\/comments?post=6795"}],"version-history":[{"count":3,"href":"https:\/\/elfsight.com\/it\/wp-json\/wp\/v2\/pages\/6795\/revisions"}],"predecessor-version":[{"id":7870,"href":"https:\/\/elfsight.com\/it\/wp-json\/wp\/v2\/pages\/6795\/revisions\/7870"}],"up":[{"embeddable":true,"href":"https:\/\/elfsight.com\/it\/wp-json\/wp\/v2\/pages\/905"}],"wp:attachment":[{"href":"https:\/\/elfsight.com\/it\/wp-json\/wp\/v2\/media?parent=6795"}],"curies":[{"name":"wp","href":"https:\/\/api.w.org\/{rel}","templated":true}]}}