{"id":6788,"date":"1970-01-01T00:00:00","date_gmt":"1970-01-01T00:00:00","guid":{"rendered":"https:\/\/elfsight.com\/it\/?page_id=6788"},"modified":"2025-03-14T10:18:06","modified_gmt":"2025-03-14T10:18:06","slug":"bigcommerce","status":"publish","type":"page","link":"https:\/\/elfsight.com\/it\/youtube-channel-plugin-yottie\/bigcommerce\/","title":{"rendered":"YouTube Gallery &#8211; BigCommerce"},"content":{"rendered":"\n<div class=\"application-platform-content-item-description application-platform-content-item\" id=\"description\" data-nav-section=\"description\"><h2>Descrizione<\/h2><p>Un&#8217;app universale per YouTube, che consente di mostrare qualsiasi tipo di video sul tuo sito web. Scegli i migliori canali e i singoli videoclip per creare la tua playlist senza eguali e mostrarla direttamente sulla pagina web utilizzando il layout pi\u00f9 adatto (galleria video, portfolio, canale, singolo video). Il nostro widget \u00e8 in definitiva reattivo a tutti i dispositivi e piattaforme, include pi\u00f9 di 100 opzioni, layout adattivo e molti altri vantaggi, che consentono l&#8217;installazione su tutti i siti Web.<\/p><p><b>Crea una galleria video efficiente e personalizzata per la massima attenzione del tuo pubblico<\/b><\/p><ul><li><b>Rafforza le connessioni con i clienti con l&#8217;aiuto dei video di YouTube sul tuo sito<\/b>.<br>Intrattieni gli utenti del tuo sito con un&#8217;elevata -contenuti di qualit\u00e0 da YouTube e coinvolgili pi\u00f9 a lungo.<\/li><li><b>Ottieni il massimo degli acquisti sul sito utilizzando i giusti contenuti YouTube<\/b>.<br>Utilizza video promozionali, recensioni, panoramiche, guide e altri tipi di video per fornire ai visitatori informazioni complete sui tuoi prodotti e spingerli a completare una transazione.<\/li><li><b>Numero massimo di abbonati per il tuo account YouTube<\/b>.<br>Converti gli utenti del sito web nel tuo fan su YouTube. Dimostra un metodo semplice e veloce per controllare i video e seguire il tuo canale direttamente dal sito.<\/li><\/ul><\/div><div class=\"application-platform-content-item-features application-platform-content-item\" id=\"features\" data-nav-section=\"features\"><h2>Funzionalit\u00e0<\/h2><p>Il caratteristiche di questo widget, che lo rendono il migliore per inserire video YouTube su un sito BigCommerce.<\/p><ul><li>Aggiungi fonti tramite URL;<\/li><li>Descrizione del canale modificabile;<\/li><li>3 layout per i video: Classico, Orizzontale, Cinema;<\/li><li>8 elementi commutabili del video: titolo, durata, descrizione, conteggi e altro;<\/li><li>Opzione per mettere in pausa la riproduzione automatica al passaggio del mouse; <\/li><li>24 elementi popup disegnabili;<\/li><li>Tempo di cache regolabile.<\/li><\/ul><p><a href=\"#demo\">Leggi l&#8217;elenco completo dei vantaggi nell&#8217;editor<\/a><\/p><\/div><div class=\"application-platform-content-item-installation application-platform-content-item\" id=\"installation\" data-nav-section=\"installation\"><h2>Come incorporare la Galleria di YouTube nel sito web di BigCommerce<\/h2><div class=\"video-container\"><iframe width=\"560\" height=\"315\" src=\"https:\/\/www.youtube.com\/embed\/y3BOALj8YXI?si=kf-L4pes70h7aIgX\" frameborder=\"0\" allow=\"accelerometer; autoplay; clipboard-write; encrypted-media; gyroscope; picture-in-picture; web-share\" allowfullscreen><\/iframe><\/div><p>Segui semplicemente segui le istruzioni qui sotto per attivare l&#8217;app su BigCommerce.<\/p> <ol><li><b>Esegui il nostro configuratore gratuito e inizia a costruire il tuo widget personalizzato. <\/b><br> Scegli il design e le caratteristiche funzionali adatte del widget e salva le correzioni. <\/li> <li><b>Copia il tuo codice univoco che appare nella casella su Elfsight Apps. <\/b><br> Subito dopo aver terminato la configurazione della tua Galleria YouTube personale, copia il codice esclusivo dalla finestra visualizzata e salvalo per un ulteriore utilizzo. <\/li> <li><b>Avvia l&#8217;utilizzo dell&#8217;app sul sito BigCommerce. <\/b><br> Incorpora il codice salvato in precedenza nel tuo sito web e salva i miglioramenti. <\/li> <li><b>Il gioco \u00e8 fatto! L&#8217;installazione \u00e8 terminata con successo. <\/b><br> Vai al tuo sito per verificare le prestazioni del widget. <\/li><\/ol><p>Hai riscontrato problemi durante la configurazione o la personalizzazione della Galleria YouTube? Rivolgiti al centro assistenza Elfsight con una spiegazione dettagliata del tuo problema. Faremo del nostro meglio per risolverlo.<\/p><\/div><div class=\"faq\" data-component=\"FAQ\"><div class=\"faq-item\">\r\n\t\t\t\t\t<div class=\"faq-item-question\">\r\n\t\t\t\t\t\t<h3 class=\"faq-item-question-text\">Come posso aggiungere una galleria YouTube al mio sito web BigCommerce? <\/h3>\r\n\r\n\t\t\t\t\t\t<div class=\"faq-item-question-icon\"><\/div>\r\n\t\t\t\t\t<\/div>\r\n\r\n\t\t\t\t\t<div class=\"faq-item-answer\">\r\n\t\t\t\t\t\t<div class=\"faq-item-answer-text\"><p>La costruzione dello strumento avviene all&#8217;interno del servizio Elfsight e non \u00e8 necessario imparare a programmare. Vai alla nostra demo live per personalizzare la tua app, ottenere il codice e implementarlo sul tuo sito. <\/p><\/div>\r\n\t\t\t\t\t<\/div>\r\n\t\t\t\t<\/div><div class=\"faq-item\">\r\n\t\t\t\t\t<div class=\"faq-item-question\">\r\n\t\t\t\t\t\t<h3 class=\"faq-item-question-text\">I migliori esempi di utilizzo dell'integrazione della Galleria video di YouTube<\/h3>\r\n\r\n\t\t\t\t\t\t<div class=\"faq-item-question-icon\"><\/div>\r\n\t\t\t\t\t<\/div>\r\n\r\n\t\t\t\t\t<div class=\"faq-item-answer\">\r\n\t\t\t\t\t\t<div class=\"faq-item-answer-text\"><p>Ti garantiamo tantissime possibilit\u00e0 di regolazione: widget a grandezza naturale da incorporare nella zona dei contenuti , plugin mobili per opportunit\u00e0 di scorrimento, miniature per il pi\u00e8 di pagina del tuo sito web, sezione principale e tutti i tipi di opzioni verticali per le barre laterali e i menu del sito web. <\/p><\/div>\r\n\t\t\t\t\t<\/div>\r\n\t\t\t\t<\/div><div class=\"faq-item\">\r\n\t\t\t\t\t<div class=\"faq-item-question\">\r\n\t\t\t\t\t\t<h3 class=\"faq-item-question-text\">Esiste un'opzione per creare una griglia o una galleria di video singoli di YouTube tramite l'editor? <\/h3>\r\n\r\n\t\t\t\t\t\t<div class=\"faq-item-question-icon\"><\/div>\r\n\t\t\t\t\t<\/div>\r\n\r\n\t\t\t\t\t<div class=\"faq-item-answer\">\r\n\t\t\t\t\t\t<div class=\"faq-item-answer-text\"><p>Sei libero di creare qualsiasi variante del widget . Nell&#8217;editor sono disponibili numerosi layout e tutti possono essere rapidamente personalizzati in base alle proprie esigenze. <\/p><\/div>\r\n\t\t\t\t\t<\/div>\r\n\t\t\t\t<\/div><\/div>\n","protected":false},"excerpt":{"rendered":"","protected":false},"author":9,"featured_media":0,"parent":905,"menu_order":0,"comment_status":"closed","ping_status":"closed","template":"templates\/template-application-platform.php","meta":{"publish_to_discourse":"","publish_post_category":"","wpdc_auto_publish_overridden":"","wpdc_topic_tags":"","wpdc_pin_topic":"","wpdc_pin_until":"","discourse_post_id":"","discourse_permalink":"","wpdc_publishing_response":"","wpdc_publishing_error":"","footnotes":""},"class_list":["post-6788","page","type-page","status-publish","hentry"],"yoast_head":"<!-- This site is optimized with the Yoast SEO plugin v25.3.1 - https:\/\/yoast.com\/wordpress\/plugins\/seo\/ -->\n<title>Aggiungi la Galleria video YouTube di BigCommerce al tuo sito web<\/title>\n<meta name=\"description\" content=\"Crea una galleria video YouTube personalizzata per il tuo sito web BigCommerce in solo 1 minuto! Prova il pannello gratuito di Elfsight per creare il tuo widget YouTube.\" \/>\n<meta name=\"robots\" content=\"index, follow, max-snippet:-1, max-image-preview:large, max-video-preview:-1\" \/>\n<link rel=\"canonical\" href=\"https:\/\/elfsight.com\/it\/youtube-channel-plugin-yottie\/bigcommerce\/\" \/>\n<meta property=\"og:locale\" content=\"it_IT\" \/>\n<meta property=\"og:type\" content=\"article\" \/>\n<meta property=\"og:title\" content=\"Aggiungi la Galleria video YouTube di BigCommerce al tuo sito web\" \/>\n<meta property=\"og:description\" content=\"Crea una galleria video YouTube personalizzata per il tuo sito web BigCommerce in solo 1 minuto! Prova il pannello gratuito di Elfsight per creare il tuo widget YouTube.\" \/>\n<meta property=\"og:url\" content=\"https:\/\/elfsight.com\/it\/youtube-channel-plugin-yottie\/bigcommerce\/\" \/>\n<meta property=\"og:site_name\" content=\"Elfsight IT\" \/>\n<meta property=\"article:modified_time\" content=\"2025-03-14T10:18:06+00:00\" \/>\n<meta name=\"twitter:card\" content=\"summary_large_image\" \/>\n<meta name=\"twitter:label1\" content=\"Tempo di lettura stimato\" \/>\n\t<meta name=\"twitter:data1\" content=\"4 minuti\" \/>\n<!-- \/ Yoast SEO plugin. -->","yoast_head_json":{"title":"Aggiungi la Galleria video YouTube di BigCommerce al tuo sito web","description":"Crea una galleria video YouTube personalizzata per il tuo sito web BigCommerce in solo 1 minuto! Prova il pannello gratuito di Elfsight per creare il tuo widget YouTube.","robots":{"index":"index","follow":"follow","max-snippet":"max-snippet:-1","max-image-preview":"max-image-preview:large","max-video-preview":"max-video-preview:-1"},"canonical":"https:\/\/elfsight.com\/it\/youtube-channel-plugin-yottie\/bigcommerce\/","og_locale":"it_IT","og_type":"article","og_title":"Aggiungi la Galleria video YouTube di BigCommerce al tuo sito web","og_description":"Crea una galleria video YouTube personalizzata per il tuo sito web BigCommerce in solo 1 minuto! Prova il pannello gratuito di Elfsight per creare il tuo widget YouTube.","og_url":"https:\/\/elfsight.com\/it\/youtube-channel-plugin-yottie\/bigcommerce\/","og_site_name":"Elfsight IT","article_modified_time":"2025-03-14T10:18:06+00:00","twitter_card":"summary_large_image","twitter_misc":{"Tempo di lettura stimato":"4 minuti"},"schema":{"@context":"https:\/\/schema.org","@graph":[{"@type":"WebPage","@id":"https:\/\/elfsight.com\/it\/youtube-channel-plugin-yottie\/bigcommerce\/","url":"https:\/\/elfsight.com\/it\/youtube-channel-plugin-yottie\/bigcommerce\/","name":"Aggiungi la Galleria video YouTube di BigCommerce al tuo sito web","isPartOf":{"@id":"https:\/\/elfsight.com\/it\/#website"},"datePublished":"1970-01-01T00:00:00+00:00","dateModified":"2025-03-14T10:18:06+00:00","description":"Crea una galleria video YouTube personalizzata per il tuo sito web BigCommerce in solo 1 minuto! Prova il pannello gratuito di Elfsight per creare il tuo widget YouTube.","breadcrumb":{"@id":"https:\/\/elfsight.com\/it\/youtube-channel-plugin-yottie\/bigcommerce\/#breadcrumb"},"inLanguage":"it-IT","potentialAction":[{"@type":"ReadAction","target":["https:\/\/elfsight.com\/it\/youtube-channel-plugin-yottie\/bigcommerce\/"]}]},{"@type":"BreadcrumbList","@id":"https:\/\/elfsight.com\/it\/youtube-channel-plugin-yottie\/bigcommerce\/#breadcrumb","itemListElement":[{"@type":"ListItem","position":1,"name":"Home","item":"https:\/\/elfsight.com\/it\/"},{"@type":"ListItem","position":2,"name":"YouTube Gallery","item":"https:\/\/elfsight.com\/it\/youtube-channel-plugin-yottie\/"},{"@type":"ListItem","position":3,"name":"YouTube Gallery &#8211; BigCommerce"}]},{"@type":"WebSite","@id":"https:\/\/elfsight.com\/it\/#website","url":"https:\/\/elfsight.com\/it\/","name":"Elfsight IT","description":"Just another Elfsight Sites site","potentialAction":[{"@type":"SearchAction","target":{"@type":"EntryPoint","urlTemplate":"https:\/\/elfsight.com\/it\/?s={search_term_string}"},"query-input":{"@type":"PropertyValueSpecification","valueRequired":true,"valueName":"search_term_string"}}],"inLanguage":"it-IT"}]}},"meta_box":{"industry":"","seo_heading":"","heading":"","description":"","cta_heading":"","cta_description":"","application":"898","h1":"Galleria video di YouTube per BigCommerce","h1_caption":"Incorpora una galleria di video di YouTube per includere contenuti come tutorial, testimonianze o vetrine di prodotti sul tuo sito web nel tuo sito web BigCommerce.","application_category":[],"applications_title":"","applications_request_title":"","applications_request_button_text":"","hero_text":"","hero_video":"","hero_video_schema_markup":"","selling_points_title":"","selling_points_caption":"","selling_points":[],"selling_points_cta_text":"","features_title":"","features":"","ed_cta_examples_text":"","ed_cta_examples_hidden":"","ed_cta_demo_text":"","ed_cta_demo_hidden":"","why_caption":"","why_editor_title":"","why_editor_text":"","why_team_title":"","why_team_text":"","why_service_title":"","why_service_text":"","template_catalog_visible":"0","template_catalog_title":"","template_catalog_text":"","template_catalog_categories_visible":"","demo_title":"Crea la tua app Galleria YouTube","demo_caption":"Configura la tua Galleria YouTube e aggiungila gratuitamente al tuo sito BigCommerce!","default_faq_hidden":"","app_template_category":[],"platform":"32","template_public_id":"","codecanyon_url":"","codecanyon_item_id":"","codecanyon_price":"","pricing_caption":"","pricing_elfsight_apps_hide_column":"","pricing_elfsight_apps_url":"","pricing_codecanyon_price_caption":"","integration_category":[],"integration_request_title":"","integration_request_cta":"","integration_platform":"","integrations":[],"platform_category":[],"video_schema_markup":"","price":"da $ 0 al mese","trial":"","benefits":[{"text":"Assistenza per l'installazione gratuita"},{"text":"Servizio clienti professionale"},{"text":"Garanzia di rimborso di 14 giorni"},{"text":"Miglioramenti a vita"}],"button_url":"#demo","button_target_blank":"0","button_nofollow":"0","attributes":[{"name":"Installazioni"},{"name":"Reattivo"},{"name":"Browser compatibili"}],"tags":[],"tags_disable_links":"0","hide_more_platforms":"0","video_object":"","demo_hide_cta":"0","demo_hide_cloud_options":"0","pricing_title":"","pricing":[{"pricing_icon":"cloud","pricing_title":"Elfsight Apps","pricing_title_caption":"Soluzione digitale indipendente dalla piattaforma adatta a qualsiasi sito web","pricing_price":"da $ 0 \/ mese","pricing_price_caption":"inizia con un piano gratuito","pricing_benefits":[{"text":"Siti web illimitati"},{"text":"Assistenza clienti professionale e ben documentata"},{"text":"Aiuto per l'installazione gratuito"},{"text":"Completamente personalizzabile"}],"pricing_button_text":"Aggiungi al sito web","pricing_button_url":"#demo"}],"related_apps_title":"","related_apps_hidden":"0","author":"","image":[],"title":"","job":"","social_networks":[]},"_links":{"self":[{"href":"https:\/\/elfsight.com\/it\/wp-json\/wp\/v2\/pages\/6788","targetHints":{"allow":["GET"]}}],"collection":[{"href":"https:\/\/elfsight.com\/it\/wp-json\/wp\/v2\/pages"}],"about":[{"href":"https:\/\/elfsight.com\/it\/wp-json\/wp\/v2\/types\/page"}],"author":[{"embeddable":true,"href":"https:\/\/elfsight.com\/it\/wp-json\/wp\/v2\/users\/9"}],"replies":[{"embeddable":true,"href":"https:\/\/elfsight.com\/it\/wp-json\/wp\/v2\/comments?post=6788"}],"version-history":[{"count":3,"href":"https:\/\/elfsight.com\/it\/wp-json\/wp\/v2\/pages\/6788\/revisions"}],"predecessor-version":[{"id":8728,"href":"https:\/\/elfsight.com\/it\/wp-json\/wp\/v2\/pages\/6788\/revisions\/8728"}],"up":[{"embeddable":true,"href":"https:\/\/elfsight.com\/it\/wp-json\/wp\/v2\/pages\/905"}],"wp:attachment":[{"href":"https:\/\/elfsight.com\/it\/wp-json\/wp\/v2\/media?parent=6788"}],"curies":[{"name":"wp","href":"https:\/\/api.w.org\/{rel}","templated":true}]}}