{"id":6781,"date":"1970-01-01T00:00:00","date_gmt":"1970-01-01T00:00:00","guid":{"rendered":"https:\/\/elfsight.com\/it\/?page_id=6781"},"modified":"2025-03-14T10:34:05","modified_gmt":"2025-03-14T10:34:05","slug":"html","status":"publish","type":"page","link":"https:\/\/elfsight.com\/it\/youtube-channel-plugin-yottie\/html\/","title":{"rendered":"YouTube Gallery &#8211; HTML"},"content":{"rendered":"\n<div class=\"application-platform-content-item-description application-platform-content-item\" id=\"description\" data-nav-section=\"description\"><h2>Descrizione<\/h2><p>Un widget multiuso per YouTube, che ti consente di aggiungere tutti i tipi di video sul tuo sito web. Trova canali e video legati al business per creare la tua playlist individuale e dimostrarla direttamente sulla pagina web, scegliendo le migliori opzioni di interfaccia (galleria video, portfolio, canale, video singolo). Il widget Elfsight risponde perfettamente a tutti i formati e piattaforme, presenta circa 100 parametri, modello adattivo e altri vantaggi, che ti danno la possibilit\u00e0 di incorporarlo su tutti i siti web.<\/p><p><b>Imposta un video interattivo individuale gallery per un maggiore coinvolgimento dei tuoi clienti.<\/b><\/p><ul><li><b>Aumenta la collaborazione con i clienti del tuo sito con l&#8217;aiuto dei video di YouTube<\/b>.<br> Stupisci il tuo sito web clienti con video affascinanti da YouTube e coinvolgili pi\u00f9 a lungo di prima.<\/li><li><b>Ottieni il massimo degli ordini con contenuti video<\/b>.<br> Utilizza annunci, reazioni, video analitici, istruzioni e altro ancora per fornire al pubblico informazioni dettagliate sui tuoi prodotti e indirizzarli a creare una transazione.<\/li><li><b>I migliori lettori per il tuo account YouTube<\/b>.<br> Converti gli utenti del sito in tuoi follower su YouTube. Integra un modo semplice e veloce per consentire agli utenti di vedere i video e iscriversi al tuo canale direttamente dal sito.<\/li><\/ul><\/div><div class=\"faq\" data-component=\"FAQ\"><div class=\"faq-item\">\r\n\t\t\t\t\t<div class=\"faq-item-question\">\r\n\t\t\t\t\t\t<h3 class=\"faq-item-question-text\"> In che modo posso aggiungere una galleria YouTube al sito HTML? <\/h3>\r\n\r\n\t\t\t\t\t\t<div class=\"faq-item-question-icon\"><\/div>\r\n\t\t\t\t\t<\/div>\r\n\r\n\t\t\t\t\t<div class=\"faq-item-answer\">\r\n\t\t\t\t\t\t<div class=\"faq-item-answer-text\"><p>La creazione dello strumento avviene all&#8217;interno del sito Web Elfsight e non \u00e8 necessaria la codifica. Apri la demo live per personalizzare la tua app, ottieni il codice e implementalo sul tuo sito. <\/p><\/div>\r\n\t\t\t\t\t<\/div>\r\n\t\t\t\t<\/div><div class=\"faq-item\">\r\n\t\t\t\t\t<div class=\"faq-item-question\">\r\n\t\t\t\t\t\t<h3 class=\"faq-item-question-text\">I modi migliori per utilizzare l'integrazione della Galleria video di YouTube<\/h3>\r\n\r\n\t\t\t\t\t\t<div class=\"faq-item-question-icon\"><\/div>\r\n\t\t\t\t\t<\/div>\r\n\r\n\t\t\t\t\t<div class=\"faq-item-answer\">\r\n\t\t\t\t\t\t<div class=\"faq-item-answer-text\"><p>Ti forniremo un&#8217;ampia gamma di possibilit\u00e0 di personalizzazione: widget a lunghezza intera per l&#8217;inserimento nella zona dei contenuti, widget mobili con opportunit\u00e0 di scorrimento, miniature per il pi\u00e8 di pagina del tuo sito web, intestazione e tutti i tipi di possibilit\u00e0 verticali per le barre laterali e i menu del sito web. <\/p><\/div>\r\n\t\t\t\t\t<\/div>\r\n\t\t\t\t<\/div><div class=\"faq-item\">\r\n\t\t\t\t\t<div class=\"faq-item-question\">\r\n\t\t\t\t\t\t<h3 class=\"faq-item-question-text\">Esiste un'opzione per creare un widget Galleria o Griglia YouTube tramite l'agenzia del tuo editore? <\/h3>\r\n\r\n\t\t\t\t\t\t<div class=\"faq-item-question-icon\"><\/div>\r\n\t\t\t\t\t<\/div>\r\n\r\n\t\t\t\t\t<div class=\"faq-item-answer\">\r\n\t\t\t\t\t\t<div class=\"faq-item-answer-text\"><p>Sei libero di creare eventuali varianti del widget. Ci sono molti layout a tua disposizione nell&#8217;editor e tutti possono essere facilmente personalizzati nel modo desiderato. <\/p><\/div>\r\n\t\t\t\t\t<\/div>\r\n\t\t\t\t<\/div><\/div><div class=\"application-platform-content-item-features application-platform-content-item\" id=\"features\" data-nav-section=\"features\"><h2>Caratteristiche<\/h2><p>Le caratteristiche di questo widget, che lo rendono lo strumento migliore per integrare i video di YouTube su Sito web HTML.<\/p><ul><li>Aggiungi fonti tramite URL;<\/li><li>Scegli il layout dell&#8217;intestazione: Classico, Accento, Minimale;<\/li><li>3 layout per i video: Classico, Orizzontale , Cinema;<\/li><li>3 modalit\u00e0 di riproduzione: in linea, in popup e reindirizzamento a YouTube;<\/li><li>Opzione di riproduzione automatica con velocit\u00e0 regolabile;<\/li><li>5 combinazioni di colori pronte;<\/li><li>AdSense supportato per la monetizzazione dei contenuti.<\/li><\/ul><p><a href=\"#demo\">Scopri tutti i vantaggi nel pannello<\/a><\/p><\/div><div class=\"application-platform-content-item-installation application-platform-content-item\" id=\"installation\" data-nav-section=\"installation\"><h2>Come incorporare la Galleria video di YouTube nel sito Web HTML<\/h2><div class=\"video-container\"><iframe width=\"720\" Height=\"405\" src=\"https:\/\/www.youtube.com\/embed\/YUE_cbHLMIg\"><\/iframe><\/div><p>Un breve piano di Elfsight sull&#8217;integrazione e lo shaping senza competenze nello sviluppo web. La durata completa dell&#8217;installazione \u00e8 di circa 2 minuti.<\/p><ol><li><b>Costruisci la tua galleria YouTube personalizzata<\/b>.<br>Tramite il nostro configuratore gratuito, crea un plug-in con il design e le impostazioni necessarie. <\/li><li><b>Acquisisci un codice per mostrare il plugin<\/b>.<br>Dopo la personalizzazione del widget, ottieni un codice per il plugin YouTube dalla notifica apparsa su Elfsight Apps.<\/li><li> <b>Incorpora il widget nel sito Web HTML<\/b>.<br>Avvia il codice della pagina nell&#8217;editor HTML, imposta il widget nella posizione necessaria (contenuto, pi\u00e8 di pagina, barra laterale, ecc.) e pubblica le modifiche.<\/li> <li><b>La configurazione \u00e8 completata!<\/b><br>Accedi al sito HTML per vedere il tuo plug-in.<\/li><\/ol><p>C&#8217;\u00e8 qualcosa in cui ti sei imbattuto durante l&#8217;installazione o l&#8217;impostazione di YouTube Galleria video? Consulta le <a href=\"https:\/\/elfsight.com\/tutorials\/how-to-embed-youtube-video-widget-html-websites\/\" target=\"_blank\" rel=\"noopener noreferrer\">istruzioni estese<\/a> o inviare una richiesta al team di supporto con una spiegazione esaustiva del problema. Siamo qui per rispondere alle tue domande.<\/p><\/div>\n","protected":false},"excerpt":{"rendered":"","protected":false},"author":9,"featured_media":0,"parent":905,"menu_order":0,"comment_status":"closed","ping_status":"closed","template":"templates\/template-application-platform.php","meta":{"publish_to_discourse":"","publish_post_category":"","wpdc_auto_publish_overridden":"","wpdc_topic_tags":"","wpdc_pin_topic":"","wpdc_pin_until":"","discourse_post_id":"","discourse_permalink":"","wpdc_publishing_response":"","wpdc_publishing_error":"","footnotes":""},"class_list":["post-6781","page","type-page","status-publish","hentry"],"yoast_head":"<!-- This site is optimized with the Yoast SEO plugin v25.3.1 - https:\/\/yoast.com\/wordpress\/plugins\/seo\/ -->\n<title>Galleria video di YouTube: incorpora il codice video di YouTube nel sito Web HTML<\/title>\n<meta name=\"description\" content=\"Progetta una Galleria video YouTube personalizzata per il tuo sito web HTML in soli 3 minuti! Inserisci un pannello gratuito di Elfsight per modellare il codice della tua Galleria YouTube.\" \/>\n<meta name=\"robots\" content=\"index, follow, max-snippet:-1, max-image-preview:large, max-video-preview:-1\" \/>\n<link rel=\"canonical\" href=\"https:\/\/elfsight.com\/it\/youtube-channel-plugin-yottie\/html\/\" \/>\n<meta property=\"og:locale\" content=\"it_IT\" \/>\n<meta property=\"og:type\" content=\"article\" \/>\n<meta property=\"og:title\" content=\"Galleria video di YouTube: incorpora il codice video di YouTube nel sito Web HTML\" \/>\n<meta property=\"og:description\" content=\"Progetta una Galleria video YouTube personalizzata per il tuo sito web HTML in soli 3 minuti! Inserisci un pannello gratuito di Elfsight per modellare il codice della tua Galleria YouTube.\" \/>\n<meta property=\"og:url\" content=\"https:\/\/elfsight.com\/it\/youtube-channel-plugin-yottie\/html\/\" \/>\n<meta property=\"og:site_name\" content=\"Elfsight IT\" \/>\n<meta property=\"article:modified_time\" content=\"2025-03-14T10:34:05+00:00\" \/>\n<meta name=\"twitter:card\" content=\"summary_large_image\" \/>\n<meta name=\"twitter:label1\" content=\"Tempo di lettura stimato\" \/>\n\t<meta name=\"twitter:data1\" content=\"4 minuti\" \/>\n<!-- \/ Yoast SEO plugin. -->","yoast_head_json":{"title":"Galleria video di YouTube: incorpora il codice video di YouTube nel sito Web HTML","description":"Progetta una Galleria video YouTube personalizzata per il tuo sito web HTML in soli 3 minuti! Inserisci un pannello gratuito di Elfsight per modellare il codice della tua Galleria YouTube.","robots":{"index":"index","follow":"follow","max-snippet":"max-snippet:-1","max-image-preview":"max-image-preview:large","max-video-preview":"max-video-preview:-1"},"canonical":"https:\/\/elfsight.com\/it\/youtube-channel-plugin-yottie\/html\/","og_locale":"it_IT","og_type":"article","og_title":"Galleria video di YouTube: incorpora il codice video di YouTube nel sito Web HTML","og_description":"Progetta una Galleria video YouTube personalizzata per il tuo sito web HTML in soli 3 minuti! Inserisci un pannello gratuito di Elfsight per modellare il codice della tua Galleria YouTube.","og_url":"https:\/\/elfsight.com\/it\/youtube-channel-plugin-yottie\/html\/","og_site_name":"Elfsight IT","article_modified_time":"2025-03-14T10:34:05+00:00","twitter_card":"summary_large_image","twitter_misc":{"Tempo di lettura stimato":"4 minuti"},"schema":{"@context":"https:\/\/schema.org","@graph":[{"@type":"WebPage","@id":"https:\/\/elfsight.com\/it\/youtube-channel-plugin-yottie\/html\/","url":"https:\/\/elfsight.com\/it\/youtube-channel-plugin-yottie\/html\/","name":"Galleria video di YouTube: incorpora il codice video di YouTube nel sito Web HTML","isPartOf":{"@id":"https:\/\/elfsight.com\/it\/#website"},"datePublished":"1970-01-01T00:00:00+00:00","dateModified":"2025-03-14T10:34:05+00:00","description":"Progetta una Galleria video YouTube personalizzata per il tuo sito web HTML in soli 3 minuti! Inserisci un pannello gratuito di Elfsight per modellare il codice della tua Galleria YouTube.","breadcrumb":{"@id":"https:\/\/elfsight.com\/it\/youtube-channel-plugin-yottie\/html\/#breadcrumb"},"inLanguage":"it-IT","potentialAction":[{"@type":"ReadAction","target":["https:\/\/elfsight.com\/it\/youtube-channel-plugin-yottie\/html\/"]}]},{"@type":"BreadcrumbList","@id":"https:\/\/elfsight.com\/it\/youtube-channel-plugin-yottie\/html\/#breadcrumb","itemListElement":[{"@type":"ListItem","position":1,"name":"Home","item":"https:\/\/elfsight.com\/it\/"},{"@type":"ListItem","position":2,"name":"YouTube Gallery","item":"https:\/\/elfsight.com\/it\/youtube-channel-plugin-yottie\/"},{"@type":"ListItem","position":3,"name":"YouTube Gallery &#8211; HTML"}]},{"@type":"WebSite","@id":"https:\/\/elfsight.com\/it\/#website","url":"https:\/\/elfsight.com\/it\/","name":"Elfsight IT","description":"Just another Elfsight Sites site","potentialAction":[{"@type":"SearchAction","target":{"@type":"EntryPoint","urlTemplate":"https:\/\/elfsight.com\/it\/?s={search_term_string}"},"query-input":{"@type":"PropertyValueSpecification","valueRequired":true,"valueName":"search_term_string"}}],"inLanguage":"it-IT"}]}},"meta_box":{"industry":"","seo_heading":"","heading":"","description":"","cta_heading":"","cta_description":"","application":"898","h1":"Galleria video di YouTube per HTML","h1_caption":"Incorpora una galleria di video di YouTube per presentare contenuti come tutorial, testimonianze o vetrine di prodotti sul tuo sito Web nel tuo sito Web HTML senza sforzo.","application_category":[],"applications_title":"","applications_request_title":"","applications_request_button_text":"","hero_text":"","hero_video":"","hero_video_schema_markup":"","selling_points_title":"","selling_points_caption":"","selling_points":[],"selling_points_cta_text":"","features_title":"","features":"","ed_cta_examples_text":"","ed_cta_examples_hidden":"","ed_cta_demo_text":"","ed_cta_demo_hidden":"","why_caption":"","why_editor_title":"","why_editor_text":"","why_team_title":"","why_team_text":"","why_service_title":"","why_service_text":"","template_catalog_visible":"0","template_catalog_title":"","template_catalog_text":"","template_catalog_categories_visible":"","demo_title":"Crea il tuo widget Galleria YouTube","demo_caption":"Configura la tua Galleria YouTube e aggiungila gratuitamente al tuo sito web HTML!","default_faq_hidden":"","app_template_category":[],"platform":"35","template_public_id":"","codecanyon_url":"","codecanyon_item_id":"","codecanyon_price":"","pricing_caption":"","pricing_elfsight_apps_hide_column":"","pricing_elfsight_apps_url":"","pricing_codecanyon_price_caption":"","integration_category":[],"integration_request_title":"","integration_request_cta":"","integration_platform":"","integrations":[],"platform_category":[],"video_schema_markup":"","price":"da $ 0 al mese","trial":"","benefits":[{"text":"Assistenza gratuita per l'installazione"},{"text":"Servizio clienti efficace"},{"text":"Garanzia di rimborso di 14 giorni"},{"text":"Futuri miglioramenti gratuiti"}],"button_url":"#demo","button_target_blank":"0","button_nofollow":"0","attributes":[{"name":"Installazioni"},{"name":"Reattivo"},{"name":"Browser compatibili"}],"tags":[],"tags_disable_links":"0","hide_more_platforms":"0","video_object":"","demo_hide_cta":"0","demo_hide_cloud_options":"0","pricing_title":"","pricing":[{"pricing_icon":"platform","pricing_title":"Elfsight Apps","pricing_title_caption":"Software multipiattaforma","pricing_price":"da $ 0 \/ mese","pricing_price_caption":"inizia con il piano gratuito","pricing_benefits":[{"text":"Siti web illimitati"},{"text":"Supporto 24 ore su 24, 7 giorni su 7 e ben documentato"},{"text":"Supporto per l'installazione senza costi"},{"text":"Prezzo speciale per pi\u00f9 app"}],"pricing_button_text":"Aggiungi al sito web","pricing_button_url":"#demo"}],"related_apps_title":"","related_apps_hidden":"0","author":"","image":[],"title":"","job":"","social_networks":[]},"_links":{"self":[{"href":"https:\/\/elfsight.com\/it\/wp-json\/wp\/v2\/pages\/6781","targetHints":{"allow":["GET"]}}],"collection":[{"href":"https:\/\/elfsight.com\/it\/wp-json\/wp\/v2\/pages"}],"about":[{"href":"https:\/\/elfsight.com\/it\/wp-json\/wp\/v2\/types\/page"}],"author":[{"embeddable":true,"href":"https:\/\/elfsight.com\/it\/wp-json\/wp\/v2\/users\/9"}],"replies":[{"embeddable":true,"href":"https:\/\/elfsight.com\/it\/wp-json\/wp\/v2\/comments?post=6781"}],"version-history":[{"count":6,"href":"https:\/\/elfsight.com\/it\/wp-json\/wp\/v2\/pages\/6781\/revisions"}],"predecessor-version":[{"id":8738,"href":"https:\/\/elfsight.com\/it\/wp-json\/wp\/v2\/pages\/6781\/revisions\/8738"}],"up":[{"embeddable":true,"href":"https:\/\/elfsight.com\/it\/wp-json\/wp\/v2\/pages\/905"}],"wp:attachment":[{"href":"https:\/\/elfsight.com\/it\/wp-json\/wp\/v2\/media?parent=6781"}],"curies":[{"name":"wp","href":"https:\/\/api.w.org\/{rel}","templated":true}]}}