{"id":678,"date":"2020-11-06T13:33:21","date_gmt":"2020-11-06T13:33:21","guid":{"rendered":"https:\/\/elfsight.com\/it\/?page_id=678"},"modified":"2020-11-13T10:06:41","modified_gmt":"2020-11-13T10:06:41","slug":"carrd-integrations","status":"publish","type":"page","link":"https:\/\/elfsight.com\/it\/carrd-integrations\/","title":{"rendered":"Carrd integrations"},"content":{"rendered":"\n<h2>La soluzione giusta per il tuo sito web Carrd<\/h2>\n<figure class=\"browser-frame\"><img decoding=\"async\" alt=\"le migliori integrazioni gratuite per il tuo sito web carrd\" src=\"https:\/\/elfsight.com\/wp-content\/uploads\/2020\/08\/platform-image-carrd.jpg\"><\/figure>\n<p>Il team di sviluppatori di Elfsight crea integrazioni efficaci e flessibili da quasi dieci anni. I nostri widget assistono i siti web aziendali in diverse parti del mondo e risolvono i problemi in modo pi\u00f9 efficiente: livello di vendita superiore, visibilit\u00e0 sui tuoi servizi, miglioramento di un buon atteggiamento nei confronti della tua attivit\u00e0. I nostri widget sono molto facili da aggiungere al tuo sito e anche alla pagina Facebook. Le tariffe variano da gratuito a premium. Installa subito qualsiasi widget desiderato: determina quanto sar\u00e0 importante in termini di crescita della tua azienda.<\/p>\n<h2>Cosa rende speciali gli strumenti di Elfsight?<\/h2>\n<p>Ecco un elenco dei principali vantaggi dei nostri widget, che ci consentono di essere un passo avanti rispetto ai nostri concorrenti:<\/p>\n<ul>\n<li>Supporto gratuito per l&#8217;aggiunta di qualsiasi widget;<\/li>\n<li>Adattabilit\u00e0 a qualsiasi parametro dello schermo;<\/li>\n<li>Nessuna abilit\u00e0 di programmazione richiesta;<\/li>\n<li>Ampie opzioni di personalizzazione;<\/li>\n<li>L&#8217;archiviazione dei dati su cloud consente di aumentare la velocit\u00e0;<\/li>\n<li>Tutti gli aggiornamenti sono gratuiti e vengono rilasciati regolarmente;<\/li>\n<li>Supporto competente dei problemi;<\/li>\n<\/ul>\n<p>Prova l&#8217;opzione gratuita dei nostri strumenti e verifica le sue funzionalit\u00e0 o acquista qualsiasi widget con uno sconto del 20%.<\/p>\n<div class=\"faq\" data-component=\"FAQ\">\n<div class=\"faq-item\">\r\n\t\t\t\t\t<div class=\"faq-item-question\">\r\n\t\t\t\t\t\t<h3 class=\"faq-item-question-text\">Come incorporo l'integrazione nel mio tema Carrd?<\/h3>\r\n\r\n\t\t\t\t\t\t<div class=\"faq-item-question-icon\"><\/div>\r\n\t\t\t\t\t<\/div>\r\n\r\n\t\t\t\t\t<div class=\"faq-item-answer\">\r\n\t\t\t\t\t\t<div class=\"faq-item-answer-text\">\n<p>Puoi implementare l&#8217;integrazione sul tuo sito. Basta aprire il pannello di amministrazione ed eseguire le seguenti azioni:<\/p>\n<ol>\n<li>Seleziona le impostazioni del tema;<\/li>\n<li>Seleziona la parte in cui devi aggiungere l&#8217;integrazione;<\/li>\n<li>Incolla il codice dell&#8217;app di Elfsight e utilizza le modifiche.<\/li>\n<p>Fatto.<\/p>\n<\/ol>\n<\/div>\r\n\t\t\t\t\t<\/div>\r\n\t\t\t\t<\/div>\n<div class=\"faq-item\">\r\n\t\t\t\t\t<div class=\"faq-item-question\">\r\n\t\t\t\t\t\t<h3 class=\"faq-item-question-text\">Quali versioni e template di Carrd possono essere compatibili con l'integrazione?<\/h3>\r\n\r\n\t\t\t\t\t\t<div class=\"faq-item-question-icon\"><\/div>\r\n\t\t\t\t\t<\/div>\r\n\r\n\t\t\t\t\t<div class=\"faq-item-answer\">\r\n\t\t\t\t\t\t<div class=\"faq-item-answer-text\">\nLe nostre integrazioni sono compatibili con i temi di qualsiasi versione di Carrd. Ti assicuriamo un&#8217;integrazione corretta di tutti gli strumenti.\n<\/div>\r\n\t\t\t\t\t<\/div>\r\n\t\t\t\t<\/div>\n<div class=\"faq-item\">\r\n\t\t\t\t\t<div class=\"faq-item-question\">\r\n\t\t\t\t\t\t<h3 class=\"faq-item-question-text\">Dove posso gestire l'integrazione?<\/h3>\r\n\r\n\t\t\t\t\t\t<div class=\"faq-item-question-icon\"><\/div>\r\n\t\t\t\t\t<\/div>\r\n\r\n\t\t\t\t\t<div class=\"faq-item-answer\">\r\n\t\t\t\t\t\t<div class=\"faq-item-answer-text\">\n\u00c8 possibile fare le modifiche necessarie nelle impostazioni nel nostro pannello di amministrazione.<\/div>\r\n\t\t\t\t\t<\/div>\r\n\t\t\t\t<\/div>\n<div class=\"faq-item\">\r\n\t\t\t\t\t<div class=\"faq-item-question\">\r\n\t\t\t\t\t\t<h3 class=\"faq-item-question-text\">Posso contattare il team di assistenza nel caso avessi bisogno di aiuto alla personalizzazione dell'integrazione in Carrd?<\/h3>\r\n\r\n\t\t\t\t\t\t<div class=\"faq-item-question-icon\"><\/div>\r\n\t\t\t\t\t<\/div>\r\n\r\n\t\t\t\t\t<div class=\"faq-item-answer\">\r\n\t\t\t\t\t\t<div class=\"faq-item-answer-text\"><p>\nTutti gli utenti possono scrivere ai nostri esperti Elfsight per chiedere indicazioni sulle prestazioni delle soluzioni Elfsight.<\/p>\n<\/div>\r\n\t\t\t\t\t<\/div>\r\n\t\t\t\t<\/div>\n<\/div>\n<h2>Come posso integrare i tuoi widget sul sito Carrd?<\/h2>\n<p>Per aggiungere il nostro widget, guarda le istruzioni.<\/p>\n<ol>\n<li>Scegli il plugin necessario e configuralo secondo le tue esigenze. Salva.<\/li>\n<li>Aggiungi il codice di alla tua pagina web.<\/li>\n<li>Fatto! Hai aggiunto correttamente l&#8217;integrazione.<\/li>\n<\/ol>\n<p>Se hai bisogno di consigli sull&#8217;integrazione del widget, puoi contattare il nostro team di supporto.<\/p>\n","protected":false},"excerpt":{"rendered":"La soluzione giusta per il tuo sito web Carrd Il team di sviluppatori di Elfsight crea integrazioni efficaci e flessibili da quasi dieci anni. I nostri widget assistono i siti web aziendali in diverse parti del mondo e risolvono i problemi in modo pi\u00f9 efficiente: livello di vendita superiore, visibilit\u00e0&#8230;","protected":false},"author":11,"featured_media":0,"parent":0,"menu_order":0,"comment_status":"closed","ping_status":"closed","template":"templates\/template-platform.php","meta":{"publish_to_discourse":"","publish_post_category":"","wpdc_auto_publish_overridden":"","wpdc_topic_tags":"","wpdc_pin_topic":"","wpdc_pin_until":"","discourse_post_id":"","discourse_permalink":"","wpdc_publishing_response":"","wpdc_publishing_error":"","footnotes":""},"class_list":["post-678","page","type-page","status-publish","hentry"],"yoast_head":"<!-- This site is optimized with the Yoast SEO plugin v25.3.1 - https:\/\/yoast.com\/wordpress\/plugins\/seo\/ -->\n<title>70+ migliori integrazioni gratuite per il tuo sito web Carrd (nel 2025)<\/title>\n<meta name=\"description\" content=\"Una selezione delle migliori integrazioni e plugin gratuiti per i siti web Carrd. Aiuto con la personalizzazione e un&#039;ampia funzionalit\u00e0.\" \/>\n<meta name=\"robots\" content=\"index, follow, max-snippet:-1, max-image-preview:large, max-video-preview:-1\" \/>\n<link rel=\"canonical\" href=\"https:\/\/elfsight.com\/it\/carrd-integrations\/\" \/>\n<meta property=\"og:locale\" content=\"it_IT\" \/>\n<meta property=\"og:type\" content=\"article\" \/>\n<meta property=\"og:title\" content=\"70+ migliori integrazioni gratuite per il tuo sito web Carrd (nel 2025)\" \/>\n<meta property=\"og:description\" content=\"Una selezione delle migliori integrazioni e plugin gratuiti per i siti web Carrd. Aiuto con la personalizzazione e un&#039;ampia funzionalit\u00e0.\" \/>\n<meta property=\"og:url\" content=\"https:\/\/elfsight.com\/it\/carrd-integrations\/\" \/>\n<meta property=\"og:site_name\" content=\"Elfsight IT\" \/>\n<meta property=\"article:modified_time\" content=\"2020-11-13T10:06:41+00:00\" \/>\n<meta property=\"og:image\" content=\"https:\/\/elfsight.com\/wp-content\/uploads\/2020\/08\/platform-image-carrd.jpg\" \/>\n<meta name=\"twitter:card\" content=\"summary_large_image\" \/>\n<meta name=\"twitter:label1\" content=\"Tempo di lettura stimato\" \/>\n\t<meta name=\"twitter:data1\" content=\"2 minuti\" \/>\n<!-- \/ Yoast SEO plugin. -->","yoast_head_json":{"title":"70+ migliori integrazioni gratuite per il tuo sito web Carrd (nel 2025)","description":"Una selezione delle migliori integrazioni e plugin gratuiti per i siti web Carrd. Aiuto con la personalizzazione e un'ampia funzionalit\u00e0.","robots":{"index":"index","follow":"follow","max-snippet":"max-snippet:-1","max-image-preview":"max-image-preview:large","max-video-preview":"max-video-preview:-1"},"canonical":"https:\/\/elfsight.com\/it\/carrd-integrations\/","og_locale":"it_IT","og_type":"article","og_title":"70+ migliori integrazioni gratuite per il tuo sito web Carrd (nel 2025)","og_description":"Una selezione delle migliori integrazioni e plugin gratuiti per i siti web Carrd. Aiuto con la personalizzazione e un'ampia funzionalit\u00e0.","og_url":"https:\/\/elfsight.com\/it\/carrd-integrations\/","og_site_name":"Elfsight IT","article_modified_time":"2020-11-13T10:06:41+00:00","og_image":[{"url":"https:\/\/elfsight.com\/wp-content\/uploads\/2020\/08\/platform-image-carrd.jpg","type":"","width":"","height":""}],"twitter_card":"summary_large_image","twitter_misc":{"Tempo di lettura stimato":"2 minuti"},"schema":{"@context":"https:\/\/schema.org","@graph":[{"@type":"WebPage","@id":"https:\/\/elfsight.com\/it\/carrd-integrations\/","url":"https:\/\/elfsight.com\/it\/carrd-integrations\/","name":"70+ migliori integrazioni gratuite per il tuo sito web Carrd (nel 2025)","isPartOf":{"@id":"https:\/\/elfsight.com\/it\/#website"},"primaryImageOfPage":{"@id":"https:\/\/elfsight.com\/it\/carrd-integrations\/#primaryimage"},"image":{"@id":"https:\/\/elfsight.com\/it\/carrd-integrations\/#primaryimage"},"thumbnailUrl":"https:\/\/elfsight.com\/wp-content\/uploads\/2020\/08\/platform-image-carrd.jpg","datePublished":"2020-11-06T13:33:21+00:00","dateModified":"2020-11-13T10:06:41+00:00","description":"Una selezione delle migliori integrazioni e plugin gratuiti per i siti web Carrd. Aiuto con la personalizzazione e un'ampia funzionalit\u00e0.","breadcrumb":{"@id":"https:\/\/elfsight.com\/it\/carrd-integrations\/#breadcrumb"},"inLanguage":"it-IT","potentialAction":[{"@type":"ReadAction","target":["https:\/\/elfsight.com\/it\/carrd-integrations\/"]}]},{"@type":"ImageObject","inLanguage":"it-IT","@id":"https:\/\/elfsight.com\/it\/carrd-integrations\/#primaryimage","url":"https:\/\/elfsight.com\/wp-content\/uploads\/2020\/08\/platform-image-carrd.jpg","contentUrl":"https:\/\/elfsight.com\/wp-content\/uploads\/2020\/08\/platform-image-carrd.jpg"},{"@type":"BreadcrumbList","@id":"https:\/\/elfsight.com\/it\/carrd-integrations\/#breadcrumb","itemListElement":[{"@type":"ListItem","position":1,"name":"Home","item":"https:\/\/elfsight.com\/it\/"},{"@type":"ListItem","position":2,"name":"Carrd integrations"}]},{"@type":"WebSite","@id":"https:\/\/elfsight.com\/it\/#website","url":"https:\/\/elfsight.com\/it\/","name":"Elfsight IT","description":"Just another Elfsight Sites site","potentialAction":[{"@type":"SearchAction","target":{"@type":"EntryPoint","urlTemplate":"https:\/\/elfsight.com\/it\/?s={search_term_string}"},"query-input":{"@type":"PropertyValueSpecification","valueRequired":true,"valueName":"search_term_string"}}],"inLanguage":"it-IT"}]}},"meta_box":{"industry":"","seo_heading":"","heading":"","description":"","cta_heading":"","cta_description":"","application":"","h1":"Le migliori integrazioni per Carrd","h1_caption":"Una libreria di widget gratuiti con ampie funzionalit\u00e0 per aumentare le vendite e il coinvolgimento degli utenti. Integrazione rapida, ampia gamma di funzionalit\u00e0, assistenza continua ai clienti.","application_category":[],"applications_title":"Guarda l'intera selezione di integrazioni per Carrd","applications_request_title":"Non riesci a trovare il plugin giusto?","applications_request_button_text":"Richiedi un plugin","hero_text":"","hero_video":"","hero_video_schema_markup":"","selling_points_title":"","selling_points_caption":"","selling_points":[],"selling_points_cta_text":"","features_title":"","features":"","ed_cta_examples_text":"","ed_cta_examples_hidden":"","ed_cta_demo_text":"","ed_cta_demo_hidden":"","why_caption":"","why_editor_title":"","why_editor_text":"","why_team_title":"","why_team_text":"","why_service_title":"","why_service_text":"","template_catalog_visible":"","template_catalog_title":"","template_catalog_text":"","template_catalog_categories_visible":"","demo_title":"","demo_caption":"","default_faq_hidden":"","app_template_category":[],"platform":"116","template_public_id":"","codecanyon_url":"","codecanyon_item_id":"","codecanyon_price":"","pricing_caption":"","pricing_elfsight_apps_hide_column":"","pricing_elfsight_apps_url":"","pricing_codecanyon_price_caption":"","integration_category":[],"integration_request_title":"","integration_request_cta":"","integration_platform":"","integrations":[],"platform_category":[],"video_schema_markup":"","price":"","trial":"","benefits":[],"button_url":"","button_target_blank":"","button_nofollow":"","attributes":[],"tags":[],"tags_disable_links":"","hide_more_platforms":"","video_object":"","demo_hide_cta":"","demo_hide_cloud_options":"","pricing_title":"","pricing":[],"related_apps_title":"","related_apps_hidden":"","author":"","image":[],"title":"","job":"","social_networks":[]},"_links":{"self":[{"href":"https:\/\/elfsight.com\/it\/wp-json\/wp\/v2\/pages\/678","targetHints":{"allow":["GET"]}}],"collection":[{"href":"https:\/\/elfsight.com\/it\/wp-json\/wp\/v2\/pages"}],"about":[{"href":"https:\/\/elfsight.com\/it\/wp-json\/wp\/v2\/types\/page"}],"author":[{"embeddable":true,"href":"https:\/\/elfsight.com\/it\/wp-json\/wp\/v2\/users\/11"}],"replies":[{"embeddable":true,"href":"https:\/\/elfsight.com\/it\/wp-json\/wp\/v2\/comments?post=678"}],"version-history":[{"count":2,"href":"https:\/\/elfsight.com\/it\/wp-json\/wp\/v2\/pages\/678\/revisions"}],"predecessor-version":[{"id":680,"href":"https:\/\/elfsight.com\/it\/wp-json\/wp\/v2\/pages\/678\/revisions\/680"}],"wp:attachment":[{"href":"https:\/\/elfsight.com\/it\/wp-json\/wp\/v2\/media?parent=678"}],"curies":[{"name":"wp","href":"https:\/\/api.w.org\/{rel}","templated":true}]}}