{"id":6770,"date":"1970-01-01T00:00:00","date_gmt":"1970-01-01T00:00:00","guid":{"rendered":"https:\/\/elfsight.com\/it\/?page_id=6770"},"modified":"2026-01-13T10:02:00","modified_gmt":"2026-01-13T10:02:00","slug":"wix","status":"publish","type":"page","link":"https:\/\/elfsight.com\/it\/youtube-channel-plugin-yottie\/wix\/","title":{"rendered":"YouTube Gallery &#8211; Wix"},"content":{"rendered":"\n<div class=\"application-platform-content-item-description application-platform-content-item\" id=\"description\" data-nav-section=\"description\"><h2>Descrizione<\/h2><p>La Galleria YouTube \u00e8 un potente widget che ti consente di pubblicare una variet\u00e0 di video sul sito web. Scegli i canali e i videoclip richiesti per comporre la tua playlist personale e visualizzarla direttamente sulla pagina web utilizzando il layout pi\u00f9 adatto (galleria video, portfolio, canale, singolo video). Il nostro widget \u00e8 compatibile con tutti i formati e sistemi; ha pi\u00f9 di 100 parametri, layout flessibile e altre caratteristiche che ti consentono di visualizzarlo su qualsiasi sito web.<\/p><p><b>Progetta una galleria video efficiente per mantenere gli spettatori sempre interessati.<\/b><\/p><ul><li><b>Mantieni forti legami con gli utenti del tuo sito web tramite i video di YouTube<\/b>.<br>Stupidisci i visitatori del tuo sito web con contenuti video affascinanti da YouTube e coinvolgili pi\u00f9 a lungo.<\/li> <li><b>Aumenta le vendite convincendo ad acquistare con l&#8217;aiuto dei contenuti di YouTube<\/b>.<br>Mostra video promozionali, recensioni, guide, tutorial e altro ancora per creare un&#8217;immagine positiva del marchio e stimolare le vendite.<\/li> <li><b>Pi\u00f9 fan per il tuo profilo YouTube<\/b>.<br>Trasforma i visitatori del sito web in tuoi follower su YouTube. Mostra agli utenti un modo rapido e semplice per iscriversi direttamente sul sito e aumentare gli iscritti.<\/li><\/ul><\/div><div class=\"application-platform-content-item-features application-platform-content-item\" id=\"features\" data-nav-section=\"features\"><h2>Funzionalit\u00e0<\/h2><p>Vedi una delle funzionalit\u00e0 pi\u00f9 vantaggiose dell&#8217;app Elfsight, che la rendono lo strumento migliore per incorporare video di YouTube in una pagina Wix.<\/p><ul><li>Aggiungi fonti illimitate;<\/li><li>Mostra o nascondi intestazione;<\/li><li>Imposta lo spazio tra i video;<\/li><li>8 elementi commutabili del video: titolo, durata, descrizione, conteggi e altro;<\/li><li>Modalit\u00e0 gratuita opzionale per scorrere i video uno per uno;<\/li><li>15 elementi di video colorabili;<\/li><li>18 lingue disponibili.<\/li><\/ul><p><a href=\"#demo\">Prova tutte le tratti nella demo<\/a><\/p><\/div><div class=\"application-platform-content-item-installation application-platform-content-item\" id=\"installation\" data-nav-section=\"installation\"><h2>Come incorporare la Galleria video di YouTube nel sito web Wix<\/h2><div class=\"video-container\">\n    <iframe width=\"720\" height=\"405\" src=\"https:\/\/www.youtube.com\/embed\/Josn4ZT0eEQ?si=I_1huvEVkqZqKrj4\" frameborder=\"0\" allowfullscreen><\/iframe>\n<\/div><p>A guida concisa di Elfsight sull&#8217;integrazione dell&#8217;app e sulla modifica della sua interfaccia. Non richiede alcuna conoscenza in fase di sviluppo e richiede solo circa 80 secondi.<\/p><ol><li><b>Costruisci il tuo widget YouTube personalizzato<\/b>.<br> Tramite il nostro <a href=\" #demo\">demo gratuita<\/a>, genera un&#8217;app con design e opzioni preferibili.<\/li><li><b>Ottieni un codice per incorporare il widget<\/b>.<br> Dopo aver configurato l&#8217;app, ottieni un codice per la Galleria video di YouTube dalla finestra popup sulle app Elfsight.<\/li><li><b>Incorpora il widget sul sito Wix<\/b>.<br> Aggiungi l&#8217;app nella posizione desiderata del sito Web e salva il modifiche.<\/li><li><b>Hai eseguito correttamente l&#8217;installazione<\/b>.<br> Vai al tuo sito web per vedere la tua app video.<\/li><\/ol><p>Si sono verificati eventuali problemi durante la configurazione o tentativi di personalizzazione dell&#8217;app? Puoi verificarlo nel nostro tutorial \u00ab<a href=\"https:\/\/elfsight.com\/tutorials\/how-to-add-youtube-plugin-for-wix\/\" target=\"_blank\" rel=\"noopener noreferrer\">Come incorporare video di YouTube nel sito web Wix<\/a>\u00bb e prova a risolverlo da solo. Oppure invia una descrizione del tuo problema al nostro supporto clienti.<\/p><\/div><div class=\"faq\" data-component=\"FAQ\"><div class=\"faq-item\">\r\n\t\t\t\t\t<div class=\"faq-item-question\">\r\n\t\t\t\t\t\t<h3 class=\"faq-item-question-text\">Come posso aggiungere una galleria YouTube al sito Wix? <\/h3>\r\n\r\n\t\t\t\t\t\t<div class=\"faq-item-question-icon\"><\/div>\r\n\t\t\t\t\t<\/div>\r\n\r\n\t\t\t\t\t<div class=\"faq-item-answer\">\r\n\t\t\t\t\t\t<div class=\"faq-item-answer-text\"><p>La creazione dello strumento avviene sulle pagine di Elfsight e non \u00e8 necessario imparare a programmare. Vai alla nostra demo live per personalizzare il tuo strumento personale, ottieni il codice e aggiungilo al tuo sito. <\/p><\/div>\r\n\t\t\t\t\t<\/div>\r\n\t\t\t\t<\/div><div class=\"faq-item\">\r\n\t\t\t\t\t<div class=\"faq-item-question\">\r\n\t\t\t\t\t\t<h3 class=\"faq-item-question-text\">I modi migliori per utilizzare l'integrazione della Galleria video di YouTube<\/h3>\r\n\r\n\t\t\t\t\t\t<div class=\"faq-item-question-icon\"><\/div>\r\n\t\t\t\t\t<\/div>\r\n\r\n\t\t\t\t\t<div class=\"faq-item-answer\">\r\n\t\t\t\t\t\t<div class=\"faq-item-answer-text\"><p>Ti forniremo un&#8217;ampia gamma di opzioni di personalizzazione: widget su vasta scala per inserimento nella zona dei contenuti, widget mobili per le opzioni di scorrimento, miniature per il pi\u00e8 di pagina del tuo sito web, sezione principale e tutti i tipi di opportunit\u00e0 verticali per le barre laterali e i menu del sito web. <\/p><\/div>\r\n\t\t\t\t\t<\/div>\r\n\t\t\t\t<\/div><div class=\"faq-item\">\r\n\t\t\t\t\t<div class=\"faq-item-question\">\r\n\t\t\t\t\t\t<h3 class=\"faq-item-question-text\">Posso creare un canale o una playlist YouTube tramite l'agenzia dell'editor?<\/h3>\r\n\r\n\t\t\t\t\t\t<div class=\"faq-item-question-icon\"><\/div>\r\n\t\t\t\t\t<\/div>\r\n\r\n\t\t\t\t\t<div class=\"faq-item-answer\">\r\n\t\t\t\t\t\t<div class=\"faq-item-answer-text\"><p>Sei libero di creare eventuali modifiche del widget. Ci sono tantissimi layout disponibili nell&#8217;editor e tutti possono essere facilmente personalizzati nel modo desiderato. <\/p><\/div>\r\n\t\t\t\t\t<\/div>\r\n\t\t\t\t<\/div><\/div>\n","protected":false},"excerpt":{"rendered":"","protected":false},"author":9,"featured_media":0,"parent":905,"menu_order":0,"comment_status":"closed","ping_status":"closed","template":"templates\/template-application-platform.php","meta":{"publish_to_discourse":"","publish_post_category":"","wpdc_auto_publish_overridden":"","wpdc_topic_tags":"","wpdc_pin_topic":"","wpdc_pin_until":"","discourse_post_id":"","discourse_permalink":"","wpdc_publishing_response":"","wpdc_publishing_error":"","footnotes":""},"class_list":["post-6770","page","type-page","status-publish","hentry"],"yoast_head":"<!-- This site is optimized with the Yoast SEO plugin v25.3.1 - https:\/\/yoast.com\/wordpress\/plugins\/seo\/ -->\n<title>App YouTube: incorpora la Galleria video di YouTube nel sito Web WIX<\/title>\n<meta name=\"description\" content=\"Crea una meravigliosa Galleria video di YouTube per il tuo sito Wix in soli 3 minuti! Prova un editor gratuito di Elfsight per dare forma alla tua app YouTube.\" \/>\n<meta name=\"robots\" content=\"index, follow, max-snippet:-1, max-image-preview:large, max-video-preview:-1\" \/>\n<link rel=\"canonical\" href=\"https:\/\/elfsight.com\/it\/youtube-channel-plugin-yottie\/wix\/\" \/>\n<meta property=\"og:locale\" content=\"it_IT\" \/>\n<meta property=\"og:type\" content=\"article\" \/>\n<meta property=\"og:title\" content=\"App YouTube: incorpora la Galleria video di YouTube nel sito Web WIX\" \/>\n<meta property=\"og:description\" content=\"Crea una meravigliosa Galleria video di YouTube per il tuo sito Wix in soli 3 minuti! Prova un editor gratuito di Elfsight per dare forma alla tua app YouTube.\" \/>\n<meta property=\"og:url\" content=\"https:\/\/elfsight.com\/it\/youtube-channel-plugin-yottie\/wix\/\" \/>\n<meta property=\"og:site_name\" content=\"Elfsight IT\" \/>\n<meta property=\"article:modified_time\" content=\"2026-01-13T10:02:00+00:00\" \/>\n<meta name=\"twitter:card\" content=\"summary_large_image\" \/>\n<meta name=\"twitter:label1\" content=\"Tempo di lettura stimato\" \/>\n\t<meta name=\"twitter:data1\" content=\"4 minuti\" \/>\n<!-- \/ Yoast SEO plugin. -->","yoast_head_json":{"title":"App YouTube: incorpora la Galleria video di YouTube nel sito Web WIX","description":"Crea una meravigliosa Galleria video di YouTube per il tuo sito Wix in soli 3 minuti! Prova un editor gratuito di Elfsight per dare forma alla tua app YouTube.","robots":{"index":"index","follow":"follow","max-snippet":"max-snippet:-1","max-image-preview":"max-image-preview:large","max-video-preview":"max-video-preview:-1"},"canonical":"https:\/\/elfsight.com\/it\/youtube-channel-plugin-yottie\/wix\/","og_locale":"it_IT","og_type":"article","og_title":"App YouTube: incorpora la Galleria video di YouTube nel sito Web WIX","og_description":"Crea una meravigliosa Galleria video di YouTube per il tuo sito Wix in soli 3 minuti! Prova un editor gratuito di Elfsight per dare forma alla tua app YouTube.","og_url":"https:\/\/elfsight.com\/it\/youtube-channel-plugin-yottie\/wix\/","og_site_name":"Elfsight IT","article_modified_time":"2026-01-13T10:02:00+00:00","twitter_card":"summary_large_image","twitter_misc":{"Tempo di lettura stimato":"4 minuti"},"schema":{"@context":"https:\/\/schema.org","@graph":[{"@type":"WebPage","@id":"https:\/\/elfsight.com\/it\/youtube-channel-plugin-yottie\/wix\/","url":"https:\/\/elfsight.com\/it\/youtube-channel-plugin-yottie\/wix\/","name":"App YouTube: incorpora la Galleria video di YouTube nel sito Web WIX","isPartOf":{"@id":"https:\/\/elfsight.com\/it\/#website"},"datePublished":"1970-01-01T00:00:00+00:00","dateModified":"2026-01-13T10:02:00+00:00","description":"Crea una meravigliosa Galleria video di YouTube per il tuo sito Wix in soli 3 minuti! Prova un editor gratuito di Elfsight per dare forma alla tua app YouTube.","breadcrumb":{"@id":"https:\/\/elfsight.com\/it\/youtube-channel-plugin-yottie\/wix\/#breadcrumb"},"inLanguage":"it-IT","potentialAction":[{"@type":"ReadAction","target":["https:\/\/elfsight.com\/it\/youtube-channel-plugin-yottie\/wix\/"]}]},{"@type":"BreadcrumbList","@id":"https:\/\/elfsight.com\/it\/youtube-channel-plugin-yottie\/wix\/#breadcrumb","itemListElement":[{"@type":"ListItem","position":1,"name":"Home","item":"https:\/\/elfsight.com\/it\/"},{"@type":"ListItem","position":2,"name":"YouTube Gallery","item":"https:\/\/elfsight.com\/it\/youtube-channel-plugin-yottie\/"},{"@type":"ListItem","position":3,"name":"YouTube Gallery &#8211; Wix"}]},{"@type":"WebSite","@id":"https:\/\/elfsight.com\/it\/#website","url":"https:\/\/elfsight.com\/it\/","name":"Elfsight IT","description":"Just another Elfsight Sites site","potentialAction":[{"@type":"SearchAction","target":{"@type":"EntryPoint","urlTemplate":"https:\/\/elfsight.com\/it\/?s={search_term_string}"},"query-input":{"@type":"PropertyValueSpecification","valueRequired":true,"valueName":"search_term_string"}}],"inLanguage":"it-IT"}]}},"meta_box":{"industry":"","seo_heading":"","heading":"","description":"","cta_heading":"","cta_description":"","application":"898","h1":"Galleria video di YouTube per Wix","h1_caption":"Incorpora una galleria di video di YouTube per includere contenuti come tutorial, testimonianze o vetrine di prodotti sul tuo sito web nel tuo sito Wix senza sforzo.","application_category":[],"applications_title":"","applications_request_title":"","applications_request_button_text":"","hero_text":"","hero_video":"","hero_video_schema_markup":"","selling_points_title":"","selling_points_caption":"","selling_points":[],"selling_points_cta_text":"","features_title":"","features":"","ed_cta_examples_text":"","ed_cta_examples_hidden":"","ed_cta_demo_text":"","ed_cta_demo_hidden":"","why_caption":"","why_editor_title":"","why_editor_text":"","why_team_title":"","why_team_text":"","why_service_title":"","why_service_text":"","template_catalog_visible":"0","template_catalog_title":"","template_catalog_text":"","template_catalog_categories_visible":"","demo_title":"Crea la tua app Galleria YouTube","demo_caption":"Configura la tua Galleria YouTube e aggiungila gratuitamente al tuo sito Wix!","default_faq_hidden":"","app_template_category":[],"platform":"29","template_public_id":"","codecanyon_url":"","codecanyon_item_id":"","codecanyon_price":"","pricing_caption":"","pricing_elfsight_apps_hide_column":"","pricing_elfsight_apps_url":"","pricing_codecanyon_price_caption":"","integration_category":[],"integration_request_title":"","integration_request_cta":"","integration_platform":"","integrations":[],"platform_category":[],"video_schema_markup":"","price":"da $ 0 al mese","trial":"","benefits":[{"text":"Aiuto gratuito per l'installazione"},{"text":"Assistenza clienti con esperienza"},{"text":"Garanzia di rimborso di 14 giorni"},{"text":"Aggiornamenti continui"}],"button_url":"#demo","button_target_blank":"0","button_nofollow":"0","attributes":[{"name":"Installazioni"},{"name":"Reattivo"},{"name":"Browser compatibili"}],"tags":[],"tags_disable_links":"0","hide_more_platforms":"0","video_object":"","demo_hide_cta":"0","demo_hide_cloud_options":"0","pricing_title":"","pricing":[{"pricing_icon":"platform","pricing_title":"Elfsight Apps","pricing_title_caption":"Soluzione multipiattaforma adatta a qualsiasi sito web","pricing_price":"da $ 0 \/ mese","pricing_price_caption":"inizia con il piano gratuito","pricing_benefits":[{"text":"Siti web illimitati"},{"text":"Supporto premium"},{"text":"Assistenza per l'installazione gratuita"},{"text":"Prezzo speciale per pi\u00f9 app"}],"pricing_button_text":"Aggiungi al sito web","pricing_button_url":"#demo"}],"related_apps_title":"","related_apps_hidden":"0","author":"","image":[],"title":"","job":"","social_networks":[]},"_links":{"self":[{"href":"https:\/\/elfsight.com\/it\/wp-json\/wp\/v2\/pages\/6770","targetHints":{"allow":["GET"]}}],"collection":[{"href":"https:\/\/elfsight.com\/it\/wp-json\/wp\/v2\/pages"}],"about":[{"href":"https:\/\/elfsight.com\/it\/wp-json\/wp\/v2\/types\/page"}],"author":[{"embeddable":true,"href":"https:\/\/elfsight.com\/it\/wp-json\/wp\/v2\/users\/9"}],"replies":[{"embeddable":true,"href":"https:\/\/elfsight.com\/it\/wp-json\/wp\/v2\/comments?post=6770"}],"version-history":[{"count":5,"href":"https:\/\/elfsight.com\/it\/wp-json\/wp\/v2\/pages\/6770\/revisions"}],"predecessor-version":[{"id":10577,"href":"https:\/\/elfsight.com\/it\/wp-json\/wp\/v2\/pages\/6770\/revisions\/10577"}],"up":[{"embeddable":true,"href":"https:\/\/elfsight.com\/it\/wp-json\/wp\/v2\/pages\/905"}],"wp:attachment":[{"href":"https:\/\/elfsight.com\/it\/wp-json\/wp\/v2\/media?parent=6770"}],"curies":[{"name":"wp","href":"https:\/\/api.w.org\/{rel}","templated":true}]}}