{"id":6763,"date":"1970-01-01T00:00:00","date_gmt":"1970-01-01T00:00:00","guid":{"rendered":"https:\/\/elfsight.com\/it\/?page_id=6763"},"modified":"2024-11-12T08:32:20","modified_gmt":"2024-11-12T08:32:20","slug":"facebook","status":"publish","type":"page","link":"https:\/\/elfsight.com\/it\/youtube-channel-plugin-yottie\/facebook\/","title":{"rendered":"YouTube Gallery &#8211; Facebook Page"},"content":{"rendered":"<div class=\"application-platform-content-item-description application-platform-content-item\" id=\"description\" data-nav-section=\"description\"><h2>Descrizione<\/h2><p>Un widget multiuso per YouTube, che offre la possibilit\u00e0 di mostrare diversi video nella scheda della tua pagina. Scegli i canali e i singoli videoclip richiesti per progettare la tua playlist personale e incorporala direttamente nella pagina utilizzando il layout pi\u00f9 adatto (galleria video, portfolio, canale, singolo video). Il nostro widget \u00e8 perfettamente compatibile con tutti i dispositivi e le piattaforme, ha pi\u00f9 di 100 opzioni, layout personalizzabile e molti altri vantaggi, che ti danno la possibilit\u00e0 di incorporarlo su pagine diverse.<\/p><p><b>Genera una galleria video personalizzata ed efficiente per attirare maggiormente il tuo pubblico.<\/b><\/p><\/div><div class=\"application-platform-content-item-features application-platform-content-item\" id=\"features\" data-nav-section=\"features\"><h2>Funzionalit\u00e0<\/h2><p>Le caratteristiche del widget Elfsight, che lo trasformano nello strumento migliore per mostrare la scheda dei video di YouTube su una pagina Facebook personale o aziendale.<\/p><ul><li>Aggiungi fonti tramite URL;<\/li><li>Scegli il layout dell&#8217;intestazione: Classico, Accento, Minimo;<\/li><li>Modifica la larghezza del widget;<\/li><li>Conteggio visualizzazioni e Mi piace sui video;<\/li><li>Scegli tra 5 effetti di cambio diapositiva;<\/li><li>24 elementi popup disegnabili;<\/li><li>Modalit\u00e0 privacy avanzata;<\/li><\/ul><p><a href=\"#demo\">Scopri tutte le opzioni nel pannello<\/a><\/p><\/div><div class=\"application-platform-content-item-installation application-platform-content-item\" id=\"installation\" data-nav-section=\"installation\"><h2>Come aggiungere il canale video YouTube alla pagina Facebook<\/h2><p>Una breve istruzione su come aggiungere il widget alla scheda Facebook senza competenze di sviluppo. L&#8217;intero processo non richieder\u00e0 pi\u00f9 di due minuti.<\/p><ul><li><b>Crea la tua scheda YouTube personalizzata<\/b><br>Con l&#8217;aiuto del nostro editor gratuito, configura un plug-in con un aspetto e funzioni preferiti. <\/li><li><b>Ricevi il codice individuale per integrare il plugin<\/b><br>Dopo aver impostato il tuo widget, acquisirai il codice individuale dalla notifica apparsa su Elfsight Apps. Copia questo codice. <\/li><li><b>Aggiungi la scheda YouTube alla pagina Facebook<\/b><br> Crea la tua scheda Facebook personalizzata. Inserisci nella scheda il codice che hai ricevuto su elfsight apps. In caso di problemi, consulta la nostra guida su <a href=\"https:\/\/elfsight.com\/blog\/how-to-add-custom-tab-to-facebook-page\/\" target=\"_blank\" rel=\"noopener noreferrer\">creazione di una scheda Facebook personalizzata<\/a><\/li><li><b>Hai finito! <\/b><br>Vai alla tua pagina web per dare un&#8217;occhiata al tuo plugin.<\/li><\/ul><p>Hai riscontrato delle difficolt\u00e0? Contatta il team di supporto Elfsight con una descrizione completa del problema. Saremo lieti di consigliarti.<\/p><\/div>","protected":false},"excerpt":{"rendered":"","protected":false},"author":9,"featured_media":0,"parent":905,"menu_order":0,"comment_status":"closed","ping_status":"closed","template":"templates\/template-application-platform.php","meta":{"publish_to_discourse":"","publish_post_category":"","wpdc_auto_publish_overridden":"","wpdc_topic_tags":"","wpdc_pin_topic":"","wpdc_pin_until":"","discourse_post_id":"","discourse_permalink":"","wpdc_publishing_response":"","wpdc_publishing_error":"","footnotes":""},"class_list":["post-6763","page","type-page","status-publish","hentry"],"yoast_head":"<!-- This site is optimized with the Yoast SEO plugin v25.3.1 - https:\/\/yoast.com\/wordpress\/plugins\/seo\/ -->\n<title>Aggiungi la scheda Canale video Youtube alla pagina Facebook (2025)<\/title>\n<meta name=\"description\" content=\"Crea una scheda Canale video YouTube senza eguali per la tua pagina Facebook in pochi minuti! Prova la demo gratuita di Elfsight per creare la tua scheda YouTube.\" \/>\n<meta name=\"robots\" content=\"index, follow, max-snippet:-1, max-image-preview:large, max-video-preview:-1\" \/>\n<link rel=\"canonical\" href=\"https:\/\/elfsight.com\/it\/youtube-channel-plugin-yottie\/facebook\/\" \/>\n<meta property=\"og:locale\" content=\"it_IT\" \/>\n<meta property=\"og:type\" content=\"article\" \/>\n<meta property=\"og:title\" content=\"Aggiungi la scheda Canale video Youtube alla pagina Facebook (2025)\" \/>\n<meta property=\"og:description\" content=\"Crea una scheda Canale video YouTube senza eguali per la tua pagina Facebook in pochi minuti! Prova la demo gratuita di Elfsight per creare la tua scheda YouTube.\" \/>\n<meta property=\"og:url\" content=\"https:\/\/elfsight.com\/it\/youtube-channel-plugin-yottie\/facebook\/\" \/>\n<meta property=\"og:site_name\" content=\"Elfsight IT\" \/>\n<meta property=\"article:modified_time\" content=\"2024-11-12T08:32:20+00:00\" \/>\n<meta name=\"twitter:card\" content=\"summary_large_image\" \/>\n<meta name=\"twitter:label1\" content=\"Tempo di lettura stimato\" \/>\n\t<meta name=\"twitter:data1\" content=\"2 minuti\" \/>\n<!-- \/ Yoast SEO plugin. -->","yoast_head_json":{"title":"Aggiungi la scheda Canale video Youtube alla pagina Facebook (2025)","description":"Crea una scheda Canale video YouTube senza eguali per la tua pagina Facebook in pochi minuti! Prova la demo gratuita di Elfsight per creare la tua scheda YouTube.","robots":{"index":"index","follow":"follow","max-snippet":"max-snippet:-1","max-image-preview":"max-image-preview:large","max-video-preview":"max-video-preview:-1"},"canonical":"https:\/\/elfsight.com\/it\/youtube-channel-plugin-yottie\/facebook\/","og_locale":"it_IT","og_type":"article","og_title":"Aggiungi la scheda Canale video Youtube alla pagina Facebook (2025)","og_description":"Crea una scheda Canale video YouTube senza eguali per la tua pagina Facebook in pochi minuti! Prova la demo gratuita di Elfsight per creare la tua scheda YouTube.","og_url":"https:\/\/elfsight.com\/it\/youtube-channel-plugin-yottie\/facebook\/","og_site_name":"Elfsight IT","article_modified_time":"2024-11-12T08:32:20+00:00","twitter_card":"summary_large_image","twitter_misc":{"Tempo di lettura stimato":"2 minuti"},"schema":{"@context":"https:\/\/schema.org","@graph":[{"@type":"WebPage","@id":"https:\/\/elfsight.com\/it\/youtube-channel-plugin-yottie\/facebook\/","url":"https:\/\/elfsight.com\/it\/youtube-channel-plugin-yottie\/facebook\/","name":"Aggiungi la scheda Canale video Youtube alla pagina Facebook (2025)","isPartOf":{"@id":"https:\/\/elfsight.com\/it\/#website"},"datePublished":"1970-01-01T00:00:00+00:00","dateModified":"2024-11-12T08:32:20+00:00","description":"Crea una scheda Canale video YouTube senza eguali per la tua pagina Facebook in pochi minuti! Prova la demo gratuita di Elfsight per creare la tua scheda YouTube.","breadcrumb":{"@id":"https:\/\/elfsight.com\/it\/youtube-channel-plugin-yottie\/facebook\/#breadcrumb"},"inLanguage":"it-IT","potentialAction":[{"@type":"ReadAction","target":["https:\/\/elfsight.com\/it\/youtube-channel-plugin-yottie\/facebook\/"]}]},{"@type":"BreadcrumbList","@id":"https:\/\/elfsight.com\/it\/youtube-channel-plugin-yottie\/facebook\/#breadcrumb","itemListElement":[{"@type":"ListItem","position":1,"name":"Home","item":"https:\/\/elfsight.com\/it\/"},{"@type":"ListItem","position":2,"name":"YouTube Gallery","item":"https:\/\/elfsight.com\/it\/youtube-channel-plugin-yottie\/"},{"@type":"ListItem","position":3,"name":"YouTube Gallery &#8211; Facebook Page"}]},{"@type":"WebSite","@id":"https:\/\/elfsight.com\/it\/#website","url":"https:\/\/elfsight.com\/it\/","name":"Elfsight IT","description":"Just another Elfsight Sites site","potentialAction":[{"@type":"SearchAction","target":{"@type":"EntryPoint","urlTemplate":"https:\/\/elfsight.com\/it\/?s={search_term_string}"},"query-input":{"@type":"PropertyValueSpecification","valueRequired":true,"valueName":"search_term_string"}}],"inLanguage":"it-IT"}]}},"meta_box":{"industry":"","seo_heading":"","heading":"","description":"","cta_heading":"","cta_description":"","application":"898","h1":"Scheda Canale YouTube per la Pagina Facebook","h1_caption":"Incorpora una galleria di video di YouTube per includere contenuti come tutorial, testimonianze o vetrine di prodotti sul tuo sito web nel sito web della tua pagina Facebook.","application_category":[],"applications_title":"","applications_request_title":"","applications_request_button_text":"","hero_text":"","hero_video":"","hero_video_schema_markup":"","selling_points_title":"","selling_points_caption":"","selling_points":[],"selling_points_cta_text":"","features_title":"","features":"","ed_cta_examples_text":"","ed_cta_examples_hidden":"","ed_cta_demo_text":"","ed_cta_demo_hidden":"","why_caption":"","why_editor_title":"","why_editor_text":"","why_team_title":"","why_team_text":"","why_service_title":"","why_service_text":"","template_catalog_visible":"","template_catalog_title":"","template_catalog_text":"","template_catalog_categories_visible":"","demo_title":"Crea il tuo widget Galleria YouTube","demo_caption":"Configura la tua Galleria YouTube e aggiungila gratuitamente al sito web della tua Pagina Facebook!","default_faq_hidden":"","app_template_category":[],"platform":"77","template_public_id":"","codecanyon_url":"","codecanyon_item_id":"","codecanyon_price":"","pricing_caption":"","pricing_elfsight_apps_hide_column":"","pricing_elfsight_apps_url":"","pricing_codecanyon_price_caption":"","integration_category":[],"integration_request_title":"","integration_request_cta":"","integration_platform":"","integrations":[],"platform_category":[],"video_schema_markup":"","price":"da $ 0 al mese","trial":"","benefits":[{"text":"Servizio di installazione gratuito"},{"text":"Servizio clienti efficace"},{"text":"Garanzia di rimborso di 14 giorni"},{"text":"Miglioramenti gratuiti a vita"}],"button_url":"#demo","button_target_blank":"","button_nofollow":"","attributes":[{"name":"Installazioni"},{"name":"Reattivo"},{"name":"Browser compatibili"}],"tags":[],"tags_disable_links":"","hide_more_platforms":"","video_object":"","demo_hide_cta":"","demo_hide_cloud_options":"","pricing_title":"","pricing":[{"pricing_icon":"platform","pricing_title":"Elfsight Apps","pricing_title_caption":"Software multipiattaforma che funziona su qualsiasi sito web","pricing_price":"da $ 0 \/ mese","pricing_price_caption":"inizia con il piano gratuito","pricing_benefits":[{"text":"Siti web illimitati"},{"text":"Supporto dedicato e puntuale"},{"text":"Supporto per l'installazione senza costi"},{"text":"Completamente personalizzabile"}],"pricing_button_text":"Aggiungi al sito web","pricing_button_url":"#demo"}],"related_apps_title":"","related_apps_hidden":"","author":"","image":[],"title":"","job":"","social_networks":[]},"_links":{"self":[{"href":"https:\/\/elfsight.com\/it\/wp-json\/wp\/v2\/pages\/6763","targetHints":{"allow":["GET"]}}],"collection":[{"href":"https:\/\/elfsight.com\/it\/wp-json\/wp\/v2\/pages"}],"about":[{"href":"https:\/\/elfsight.com\/it\/wp-json\/wp\/v2\/types\/page"}],"author":[{"embeddable":true,"href":"https:\/\/elfsight.com\/it\/wp-json\/wp\/v2\/users\/9"}],"replies":[{"embeddable":true,"href":"https:\/\/elfsight.com\/it\/wp-json\/wp\/v2\/comments?post=6763"}],"version-history":[{"count":1,"href":"https:\/\/elfsight.com\/it\/wp-json\/wp\/v2\/pages\/6763\/revisions"}],"predecessor-version":[{"id":6767,"href":"https:\/\/elfsight.com\/it\/wp-json\/wp\/v2\/pages\/6763\/revisions\/6767"}],"up":[{"embeddable":true,"href":"https:\/\/elfsight.com\/it\/wp-json\/wp\/v2\/pages\/905"}],"wp:attachment":[{"href":"https:\/\/elfsight.com\/it\/wp-json\/wp\/v2\/media?parent=6763"}],"curies":[{"name":"wp","href":"https:\/\/api.w.org\/{rel}","templated":true}]}}