{"id":6741,"date":"1970-01-01T00:00:00","date_gmt":"1970-01-01T00:00:00","guid":{"rendered":"https:\/\/elfsight.com\/it\/?page_id=6741"},"modified":"2025-03-20T09:06:44","modified_gmt":"2025-03-20T09:06:44","slug":"html","status":"publish","type":"page","link":"https:\/\/elfsight.com\/it\/yelp-reviews-widget\/html\/","title":{"rendered":"Yelp Reviews &#8211; HTML"},"content":{"rendered":"\n<div class=\"application-platform-content-item-description application-platform-content-item\" id=\"description\" data-nav-section=\"description\"> <h2>Descrizione<\/h2> <p>Se desideri mostrare la tua alta valutazione da parte degli utenti e convincere i visitatori del sito che vale la pena spendere le tue offerte soldi su, Elfsight Yelp Reviews \u00e8 giusto per te. Con questo strumento, puoi mostrare le recensioni dei clienti di Yelp sul tuo sito, includendo informazioni sugli autori. Puoi ordinarle per visualizzare solo quelle positive, aggiungere valutazioni e inserire un pulsante che reindirizzer\u00e0 gli utenti alla tua pagina Yelp, dove potranno scrivere una nuova recensione. <\/p><div class=\"faq\" data-component=\"FAQ\"> <div class=\"faq-item\">\r\n\t\t\t\t\t<div class=\"faq-item-question\">\r\n\t\t\t\t\t\t<h3 class=\"faq-item-question-text\">Dove posso installare questo plugin<\/h3>\r\n\r\n\t\t\t\t\t\t<div class=\"faq-item-question-icon\"><\/div>\r\n\t\t\t\t\t<\/div>\r\n\r\n\t\t\t\t\t<div class=\"faq-item-answer\">\r\n\t\t\t\t\t\t<div class=\"faq-item-answer-text\"> <p>Puoi incollare il widget in qualsiasi pagina del tuo sito, o inserirlo nel template del sito, cos\u00ec verr\u00e0 visualizzato su tutti pagine. Le recensioni possono essere efficaci sulle pagine dei prodotti o sulla pagina Chi siamo, i luoghi in cui desideri dimostrare la tua valutazione elevata. <\/p><\/div>\r\n\t\t\t\t\t<\/div>\r\n\t\t\t\t<\/div> <div class=\"faq-item\">\r\n\t\t\t\t\t<div class=\"faq-item-question\">\r\n\t\t\t\t\t\t<h3 class=\"faq-item-question-text\">Come potrei trarre vantaggio da questo plugin? <\/h3>\r\n\r\n\t\t\t\t\t\t<div class=\"faq-item-question-icon\"><\/div>\r\n\t\t\t\t\t<\/div>\r\n\r\n\t\t\t\t\t<div class=\"faq-item-answer\">\r\n\t\t\t\t\t\t<div class=\"faq-item-answer-text\"> <p>Le recensioni di persone reali sono estremamente credibili per gli utenti del tuo sito e mostrano loro che ci si pu\u00f2 fidare della tua attivit\u00e0. Una valutazione elevata e recensioni positive possono aiutarti ad aumentare gli acquisti sul tuo sito. Inoltre, il pulsante di reindirizzamento contribuir\u00e0 ad avere pi\u00f9 recensioni dei clienti relative alla tua attivit\u00e0 su Yelp. <\/p> <\/div>\r\n\t\t\t\t\t<\/div>\r\n\t\t\t\t<\/div> <div class=\"faq-item\">\r\n\t\t\t\t\t<div class=\"faq-item-question\">\r\n\t\t\t\t\t\t<h3 class=\"faq-item-question-text\">Di cosa ho bisogno per incorporare le recensioni dal widget Yelp nel mio sito Web HTML? <\/h3>\r\n\r\n\t\t\t\t\t\t<div class=\"faq-item-question-icon\"><\/div>\r\n\t\t\t\t\t<\/div>\r\n\r\n\t\t\t\t\t<div class=\"faq-item-answer\">\r\n\t\t\t\t\t\t<div class=\"faq-item-answer-text\"> <p>Sono necessari un paio di minuti per iniziare a utilizzare il widget. L&#8217;installazione \u00e8 molto veloce, gratuita e senza codifica. <\/p> <p>Puoi introdurre il widget nel tuo sito tramite il nostro servizio. Per questo, controlla una breve descrizione in questa pagina. <\/p><\/div>\r\n\t\t\t\t\t<\/div>\r\n\t\t\t\t<\/div> <\/div> <\/div> <div class=\"application-platform-content-item-features application-platform-content-item\" id=\"features\" data-nav-section=\"features\"> <h2>Caratteristiche<\/h2> <p>Per avere un&#8217;idea completa del widget, puoi studiare il elenco delle sue funzioni principali. Rendono questo widget estremamente efficiente per la tua attivit\u00e0: <\/p> <ul> <li>Tre filtri predefiniti: per tipo, escludi per e quantit\u00e0 di recensioni da visualizzare; <\/li> <li>Quattro layout predefiniti: Elenco, Griglia, Muratura e Dispositivo di scorrimento; <\/li> <li>Un&#8217;opzione per controllare la visualizzazione dell&#8217;intestazione del widget; <\/li> <li>Il pulsante per richiedere una recensione indirizza le persone alla pagina di Yelp; <\/li> <li>Sei elementi flessibili delle recensioni: nome e foto dell&#8217;autore, testo del consiglio, data, icona di Yelp e valutazione in stelle; <\/li> <li>Due opzioni di scenari dopo il rifiuto della richiesta di revisione: mostrare un messaggio personalizzato o rimuovere il pulsante. <\/li> <\/ul><p><a href=\"#demo\">La nostra demo ti aprir\u00e0 pi\u00f9 funzionalit\u00e0<\/a><\/p> <\/div> <div class=\"application-platform-content-item-installation application-platform-content-item\" id=\"installation\" data-nav-section=\"installation\"> <h2>Scopri come impostare le recensioni di Yelp sul tuo sito web HTML. \u00c8 incredibilmente facile<\/h2><div class=\"video-container\"><iframe width=\"560\" height=\"315\" src=\"https:\/\/www.youtube.com\/embed\/sQ6JiiAwT2g?si=LpJQItaEfuSDs1xe\" frameborder=\"0\" allow=\"accelerometer; autoplay; clipboard-write; encrypted-media; gyroscope; picture-in-picture; web-share\" allowfullscreen><\/iframe><\/div><p>I passaggi seguenti sono l&#8217;unica cosa che devi fare per aggiungere il widget. <\/p> <ul><li><b>Genera il tuo widget Yelp personalizzato<\/b><br> Gestendo il nostro editor gratuito, genera un plugin con un design e funzionalit\u00e0 preferibili. <\/li><li><b>Copia il codice individuale per pubblicare il widget<\/b><br> Dopo aver personalizzato il tuo widget, otterrai il codice individuale dalla finestra popup su Elfsight Apps. Copialo per un uso successivo. <\/li> <li><b>Integra il widget sul tuo sito web<\/b><br> Scegli l&#8217;area in cui desideri mostrare il widget e aggiungi l\u00ec il codice copiato. Applicare le modifiche. <\/li> <li><b>L&#8217;installazione \u00e8 riuscita! <\/b><br> Entra nella pagina web, per dare un&#8217;occhiata alle tue recensioni. <\/li> <\/ul><p>Non riesci ancora a deciderti? O ti sei imbattuto in qualcosa? Invia semplicemente una richiesta al nostro dipartimento di assistenza clienti, ti aiuteremo con ogni problema. <\/p> <\/div>\n","protected":false},"excerpt":{"rendered":"","protected":false},"author":9,"featured_media":0,"parent":1724,"menu_order":0,"comment_status":"closed","ping_status":"closed","template":"templates\/template-application-platform.php","meta":{"publish_to_discourse":"","publish_post_category":"","wpdc_auto_publish_overridden":"","wpdc_topic_tags":"","wpdc_pin_topic":"","wpdc_pin_until":"","discourse_post_id":"","discourse_permalink":"","wpdc_publishing_response":"","wpdc_publishing_error":"","footnotes":""},"class_list":["post-6741","page","type-page","status-publish","hentry"],"yoast_head":"<!-- This site is optimized with the Yoast SEO plugin v25.3.1 - https:\/\/yoast.com\/wordpress\/plugins\/seo\/ -->\n<title>Aggiungi il widget Recensioni di Yelp al tuo sito web HTML (facile e veloce)<\/title>\n<meta name=\"description\" content=\"Ecco un&#039;opportunit\u00e0 per progettare un widget Recensioni Yelp efficace e incorporarlo nel tuo sito Web HTML. Goditi il \u200b\u200bservizio clienti gratuito e altri vantaggi di Elfsight.\" \/>\n<meta name=\"robots\" content=\"index, follow, max-snippet:-1, max-image-preview:large, max-video-preview:-1\" \/>\n<link rel=\"canonical\" href=\"https:\/\/elfsight.com\/it\/yelp-reviews-widget\/html\/\" \/>\n<meta property=\"og:locale\" content=\"it_IT\" \/>\n<meta property=\"og:type\" content=\"article\" \/>\n<meta property=\"og:title\" content=\"Aggiungi il widget Recensioni di Yelp al tuo sito web HTML (facile e veloce)\" \/>\n<meta property=\"og:description\" content=\"Ecco un&#039;opportunit\u00e0 per progettare un widget Recensioni Yelp efficace e incorporarlo nel tuo sito Web HTML. Goditi il \u200b\u200bservizio clienti gratuito e altri vantaggi di Elfsight.\" \/>\n<meta property=\"og:url\" content=\"https:\/\/elfsight.com\/it\/yelp-reviews-widget\/html\/\" \/>\n<meta property=\"og:site_name\" content=\"Elfsight IT\" \/>\n<meta property=\"article:modified_time\" content=\"2025-03-20T09:06:44+00:00\" \/>\n<meta name=\"twitter:card\" content=\"summary_large_image\" \/>\n<meta name=\"twitter:label1\" content=\"Tempo di lettura stimato\" \/>\n\t<meta name=\"twitter:data1\" content=\"3 minuti\" \/>\n<!-- \/ Yoast SEO plugin. -->","yoast_head_json":{"title":"Aggiungi il widget Recensioni di Yelp al tuo sito web HTML (facile e veloce)","description":"Ecco un'opportunit\u00e0 per progettare un widget Recensioni Yelp efficace e incorporarlo nel tuo sito Web HTML. Goditi il \u200b\u200bservizio clienti gratuito e altri vantaggi di Elfsight.","robots":{"index":"index","follow":"follow","max-snippet":"max-snippet:-1","max-image-preview":"max-image-preview:large","max-video-preview":"max-video-preview:-1"},"canonical":"https:\/\/elfsight.com\/it\/yelp-reviews-widget\/html\/","og_locale":"it_IT","og_type":"article","og_title":"Aggiungi il widget Recensioni di Yelp al tuo sito web HTML (facile e veloce)","og_description":"Ecco un'opportunit\u00e0 per progettare un widget Recensioni Yelp efficace e incorporarlo nel tuo sito Web HTML. Goditi il \u200b\u200bservizio clienti gratuito e altri vantaggi di Elfsight.","og_url":"https:\/\/elfsight.com\/it\/yelp-reviews-widget\/html\/","og_site_name":"Elfsight IT","article_modified_time":"2025-03-20T09:06:44+00:00","twitter_card":"summary_large_image","twitter_misc":{"Tempo di lettura stimato":"3 minuti"},"schema":{"@context":"https:\/\/schema.org","@graph":[{"@type":"WebPage","@id":"https:\/\/elfsight.com\/it\/yelp-reviews-widget\/html\/","url":"https:\/\/elfsight.com\/it\/yelp-reviews-widget\/html\/","name":"Aggiungi il widget Recensioni di Yelp al tuo sito web HTML (facile e veloce)","isPartOf":{"@id":"https:\/\/elfsight.com\/it\/#website"},"datePublished":"1970-01-01T00:00:00+00:00","dateModified":"2025-03-20T09:06:44+00:00","description":"Ecco un'opportunit\u00e0 per progettare un widget Recensioni Yelp efficace e incorporarlo nel tuo sito Web HTML. Goditi il \u200b\u200bservizio clienti gratuito e altri vantaggi di Elfsight.","breadcrumb":{"@id":"https:\/\/elfsight.com\/it\/yelp-reviews-widget\/html\/#breadcrumb"},"inLanguage":"it-IT","potentialAction":[{"@type":"ReadAction","target":["https:\/\/elfsight.com\/it\/yelp-reviews-widget\/html\/"]}]},{"@type":"BreadcrumbList","@id":"https:\/\/elfsight.com\/it\/yelp-reviews-widget\/html\/#breadcrumb","itemListElement":[{"@type":"ListItem","position":1,"name":"Home","item":"https:\/\/elfsight.com\/it\/"},{"@type":"ListItem","position":2,"name":"Yelp Reviews","item":"https:\/\/elfsight.com\/it\/yelp-reviews-widget\/"},{"@type":"ListItem","position":3,"name":"Yelp Reviews &#8211; HTML"}]},{"@type":"WebSite","@id":"https:\/\/elfsight.com\/it\/#website","url":"https:\/\/elfsight.com\/it\/","name":"Elfsight IT","description":"Just another Elfsight Sites site","potentialAction":[{"@type":"SearchAction","target":{"@type":"EntryPoint","urlTemplate":"https:\/\/elfsight.com\/it\/?s={search_term_string}"},"query-input":{"@type":"PropertyValueSpecification","valueRequired":true,"valueName":"search_term_string"}}],"inLanguage":"it-IT"}]}},"meta_box":{"industry":"","seo_heading":"","heading":"","description":"","cta_heading":"","cta_description":"","application":"1721","h1":"Widget HTML per le recensioni di Yelp","h1_caption":"Mostra le recensioni dei clienti da Yelp per creare credibilit\u00e0 e fornire prove sociali per la tua attivit\u00e0 nel tuo sito Web HTML senza sforzo.","application_category":[],"applications_title":"","applications_request_title":"","applications_request_button_text":"","hero_text":"","hero_video":"","hero_video_schema_markup":"","selling_points_title":"","selling_points_caption":"","selling_points":[],"selling_points_cta_text":"","features_title":"","features":"","ed_cta_examples_text":"","ed_cta_examples_hidden":"","ed_cta_demo_text":"","ed_cta_demo_hidden":"","why_caption":"","why_editor_title":"","why_editor_text":"","why_team_title":"","why_team_text":"","why_service_title":"","why_service_text":"","template_catalog_visible":"0","template_catalog_title":"","template_catalog_text":"","template_catalog_categories_visible":"","demo_title":"Crea il tuo widget Recensioni di Yelp","demo_caption":"Configura le tue recensioni su Yelp e aggiungile gratuitamente al tuo sito web HTML!","default_faq_hidden":"","app_template_category":[],"platform":"35","template_public_id":"","codecanyon_url":"","codecanyon_item_id":"","codecanyon_price":"","pricing_caption":"","pricing_elfsight_apps_hide_column":"","pricing_elfsight_apps_url":"","pricing_codecanyon_price_caption":"","integration_category":[],"integration_request_title":"","integration_request_cta":"","integration_platform":"","integrations":[],"platform_category":[],"video_schema_markup":"","price":"da $ 0 al mese","trial":"","benefits":[{"text":"Servizio di installazione gratuito"},{"text":"Assistenza clienti professionale"},{"text":"Garanzia di rimborso di 14 giorni"},{"text":"Futuri aggiornamenti gratuiti"}],"button_url":"#demo","button_target_blank":"0","button_nofollow":"0","attributes":[{"name":"Installazioni"},{"name":"Reattivo"},{"name":"Browser compatibili"}],"tags":[],"tags_disable_links":"0","hide_more_platforms":"0","video_object":"","demo_hide_cta":"0","demo_hide_cloud_options":"0","pricing_title":"","pricing":[{"pricing_icon":"platform","pricing_title":"Elfsight Apps","pricing_title_caption":"Software multipiattaforma","pricing_price":"da $ 0 \/ mese","pricing_price_caption":"inizia con il piano gratuito","pricing_benefits":[{"text":"Domini illimitati"},{"text":"Assistenza clienti 24 ore su 24, 7 giorni su 7"},{"text":"Supporto gratuito per l'installazione"},{"text":"Ottimo affare per pi\u00f9 app"}],"pricing_button_text":"Aggiungi al sito web","pricing_button_url":"#demo"}],"related_apps_title":"","related_apps_hidden":"0","author":"","image":[],"title":"","job":"","social_networks":[]},"_links":{"self":[{"href":"https:\/\/elfsight.com\/it\/wp-json\/wp\/v2\/pages\/6741","targetHints":{"allow":["GET"]}}],"collection":[{"href":"https:\/\/elfsight.com\/it\/wp-json\/wp\/v2\/pages"}],"about":[{"href":"https:\/\/elfsight.com\/it\/wp-json\/wp\/v2\/types\/page"}],"author":[{"embeddable":true,"href":"https:\/\/elfsight.com\/it\/wp-json\/wp\/v2\/users\/9"}],"replies":[{"embeddable":true,"href":"https:\/\/elfsight.com\/it\/wp-json\/wp\/v2\/comments?post=6741"}],"version-history":[{"count":3,"href":"https:\/\/elfsight.com\/it\/wp-json\/wp\/v2\/pages\/6741\/revisions"}],"predecessor-version":[{"id":9396,"href":"https:\/\/elfsight.com\/it\/wp-json\/wp\/v2\/pages\/6741\/revisions\/9396"}],"up":[{"embeddable":true,"href":"https:\/\/elfsight.com\/it\/wp-json\/wp\/v2\/pages\/1724"}],"wp:attachment":[{"href":"https:\/\/elfsight.com\/it\/wp-json\/wp\/v2\/media?parent=6741"}],"curies":[{"name":"wp","href":"https:\/\/api.w.org\/{rel}","templated":true}]}}