{"id":673,"date":"2020-11-06T13:16:36","date_gmt":"2020-11-06T13:16:36","guid":{"rendered":"https:\/\/elfsight.com\/it\/?page_id=673"},"modified":"2020-11-13T10:06:37","modified_gmt":"2020-11-13T10:06:37","slug":"blogspot-widgets","status":"publish","type":"page","link":"https:\/\/elfsight.com\/it\/blogspot-widgets\/","title":{"rendered":"Blogspot widgets"},"content":{"rendered":"\n<h2>La migliore soluzione per ogni sito Blogspot<\/h2>\n<figure class=\"browser-frame\"><img decoding=\"async\" alt=\"i migliori widget gratuiti per il tuo sito web blogspot\" src=\"https:\/\/elfsight.com\/wp-content\/uploads\/2020\/08\/platform-image-blogspot.jpg\"><\/figure>\n<p> Gi\u00e0 da 5 anni Elfsight produce widget premium di alta qualit\u00e0. I plugin di Elfsight ti aiutano a far crescere il numero di lead, unire il tuo sito web ai social media e ad altre attivit\u00e0, che si verificano con i siti web di e-commerce.<\/p>\n<p> Offriamo diverse tariffe: da gratuita a premium. Dai al tuo sito web la possibilit\u00e0 di andare avanti e fare una presentazione incredibile.<\/p>\n<h2>Cosa rende i nostri widget uno dei migliori per Blogspot?<\/h2>\n<p>Scopri perch\u00e9 i widget di Elfsight sono ci\u00f2 di cui hai bisogno. Ecco un elenco di funzionalit\u00e0 che le rendono una delle migliori:<\/p>\n<ul>\n<li>Aiuto gratuito per l&#8217;impostazione;<\/li>\n<li>Completamente adattabile a tutti i dispositivi;<\/li>\n<li>Nessuna capacit\u00e0 di scrittura di codice richiesta;<\/li>\n<li>Varie impostazioni personalizzate dell&#8217;interfaccia;<\/li>\n<li>Interfaccia utente semplice;<\/li>\n<li>Soluzione cloud per alta velocit\u00e0 di caricamento;<\/li>\n<li>Aggiornamenti automatici regolari;<\/li>\n<li>Aiuto competente per qualsiasi problema.<\/li>\n<\/ul>\n<p>Scopri tutti i vantaggi dei widget di Elfsight utilizzando la versione gratuita o acquista un widget che desideri con il 20% di sconto.<\/p>\n<h2>Come installare il widget sul sito web Blogspot<\/h2>\n<p>Puoi avere maggiori dettagli sull&#8217;installazione di un widget specifico nella sezione plugin.<\/p>\n<ol>\n<li>Scegli il tuo plugin e configuralo nel pannello.<\/li>\n<li>Integra un codice di plugin nel tuo sito (incollalo nel codice della pagina o del layout: sidebar, footer, etc.)<\/li>\n<li>La configurazione \u00e8 terminata con successo!<\/li>\n<\/ol>\n<p>Vuoi ottenere una consulenza gratuita sulla personalizzazione dei tuoi plugin per Blogspot? Non riesci a visualizzare il plugin? Rivolgiti semplicemente all&#8217;assistenza clienti di Elfsight e saremo lieti di rispondere alle tue domande.<\/p>\n\n\n<div class=\"faq\" data-component=\"FAQ\">\n<div class=\"faq-item\">\r\n\t\t\t\t\t<div class=\"faq-item-question\">\r\n\t\t\t\t\t\t<h3 class=\"faq-item-question-text\">In che modo integro i widget nel mio tema Blogspot?<\/h3>\r\n\r\n\t\t\t\t\t\t<div class=\"faq-item-question-icon\"><\/div>\r\n\t\t\t\t\t<\/div>\r\n\r\n\t\t\t\t\t<div class=\"faq-item-answer\">\r\n\t\t\t\t\t\t<div class=\"faq-item-answer-text\">\nPuoi incorporare i widget sul tuo sito web. Vai semplicemente nel pannello di amministrazione ed esegui le seguenti azioni:<ol>\n<li>Seleziona le impostazioni del tema;<\/li>\n<li>Trova la parte in cui desideri implementare il widget;<\/li>\n<li>Incolla il codice dell&#8217;app di Elfsight e utilizza le tue modifiche.<\/li>\n<\/ol> \n<p>Finito.<\/p>\n<\/div>\r\n\t\t\t\t\t<\/div>\r\n\t\t\t\t<\/div>\n<div class=\"faq-item\">\r\n\t\t\t\t\t<div class=\"faq-item-question\">\r\n\t\t\t\t\t\t<h3 class=\"faq-item-question-text\">Quali versioni e temi di Blogspot possono essere integrati con il widget?<\/h3>\r\n\r\n\t\t\t\t\t\t<div class=\"faq-item-question-icon\"><\/div>\r\n\t\t\t\t\t<\/div>\r\n\r\n\t\t\t\t\t<div class=\"faq-item-answer\">\r\n\t\t\t\t\t\t<div class=\"faq-item-answer-text\">\nI widget di Elfsight possono essere aggiunti su qualsiasi versione di template del sito Blogspot. Ti forniremo una prestazione costante delle nostre soluzioni.<\/div>\r\n\t\t\t\t\t<\/div>\r\n\t\t\t\t<\/div>\n<div class=\"faq-item\">\r\n\t\t\t\t\t<div class=\"faq-item-question\">\r\n\t\t\t\t\t\t<h3 class=\"faq-item-question-text\">Dove posso modificare i widget?<\/h3>\r\n\r\n\t\t\t\t\t\t<div class=\"faq-item-question-icon\"><\/div>\r\n\t\t\t\t\t<\/div>\r\n\r\n\t\t\t\t\t<div class=\"faq-item-answer\">\r\n\t\t\t\t\t\t<div class=\"faq-item-answer-text\">\nI nostri clienti potranno fare tutte le modifiche desiderate alle opzioni del widget nel pannello di amministrazione di Elfsight.\n<\/div>\r\n\t\t\t\t\t<\/div>\r\n\t\t\t\t<\/div>\n<div class=\"faq-item\">\r\n\t\t\t\t\t<div class=\"faq-item-question\">\r\n\t\t\t\t\t\t<h3 class=\"faq-item-question-text\">C'\u00e8 un'opzione per parlare con il centro di supporto Elfsight se ho un abbonamento gratuito?<\/h3>\r\n\r\n\t\t\t\t\t\t<div class=\"faq-item-question-icon\"><\/div>\r\n\t\t\t\t\t<\/div>\r\n\r\n\t\t\t\t\t<div class=\"faq-item-answer\">\r\n\t\t\t\t\t\t<div class=\"faq-item-answer-text\">\nTutti i clienti possono scrivere a esperti di supporto per fare una richiesta sulle prestazioni delle nostre soluzioni.\n<\/div>\r\n\t\t\t\t\t<\/div>\r\n\t\t\t\t<\/div>\n<\/div>\n","protected":false},"excerpt":{"rendered":"La migliore soluzione per ogni sito Blogspot Gi\u00e0 da 5 anni Elfsight produce widget premium di alta qualit\u00e0. I plugin di Elfsight ti aiutano a far crescere il numero di lead, unire il tuo sito web ai social media e ad altre attivit\u00e0, che si verificano con i siti web&#8230;","protected":false},"author":11,"featured_media":0,"parent":0,"menu_order":0,"comment_status":"closed","ping_status":"closed","template":"templates\/template-platform.php","meta":{"publish_to_discourse":"","publish_post_category":"","wpdc_auto_publish_overridden":"","wpdc_topic_tags":"","wpdc_pin_topic":"","wpdc_pin_until":"","discourse_post_id":"","discourse_permalink":"","wpdc_publishing_response":"","wpdc_publishing_error":"","footnotes":""},"class_list":["post-673","page","type-page","status-publish","hentry"],"yoast_head":"<!-- This site is optimized with the Yoast SEO plugin v25.3.1 - https:\/\/yoast.com\/wordpress\/plugins\/seo\/ -->\n<title>Oltre 70 migliori widget gratuiti per il tuo sito web Blogspot (nel 2025)<\/title>\n<meta name=\"description\" content=\"I migliori plugin e widget gratuiti per Blogspot. Supporto all&#039;installazione, ampie personalizzazioni e compatibilit\u00e0 con ogni versione\" \/>\n<meta name=\"robots\" content=\"index, follow, max-snippet:-1, max-image-preview:large, max-video-preview:-1\" \/>\n<link rel=\"canonical\" href=\"https:\/\/elfsight.com\/it\/blogspot-widgets\/\" \/>\n<meta property=\"og:locale\" content=\"it_IT\" \/>\n<meta property=\"og:type\" content=\"article\" \/>\n<meta property=\"og:title\" content=\"Oltre 70 migliori widget gratuiti per il tuo sito web Blogspot (nel 2025)\" \/>\n<meta property=\"og:description\" content=\"I migliori plugin e widget gratuiti per Blogspot. Supporto all&#039;installazione, ampie personalizzazioni e compatibilit\u00e0 con ogni versione\" \/>\n<meta property=\"og:url\" content=\"https:\/\/elfsight.com\/it\/blogspot-widgets\/\" \/>\n<meta property=\"og:site_name\" content=\"Elfsight IT\" \/>\n<meta property=\"article:modified_time\" content=\"2020-11-13T10:06:37+00:00\" \/>\n<meta property=\"og:image\" content=\"https:\/\/elfsight.com\/wp-content\/uploads\/2020\/08\/platform-image-blogspot.jpg\" \/>\n<meta name=\"twitter:card\" content=\"summary_large_image\" \/>\n<meta name=\"twitter:label1\" content=\"Tempo di lettura stimato\" \/>\n\t<meta name=\"twitter:data1\" content=\"2 minuti\" \/>\n<!-- \/ Yoast SEO plugin. -->","yoast_head_json":{"title":"Oltre 70 migliori widget gratuiti per il tuo sito web Blogspot (nel 2025)","description":"I migliori plugin e widget gratuiti per Blogspot. Supporto all'installazione, ampie personalizzazioni e compatibilit\u00e0 con ogni versione","robots":{"index":"index","follow":"follow","max-snippet":"max-snippet:-1","max-image-preview":"max-image-preview:large","max-video-preview":"max-video-preview:-1"},"canonical":"https:\/\/elfsight.com\/it\/blogspot-widgets\/","og_locale":"it_IT","og_type":"article","og_title":"Oltre 70 migliori widget gratuiti per il tuo sito web Blogspot (nel 2025)","og_description":"I migliori plugin e widget gratuiti per Blogspot. Supporto all'installazione, ampie personalizzazioni e compatibilit\u00e0 con ogni versione","og_url":"https:\/\/elfsight.com\/it\/blogspot-widgets\/","og_site_name":"Elfsight IT","article_modified_time":"2020-11-13T10:06:37+00:00","og_image":[{"url":"https:\/\/elfsight.com\/wp-content\/uploads\/2020\/08\/platform-image-blogspot.jpg","type":"","width":"","height":""}],"twitter_card":"summary_large_image","twitter_misc":{"Tempo di lettura stimato":"2 minuti"},"schema":{"@context":"https:\/\/schema.org","@graph":[{"@type":"WebPage","@id":"https:\/\/elfsight.com\/it\/blogspot-widgets\/","url":"https:\/\/elfsight.com\/it\/blogspot-widgets\/","name":"Oltre 70 migliori widget gratuiti per il tuo sito web Blogspot (nel 2025)","isPartOf":{"@id":"https:\/\/elfsight.com\/it\/#website"},"primaryImageOfPage":{"@id":"https:\/\/elfsight.com\/it\/blogspot-widgets\/#primaryimage"},"image":{"@id":"https:\/\/elfsight.com\/it\/blogspot-widgets\/#primaryimage"},"thumbnailUrl":"https:\/\/elfsight.com\/wp-content\/uploads\/2020\/08\/platform-image-blogspot.jpg","datePublished":"2020-11-06T13:16:36+00:00","dateModified":"2020-11-13T10:06:37+00:00","description":"I migliori plugin e widget gratuiti per Blogspot. Supporto all'installazione, ampie personalizzazioni e compatibilit\u00e0 con ogni versione","breadcrumb":{"@id":"https:\/\/elfsight.com\/it\/blogspot-widgets\/#breadcrumb"},"inLanguage":"it-IT","potentialAction":[{"@type":"ReadAction","target":["https:\/\/elfsight.com\/it\/blogspot-widgets\/"]}]},{"@type":"ImageObject","inLanguage":"it-IT","@id":"https:\/\/elfsight.com\/it\/blogspot-widgets\/#primaryimage","url":"https:\/\/elfsight.com\/wp-content\/uploads\/2020\/08\/platform-image-blogspot.jpg","contentUrl":"https:\/\/elfsight.com\/wp-content\/uploads\/2020\/08\/platform-image-blogspot.jpg"},{"@type":"BreadcrumbList","@id":"https:\/\/elfsight.com\/it\/blogspot-widgets\/#breadcrumb","itemListElement":[{"@type":"ListItem","position":1,"name":"Home","item":"https:\/\/elfsight.com\/it\/"},{"@type":"ListItem","position":2,"name":"Blogspot widgets"}]},{"@type":"WebSite","@id":"https:\/\/elfsight.com\/it\/#website","url":"https:\/\/elfsight.com\/it\/","name":"Elfsight IT","description":"Just another Elfsight Sites site","potentialAction":[{"@type":"SearchAction","target":{"@type":"EntryPoint","urlTemplate":"https:\/\/elfsight.com\/it\/?s={search_term_string}"},"query-input":{"@type":"PropertyValueSpecification","valueRequired":true,"valueName":"search_term_string"}}],"inLanguage":"it-IT"}]}},"meta_box":{"industry":"","seo_heading":"","heading":"","description":"","cta_heading":"","cta_description":"","application":"","h1":"I migliori widget per Blogspot","h1_caption":"Una vasta libreria di plugin gratuiti con funzioni utili per una migliore conversione e coinvolgimento sul tuo sito. Integrazione rapida, ampia ottimizzazione e supporto utile.","application_category":[],"applications_title":"Prova l'elenco di tutti i widget per Blogspot gratuiti","applications_request_title":"Non riesci a trovare il plugin giusto?","applications_request_button_text":"Richiedi un plugin","hero_text":"","hero_video":"","hero_video_schema_markup":"","selling_points_title":"","selling_points_caption":"","selling_points":[],"selling_points_cta_text":"","features_title":"","features":"","ed_cta_examples_text":"","ed_cta_examples_hidden":"","ed_cta_demo_text":"","ed_cta_demo_hidden":"","why_caption":"","why_editor_title":"","why_editor_text":"","why_team_title":"","why_team_text":"","why_service_title":"","why_service_text":"","template_catalog_visible":"","template_catalog_title":"","template_catalog_text":"","template_catalog_categories_visible":"","demo_title":"","demo_caption":"","default_faq_hidden":"","app_template_category":[],"platform":"50","template_public_id":"","codecanyon_url":"","codecanyon_item_id":"","codecanyon_price":"","pricing_caption":"","pricing_elfsight_apps_hide_column":"","pricing_elfsight_apps_url":"","pricing_codecanyon_price_caption":"","integration_category":[],"integration_request_title":"","integration_request_cta":"","integration_platform":"","integrations":[],"platform_category":[],"video_schema_markup":"","price":"","trial":"","benefits":[],"button_url":"","button_target_blank":"","button_nofollow":"","attributes":[],"tags":[],"tags_disable_links":"","hide_more_platforms":"","video_object":"","demo_hide_cta":"","demo_hide_cloud_options":"","pricing_title":"","pricing":[],"related_apps_title":"","related_apps_hidden":"","author":"","image":[],"title":"","job":"","social_networks":[]},"_links":{"self":[{"href":"https:\/\/elfsight.com\/it\/wp-json\/wp\/v2\/pages\/673","targetHints":{"allow":["GET"]}}],"collection":[{"href":"https:\/\/elfsight.com\/it\/wp-json\/wp\/v2\/pages"}],"about":[{"href":"https:\/\/elfsight.com\/it\/wp-json\/wp\/v2\/types\/page"}],"author":[{"embeddable":true,"href":"https:\/\/elfsight.com\/it\/wp-json\/wp\/v2\/users\/11"}],"replies":[{"embeddable":true,"href":"https:\/\/elfsight.com\/it\/wp-json\/wp\/v2\/comments?post=673"}],"version-history":[{"count":1,"href":"https:\/\/elfsight.com\/it\/wp-json\/wp\/v2\/pages\/673\/revisions"}],"predecessor-version":[{"id":674,"href":"https:\/\/elfsight.com\/it\/wp-json\/wp\/v2\/pages\/673\/revisions\/674"}],"wp:attachment":[{"href":"https:\/\/elfsight.com\/it\/wp-json\/wp\/v2\/media?parent=673"}],"curies":[{"name":"wp","href":"https:\/\/api.w.org\/{rel}","templated":true}]}}