{"id":6725,"date":"1970-01-01T00:00:00","date_gmt":"1970-01-01T00:00:00","guid":{"rendered":"https:\/\/elfsight.com\/it\/?page_id=6725"},"modified":"2024-11-12T13:13:59","modified_gmt":"2024-11-12T13:13:59","slug":"joomla","status":"publish","type":"page","link":"https:\/\/elfsight.com\/it\/yelp-reviews-widget\/joomla\/","title":{"rendered":"Yelp Reviews &#8211; Joomla"},"content":{"rendered":"<div class=\"application-platform-content-item-description application-platform-content-item\" id=\"description\" data-nav-section=\"description\"> <h2>Descrizione<\/h2> <p>Se vuoi mostrare la tua valutazione elevata e convincere i visitatori del sito che le tue offerte hanno un buon rapporto qualit\u00e0-prezzo, Il widget Elfsight Yelp Reviews si adatta perfettamente a te. Avendo questo strumento, inserirai rapidamente le recensioni dei clienti di Yelp nel tuo sito con i dettagli sui loro autori, le filtrerai per dimostrare solo quelle positive, aggiungerai valutazioni e il pulsante di richiesta di revisione che condurr\u00e0 gli utenti sulla tua pagina di Yelp, dove potranno aggiungerne un&#8217;altra. revisione. <\/p><div class=\"faq\" data-component=\"FAQ\"> <div class=\"faq-item\">\r\n\t\t\t\t\t<div class=\"faq-item-question\">\r\n\t\t\t\t\t\t<h3 class=\"faq-item-question-text\">Dove posso installare il widget Recensioni sul mio sito<\/h3>\r\n\r\n\t\t\t\t\t\t<div class=\"faq-item-question-icon\"><\/div>\r\n\t\t\t\t\t<\/div>\r\n\r\n\t\t\t\t\t<div class=\"faq-item-answer\">\r\n\t\t\t\t\t\t<div class=\"faq-item-answer-text\"> <p>Il widget pu\u00f2 essere impostato su qualsiasi pagina web, dove desideri mostrare la tua valutazione elevata e la popolarit\u00e0 tra i clienti . Se desideri mostrare il widget su tutte le pagine del tuo sito, puoi facilmente introdurlo nel modello del sito web. <\/p><\/div>\r\n\t\t\t\t\t<\/div>\r\n\t\t\t\t<\/div> <div class=\"faq-item\">\r\n\t\t\t\t\t<div class=\"faq-item-question\">\r\n\t\t\t\t\t\t<h3 class=\"faq-item-question-text\">Quali vantaggi mi offre? <\/h3>\r\n\r\n\t\t\t\t\t\t<div class=\"faq-item-question-icon\"><\/div>\r\n\t\t\t\t\t<\/div>\r\n\r\n\t\t\t\t\t<div class=\"faq-item-answer\">\r\n\t\t\t\t\t\t<div class=\"faq-item-answer-text\"> <p>Le recensioni di persone reali sembrano estremamente affidabili per i clienti del tuo sito e significano per loro che la tua azienda \u00e8 un partner affidabile. Una valutazione elevata e recensioni positive possono aiutarti ad aumentare gli acquisti sul tuo sito. Inoltre, il pulsante attivo pu\u00f2 contribuire a ricevere pi\u00f9 recensioni da parte degli utenti sulla tua attivit\u00e0 su Yelp. <\/p> <\/div>\r\n\t\t\t\t\t<\/div>\r\n\t\t\t\t<\/div> <div class=\"faq-item\">\r\n\t\t\t\t\t<div class=\"faq-item-question\">\r\n\t\t\t\t\t\t<h3 class=\"faq-item-question-text\">Come posso incorporare le recensioni dal widget Yelp nel mio sito web Joomla? <\/h3>\r\n\r\n\t\t\t\t\t\t<div class=\"faq-item-question-icon\"><\/div>\r\n\t\t\t\t\t<\/div>\r\n\r\n\t\t\t\t\t<div class=\"faq-item-answer\">\r\n\t\t\t\t\t\t<div class=\"faq-item-answer-text\"> <p>Ci vogliono solo due minuti del tuo tempo per iniziare a utilizzare il widget. \u00c8 estremamente veloce, gratuito e non richiede codifica. <\/p> <p>Il widget Elfsight Reviews pu\u00f2 essere configurato tramite il nostro servizio o sul marketplace. Puoi confrontare entrambe le opzioni e scegliere la tua. <\/p><\/div>\r\n\t\t\t\t\t<\/div>\r\n\t\t\t\t<\/div> <\/div> <\/div> <div class=\"application-platform-content-item-features application-platform-content-item\" id=\"features\" data-nav-section=\"features\"> <h2>Caratteristiche<\/h2> <p>Per avere una comprensione completa del widget, puoi studiare l&#8217;elenco di le caratteristiche essenziali. Rendono il nostro widget davvero efficace per te: <\/p> <ul> <li>Tre tipi di filtri: per tipo, escludi per e quantit\u00e0 di recensioni da visualizzare; <\/li> <li>4 layout disponibili: Elenco, Griglia, Muratura e Dispositivo di scorrimento; <\/li> <li>Un&#8217;opzione per attivare\/disattivare l&#8217;intestazione del widget; <\/li> <li>Il pulsante per richiedere una revisione indirizza i clienti alla tua pagina Yelp; <\/li> <li>Sei elementi flessibili delle recensioni: nome e immagine dell&#8217;autore, testo del consiglio, data di pubblicazione, icona di Yelp e valutazione in stelle; <\/li> <li>Due possibili scenari di rifiuto della richiesta di revisione: visualizzare un messaggio personalizzato o nascondere il pulsante. <\/li> <\/ul><p><a href=\"#demo\">La nostra demo dal vivo ti mostrer\u00e0 pi\u00f9 funzionalit\u00e0<\/a><\/p> <\/div> <div class=\"application-platform-content-item-installation application-platform-content-item\" id=\"installation\" data-nav-section=\"installation\"> <h2>Ecco come incorporare le recensioni di Yelp nel tuo sito Joomla<\/h2> <p>Segui semplicemente le istruzioni seguenti per attivare l&#8217;estensione Recensioni di Yelp su Joomla.<\/p> <ol><li><b>Esegui la nostra configuratore e inizia a costruire il tuo widget personalizzato. <\/b><br> Scegli la forma e la funzionalit\u00e0 preferite dell&#8217;estensione e applica le correzioni. <\/li> <li><b>Acquisisci il tuo codice univoco esposto nell&#8217;apposito form su Elfsight Apps. <\/b><br> Una volta completata la creazione del tuo strumento, copia il codice individuale nella finestra visualizzata e conservalo per ulteriori occasioni. <\/li> <li><b>Inizia a utilizzare lo strumento sul sito Web Joomla. <\/b><br> Incorpora il codice copiato in precedenza nel tuo sito e applica le modifiche. <\/li> <li><b>Fatto! L&#8217;integrazione \u00e8 completamente compiuta. <\/b><br> Vai alla tua pagina per vedere in azione come funziona lo strumento. <\/li><\/ol><p>Ancora indeciso? O ti sei imbattuto in qualcosa? Quindi invia una richiesta al nostro team di supporto; risolveremo qualsiasi problema. <\/p> <\/div>","protected":false},"excerpt":{"rendered":"","protected":false},"author":9,"featured_media":0,"parent":1724,"menu_order":0,"comment_status":"closed","ping_status":"closed","template":"templates\/template-application-platform.php","meta":{"publish_to_discourse":"","publish_post_category":"","wpdc_auto_publish_overridden":"","wpdc_topic_tags":"","wpdc_pin_topic":"","wpdc_pin_until":"","discourse_post_id":"","discourse_permalink":"","wpdc_publishing_response":"","wpdc_publishing_error":"","footnotes":""},"class_list":["post-6725","page","type-page","status-publish","hentry"],"yoast_head":"<!-- This site is optimized with the Yoast SEO plugin v25.3.1 - https:\/\/yoast.com\/wordpress\/plugins\/seo\/ -->\n<title>Aggiungi l&#039;estensione Recensioni di Yelp al tuo sito web Joomla (2025)<\/title>\n<meta name=\"description\" content=\"Con Elfsight, costruisci le tue recensioni su Yelp e mostrale sul tuo sito Joomla in modo facile e veloce. Offriamo servizio clienti gratuito e altri bonus.\" \/>\n<meta name=\"robots\" content=\"index, follow, max-snippet:-1, max-image-preview:large, max-video-preview:-1\" \/>\n<link rel=\"canonical\" href=\"https:\/\/elfsight.com\/it\/yelp-reviews-widget\/joomla\/\" \/>\n<meta property=\"og:locale\" content=\"it_IT\" \/>\n<meta property=\"og:type\" content=\"article\" \/>\n<meta property=\"og:title\" content=\"Aggiungi l&#039;estensione Recensioni di Yelp al tuo sito web Joomla (2025)\" \/>\n<meta property=\"og:description\" content=\"Con Elfsight, costruisci le tue recensioni su Yelp e mostrale sul tuo sito Joomla in modo facile e veloce. Offriamo servizio clienti gratuito e altri bonus.\" \/>\n<meta property=\"og:url\" content=\"https:\/\/elfsight.com\/it\/yelp-reviews-widget\/joomla\/\" \/>\n<meta property=\"og:site_name\" content=\"Elfsight IT\" \/>\n<meta property=\"article:modified_time\" content=\"2024-11-12T13:13:59+00:00\" \/>\n<meta name=\"twitter:card\" content=\"summary_large_image\" \/>\n<meta name=\"twitter:label1\" content=\"Tempo di lettura stimato\" \/>\n\t<meta name=\"twitter:data1\" content=\"3 minuti\" \/>\n<!-- \/ Yoast SEO plugin. -->","yoast_head_json":{"title":"Aggiungi l'estensione Recensioni di Yelp al tuo sito web Joomla (2025)","description":"Con Elfsight, costruisci le tue recensioni su Yelp e mostrale sul tuo sito Joomla in modo facile e veloce. Offriamo servizio clienti gratuito e altri bonus.","robots":{"index":"index","follow":"follow","max-snippet":"max-snippet:-1","max-image-preview":"max-image-preview:large","max-video-preview":"max-video-preview:-1"},"canonical":"https:\/\/elfsight.com\/it\/yelp-reviews-widget\/joomla\/","og_locale":"it_IT","og_type":"article","og_title":"Aggiungi l'estensione Recensioni di Yelp al tuo sito web Joomla (2025)","og_description":"Con Elfsight, costruisci le tue recensioni su Yelp e mostrale sul tuo sito Joomla in modo facile e veloce. Offriamo servizio clienti gratuito e altri bonus.","og_url":"https:\/\/elfsight.com\/it\/yelp-reviews-widget\/joomla\/","og_site_name":"Elfsight IT","article_modified_time":"2024-11-12T13:13:59+00:00","twitter_card":"summary_large_image","twitter_misc":{"Tempo di lettura stimato":"3 minuti"},"schema":{"@context":"https:\/\/schema.org","@graph":[{"@type":"WebPage","@id":"https:\/\/elfsight.com\/it\/yelp-reviews-widget\/joomla\/","url":"https:\/\/elfsight.com\/it\/yelp-reviews-widget\/joomla\/","name":"Aggiungi l'estensione Recensioni di Yelp al tuo sito web Joomla (2025)","isPartOf":{"@id":"https:\/\/elfsight.com\/it\/#website"},"datePublished":"1970-01-01T00:00:00+00:00","dateModified":"2024-11-12T13:13:59+00:00","description":"Con Elfsight, costruisci le tue recensioni su Yelp e mostrale sul tuo sito Joomla in modo facile e veloce. Offriamo servizio clienti gratuito e altri bonus.","breadcrumb":{"@id":"https:\/\/elfsight.com\/it\/yelp-reviews-widget\/joomla\/#breadcrumb"},"inLanguage":"it-IT","potentialAction":[{"@type":"ReadAction","target":["https:\/\/elfsight.com\/it\/yelp-reviews-widget\/joomla\/"]}]},{"@type":"BreadcrumbList","@id":"https:\/\/elfsight.com\/it\/yelp-reviews-widget\/joomla\/#breadcrumb","itemListElement":[{"@type":"ListItem","position":1,"name":"Home","item":"https:\/\/elfsight.com\/it\/"},{"@type":"ListItem","position":2,"name":"Yelp Reviews","item":"https:\/\/elfsight.com\/it\/yelp-reviews-widget\/"},{"@type":"ListItem","position":3,"name":"Yelp Reviews &#8211; Joomla"}]},{"@type":"WebSite","@id":"https:\/\/elfsight.com\/it\/#website","url":"https:\/\/elfsight.com\/it\/","name":"Elfsight IT","description":"Just another Elfsight Sites site","potentialAction":[{"@type":"SearchAction","target":{"@type":"EntryPoint","urlTemplate":"https:\/\/elfsight.com\/it\/?s={search_term_string}"},"query-input":{"@type":"PropertyValueSpecification","valueRequired":true,"valueName":"search_term_string"}}],"inLanguage":"it-IT"}]}},"meta_box":{"industry":"","seo_heading":"","heading":"","description":"","cta_heading":"","cta_description":"","application":"1721","h1":"Estensione per le recensioni di Joomla Yelp","h1_caption":"Mostra le recensioni dei clienti da Yelp per creare credibilit\u00e0 e fornire prove sociali per la tua attivit\u00e0 nel tuo sito Web Joomla senza sforzo.","application_category":[],"applications_title":"","applications_request_title":"","applications_request_button_text":"","hero_text":"","hero_video":"","hero_video_schema_markup":"","selling_points_title":"","selling_points_caption":"","selling_points":[],"selling_points_cta_text":"","features_title":"","features":"","ed_cta_examples_text":"","ed_cta_examples_hidden":"","ed_cta_demo_text":"","ed_cta_demo_hidden":"","why_caption":"","why_editor_title":"","why_editor_text":"","why_team_title":"","why_team_text":"","why_service_title":"","why_service_text":"","template_catalog_visible":"","template_catalog_title":"","template_catalog_text":"","template_catalog_categories_visible":"","demo_title":"Crea il tuo plugin per le recensioni di Yelp","demo_caption":"Configura le tue recensioni su Yelp e aggiungile gratuitamente al tuo sito Joomla!","default_faq_hidden":"","app_template_category":[],"platform":"36","template_public_id":"","codecanyon_url":"","codecanyon_item_id":"","codecanyon_price":"","pricing_caption":"","pricing_elfsight_apps_hide_column":"","pricing_elfsight_apps_url":"","pricing_codecanyon_price_caption":"","integration_category":[],"integration_request_title":"","integration_request_cta":"","integration_platform":"","integrations":[],"platform_category":[],"video_schema_markup":"","price":"da $ 0 al mese","trial":"","benefits":[{"text":"Aiuto per l'installazione gratuito"},{"text":"Assistenza clienti con esperienza"},{"text":"Garanzia di rimborso di 14 giorni"},{"text":"Sviluppo continuo"}],"button_url":"#demo","button_target_blank":"","button_nofollow":"","attributes":[{"name":"Installazioni"},{"name":"Reattivo"},{"name":"Browser compatibili"}],"tags":[],"tags_disable_links":"","hide_more_platforms":"","video_object":"","demo_hide_cta":"","demo_hide_cloud_options":"","pricing_title":"","pricing":[{"pricing_icon":"platform","pricing_title":"Elfsight Apps","pricing_title_caption":"Software indipendente dalla piattaforma","pricing_price":"da $ 0 \/ mese","pricing_price_caption":"inizia con il piano gratuito","pricing_benefits":[{"text":"Domini illimitati"},{"text":"Supporto dedicato e puntuale"},{"text":"Servizio di installazione gratuito"},{"text":"Offerta a tempo limitato per pi\u00f9 app"}],"pricing_button_text":"Aggiungi al sito web","pricing_button_url":"#demo"}],"related_apps_title":"","related_apps_hidden":"","author":"","image":[],"title":"","job":"","social_networks":[]},"_links":{"self":[{"href":"https:\/\/elfsight.com\/it\/wp-json\/wp\/v2\/pages\/6725","targetHints":{"allow":["GET"]}}],"collection":[{"href":"https:\/\/elfsight.com\/it\/wp-json\/wp\/v2\/pages"}],"about":[{"href":"https:\/\/elfsight.com\/it\/wp-json\/wp\/v2\/types\/page"}],"author":[{"embeddable":true,"href":"https:\/\/elfsight.com\/it\/wp-json\/wp\/v2\/users\/9"}],"replies":[{"embeddable":true,"href":"https:\/\/elfsight.com\/it\/wp-json\/wp\/v2\/comments?post=6725"}],"version-history":[{"count":1,"href":"https:\/\/elfsight.com\/it\/wp-json\/wp\/v2\/pages\/6725\/revisions"}],"predecessor-version":[{"id":6729,"href":"https:\/\/elfsight.com\/it\/wp-json\/wp\/v2\/pages\/6725\/revisions\/6729"}],"up":[{"embeddable":true,"href":"https:\/\/elfsight.com\/it\/wp-json\/wp\/v2\/pages\/1724"}],"wp:attachment":[{"href":"https:\/\/elfsight.com\/it\/wp-json\/wp\/v2\/media?parent=6725"}],"curies":[{"name":"wp","href":"https:\/\/api.w.org\/{rel}","templated":true}]}}