{"id":6722,"date":"1970-01-01T00:00:00","date_gmt":"1970-01-01T00:00:00","guid":{"rendered":"https:\/\/elfsight.com\/it\/?page_id=6722"},"modified":"2024-11-12T13:13:52","modified_gmt":"2024-11-12T13:13:52","slug":"opencart","status":"publish","type":"page","link":"https:\/\/elfsight.com\/it\/yelp-reviews-widget\/opencart\/","title":{"rendered":"Yelp Reviews &#8211; OpenCart"},"content":{"rendered":"<div class=\"application-platform-content-item-description application-platform-content-item\" id=\"description\" data-nav-section=\"description\"> <h2>Descrizione<\/h2> <p>Elfsight Yelp Reviews \u00e8 uno strumento intuitivo che ti consentir\u00e0 di pubblicare facilmente sul sito le recensioni sulle tue offerte dai post su Yelp. Con la nostra estensione, puoi applicare filtri per eliminare le recensioni indesiderate, vantare le tue valutazioni in stelle e numeri da Yelp, mostrare informazioni sugli autori e un pulsante che porter\u00e0 i visitatori a lasciare una recensione su Yelp. Le recensioni di Elfsight Yelp ti aiuteranno a dimostrare la tua elevata prova sociale sul tuo sito web personale e ad attirare nuove vendite. <\/p><div class=\"faq\" data-component=\"FAQ\"> <div class=\"faq-item\">\r\n\t\t\t\t\t<div class=\"faq-item-question\">\r\n\t\t\t\t\t\t<h3 class=\"faq-item-question-text\">Dove posso pubblicarlo?<\/h3>\r\n\r\n\t\t\t\t\t\t<div class=\"faq-item-question-icon\"><\/div>\r\n\t\t\t\t\t<\/div>\r\n\r\n\t\t\t\t\t<div class=\"faq-item-answer\">\r\n\t\t\t\t\t\t<div class=\"faq-item-answer-text\"> <p>Questa estensione pu\u00f2 essere posizionata su qualsiasi pagina, dove desideri dimostrare la tua alta valutazione e popolarit\u00e0 tra i clienti. Se ne hai bisogno su tutte le pagine del sito, puoi semplicemente inserirlo nel modello del sito web. <\/p><\/div>\r\n\t\t\t\t\t<\/div>\r\n\t\t\t\t<\/div> <div class=\"faq-item\">\r\n\t\t\t\t\t<div class=\"faq-item-question\">\r\n\t\t\t\t\t\t<h3 class=\"faq-item-question-text\">Come posso trarre vantaggio dall'estensione Recensioni? <\/h3>\r\n\r\n\t\t\t\t\t\t<div class=\"faq-item-question-icon\"><\/div>\r\n\t\t\t\t\t<\/div>\r\n\r\n\t\t\t\t\t<div class=\"faq-item-answer\">\r\n\t\t\t\t\t\t<div class=\"faq-item-answer-text\"> <p>Le recensioni aggiunte da persone reali sono perfettamente credibili per i visitatori del tuo sito e dimostrano loro che la tua azienda \u00e8 un partner affidabile. Una valutazione elevata e impressioni positive possono aiutarti ad aumentare il livello di acquisti dal tuo sito. Inoltre, il pulsante attivo pu\u00f2 contribuire ad avere pi\u00f9 recensioni dei clienti relative alla tua attivit\u00e0 su Yelp. <\/p> <\/div>\r\n\t\t\t\t\t<\/div>\r\n\t\t\t\t<\/div> <div class=\"faq-item\">\r\n\t\t\t\t\t<div class=\"faq-item-question\">\r\n\t\t\t\t\t\t<h3 class=\"faq-item-question-text\">Come faccio a incorporare le recensioni dall'estensione Yelp sul mio sito web OpenCart? <\/h3>\r\n\r\n\t\t\t\t\t\t<div class=\"faq-item-question-icon\"><\/div>\r\n\t\t\t\t\t<\/div>\r\n\r\n\t\t\t\t\t<div class=\"faq-item-answer\">\r\n\t\t\t\t\t\t<div class=\"faq-item-answer-text\"> <p>Ci vorr\u00e0 solo un minuto del tuo tempo per iniziare a utilizzare il widget. L\u2019integrazione \u00e8 davvero veloce, gratuita e non richiede codifica. <\/p> <p>L&#8217;estensione Elfsight Reviews pu\u00f2 essere inserita nel tuo sito tramite il nostro servizio o tramite il marketplace. Puoi confrontare i vantaggi di entrambe le varianti e scegliere la tua. <\/p><\/div>\r\n\t\t\t\t\t<\/div>\r\n\t\t\t\t<\/div> <\/div> <\/div> <div class=\"application-platform-content-item-features application-platform-content-item\" id=\"features\" data-nav-section=\"features\"> <h2>Caratteristiche<\/h2> <p>Per avere un&#8217;idea chiara dell&#8217;estensione Reviews, puoi studiare le elenco dei tratti essenziali. Rendono questo widget incredibilmente efficiente per la tua attivit\u00e0: <\/p> <ul> <li>3 filtri predefiniti: per tipo, esclusione per e quantit\u00e0 di recensioni da visualizzare; <\/li> <li>4 varianti di layout: Elenco, Griglia, Massoneria e Slider; <\/li> <li> Intestazione completamente flessibile del widget; <\/li> <li>Il pulsante per richiedere una recensione indirizza i visitatori alla pagina di Yelp; <\/li> <li>6 elementi flessibili del widget: nome e foto dell&#8217;autore, consiglio, data, icona di Yelp e valutazione in stelle; <\/li> <li>Due opzioni di scenari di rifiuto della richiesta di revisione: mostrare un messaggio di testo o nascondere il pulsante. <\/li> <\/ul><p><a href=\"#demo\">Scopri altre funzionalit\u00e0 nella nostra demo live<\/a><\/p> <\/div> <div class=\"application-platform-content-item-installation application-platform-content-item\" id=\"installation\" data-nav-section=\"installation\"> <h2> Vediamo come incorporare l&#8217;estensione Yelp Reviews sul tuo sito web OpenCart<\/h2> <p>Segui semplicemente le istruzioni seguenti per inserire l&#8217;estensione su OpenCart.<\/p> <ol><li><b>Esegui il nostro editor gratuito e inizia a dare forma al tuo strumento su misura. <\/b><br> Scegli l&#8217;aspetto e le funzionalit\u00e0 adatte alle recensioni di Yelp e applica le correzioni. <\/li> <li><b>Copia il codice univoco esposto nel box su Elfsight Apps. <\/b><br> Una volta completata la configurazione del tuo strumento, copia il codice individuale nella casella visualizzata e salvalo per un utilizzo successivo. <\/li> <li><b>Accedi utilizzando il widget sul tuo sito web OpenCart. <\/b><br> Aggiungi il codice che hai salvato di recente nel tuo sito web e salva i miglioramenti. <\/li> <li><b>Il gioco \u00e8 fatto! L&#8217;integrazione \u00e8 stata eseguita con successo. <\/b><br> Vai al tuo sito per verificare le prestazioni dello strumento. <\/li><\/ol> <p>Dubbi ancora qualcosa? O hai domande? Basta una singola richiesta al nostro team di supporto per risolvere qualsiasi domanda. <\/p> <\/div>","protected":false},"excerpt":{"rendered":"","protected":false},"author":9,"featured_media":0,"parent":1724,"menu_order":0,"comment_status":"closed","ping_status":"closed","template":"templates\/template-application-platform.php","meta":{"publish_to_discourse":"","publish_post_category":"","wpdc_auto_publish_overridden":"","wpdc_topic_tags":"","wpdc_pin_topic":"","wpdc_pin_until":"","discourse_post_id":"","discourse_permalink":"","wpdc_publishing_response":"","wpdc_publishing_error":"","footnotes":""},"class_list":["post-6722","page","type-page","status-publish","hentry"],"yoast_head":"<!-- This site is optimized with the Yoast SEO plugin v25.3.1 - https:\/\/yoast.com\/wordpress\/plugins\/seo\/ -->\n<title>Aggiungi l&#039;estensione Recensioni di Yelp al tuo sito Web OpenCart (2025)<\/title>\n<meta name=\"description\" content=\"Ecco la possibilit\u00e0 di produrre il widget Recensioni di Yelp e incorporarlo nel tuo sito Web OpenCart. Goditi l&#039;assistenza clienti gratuita e altri bonus da Elfsight.\" \/>\n<meta name=\"robots\" content=\"index, follow, max-snippet:-1, max-image-preview:large, max-video-preview:-1\" \/>\n<link rel=\"canonical\" href=\"https:\/\/elfsight.com\/it\/yelp-reviews-widget\/opencart\/\" \/>\n<meta property=\"og:locale\" content=\"it_IT\" \/>\n<meta property=\"og:type\" content=\"article\" \/>\n<meta property=\"og:title\" content=\"Aggiungi l&#039;estensione Recensioni di Yelp al tuo sito Web OpenCart (2025)\" \/>\n<meta property=\"og:description\" content=\"Ecco la possibilit\u00e0 di produrre il widget Recensioni di Yelp e incorporarlo nel tuo sito Web OpenCart. Goditi l&#039;assistenza clienti gratuita e altri bonus da Elfsight.\" \/>\n<meta property=\"og:url\" content=\"https:\/\/elfsight.com\/it\/yelp-reviews-widget\/opencart\/\" \/>\n<meta property=\"og:site_name\" content=\"Elfsight IT\" \/>\n<meta property=\"article:modified_time\" content=\"2024-11-12T13:13:52+00:00\" \/>\n<meta name=\"twitter:card\" content=\"summary_large_image\" \/>\n<meta name=\"twitter:label1\" content=\"Tempo di lettura stimato\" \/>\n\t<meta name=\"twitter:data1\" content=\"3 minuti\" \/>\n<!-- \/ Yoast SEO plugin. -->","yoast_head_json":{"title":"Aggiungi l'estensione Recensioni di Yelp al tuo sito Web OpenCart (2025)","description":"Ecco la possibilit\u00e0 di produrre il widget Recensioni di Yelp e incorporarlo nel tuo sito Web OpenCart. Goditi l'assistenza clienti gratuita e altri bonus da Elfsight.","robots":{"index":"index","follow":"follow","max-snippet":"max-snippet:-1","max-image-preview":"max-image-preview:large","max-video-preview":"max-video-preview:-1"},"canonical":"https:\/\/elfsight.com\/it\/yelp-reviews-widget\/opencart\/","og_locale":"it_IT","og_type":"article","og_title":"Aggiungi l'estensione Recensioni di Yelp al tuo sito Web OpenCart (2025)","og_description":"Ecco la possibilit\u00e0 di produrre il widget Recensioni di Yelp e incorporarlo nel tuo sito Web OpenCart. Goditi l'assistenza clienti gratuita e altri bonus da Elfsight.","og_url":"https:\/\/elfsight.com\/it\/yelp-reviews-widget\/opencart\/","og_site_name":"Elfsight IT","article_modified_time":"2024-11-12T13:13:52+00:00","twitter_card":"summary_large_image","twitter_misc":{"Tempo di lettura stimato":"3 minuti"},"schema":{"@context":"https:\/\/schema.org","@graph":[{"@type":"WebPage","@id":"https:\/\/elfsight.com\/it\/yelp-reviews-widget\/opencart\/","url":"https:\/\/elfsight.com\/it\/yelp-reviews-widget\/opencart\/","name":"Aggiungi l'estensione Recensioni di Yelp al tuo sito Web OpenCart (2025)","isPartOf":{"@id":"https:\/\/elfsight.com\/it\/#website"},"datePublished":"1970-01-01T00:00:00+00:00","dateModified":"2024-11-12T13:13:52+00:00","description":"Ecco la possibilit\u00e0 di produrre il widget Recensioni di Yelp e incorporarlo nel tuo sito Web OpenCart. Goditi l'assistenza clienti gratuita e altri bonus da Elfsight.","breadcrumb":{"@id":"https:\/\/elfsight.com\/it\/yelp-reviews-widget\/opencart\/#breadcrumb"},"inLanguage":"it-IT","potentialAction":[{"@type":"ReadAction","target":["https:\/\/elfsight.com\/it\/yelp-reviews-widget\/opencart\/"]}]},{"@type":"BreadcrumbList","@id":"https:\/\/elfsight.com\/it\/yelp-reviews-widget\/opencart\/#breadcrumb","itemListElement":[{"@type":"ListItem","position":1,"name":"Home","item":"https:\/\/elfsight.com\/it\/"},{"@type":"ListItem","position":2,"name":"Yelp Reviews","item":"https:\/\/elfsight.com\/it\/yelp-reviews-widget\/"},{"@type":"ListItem","position":3,"name":"Yelp Reviews &#8211; OpenCart"}]},{"@type":"WebSite","@id":"https:\/\/elfsight.com\/it\/#website","url":"https:\/\/elfsight.com\/it\/","name":"Elfsight IT","description":"Just another Elfsight Sites site","potentialAction":[{"@type":"SearchAction","target":{"@type":"EntryPoint","urlTemplate":"https:\/\/elfsight.com\/it\/?s={search_term_string}"},"query-input":{"@type":"PropertyValueSpecification","valueRequired":true,"valueName":"search_term_string"}}],"inLanguage":"it-IT"}]}},"meta_box":{"industry":"","seo_heading":"","heading":"","description":"","cta_heading":"","cta_description":"","application":"1721","h1":"Estensione recensioni OpenCart Yelp","h1_caption":"Mostra le recensioni dei clienti da Yelp per creare credibilit\u00e0 e fornire prove sociali per la tua attivit\u00e0 nel tuo sito Web Opencart senza sforzo.","application_category":[],"applications_title":"","applications_request_title":"","applications_request_button_text":"","hero_text":"","hero_video":"","hero_video_schema_markup":"","selling_points_title":"","selling_points_caption":"","selling_points":[],"selling_points_cta_text":"","features_title":"","features":"","ed_cta_examples_text":"","ed_cta_examples_hidden":"","ed_cta_demo_text":"","ed_cta_demo_hidden":"","why_caption":"","why_editor_title":"","why_editor_text":"","why_team_title":"","why_team_text":"","why_service_title":"","why_service_text":"","template_catalog_visible":"","template_catalog_title":"","template_catalog_text":"","template_catalog_categories_visible":"","demo_title":"Crea la tua estensione per le recensioni di Yelp","demo_caption":"Configura le tue recensioni su Yelp e aggiungile gratuitamente al tuo sito Web OpenCart!","default_faq_hidden":"","app_template_category":[],"platform":"41","template_public_id":"","codecanyon_url":"","codecanyon_item_id":"","codecanyon_price":"","pricing_caption":"","pricing_elfsight_apps_hide_column":"","pricing_elfsight_apps_url":"","pricing_codecanyon_price_caption":"","integration_category":[],"integration_request_title":"","integration_request_cta":"","integration_platform":"","integrations":[],"platform_category":[],"video_schema_markup":"","price":"da $ 0 al mese","trial":"","benefits":[{"text":"Assistenza per l'installazione gratuita"},{"text":"Servizio clienti professionale"},{"text":"Garanzia di rimborso di 14 giorni"},{"text":"Aggiornamento costante"}],"button_url":"#demo","button_target_blank":"","button_nofollow":"","attributes":[{"name":"Installazioni"},{"name":"Reattivo"},{"name":"Browser compatibili"}],"tags":[],"tags_disable_links":"","hide_more_platforms":"","video_object":"","demo_hide_cta":"","demo_hide_cloud_options":"","pricing_title":"","pricing":[{"pricing_icon":"platform","pricing_title":"Elfsight Apps","pricing_title_caption":"Software indipendente dalla piattaforma adatto a qualsiasi sito web","pricing_price":"da $ 0 \/ mese","pricing_price_caption":"inizia con il piano gratuito","pricing_benefits":[{"text":"Siti web illimitati"},{"text":"Supporto professionale"},{"text":"Aiuto per l'installazione gratuito"},{"text":"Offerta speciale per pi\u00f9 app"}],"pricing_button_text":"Aggiungi al sito web","pricing_button_url":"#demo"}],"related_apps_title":"","related_apps_hidden":"","author":"","image":[],"title":"","job":"","social_networks":[]},"_links":{"self":[{"href":"https:\/\/elfsight.com\/it\/wp-json\/wp\/v2\/pages\/6722","targetHints":{"allow":["GET"]}}],"collection":[{"href":"https:\/\/elfsight.com\/it\/wp-json\/wp\/v2\/pages"}],"about":[{"href":"https:\/\/elfsight.com\/it\/wp-json\/wp\/v2\/types\/page"}],"author":[{"embeddable":true,"href":"https:\/\/elfsight.com\/it\/wp-json\/wp\/v2\/users\/9"}],"replies":[{"embeddable":true,"href":"https:\/\/elfsight.com\/it\/wp-json\/wp\/v2\/comments?post=6722"}],"version-history":[{"count":1,"href":"https:\/\/elfsight.com\/it\/wp-json\/wp\/v2\/pages\/6722\/revisions"}],"predecessor-version":[{"id":6726,"href":"https:\/\/elfsight.com\/it\/wp-json\/wp\/v2\/pages\/6722\/revisions\/6726"}],"up":[{"embeddable":true,"href":"https:\/\/elfsight.com\/it\/wp-json\/wp\/v2\/pages\/1724"}],"wp:attachment":[{"href":"https:\/\/elfsight.com\/it\/wp-json\/wp\/v2\/media?parent=6722"}],"curies":[{"name":"wp","href":"https:\/\/api.w.org\/{rel}","templated":true}]}}