{"id":6700,"date":"1970-01-01T00:00:00","date_gmt":"1970-01-01T00:00:00","guid":{"rendered":"https:\/\/elfsight.com\/it\/?page_id=6700"},"modified":"2024-11-11T11:22:23","modified_gmt":"2024-11-11T11:22:23","slug":"prestashop","status":"publish","type":"page","link":"https:\/\/elfsight.com\/it\/yelp-reviews-widget\/prestashop\/","title":{"rendered":"Yelp Reviews &#8211; PrestaShop"},"content":{"rendered":"<div class=\"application-platform-content-item-description application-platform-content-item\" id=\"description\" data-nav-section=\"description\"> <h2>Descrizione<\/h2> <p>Le recensioni di Yelp sono uno strumento pratico che ti d\u00e0 la possibilit\u00e0 di mostrare le testimonianze delle tue offerte direttamente sul tuo sito da tutti i siti di recensioni affidabili. Utilizzando il nostro componente aggiuntivo, potrai utilizzare filtri per nascondere le recensioni indesiderate, dimostrare la tua valutazione in stelle e quantit\u00e0 dalla tua pagina su qualsiasi sito Web di recensioni, aggiungere dati sugli autori delle recensioni e aggiungere un pulsante CTA che motiver\u00e0 gli utenti lasciare i propri pensieri. Il componente aggiuntivo Elfsight Yelp Reviews ti stimoler\u00e0 a mostrare la tua fantastica prova sociale direttamente sul sito Web e inizier\u00e0 a ricevere pi\u00f9 nuove vendite. <\/p><p><b>Prova le recensioni di Yelp per raggiungere i tuoi obiettivi di e-commerce pi\u00f9 velocemente! <\/b><\/p> <\/div> <div class=\"application-platform-content-item-features application-platform-content-item\" id=\"features\" data-nav-section=\"features\"> <h2>Il widget ha funzionalit\u00e0 pratiche e facili, guardane alcune: <\/h2> <ul><li>Incorpora le recensioni dei clienti da Account Yelp<\/li><li>Tre tipi di filtri: quantit\u00e0 di recensioni, per tipo ed esclusione per<\/li><li>Quattro tipi di layout: Griglia, Massoneria, Dispositivo di scorrimento ed Elenco<\/li><li>Trascina tipi di navigazione e frecce nel layout Slider<\/li><li>Imposta la velocit\u00e0 di riproduzione automatica e la velocit\u00e0 della diapositiva<\/li><li>Seleziona il tipo di impaginazione nel layout Slider<\/li><li>Pulsante di invito all&#8217;azione per acquisire nuovi utenti recensioni sulla pagina di Yelp<\/li><li>Tre modelli di recensione: Classica, In evidenza, A bolle<\/li><li>Sei elementi flessibili delle recensioni: foto e consiglio, icona di Yelp, nome dell&#8217;autore, valutazione in stelle e data<\/li><li>Un&#8217;opzione per modificare la dimensione del carattere del testo della recensione<\/li><\/ul><p><a href=\"#demo\">Puoi esplorare le offerte del widget provando la demo<\/a><\/p> <\/div> <div class=\"application-platform-content-item-installation application-platform-content-item\" id=\"installation\" data-nav-section=\"installation\"> <h2>Come faccio ad aggiungere le recensioni di Yelp al mio sito web PrestaShop? <\/h2> <p>Basta applicare le istruzioni seguenti per inserire il widget. <\/p> <ol><li><b>Utilizza il nostro configuratore gratuito e inizia a creare il tuo componente aggiuntivo unico. <\/b><br> Trova l&#8217;interfaccia e le opzioni preferite dello strumento e applica le correzioni. <\/li> <li><b>Copia il codice individuale esposto nella finestra su Elfsight Apps. <\/b><br> Subito dopo aver completato la generazione del tuo strumento, copia il codice personale dalla casella visualizzata e salvalo per occasioni future. <\/li> <li><b>Avvia l&#8217;utilizzo dello strumento sul sito PrestaShop. <\/b><br> Aggiungi il codice copiato in precedenza nella tua home page e applica le modifiche. <\/li> <li><b>Fatto! L&#8217;incorporamento \u00e8 terminato con successo. <\/b><br> Vai al tuo sito web per vedere come funziona il componente aggiuntivo. <\/li><\/ol> <p>Nella condizione di affrontare domande o affrontare eventuali ostacoli, non esitare a contattare il nostro team di supporto. I nostri consulenti non vedono l&#8217;ora di aiutarti con tutte le difficolt\u00e0 che potresti avere con il widget. <\/p> <div class=\"faq\" data-component=\"FAQ\"> <div class=\"faq-item\">\r\n\t\t\t\t\t<div class=\"faq-item-question\">\r\n\t\t\t\t\t\t<h3 class=\"faq-item-question-text\">Come posso aggiungere recensioni da Yelp al mio sito web PrestaShop senza competenze di programmazione?<\/h3>\r\n\r\n\t\t\t\t\t\t<div class=\"faq-item-question-icon\"><\/div>\r\n\t\t\t\t\t<\/div>\r\n\r\n\t\t\t\t\t<div class=\"faq-item-answer\">\r\n\t\t\t\t\t\t<div class=\"faq-item-answer-text\"> <p>Elfsight fornisce una soluzione SaaS che ti consente di creare tu stesso un widget Recensioni da Yelp, guarda come Il processo \u00e8 semplice: lavora direttamente nell&#8217;editor online per creare un widget Recensioni da Yelp che vorresti vedere sul tuo sito web PrestaShop. Scegli uno dei modelli predefiniti e modifica le impostazioni Recensioni da Yelp, aggiungi i tuoi contenuti, modifica il layout e la combinazione di colori senza competenze di codifica. Salva le recensioni di Yelp e copia il codice di installazione, che potrai facilmente incorporare nel tuo sito PrestaShop senza dover acquistare un piano a pagamento. Con il nostro editor intuitivo qualsiasi utente di Internet pu\u00f2 creare recensioni dal widget Yelp online e incorporarle facilmente nel proprio sito Web PrestaShop. Non \u00e8 necessario pagare o inserire le credenziali della carta per accedere al servizio. In caso di problemi in qualsiasi momento, non esitate a contattare il nostro team di supporto tecnico.<\/p> <\/div>\r\n\t\t\t\t\t<\/div>\r\n\t\t\t\t<\/div> <\/div> <\/div>","protected":false},"excerpt":{"rendered":"","protected":false},"author":9,"featured_media":0,"parent":1724,"menu_order":0,"comment_status":"closed","ping_status":"closed","template":"templates\/template-application-platform.php","meta":{"publish_to_discourse":"","publish_post_category":"","wpdc_auto_publish_overridden":"","wpdc_topic_tags":"","wpdc_pin_topic":"","wpdc_pin_until":"","discourse_post_id":"","discourse_permalink":"","wpdc_publishing_response":"","wpdc_publishing_error":"","footnotes":""},"class_list":["post-6700","page","type-page","status-publish","hentry"],"yoast_head":"<!-- This site is optimized with the Yoast SEO plugin v25.3.1 - https:\/\/yoast.com\/wordpress\/plugins\/seo\/ -->\n<title>Aggiungi il componente aggiuntivo Recensioni Yelp al tuo sito web PrestaShop (in 2 minuti)<\/title>\n<meta name=\"description\" content=\"Creare il componente aggiuntivo Recensioni di Yelp e aggiungerlo al sito Web PrestaShop \u00e8 semplicissimo. L&#039;assistenza clienti Elfsight \u00e8 gratuita.\" \/>\n<meta name=\"robots\" content=\"index, follow, max-snippet:-1, max-image-preview:large, max-video-preview:-1\" \/>\n<link rel=\"canonical\" href=\"https:\/\/elfsight.com\/it\/yelp-reviews-widget\/prestashop\/\" \/>\n<meta property=\"og:locale\" content=\"it_IT\" \/>\n<meta property=\"og:type\" content=\"article\" \/>\n<meta property=\"og:title\" content=\"Aggiungi il componente aggiuntivo Recensioni Yelp al tuo sito web PrestaShop (in 2 minuti)\" \/>\n<meta property=\"og:description\" content=\"Creare il componente aggiuntivo Recensioni di Yelp e aggiungerlo al sito Web PrestaShop \u00e8 semplicissimo. L&#039;assistenza clienti Elfsight \u00e8 gratuita.\" \/>\n<meta property=\"og:url\" content=\"https:\/\/elfsight.com\/it\/yelp-reviews-widget\/prestashop\/\" \/>\n<meta property=\"og:site_name\" content=\"Elfsight IT\" \/>\n<meta property=\"article:modified_time\" content=\"2024-11-11T11:22:23+00:00\" \/>\n<meta name=\"twitter:card\" content=\"summary_large_image\" \/>\n<meta name=\"twitter:label1\" content=\"Tempo di lettura stimato\" \/>\n\t<meta name=\"twitter:data1\" content=\"3 minuti\" \/>\n<!-- \/ Yoast SEO plugin. -->","yoast_head_json":{"title":"Aggiungi il componente aggiuntivo Recensioni Yelp al tuo sito web PrestaShop (in 2 minuti)","description":"Creare il componente aggiuntivo Recensioni di Yelp e aggiungerlo al sito Web PrestaShop \u00e8 semplicissimo. L'assistenza clienti Elfsight \u00e8 gratuita.","robots":{"index":"index","follow":"follow","max-snippet":"max-snippet:-1","max-image-preview":"max-image-preview:large","max-video-preview":"max-video-preview:-1"},"canonical":"https:\/\/elfsight.com\/it\/yelp-reviews-widget\/prestashop\/","og_locale":"it_IT","og_type":"article","og_title":"Aggiungi il componente aggiuntivo Recensioni Yelp al tuo sito web PrestaShop (in 2 minuti)","og_description":"Creare il componente aggiuntivo Recensioni di Yelp e aggiungerlo al sito Web PrestaShop \u00e8 semplicissimo. L'assistenza clienti Elfsight \u00e8 gratuita.","og_url":"https:\/\/elfsight.com\/it\/yelp-reviews-widget\/prestashop\/","og_site_name":"Elfsight IT","article_modified_time":"2024-11-11T11:22:23+00:00","twitter_card":"summary_large_image","twitter_misc":{"Tempo di lettura stimato":"3 minuti"},"schema":{"@context":"https:\/\/schema.org","@graph":[{"@type":"WebPage","@id":"https:\/\/elfsight.com\/it\/yelp-reviews-widget\/prestashop\/","url":"https:\/\/elfsight.com\/it\/yelp-reviews-widget\/prestashop\/","name":"Aggiungi il componente aggiuntivo Recensioni Yelp al tuo sito web PrestaShop (in 2 minuti)","isPartOf":{"@id":"https:\/\/elfsight.com\/it\/#website"},"datePublished":"1970-01-01T00:00:00+00:00","dateModified":"2024-11-11T11:22:23+00:00","description":"Creare il componente aggiuntivo Recensioni di Yelp e aggiungerlo al sito Web PrestaShop \u00e8 semplicissimo. L'assistenza clienti Elfsight \u00e8 gratuita.","breadcrumb":{"@id":"https:\/\/elfsight.com\/it\/yelp-reviews-widget\/prestashop\/#breadcrumb"},"inLanguage":"it-IT","potentialAction":[{"@type":"ReadAction","target":["https:\/\/elfsight.com\/it\/yelp-reviews-widget\/prestashop\/"]}]},{"@type":"BreadcrumbList","@id":"https:\/\/elfsight.com\/it\/yelp-reviews-widget\/prestashop\/#breadcrumb","itemListElement":[{"@type":"ListItem","position":1,"name":"Home","item":"https:\/\/elfsight.com\/it\/"},{"@type":"ListItem","position":2,"name":"Yelp Reviews","item":"https:\/\/elfsight.com\/it\/yelp-reviews-widget\/"},{"@type":"ListItem","position":3,"name":"Yelp Reviews &#8211; PrestaShop"}]},{"@type":"WebSite","@id":"https:\/\/elfsight.com\/it\/#website","url":"https:\/\/elfsight.com\/it\/","name":"Elfsight IT","description":"Just another Elfsight Sites site","potentialAction":[{"@type":"SearchAction","target":{"@type":"EntryPoint","urlTemplate":"https:\/\/elfsight.com\/it\/?s={search_term_string}"},"query-input":{"@type":"PropertyValueSpecification","valueRequired":true,"valueName":"search_term_string"}}],"inLanguage":"it-IT"}]}},"meta_box":{"industry":"","seo_heading":"","heading":"","description":"","cta_heading":"","cta_description":"","application":"1721","h1":"Componente aggiuntivo per le recensioni di Yelp PrestaShop","h1_caption":"Mostra le recensioni dei clienti da Yelp per creare credibilit\u00e0 e fornire prove sociali per la tua attivit\u00e0 nel tuo sito Web Prestashop senza sforzo.","application_category":[],"applications_title":"","applications_request_title":"","applications_request_button_text":"","hero_text":"","hero_video":"","hero_video_schema_markup":"","selling_points_title":"","selling_points_caption":"","selling_points":[],"selling_points_cta_text":"","features_title":"","features":"","ed_cta_examples_text":"","ed_cta_examples_hidden":"","ed_cta_demo_text":"","ed_cta_demo_hidden":"","why_caption":"","why_editor_title":"","why_editor_text":"","why_team_title":"","why_team_text":"","why_service_title":"","why_service_text":"","template_catalog_visible":"","template_catalog_title":"","template_catalog_text":"","template_catalog_categories_visible":"","demo_title":"Crea il tuo componente aggiuntivo per le recensioni di Yelp","demo_caption":"Configura le tue recensioni su Yelp e aggiungile gratuitamente al tuo sito PrestaShop!","default_faq_hidden":"","app_template_category":[],"platform":"1023","template_public_id":"","codecanyon_url":"","codecanyon_item_id":"","codecanyon_price":"","pricing_caption":"","pricing_elfsight_apps_hide_column":"","pricing_elfsight_apps_url":"","pricing_codecanyon_price_caption":"","integration_category":[],"integration_request_title":"","integration_request_cta":"","integration_platform":"","integrations":[],"platform_category":[],"video_schema_markup":"","price":"da $ 0 al mese","trial":"","benefits":[{"text":"Assistenza per l'installazione gratuita"},{"text":"Assistenza clienti eccezionale"},{"text":"Garanzia di rimborso di 14 giorni"},{"text":"Aggiornamenti gratuiti continui"}],"button_url":"#demo","button_target_blank":"","button_nofollow":"","attributes":[{"name":"Installazioni"},{"name":"Reattivo"},{"name":"Browser compatibili"}],"tags":[],"tags_disable_links":"","hide_more_platforms":"","video_object":"","demo_hide_cta":"","demo_hide_cloud_options":"","pricing_title":"","pricing":[{"pricing_icon":"platform","pricing_title":"Elfsight Apps","pricing_title_caption":"Soluzione digitale indipendente dalla piattaforma che funziona su qualsiasi sito","pricing_price":"da $ 0 \/ mese","pricing_price_caption":"inizia con un piano gratuito","pricing_benefits":[{"text":"Siti web illimitati"},{"text":"Supporto dedicato e puntuale"},{"text":"Servizio di installazione gratuito"},{"text":"Progettazione flessibile"}],"pricing_button_text":"Aggiungi al sito web","pricing_button_url":"#demo"}],"related_apps_title":"","related_apps_hidden":"","author":"","image":[],"title":"","job":"","social_networks":[]},"_links":{"self":[{"href":"https:\/\/elfsight.com\/it\/wp-json\/wp\/v2\/pages\/6700","targetHints":{"allow":["GET"]}}],"collection":[{"href":"https:\/\/elfsight.com\/it\/wp-json\/wp\/v2\/pages"}],"about":[{"href":"https:\/\/elfsight.com\/it\/wp-json\/wp\/v2\/types\/page"}],"author":[{"embeddable":true,"href":"https:\/\/elfsight.com\/it\/wp-json\/wp\/v2\/users\/9"}],"replies":[{"embeddable":true,"href":"https:\/\/elfsight.com\/it\/wp-json\/wp\/v2\/comments?post=6700"}],"version-history":[{"count":1,"href":"https:\/\/elfsight.com\/it\/wp-json\/wp\/v2\/pages\/6700\/revisions"}],"predecessor-version":[{"id":6704,"href":"https:\/\/elfsight.com\/it\/wp-json\/wp\/v2\/pages\/6700\/revisions\/6704"}],"up":[{"embeddable":true,"href":"https:\/\/elfsight.com\/it\/wp-json\/wp\/v2\/pages\/1724"}],"wp:attachment":[{"href":"https:\/\/elfsight.com\/it\/wp-json\/wp\/v2\/media?parent=6700"}],"curies":[{"name":"wp","href":"https:\/\/api.w.org\/{rel}","templated":true}]}}