{"id":6699,"date":"1970-01-01T00:00:00","date_gmt":"1970-01-01T00:00:00","guid":{"rendered":"https:\/\/elfsight.com\/it\/?page_id=6699"},"modified":"2024-11-11T11:20:16","modified_gmt":"2024-11-11T11:20:16","slug":"jimdo","status":"publish","type":"page","link":"https:\/\/elfsight.com\/it\/yelp-reviews-widget\/jimdo\/","title":{"rendered":"Yelp Reviews &#8211; Jimdo"},"content":{"rendered":"<div class=\"application-platform-content-item-description application-platform-content-item\" id=\"description\" data-nav-section=\"description\"><h2>Descrizione<\/h2> <p>Elfsight Yelp Reviews \u00e8 un utile widget che ti d\u00e0 la possibilit\u00e0 di mostrare le recensioni sui tuoi titoli direttamente sul tuo sito Web da tutti i siti di recensioni pi\u00f9 popolari. Con il nostro widget, potrai applicare filtri per nascondere le testimonianze indesiderate, esporre la tua valutazione in stelle e quantit\u00e0 direttamente dalla tua pagina su qualsiasi pagina web di recensioni aziendali, aggiungere dati sugli autori delle recensioni e allegare un pulsante CTA che provocher\u00e0 gli utenti per scrivere i loro pensieri. Il nostro widget Recensioni di Yelp ti spinger\u00e0 a rivelare la tua grande prova sociale direttamente sul sito web e inizier\u00e0 a ricevere pi\u00f9 nuovi acquisti. <\/p><p><b>Prova a utilizzare le recensioni di Yelp per semplificare le tue sfide di e-commerce! <\/b><\/p> <\/div> <div class=\"application-platform-content-item-features application-platform-content-item\" id=\"features\" data-nav-section=\"features\"> <h2>Le funzionalit\u00e0 pi\u00f9 importanti del widget contengono<\/h2> <ul><li>Incorpora le recensioni dei clienti dalla pagina di Yelp<\/li><li>3 tipi di filtri: per tipo, esclusione per e quantit\u00e0 di recensioni<\/li><li>Quattro tipi di layout: griglia, muratura, elenco e cursore<\/li><li>trascina i tipi di navigazione e frecce nel layout cursore <\/li><li>Imposta la velocit\u00e0 della diapositiva e la velocit\u00e0 di riproduzione automatica<\/li><li>Seleziona il tipo di impaginazione nel layout dello slider<\/li><li>Pulsante CTA per ottenere le recensioni dei nuovi utenti sulla pagina Yelp<\/li><li> Tre modelli di recensione: Classica, Spotlight, A bolle<\/li><li>Sei elementi flessibili delle recensioni: consiglio e foto, valutazione a stelle, icona di Yelp, data e nome dell&#8217;autore<\/li><li>Un&#8217;opzione per modificare la recensione dimensione del carattere del testo<\/li><\/ul><p><a href=\"#demo\">Puoi testare subito la funzionalit\u00e0 completa del widget nella demo<\/a><\/p> <\/div> [ application_platform_content_item id=&#8221;installation&#8221;] <h2>Come incorporare le recensioni di Yelp nella mia pagina web Jimdo? <\/h2> <p>Segui semplicemente i passaggi presentati di seguito per iniziare a utilizzare il widget. <\/p> <ol><li><b>Lancia il nostro configuratore gratuito e inizia a creare il tuo widget unico. <\/b><br> Determina la forma e la funzionalit\u00e0 adatte dello strumento e salva le modifiche. <\/li> <li><b>Fai apparire il tuo codice univoco nella finestra delle app Elfsight. <\/b><br> Non appena la generazione del tuo widget sar\u00e0 terminata, copia il codice esclusivo nel popup visualizzato e conservalo per occasioni future. <\/li> <li><b>Inizia a utilizzare lo strumento sul tuo sito Jimdo. <\/b><br> Incorpora il codice che hai salvato in precedenza nel tuo sito web e applica le modifiche. <\/li> <li><b>L&#8217;installazione \u00e8 stata completata con successo. <\/b><br> Vai al tuo sito per esaminare come funziona lo strumento. <\/li><\/ol> <p>In caso di difficolt\u00e0, rivolgiti al nostro personale di supporto. I nostri specialisti saranno lieti di aiutarvi con tutte le domande che potreste avere sul prodotto. <\/p> <div class=\"faq\" data-component=\"FAQ\"> <div class=\"faq-item\">\r\n\t\t\t\t\t<div class=\"faq-item-question\">\r\n\t\t\t\t\t\t<h3 class=\"faq-item-question-text\">Come aggiungere recensioni da Yelp al mio sito web Jimdo senza competenze di programmazione?<\/h3>\r\n\r\n\t\t\t\t\t\t<div class=\"faq-item-question-icon\"><\/div>\r\n\t\t\t\t\t<\/div>\r\n\r\n\t\t\t\t\t<div class=\"faq-item-answer\">\r\n\t\t\t\t\t\t<div class=\"faq-item-answer-text\"> <p>Elfsight fornisce una soluzione SaaS che ti consente di creare tu stesso un widget Recensioni da Yelp, scopri come \u00e8 facile il processo \u00e8: lavora direttamente nell&#8217;editor online per creare un widget Recensioni da Yelp che vorresti vedere sul tuo sito Jimdo. Scegli uno dei modelli predefiniti e modifica le impostazioni Recensioni da Yelp, aggiungi i tuoi contenuti, modifica il layout e la combinazione di colori senza alcuna competenza di codifica. Salva le recensioni di Yelp e copia il codice di installazione, che potrai incorporare facilmente nel tuo sito Jimdo senza dover acquistare una versione a pagamento. Con il nostro editor intuitivo qualsiasi utente di Internet pu\u00f2 creare recensioni dal widget Yelp online e incorporarle facilmente nel proprio sito Jimdo. Non \u00e8 necessario pagare o inserire le credenziali della carta per accedere al servizio. In caso di problemi in qualsiasi momento, non esitate a contattare il nostro team di supporto tecnico.<\/p> <\/div>\r\n\t\t\t\t\t<\/div>\r\n\t\t\t\t<\/div> <\/div> [\/application_platform_content_item]","protected":false},"excerpt":{"rendered":"[ application_platform_content_item id=&#8221;installation&#8221;] Come incorporare le recensioni di Yelp nella mia pagina web Jimdo? Segui semplicemente i passaggi presentati di seguito per iniziare a utilizzare il widget. Lancia il nostro configuratore gratuito e inizia a creare il tuo widget unico. Determina la forma e la funzionalit\u00e0 adatte dello strumento e&#8230;","protected":false},"author":9,"featured_media":0,"parent":1724,"menu_order":0,"comment_status":"closed","ping_status":"closed","template":"templates\/template-application-platform.php","meta":{"publish_to_discourse":"","publish_post_category":"","wpdc_auto_publish_overridden":"","wpdc_topic_tags":"","wpdc_pin_topic":"","wpdc_pin_until":"","discourse_post_id":"","discourse_permalink":"","wpdc_publishing_response":"","wpdc_publishing_error":"","footnotes":""},"class_list":["post-6699","page","type-page","status-publish","hentry"],"yoast_head":"<!-- This site is optimized with the Yoast SEO plugin v25.3.1 - https:\/\/yoast.com\/wordpress\/plugins\/seo\/ -->\n<title>Aggiungi il widget Recensioni di Yelp al tuo sito Jimdo (in 2 minuti)<\/title>\n<meta name=\"description\" content=\"\u00c8 semplicissimo creare il tuo widget Recensioni di Yelp e aggiungerlo al sito web Jimdo. L&#039;assistenza clienti Elfsight \u00e8 gratuita.\" \/>\n<meta name=\"robots\" content=\"index, follow, max-snippet:-1, max-image-preview:large, max-video-preview:-1\" \/>\n<link rel=\"canonical\" href=\"https:\/\/elfsight.com\/it\/yelp-reviews-widget\/jimdo\/\" \/>\n<meta property=\"og:locale\" content=\"it_IT\" \/>\n<meta property=\"og:type\" content=\"article\" \/>\n<meta property=\"og:title\" content=\"Aggiungi il widget Recensioni di Yelp al tuo sito Jimdo (in 2 minuti)\" \/>\n<meta property=\"og:description\" content=\"\u00c8 semplicissimo creare il tuo widget Recensioni di Yelp e aggiungerlo al sito web Jimdo. L&#039;assistenza clienti Elfsight \u00e8 gratuita.\" \/>\n<meta property=\"og:url\" content=\"https:\/\/elfsight.com\/it\/yelp-reviews-widget\/jimdo\/\" \/>\n<meta property=\"og:site_name\" content=\"Elfsight IT\" \/>\n<meta property=\"article:modified_time\" content=\"2024-11-11T11:20:16+00:00\" \/>\n<meta name=\"twitter:card\" content=\"summary_large_image\" \/>\n<meta name=\"twitter:label1\" content=\"Tempo di lettura stimato\" \/>\n\t<meta name=\"twitter:data1\" content=\"3 minuti\" \/>\n<!-- \/ Yoast SEO plugin. -->","yoast_head_json":{"title":"Aggiungi il widget Recensioni di Yelp al tuo sito Jimdo (in 2 minuti)","description":"\u00c8 semplicissimo creare il tuo widget Recensioni di Yelp e aggiungerlo al sito web Jimdo. L'assistenza clienti Elfsight \u00e8 gratuita.","robots":{"index":"index","follow":"follow","max-snippet":"max-snippet:-1","max-image-preview":"max-image-preview:large","max-video-preview":"max-video-preview:-1"},"canonical":"https:\/\/elfsight.com\/it\/yelp-reviews-widget\/jimdo\/","og_locale":"it_IT","og_type":"article","og_title":"Aggiungi il widget Recensioni di Yelp al tuo sito Jimdo (in 2 minuti)","og_description":"\u00c8 semplicissimo creare il tuo widget Recensioni di Yelp e aggiungerlo al sito web Jimdo. L'assistenza clienti Elfsight \u00e8 gratuita.","og_url":"https:\/\/elfsight.com\/it\/yelp-reviews-widget\/jimdo\/","og_site_name":"Elfsight IT","article_modified_time":"2024-11-11T11:20:16+00:00","twitter_card":"summary_large_image","twitter_misc":{"Tempo di lettura stimato":"3 minuti"},"schema":{"@context":"https:\/\/schema.org","@graph":[{"@type":"WebPage","@id":"https:\/\/elfsight.com\/it\/yelp-reviews-widget\/jimdo\/","url":"https:\/\/elfsight.com\/it\/yelp-reviews-widget\/jimdo\/","name":"Aggiungi il widget Recensioni di Yelp al tuo sito Jimdo (in 2 minuti)","isPartOf":{"@id":"https:\/\/elfsight.com\/it\/#website"},"datePublished":"1970-01-01T00:00:00+00:00","dateModified":"2024-11-11T11:20:16+00:00","description":"\u00c8 semplicissimo creare il tuo widget Recensioni di Yelp e aggiungerlo al sito web Jimdo. L'assistenza clienti Elfsight \u00e8 gratuita.","breadcrumb":{"@id":"https:\/\/elfsight.com\/it\/yelp-reviews-widget\/jimdo\/#breadcrumb"},"inLanguage":"it-IT","potentialAction":[{"@type":"ReadAction","target":["https:\/\/elfsight.com\/it\/yelp-reviews-widget\/jimdo\/"]}]},{"@type":"BreadcrumbList","@id":"https:\/\/elfsight.com\/it\/yelp-reviews-widget\/jimdo\/#breadcrumb","itemListElement":[{"@type":"ListItem","position":1,"name":"Home","item":"https:\/\/elfsight.com\/it\/"},{"@type":"ListItem","position":2,"name":"Yelp Reviews","item":"https:\/\/elfsight.com\/it\/yelp-reviews-widget\/"},{"@type":"ListItem","position":3,"name":"Yelp Reviews &#8211; Jimdo"}]},{"@type":"WebSite","@id":"https:\/\/elfsight.com\/it\/#website","url":"https:\/\/elfsight.com\/it\/","name":"Elfsight IT","description":"Just another Elfsight Sites site","potentialAction":[{"@type":"SearchAction","target":{"@type":"EntryPoint","urlTemplate":"https:\/\/elfsight.com\/it\/?s={search_term_string}"},"query-input":{"@type":"PropertyValueSpecification","valueRequired":true,"valueName":"search_term_string"}}],"inLanguage":"it-IT"}]}},"meta_box":{"industry":"","seo_heading":"","heading":"","description":"","cta_heading":"","cta_description":"","application":"1721","h1":"Widget delle recensioni di Jimdo Yelp","h1_caption":"Mostra facilmente le recensioni dei clienti su Yelp per creare credibilit\u00e0 e fornire prove sociali della tua attivit\u00e0 nel tuo sito Jimdo.","application_category":[],"applications_title":"","applications_request_title":"","applications_request_button_text":"","hero_text":"","hero_video":"","hero_video_schema_markup":"","selling_points_title":"","selling_points_caption":"","selling_points":[],"selling_points_cta_text":"","features_title":"","features":"","ed_cta_examples_text":"","ed_cta_examples_hidden":"","ed_cta_demo_text":"","ed_cta_demo_hidden":"","why_caption":"","why_editor_title":"","why_editor_text":"","why_team_title":"","why_team_text":"","why_service_title":"","why_service_text":"","template_catalog_visible":"","template_catalog_title":"","template_catalog_text":"","template_catalog_categories_visible":"","demo_title":"Crea il tuo widget Recensioni di Yelp","demo_caption":"Configura le tue recensioni su Yelp e aggiungile gratuitamente al tuo sito Jimdo!","default_faq_hidden":"","app_template_category":[],"platform":"55","template_public_id":"","codecanyon_url":"","codecanyon_item_id":"","codecanyon_price":"","pricing_caption":"","pricing_elfsight_apps_hide_column":"","pricing_elfsight_apps_url":"","pricing_codecanyon_price_caption":"","integration_category":[],"integration_request_title":"","integration_request_cta":"","integration_platform":"","integrations":[],"platform_category":[],"video_schema_markup":"","price":"da $ 0 al mese","trial":"","benefits":[{"text":"Servizio di installazione gratuito"},{"text":"Servizio clienti professionale"},{"text":"Garanzia di rimborso di 14 giorni"},{"text":"Aggiornamento costante"}],"button_url":"#demo","button_target_blank":"","button_nofollow":"","attributes":[{"name":"Installazioni"},{"name":"Reattivo"},{"name":"Browser compatibili"}],"tags":[],"tags_disable_links":"","hide_more_platforms":"","video_object":"","demo_hide_cta":"","demo_hide_cloud_options":"","pricing_title":"","pricing":[{"pricing_icon":"platform","pricing_title":"Elfsight Apps","pricing_title_caption":"Software multipiattaforma","pricing_price":"da $ 0 \/ mese","pricing_price_caption":"inizia con un piano gratuito","pricing_benefits":[{"text":"Siti web illimitati"},{"text":"Supporto professionale e puntuale"},{"text":"Assistenza gratuita per l'installazione"},{"text":"Completamente personalizzabile"}],"pricing_button_text":"Aggiungi al sito web","pricing_button_url":"#demo"}],"related_apps_title":"","related_apps_hidden":"","author":"","image":[],"title":"","job":"","social_networks":[]},"_links":{"self":[{"href":"https:\/\/elfsight.com\/it\/wp-json\/wp\/v2\/pages\/6699","targetHints":{"allow":["GET"]}}],"collection":[{"href":"https:\/\/elfsight.com\/it\/wp-json\/wp\/v2\/pages"}],"about":[{"href":"https:\/\/elfsight.com\/it\/wp-json\/wp\/v2\/types\/page"}],"author":[{"embeddable":true,"href":"https:\/\/elfsight.com\/it\/wp-json\/wp\/v2\/users\/9"}],"replies":[{"embeddable":true,"href":"https:\/\/elfsight.com\/it\/wp-json\/wp\/v2\/comments?post=6699"}],"version-history":[{"count":1,"href":"https:\/\/elfsight.com\/it\/wp-json\/wp\/v2\/pages\/6699\/revisions"}],"predecessor-version":[{"id":6703,"href":"https:\/\/elfsight.com\/it\/wp-json\/wp\/v2\/pages\/6699\/revisions\/6703"}],"up":[{"embeddable":true,"href":"https:\/\/elfsight.com\/it\/wp-json\/wp\/v2\/pages\/1724"}],"wp:attachment":[{"href":"https:\/\/elfsight.com\/it\/wp-json\/wp\/v2\/media?parent=6699"}],"curies":[{"name":"wp","href":"https:\/\/api.w.org\/{rel}","templated":true}]}}