{"id":6693,"date":"1970-01-01T00:00:00","date_gmt":"1970-01-01T00:00:00","guid":{"rendered":"https:\/\/elfsight.com\/it\/?page_id=6693"},"modified":"2024-11-12T13:15:33","modified_gmt":"2024-11-12T13:15:33","slug":"webflow","status":"publish","type":"page","link":"https:\/\/elfsight.com\/it\/whatsapp-chat-widget\/webflow\/","title":{"rendered":"Whatsapp Chat &#8211; Webflow"},"content":{"rendered":"<div class=\"application-platform-content-item-description application-platform-content-item\" id=\"description\" data-nav-section=\"description\"> <h2>Incorpora la chat di WhatsApp con il widget Elfsight<\/h2> <p>Il widget Whatsapp di Elfsight \u00e8 una variante semplice che consente agli utenti del tuo sito web di contattarti e ottenere risposta alle loro domande. Sei libero di rimanere sempre disponibile online per i clienti nel loro comodo messenger. Incolla la chat nello store e sceglila in modo che appaia su pagine specifiche o per particolari tipologie di clienti, imposta i trigger di avvio della chat, componi il tuo messaggio di benvenuto personale, scegli le icone e fai altro. Con l&#8217;aiuto della chat Webflow incorporata nel sito web, sarai pubblicato con i tuoi spettatori in qualsiasi momento e indipendentemente dalla tua posizione.<\/p> <div class=\"faq\" data-component=\"FAQ\"> <div class=\"faq-item\">\r\n\t\t\t\t\t<div class=\"faq-item-question\">\r\n\t\t\t\t\t\t<h3 class=\"faq-item-question-text\">Dove posso installare il widget sul mio sito web<\/h3>\r\n\r\n\t\t\t\t\t\t<div class=\"faq-item-question-icon\"><\/div>\r\n\t\t\t\t\t<\/div>\r\n\r\n\t\t\t\t\t<div class=\"faq-item-answer\">\r\n\t\t\t\t\t\t<div class=\"faq-item-answer-text\"> <p> La chat di WhatsApp pu\u00f2 apparire su tutte le pagine del tuo sito o solo su alcune pagine. C&#8217;\u00e8 anche un&#8217;opzione per escludere determinate pagine in cui non hai bisogno della chat.<\/p> <\/div>\r\n\t\t\t\t\t<\/div>\r\n\t\t\t\t<\/div> <div class=\"faq-item\">\r\n\t\t\t\t\t<div class=\"faq-item-question\">\r\n\t\t\t\t\t\t<h3 class=\"faq-item-question-text\">Quali sono i vantaggi di avere questo widget per me?<\/h3>\r\n\r\n\t\t\t\t\t\t<div class=\"faq-item-question-icon\"><\/div>\r\n\t\t\t\t\t<\/div>\r\n\r\n\t\t\t\t\t<div class=\"faq-item-answer\">\r\n\t\t\t\t\t\t<div class=\"faq-item-answer-text\"> <p>Consentir\u00e0 di pi\u00f9 gli utenti a contattarti con le loro domande o problemi. Pertanto, puoi aumentare la quantit\u00e0 di lead e vendite. Un altro vantaggio \u00e8 che le risposte immediate e l&#8217;approccio personalizzato miglioreranno la qualit\u00e0 delle relazioni con i tuoi clienti.<\/p><\/div>\r\n\t\t\t\t\t<\/div>\r\n\t\t\t\t<\/div> <div class=\"faq-item\">\r\n\t\t\t\t\t<div class=\"faq-item-question\">\r\n\t\t\t\t\t\t<h3 class=\"faq-item-question-text\">Come posso avere WhatsApp sul mio sito web?<\/h3>\r\n\r\n\t\t\t\t\t\t<div class=\"faq-item-question-icon\"><\/div>\r\n\t\t\t\t\t<\/div>\r\n\r\n\t\t\t\t\t<div class=\"faq-item-answer\">\r\n\t\t\t\t\t\t<div class=\"faq-item-answer-text\"> <p>Ci vorranno un paio di di minuti di tempo per iniziare a utilizzare il widget. L&#8217;incorporamento \u00e8 molto rapido, gratuito e senza codifica.<\/p> <p>C&#8217;\u00e8 un&#8217;opzione per aggiungere il widget al sito direttamente nel nostro servizio. Per questo, controlla le istruzioni riportate di seguito in questa pagina. <\/p> <\/div>\r\n\t\t\t\t\t<\/div>\r\n\t\t\t\t<\/div> <\/div> <\/div> <div class=\"application-platform-content-item-features application-platform-content-item\" id=\"features\" data-nav-section=\"features\"> <h2>Caratteristiche principali del widget chat di WhatsApp <\/h2> <p>Per avere una chiara comprensione del Live CAHT, guarda l&#8217;elenco delle funzioni primarie. Rendono il nostro widget incredibilmente efficiente per il tuo sito web: <\/p> <ul><li>Imposta WhatsApp Messenger sul tuo sito per comunicare con gli utenti; <\/li><li>Fornisci risposte direttamente dal tuo account WhatsApp; <\/li><li> Tre tipi di layout del widget: bolla mobile, bolla incorporata e finestra di chat incorporata; <\/li><li>Esplora una raccolta di icone a bolle tra cui scegliere; <\/li><li>Inserisci il tuo testo personale nel fumetto della chat. <\/li><\/ul><p><a href=\"#demo\">Scopri tutte le funzionalit\u00e0 nella nostra demo live<\/a><\/p> <\/div> <div class=\"application-platform-content-item-installation application-platform-content-item\" id=\"installation\" data-nav-section=\"installation\"> <h2>Come aggiungere la live chat di WhatsApp al tuo sito web Webflow<\/h2><div class=\"video-container\"><iframe width=\"720\" height=\"405\" src=\"https:\/\/www.youtube.com\/embed\/VuoyD6FNVLk\" frameborder=\"0\" allowfullscreen=\"\"><\/iframe><\/div><p>Questi diversi passaggi sono l&#8217;unica cosa di cui hai bisogno per impostare il widget sul tuo sito. Ci vorranno solo un paio di minuti del tuo tempo e non avrai bisogno di scrivere codice.<\/p> <ul><li><b>Progetta il tuo widget WhatsApp personale<\/b><br> Tramite della nostra demo gratuita, crea un plugin con design e funzionalit\u00e0 selezionati. <\/li><li><b>Copia il codice individuale per visualizzare il widget<\/b><br> Dopo aver personalizzato il tuo plugin, otterrai il codice univoco dalla notifica che appare sulle App Elfsight. Copia il codice. <\/li> <li><b>Aggiungi il widget al tuo sito web<\/b><br> Seleziona l&#8217;area in cui desideri integrare il plugin e incolla l\u00ec il codice salvato. Pubblica i risultati. <\/li> <li><b>La configurazione \u00e8 riuscita!<\/b><br> Vai al sito web, per dare un&#8217;occhiata al tuo lavoro. <\/li> <\/ul><p>Hai ancora dubbi? O hai domande? Indirizza semplicemente una richiesta al nostro servizio clienti e ti aiuteremo con ogni problema. <\/p> <\/div><div class=\"faq\" data-component=\"FAQ\"><div class=\"faq-item\">\r\n\t\t\t\t\t<div class=\"faq-item-question\">\r\n\t\t\t\t\t\t<h3 class=\"faq-item-question-text\">In che modo posso aggiungere Whatsapp Chat al mio flusso web senza competenze di codifica?<\/h3>\r\n\r\n\t\t\t\t\t\t<div class=\"faq-item-question-icon\"><\/div>\r\n\t\t\t\t\t<\/div>\r\n\r\n\t\t\t\t\t<div class=\"faq-item-answer\">\r\n\t\t\t\t\t\t<div class=\"faq-item-answer-text\"><p>La societ\u00e0 Elfsight offre un Soluzione SaaS che consente alle persone di creare da soli un&#8217;app Whatsapp Chat, segui le semplici istruzioni: <\/p><ul><li>Vai all&#8217;editor online per creare un&#8217;app Whatsapp Chat che desideri aggiungere alla tua pagina web Webflow.<\/li><li>Seleziona uno dei modelli gi\u00e0 pronti e adatta le impostazioni della chat di Whatsapp, aggiungi i tuoi contenuti, trasforma il layout e i colori senza alcuna abilit\u00e0 di codifica.<\/li><li>Salva la chat di Whatsapp e ottieni il codice del widget per l&#8217;installazione, che puoi semplicemente aggiungere a qualsiasi sito Web Webflow utilizzando un piano gratuito. <\/li><\/ul><p>Utilizzando il semplice editor ogni utente di Internet pu\u00f2 creare una sezione di chat di Whatsapp e incorporarla facilmente nella propria pagina web Webflow. Non \u00e8 necessario pagare o divulgare i dati della tua carta per accedere al servizio. Se riscontri problemi in qualsiasi momento, non esitare a contattare il nostro personale di supporto.<\/p><\/div>\r\n\t\t\t\t\t<\/div>\r\n\t\t\t\t<\/div><\/div>","protected":false},"excerpt":{"rendered":"","protected":false},"author":9,"featured_media":0,"parent":967,"menu_order":0,"comment_status":"closed","ping_status":"closed","template":"templates\/template-application-platform.php","meta":{"publish_to_discourse":"","publish_post_category":"","wpdc_auto_publish_overridden":"","wpdc_topic_tags":"","wpdc_pin_topic":"","wpdc_pin_until":"","discourse_post_id":"","discourse_permalink":"","wpdc_publishing_response":"","wpdc_publishing_error":"","footnotes":""},"class_list":["post-6693","page","type-page","status-publish","hentry"],"yoast_head":"<!-- This site is optimized with the Yoast SEO plugin v25.3.1 - https:\/\/yoast.com\/wordpress\/plugins\/seo\/ -->\n<title>Aggiungi Whatsapp Live Chat al sito web Webflow (facile e veloce)<\/title>\n<meta name=\"description\" content=\"Configura il widget di chat live di Whatsapp su Webflow solo in 2 minuti. Esplora tutte le caratteristiche principali del miglior plugin di chat in una demo gratuita.\" \/>\n<meta name=\"robots\" content=\"index, follow, max-snippet:-1, max-image-preview:large, max-video-preview:-1\" \/>\n<link rel=\"canonical\" href=\"https:\/\/elfsight.com\/it\/whatsapp-chat-widget\/webflow\/\" \/>\n<meta property=\"og:locale\" content=\"it_IT\" \/>\n<meta property=\"og:type\" content=\"article\" \/>\n<meta property=\"og:title\" content=\"Aggiungi Whatsapp Live Chat al sito web Webflow (facile e veloce)\" \/>\n<meta property=\"og:description\" content=\"Configura il widget di chat live di Whatsapp su Webflow solo in 2 minuti. Esplora tutte le caratteristiche principali del miglior plugin di chat in una demo gratuita.\" \/>\n<meta property=\"og:url\" content=\"https:\/\/elfsight.com\/it\/whatsapp-chat-widget\/webflow\/\" \/>\n<meta property=\"og:site_name\" content=\"Elfsight IT\" \/>\n<meta property=\"article:modified_time\" content=\"2024-11-12T13:15:33+00:00\" \/>\n<meta name=\"twitter:card\" content=\"summary_large_image\" \/>\n<meta name=\"twitter:label1\" content=\"Tempo di lettura stimato\" \/>\n\t<meta name=\"twitter:data1\" content=\"4 minuti\" \/>\n<!-- \/ Yoast SEO plugin. -->","yoast_head_json":{"title":"Aggiungi Whatsapp Live Chat al sito web Webflow (facile e veloce)","description":"Configura il widget di chat live di Whatsapp su Webflow solo in 2 minuti. Esplora tutte le caratteristiche principali del miglior plugin di chat in una demo gratuita.","robots":{"index":"index","follow":"follow","max-snippet":"max-snippet:-1","max-image-preview":"max-image-preview:large","max-video-preview":"max-video-preview:-1"},"canonical":"https:\/\/elfsight.com\/it\/whatsapp-chat-widget\/webflow\/","og_locale":"it_IT","og_type":"article","og_title":"Aggiungi Whatsapp Live Chat al sito web Webflow (facile e veloce)","og_description":"Configura il widget di chat live di Whatsapp su Webflow solo in 2 minuti. Esplora tutte le caratteristiche principali del miglior plugin di chat in una demo gratuita.","og_url":"https:\/\/elfsight.com\/it\/whatsapp-chat-widget\/webflow\/","og_site_name":"Elfsight IT","article_modified_time":"2024-11-12T13:15:33+00:00","twitter_card":"summary_large_image","twitter_misc":{"Tempo di lettura stimato":"4 minuti"},"schema":{"@context":"https:\/\/schema.org","@graph":[{"@type":"WebPage","@id":"https:\/\/elfsight.com\/it\/whatsapp-chat-widget\/webflow\/","url":"https:\/\/elfsight.com\/it\/whatsapp-chat-widget\/webflow\/","name":"Aggiungi Whatsapp Live Chat al sito web Webflow (facile e veloce)","isPartOf":{"@id":"https:\/\/elfsight.com\/it\/#website"},"datePublished":"1970-01-01T00:00:00+00:00","dateModified":"2024-11-12T13:15:33+00:00","description":"Configura il widget di chat live di Whatsapp su Webflow solo in 2 minuti. Esplora tutte le caratteristiche principali del miglior plugin di chat in una demo gratuita.","breadcrumb":{"@id":"https:\/\/elfsight.com\/it\/whatsapp-chat-widget\/webflow\/#breadcrumb"},"inLanguage":"it-IT","potentialAction":[{"@type":"ReadAction","target":["https:\/\/elfsight.com\/it\/whatsapp-chat-widget\/webflow\/"]}]},{"@type":"BreadcrumbList","@id":"https:\/\/elfsight.com\/it\/whatsapp-chat-widget\/webflow\/#breadcrumb","itemListElement":[{"@type":"ListItem","position":1,"name":"Home","item":"https:\/\/elfsight.com\/it\/"},{"@type":"ListItem","position":2,"name":"WhatsApp Chat","item":"https:\/\/elfsight.com\/it\/whatsapp-chat-widget\/"},{"@type":"ListItem","position":3,"name":"Whatsapp Chat &#8211; Webflow"}]},{"@type":"WebSite","@id":"https:\/\/elfsight.com\/it\/#website","url":"https:\/\/elfsight.com\/it\/","name":"Elfsight IT","description":"Just another Elfsight Sites site","potentialAction":[{"@type":"SearchAction","target":{"@type":"EntryPoint","urlTemplate":"https:\/\/elfsight.com\/it\/?s={search_term_string}"},"query-input":{"@type":"PropertyValueSpecification","valueRequired":true,"valueName":"search_term_string"}}],"inLanguage":"it-IT"}]}},"meta_box":{"industry":"","seo_heading":"","heading":"","description":"","cta_heading":"","cta_description":"","application":"960","h1":"Webflow Whatsapp Live Chat","h1_caption":"Offri agli utenti l'opportunit\u00e0 di contattarti su Whatsapp, garantendo l'interazione pi\u00f9 rapida e conveniente per i visitatori del tuo sito Web nel tuo sito Web Webflow senza sforzo.","application_category":[],"applications_title":"","applications_request_title":"","applications_request_button_text":"","hero_text":"","hero_video":"","hero_video_schema_markup":"","selling_points_title":"","selling_points_caption":"","selling_points":[],"selling_points_cta_text":"","features_title":"","features":"","ed_cta_examples_text":"","ed_cta_examples_hidden":"","ed_cta_demo_text":"","ed_cta_demo_hidden":"","why_caption":"","why_editor_title":"","why_editor_text":"","why_team_title":"","why_team_text":"","why_service_title":"","why_service_text":"","template_catalog_visible":"0","template_catalog_title":"","template_catalog_text":"","template_catalog_categories_visible":"","demo_title":"Crea il tuo widget di chat di Whatsapp","demo_caption":"Configura la tua chat Whatsapp e aggiungila gratuitamente al tuo sito Webflow!","default_faq_hidden":"","app_template_category":[],"platform":"44","template_public_id":"","codecanyon_url":"","codecanyon_item_id":"","codecanyon_price":"","pricing_caption":"","pricing_elfsight_apps_hide_column":"","pricing_elfsight_apps_url":"","pricing_codecanyon_price_caption":"","integration_category":[],"integration_request_title":"","integration_request_cta":"","integration_platform":"","integrations":[],"platform_category":[],"video_schema_markup":"","price":"da $ 0 al mese","trial":"","benefits":[{"text":"Aiuto per l'installazione gratuito"},{"text":"Assistenza clienti efficace"},{"text":"Garanzia di rimborso di 14 giorni"},{"text":"Aggiornamenti gratuiti regolari"}],"button_url":"#demo","button_target_blank":"0","button_nofollow":"0","attributes":[{"name":"Installazioni"},{"name":"Reattivo"},{"name":"Browser compatibili"}],"tags":[],"tags_disable_links":"0","hide_more_platforms":"","video_object":"","demo_hide_cta":"0","demo_hide_cloud_options":"0","pricing_title":"","pricing":[{"pricing_icon":"platform","pricing_title":"Elfsight Apps","pricing_title_caption":"Software multipiattaforma adatto a qualsiasi sito","pricing_price":"da $ 0 \/ mese","pricing_price_caption":"inizia con il piano gratuito","pricing_benefits":[{"text":"Numero illimitato di siti web"},{"text":"Supporto premium"},{"text":"Aiuto gratuito per l'installazione"},{"text":"Prezzo speciale per pi\u00f9 app"}],"pricing_button_text":"Aggiungi al sito web","pricing_button_url":"#demo"}],"related_apps_title":"","related_apps_hidden":"0","author":"","image":[],"title":"","job":"","social_networks":[]},"_links":{"self":[{"href":"https:\/\/elfsight.com\/it\/wp-json\/wp\/v2\/pages\/6693","targetHints":{"allow":["GET"]}}],"collection":[{"href":"https:\/\/elfsight.com\/it\/wp-json\/wp\/v2\/pages"}],"about":[{"href":"https:\/\/elfsight.com\/it\/wp-json\/wp\/v2\/types\/page"}],"author":[{"embeddable":true,"href":"https:\/\/elfsight.com\/it\/wp-json\/wp\/v2\/users\/9"}],"replies":[{"embeddable":true,"href":"https:\/\/elfsight.com\/it\/wp-json\/wp\/v2\/comments?post=6693"}],"version-history":[{"count":3,"href":"https:\/\/elfsight.com\/it\/wp-json\/wp\/v2\/pages\/6693\/revisions"}],"predecessor-version":[{"id":7524,"href":"https:\/\/elfsight.com\/it\/wp-json\/wp\/v2\/pages\/6693\/revisions\/7524"}],"up":[{"embeddable":true,"href":"https:\/\/elfsight.com\/it\/wp-json\/wp\/v2\/pages\/967"}],"wp:attachment":[{"href":"https:\/\/elfsight.com\/it\/wp-json\/wp\/v2\/media?parent=6693"}],"curies":[{"name":"wp","href":"https:\/\/api.w.org\/{rel}","templated":true}]}}