{"id":6691,"date":"1970-01-01T00:00:00","date_gmt":"1970-01-01T00:00:00","guid":{"rendered":"https:\/\/elfsight.com\/it\/?page_id=6691"},"modified":"2025-09-05T14:06:21","modified_gmt":"2025-09-05T14:06:21","slug":"html","status":"publish","type":"page","link":"https:\/\/elfsight.com\/it\/whatsapp-chat-widget\/html\/","title":{"rendered":"Whatsapp Chat &#8211; HTML"},"content":{"rendered":"<div class=\"application-platform-content-item-description application-platform-content-item\" id=\"description\" data-nav-section=\"description\"> <h2>Descrizione<\/h2> <p>Il widget WhatsApp di Elfsight \u00e8 uno strumento semplice che consente ai clienti del tuo sito web di rimanere in contatto con te e ascoltare risposte a le loro domande e richieste. Sii disponibile in diretta per la clientela nel loro messenger preferito tutto il giorno. Imposta la chat sul sito Web e apparir\u00e0 su pagine specifiche o per gruppi specifici di spettatori. Puoi stabilire attivatori di avvio della chat, scrivere il tuo messaggio di benvenuto unico, scegliere le icone e altro ancora. Con l&#8217;aiuto del codice della chat HTML incorporato nella pagina web, rimarrai in contatto con i tuoi spettatori in qualsiasi momento e da qualsiasi luogo.<\/p><p>La chat di WhatsApp \u00e8 l\u00ec per aiutarti non solo a migliorare i parametri di prestazione del tuo sito web, ma anche in termini di progettazione. Con questo widget puoi aggiungere un pulsante di messaggistica mobile o fisso a qualsiasi pagina del tuo sito web. Puoi anche scegliere il pubblico che potr\u00e0 vedere la chat e inviarti un messaggio utilizzandola. Il pulsante mobile di WhatsApp pu\u00f2 diventare uno strumento estremamente efficace per la tua attivit\u00e0. Il widget \u00e8 una soluzione perfetta per fornire ogni tipo di aiuto ai nostri utenti, dall&#8217;assistenza clienti alle conversazioni comuni su Messenger. E utilizzare WhatsApp per inviare uno o due messaggi ai tuoi utenti non far\u00e0 altro che aggiungerti punti poich\u00e9 \u00e8 uno dei messenger pi\u00f9 utilizzati al mondo.<\/p><p>Il plug-in WhatsApp \u00e8 anche estremamente facile da personalizzare in termini di design , e questa \u00e8 una buona notizia perch\u00e9 puoi trasformarlo in un blocco imperdibile sulla pagina del tuo sito web. Inizia semplicemente scegliendo i colori giusti per il design dei pulsanti WhatsApp. Il tuo primo messaggio pu\u00f2 diventare un&#8217;esperienza indimenticabile per gli utenti della chat di WhatsApp poich\u00e9 puoi modificare completamente l&#8217;aspetto originale del widget. Provalo tu stesso e goditi il \u200b\u200brisultato!<\/p> <div class=\"faq\" data-component=\"FAQ\"> <div class=\"faq-item\">\r\n\t\t\t\t\t<div class=\"faq-item-question\">\r\n\t\t\t\t\t\t<h3 class=\"faq-item-question-text\">Dove posso integrare questo plugin Whatsapp<\/h3>\r\n\r\n\t\t\t\t\t\t<div class=\"faq-item-question-icon\"><\/div>\r\n\t\t\t\t\t<\/div>\r\n\r\n\t\t\t\t\t<div class=\"faq-item-answer\">\r\n\t\t\t\t\t\t<div class=\"faq-item-answer-text\"> <p>Il widget pu\u00f2 essere visualizzato su ogni pagina del tuo sito web o solo su pagine particolari. Puoi anche escludere le pagine selezionate se le desideri senza chat. <\/p> <\/div>\r\n\t\t\t\t\t<\/div>\r\n\t\t\t\t<\/div> <div class=\"faq-item\">\r\n\t\t\t\t\t<div class=\"faq-item-question\">\r\n\t\t\t\t\t\t<h3 class=\"faq-item-question-text\">Quali vantaggi mi offre?<\/h3>\r\n\r\n\t\t\t\t\t\t<div class=\"faq-item-question-icon\"><\/div>\r\n\t\t\t\t\t<\/div>\r\n\r\n\t\t\t\t\t<div class=\"faq-item-answer\">\r\n\t\t\t\t\t\t<div class=\"faq-item-answer-text\"> <p>Aiuter\u00e0 pi\u00f9 spettatori a contattarti con le loro domande, richieste o problemi. Pu\u00f2 aiutare ad aumentare la quantit\u00e0 di lead e acquisti. Un altro vantaggio \u00e8 che la risposta rapida e l\u2019approccio personale miglioreranno la qualit\u00e0 dell\u2019interazione con il cliente. <\/p> <\/div>\r\n\t\t\t\t\t<\/div>\r\n\t\t\t\t<\/div> <div class=\"faq-item\">\r\n\t\t\t\t\t<div class=\"faq-item-question\">\r\n\t\t\t\t\t\t<h3 class=\"faq-item-question-text\">Come posso aggiungere la casella di chat di Whatsapp sul mio sito web?<\/h3>\r\n\r\n\t\t\t\t\t\t<div class=\"faq-item-question-icon\"><\/div>\r\n\t\t\t\t\t<\/div>\r\n\r\n\t\t\t\t\t<div class=\"faq-item-answer\">\r\n\t\t\t\t\t\t<div class=\"faq-item-answer-text\"> <p>Avrai bisogno solo di tre minuti del tuo tempo per avere il widget attivo e funzionante. L&#8217;aggiunta \u00e8 super rapida, gratuita e senza codifica. <\/p> <p>Puoi posizionare il widget sulla pagina web nel nostro servizio. Per questo dovrai applicare la guida di seguito in questa pagina.<\/p> <\/div>\r\n\t\t\t\t\t<\/div>\r\n\t\t\t\t<\/div> <\/div> <\/div> <div class=\"application-platform-content-item-features application-platform-content-item\" id=\"features\" data-nav-section=\"features\"> <h2>Caratteristiche<\/h2> <p>In Per avere un&#8217;idea completa della casella Chat, visualizza l&#8217;elenco delle sue funzionalit\u00e0 essenziali. Rendono il widget incredibilmente efficace per la tua promozione:<\/p> <ul><li>Integra WhatsApp Messenger sulla tua pagina web per rimanere in contatto con i clienti; <\/li><li>Rispondi ai messaggi direttamente dal tuo account WhatsApp; <\/li><li>Prova 3 opzioni di posizione della chat: bolla mobile, bolla incorporata e finestra di chat incorporata; <\/li><li>Utilizza una raccolta di icone a bolle tra cui scegliere; <\/li><li>Inserisci il tuo testo nel fumetto della chat. <\/li><\/ul><p><a href=\"#demo\">Per esplorare altre funzionalit\u00e0, guarda la nostra demo<\/a><\/p> <\/div> <div class=\"application-platform-content-item-installation application-platform-content-item\" id=\"installation\" data-nav-section=\"installation\"> <h2>Come aggiungere il codice della chat di Whatsapp alla tua pagina HTML<\/h2><div class=\"video-container\">\n<iframe width=\"720\" height=\"405\" src=\"https:\/\/www.youtube.com\/embed\/1-MsIyeGQAs?si=2VDBWfVzOH_MrIil\" frameborder=\"0\" allowfullscreen=\"\"><\/iframe>\n<\/div><p>Queste diverse azioni sono l&#8217;unica cosa di cui hai bisogno per avere Whatsapp attivo e funzionante.<\/p> <ul><li><b>Genera la tua Live Chat WhatsApp personalizzata<\/b><br> Con l&#8217;aiuto del nostro editor gratuito, genera un plugin con interfaccia e funzioni personalizzate. <\/li><li><b>Acquisisci il codice personale per installare il widget<\/b><br> Dopo aver impostato il plugin, riceverai il codice di installazione dalla notifica popup su Elfsight Apps. Copialo. <\/li> <li><b>Pubblica il widget sul tuo sito HTML<\/b><br> Definisci il luogo in cui desideri incorporare il plugin e inserisci l\u00ec il codice salvato. Pubblica i risultati. <\/li> <li><b>Congratulazioni! Hai appena pubblicato il widget Chat! <\/b><br> Entra nella tua pagina per vedere il tuo widget. <\/li><\/ul><p>Non hai ancora deciso? O ti sei imbattuto in qualcosa? Basta una sola richiesta al nostro servizio clienti per risolvere qualsiasi tipo di problema. <\/p> <\/div><div class=\"faq\" data-component=\"FAQ\"><div class=\"faq-item\">\r\n\t\t\t\t\t<div class=\"faq-item-question\">\r\n\t\t\t\t\t\t<h3 class=\"faq-item-question-text\">Esiste un'opzione per aggiungere la chat di Whatsapp alla mia home page HTML senza esperienza di codifica?<\/h3>\r\n\r\n\t\t\t\t\t\t<div class=\"faq-item-question-icon\"><\/div>\r\n\t\t\t\t\t<\/div>\r\n\r\n\t\t\t\t\t<div class=\"faq-item-answer\">\r\n\t\t\t\t\t\t<div class=\"faq-item-answer-text\"><p>Azienda Elfsight fornisce una soluzione Cloud che consente agli utenti di creare da soli un&#8217;app Whatsapp Chat, verifica quanto \u00e8 facile: <\/p><ul><li>Vai all&#8217;editor online per generare una sezione Whatsapp Chat che desideri includere nel tuo sito HTML .<\/li><li>Scegli uno dei modelli predefiniti e modifica le impostazioni della chat di Whatsapp, aggiorna i tuoi contenuti, cambia il layout e il colore degli elementi senza esperienza di codifica.<\/li><li>Fai clic per salvare le impostazioni che desideri vai alla chat di Whatsapp e ottieni il codice di installazione, che puoi incorporare gratuitamente nel tuo sito HTML. <\/li><\/ul><p>Con il nostro semplice configuratore ogni utente di Internet pu\u00f2 creare una chat Whatsapp e incorporarla semplicemente in qualsiasi sito HTML. Non \u00e8 necessario pagare o rivelare le credenziali della tua carta per accedere all&#8217;Editor. Se incontri ostacoli di qualsiasi tipo, non esitare a rivolgerti al nostro team di supporto.<\/p><\/div>\r\n\t\t\t\t\t<\/div>\r\n\t\t\t\t<\/div><\/div>","protected":false},"excerpt":{"rendered":"","protected":false},"author":9,"featured_media":0,"parent":967,"menu_order":0,"comment_status":"closed","ping_status":"closed","template":"templates\/template-application-platform.php","meta":{"publish_to_discourse":"","publish_post_category":"","wpdc_auto_publish_overridden":"","wpdc_topic_tags":"","wpdc_pin_topic":"","wpdc_pin_until":"","discourse_post_id":"","discourse_permalink":"","wpdc_publishing_response":"","wpdc_publishing_error":"","footnotes":""},"class_list":["post-6691","page","type-page","status-publish","hentry"],"yoast_head":"<!-- This site is optimized with the Yoast SEO plugin v25.3.1 - https:\/\/yoast.com\/wordpress\/plugins\/seo\/ -->\n<title>Aggiungi il codice Whatsapp Live Chat al sito Web HTML (in 2 minuti)<\/title>\n<meta name=\"description\" content=\"Imposta il codice della chat live di Whatsapp sul sito Web HTML solo in 2 minuti. Esplora tutte le funzionalit\u00e0 del widget WhatsApp gratuito nella demo online.\" \/>\n<meta name=\"robots\" content=\"index, follow, max-snippet:-1, max-image-preview:large, max-video-preview:-1\" \/>\n<link rel=\"canonical\" href=\"https:\/\/elfsight.com\/it\/whatsapp-chat-widget\/html\/\" \/>\n<meta property=\"og:locale\" content=\"it_IT\" \/>\n<meta property=\"og:type\" content=\"article\" \/>\n<meta property=\"og:title\" content=\"Aggiungi il codice Whatsapp Live Chat al sito Web HTML (in 2 minuti)\" \/>\n<meta property=\"og:description\" content=\"Imposta il codice della chat live di Whatsapp sul sito Web HTML solo in 2 minuti. Esplora tutte le funzionalit\u00e0 del widget WhatsApp gratuito nella demo online.\" \/>\n<meta property=\"og:url\" content=\"https:\/\/elfsight.com\/it\/whatsapp-chat-widget\/html\/\" \/>\n<meta property=\"og:site_name\" content=\"Elfsight IT\" \/>\n<meta property=\"article:modified_time\" content=\"2025-09-05T14:06:21+00:00\" \/>\n<meta name=\"twitter:card\" content=\"summary_large_image\" \/>\n<meta name=\"twitter:label1\" content=\"Tempo di lettura stimato\" \/>\n\t<meta name=\"twitter:data1\" content=\"5 minuti\" \/>\n<!-- \/ Yoast SEO plugin. -->","yoast_head_json":{"title":"Aggiungi il codice Whatsapp Live Chat al sito Web HTML (in 2 minuti)","description":"Imposta il codice della chat live di Whatsapp sul sito Web HTML solo in 2 minuti. Esplora tutte le funzionalit\u00e0 del widget WhatsApp gratuito nella demo online.","robots":{"index":"index","follow":"follow","max-snippet":"max-snippet:-1","max-image-preview":"max-image-preview:large","max-video-preview":"max-video-preview:-1"},"canonical":"https:\/\/elfsight.com\/it\/whatsapp-chat-widget\/html\/","og_locale":"it_IT","og_type":"article","og_title":"Aggiungi il codice Whatsapp Live Chat al sito Web HTML (in 2 minuti)","og_description":"Imposta il codice della chat live di Whatsapp sul sito Web HTML solo in 2 minuti. Esplora tutte le funzionalit\u00e0 del widget WhatsApp gratuito nella demo online.","og_url":"https:\/\/elfsight.com\/it\/whatsapp-chat-widget\/html\/","og_site_name":"Elfsight IT","article_modified_time":"2025-09-05T14:06:21+00:00","twitter_card":"summary_large_image","twitter_misc":{"Tempo di lettura stimato":"5 minuti"},"schema":{"@context":"https:\/\/schema.org","@graph":[{"@type":"WebPage","@id":"https:\/\/elfsight.com\/it\/whatsapp-chat-widget\/html\/","url":"https:\/\/elfsight.com\/it\/whatsapp-chat-widget\/html\/","name":"Aggiungi il codice Whatsapp Live Chat al sito Web HTML (in 2 minuti)","isPartOf":{"@id":"https:\/\/elfsight.com\/it\/#website"},"datePublished":"1970-01-01T00:00:00+00:00","dateModified":"2025-09-05T14:06:21+00:00","description":"Imposta il codice della chat live di Whatsapp sul sito Web HTML solo in 2 minuti. Esplora tutte le funzionalit\u00e0 del widget WhatsApp gratuito nella demo online.","breadcrumb":{"@id":"https:\/\/elfsight.com\/it\/whatsapp-chat-widget\/html\/#breadcrumb"},"inLanguage":"it-IT","potentialAction":[{"@type":"ReadAction","target":["https:\/\/elfsight.com\/it\/whatsapp-chat-widget\/html\/"]}]},{"@type":"BreadcrumbList","@id":"https:\/\/elfsight.com\/it\/whatsapp-chat-widget\/html\/#breadcrumb","itemListElement":[{"@type":"ListItem","position":1,"name":"Home","item":"https:\/\/elfsight.com\/it\/"},{"@type":"ListItem","position":2,"name":"WhatsApp Chat","item":"https:\/\/elfsight.com\/it\/whatsapp-chat-widget\/"},{"@type":"ListItem","position":3,"name":"Whatsapp Chat &#8211; HTML"}]},{"@type":"WebSite","@id":"https:\/\/elfsight.com\/it\/#website","url":"https:\/\/elfsight.com\/it\/","name":"Elfsight IT","description":"Just another Elfsight Sites site","potentialAction":[{"@type":"SearchAction","target":{"@type":"EntryPoint","urlTemplate":"https:\/\/elfsight.com\/it\/?s={search_term_string}"},"query-input":{"@type":"PropertyValueSpecification","valueRequired":true,"valueName":"search_term_string"}}],"inLanguage":"it-IT"}]}},"meta_box":{"industry":"","seo_heading":"","heading":"","description":"","cta_heading":"","cta_description":"","application":"960","h1":"Codice HTML della chat dal vivo di Whatsapp","h1_caption":"Offri agli utenti l'opportunit\u00e0 di contattarti su Whatsapp, garantendo l'interazione pi\u00f9 rapida e conveniente per i visitatori del tuo sito Web nel tuo sito Web HTML senza sforzo.","application_category":[],"applications_title":"","applications_request_title":"","applications_request_button_text":"","hero_text":"","hero_video":"","hero_video_schema_markup":"","selling_points_title":"","selling_points_caption":"","selling_points":[],"selling_points_cta_text":"","features_title":"","features":"","ed_cta_examples_text":"","ed_cta_examples_hidden":"","ed_cta_demo_text":"","ed_cta_demo_hidden":"","why_caption":"","why_editor_title":"","why_editor_text":"","why_team_title":"","why_team_text":"","why_service_title":"","why_service_text":"","template_catalog_visible":"0","template_catalog_title":"","template_catalog_text":"","template_catalog_categories_visible":"","demo_title":"Crea il tuo widget di chat di Whatsapp","demo_caption":"Configura la tua chat Whatsapp e aggiungila gratuitamente al tuo sito HTML!","default_faq_hidden":"","app_template_category":[],"platform":"35","template_public_id":"","codecanyon_url":"","codecanyon_item_id":"","codecanyon_price":"","pricing_caption":"","pricing_elfsight_apps_hide_column":"","pricing_elfsight_apps_url":"","pricing_codecanyon_price_caption":"","integration_category":[],"integration_request_title":"","integration_request_cta":"","integration_platform":"","integrations":[],"platform_category":[],"video_schema_markup":"","price":"da $ 0 al mese","trial":"","benefits":[{"text":"Assistenza gratuita per l'installazione"},{"text":"Assistenza clienti con esperienza"},{"text":"Garanzia di rimborso di 14 giorni"},{"text":"Miglioramenti a vita"}],"button_url":"#demo","button_target_blank":"0","button_nofollow":"0","attributes":[{"name":"Installazioni"},{"name":"Reattivo"},{"name":"Browser compatibili"}],"tags":[],"tags_disable_links":"0","hide_more_platforms":"0","video_object":"","demo_hide_cta":"0","demo_hide_cloud_options":"0","pricing_title":"","pricing":[{"pricing_icon":"platform","pricing_title":"Elfsight Apps","pricing_title_caption":"Soluzione digitale multipiattaforma che funziona su qualsiasi sito","pricing_price":"da $ 0 \/ mese","pricing_price_caption":"inizia con il piano gratuito","pricing_benefits":[{"text":"Siti web illimitati"},{"text":"Assistenza clienti gratuita"},{"text":"Aiuto per l'installazione gratuito"},{"text":"Offerta a tempo limitato per pi\u00f9 app"}],"pricing_button_text":"Aggiungi al sito web","pricing_button_url":"#demo"}],"related_apps_title":"","related_apps_hidden":"0","author":"","image":[],"title":"","job":"","social_networks":[]},"_links":{"self":[{"href":"https:\/\/elfsight.com\/it\/wp-json\/wp\/v2\/pages\/6691","targetHints":{"allow":["GET"]}}],"collection":[{"href":"https:\/\/elfsight.com\/it\/wp-json\/wp\/v2\/pages"}],"about":[{"href":"https:\/\/elfsight.com\/it\/wp-json\/wp\/v2\/types\/page"}],"author":[{"embeddable":true,"href":"https:\/\/elfsight.com\/it\/wp-json\/wp\/v2\/users\/9"}],"replies":[{"embeddable":true,"href":"https:\/\/elfsight.com\/it\/wp-json\/wp\/v2\/comments?post=6691"}],"version-history":[{"count":4,"href":"https:\/\/elfsight.com\/it\/wp-json\/wp\/v2\/pages\/6691\/revisions"}],"predecessor-version":[{"id":10497,"href":"https:\/\/elfsight.com\/it\/wp-json\/wp\/v2\/pages\/6691\/revisions\/10497"}],"up":[{"embeddable":true,"href":"https:\/\/elfsight.com\/it\/wp-json\/wp\/v2\/pages\/967"}],"wp:attachment":[{"href":"https:\/\/elfsight.com\/it\/wp-json\/wp\/v2\/media?parent=6691"}],"curies":[{"name":"wp","href":"https:\/\/api.w.org\/{rel}","templated":true}]}}