{"id":6690,"date":"1970-01-01T00:00:00","date_gmt":"1970-01-01T00:00:00","guid":{"rendered":"https:\/\/elfsight.com\/it\/?page_id=6690"},"modified":"2025-03-13T06:58:50","modified_gmt":"2025-03-13T06:58:50","slug":"jquery","status":"publish","type":"page","link":"https:\/\/elfsight.com\/it\/whatsapp-chat-widget\/jquery\/","title":{"rendered":"Whatsapp Chat &#8211; jQuery"},"content":{"rendered":"\n<div class=\"application-platform-content-item-description application-platform-content-item\" id=\"description\" data-nav-section=\"description\"> <h2>Incorpora la chat di WhatsApp con il widget Elfsight<\/h2> <p>Il plugin WhatsApp realizzato da Elfsight \u00e8 un modo semplice per consentire ai visitatori del tuo sito web di inviare i propri messaggi e ricevere risposta alle loro domande. Ora puoi essere sempre disponibile per i tuoi visitatori nel loro messenger preferito. Aggiungi la chat sul sito web e lasciala apparire su pagine selezionate o per tipi selezionati di spettatori, scegli i trigger di avvio della chat, inserisci il tuo messaggio di benvenuto, modifica le icone e molto altro. Con la chat di WhatsApp Lie funzionante sul sito web, rimarrai in contatto con la tua clientela in ogni momento e indipendentemente da dove ti trovi.<\/p> <div class=\"faq\" data-component=\"FAQ\"> <div class=\"faq-item\">\r\n\t\t\t\t\t<div class=\"faq-item-question\">\r\n\t\t\t\t\t\t<h3 class=\"faq-item-question-text\">Dove posso pubblicarlo sul mio sito web<\/h3>\r\n\r\n\t\t\t\t\t\t<div class=\"faq-item-question-icon\"><\/div>\r\n\t\t\t\t\t<\/div>\r\n\r\n\t\t\t\t\t<div class=\"faq-item-answer\">\r\n\t\t\t\t\t\t<div class=\"faq-item-answer-text\"> <p>Tu puoi impostare la Chat Box su tutte le pagine del tuo sito web o solo su pagine selezionate. \u00c8 anche possibile restringerlo a pagine selezionate se le desideri senza chat.<\/p> <\/div>\r\n\t\t\t\t\t<\/div>\r\n\t\t\t\t<\/div> <div class=\"faq-item\">\r\n\t\t\t\t\t<div class=\"faq-item-question\">\r\n\t\t\t\t\t\t<h3 class=\"faq-item-question-text\">Quali sono i vantaggi di averlo per me?<\/h3>\r\n\r\n\t\t\t\t\t\t<div class=\"faq-item-question-icon\"><\/div>\r\n\t\t\t\t\t<\/div>\r\n\r\n\t\t\t\t\t<div class=\"faq-item-answer\">\r\n\t\t\t\t\t\t<div class=\"faq-item-answer-text\"> <p>Semplificher\u00e0 i visitatori contattarti con le loro domande e richieste. E questo pu\u00f2 aiutare ad aumentare il numero di lead e vendite. Inoltre, risposte immediate e approccio individuale alle persone aumenteranno il livello delle relazioni con i clienti. <\/p> <\/div>\r\n\t\t\t\t\t<\/div>\r\n\t\t\t\t<\/div> <div class=\"faq-item\">\r\n\t\t\t\t\t<div class=\"faq-item-question\">\r\n\t\t\t\t\t\t<h3 class=\"faq-item-question-text\">Di cosa ho bisogno per avere Whatsapp?<\/h3>\r\n\r\n\t\t\t\t\t\t<div class=\"faq-item-question-icon\"><\/div>\r\n\t\t\t\t\t<\/div>\r\n\r\n\t\t\t\t\t<div class=\"faq-item-answer\">\r\n\t\t\t\t\t\t<div class=\"faq-item-answer-text\"> <p>Ci vuole solo un minuto di tempo per incorporare il widget. L&#8217;integrazione \u00e8 molto veloce, gratuita e senza codifica. <\/p> <p>C&#8217;\u00e8 un&#8217;opzione per configurare Whatsapp sul tuo sito direttamente tramite il nostro servizio. Per realizzarlo vedere le istruzioni riportate di seguito in questa pagina. <\/p> <\/div>\r\n\t\t\t\t\t<\/div>\r\n\t\t\t\t<\/div> <\/div> <\/div> <div class=\"application-platform-content-item-features application-platform-content-item\" id=\"features\" data-nav-section=\"features\"> <h2>Caratteristiche principali del widget chat di WhatsApp<\/h2> <p>Per una comprensione pi\u00f9 chiara della chat dal vivo, controlla l&#8217;elenco dei suoi tratti essenziali. Rendono questo plugin davvero vantaggioso per te: <\/p><ul><li>Prova 3 tipi di layout del plugin: bolla mobile, bolla incorporata e finestra di chat incorporata; <\/li><li>Inserisci WhatsApp Messenger nella tua pagina web per chattare dal vivo con gli spettatori; <\/li><li>Testo a fumetto modificabile.<\/li><\/ul><p><a href=\"#demo\">La nostra demo ti mostrer\u00e0 pi\u00f9 funzionalit\u00e0<\/a><\/p> <\/div> <div class=\"application-platform-content-item-installation application-platform-content-item\" id=\"installation\" data-nav-section=\"installation\"> <h2>Come aggiungere il plugin Live Chat al tuo sito web jQuery<\/h2> <p> Un paio di rapidi passaggi sono l&#8217;unica cosa di cui hai bisogno per integrare Whatsapp.<\/p> <ul><li><b>Genera la tua chat box personalizzata<\/b><br> Utilizzando la nostra demo gratuita, crea un plugin con un layout e una funzionalit\u00e0 preferibili. <\/li><li><b>Ricevi il codice personale per configurare il plugin<\/b><br> Dopo aver creato il tuo widget, riceverai il codice di installazione dalla finestra visualizzata su Elfsight Apps. Copia questo codice per un ulteriore utilizzo.<\/li> <li><b>Aggiungi il plugin al tuo sito web jQuery<\/b><br> Seleziona il luogo in cui desideri aggiungere il plugin e inserisci l\u00ec il codice copiato. Pubblica le modifiche.<\/li> <li><b>Il gioco \u00e8 fatto!<\/b><br> Accedi alla tua pagina web per visualizzare il tuo lavoro. <\/li> <\/ul><p>Dubbi ancora qualcosa? O avere problemi? Basta inviare una richiesta al nostro team di assistenza clienti e risolveremo qualsiasi domanda. <\/p> <\/div><div class=\"faq\" data-component=\"FAQ\"><div class=\"faq-item\">\r\n\t\t\t\t\t<div class=\"faq-item-question\">\r\n\t\t\t\t\t\t<h3 class=\"faq-item-question-text\">Esiste un modo per incorporare la chat di Whatsapp nel mio sito jQuery senza competenze di codifica?<\/h3>\r\n\r\n\t\t\t\t\t\t<div class=\"faq-item-question-icon\"><\/div>\r\n\t\t\t\t\t<\/div>\r\n\r\n\t\t\t\t\t<div class=\"faq-item-answer\">\r\n\t\t\t\t\t\t<div class=\"faq-item-answer-text\"><p>Azienda Elfsight introduce una soluzione che consente a un vasto pubblico di creare tu stesso una sezione di chat di Whatsapp, scopri la semplice guida: <\/p><ul><li>Vai all&#8217;editor live per generare un plug-in di chat di Whatsapp che desideri includere nel tuo jQuery. <\/li><li>Scegli uno dei modelli predefiniti e modifica le impostazioni della chat di Whatsapp, includi i tuoi contenuti, modifica il layout e la combinazione di colori senza esperienza di codifica.<\/li><li>Fai clic per salvare la chat di Whatsapp e copiarla codice di installazione, che puoi includere facilmente in qualsiasi sito Web jQuery utilizzando un piano gratuito. <\/li><\/ul><p>Lavorando nell&#8217;intuitivo Configuratore ogni utente web pu\u00f2 creare una sezione di chat di Whatsapp online e incorporarla semplicemente in qualsiasi sito web jQuery. Non \u00e8 necessario sottoscrivere un abbonamento a pagamento o inserire i dati della carta per accedere al nostro servizio. Se riscontri problemi di qualsiasi tipo, non esitare a rivolgerti al nostro personale di supporto.<\/p><\/div>\r\n\t\t\t\t\t<\/div>\r\n\t\t\t\t<\/div><\/div>\n","protected":false},"excerpt":{"rendered":"","protected":false},"author":9,"featured_media":0,"parent":967,"menu_order":0,"comment_status":"closed","ping_status":"closed","template":"templates\/template-application-platform.php","meta":{"publish_to_discourse":"","publish_post_category":"","wpdc_auto_publish_overridden":"","wpdc_topic_tags":"","wpdc_pin_topic":"","wpdc_pin_until":"","discourse_post_id":"","discourse_permalink":"","wpdc_publishing_response":"","wpdc_publishing_error":"","footnotes":""},"class_list":["post-6690","page","type-page","status-publish","hentry"],"yoast_head":"<!-- This site is optimized with the Yoast SEO plugin v25.3.1 - https:\/\/yoast.com\/wordpress\/plugins\/seo\/ -->\n<title>Aggiungi il plugin Whatsapp Live Chat al sito web jQuery (facile e veloce)<\/title>\n<meta name=\"description\" content=\"Configura il plug-in di chat live di Whatsapp su jQuery solo in 2 minuti. Esplora tutte le caratteristiche principali del miglior widget di chat in una demo gratuita.\" \/>\n<meta name=\"robots\" content=\"index, follow, max-snippet:-1, max-image-preview:large, max-video-preview:-1\" \/>\n<link rel=\"canonical\" href=\"https:\/\/elfsight.com\/it\/whatsapp-chat-widget\/jquery\/\" \/>\n<meta property=\"og:locale\" content=\"it_IT\" \/>\n<meta property=\"og:type\" content=\"article\" \/>\n<meta property=\"og:title\" content=\"Aggiungi il plugin Whatsapp Live Chat al sito web jQuery (facile e veloce)\" \/>\n<meta property=\"og:description\" content=\"Configura il plug-in di chat live di Whatsapp su jQuery solo in 2 minuti. Esplora tutte le caratteristiche principali del miglior widget di chat in una demo gratuita.\" \/>\n<meta property=\"og:url\" content=\"https:\/\/elfsight.com\/it\/whatsapp-chat-widget\/jquery\/\" \/>\n<meta property=\"og:site_name\" content=\"Elfsight IT\" \/>\n<meta property=\"article:modified_time\" content=\"2025-03-13T06:58:50+00:00\" \/>\n<meta name=\"twitter:card\" content=\"summary_large_image\" \/>\n<meta name=\"twitter:label1\" content=\"Tempo di lettura stimato\" \/>\n\t<meta name=\"twitter:data1\" content=\"4 minuti\" \/>\n<!-- \/ Yoast SEO plugin. -->","yoast_head_json":{"title":"Aggiungi il plugin Whatsapp Live Chat al sito web jQuery (facile e veloce)","description":"Configura il plug-in di chat live di Whatsapp su jQuery solo in 2 minuti. Esplora tutte le caratteristiche principali del miglior widget di chat in una demo gratuita.","robots":{"index":"index","follow":"follow","max-snippet":"max-snippet:-1","max-image-preview":"max-image-preview:large","max-video-preview":"max-video-preview:-1"},"canonical":"https:\/\/elfsight.com\/it\/whatsapp-chat-widget\/jquery\/","og_locale":"it_IT","og_type":"article","og_title":"Aggiungi il plugin Whatsapp Live Chat al sito web jQuery (facile e veloce)","og_description":"Configura il plug-in di chat live di Whatsapp su jQuery solo in 2 minuti. Esplora tutte le caratteristiche principali del miglior widget di chat in una demo gratuita.","og_url":"https:\/\/elfsight.com\/it\/whatsapp-chat-widget\/jquery\/","og_site_name":"Elfsight IT","article_modified_time":"2025-03-13T06:58:50+00:00","twitter_card":"summary_large_image","twitter_misc":{"Tempo di lettura stimato":"4 minuti"},"schema":{"@context":"https:\/\/schema.org","@graph":[{"@type":"WebPage","@id":"https:\/\/elfsight.com\/it\/whatsapp-chat-widget\/jquery\/","url":"https:\/\/elfsight.com\/it\/whatsapp-chat-widget\/jquery\/","name":"Aggiungi il plugin Whatsapp Live Chat al sito web jQuery (facile e veloce)","isPartOf":{"@id":"https:\/\/elfsight.com\/it\/#website"},"datePublished":"1970-01-01T00:00:00+00:00","dateModified":"2025-03-13T06:58:50+00:00","description":"Configura il plug-in di chat live di Whatsapp su jQuery solo in 2 minuti. Esplora tutte le caratteristiche principali del miglior widget di chat in una demo gratuita.","breadcrumb":{"@id":"https:\/\/elfsight.com\/it\/whatsapp-chat-widget\/jquery\/#breadcrumb"},"inLanguage":"it-IT","potentialAction":[{"@type":"ReadAction","target":["https:\/\/elfsight.com\/it\/whatsapp-chat-widget\/jquery\/"]}]},{"@type":"BreadcrumbList","@id":"https:\/\/elfsight.com\/it\/whatsapp-chat-widget\/jquery\/#breadcrumb","itemListElement":[{"@type":"ListItem","position":1,"name":"Home","item":"https:\/\/elfsight.com\/it\/"},{"@type":"ListItem","position":2,"name":"WhatsApp Chat","item":"https:\/\/elfsight.com\/it\/whatsapp-chat-widget\/"},{"@type":"ListItem","position":3,"name":"Whatsapp Chat &#8211; jQuery"}]},{"@type":"WebSite","@id":"https:\/\/elfsight.com\/it\/#website","url":"https:\/\/elfsight.com\/it\/","name":"Elfsight IT","description":"Just another Elfsight Sites site","potentialAction":[{"@type":"SearchAction","target":{"@type":"EntryPoint","urlTemplate":"https:\/\/elfsight.com\/it\/?s={search_term_string}"},"query-input":{"@type":"PropertyValueSpecification","valueRequired":true,"valueName":"search_term_string"}}],"inLanguage":"it-IT"}]}},"meta_box":{"industry":"","seo_heading":"","heading":"","description":"","cta_heading":"","cta_description":"","application":"960","h1":"Plug-in jQuery Whatsapp Live Chat","h1_caption":"Offri agli utenti l'opportunit\u00e0 di contattarti su Whatsapp, garantendo l'interazione pi\u00f9 rapida e conveniente per i visitatori del tuo sito Web nel tuo sito Web jQuery senza sforzo.","application_category":[],"applications_title":"","applications_request_title":"","applications_request_button_text":"","hero_text":"","hero_video":"","hero_video_schema_markup":"","selling_points_title":"","selling_points_caption":"","selling_points":[],"selling_points_cta_text":"","features_title":"","features":"","ed_cta_examples_text":"","ed_cta_examples_hidden":"","ed_cta_demo_text":"","ed_cta_demo_hidden":"","why_caption":"","why_editor_title":"","why_editor_text":"","why_team_title":"","why_team_text":"","why_service_title":"","why_service_text":"","template_catalog_visible":"0","template_catalog_title":"","template_catalog_text":"","template_catalog_categories_visible":"","demo_title":"Crea il tuo plugin per la chat di Whatsapp","demo_caption":"Configura la tua chat Whatsapp e aggiungila gratuitamente al tuo sito jQuery!","default_faq_hidden":"","app_template_category":[],"platform":"37","template_public_id":"","codecanyon_url":"","codecanyon_item_id":"","codecanyon_price":"","pricing_caption":"","pricing_elfsight_apps_hide_column":"","pricing_elfsight_apps_url":"","pricing_codecanyon_price_caption":"","integration_category":[],"integration_request_title":"","integration_request_cta":"","integration_platform":"","integrations":[],"platform_category":[],"video_schema_markup":"","price":"da $ 0 al mese","trial":"","benefits":[{"text":"Aiuto per l'installazione gratuito"},{"text":"Servizio clienti competente"},{"text":"Garanzia di rimborso di 14 giorni"},{"text":"Miglioramenti continui"}],"button_url":"#demo","button_target_blank":"0","button_nofollow":"0","attributes":[{"name":"Installazioni"},{"name":"Reattivo"},{"name":"Browser compatibili"}],"tags":[],"tags_disable_links":"0","hide_more_platforms":"0","video_object":"","demo_hide_cta":"0","demo_hide_cloud_options":"0","pricing_title":"","pricing":[{"pricing_icon":"platform","pricing_title":"Elfsight Apps","pricing_title_caption":"Soluzione digitale indipendente dalla piattaforma adatta a qualsiasi sito web","pricing_price":"da $ 0 \/ mese","pricing_price_caption":"inizia con un piano gratuito","pricing_benefits":[{"text":"Domini illimitati"},{"text":"Supporto dedicato e puntuale"},{"text":"Servizio di installazione gratuito"},{"text":"100% personalizzabile"}],"pricing_button_text":"Aggiungi al sito web","pricing_button_url":"#demo"}],"related_apps_title":"","related_apps_hidden":"0","author":"","image":[],"title":"","job":"","social_networks":[]},"_links":{"self":[{"href":"https:\/\/elfsight.com\/it\/wp-json\/wp\/v2\/pages\/6690","targetHints":{"allow":["GET"]}}],"collection":[{"href":"https:\/\/elfsight.com\/it\/wp-json\/wp\/v2\/pages"}],"about":[{"href":"https:\/\/elfsight.com\/it\/wp-json\/wp\/v2\/types\/page"}],"author":[{"embeddable":true,"href":"https:\/\/elfsight.com\/it\/wp-json\/wp\/v2\/users\/9"}],"replies":[{"embeddable":true,"href":"https:\/\/elfsight.com\/it\/wp-json\/wp\/v2\/comments?post=6690"}],"version-history":[{"count":2,"href":"https:\/\/elfsight.com\/it\/wp-json\/wp\/v2\/pages\/6690\/revisions"}],"predecessor-version":[{"id":8608,"href":"https:\/\/elfsight.com\/it\/wp-json\/wp\/v2\/pages\/6690\/revisions\/8608"}],"up":[{"embeddable":true,"href":"https:\/\/elfsight.com\/it\/wp-json\/wp\/v2\/pages\/967"}],"wp:attachment":[{"href":"https:\/\/elfsight.com\/it\/wp-json\/wp\/v2\/media?parent=6690"}],"curies":[{"name":"wp","href":"https:\/\/api.w.org\/{rel}","templated":true}]}}