{"id":6685,"date":"1970-01-01T00:00:00","date_gmt":"1970-01-01T00:00:00","guid":{"rendered":"https:\/\/elfsight.com\/it\/?page_id=6685"},"modified":"2025-03-13T06:34:44","modified_gmt":"2025-03-13T06:34:44","slug":"blogger","status":"publish","type":"page","link":"https:\/\/elfsight.com\/it\/whatsapp-chat-widget\/blogger\/","title":{"rendered":"Whatsapp Chat &#8211; Blogger"},"content":{"rendered":"\n<div class=\"application-platform-content-item-description application-platform-content-item\" id=\"description\" data-nav-section=\"description\"> <h2>Incorpora la chat di WhatsApp con il widget Elfsight<\/h2> <p>Il widget WhatsApp creato da Elfsight \u00e8 un metodo semplice per consentire ai clienti del tuo sito web di raggiungerti e ricevere risposta alle loro domande. Sii disponibile online per i tuoi clienti nel messenger pi\u00f9 popolare in qualsiasi momento. Introdurre la chat sul sito web e farla apparire su pagine specifiche o per gruppi selezionati di spettatori; scegli i trigger di avvio della chat, mostra il tuo messaggio di benvenuto, scegli le icone e molto altro ancora. Utilizzando il widget Chat Box incorporato nella pagina web, rimarrai in contatto con i tuoi visitatori in qualsiasi momento e indipendentemente da dove ti trovi. <\/p> <div class=\"faq\" data-component=\"FAQ\"> <div class=\"faq-item\">\r\n\t\t\t\t\t<div class=\"faq-item-question\">\r\n\t\t\t\t\t\t<h3 class=\"faq-item-question-text\">Dove posso visualizzare il widget sul mio sito<\/h3>\r\n\r\n\t\t\t\t\t\t<div class=\"faq-item-question-icon\"><\/div>\r\n\t\t\t\t\t<\/div>\r\n\r\n\t\t\t\t\t<div class=\"faq-item-answer\">\r\n\t\t\t\t\t\t<div class=\"faq-item-answer-text\"> <p>Puoi integrare WhatsApp Live Chat in ogni pagina del tuo sito web o solo in pagine selezionate. \u00c8 anche possibile limitarlo a determinate pagine se non vuoi chattare l\u00ec. <\/p> <\/div>\r\n\t\t\t\t\t<\/div>\r\n\t\t\t\t<\/div> <div class=\"faq-item\">\r\n\t\t\t\t\t<div class=\"faq-item-question\">\r\n\t\t\t\t\t\t<h3 class=\"faq-item-question-text\">Come potrei trarne vantaggio?<\/h3>\r\n\r\n\t\t\t\t\t\t<div class=\"faq-item-question-icon\"><\/div>\r\n\t\t\t\t\t<\/div>\r\n\r\n\t\t\t\t\t<div class=\"faq-item-answer\">\r\n\t\t\t\t\t\t<div class=\"faq-item-answer-text\"> <p>Blogger Chat consentir\u00e0 a pi\u00f9 visitatori di comunicarti le loro domande, domande o problemi. Ci\u00f2 pu\u00f2 aiutare ad aumentare la quantit\u00e0 di lead e vendite. Inoltre, la risposta rapida e l&#8217;approccio personalizzato miglioreranno la qualit\u00e0 dell&#8217;interazione con il cliente. <\/p> <\/div>\r\n\t\t\t\t\t<\/div>\r\n\t\t\t\t<\/div> <div class=\"faq-item\">\r\n\t\t\t\t\t<div class=\"faq-item-question\">\r\n\t\t\t\t\t\t<h3 class=\"faq-item-question-text\">Di cosa ho bisogno per incorporare Whatsapp sul mio sito web?<\/h3>\r\n\r\n\t\t\t\t\t\t<div class=\"faq-item-question-icon\"><\/div>\r\n\t\t\t\t\t<\/div>\r\n\r\n\t\t\t\t\t<div class=\"faq-item-answer\">\r\n\t\t\t\t\t\t<div class=\"faq-item-answer-text\"> <p>Ci vorranno solo tre minuti del tuo tempo per attivare il widget. L\u2019installazione \u00e8 estremamente rapida, gratuita e non richiede codifica. <\/p> <p>C&#8217;\u00e8 un&#8217;opzione per incorporare il widget nel tuo sito direttamente tramite il nostro servizio. Per farlo devi seguire la breve descrizione in basso in questa pagina.<\/p> <\/div>\r\n\t\t\t\t\t<\/div>\r\n\t\t\t\t<\/div> <\/div> <\/div> <div class=\"application-platform-content-item-features application-platform-content-item\" id=\"features\" data-nav-section=\"features\"> <h2>Caratteristiche principali del widget chat di WhatsApp<\/h2> <p>Per conoscere meglio il widget, puoi dare un&#8217;occhiata all&#8217;elenco delle sue funzioni pi\u00f9 importanti. Rendono questo widget incredibilmente efficace per te: <\/p> <ul><li>Introduci WhatsApp Messenger sul tuo sito per comunicare con la clientela; <\/li><li>Rispondi ai messaggi direttamente dalla tua pagina WhatsApp; <\/li><li>Utilizza tre opzioni di layout della chat: bolla mobile, bolla incorporata e finestra di chat incorporata; <\/li><li>Scopri una raccolta di icone di bolle tra cui scegliere; <\/li><li>Inserisci il tuo testo personale nel fumetto della chat. <\/li><\/ul><p><a href=\"#demo\">Per controllare l&#8217;elenco completo delle funzionalit\u00e0, vedere la demo<\/a><\/p> <\/div> <div class=\"application-platform-content-item-installation application-platform-content-item\" id=\"installation\" data-nav-section=\"installation\"> <h2>Vediamo come impostare la chat di Whatsapp sul tuo sito Blogger. \u00c8 veloce.<\/h2><div class=\"video-container\"><iframe width=\"560\" height=\"315\" src=\"https:\/\/www.youtube.com\/embed\/yUErtGsJqvM?si=JbuHBbAdct2xLrQT\" frameborder=\"0\" allow=\"accelerometer; autoplay; clipboard-write; encrypted-media; gyroscope; picture-in-picture; web-share\" allowfullscreen><\/iframe><\/div><p>I seguenti passaggi sono l&#8217;unica cosa necessaria per configurare il widget. \u00c8 veloce e privo di codifica. <\/p> <ul><li><b>Progetta la tua chat box WhatsApp personalizzata<\/b><br> Utilizzando il nostro editor gratuito, crea un plugin con una composizione e caratteristiche funzionali preferibili. <\/li><li><b>Acquisisci il codice individuale per configurare il plugin<\/b><br> Dopo aver creato il tuo widget, riceverai il codice individuale dalla finestra che appare sulle app Elfsight. Copialo per un uso successivo. <\/li> <li><b>Aggiungi il plug-in al tuo sito Blogger<\/b><br> Scegli il luogo in cui desideri visualizzare il plug-in e aggiungi l\u00ec il codice copiato. Salva le modifiche. <\/li> <li><b>Fatto!<\/b><br> Vai al sito web per visualizzare la tua chat.<\/li> <\/ul><p>Non riesci ancora a prendere una decisione? Oppure hai problemi? Basta scrivere una richiesta al nostro supporto clienti per aiutarti con ogni problema. <\/p> <\/div><div class=\"faq\" data-component=\"FAQ\"><div class=\"faq-item\">\r\n\t\t\t\t\t<div class=\"faq-item-question\">\r\n\t\t\t\t\t\t<h3 class=\"faq-item-question-text\">Come posso incorporare Whatsapp Chat nella mia home page di Blogger senza esperienza di programmazione?<\/h3>\r\n\r\n\t\t\t\t\t\t<div class=\"faq-item-question-icon\"><\/div>\r\n\t\t\t\t\t<\/div>\r\n\r\n\t\t\t\t\t<div class=\"faq-item-answer\">\r\n\t\t\t\t\t\t<div class=\"faq-item-answer-text\"><p>L&#8217;azienda Elfsight presenta un cloud soluzione che ti consente di creare tu stesso un&#8217;app Whatsapp Chat, scopri quanto \u00e8 semplice il processo: <\/p><ul><li>Lavora direttamente nell&#8217;editor online per creare un plug-in Whatsapp Chat che vorresti vedere sulla home page di Blogger. <\/li><li>Scegli uno dei nostri modelli predefiniti e regola le impostazioni della chat di Whatsapp, aggiungi i tuoi contenuti, modifica il layout e la combinazione di colori senza competenze di codifica.<\/li><li>Fai clic per salvare le impostazioni che preferisci. Sono andato alla chat di Whatsapp e ho ottenuto il codice del plug-in per l&#8217;incorporamento, che puoi aggiungere facilmente e gratuitamente a qualsiasi pagina Web di Blogger. <\/li><\/ul><p>Utilizzando il nostro editor intuitivo, ogni utente di Internet pu\u00f2 creare la sezione Chat di Whatsapp online e includerla facilmente nel sito Web di Blogger. Non \u00e8 necessario sottoscrivere un abbonamento a pagamento o inserire le credenziali della carta per accedere al nostro servizio. Se incontri ostacoli in qualsiasi momento, vai avanti e rivolgiti al nostro supporto tecnico clienti.<\/p><\/div>\r\n\t\t\t\t\t<\/div>\r\n\t\t\t\t<\/div><\/div>\n","protected":false},"excerpt":{"rendered":"","protected":false},"author":9,"featured_media":0,"parent":967,"menu_order":0,"comment_status":"closed","ping_status":"closed","template":"templates\/template-application-platform.php","meta":{"publish_to_discourse":"","publish_post_category":"","wpdc_auto_publish_overridden":"","wpdc_topic_tags":"","wpdc_pin_topic":"","wpdc_pin_until":"","discourse_post_id":"","discourse_permalink":"","wpdc_publishing_response":"","wpdc_publishing_error":"","footnotes":""},"class_list":["post-6685","page","type-page","status-publish","hentry"],"yoast_head":"<!-- This site is optimized with the Yoast SEO plugin v25.3.1 - https:\/\/yoast.com\/wordpress\/plugins\/seo\/ -->\n<title>Aggiungi il widget della casella di chat Whatsapp al sito Web di Blogger (2025)<\/title>\n<meta name=\"description\" content=\"Configura il widget della casella di chat di Whatsapp su Blogger solo in 2 minuti. Esplora tutte le caratteristiche principali del miglior plugin di chat in una demo gratuita.\" \/>\n<meta name=\"robots\" content=\"index, follow, max-snippet:-1, max-image-preview:large, max-video-preview:-1\" \/>\n<link rel=\"canonical\" href=\"https:\/\/elfsight.com\/it\/whatsapp-chat-widget\/blogger\/\" \/>\n<meta property=\"og:locale\" content=\"it_IT\" \/>\n<meta property=\"og:type\" content=\"article\" \/>\n<meta property=\"og:title\" content=\"Aggiungi il widget della casella di chat Whatsapp al sito Web di Blogger (2025)\" \/>\n<meta property=\"og:description\" content=\"Configura il widget della casella di chat di Whatsapp su Blogger solo in 2 minuti. Esplora tutte le caratteristiche principali del miglior plugin di chat in una demo gratuita.\" \/>\n<meta property=\"og:url\" content=\"https:\/\/elfsight.com\/it\/whatsapp-chat-widget\/blogger\/\" \/>\n<meta property=\"og:site_name\" content=\"Elfsight IT\" \/>\n<meta property=\"article:modified_time\" content=\"2025-03-13T06:34:44+00:00\" \/>\n<meta name=\"twitter:card\" content=\"summary_large_image\" \/>\n<meta name=\"twitter:label1\" content=\"Tempo di lettura stimato\" \/>\n\t<meta name=\"twitter:data1\" content=\"4 minuti\" \/>\n<!-- \/ Yoast SEO plugin. -->","yoast_head_json":{"title":"Aggiungi il widget della casella di chat Whatsapp al sito Web di Blogger (2025)","description":"Configura il widget della casella di chat di Whatsapp su Blogger solo in 2 minuti. Esplora tutte le caratteristiche principali del miglior plugin di chat in una demo gratuita.","robots":{"index":"index","follow":"follow","max-snippet":"max-snippet:-1","max-image-preview":"max-image-preview:large","max-video-preview":"max-video-preview:-1"},"canonical":"https:\/\/elfsight.com\/it\/whatsapp-chat-widget\/blogger\/","og_locale":"it_IT","og_type":"article","og_title":"Aggiungi il widget della casella di chat Whatsapp al sito Web di Blogger (2025)","og_description":"Configura il widget della casella di chat di Whatsapp su Blogger solo in 2 minuti. Esplora tutte le caratteristiche principali del miglior plugin di chat in una demo gratuita.","og_url":"https:\/\/elfsight.com\/it\/whatsapp-chat-widget\/blogger\/","og_site_name":"Elfsight IT","article_modified_time":"2025-03-13T06:34:44+00:00","twitter_card":"summary_large_image","twitter_misc":{"Tempo di lettura stimato":"4 minuti"},"schema":{"@context":"https:\/\/schema.org","@graph":[{"@type":"WebPage","@id":"https:\/\/elfsight.com\/it\/whatsapp-chat-widget\/blogger\/","url":"https:\/\/elfsight.com\/it\/whatsapp-chat-widget\/blogger\/","name":"Aggiungi il widget della casella di chat Whatsapp al sito Web di Blogger (2025)","isPartOf":{"@id":"https:\/\/elfsight.com\/it\/#website"},"datePublished":"1970-01-01T00:00:00+00:00","dateModified":"2025-03-13T06:34:44+00:00","description":"Configura il widget della casella di chat di Whatsapp su Blogger solo in 2 minuti. Esplora tutte le caratteristiche principali del miglior plugin di chat in una demo gratuita.","breadcrumb":{"@id":"https:\/\/elfsight.com\/it\/whatsapp-chat-widget\/blogger\/#breadcrumb"},"inLanguage":"it-IT","potentialAction":[{"@type":"ReadAction","target":["https:\/\/elfsight.com\/it\/whatsapp-chat-widget\/blogger\/"]}]},{"@type":"BreadcrumbList","@id":"https:\/\/elfsight.com\/it\/whatsapp-chat-widget\/blogger\/#breadcrumb","itemListElement":[{"@type":"ListItem","position":1,"name":"Home","item":"https:\/\/elfsight.com\/it\/"},{"@type":"ListItem","position":2,"name":"WhatsApp Chat","item":"https:\/\/elfsight.com\/it\/whatsapp-chat-widget\/"},{"@type":"ListItem","position":3,"name":"Whatsapp Chat &#8211; Blogger"}]},{"@type":"WebSite","@id":"https:\/\/elfsight.com\/it\/#website","url":"https:\/\/elfsight.com\/it\/","name":"Elfsight IT","description":"Just another Elfsight Sites site","potentialAction":[{"@type":"SearchAction","target":{"@type":"EntryPoint","urlTemplate":"https:\/\/elfsight.com\/it\/?s={search_term_string}"},"query-input":{"@type":"PropertyValueSpecification","valueRequired":true,"valueName":"search_term_string"}}],"inLanguage":"it-IT"}]}},"meta_box":{"industry":"","seo_heading":"","heading":"","description":"","cta_heading":"","cta_description":"","application":"960","h1":"Widget della casella di chat Whatsapp di Blogger","h1_caption":"Offri agli utenti l'opportunit\u00e0 di contattarti su Whatsapp, garantendo l'interazione pi\u00f9 rapida e conveniente per i visitatori del tuo sito Web nel tuo sito Web Blogger senza sforzo.","application_category":[],"applications_title":"","applications_request_title":"","applications_request_button_text":"","hero_text":"","hero_video":"","hero_video_schema_markup":"","selling_points_title":"","selling_points_caption":"","selling_points":[],"selling_points_cta_text":"","features_title":"","features":"","ed_cta_examples_text":"","ed_cta_examples_hidden":"","ed_cta_demo_text":"","ed_cta_demo_hidden":"","why_caption":"","why_editor_title":"","why_editor_text":"","why_team_title":"","why_team_text":"","why_service_title":"","why_service_text":"","template_catalog_visible":"0","template_catalog_title":"","template_catalog_text":"","template_catalog_categories_visible":"","demo_title":"Crea il tuo widget di chat di Whatsapp","demo_caption":"Configura la tua chat Whatsapp e aggiungila gratuitamente al tuo sito Blogger!","default_faq_hidden":"","app_template_category":[],"platform":"33","template_public_id":"","codecanyon_url":"","codecanyon_item_id":"","codecanyon_price":"","pricing_caption":"","pricing_elfsight_apps_hide_column":"","pricing_elfsight_apps_url":"","pricing_codecanyon_price_caption":"","integration_category":[],"integration_request_title":"","integration_request_cta":"","integration_platform":"","integrations":[],"platform_category":[],"video_schema_markup":"","price":"da $ 0 al mese","trial":"","benefits":[{"text":"Assistenza per l'installazione gratuita"},{"text":"Servizio clienti professionale"},{"text":"Garanzia di rimborso di 14 giorni"},{"text":"Miglioramenti gratuiti regolari"}],"button_url":"#demo","button_target_blank":"0","button_nofollow":"0","attributes":[{"name":"Installazioni"},{"name":"Reattivo"},{"name":"Browser compatibili"}],"tags":[],"tags_disable_links":"0","hide_more_platforms":"0","video_object":"","demo_hide_cta":"0","demo_hide_cloud_options":"0","pricing_title":"","pricing":[{"pricing_icon":"platform","pricing_title":"Elfsight Apps","pricing_title_caption":"Soluzione digitale multipiattaforma adatta a qualsiasi sito","pricing_price":"da $ 0 \/ mese","pricing_price_caption":"inizia con un piano gratuito","pricing_benefits":[{"text":"Siti web illimitati"},{"text":"Supporto aziendale 24 ore su 24, 7 giorni su 7 e ben documentato"},{"text":"Assistenza gratuita per l'installazione"},{"text":"Progettazione flessibile"}],"pricing_button_text":"Aggiungi al sito web","pricing_button_url":"#demo"}],"related_apps_title":"","related_apps_hidden":"0","author":"","image":[],"title":"","job":"","social_networks":[]},"_links":{"self":[{"href":"https:\/\/elfsight.com\/it\/wp-json\/wp\/v2\/pages\/6685","targetHints":{"allow":["GET"]}}],"collection":[{"href":"https:\/\/elfsight.com\/it\/wp-json\/wp\/v2\/pages"}],"about":[{"href":"https:\/\/elfsight.com\/it\/wp-json\/wp\/v2\/types\/page"}],"author":[{"embeddable":true,"href":"https:\/\/elfsight.com\/it\/wp-json\/wp\/v2\/users\/9"}],"replies":[{"embeddable":true,"href":"https:\/\/elfsight.com\/it\/wp-json\/wp\/v2\/comments?post=6685"}],"version-history":[{"count":3,"href":"https:\/\/elfsight.com\/it\/wp-json\/wp\/v2\/pages\/6685\/revisions"}],"predecessor-version":[{"id":8602,"href":"https:\/\/elfsight.com\/it\/wp-json\/wp\/v2\/pages\/6685\/revisions\/8602"}],"up":[{"embeddable":true,"href":"https:\/\/elfsight.com\/it\/wp-json\/wp\/v2\/pages\/967"}],"wp:attachment":[{"href":"https:\/\/elfsight.com\/it\/wp-json\/wp\/v2\/media?parent=6685"}],"curies":[{"name":"wp","href":"https:\/\/api.w.org\/{rel}","templated":true}]}}