{"id":6683,"date":"1970-01-01T00:00:00","date_gmt":"1970-01-01T00:00:00","guid":{"rendered":"https:\/\/elfsight.com\/it\/?page_id=6683"},"modified":"2025-03-13T06:29:39","modified_gmt":"2025-03-13T06:29:39","slug":"bigcommerce","status":"publish","type":"page","link":"https:\/\/elfsight.com\/it\/whatsapp-chat-widget\/bigcommerce\/","title":{"rendered":"Whatsapp Chat &#8211; BigCommerce"},"content":{"rendered":"\n<div class=\"application-platform-content-item-description application-platform-content-item\" id=\"description\" data-nav-section=\"description\"> <h2>Incorpora la chat di WhatsApp con il widget Elfsight<\/h2> <p>Il widget WhatsApp creato da Elfsight \u00e8 una variante semplice e veloce per i clienti del tuo sito web comunicare con te e ricevere risposta alle loro domande. Sei libero di rimanere disponibile online per la tua clientela nell&#8217;amato messenger ovunque tu sia. Configura la chat sulla tua pagina web e selezionala per apparire su determinate pagine o per determinate categorie di spettatori, crea trigger di avvio della chat, invia il tuo messaggio di benvenuto personalizzato, imposta icone e fai altro. Con la chat di BigCommerce installata sulla pagina web, rimarrai aggiornato per i tuoi clienti in ogni momento e indipendentemente da dove ti trovi. <\/p> <div class=\"faq\" data-component=\"FAQ\"> <div class=\"faq-item\">\r\n\t\t\t\t\t<div class=\"faq-item-question\">\r\n\t\t\t\t\t\t<h3 class=\"faq-item-question-text\">Dove posso visualizzare il widget<\/h3>\r\n\r\n\t\t\t\t\t\t<div class=\"faq-item-question-icon\"><\/div>\r\n\t\t\t\t\t<\/div>\r\n\r\n\t\t\t\t\t<div class=\"faq-item-answer\">\r\n\t\t\t\t\t\t<div class=\"faq-item-answer-text\"> <p>WhatsApp Live Chat pu\u00f2 essere inserita in tutte le pagine del tuo sito web, o solo in alcune. Un&#8217;altra opzione \u00e8 limitarlo a pagine particolari in cui non desideri il widget. <\/p> <\/div>\r\n\t\t\t\t\t<\/div>\r\n\t\t\t\t<\/div> <div class=\"faq-item\">\r\n\t\t\t\t\t<div class=\"faq-item-question\">\r\n\t\t\t\t\t\t<h3 class=\"faq-item-question-text\">Quali vantaggi mi dar\u00e0?<\/h3>\r\n\r\n\t\t\t\t\t\t<div class=\"faq-item-question-icon\"><\/div>\r\n\t\t\t\t\t<\/div>\r\n\r\n\t\t\t\t\t<div class=\"faq-item-answer\">\r\n\t\t\t\t\t\t<div class=\"faq-item-answer-text\"> <p>Questo plugin consentir\u00e0 a pi\u00f9 clienti di indirizzarti con le loro domande, richieste o problemi. Ci\u00f2 pu\u00f2 contribuire ad aumentare la quantit\u00e0 di lead e vendite. Inoltre, una risposta rapida e un approccio individuale alle persone aumenteranno il livello del tuo supporto clienti. <\/p> <\/div>\r\n\t\t\t\t\t<\/div>\r\n\t\t\t\t<\/div> <div class=\"faq-item\">\r\n\t\t\t\t\t<div class=\"faq-item-question\">\r\n\t\t\t\t\t\t<h3 class=\"faq-item-question-text\">Come posso ottenere Whatsapp?<\/h3>\r\n\r\n\t\t\t\t\t\t<div class=\"faq-item-question-icon\"><\/div>\r\n\t\t\t\t\t<\/div>\r\n\r\n\t\t\t\t\t<div class=\"faq-item-answer\">\r\n\t\t\t\t\t\t<div class=\"faq-item-answer-text\"> <p>Hai bisogno solo di un minuto di tempo per avere il widget attivo e funzionante. L&#8217;integrazione \u00e8 estremamente veloce, gratuita e senza codifica. <\/p> <p>Il widget pu\u00f2 essere integrato tramite il nostro servizio o tramite il marketplace. Puoi visualizzare maggiori dettagli su queste varianti e scegliere quella pi\u00f9 adatta.<\/p> <\/div>\r\n\t\t\t\t\t<\/div>\r\n\t\t\t\t<\/div> <\/div> <\/div> <div class=\"application-platform-content-item-features application-platform-content-item\" id=\"features\" data-nav-section=\"features\"> <h2>Caratteristiche principali del widget chat di WhatsApp<\/h2> <p>Per avere una percezione chiara di Whatsapp, guarda l&#8217;elenco delle sue caratteristiche principali. Rendono il nostro widget davvero efficiente per te: <\/p> <ul><li>Aggiungi WhatsApp Messenger sul tuo sito web per chattare dal vivo con i clienti; <\/li><li>Fornisci risposte direttamente dal tuo account WhatsApp; <\/li><li>Utilizza tre varianti della posizione della chat: bolla mobile, bolla incorporata e finestra di chat incorporata; <\/li><li>Scopri una libreria di icone a bolle tra cui scegliere| Scegli l&#8217;icona della bolla dal nostro set di icone disponibili; <\/li><li>Modifica il testo del fumetto della chat. <\/li><\/ul><p><a href=\"#demo\">Esplora un elenco completo delle funzionalit\u00e0 nella demo<\/a><\/p> <\/div> <div class=\"application-platform-content-item-installation application-platform-content-item\" id=\"installation\" data-nav-section=\"installation\"> <h2>Come aggiungere la chat live di Whatsapp al tuo sito web BigCommerce<\/h2><div class=\"video-container\"><iframe width=\"560\" height=\"315\" src=\"https:\/\/www.youtube.com\/embed\/uhcopToWmnQ?si=6p0G7IwdvEpVKWrS\" frameborder=\"0\" allow=\"accelerometer; autoplay; clipboard-write; encrypted-media; gyroscope; picture-in-picture; web-share\" allowfullscreen><\/iframe><\/div><p>Basta seguire le istruzioni qui sotto per inserire il widget su BigCommerce.<\/p> <ol><li><b> Gestisci il nostro editor gratuito e inizia a creare il tuo widget personalizzato. <\/b><br> Specifica l&#8217;interfaccia e le caratteristiche funzionali adatte alla tua chat di Whatsapp e salva le modifiche. <\/li> <li><b>Ottieni il tuo codice univoco esposto nella finestra delle app Elfsight. <\/b><br> Non appena la generazione della tua app personale sar\u00e0 completata, copia il codice personale dal popup visualizzato e salvalo per un&#8217;occasione successiva. <\/li> <li><b>Inizia a utilizzare lo strumento sul tuo sito web BigCommerce. <\/b><br> Incolla il codice che hai salvato in precedenza nel tuo sito web e salva le modifiche. <\/li> <li><b>L&#8217;installazione \u00e8 stata eseguita con successo. <\/b><br> Vai al tuo sito web per vedere come funziona il plugin. <\/li><\/ol><p>Ancora indeciso? O hai domande? Basta una singola richiesta al nostro team di supporto per risolvere qualsiasi tipo di problema. <\/p> <\/div><div class=\"faq\" data-component=\"FAQ\"><div class=\"faq-item\">\r\n\t\t\t\t\t<div class=\"faq-item-question\">\r\n\t\t\t\t\t\t<h3 class=\"faq-item-question-text\">In che modo \u00e8 possibile aggiungere Whatsapp Chat al mio sito BigCommerce senza conoscenze di programmazione?<\/h3>\r\n\r\n\t\t\t\t\t\t<div class=\"faq-item-question-icon\"><\/div>\r\n\t\t\t\t\t<\/div>\r\n\r\n\t\t\t\t\t<div class=\"faq-item-answer\">\r\n\t\t\t\t\t\t<div class=\"faq-item-answer-text\"><p>Elfsight l&#8217;azienda offre una soluzione che consente ai proprietari dei siti di creare da soli una sezione di chat di Whatsapp, verifica quanto \u00e8 semplice: <\/p><ul><li>Inizia a lavorare direttamente nell&#8217;editor live per creare un widget di chat di Whatsapp su cui desideri integrare Pagina web BigCommerce.<\/li><li>Seleziona uno dei tanti modelli predefiniti e modifica le impostazioni della chat di Whatsapp, aggiorna i tuoi contenuti, trasforma il layout e il colore degli elementi senza esperienza di codifica.<\/li><li>Salva le impostazioni che hai effettuato sulla Chat di Whatsapp e copia il suo codice per l&#8217;installazione, che potrai incollare facilmente nel sito di BigCommerce senza acquistare un piano a pagamento. <\/li><\/ul><p>Con il nostro configuratore facile da usare ogni utente di Internet pu\u00f2 creare il plug-in Whatsapp Chat online e incollarlo facilmente sul proprio sito BigCommerce. Non \u00e8 necessario pagare o inviare i dati della carta per accedere al servizio. Se riscontri problemi di qualsiasi tipo, non esitare a contattare il nostro staff di supporto.<\/p><\/div>\r\n\t\t\t\t\t<\/div>\r\n\t\t\t\t<\/div><\/div>\n","protected":false},"excerpt":{"rendered":"","protected":false},"author":9,"featured_media":0,"parent":967,"menu_order":0,"comment_status":"closed","ping_status":"closed","template":"templates\/template-application-platform.php","meta":{"publish_to_discourse":"","publish_post_category":"","wpdc_auto_publish_overridden":"","wpdc_topic_tags":"","wpdc_pin_topic":"","wpdc_pin_until":"","discourse_post_id":"","discourse_permalink":"","wpdc_publishing_response":"","wpdc_publishing_error":"","footnotes":""},"class_list":["post-6683","page","type-page","status-publish","hentry"],"yoast_head":"<!-- This site is optimized with the Yoast SEO plugin v25.3.1 - https:\/\/yoast.com\/wordpress\/plugins\/seo\/ -->\n<title>Aggiungi la chat live di Whatsapp al tuo sito web BigCommerce (2026)<\/title>\n<meta name=\"description\" content=\"Configura l&#039;app Whatsapp Live Chat su BigCommerce solo in 2 minuti. Esplora tutte le caratteristiche principali del miglior widget di chat in una demo gratuita.\" \/>\n<meta name=\"robots\" content=\"index, follow, max-snippet:-1, max-image-preview:large, max-video-preview:-1\" \/>\n<link rel=\"canonical\" href=\"https:\/\/elfsight.com\/it\/whatsapp-chat-widget\/bigcommerce\/\" \/>\n<meta property=\"og:locale\" content=\"it_IT\" \/>\n<meta property=\"og:type\" content=\"article\" \/>\n<meta property=\"og:title\" content=\"Aggiungi la chat live di Whatsapp al tuo sito web BigCommerce (2026)\" \/>\n<meta property=\"og:description\" content=\"Configura l&#039;app Whatsapp Live Chat su BigCommerce solo in 2 minuti. Esplora tutte le caratteristiche principali del miglior widget di chat in una demo gratuita.\" \/>\n<meta property=\"og:url\" content=\"https:\/\/elfsight.com\/it\/whatsapp-chat-widget\/bigcommerce\/\" \/>\n<meta property=\"og:site_name\" content=\"Elfsight IT\" \/>\n<meta property=\"article:modified_time\" content=\"2025-03-13T06:29:39+00:00\" \/>\n<meta name=\"twitter:card\" content=\"summary_large_image\" \/>\n<meta name=\"twitter:label1\" content=\"Tempo di lettura stimato\" \/>\n\t<meta name=\"twitter:data1\" content=\"4 minuti\" \/>\n<!-- \/ Yoast SEO plugin. -->","yoast_head_json":{"title":"Aggiungi la chat live di Whatsapp al tuo sito web BigCommerce (2026)","description":"Configura l'app Whatsapp Live Chat su BigCommerce solo in 2 minuti. Esplora tutte le caratteristiche principali del miglior widget di chat in una demo gratuita.","robots":{"index":"index","follow":"follow","max-snippet":"max-snippet:-1","max-image-preview":"max-image-preview:large","max-video-preview":"max-video-preview:-1"},"canonical":"https:\/\/elfsight.com\/it\/whatsapp-chat-widget\/bigcommerce\/","og_locale":"it_IT","og_type":"article","og_title":"Aggiungi la chat live di Whatsapp al tuo sito web BigCommerce (2026)","og_description":"Configura l'app Whatsapp Live Chat su BigCommerce solo in 2 minuti. Esplora tutte le caratteristiche principali del miglior widget di chat in una demo gratuita.","og_url":"https:\/\/elfsight.com\/it\/whatsapp-chat-widget\/bigcommerce\/","og_site_name":"Elfsight IT","article_modified_time":"2025-03-13T06:29:39+00:00","twitter_card":"summary_large_image","twitter_misc":{"Tempo di lettura stimato":"4 minuti"},"schema":{"@context":"https:\/\/schema.org","@graph":[{"@type":"WebPage","@id":"https:\/\/elfsight.com\/it\/whatsapp-chat-widget\/bigcommerce\/","url":"https:\/\/elfsight.com\/it\/whatsapp-chat-widget\/bigcommerce\/","name":"Aggiungi la chat live di Whatsapp al tuo sito web BigCommerce (2026)","isPartOf":{"@id":"https:\/\/elfsight.com\/it\/#website"},"datePublished":"1970-01-01T00:00:00+00:00","dateModified":"2025-03-13T06:29:39+00:00","description":"Configura l'app Whatsapp Live Chat su BigCommerce solo in 2 minuti. Esplora tutte le caratteristiche principali del miglior widget di chat in una demo gratuita.","breadcrumb":{"@id":"https:\/\/elfsight.com\/it\/whatsapp-chat-widget\/bigcommerce\/#breadcrumb"},"inLanguage":"it-IT","potentialAction":[{"@type":"ReadAction","target":["https:\/\/elfsight.com\/it\/whatsapp-chat-widget\/bigcommerce\/"]}]},{"@type":"BreadcrumbList","@id":"https:\/\/elfsight.com\/it\/whatsapp-chat-widget\/bigcommerce\/#breadcrumb","itemListElement":[{"@type":"ListItem","position":1,"name":"Home","item":"https:\/\/elfsight.com\/it\/"},{"@type":"ListItem","position":2,"name":"WhatsApp Chat","item":"https:\/\/elfsight.com\/it\/whatsapp-chat-widget\/"},{"@type":"ListItem","position":3,"name":"Whatsapp Chat &#8211; BigCommerce"}]},{"@type":"WebSite","@id":"https:\/\/elfsight.com\/it\/#website","url":"https:\/\/elfsight.com\/it\/","name":"Elfsight IT","description":"Just another Elfsight Sites site","potentialAction":[{"@type":"SearchAction","target":{"@type":"EntryPoint","urlTemplate":"https:\/\/elfsight.com\/it\/?s={search_term_string}"},"query-input":{"@type":"PropertyValueSpecification","valueRequired":true,"valueName":"search_term_string"}}],"inLanguage":"it-IT"}]}},"meta_box":{"industry":"","seo_heading":"","heading":"","description":"","cta_heading":"","cta_description":"","application":"960","h1":"Chat dal vivo di BigCommerce WhatsApp","h1_caption":"Offri agli utenti l'opportunit\u00e0 di contattarti su Whatsapp, garantendo l'interazione pi\u00f9 rapida e conveniente per i visitatori del tuo sito Web nel tuo sito Web BigCommerce senza sforzo.","application_category":[],"applications_title":"","applications_request_title":"","applications_request_button_text":"","hero_text":"","hero_video":"","hero_video_schema_markup":"","selling_points_title":"","selling_points_caption":"","selling_points":[],"selling_points_cta_text":"","features_title":"","features":"","ed_cta_examples_text":"","ed_cta_examples_hidden":"","ed_cta_demo_text":"","ed_cta_demo_hidden":"","why_caption":"","why_editor_title":"","why_editor_text":"","why_team_title":"","why_team_text":"","why_service_title":"","why_service_text":"","template_catalog_visible":"0","template_catalog_title":"","template_catalog_text":"","template_catalog_categories_visible":"","demo_title":"Crea la tua app di chat Whatsapp","demo_caption":"Configura la tua chat Whatsapp e aggiungila gratuitamente al tuo sito BigCommerce!","default_faq_hidden":"","app_template_category":[],"platform":"32","template_public_id":"","codecanyon_url":"","codecanyon_item_id":"","codecanyon_price":"","pricing_caption":"","pricing_elfsight_apps_hide_column":"","pricing_elfsight_apps_url":"","pricing_codecanyon_price_caption":"","integration_category":[],"integration_request_title":"","integration_request_cta":"","integration_platform":"","integrations":[],"platform_category":[],"video_schema_markup":"","price":"A partire da $ 0 al mese","trial":"","benefits":[{"text":"Aiuto per l'installazione gratuito"},{"text":"Servizio clienti professionale"},{"text":"Garanzia di rimborso di 14 giorni"},{"text":"Miglioramenti gratuiti continui"}],"button_url":"#demo","button_target_blank":"0","button_nofollow":"0","attributes":[{"name":"Installazioni"},{"name":"Reattivo"},{"name":"Progettazione adattiva"}],"tags":[],"tags_disable_links":"0","hide_more_platforms":"0","video_object":"","demo_hide_cta":"0","demo_hide_cloud_options":"0","pricing_title":"","pricing":[{"pricing_icon":"platform","pricing_title":"Elfsight Apps","pricing_title_caption":"Versione indipendente dalla piattaforma adatta a qualsiasi sito web","pricing_price":"da $ 0 \/ mese","pricing_price_caption":"inizia con un piano gratuito","pricing_benefits":[{"text":"Domini illimitati"},{"text":"Supporto aziendale professionale"},{"text":"Supporto gratuito per l'installazione"},{"text":"Progettazione flessibile"}],"pricing_button_text":"Aggiungi al sito web","pricing_button_url":"#demo"}],"related_apps_title":"","related_apps_hidden":"0","author":"","image":[],"title":"","job":"","social_networks":[]},"_links":{"self":[{"href":"https:\/\/elfsight.com\/it\/wp-json\/wp\/v2\/pages\/6683","targetHints":{"allow":["GET"]}}],"collection":[{"href":"https:\/\/elfsight.com\/it\/wp-json\/wp\/v2\/pages"}],"about":[{"href":"https:\/\/elfsight.com\/it\/wp-json\/wp\/v2\/types\/page"}],"author":[{"embeddable":true,"href":"https:\/\/elfsight.com\/it\/wp-json\/wp\/v2\/users\/9"}],"replies":[{"embeddable":true,"href":"https:\/\/elfsight.com\/it\/wp-json\/wp\/v2\/comments?post=6683"}],"version-history":[{"count":3,"href":"https:\/\/elfsight.com\/it\/wp-json\/wp\/v2\/pages\/6683\/revisions"}],"predecessor-version":[{"id":8600,"href":"https:\/\/elfsight.com\/it\/wp-json\/wp\/v2\/pages\/6683\/revisions\/8600"}],"up":[{"embeddable":true,"href":"https:\/\/elfsight.com\/it\/wp-json\/wp\/v2\/pages\/967"}],"wp:attachment":[{"href":"https:\/\/elfsight.com\/it\/wp-json\/wp\/v2\/media?parent=6683"}],"curies":[{"name":"wp","href":"https:\/\/api.w.org\/{rel}","templated":true}]}}