{"id":6682,"date":"1970-01-01T00:00:00","date_gmt":"1970-01-01T00:00:00","guid":{"rendered":"https:\/\/elfsight.com\/it\/?page_id=6682"},"modified":"2025-03-13T06:47:00","modified_gmt":"2025-03-13T06:47:00","slug":"drupal","status":"publish","type":"page","link":"https:\/\/elfsight.com\/it\/whatsapp-chat-widget\/drupal\/","title":{"rendered":"Whatsapp Chat &#8211; Drupal"},"content":{"rendered":"\n<div class=\"application-platform-content-item-description application-platform-content-item\" id=\"description\" data-nav-section=\"description\"> <h2>Incorpora la chat di WhatsApp con il widget Elfsight<\/h2> <p>Il modulo WhatsApp di Elfsight \u00e8 uno strumento semplice per consentire agli utenti del tuo sito web di comunicare con te e ricevere risposta alle loro domande. Ora puoi essere sempre disponibile online per gli spettatori nel loro comodo messenger. Inserisci la chat nel tuo negozio e potr\u00e0 apparire nelle pagine pi\u00f9 importanti o per tipi selezionati di utenti, seleziona i trigger di avvio della chat, invia il tuo messaggio di benvenuto unico, scegli le icone e applica altre personalizzazioni. Avendo Drupal Live Chat sul tuo sito web, rimarrai in contatto con il tuo pubblico in qualsiasi momento e indipendentemente da dove ti trovi. <\/p><p>La chat di WhatsApp per Drupal pu\u00f2 aiutarti a migliorare le tue possibilit\u00e0 di business aiutandoti a fornire un&#8217;assistenza clienti impeccabile. Puoi aggiungere questo strumento a tutte o alle pagine selezionate del tuo sito web. Inoltre, c&#8217;\u00e8 un&#8217;opzione per scegliere il pubblico che vedr\u00e0 la tua chat WhatsApp sulle pagine del tuo sito Drupal. Questa funzione pu\u00f2 aiutarti a rimanere in contatto con le persone senza infastidirle con messaggi costanti. La chat di WhatsApp per Drupal \u00e8 uno strumento perfetto per qualsiasi tipo di aiuto, supporto, onboarding e altri servizi necessari per il tuo business online e offline. Fornisci il miglior servizio clienti al tuo pubblico con l&#8217;aiuto di Messenger popolare e noto.<\/p> <div class=\"faq\" data-component=\"FAQ\"><div class=\"faq-item\">\r\n\t\t\t\t\t<div class=\"faq-item-question\">\r\n\t\t\t\t\t\t<h3 class=\"faq-item-question-text\">Come aggiungere la casella di chat di WhatsApp a Drupal pagina?<\/h3>\r\n\r\n\t\t\t\t\t\t<div class=\"faq-item-question-icon\"><\/div>\r\n\t\t\t\t\t<\/div>\r\n\r\n\t\t\t\t\t<div class=\"faq-item-answer\">\r\n\t\t\t\t\t\t<div class=\"faq-item-answer-text\"><p>L&#8217;aggiunta al sito web durer\u00e0 solo pochi istanti. Inoltre, non \u00e8 necessaria alcuna competenza di programmazione.<\/p><ol><li>Personalizza il modulo WhatsApp Chat per Drupal nel configuratore live gratuito.<\/li> <li>Fai clic sul codice per ottenerlo .<\/li> <li>Incorpora il codice nella posizione necessaria nel modello del sito.<\/li> <li>Lavoro fantastico! La configurazione del modulo Chat di WhatsApp su Drupal \u00e8 perfetta!<\/li><\/ol><p>Hai problemi con l&#8217;installazione del plugin su Drupal o con l&#8217;impostazione della chat di WhatsApp? Potresti vedere la guida completa <a href=\"https:\/\/elfsight.com\/tutorials\/how-to-add-whatsapp-chat-widget-to-website\/#how-to-add-whatsapp-to-drupal\">in questa pagina<\/a>. <\/p><\/div>\r\n\t\t\t\t\t<\/div>\r\n\t\t\t\t<\/div><div class=\"faq-item\">\r\n\t\t\t\t\t<div class=\"faq-item-question\">\r\n\t\t\t\t\t\t<h3 class=\"faq-item-question-text\">C'\u00e8 la possibilit\u00e0 di vedere come apparir\u00e0 il widget sul mio sito web?<\/h3>\r\n\r\n\t\t\t\t\t\t<div class=\"faq-item-question-icon\"><\/div>\r\n\t\t\t\t\t<\/div>\r\n\r\n\t\t\t\t\t<div class=\"faq-item-answer\">\r\n\t\t\t\t\t\t<div class=\"faq-item-answer-text\"><p>Assolutamente! Durante la creazione del modulo di chat WhatsApp per Drupal <a href=\"https:\/\/elfsight.com\/whatsapp-chat-widget\/#demo\">nell&#8217;editor live gratuito<\/a>, considererai tutte le configurazioni sul Giusto. La casella di chat avr\u00e0 esattamente lo stesso aspetto di un sito Web Drupal.<\/p><\/div>\r\n\t\t\t\t\t<\/div>\r\n\t\t\t\t<\/div><div class=\"faq-item\">\r\n\t\t\t\t\t<div class=\"faq-item-question\">\r\n\t\t\t\t\t\t<h3 class=\"faq-item-question-text\">Quali moduli completi sono necessari per un sito Web Drupal?<\/h3>\r\n\r\n\t\t\t\t\t\t<div class=\"faq-item-question-icon\"><\/div>\r\n\t\t\t\t\t<\/div>\r\n\r\n\t\t\t\t\t<div class=\"faq-item-answer\">\r\n\t\t\t\t\t\t<div class=\"faq-item-answer-text\"> <p>I siti web Drupal sono ottimi per essere potenziati dai numerosi moduli offerti da Elfsight. Ad esempio, puoi scegliere <a href=\"https:\/\/elfsight.com\/whatsapp-chat-widget\/drupal\/\">WhatsApp Chat<\/a> e <a href=\"https:\/\/elfsight.com\/it\/online-form-builder\/drupal\/\">Form Builder<\/a> per raccogliere feedback dai tuoi clienti. <a href=\"https:\/\/elfsight.com\/it\/pdf-embed-widget\/drupal\/\">Incorporamento PDF<\/a>, <a href=\"https:\/\/elfsight.com\/it\/instagram-feed-instashow\/drupal\/\">Feed di Instagram<\/a> e <a href=\"https:\/\/elfsight.com\/it\/event-calendar-widget\/drupal\/\">Calendario degli eventi<\/a> sono l\u00ec per aiutarti ad ampliare i tuoi contenuti e creare \u00e8 pi\u00f9 vario.<\/p><\/div>\r\n\t\t\t\t\t<\/div>\r\n\t\t\t\t<\/div><div class=\"faq-item\">\r\n\t\t\t\t\t<div class=\"faq-item-question\">\r\n\t\t\t\t\t\t<h3 class=\"faq-item-question-text\">I migliori esempi di utilizzo dell'integrazione di Whatsapp Live Chat<\/h3>\r\n\r\n\t\t\t\t\t\t<div class=\"faq-item-question-icon\"><\/div>\r\n\t\t\t\t\t<\/div>\r\n\r\n\t\t\t\t\t<div class=\"faq-item-answer\">\r\n\t\t\t\t\t\t<div class=\"faq-item-answer-text\"><p>Offriamo una miriade di possibilit\u00e0 di regolazione: widget a grandezza naturale per l&#8217;incorporamento nell&#8217;area dei contenuti, widget mobili con opportunit\u00e0 di scorrimento, layout per pi\u00e8 di pagina, intestazione e tutti i tipi di possibilit\u00e0 verticali per barre laterali e menu del sito web. <\/p><\/div>\r\n\t\t\t\t\t<\/div>\r\n\t\t\t\t<\/div><div class=\"faq-item\">\r\n\t\t\t\t\t<div class=\"faq-item-question\">\r\n\t\t\t\t\t\t<h3 class=\"faq-item-question-text\">Come faccio a creare una chat WhatsApp di supporto o vendita con l'aiuto dell'editor? <\/h3>\r\n\r\n\t\t\t\t\t\t<div class=\"faq-item-question-icon\"><\/div>\r\n\t\t\t\t\t<\/div>\r\n\r\n\t\t\t\t\t<div class=\"faq-item-answer\">\r\n\t\t\t\t\t\t<div class=\"faq-item-answer-text\"><p>Puoi creare qualsiasi variante del widget. Esistono numerosi layout applicabili nell&#8217;editor e tutti possono essere facilmente personalizzati nel modo desiderato. <\/p><\/div>\r\n\t\t\t\t\t<\/div>\r\n\t\t\t\t<\/div><\/div><\/div> <div class=\"application-platform-content-item-features application-platform-content-item\" id=\"features\" data-nav-section=\"features\"> <h2>Caratteristiche principali del widget chat di WhatsApp<\/h2> <p>Per avere un&#8217;idea completa della chat dal vivo, esaminare l&#8217;elenco delle sue principali funzioni. Rendono il widget incredibilmente efficace per la tua attivit\u00e0: <\/p> <ul><li>Imposta WhatsApp Messenger sul tuo sito web per stabilire una comunicazione con i visitatori; <\/li><li>Fornisci risposta direttamente dal tuo account WhatsApp; <\/li><li>Utilizza tre opzioni di layout del modulo: bolla mobile, bolla incorporata e finestra di chat incorporata; <\/li><li> Scegli la variante dell&#8217;icona a forma di bolla dalla libreria di icone disponibili; <\/li><li>Inserisci il testo personalizzato del fumetto della chat. <\/li><\/ul><p><a href=\"#demo\">Visualizza un elenco completo delle funzionalit\u00e0 del widget nella nostra demo live<\/a><\/p> <\/div> <div class=\"application-platform-content-item-installation application-platform-content-item\" id=\"installation\" data-nav-section=\"installation\"> <h2>Come aggiungere il modulo Whatsapp Live Chat al tuo sito Drupal<\/h2><div class=\"video-container\"><iframe width=\"560\" height=\"315\" src=\"https:\/\/www.youtube.com\/embed\/u3RYBCjBWJQ?si=Ot_-qKb4n7NnRpEC\" frameborder=\"0\" allow=\"accelerometer; autoplay; clipboard-write; encrypted-media; gyroscope; picture-in-picture; web-share\" allowfullscreen><\/iframe><\/div><p>Basta applicare le istruzioni seguenti per integrare il modulo su Drupal.<\/p> <ol><li><b>Lancia il nostro editor gratuito e inizia a creare il tuo modulo personalizzato. <\/b><br> Trova il layout e le caratteristiche preferite del modulo Chat Whatsapp e applica le modifiche. <\/li> <li><b>Acquisisci il tuo codice personale che appare nella casella su Elfsight Apps. <\/b><br> Una volta terminata la configurazione del tuo strumento, copia il codice individuale nella casella emessa e conservalo per un ulteriore utilizzo. <\/li> <li><b>Inizia a utilizzare il modulo sul sito Drupal. <\/b><br> Inserisci il codice salvato in precedenza nella tua pagina e salva le correzioni. <\/li> <li><b>L&#8217;installazione \u00e8 completamente terminata. <\/b><br> Visita il tuo sito per esaminare come funziona il modulo. <\/li><\/ol><p>Non riesci ancora a prendere una decisione? O riscontri problemi? Invia semplicemente una richiesta al nostro team di supporto e ti aiuteremo con ogni questione. <\/p> <\/div><div class=\"faq\" data-component=\"FAQ\"><div class=\"faq-item\">\r\n\t\t\t\t\t<div class=\"faq-item-question\">\r\n\t\t\t\t\t\t<h3 class=\"faq-item-question-text\">Esiste un'opzione per incorporare la chat di Whatsapp nel mio sito Drupal senza competenze di programmazione?<\/h3>\r\n\r\n\t\t\t\t\t\t<div class=\"faq-item-question-icon\"><\/div>\r\n\t\t\t\t\t<\/div>\r\n\r\n\t\t\t\t\t<div class=\"faq-item-answer\">\r\n\t\t\t\t\t\t<div class=\"faq-item-answer-text\"><p>Azienda Elfsight offre una soluzione che consente agli utenti di creare da soli un plug-in di Whatsapp Chat, scopri i passaggi semplici: <\/p><ul><li>Vai alla demo live per creare una sezione di Whatsapp Chat che desideri aggiungere sul tuo sito Web Drupal.<\/li><li>Scegli uno dei modelli gi\u00e0 pronti e modifica le impostazioni della chat di Whatsapp, altera il layout e la combinazione di colori, aggiungi i tuoi contenuti senza conoscenze di codifica.<\/li><li>Salva la chat di Whatsapp e ottieni il file codice di installazione, che pu\u00f2 essere aggiunto facilmente nella tua home page Drupal senza la necessit\u00e0 di acquistare una versione a pagamento. <\/li><\/ul><p>Con l&#8217;aiuto del semplice configuratore qualsiasi utente web pu\u00f2 generare widget di chat di Whatsapp e aggiungerlo semplicemente alla home page di Drupal. Non devi pagare o rivelare i dati della tua carta per accedere a Elfsight Editor. Se incontri ostacoli di qualsiasi tipo, vai avanti e contatta il nostro team di supporto.<\/p><\/div>\r\n\t\t\t\t\t<\/div>\r\n\t\t\t\t<\/div><\/div>\n","protected":false},"excerpt":{"rendered":"","protected":false},"author":9,"featured_media":0,"parent":967,"menu_order":0,"comment_status":"closed","ping_status":"closed","template":"templates\/template-application-platform.php","meta":{"publish_to_discourse":"","publish_post_category":"","wpdc_auto_publish_overridden":"","wpdc_topic_tags":"","wpdc_pin_topic":"","wpdc_pin_until":"","discourse_post_id":"","discourse_permalink":"","wpdc_publishing_response":"","wpdc_publishing_error":"","footnotes":""},"class_list":["post-6682","page","type-page","status-publish","hentry"],"yoast_head":"<!-- This site is optimized with the Yoast SEO plugin v25.3.1 - https:\/\/yoast.com\/wordpress\/plugins\/seo\/ -->\n<title>Aggiungi il modulo Whatsapp Live Chat al sito Drupal (facile e veloce)<\/title>\n<meta name=\"description\" content=\"Configura il modulo Whatsapp Live Chat su Drupal in soli 2 minuti. Esplora tutte le caratteristiche principali del miglior plugin di chat in una demo gratuita.\" \/>\n<meta name=\"robots\" content=\"index, follow, max-snippet:-1, max-image-preview:large, max-video-preview:-1\" \/>\n<link rel=\"canonical\" href=\"https:\/\/elfsight.com\/it\/whatsapp-chat-widget\/drupal\/\" \/>\n<meta property=\"og:locale\" content=\"it_IT\" \/>\n<meta property=\"og:type\" content=\"article\" \/>\n<meta property=\"og:title\" content=\"Aggiungi il modulo Whatsapp Live Chat al sito Drupal (facile e veloce)\" \/>\n<meta property=\"og:description\" content=\"Configura il modulo Whatsapp Live Chat su Drupal in soli 2 minuti. Esplora tutte le caratteristiche principali del miglior plugin di chat in una demo gratuita.\" \/>\n<meta property=\"og:url\" content=\"https:\/\/elfsight.com\/it\/whatsapp-chat-widget\/drupal\/\" \/>\n<meta property=\"og:site_name\" content=\"Elfsight IT\" \/>\n<meta property=\"article:modified_time\" content=\"2025-03-13T06:47:00+00:00\" \/>\n<meta name=\"twitter:card\" content=\"summary_large_image\" \/>\n<meta name=\"twitter:label1\" content=\"Tempo di lettura stimato\" \/>\n\t<meta name=\"twitter:data1\" content=\"6 minuti\" \/>\n<!-- \/ Yoast SEO plugin. -->","yoast_head_json":{"title":"Aggiungi il modulo Whatsapp Live Chat al sito Drupal (facile e veloce)","description":"Configura il modulo Whatsapp Live Chat su Drupal in soli 2 minuti. Esplora tutte le caratteristiche principali del miglior plugin di chat in una demo gratuita.","robots":{"index":"index","follow":"follow","max-snippet":"max-snippet:-1","max-image-preview":"max-image-preview:large","max-video-preview":"max-video-preview:-1"},"canonical":"https:\/\/elfsight.com\/it\/whatsapp-chat-widget\/drupal\/","og_locale":"it_IT","og_type":"article","og_title":"Aggiungi il modulo Whatsapp Live Chat al sito Drupal (facile e veloce)","og_description":"Configura il modulo Whatsapp Live Chat su Drupal in soli 2 minuti. Esplora tutte le caratteristiche principali del miglior plugin di chat in una demo gratuita.","og_url":"https:\/\/elfsight.com\/it\/whatsapp-chat-widget\/drupal\/","og_site_name":"Elfsight IT","article_modified_time":"2025-03-13T06:47:00+00:00","twitter_card":"summary_large_image","twitter_misc":{"Tempo di lettura stimato":"6 minuti"},"schema":{"@context":"https:\/\/schema.org","@graph":[{"@type":"WebPage","@id":"https:\/\/elfsight.com\/it\/whatsapp-chat-widget\/drupal\/","url":"https:\/\/elfsight.com\/it\/whatsapp-chat-widget\/drupal\/","name":"Aggiungi il modulo Whatsapp Live Chat al sito Drupal (facile e veloce)","isPartOf":{"@id":"https:\/\/elfsight.com\/it\/#website"},"datePublished":"1970-01-01T00:00:00+00:00","dateModified":"2025-03-13T06:47:00+00:00","description":"Configura il modulo Whatsapp Live Chat su Drupal in soli 2 minuti. Esplora tutte le caratteristiche principali del miglior plugin di chat in una demo gratuita.","breadcrumb":{"@id":"https:\/\/elfsight.com\/it\/whatsapp-chat-widget\/drupal\/#breadcrumb"},"inLanguage":"it-IT","potentialAction":[{"@type":"ReadAction","target":["https:\/\/elfsight.com\/it\/whatsapp-chat-widget\/drupal\/"]}]},{"@type":"BreadcrumbList","@id":"https:\/\/elfsight.com\/it\/whatsapp-chat-widget\/drupal\/#breadcrumb","itemListElement":[{"@type":"ListItem","position":1,"name":"Home","item":"https:\/\/elfsight.com\/it\/"},{"@type":"ListItem","position":2,"name":"WhatsApp Chat","item":"https:\/\/elfsight.com\/it\/whatsapp-chat-widget\/"},{"@type":"ListItem","position":3,"name":"Whatsapp Chat &#8211; Drupal"}]},{"@type":"WebSite","@id":"https:\/\/elfsight.com\/it\/#website","url":"https:\/\/elfsight.com\/it\/","name":"Elfsight IT","description":"Just another Elfsight Sites site","potentialAction":[{"@type":"SearchAction","target":{"@type":"EntryPoint","urlTemplate":"https:\/\/elfsight.com\/it\/?s={search_term_string}"},"query-input":{"@type":"PropertyValueSpecification","valueRequired":true,"valueName":"search_term_string"}}],"inLanguage":"it-IT"}]}},"meta_box":{"industry":"","seo_heading":"","heading":"","description":"","cta_heading":"","cta_description":"","application":"960","h1":"Modulo Drupal Whatsapp Live Chat","h1_caption":"Offri agli utenti l'opportunit\u00e0 di contattarti su Whatsapp, garantendo l'interazione pi\u00f9 rapida e conveniente per i visitatori del tuo sito web nel tuo sito Drupal senza sforzo.","application_category":[],"applications_title":"","applications_request_title":"","applications_request_button_text":"","hero_text":"","hero_video":"","hero_video_schema_markup":"","selling_points_title":"","selling_points_caption":"","selling_points":[],"selling_points_cta_text":"","features_title":"","features":"","ed_cta_examples_text":"","ed_cta_examples_hidden":"","ed_cta_demo_text":"","ed_cta_demo_hidden":"","why_caption":"","why_editor_title":"","why_editor_text":"","why_team_title":"","why_team_text":"","why_service_title":"","why_service_text":"","template_catalog_visible":"0","template_catalog_title":"","template_catalog_text":"","template_catalog_categories_visible":"","demo_title":"Crea il tuo modulo Chat Whatsapp","demo_caption":"Configura la tua chat Whatsapp e aggiungila gratuitamente al tuo sito Drupal!","default_faq_hidden":"","app_template_category":[],"platform":"34","template_public_id":"","codecanyon_url":"","codecanyon_item_id":"","codecanyon_price":"","pricing_caption":"","pricing_elfsight_apps_hide_column":"","pricing_elfsight_apps_url":"","pricing_codecanyon_price_caption":"","integration_category":[],"integration_request_title":"","integration_request_cta":"","integration_platform":"","integrations":[],"platform_category":[],"video_schema_markup":"","price":"da $ 0 al mese","trial":"","benefits":[{"text":"Aiuto gratuito per l'installazione"},{"text":"Servizio clienti professionale"},{"text":"Garanzia di rimborso di 14 giorni"},{"text":"Miglioramenti continui"}],"button_url":"#demo","button_target_blank":"0","button_nofollow":"0","attributes":[{"name":"Installazioni"},{"name":"Reattivo"},{"name":"Browser compatibili"}],"tags":[],"tags_disable_links":"0","hide_more_platforms":"0","video_object":"","demo_hide_cta":"0","demo_hide_cloud_options":"0","pricing_title":"","pricing":[{"pricing_icon":"platform","pricing_title":"Elfsight Apps","pricing_title_caption":"Software multipiattaforma adatto a qualsiasi sito","pricing_price":"da $ 0 \/ mese","pricing_price_caption":"inizia con il piano gratuito","pricing_benefits":[{"text":"Siti web illimitati"},{"text":"Supporto professionale e puntuale"},{"text":"Assistenza per l'installazione gratuita"},{"text":"Ottimo affare per pi\u00f9 app"}],"pricing_button_text":"Aggiungi al sito web","pricing_button_url":"#demo"}],"related_apps_title":"","related_apps_hidden":"0","author":"","image":[],"title":"","job":"","social_networks":[]},"_links":{"self":[{"href":"https:\/\/elfsight.com\/it\/wp-json\/wp\/v2\/pages\/6682","targetHints":{"allow":["GET"]}}],"collection":[{"href":"https:\/\/elfsight.com\/it\/wp-json\/wp\/v2\/pages"}],"about":[{"href":"https:\/\/elfsight.com\/it\/wp-json\/wp\/v2\/types\/page"}],"author":[{"embeddable":true,"href":"https:\/\/elfsight.com\/it\/wp-json\/wp\/v2\/users\/9"}],"replies":[{"embeddable":true,"href":"https:\/\/elfsight.com\/it\/wp-json\/wp\/v2\/comments?post=6682"}],"version-history":[{"count":4,"href":"https:\/\/elfsight.com\/it\/wp-json\/wp\/v2\/pages\/6682\/revisions"}],"predecessor-version":[{"id":8605,"href":"https:\/\/elfsight.com\/it\/wp-json\/wp\/v2\/pages\/6682\/revisions\/8605"}],"up":[{"embeddable":true,"href":"https:\/\/elfsight.com\/it\/wp-json\/wp\/v2\/pages\/967"}],"wp:attachment":[{"href":"https:\/\/elfsight.com\/it\/wp-json\/wp\/v2\/media?parent=6682"}],"curies":[{"name":"wp","href":"https:\/\/api.w.org\/{rel}","templated":true}]}}