{"id":6677,"date":"1970-01-01T00:00:00","date_gmt":"1970-01-01T00:00:00","guid":{"rendered":"https:\/\/elfsight.com\/it\/?page_id=6677"},"modified":"2025-03-13T09:47:41","modified_gmt":"2025-03-13T09:47:41","slug":"weebly","status":"publish","type":"page","link":"https:\/\/elfsight.com\/it\/whatsapp-chat-widget\/weebly\/","title":{"rendered":"Whatsapp Chat &#8211; Weebly"},"content":{"rendered":"\n<div class=\"application-platform-content-item-description application-platform-content-item\" id=\"description\" data-nav-section=\"description\"> <h2>Incorpora la chat di WhatsApp con il widget Elfsight<\/h2> <p>L&#8217;app WhatsApp di Elfsight \u00e8 un metodo semplice per consentire agli utenti del tuo sito web di raggiungerti e avere risposta alle loro domande. Sii subito disponibile per la tua clientela nel loro messenger preferito, ovunque tu sia. Introduci la chat nel tuo negozio e sceglila in modo che appaia su pagine specifiche o per particolari categorie di spettatori, scegli i trigger di avvio della chat, componi il tuo messaggio di benvenuto personale, imposta le icone e fai altro. Utilizzando la chat Weebly installata sul tuo sito, sarai connesso con la tua clientela sempre e ovunque. <\/p> <div class=\"faq\" data-component=\"FAQ\"> <div class=\"faq-item\">\r\n\t\t\t\t\t<div class=\"faq-item-question\">\r\n\t\t\t\t\t\t<h3 class=\"faq-item-question-text\">Dove posso installare il widget<\/h3>\r\n\r\n\t\t\t\t\t\t<div class=\"faq-item-question-icon\"><\/div>\r\n\t\t\t\t\t<\/div>\r\n\r\n\t\t\t\t\t<div class=\"faq-item-answer\">\r\n\t\t\t\t\t\t<div class=\"faq-item-answer-text\"> <p>Il widget pu\u00f2 apparire su ogni pagina del tuo sito web o solo su alcune pagine. Puoi anche escludere diverse pagine sulle quali non desideri il widget. <\/p> <\/div>\r\n\t\t\t\t\t<\/div>\r\n\t\t\t\t<\/div> <div class=\"faq-item\">\r\n\t\t\t\t\t<div class=\"faq-item-question\">\r\n\t\t\t\t\t\t<h3 class=\"faq-item-question-text\">Come trarr\u00f2 vantaggio da Whatsapp?<\/h3>\r\n\r\n\t\t\t\t\t\t<div class=\"faq-item-question-icon\"><\/div>\r\n\t\t\t\t\t<\/div>\r\n\r\n\t\t\t\t\t<div class=\"faq-item-answer\">\r\n\t\t\t\t\t\t<div class=\"faq-item-answer-text\"> <p>Il widget aiuter\u00e0 pi\u00f9 clienti a indirizzarti con le loro domande, richieste o problemi. Pu\u00f2 aiutare ad aumentare il numero di lead e vendite. Inoltre, risposte rapide e approccio individuale aumenteranno il livello del servizio clienti. <\/p> <\/div>\r\n\t\t\t\t\t<\/div>\r\n\t\t\t\t<\/div> <div class=\"faq-item\">\r\n\t\t\t\t\t<div class=\"faq-item-question\">\r\n\t\t\t\t\t\t<h3 class=\"faq-item-question-text\">Come installo Whatsapp Chat?<\/h3>\r\n\r\n\t\t\t\t\t\t<div class=\"faq-item-question-icon\"><\/div>\r\n\t\t\t\t\t<\/div>\r\n\r\n\t\t\t\t\t<div class=\"faq-item-answer\">\r\n\t\t\t\t\t\t<div class=\"faq-item-answer-text\"> <p>Ti serviranno solo due minuti del tuo tempo per avere il widget attivo e funzionante. L&#8217;incorporamento \u00e8 molto rapido, gratuito e senza codifica. <\/p> <p>Il widget pu\u00f2 essere impostato sul tuo sito tramite il nostro servizio o tramite il marketplace. Puoi vedere pi\u00f9 opzioni tra le due e decidere quale \u00e8 pi\u00f9 adatta. <\/p> <\/div>\r\n\t\t\t\t\t<\/div>\r\n\t\t\t\t<\/div> <\/div> <\/div><div class=\"application-platform-content-item-features application-platform-content-item\" id=\"features\" data-nav-section=\"features\"> <h2>Caratteristiche principali del widget chat di WhatsApp<\/h2> <p>Per una migliore comprensione della chat dal vivo, vedere l&#8217;elenco dei suoi tratti principali. Rendono questa app davvero efficace per te: <\/p> <ul><li>Aggiungi WhatsApp Messenger sul tuo sito web per rimanere in contatto con la clientela; <\/li><li>Rispondi ai messaggi direttamente dalla tua pagina WhatsApp; <\/li><li>Scegli tra 3 opzioni di layout della chat: come bolla mobile, bolla incorporata e finestra di chat incorporata; <\/li><li>Scopri una libreria di icone a bolle tra cui scegliere; <\/li><li>Inserisci il testo personalizzato del fumetto della chat. <\/li><\/ul><p><a href=\"#demo\">Visualizza un elenco completo delle funzionalit\u00e0 nella nostra demo live<\/a><\/p> <\/div><div class=\"application-platform-content-item-installation application-platform-content-item\" id=\"installation\" data-nav-section=\"installation\"> <h2>Come aggiungere l&#8217;app Live Chat al tuo sito web Weebly<\/h2><div class=\"video-container\"><iframe width=\"560\" height=\"315\" src=\"https:\/\/www.youtube.com\/embed\/QRSWqCNO_jE?si=_ExITdgraubVNu3P\" frameborder=\"0\" allow=\"accelerometer; autoplay; clipboard-write; encrypted-media; gyroscope; picture-in-picture; web-share\" allowfullscreen><\/iframe><\/div><p>Le seguenti azioni sono l&#8217;unica cosa che devi visualizzare.<\/p> <ol><li><b>Apri la nostra demo gratuita e inizia a lavorare con la tua app personalizzata. <\/b><br> Specifica la disposizione e le opzioni preferibili dell&#8217;app e salva tutte le correzioni. <\/li> <li><b>Copia il tuo codice univoco rivelato nell&#8217;apposito modulo su Elfsight Apps. <\/b><br> Subito dopo aver completato la personalizzazione della tua app personale, copia il codice nel popup emerso e salvalo per necessit\u00e0 successive. <\/li> <li><b>Accedi all&#8217;utilizzo dell&#8217;app sulla tua pagina web Weebly. <\/b><br> Incorpora il codice salvato in precedenza nel tuo sito e applica le correzioni. <\/li> <li><b>Il gioco \u00e8 fatto! La configurazione \u00e8 completamente completata. <\/b><br> Vai sul tuo sito per controllare il funzionamento dell&#8217;app. <\/li><\/ol><p>Hai ancora qualcosa che ti rende insicuro? O ti sei imbattuto in qualcosa? Basta una singola richiesta al nostro dipartimento di assistenza clienti per risolvere qualsiasi domanda. <\/p> <\/div><div class=\"faq\" data-component=\"FAQ\"><div class=\"faq-item\">\r\n\t\t\t\t\t<div class=\"faq-item-question\">\r\n\t\t\t\t\t\t<h3 class=\"faq-item-question-text\">In che modo posso aggiungere la chat di Whatsapp al mio Weebly senza conoscenze di programmazione?<\/h3>\r\n\r\n\t\t\t\t\t\t<div class=\"faq-item-question-icon\"><\/div>\r\n\t\t\t\t\t<\/div>\r\n\r\n\t\t\t\t\t<div class=\"faq-item-answer\">\r\n\t\t\t\t\t\t<div class=\"faq-item-answer-text\"><p>L&#8217;azienda Elfsight introduce una Soluzione cloud che consente all&#8217;utente di creare da solo un widget Whatsapp Chat, scopri quanto \u00e8 semplice: <\/p><ul><li>Vai all&#8217;editor live per creare un widget Whatsapp Chat che desideri incorporare nel sito Weebly.<\/li><li>Seleziona uno dei nostri modelli predefiniti e modifica le impostazioni della chat di Whatsapp, aggiorna i tuoi contenuti, trasforma il layout e il colore degli elementi senza competenze di codifica.<\/li><li>Salva la chat di Whatsapp e ottieni il codice di installazione , che puoi aggiungere facilmente alla home page di Weebly senza acquistare una versione a pagamento. <\/li><\/ul><p>Lavorando nel semplice configuratore, qualsiasi utente di Internet pu\u00f2 creare l&#8217;app Whatsapp Chat e includerla semplicemente nel sito Web Weebly. Non \u00e8 necessario ottenere un piano a pagamento o inserire le credenziali della carta per accedere al nostro servizio. Se riscontri problemi di qualsiasi tipo, non esitare a parlare con il nostro personale di supporto tecnico.<\/p><\/div>\r\n\t\t\t\t\t<\/div>\r\n\t\t\t\t<\/div><\/div>\n","protected":false},"excerpt":{"rendered":"","protected":false},"author":9,"featured_media":0,"parent":967,"menu_order":0,"comment_status":"closed","ping_status":"closed","template":"templates\/template-application-platform.php","meta":{"publish_to_discourse":"","publish_post_category":"","wpdc_auto_publish_overridden":"","wpdc_topic_tags":"","wpdc_pin_topic":"","wpdc_pin_until":"","discourse_post_id":"","discourse_permalink":"","wpdc_publishing_response":"","wpdc_publishing_error":"","footnotes":""},"class_list":["post-6677","page","type-page","status-publish","hentry"],"yoast_head":"<!-- This site is optimized with the Yoast SEO plugin v25.3.1 - https:\/\/yoast.com\/wordpress\/plugins\/seo\/ -->\n<title>Aggiungi l&#039;app Whatsapp Live Chat al sito Web Weebly (in 2 minuti)<\/title>\n<meta name=\"description\" content=\"Configura l&#039;app Whatsapp Live Chat su Weebly solo in 2 minuti. Esplora tutte le caratteristiche principali del miglior plugin di chat in una demo gratuita.\" \/>\n<meta name=\"robots\" content=\"index, follow, max-snippet:-1, max-image-preview:large, max-video-preview:-1\" \/>\n<link rel=\"canonical\" href=\"https:\/\/elfsight.com\/it\/whatsapp-chat-widget\/weebly\/\" \/>\n<meta property=\"og:locale\" content=\"it_IT\" \/>\n<meta property=\"og:type\" content=\"article\" \/>\n<meta property=\"og:title\" content=\"Aggiungi l&#039;app Whatsapp Live Chat al sito Web Weebly (in 2 minuti)\" \/>\n<meta property=\"og:description\" content=\"Configura l&#039;app Whatsapp Live Chat su Weebly solo in 2 minuti. Esplora tutte le caratteristiche principali del miglior plugin di chat in una demo gratuita.\" \/>\n<meta property=\"og:url\" content=\"https:\/\/elfsight.com\/it\/whatsapp-chat-widget\/weebly\/\" \/>\n<meta property=\"og:site_name\" content=\"Elfsight IT\" \/>\n<meta property=\"article:modified_time\" content=\"2025-03-13T09:47:41+00:00\" \/>\n<meta name=\"twitter:card\" content=\"summary_large_image\" \/>\n<meta name=\"twitter:label1\" content=\"Tempo di lettura stimato\" \/>\n\t<meta name=\"twitter:data1\" content=\"4 minuti\" \/>\n<!-- \/ Yoast SEO plugin. -->","yoast_head_json":{"title":"Aggiungi l'app Whatsapp Live Chat al sito Web Weebly (in 2 minuti)","description":"Configura l'app Whatsapp Live Chat su Weebly solo in 2 minuti. Esplora tutte le caratteristiche principali del miglior plugin di chat in una demo gratuita.","robots":{"index":"index","follow":"follow","max-snippet":"max-snippet:-1","max-image-preview":"max-image-preview:large","max-video-preview":"max-video-preview:-1"},"canonical":"https:\/\/elfsight.com\/it\/whatsapp-chat-widget\/weebly\/","og_locale":"it_IT","og_type":"article","og_title":"Aggiungi l'app Whatsapp Live Chat al sito Web Weebly (in 2 minuti)","og_description":"Configura l'app Whatsapp Live Chat su Weebly solo in 2 minuti. Esplora tutte le caratteristiche principali del miglior plugin di chat in una demo gratuita.","og_url":"https:\/\/elfsight.com\/it\/whatsapp-chat-widget\/weebly\/","og_site_name":"Elfsight IT","article_modified_time":"2025-03-13T09:47:41+00:00","twitter_card":"summary_large_image","twitter_misc":{"Tempo di lettura stimato":"4 minuti"},"schema":{"@context":"https:\/\/schema.org","@graph":[{"@type":"WebPage","@id":"https:\/\/elfsight.com\/it\/whatsapp-chat-widget\/weebly\/","url":"https:\/\/elfsight.com\/it\/whatsapp-chat-widget\/weebly\/","name":"Aggiungi l'app Whatsapp Live Chat al sito Web Weebly (in 2 minuti)","isPartOf":{"@id":"https:\/\/elfsight.com\/it\/#website"},"datePublished":"1970-01-01T00:00:00+00:00","dateModified":"2025-03-13T09:47:41+00:00","description":"Configura l'app Whatsapp Live Chat su Weebly solo in 2 minuti. Esplora tutte le caratteristiche principali del miglior plugin di chat in una demo gratuita.","breadcrumb":{"@id":"https:\/\/elfsight.com\/it\/whatsapp-chat-widget\/weebly\/#breadcrumb"},"inLanguage":"it-IT","potentialAction":[{"@type":"ReadAction","target":["https:\/\/elfsight.com\/it\/whatsapp-chat-widget\/weebly\/"]}]},{"@type":"BreadcrumbList","@id":"https:\/\/elfsight.com\/it\/whatsapp-chat-widget\/weebly\/#breadcrumb","itemListElement":[{"@type":"ListItem","position":1,"name":"Home","item":"https:\/\/elfsight.com\/it\/"},{"@type":"ListItem","position":2,"name":"WhatsApp Chat","item":"https:\/\/elfsight.com\/it\/whatsapp-chat-widget\/"},{"@type":"ListItem","position":3,"name":"Whatsapp Chat &#8211; Weebly"}]},{"@type":"WebSite","@id":"https:\/\/elfsight.com\/it\/#website","url":"https:\/\/elfsight.com\/it\/","name":"Elfsight IT","description":"Just another Elfsight Sites site","potentialAction":[{"@type":"SearchAction","target":{"@type":"EntryPoint","urlTemplate":"https:\/\/elfsight.com\/it\/?s={search_term_string}"},"query-input":{"@type":"PropertyValueSpecification","valueRequired":true,"valueName":"search_term_string"}}],"inLanguage":"it-IT"}]}},"meta_box":{"industry":"","seo_heading":"","heading":"","description":"","cta_heading":"","cta_description":"","application":"960","h1":"Applicazione Weebly Whatsapp Live Chat","h1_caption":"Offri agli utenti l'opportunit\u00e0 di contattarti su Whatsapp, garantendo l'interazione pi\u00f9 rapida e conveniente per i visitatori del tuo sito Web nel tuo sito Web Weebly senza sforzo.","application_category":[],"applications_title":"","applications_request_title":"","applications_request_button_text":"","hero_text":"","hero_video":"","hero_video_schema_markup":"","selling_points_title":"","selling_points_caption":"","selling_points":[],"selling_points_cta_text":"","features_title":"","features":"","ed_cta_examples_text":"","ed_cta_examples_hidden":"","ed_cta_demo_text":"","ed_cta_demo_hidden":"","why_caption":"","why_editor_title":"","why_editor_text":"","why_team_title":"","why_team_text":"","why_service_title":"","why_service_text":"","template_catalog_visible":"0","template_catalog_title":"","template_catalog_text":"","template_catalog_categories_visible":"","demo_title":"Crea la tua app di chat Whatsapp","demo_caption":"Configura la tua chat Whatsapp e aggiungila gratuitamente al tuo sito Weebly!","default_faq_hidden":"","app_template_category":[],"platform":"45","template_public_id":"","codecanyon_url":"","codecanyon_item_id":"","codecanyon_price":"","pricing_caption":"","pricing_elfsight_apps_hide_column":"","pricing_elfsight_apps_url":"","pricing_codecanyon_price_caption":"","integration_category":[],"integration_request_title":"","integration_request_cta":"","integration_platform":"","integrations":[],"platform_category":[],"video_schema_markup":"","price":"da $ 0 al mese","trial":"","benefits":[{"text":"Servizio di installazione gratuito"},{"text":"Servizio clienti competente"},{"text":"Garanzia di rimborso di 14 giorni"},{"text":"Sviluppo continuo"}],"button_url":"#demo","button_target_blank":"0","button_nofollow":"0","attributes":[{"name":"Installazioni"},{"name":"Reattivo"},{"name":"Browser compatibili"}],"tags":[],"tags_disable_links":"0","hide_more_platforms":"0","video_object":"","demo_hide_cta":"0","demo_hide_cloud_options":"0","pricing_title":"","pricing":[{"pricing_icon":"cloud","pricing_title":"Elfsight Apps","pricing_title_caption":"Software multipiattaforma","pricing_price":"da $ 0 \/ mese","pricing_price_caption":"inizia con un piano gratuito","pricing_benefits":[{"text":"Domini illimitati"},{"text":"Supporto aziendale dedicato e ben documentato"},{"text":"Supporto gratuito per l'installazione"},{"text":"Completamente personalizzabile"}],"pricing_button_text":"Aggiungi al sito web","pricing_button_url":"#demo"}],"related_apps_title":"","related_apps_hidden":"0","author":"","image":[],"title":"","job":"","social_networks":[]},"_links":{"self":[{"href":"https:\/\/elfsight.com\/it\/wp-json\/wp\/v2\/pages\/6677","targetHints":{"allow":["GET"]}}],"collection":[{"href":"https:\/\/elfsight.com\/it\/wp-json\/wp\/v2\/pages"}],"about":[{"href":"https:\/\/elfsight.com\/it\/wp-json\/wp\/v2\/types\/page"}],"author":[{"embeddable":true,"href":"https:\/\/elfsight.com\/it\/wp-json\/wp\/v2\/users\/9"}],"replies":[{"embeddable":true,"href":"https:\/\/elfsight.com\/it\/wp-json\/wp\/v2\/comments?post=6677"}],"version-history":[{"count":3,"href":"https:\/\/elfsight.com\/it\/wp-json\/wp\/v2\/pages\/6677\/revisions"}],"predecessor-version":[{"id":8618,"href":"https:\/\/elfsight.com\/it\/wp-json\/wp\/v2\/pages\/6677\/revisions\/8618"}],"up":[{"embeddable":true,"href":"https:\/\/elfsight.com\/it\/wp-json\/wp\/v2\/pages\/967"}],"wp:attachment":[{"href":"https:\/\/elfsight.com\/it\/wp-json\/wp\/v2\/media?parent=6677"}],"curies":[{"name":"wp","href":"https:\/\/api.w.org\/{rel}","templated":true}]}}