{"id":6676,"date":"1970-01-01T00:00:00","date_gmt":"1970-01-01T00:00:00","guid":{"rendered":"https:\/\/elfsight.com\/it\/?page_id=6676"},"modified":"2025-03-13T06:57:33","modified_gmt":"2025-03-13T06:57:33","slug":"joomla","status":"publish","type":"page","link":"https:\/\/elfsight.com\/it\/whatsapp-chat-widget\/joomla\/","title":{"rendered":"Whatsapp Chat &#8211; Joomla"},"content":{"rendered":"\n<div class=\"application-platform-content-item-description application-platform-content-item\" id=\"description\" data-nav-section=\"description\"> <h2>Incorpora la chat di WhatsApp con il widget Elfsight<\/h2> <p>Il plug-in WhatsApp creato da Elfsight \u00e8 lo strumento pi\u00f9 pratico con cui i clienti del tuo sito web possono comunicare e ottenere risposte alle loro domande e richieste. Sei libero di rimanere disponibile dal vivo per gli utenti nel loro messenger pi\u00f9 amato ovunque tu sia. Incorpora la chat nel tuo negozio e apparir\u00e0 su pagine selezionate o per tipi specifici di clienti, attiva i trigger di avvio della chat, inserisci il tuo messaggio di benvenuto, modifica le icone e molto altro. Utilizzando la chat live di WhatsApp sul tuo sito, sarai in contatto con la tua clientela sempre e ovunque. <\/p> <div class=\"faq\" data-component=\"FAQ\"><div class=\"faq-item\">\r\n\t\t\t\t\t<div class=\"faq-item-question\">\r\n\t\t\t\t\t\t<h3 class=\"faq-item-question-text\">Come aggiungere il pulsante Chat di WhatsApp a un sito web Joomla?<\/h3>\r\n\r\n\t\t\t\t\t\t<div class=\"faq-item-question-icon\"><\/div>\r\n\t\t\t\t\t<\/div>\r\n\r\n\t\t\t\t\t<div class=\"faq-item-answer\">\r\n\t\t\t\t\t\t<div class=\"faq-item-answer-text\"><p>L&#8217;aggiunta dell&#8217;estensione Chat di WhatsApp a Joomla richiede alcuni istanti . Inoltre, non \u00e8 necessario avere alcuna competenza di programmazione. <\/p><ol><li>Regola il plugin per Joomla nel configuratore gratuito e guarda le modifiche in tempo reale. <\/li> <li>Clicca sul codice per copiarlo. <\/li> <li>Inserisci il codice dell&#8217;estensione WhatsApp Chat nel punto richiesto nel backend di Joomla. <\/li> <li>Capito! L&#8217;incorporamento del modulo chat su Joomla \u00e8 perfezionato! <\/li><\/ol><p>Hai problemi con l&#8217;inserimento del plugin in Joomla o con la formattazione? Puoi vedere la guida completa <a href=\"https:\/\/elfsight.com\/tutorials\/how-to-add-whatsapp-chat-widget-to-website\/#how-to-add-whatsapp-to-joomla\">in questa pagina<\/a>.<\/p><\/div>\r\n\t\t\t\t\t<\/div>\r\n\t\t\t\t<\/div><div class=\"faq-item\">\r\n\t\t\t\t\t<div class=\"faq-item-question\">\r\n\t\t\t\t\t\t<h3 class=\"faq-item-question-text\">Ho l'opportunit\u00e0 di vedere come apparir\u00e0 il modulo su un sito web?<\/h3>\r\n\r\n\t\t\t\t\t\t<div class=\"faq-item-question-icon\"><\/div>\r\n\t\t\t\t\t<\/div>\r\n\r\n\t\t\t\t\t<div class=\"faq-item-answer\">\r\n\t\t\t\t\t\t<div class=\"faq-item-answer-text\"><p>Certamente! Nel processo di produzione del plugin di chat di Joomla <a href=\"https:\/\/elfsight.com\/whatsapp-chat-widget\/#demo\">nel live builder<\/a>, vedrai tutte le revisioni nel parte destra dell&#8217;editor. La tua casella di chat sar\u00e0 identica a quella che avrai su un sito Joomla.<\/p><\/div>\r\n\t\t\t\t\t<\/div>\r\n\t\t\t\t<\/div><div class=\"faq-item\">\r\n\t\t\t\t\t<div class=\"faq-item-question\">\r\n\t\t\t\t\t\t<h3 class=\"faq-item-question-text\">Quali estensioni popolari sono essenziali per un sito web Joomla?<\/h3>\r\n\r\n\t\t\t\t\t\t<div class=\"faq-item-question-icon\"><\/div>\r\n\t\t\t\t\t<\/div>\r\n\r\n\t\t\t\t\t<div class=\"faq-item-answer\">\r\n\t\t\t\t\t\t<div class=\"faq-item-answer-text\"><p> Esistono molti moduli Elfsight versatili che puoi aggiungere al tuo sito web basato su Joomla. Ad esempio, ci sono molti tipi di pulsanti di chat: <a href=\"https:\/\/elfsight.com\/it\/all-in-one-chat-widget\/joomla\/\">All-in-One Chat<\/a> e <a href=\"https:\/\/elfsight.com\/it\/whatsapp-chat-widget\/joomla\/\">Chat WhatsApp<\/a> &#8211; per comunicare con i tuoi clienti all&#8217;interno del tuo sito web. Inoltre, <a href=\"https:\/\/elfsight.com\/it\/online-form-builder\/joomla\/\">Moduli online<\/a>, <a href=\"https:\/\/elfsight.com\/it\/pdf-embed-widget\/joomla\/\">PDF incorporato<\/a> e <a href=\"https:\/\/elfsight.com\/it\/instagram-feed-instashow\/joomla\/\">feed di Instagram<\/a>, per ampliare i contenuti del sito web e aggiungere contenuti dinamici elementi.<\/p><\/div>\r\n\t\t\t\t\t<\/div>\r\n\t\t\t\t<\/div><\/div><\/div> <div class=\"application-platform-content-item-features application-platform-content-item\" id=\"features\" data-nav-section=\"features\"> <h2>Caratteristiche principali del modulo di chat di WhatsApp<\/h2> <p>Per avere una chiara conoscenza di la Chat di Joomla, ecco l&#8217;elenco delle sue principali funzionalit\u00e0. Rendono il nostro widget estremamente vantaggioso per te: <\/p> <ul><li>Imposta WhatsApp Messenger sul tuo sito per avere chat dal vivo con le persone; <\/li><li>Continua a comunicare direttamente dal tuo account WhatsApp; <\/li><li>Utilizza 3 tipi di posizione del modulo: bolla mobile, bolla incorporata e finestra di chat incorporata; <\/li><li>Utilizza una libreria di icone a bolle tra cui scegliere; <\/li><li>Inserisci il tuo testo personale nel fumetto della chat. <\/li><\/ul><p><a href=\"#demo\">La demo ti aprir\u00e0 pi\u00f9 funzionalit\u00e0<\/a><\/p> <\/div> <div class=\"application-platform-content-item-installation application-platform-content-item\" id=\"installation\" data-nav-section=\"installation\"> <h2> Come aggiungere il plugin Whatsapp Live Chat al tuo Joomla<\/h2><div class=\"video-container\"><iframe width=\"720\" height=\"405\" src=\"https:\/\/www.youtube.com\/embed\/DYT1PiJuOy0\" frameborder=\"0\" allowfullscreen=\"\"><\/iframe><\/div><p>Segui semplicemente un paio di passaggi descritti di seguito per attivare il plugin su Joomla.<\/p> <ol><li><b>Lancia il nostro configuratore gratuito e inizia a creare la tua estensione Whatsapp Chat personalizzata. <\/b><br> Specifica l&#8217;aspetto e gli aspetti desiderati del plugin e applica le correzioni. <\/li> <li><b>Copia il tuo codice personale che appare nella finestra sulle App Elfsight. <\/b><br> Una volta completata la personalizzazione della tua estensione, copia il codice personale nella casella visualizzata e salvalo per un utilizzo successivo. <\/li> <li><b>Avvia l&#8217;utilizzo dello strumento sul tuo sito Joomla. <\/b><br> Inserisci il codice che hai copiato di recente nel tuo sito e applica le modifiche. <\/li> <li><b>L&#8217;installazione \u00e8 stata eseguita con successo. <\/b><br> Vai al tuo sito web per verificare le prestazioni dello strumento. <\/li><\/ol><p>Dubbi ancora qualcosa? O hai domande? Basta indirizzare una richiesta al nostro team di supporto e loro risolveranno qualsiasi problema. <\/p> <\/div><div class=\"faq\" data-component=\"FAQ\"><div class=\"faq-item\">\r\n\t\t\t\t\t<div class=\"faq-item-question\">\r\n\t\t\t\t\t\t<h3 class=\"faq-item-question-text\">Come aggiungere la chat di Whatsapp al mio Joomla senza conoscenze di programmazione?<\/h3>\r\n\r\n\t\t\t\t\t\t<div class=\"faq-item-question-icon\"><\/div>\r\n\t\t\t\t\t<\/div>\r\n\r\n\t\t\t\t\t<div class=\"faq-item-answer\">\r\n\t\t\t\t\t\t<div class=\"faq-item-answer-text\"><p>L&#8217;azienda Elfsight offre una soluzione cloud che consente a un vasto pubblico di creare tu stesso una sezione di chat di Whatsapp, scopri quanto \u00e8 semplice: <\/p><ul><li>Lavora direttamente nella demo live per creare una sezione di chat di Whatsapp che desideri incorporare nel tuo sito Joomla.<\/li><li>Seleziona uno dei tanti modelli predefiniti e modifica le impostazioni della chat di Whatsapp, aggiungi i tuoi contenuti, modifica il layout e il colore degli elementi senza alcuna esperienza di codifica.<\/li><li>Salva la chat di Whatsapp e copia il suo codice per l&#8217;incorporamento, che pu\u00f2 essere facilmente incollato nel tuo sito Joomla senza acquistare un piano a pagamento. <\/li><\/ul><p>Con l&#8217;aiuto del configuratore intuitivo qualsiasi utente web pu\u00f2 creare widget di chat Whatsapp online e includerli facilmente nella home page di Joomla. Non \u00e8 necessario sottoscrivere un abbonamento a pagamento o inviare i dati della carta per accedere al servizio Elfsight. Se riscontri problemi in qualsiasi momento, non esitare a parlare con la nostra assistenza clienti.<\/p><\/div>\r\n\t\t\t\t\t<\/div>\r\n\t\t\t\t<\/div><\/div>\n","protected":false},"excerpt":{"rendered":"","protected":false},"author":9,"featured_media":0,"parent":967,"menu_order":0,"comment_status":"closed","ping_status":"closed","template":"templates\/template-application-platform.php","meta":{"publish_to_discourse":"","publish_post_category":"","wpdc_auto_publish_overridden":"","wpdc_topic_tags":"","wpdc_pin_topic":"","wpdc_pin_until":"","discourse_post_id":"","discourse_permalink":"","wpdc_publishing_response":"","wpdc_publishing_error":"","footnotes":""},"class_list":["post-6676","page","type-page","status-publish","hentry"],"yoast_head":"<!-- This site is optimized with the Yoast SEO plugin v25.3.1 - https:\/\/yoast.com\/wordpress\/plugins\/seo\/ -->\n<title>Aggiungi il plugin Whatsapp Live Chat al sito Joomla (facile e veloce)<\/title>\n<meta name=\"description\" content=\"Configura il plug-in Whatsapp Live Chat su Joomla solo in 2 minuti. Esplora tutte le caratteristiche principali del miglior modulo di chat in una demo gratuita.\" \/>\n<meta name=\"robots\" content=\"index, follow, max-snippet:-1, max-image-preview:large, max-video-preview:-1\" \/>\n<link rel=\"canonical\" href=\"https:\/\/elfsight.com\/it\/whatsapp-chat-widget\/joomla\/\" \/>\n<meta property=\"og:locale\" content=\"it_IT\" \/>\n<meta property=\"og:type\" content=\"article\" \/>\n<meta property=\"og:title\" content=\"Aggiungi il plugin Whatsapp Live Chat al sito Joomla (facile e veloce)\" \/>\n<meta property=\"og:description\" content=\"Configura il plug-in Whatsapp Live Chat su Joomla solo in 2 minuti. Esplora tutte le caratteristiche principali del miglior modulo di chat in una demo gratuita.\" \/>\n<meta property=\"og:url\" content=\"https:\/\/elfsight.com\/it\/whatsapp-chat-widget\/joomla\/\" \/>\n<meta property=\"og:site_name\" content=\"Elfsight IT\" \/>\n<meta property=\"article:modified_time\" content=\"2025-03-13T06:57:33+00:00\" \/>\n<meta name=\"twitter:card\" content=\"summary_large_image\" \/>\n<meta name=\"twitter:label1\" content=\"Tempo di lettura stimato\" \/>\n\t<meta name=\"twitter:data1\" content=\"5 minuti\" \/>\n<!-- \/ Yoast SEO plugin. -->","yoast_head_json":{"title":"Aggiungi il plugin Whatsapp Live Chat al sito Joomla (facile e veloce)","description":"Configura il plug-in Whatsapp Live Chat su Joomla solo in 2 minuti. Esplora tutte le caratteristiche principali del miglior modulo di chat in una demo gratuita.","robots":{"index":"index","follow":"follow","max-snippet":"max-snippet:-1","max-image-preview":"max-image-preview:large","max-video-preview":"max-video-preview:-1"},"canonical":"https:\/\/elfsight.com\/it\/whatsapp-chat-widget\/joomla\/","og_locale":"it_IT","og_type":"article","og_title":"Aggiungi il plugin Whatsapp Live Chat al sito Joomla (facile e veloce)","og_description":"Configura il plug-in Whatsapp Live Chat su Joomla solo in 2 minuti. Esplora tutte le caratteristiche principali del miglior modulo di chat in una demo gratuita.","og_url":"https:\/\/elfsight.com\/it\/whatsapp-chat-widget\/joomla\/","og_site_name":"Elfsight IT","article_modified_time":"2025-03-13T06:57:33+00:00","twitter_card":"summary_large_image","twitter_misc":{"Tempo di lettura stimato":"5 minuti"},"schema":{"@context":"https:\/\/schema.org","@graph":[{"@type":"WebPage","@id":"https:\/\/elfsight.com\/it\/whatsapp-chat-widget\/joomla\/","url":"https:\/\/elfsight.com\/it\/whatsapp-chat-widget\/joomla\/","name":"Aggiungi il plugin Whatsapp Live Chat al sito Joomla (facile e veloce)","isPartOf":{"@id":"https:\/\/elfsight.com\/it\/#website"},"datePublished":"1970-01-01T00:00:00+00:00","dateModified":"2025-03-13T06:57:33+00:00","description":"Configura il plug-in Whatsapp Live Chat su Joomla solo in 2 minuti. Esplora tutte le caratteristiche principali del miglior modulo di chat in una demo gratuita.","breadcrumb":{"@id":"https:\/\/elfsight.com\/it\/whatsapp-chat-widget\/joomla\/#breadcrumb"},"inLanguage":"it-IT","potentialAction":[{"@type":"ReadAction","target":["https:\/\/elfsight.com\/it\/whatsapp-chat-widget\/joomla\/"]}]},{"@type":"BreadcrumbList","@id":"https:\/\/elfsight.com\/it\/whatsapp-chat-widget\/joomla\/#breadcrumb","itemListElement":[{"@type":"ListItem","position":1,"name":"Home","item":"https:\/\/elfsight.com\/it\/"},{"@type":"ListItem","position":2,"name":"WhatsApp Chat","item":"https:\/\/elfsight.com\/it\/whatsapp-chat-widget\/"},{"@type":"ListItem","position":3,"name":"Whatsapp Chat &#8211; Joomla"}]},{"@type":"WebSite","@id":"https:\/\/elfsight.com\/it\/#website","url":"https:\/\/elfsight.com\/it\/","name":"Elfsight IT","description":"Just another Elfsight Sites site","potentialAction":[{"@type":"SearchAction","target":{"@type":"EntryPoint","urlTemplate":"https:\/\/elfsight.com\/it\/?s={search_term_string}"},"query-input":{"@type":"PropertyValueSpecification","valueRequired":true,"valueName":"search_term_string"}}],"inLanguage":"it-IT"}]}},"meta_box":{"industry":"","seo_heading":"","heading":"","description":"","cta_heading":"","cta_description":"","application":"960","h1":"Plug-in per chat dal vivo di Joomla Whatsapp","h1_caption":"Offri agli utenti l'opportunit\u00e0 di contattarti su Whatsapp, garantendo l'interazione pi\u00f9 rapida e conveniente per i visitatori del tuo sito Web nel tuo sito Web Joomla senza sforzo.","application_category":[],"applications_title":"","applications_request_title":"","applications_request_button_text":"","hero_text":"","hero_video":"","hero_video_schema_markup":"","selling_points_title":"","selling_points_caption":"","selling_points":[],"selling_points_cta_text":"","features_title":"","features":"","ed_cta_examples_text":"","ed_cta_examples_hidden":"","ed_cta_demo_text":"","ed_cta_demo_hidden":"","why_caption":"","why_editor_title":"","why_editor_text":"","why_team_title":"","why_team_text":"","why_service_title":"","why_service_text":"","template_catalog_visible":"0","template_catalog_title":"","template_catalog_text":"","template_catalog_categories_visible":"","demo_title":"Crea il tuo plugin per la chat di Whatsapp","demo_caption":"Configura la tua chat Whatsapp e aggiungila gratuitamente al tuo sito Joomla!","default_faq_hidden":"","app_template_category":[],"platform":"36","template_public_id":"","codecanyon_url":"","codecanyon_item_id":"","codecanyon_price":"","pricing_caption":"","pricing_elfsight_apps_hide_column":"","pricing_elfsight_apps_url":"","pricing_codecanyon_price_caption":"","integration_category":[],"integration_request_title":"","integration_request_cta":"","integration_platform":"","integrations":[],"platform_category":[],"video_schema_markup":"","price":"da $ 0 al mese","trial":"","benefits":[{"text":"Assistenza gratuita per l'installazione"},{"text":"Supporto eccezionale"},{"text":"Garanzia di rimborso di 14 giorni"},{"text":"Miglioramenti gratuiti continui"}],"button_url":"#demo","button_target_blank":"0","button_nofollow":"0","attributes":[{"name":"Installazioni"},{"name":"Reattivo"},{"name":"Browser compatibili"}],"tags":[],"tags_disable_links":"0","hide_more_platforms":"0","video_object":"","demo_hide_cta":"0","demo_hide_cloud_options":"0","pricing_title":"","pricing":[{"pricing_icon":"platform","pricing_title":"Elfsight Apps","pricing_title_caption":"Software indipendente dalla piattaforma","pricing_price":"da $ 0 \/ mese","pricing_price_caption":"inizia con il piano gratuito","pricing_benefits":[{"text":"Domini illimitati"},{"text":"Assistenza clienti dedicata"},{"text":"Supporto gratuito per l'installazione"},{"text":"Offerta speciale per pi\u00f9 app"}],"pricing_button_text":"Aggiungi al sito web","pricing_button_url":"#demo"}],"related_apps_title":"","related_apps_hidden":"0","author":"","image":[],"title":"","job":"","social_networks":[]},"_links":{"self":[{"href":"https:\/\/elfsight.com\/it\/wp-json\/wp\/v2\/pages\/6676","targetHints":{"allow":["GET"]}}],"collection":[{"href":"https:\/\/elfsight.com\/it\/wp-json\/wp\/v2\/pages"}],"about":[{"href":"https:\/\/elfsight.com\/it\/wp-json\/wp\/v2\/types\/page"}],"author":[{"embeddable":true,"href":"https:\/\/elfsight.com\/it\/wp-json\/wp\/v2\/users\/9"}],"replies":[{"embeddable":true,"href":"https:\/\/elfsight.com\/it\/wp-json\/wp\/v2\/comments?post=6676"}],"version-history":[{"count":4,"href":"https:\/\/elfsight.com\/it\/wp-json\/wp\/v2\/pages\/6676\/revisions"}],"predecessor-version":[{"id":8607,"href":"https:\/\/elfsight.com\/it\/wp-json\/wp\/v2\/pages\/6676\/revisions\/8607"}],"up":[{"embeddable":true,"href":"https:\/\/elfsight.com\/it\/wp-json\/wp\/v2\/pages\/967"}],"wp:attachment":[{"href":"https:\/\/elfsight.com\/it\/wp-json\/wp\/v2\/media?parent=6676"}],"curies":[{"name":"wp","href":"https:\/\/api.w.org\/{rel}","templated":true}]}}