{"id":6675,"date":"1970-01-01T00:00:00","date_gmt":"1970-01-01T00:00:00","guid":{"rendered":"https:\/\/elfsight.com\/it\/?page_id=6675"},"modified":"2025-03-13T07:10:27","modified_gmt":"2025-03-13T07:10:27","slug":"magento","status":"publish","type":"page","link":"https:\/\/elfsight.com\/it\/whatsapp-chat-widget\/magento\/","title":{"rendered":"Whatsapp Chat &#8211; Magento"},"content":{"rendered":"\n<div class=\"application-platform-content-item-description application-platform-content-item\" id=\"description\" data-nav-section=\"description\"> <h2>Incorpora la chat di WhatsApp con il widget Elfsight<\/h2> <p>Il plug-in WhatsApp realizzato da Elfsight \u00e8 uno strumento semplice che consente agli utenti del tuo sito web di inviare i propri messaggi e ricevere risposta alle loro domande. Puoi rimanere disponibile in questo momento per il tuo pubblico in uno degli amati messenger. Integra la chat nel tuo negozio e falla apparire su pagine scelte o per determinate tipologie di utenti; attivare i trigger di avvio della chat; scrivi il tuo messaggio di benvenuto; scegli icone e molto altro ancora. Con l&#8217;aiuto della chat Magento incorporata nel sito web, rimarrai disponibile per il tuo pubblico in qualsiasi momento e indipendentemente dalla tua posizione.<\/p> <p>L&#8217;estensione della chat di WhatsApp pu\u00f2 migliorare in modo significativo la funzionalit\u00e0 del tuo sito web. Integra semplicemente WhatsApp in qualsiasi pagina del tuo sito web e vedrai come cambia completamente il modo in cui lavori con il tuo pubblico. Sei libero di scegliere gli utenti che potranno vedere la tua integrazione WhatsApp. Se scegli di aggiungere la chat di WhatsApp a una delle pagine del tuo sito, sarai in grado di fornire qualsiasi tipo di aiuto ai tuoi clienti, dall&#8217;assistenza clienti alle conversazioni comuni. Con WhatsApp aggiunto al tuo sito web, avrai sicuramente l&#8217;opportunit\u00e0 di far crescere rapidamente la tua attivit\u00e0.<\/p><p>La nostra estensione WhatsApp gratuita \u00e8 anche molto facile da personalizzare, il che \u00e8 una buona notizia per te dato che puoi ricolorarla in conformit\u00e0 con il design della pagina aziendale. Tutto quello che devi fare qui \u00e8 iniziare con la scelta dei colori corretti o utilizzare uno dei modelli gi\u00e0 pronti. Poich\u00e9 puoi reinventare completamente l&#8217;aspetto dell&#8217;estensione della chat di WhatsApp, diventer\u00e0 facilmente una parte inseparabile del layout e dello stile del tuo sito web. Inizia semplicemente a creare la tua estensione e vedrai come si trasforma in una funzionalit\u00e0 pratica e attraente sulle pagine del tuo sito web, e tutto questo pu\u00f2 essere raggiunto con un clic del mouse.<\/p><div class=\"faq\" data-component=\"FAQ\"> <div class=\"faq-item\">\r\n\t\t\t\t\t<div class=\"faq-item-question\">\r\n\t\t\t\t\t\t<h3 class=\"faq-item-question-text\">Come aggiungere la casella di chat di WhatsApp a una pagina Magento?<\/h3>\r\n\r\n\t\t\t\t\t\t<div class=\"faq-item-question-icon\"><\/div>\r\n\t\t\t\t\t<\/div>\r\n\r\n\t\t\t\t\t<div class=\"faq-item-answer\">\r\n\t\t\t\t\t\t<div class=\"faq-item-answer-text\"><p>L&#8217;installazione richiede circa alcuni secondi. Innanzitutto, personalizza il plug-in WhatsApp Chat per Magento nel configuratore live gratuito, quindi copia il codice di installazione dal popup, incolla il codice nella posizione necessaria nel modello del sito web. Ottimo lavoro! L&#8217;incorporamento dell&#8217;estensione della chat di WhatsApp su Magento \u00e8 perfezionato!<\/p><p>Hai problemi con l&#8217;installazione del plug-in della chat di WhatsApp su Magento o con la formattazione? Puoi scoprire la guida dettagliata <a href=\"https:\/\/elfsight.com\/tutorials\/how-to-add-whatsapp-chat-widget-to-website\/#how-to-add-whatsapp-to-magento\">in questa pagina<\/a>.<\/p><\/div>\r\n\t\t\t\t\t<\/div>\r\n\t\t\t\t<\/div><div class=\"faq-item\">\r\n\t\t\t\t\t<div class=\"faq-item-question\">\r\n\t\t\t\t\t\t<h3 class=\"faq-item-question-text\">Ho la possibilit\u00e0 di vedere come apparir\u00e0 l'estensione su un sito?<\/h3>\r\n\r\n\t\t\t\t\t\t<div class=\"faq-item-question-icon\"><\/div>\r\n\t\t\t\t\t<\/div>\r\n\r\n\t\t\t\t\t<div class=\"faq-item-answer\">\r\n\t\t\t\t\t\t<div class=\"faq-item-answer-text\"><p>Certamente! Quando crei il plug-in di chat Magento WhatsApp <a href=\"https:\/\/elfsight.com\/whatsapp-chat-widget\/#demo\">nell&#8217;editor online gratuito<\/a>, prenderai in considerazione tutte le modifiche sulla destra. La casella di chat sar\u00e0 identica a quella che avrai su un sito web Magento.<\/p><\/div>\r\n\t\t\t\t\t<\/div>\r\n\t\t\t\t<\/div><div class=\"faq-item\">\r\n\t\t\t\t\t<div class=\"faq-item-question\">\r\n\t\t\t\t\t\t<h3 class=\"faq-item-question-text\">Quali plugin popolari sono necessari per un sito web Magento?<\/h3>\r\n\r\n\t\t\t\t\t\t<div class=\"faq-item-question-icon\"><\/div>\r\n\t\t\t\t\t<\/div>\r\n\r\n\t\t\t\t\t<div class=\"faq-item-answer\">\r\n\t\t\t\t\t\t<div class=\"faq-item-answer-text\"><p> Puoi aggiungere un numero qualsiasi di plugin al tuo sito web Magento. Inoltre, puoi sempre applicare ai plugin Elfsight per ampliare le funzionalit\u00e0 del tuo sito web.<\/p><p>Ad esempio, aggiungi un <a href=\"https:\/\/elfsight.com\/it\/whatsapp-chat-widget\/magento\/\">WhatsApp<\/a> o <a href=\"https:\/\/elfsight.com\/it\/facebook-chat-widget\/magento\/\">Facebook Chat<\/a> sul sito web per raggiungere i clienti tramite il loro messenger preferito. Aggiungi <a href=\"https:\/\/elfsight.com\/it\/amazon-reviews-widget\/magento\/\">Amazon<\/a> e <a href=\"https:\/\/elfsight.com\/it\/google-reviews-widget\/magento\/\">Google Recensioni<\/a> per visualizzare feedback reali dei clienti attuali sul tuo sito web. Infine, presenta il <a href=\"https:\/\/elfsight.com\/it\/instagram-feed-instashow\/magento\/\">feed di Instagram<\/a> come una galleria fotografica a tutti gli effetti sulla pagina web.<\/p><\/div>\r\n\t\t\t\t\t<\/div>\r\n\t\t\t\t<\/div><\/div><\/div> <div class=\"application-platform-content-item-features application-platform-content-item\" id=\"features\" data-nav-section=\"features\"> <h2>Caratteristiche principali dell&#8217;estensione WhatsApp Chat<\/h2> <p>Per comprendere meglio Whatsapp Chat, scopri l&#8217;elenco delle principali funzionalit\u00e0 . Rendono l&#8217;estensione incredibilmente efficiente per la tua promozione: <\/p> <ul><li>Incorpora WhatsApp Messenger nel tuo sito web per rimanere in contatto con il pubblico; <\/li><li>Rispondi ai messaggi direttamente dal tuo account WhatsApp; <\/li><li>Prova tre opzioni di posizione della chat: bolla mobile, bolla incorporata e finestra di chat incorporata; <\/li><li> Scegli la variante dell&#8217;icona a forma di bolla dal set di icone disponibili; <\/li><li>Modifica il testo del fumetto della chat. <\/li><\/ul><p><a href=\"#demo\">Per scoprire altre funzionalit\u00e0, guarda la demo dal vivo<\/a><\/p> <\/div> <div class=\"application-platform-content-item-installation application-platform-content-item\" id=\"installation\" data-nav-section=\"installation\"> <h2>Come aggiungere l&#8217;estensione Live Chat al tuo sito web Magento<\/h2> <p>Segui semplicemente questi passaggi indicati di seguito per iniziare a utilizzare lo strumento su Magento.<\/p> <ol><li><b>Apri il nostro configuratore gratuito e inizia a creare la tua estensione Whatsapp Chat personalizzata. <\/b><br> Determina il layout e la funzionalit\u00e0 preferibili dell&#8217;estensione e salva le modifiche. <\/li> <li><b>Ricevi il codice personale che viene visualizzato nel riquadro su Elfsight Apps. <\/b><br> Una volta completata la creazione del tuo widget personale, copia il codice personale nel popup visualizzato e conservalo per ulteriori occasioni. <\/li> <li><b>Inizia a utilizzare lo strumento sul tuo sito web Magento. <\/b><br> Integra il codice che hai salvato in precedenza nella tua home page e salva le correzioni. <\/li> <li><b>Fatto! L&#8217;incorporamento \u00e8 completamente terminato. <\/b><br> Visita il tuo sito web per verificare come funziona lo strumento. <\/li><\/ol><p>Hai ancora qualcosa che ti rende insicuro? Oppure hai problemi? Basta una sola richiesta al nostro servizio clienti per risolvere qualsiasi tipo di problema. <\/p> <\/div><div class=\"faq\" data-component=\"FAQ\"><div class=\"faq-item\">\r\n\t\t\t\t\t<div class=\"faq-item-question\">\r\n\t\t\t\t\t\t<h3 class=\"faq-item-question-text\">In che modo \u00e8 possibile incorporare Whatsapp Chat nel mio sito web Magento senza esperienza di programmazione?<\/h3>\r\n\r\n\t\t\t\t\t\t<div class=\"faq-item-question-icon\"><\/div>\r\n\t\t\t\t\t<\/div>\r\n\r\n\t\t\t\t\t<div class=\"faq-item-answer\">\r\n\t\t\t\t\t\t<div class=\"faq-item-answer-text\"><p>Azienda Elfsight introduce una soluzione Cloud che consente a un vasto pubblico di generare tu stesso un widget Whatsapp Chat, scopri quanto \u00e8 semplice: <\/p><ul><li>Lavora direttamente nella demo online per creare un&#8217;app Whatsapp Chat che vorresti vedere su il tuo Magento.<\/li><li>Scegli uno dei modelli gi\u00e0 pronti e modifica le impostazioni della chat di Whatsapp, modifica il layout e il colore degli elementi, includi i tuoi contenuti senza codifica.<\/li><li>Fai clic per salvare la chat di Whatsapp e ottieni il codice di installazione del widget, che potrai facilmente incorporare in qualsiasi sito Magento senza acquistare un abbonamento a pagamento. <\/li><\/ul><p>Utilizzando il nostro editor intuitivo qualsiasi utente web pu\u00f2 creare la sezione Chat di Whatsapp e incorporarla facilmente nella home page di Magento. Non dovresti pagare o inviare i dati della tua carta per accedere al nostro servizio. Se riscontri problemi in qualsiasi momento, non esitare a contattare la nostra assistenza clienti.<\/p><\/div>\r\n\t\t\t\t\t<\/div>\r\n\t\t\t\t<\/div><\/div>\n","protected":false},"excerpt":{"rendered":"","protected":false},"author":9,"featured_media":0,"parent":967,"menu_order":0,"comment_status":"closed","ping_status":"closed","template":"templates\/template-application-platform.php","meta":{"publish_to_discourse":"","publish_post_category":"","wpdc_auto_publish_overridden":"","wpdc_topic_tags":"","wpdc_pin_topic":"","wpdc_pin_until":"","discourse_post_id":"","discourse_permalink":"","wpdc_publishing_response":"","wpdc_publishing_error":"","footnotes":""},"class_list":["post-6675","page","type-page","status-publish","hentry"],"yoast_head":"<!-- This site is optimized with the Yoast SEO plugin v25.3.1 - https:\/\/yoast.com\/wordpress\/plugins\/seo\/ -->\n<title>Aggiungi l&#039;estensione Whatsapp Live Chat al sito web Magento (2026)<\/title>\n<meta name=\"description\" content=\"Configura l&#039;estensione Whatsapp Live Chat su Magento solo in 2 minuti. Esplora tutte le caratteristiche principali del miglior plugin di chat in una demo gratuita.\" \/>\n<meta name=\"robots\" content=\"index, follow, max-snippet:-1, max-image-preview:large, max-video-preview:-1\" \/>\n<link rel=\"canonical\" href=\"https:\/\/elfsight.com\/it\/whatsapp-chat-widget\/magento\/\" \/>\n<meta property=\"og:locale\" content=\"it_IT\" \/>\n<meta property=\"og:type\" content=\"article\" \/>\n<meta property=\"og:title\" content=\"Aggiungi l&#039;estensione Whatsapp Live Chat al sito web Magento (2026)\" \/>\n<meta property=\"og:description\" content=\"Configura l&#039;estensione Whatsapp Live Chat su Magento solo in 2 minuti. Esplora tutte le caratteristiche principali del miglior plugin di chat in una demo gratuita.\" \/>\n<meta property=\"og:url\" content=\"https:\/\/elfsight.com\/it\/whatsapp-chat-widget\/magento\/\" \/>\n<meta property=\"og:site_name\" content=\"Elfsight IT\" \/>\n<meta property=\"article:modified_time\" content=\"2025-03-13T07:10:27+00:00\" \/>\n<meta name=\"twitter:card\" content=\"summary_large_image\" \/>\n<meta name=\"twitter:label1\" content=\"Tempo di lettura stimato\" \/>\n\t<meta name=\"twitter:data1\" content=\"6 minuti\" \/>\n<!-- \/ Yoast SEO plugin. -->","yoast_head_json":{"title":"Aggiungi l'estensione Whatsapp Live Chat al sito web Magento (2026)","description":"Configura l'estensione Whatsapp Live Chat su Magento solo in 2 minuti. Esplora tutte le caratteristiche principali del miglior plugin di chat in una demo gratuita.","robots":{"index":"index","follow":"follow","max-snippet":"max-snippet:-1","max-image-preview":"max-image-preview:large","max-video-preview":"max-video-preview:-1"},"canonical":"https:\/\/elfsight.com\/it\/whatsapp-chat-widget\/magento\/","og_locale":"it_IT","og_type":"article","og_title":"Aggiungi l'estensione Whatsapp Live Chat al sito web Magento (2026)","og_description":"Configura l'estensione Whatsapp Live Chat su Magento solo in 2 minuti. Esplora tutte le caratteristiche principali del miglior plugin di chat in una demo gratuita.","og_url":"https:\/\/elfsight.com\/it\/whatsapp-chat-widget\/magento\/","og_site_name":"Elfsight IT","article_modified_time":"2025-03-13T07:10:27+00:00","twitter_card":"summary_large_image","twitter_misc":{"Tempo di lettura stimato":"6 minuti"},"schema":{"@context":"https:\/\/schema.org","@graph":[{"@type":"WebPage","@id":"https:\/\/elfsight.com\/it\/whatsapp-chat-widget\/magento\/","url":"https:\/\/elfsight.com\/it\/whatsapp-chat-widget\/magento\/","name":"Aggiungi l'estensione Whatsapp Live Chat al sito web Magento (2026)","isPartOf":{"@id":"https:\/\/elfsight.com\/it\/#website"},"datePublished":"1970-01-01T00:00:00+00:00","dateModified":"2025-03-13T07:10:27+00:00","description":"Configura l'estensione Whatsapp Live Chat su Magento solo in 2 minuti. Esplora tutte le caratteristiche principali del miglior plugin di chat in una demo gratuita.","breadcrumb":{"@id":"https:\/\/elfsight.com\/it\/whatsapp-chat-widget\/magento\/#breadcrumb"},"inLanguage":"it-IT","potentialAction":[{"@type":"ReadAction","target":["https:\/\/elfsight.com\/it\/whatsapp-chat-widget\/magento\/"]}]},{"@type":"BreadcrumbList","@id":"https:\/\/elfsight.com\/it\/whatsapp-chat-widget\/magento\/#breadcrumb","itemListElement":[{"@type":"ListItem","position":1,"name":"Home","item":"https:\/\/elfsight.com\/it\/"},{"@type":"ListItem","position":2,"name":"WhatsApp Chat","item":"https:\/\/elfsight.com\/it\/whatsapp-chat-widget\/"},{"@type":"ListItem","position":3,"name":"Whatsapp Chat &#8211; Magento"}]},{"@type":"WebSite","@id":"https:\/\/elfsight.com\/it\/#website","url":"https:\/\/elfsight.com\/it\/","name":"Elfsight IT","description":"Just another Elfsight Sites site","potentialAction":[{"@type":"SearchAction","target":{"@type":"EntryPoint","urlTemplate":"https:\/\/elfsight.com\/it\/?s={search_term_string}"},"query-input":{"@type":"PropertyValueSpecification","valueRequired":true,"valueName":"search_term_string"}}],"inLanguage":"it-IT"}]}},"meta_box":{"industry":"","seo_heading":"","heading":"","description":"","cta_heading":"","cta_description":"","application":"960","h1":"Estensione Magento Whatsapp Live Chat","h1_caption":"Offri agli utenti l'opportunit\u00e0 di contattarti su Whatsapp, garantendo l'interazione pi\u00f9 rapida e conveniente per i visitatori del tuo sito Web nel tuo sito Web Magento senza sforzo.","application_category":[],"applications_title":"","applications_request_title":"","applications_request_button_text":"","hero_text":"","hero_video":"","hero_video_schema_markup":"","selling_points_title":"","selling_points_caption":"","selling_points":[],"selling_points_cta_text":"","features_title":"","features":"","ed_cta_examples_text":"","ed_cta_examples_hidden":"","ed_cta_demo_text":"","ed_cta_demo_hidden":"","why_caption":"","why_editor_title":"","why_editor_text":"","why_team_title":"","why_team_text":"","why_service_title":"","why_service_text":"","template_catalog_visible":"0","template_catalog_title":"","template_catalog_text":"","template_catalog_categories_visible":"","demo_title":"Crea la tua estensione per la chat di Whatsapp","demo_caption":"Configura la tua chat Whatsapp e aggiungila gratuitamente al tuo sito Magento!","default_faq_hidden":"","app_template_category":[],"platform":"39","template_public_id":"","codecanyon_url":"","codecanyon_item_id":"","codecanyon_price":"","pricing_caption":"","pricing_elfsight_apps_hide_column":"","pricing_elfsight_apps_url":"","pricing_codecanyon_price_caption":"","integration_category":[],"integration_request_title":"","integration_request_cta":"","integration_platform":"","integrations":[],"platform_category":[],"video_schema_markup":"","price":"da $ 0 al mese","trial":"","benefits":[{"text":"Servizio di installazione gratuito"},{"text":"Supporto eccezionale"},{"text":"Garanzia di rimborso di 14 giorni"},{"text":"Aggiornamenti gratuiti continui"}],"button_url":"#demo","button_target_blank":"0","button_nofollow":"0","attributes":[{"name":"Installazioni"},{"name":"Reattivo"},{"name":"Browser compatibili"}],"tags":[],"tags_disable_links":"0","hide_more_platforms":"0","video_object":"","demo_hide_cta":"0","demo_hide_cloud_options":"0","pricing_title":"","pricing":[{"pricing_icon":"platform","pricing_title":"Elfsight Apps","pricing_title_caption":"Software multipiattaforma adatto a qualsiasi sito","pricing_price":"da $ 0 \/ mese","pricing_price_caption":"inizia con un piano gratuito","pricing_benefits":[{"text":"Siti web illimitati"},{"text":"Supporto aziendale professionale e ben documentato"},{"text":"Servizio di installazione gratuito"},{"text":"100% personalizzabile"}],"pricing_button_text":"Aggiungi al sito web","pricing_button_url":"#demo"}],"related_apps_title":"","related_apps_hidden":"0","author":"","image":[],"title":"","job":"","social_networks":[]},"_links":{"self":[{"href":"https:\/\/elfsight.com\/it\/wp-json\/wp\/v2\/pages\/6675","targetHints":{"allow":["GET"]}}],"collection":[{"href":"https:\/\/elfsight.com\/it\/wp-json\/wp\/v2\/pages"}],"about":[{"href":"https:\/\/elfsight.com\/it\/wp-json\/wp\/v2\/types\/page"}],"author":[{"embeddable":true,"href":"https:\/\/elfsight.com\/it\/wp-json\/wp\/v2\/users\/9"}],"replies":[{"embeddable":true,"href":"https:\/\/elfsight.com\/it\/wp-json\/wp\/v2\/comments?post=6675"}],"version-history":[{"count":2,"href":"https:\/\/elfsight.com\/it\/wp-json\/wp\/v2\/pages\/6675\/revisions"}],"predecessor-version":[{"id":8613,"href":"https:\/\/elfsight.com\/it\/wp-json\/wp\/v2\/pages\/6675\/revisions\/8613"}],"up":[{"embeddable":true,"href":"https:\/\/elfsight.com\/it\/wp-json\/wp\/v2\/pages\/967"}],"wp:attachment":[{"href":"https:\/\/elfsight.com\/it\/wp-json\/wp\/v2\/media?parent=6675"}],"curies":[{"name":"wp","href":"https:\/\/api.w.org\/{rel}","templated":true}]}}