{"id":6669,"date":"1970-01-01T00:00:00","date_gmt":"1970-01-01T00:00:00","guid":{"rendered":"https:\/\/elfsight.com\/it\/?page_id=6669"},"modified":"2025-03-13T09:10:53","modified_gmt":"2025-03-13T09:10:53","slug":"opencart","status":"publish","type":"page","link":"https:\/\/elfsight.com\/it\/whatsapp-chat-widget\/opencart\/","title":{"rendered":"Whatsapp Chat &#8211; OpenCart"},"content":{"rendered":"\n<div class=\"application-platform-content-item-description application-platform-content-item\" id=\"description\" data-nav-section=\"description\"> <h2>Incorpora la chat di WhatsApp con il widget Elfsight<\/h2> <p>Il modulo WhatsApp di Elfsight \u00e8 il modo pi\u00f9 semplice per consentire agli utenti del tuo sito web di contattarti e ascoltare risposte alle loro domande e richieste. Rimani subito disponibile per la tua clientela nel comodo messenger non-stop. Integra la chat nel tuo negozio e selezionala per apparire su pagine specifiche o per tipologie di clienti selezionate; introdurre trigger di avvio della chat; componi il tuo messaggio di benvenuto; imposta le icone e fai di pi\u00f9. Utilizzando la chat OpenCart incorporata nel sito Web, sarai connesso ai tuoi clienti in ogni momento e da qualsiasi luogo. <\/p> <div class=\"faq\" data-component=\"FAQ\"><div class=\"faq-item\">\r\n\t\t\t\t\t<div class=\"faq-item-question\">\r\n\t\t\t\t\t\t<h3 class=\"faq-item-question-text\">Come aggiungere il pulsante Chat di WhatsApp a Opencart?<\/h3>\r\n\r\n\t\t\t\t\t\t<div class=\"faq-item-question-icon\"><\/div>\r\n\t\t\t\t\t<\/div>\r\n\r\n\t\t\t\t\t<div class=\"faq-item-answer\">\r\n\t\t\t\t\t\t<div class=\"faq-item-answer-text\"><p>L&#8217;aggiunta al sito web richieder\u00e0 un minuto e mezzo. Inoltre, non \u00e8 necessario avere conoscenze di programmazione web. <\/p><ol><li>Modifica il plug-in della chat di WhatsApp nel configuratore gratuito e visualizza le modifiche in tempo reale. <\/li> <li>Ottieni il tuo codice di installazione individuale. <\/li> <li>Incorpora il codice del modulo di chat di WhatsApp nel punto necessario nel modello Opencart. <\/li> <li>Capito! La configurazione dell&#8217;estensione chat su Opencart \u00e8 terminata!<\/li><\/ol><p>Hai riscontrato problemi con l&#8217;inserimento del modulo sul sito web o con la configurazione? Puoi trovare la guida dettagliata <a href=\"https:\/\/elfsight.com\/tutorials\/how-to-add-whatsapp-chat-widget-to-website\/#how-to-add-whatsapp-to-opencart\">in questa pagina<\/a>. <\/p><\/div>\r\n\t\t\t\t\t<\/div>\r\n\t\t\t\t<\/div><div class=\"faq-item\">\r\n\t\t\t\t\t<div class=\"faq-item-question\">\r\n\t\t\t\t\t\t<h3 class=\"faq-item-question-text\">Ho la possibilit\u00e0 di vedere come apparir\u00e0 il widget su un sito web?<\/h3>\r\n\r\n\t\t\t\t\t\t<div class=\"faq-item-question-icon\"><\/div>\r\n\t\t\t\t\t<\/div>\r\n\r\n\t\t\t\t\t<div class=\"faq-item-answer\">\r\n\t\t\t\t\t\t<div class=\"faq-item-answer-text\"><p>S\u00ec, puoi! Durante lo sviluppo del plug-in di chat WhatsApp per Opencart <a href=\"https:\/\/elfsight.com\/whatsapp-chat-widget\/#demo\">nell&#8217;editor online<\/a>, considererai tutte le configurazioni sulla destra. La casella di chat avr\u00e0 lo stesso aspetto che aggiungerai al tuo sito Web Opencart. <\/p><\/div>\r\n\t\t\t\t\t<\/div>\r\n\t\t\t\t<\/div><div class=\"faq-item\">\r\n\t\t\t\t\t<div class=\"faq-item-question\">\r\n\t\t\t\t\t\t<h3 class=\"faq-item-question-text\">Quali altri widget sono necessari per un sito Opencart?<\/h3>\r\n\r\n\t\t\t\t\t\t<div class=\"faq-item-question-icon\"><\/div>\r\n\t\t\t\t\t<\/div>\r\n\r\n\t\t\t\t\t<div class=\"faq-item-answer\">\r\n\t\t\t\t\t\t<div class=\"faq-item-answer-text\"><p>Esistono molti plug-in Elfsight che puoi aggiungere al sito Web Opencart e aggiornarlo in pochi minuti. Ad esempio, c&#8217;\u00e8 <a href=\"https:\/\/elfsight.com\/it\/whatsapp-chat-widget\/opencart\/\">WhatsApp Chat<\/a>, <a href=\"https:\/\/elfsight.com\/it\/instagram-feed-instashow\/opencart\/\">Feed di Instagram<\/a> e <a href=\"https:\/\/elfsight.com\/it\/facebook-chat-widget\/opencart\/\">Chat di Facebook<\/a>. Inoltre, puoi utilizzare <a href=\"https:\/\/elfsight.com\/it\/google-reviews-widget\/opencart\/\">Google Recensioni<\/a> e <a href=\"https:\/\/elfsight.com\/it\/slider-widget\/opencart\/\">Widget cursore<\/a>. Sono tutti utili per migliorare la funzionalit\u00e0 del tuo sito web.<\/p><\/div>\r\n\t\t\t\t\t<\/div>\r\n\t\t\t\t<\/div><\/div><\/div> <div class=\"application-platform-content-item-features application-platform-content-item\" id=\"features\" data-nav-section=\"features\"> <h2>Caratteristiche principali del widget chat di WhatsApp<\/h2> <p>Per comprendere pi\u00f9 chiaramente l&#8217;estensione chat, esamina l&#8217;elenco delle sue funzionalit\u00e0 principali. Rendono il nostro modulo incredibilmente vantaggioso per la tua attivit\u00e0: <\/p> <ul><li>Aggiungi WhatsApp Messenger al tuo negozio per stabilire una comunicazione con i clienti; <\/li><li>Fornisci risposte direttamente dal tuo account WhatsApp; <\/li><li> Tre opzioni di posizione della chat: bolla mobile, bolla incorporata e finestra di chat incorporata; <\/li><li>Esplora una raccolta di icone a bolle tra cui scegliere; <\/li><li>Testo fumetto modificabile. <\/li><\/ul><p><a href=\"#demo\">Per controllare tutte le funzionalit\u00e0, guarda la nostra demo<\/a><\/p> <\/div> <div class=\"application-platform-content-item-installation application-platform-content-item\" id=\"installation\" data-nav-section=\"installation\"> <h2>Come aggiungere il modulo Live Chat al tuo sito web OpenCart<\/h2> <p>Queste diverse azioni sono l&#8217;unica cosa di cui hai bisogno per integrare Whatsapp.<\/p> <ol><li><b>Lancia il nostro configuratore gratuito e inizia a dare forma alla tua estensione Whatsapp Chat. <\/b><br> Determina la disposizione personalizzata e gli aspetti dell&#8217;estensione e applica tutte le correzioni. <\/li> <li><b>Acquisisci il codice univoco mostrato nel riquadro su Elfsight Apps. <\/b><br> Una volta completata la configurazione della tua estensione, copia il codice nella casella visualizzata e salvalo per un utilizzo futuro. <\/li> <li><b>Inizia a utilizzare l&#8217;estensione sulla tua pagina web OpenCart. <\/b><br> Incolla il codice copiato prima nel tuo sito e applica le correzioni. <\/li> <li><b>L&#8217;installazione \u00e8 completamente eseguita. <\/b><br> Apri il tuo sito per dare un&#8217;occhiata a come funziona l&#8217;estensione. <\/li><\/ol><p>Non riesci ancora a prendere una decisione? Oppure hai problemi? Basta una sola richiesta al nostro servizio clienti per risolvere qualsiasi dubbio. <\/p> <\/div><div class=\"faq\" data-component=\"FAQ\"><div class=\"faq-item\">\r\n\t\t\t\t\t<div class=\"faq-item-question\">\r\n\t\t\t\t\t\t<h3 class=\"faq-item-question-text\">Esiste un'opzione per aggiungere la chat di Whatsapp alla mia pagina Web OpenCart senza competenze di codifica?<\/h3>\r\n\r\n\t\t\t\t\t\t<div class=\"faq-item-question-icon\"><\/div>\r\n\t\t\t\t\t<\/div>\r\n\r\n\t\t\t\t\t<div class=\"faq-item-answer\">\r\n\t\t\t\t\t\t<div class=\"faq-item-answer-text\"><p>Elfsight l&#8217;azienda fornisce una soluzione che consente a un vasto pubblico di creare tu stesso un widget Whatsapp Chat, scopri i passaggi semplici: <\/p><ul><li>Inizia a lavorare direttamente nell&#8217;editor live per creare un&#8217;app Whatsapp Chat su cui desideri apparire Sito Web OpenCart.<\/li><li>Scegli uno dei modelli predefiniti e regola le impostazioni della chat di Whatsapp, modifica il layout e i colori, aggiorna i tuoi contenuti senza esperienza di codifica.<\/li><li>Fai clic per salvare il impostazioni che hai apportato alla chat di Whatsapp e copia il codice di installazione del widget, che pu\u00f2 essere facilmente aggiunto gratuitamente nella home page di OpenCart. <\/li><\/ul><p>Con l&#8217;aiuto dell&#8217;editor facile da usare, ogni utente web pu\u00f2 generare il plugin Whatsapp Chat online e incorporarlo facilmente nella home page di OpenCart. Non dovresti pagare o inserire i dati della tua carta per accedere al servizio Elfsight. Se riscontri problemi di qualsiasi tipo, non esitare a contattare il nostro supporto tecnico clienti.<\/p><\/div>\r\n\t\t\t\t\t<\/div>\r\n\t\t\t\t<\/div><\/div>\n","protected":false},"excerpt":{"rendered":"","protected":false},"author":9,"featured_media":0,"parent":967,"menu_order":0,"comment_status":"closed","ping_status":"closed","template":"templates\/template-application-platform.php","meta":{"publish_to_discourse":"","publish_post_category":"","wpdc_auto_publish_overridden":"","wpdc_topic_tags":"","wpdc_pin_topic":"","wpdc_pin_until":"","discourse_post_id":"","discourse_permalink":"","wpdc_publishing_response":"","wpdc_publishing_error":"","footnotes":""},"class_list":["post-6669","page","type-page","status-publish","hentry"],"yoast_head":"<!-- This site is optimized with the Yoast SEO plugin v25.3.1 - https:\/\/yoast.com\/wordpress\/plugins\/seo\/ -->\n<title>Aggiungi l&#039;estensione Whatsapp Live Chat al sito Web OpenCart (in 2 minuti)<\/title>\n<meta name=\"description\" content=\"Configura l&#039;estensione Whatsapp Live Chat sul sito Web OpenCart solo in 2 minuti. Esplora tutte le caratteristiche principali del miglior modulo di chat in una demo gratuita.\" \/>\n<meta name=\"robots\" content=\"index, follow, max-snippet:-1, max-image-preview:large, max-video-preview:-1\" \/>\n<link rel=\"canonical\" href=\"https:\/\/elfsight.com\/it\/whatsapp-chat-widget\/opencart\/\" \/>\n<meta property=\"og:locale\" content=\"it_IT\" \/>\n<meta property=\"og:type\" content=\"article\" \/>\n<meta property=\"og:title\" content=\"Aggiungi l&#039;estensione Whatsapp Live Chat al sito Web OpenCart (in 2 minuti)\" \/>\n<meta property=\"og:description\" content=\"Configura l&#039;estensione Whatsapp Live Chat sul sito Web OpenCart solo in 2 minuti. Esplora tutte le caratteristiche principali del miglior modulo di chat in una demo gratuita.\" \/>\n<meta property=\"og:url\" content=\"https:\/\/elfsight.com\/it\/whatsapp-chat-widget\/opencart\/\" \/>\n<meta property=\"og:site_name\" content=\"Elfsight IT\" \/>\n<meta property=\"article:modified_time\" content=\"2025-03-13T09:10:53+00:00\" \/>\n<meta name=\"twitter:card\" content=\"summary_large_image\" \/>\n<meta name=\"twitter:label1\" content=\"Tempo di lettura stimato\" \/>\n\t<meta name=\"twitter:data1\" content=\"4 minuti\" \/>\n<!-- \/ Yoast SEO plugin. -->","yoast_head_json":{"title":"Aggiungi l'estensione Whatsapp Live Chat al sito Web OpenCart (in 2 minuti)","description":"Configura l'estensione Whatsapp Live Chat sul sito Web OpenCart solo in 2 minuti. Esplora tutte le caratteristiche principali del miglior modulo di chat in una demo gratuita.","robots":{"index":"index","follow":"follow","max-snippet":"max-snippet:-1","max-image-preview":"max-image-preview:large","max-video-preview":"max-video-preview:-1"},"canonical":"https:\/\/elfsight.com\/it\/whatsapp-chat-widget\/opencart\/","og_locale":"it_IT","og_type":"article","og_title":"Aggiungi l'estensione Whatsapp Live Chat al sito Web OpenCart (in 2 minuti)","og_description":"Configura l'estensione Whatsapp Live Chat sul sito Web OpenCart solo in 2 minuti. Esplora tutte le caratteristiche principali del miglior modulo di chat in una demo gratuita.","og_url":"https:\/\/elfsight.com\/it\/whatsapp-chat-widget\/opencart\/","og_site_name":"Elfsight IT","article_modified_time":"2025-03-13T09:10:53+00:00","twitter_card":"summary_large_image","twitter_misc":{"Tempo di lettura stimato":"4 minuti"},"schema":{"@context":"https:\/\/schema.org","@graph":[{"@type":"WebPage","@id":"https:\/\/elfsight.com\/it\/whatsapp-chat-widget\/opencart\/","url":"https:\/\/elfsight.com\/it\/whatsapp-chat-widget\/opencart\/","name":"Aggiungi l'estensione Whatsapp Live Chat al sito Web OpenCart (in 2 minuti)","isPartOf":{"@id":"https:\/\/elfsight.com\/it\/#website"},"datePublished":"1970-01-01T00:00:00+00:00","dateModified":"2025-03-13T09:10:53+00:00","description":"Configura l'estensione Whatsapp Live Chat sul sito Web OpenCart solo in 2 minuti. Esplora tutte le caratteristiche principali del miglior modulo di chat in una demo gratuita.","breadcrumb":{"@id":"https:\/\/elfsight.com\/it\/whatsapp-chat-widget\/opencart\/#breadcrumb"},"inLanguage":"it-IT","potentialAction":[{"@type":"ReadAction","target":["https:\/\/elfsight.com\/it\/whatsapp-chat-widget\/opencart\/"]}]},{"@type":"BreadcrumbList","@id":"https:\/\/elfsight.com\/it\/whatsapp-chat-widget\/opencart\/#breadcrumb","itemListElement":[{"@type":"ListItem","position":1,"name":"Home","item":"https:\/\/elfsight.com\/it\/"},{"@type":"ListItem","position":2,"name":"WhatsApp Chat","item":"https:\/\/elfsight.com\/it\/whatsapp-chat-widget\/"},{"@type":"ListItem","position":3,"name":"Whatsapp Chat &#8211; OpenCart"}]},{"@type":"WebSite","@id":"https:\/\/elfsight.com\/it\/#website","url":"https:\/\/elfsight.com\/it\/","name":"Elfsight IT","description":"Just another Elfsight Sites site","potentialAction":[{"@type":"SearchAction","target":{"@type":"EntryPoint","urlTemplate":"https:\/\/elfsight.com\/it\/?s={search_term_string}"},"query-input":{"@type":"PropertyValueSpecification","valueRequired":true,"valueName":"search_term_string"}}],"inLanguage":"it-IT"}]}},"meta_box":{"industry":"","seo_heading":"","heading":"","description":"","cta_heading":"","cta_description":"","application":"960","h1":"Estensione OpenCart Whatsapp Live Chat","h1_caption":"Offri agli utenti l'opportunit\u00e0 di contattarti su Whatsapp, garantendo l'interazione pi\u00f9 rapida e conveniente per i visitatori del tuo sito Web nel tuo sito Web Opencart senza sforzo.","application_category":[],"applications_title":"","applications_request_title":"","applications_request_button_text":"","hero_text":"","hero_video":"","hero_video_schema_markup":"","selling_points_title":"","selling_points_caption":"","selling_points":[],"selling_points_cta_text":"","features_title":"","features":"","ed_cta_examples_text":"","ed_cta_examples_hidden":"","ed_cta_demo_text":"","ed_cta_demo_hidden":"","why_caption":"","why_editor_title":"","why_editor_text":"","why_team_title":"","why_team_text":"","why_service_title":"","why_service_text":"","template_catalog_visible":"0","template_catalog_title":"","template_catalog_text":"","template_catalog_categories_visible":"","demo_title":"Crea la tua estensione per la chat di Whatsapp","demo_caption":"Configura la tua chat Whatsapp e aggiungila gratuitamente al tuo sito OpenCart!","default_faq_hidden":"","app_template_category":[],"platform":"41","template_public_id":"","codecanyon_url":"","codecanyon_item_id":"","codecanyon_price":"","pricing_caption":"","pricing_elfsight_apps_hide_column":"","pricing_elfsight_apps_url":"","pricing_codecanyon_price_caption":"","integration_category":[],"integration_request_title":"","integration_request_cta":"","integration_platform":"","integrations":[],"platform_category":[],"video_schema_markup":"","price":"da $ 0 al mese","trial":"","benefits":[{"text":"Assistenza gratuita per l'installazione"},{"text":"Supporto premium"},{"text":"Garanzia di rimborso di 14 giorni"},{"text":"Miglioramenti gratuiti continui"}],"button_url":"#demo","button_target_blank":"0","button_nofollow":"0","attributes":[{"name":"Installazioni"},{"name":"Reattivo"},{"name":"Browser compatibili"}],"tags":[],"tags_disable_links":"0","hide_more_platforms":"0","video_object":"","demo_hide_cta":"0","demo_hide_cloud_options":"0","pricing_title":"","pricing":[{"pricing_icon":"platform","pricing_title":"Elfsight Apps","pricing_title_caption":"Versione multipiattaforma adatta a qualsiasi sito web","pricing_price":"da $ 0 \/ mese","pricing_price_caption":"inizia con il piano gratuito","pricing_benefits":[{"text":"Domini illimitati"},{"text":"Supporto aziendale veloce"},{"text":"Servizio di installazione gratuito"},{"text":"Completamente personalizzabile"}],"pricing_button_text":"Aggiungi al sito web","pricing_button_url":"#demo"}],"related_apps_title":"","related_apps_hidden":"0","author":"","image":[],"title":"","job":"","social_networks":[]},"_links":{"self":[{"href":"https:\/\/elfsight.com\/it\/wp-json\/wp\/v2\/pages\/6669","targetHints":{"allow":["GET"]}}],"collection":[{"href":"https:\/\/elfsight.com\/it\/wp-json\/wp\/v2\/pages"}],"about":[{"href":"https:\/\/elfsight.com\/it\/wp-json\/wp\/v2\/types\/page"}],"author":[{"embeddable":true,"href":"https:\/\/elfsight.com\/it\/wp-json\/wp\/v2\/users\/9"}],"replies":[{"embeddable":true,"href":"https:\/\/elfsight.com\/it\/wp-json\/wp\/v2\/comments?post=6669"}],"version-history":[{"count":2,"href":"https:\/\/elfsight.com\/it\/wp-json\/wp\/v2\/pages\/6669\/revisions"}],"predecessor-version":[{"id":8615,"href":"https:\/\/elfsight.com\/it\/wp-json\/wp\/v2\/pages\/6669\/revisions\/8615"}],"up":[{"embeddable":true,"href":"https:\/\/elfsight.com\/it\/wp-json\/wp\/v2\/pages\/967"}],"wp:attachment":[{"href":"https:\/\/elfsight.com\/it\/wp-json\/wp\/v2\/media?parent=6669"}],"curies":[{"name":"wp","href":"https:\/\/api.w.org\/{rel}","templated":true}]}}